{"id":66783,"date":"2023-03-03T09:59:19","date_gmt":"2023-03-03T08:59:19","guid":{"rendered":"https:\/\/turijnmagazijn.nl\/product\/lancia-shield-logo-47mm-lancia-lybra-wheelcenter-imitation-set-4\/"},"modified":"2025-04-25T21:11:10","modified_gmt":"2025-04-25T19:11:10","slug":"lancia-shield-logo-47mm-lancia-lybra-wheelcenter-imitation-set-4","status":"publish","type":"product","link":"https:\/\/turijnmagazijn.nl\/fr\/produit\/lancia-shield-logo-47mm-lancia-lybra-wheelcenter-imitation-set-4\/","title":{"rendered":"Lancia shield logo 47mm Lancia Lybra &amp; Thesis centre de roue -Imitatie- SET 4"},"content":{"rendered":"<p>Logo imitation autocollant en forme de bouclier avec logo lancia bleu blanc et chrome. Logo gel-d\u00f4me de haute qualit\u00e9 adapt\u00e9 en remplacement des logos Lancia sur Lancia Lybra.<\/p>\n<p>Ce type de logo avec un diam\u00e8tre mesur\u00e9 entre les deux coins sup\u00e9rieurs du logo de 47 mm est appliqu\u00e9 sur l\u2019enjoliveur des jantes Lancia Lybra, le logo s\u2019adapte \u00e0 la fois aux jantes Emblema et intensa option et aux jantes en alliage standard.<\/p>\n<p><\/p>\n<p><span style=\"font-weight: bold;\">ATTENTION!&nbsp;<\/span>Pour pouvoir placer ces logos autocollants, une surface de montage plane est d\u2019une grande importance. Les couvercles de moyeu Emblema doivent \u00eatre ponc\u00e9s jusqu\u2019\u00e0 une unit\u00e9 plate avant d\u2019\u00eatre mont\u00e9s. Avec les capuchons chrom\u00e9s du m\u00e9tal l\u00e9ger standard (couvercles avec 46821049 OEM&nbsp;), il existe deux variantes en circulation; une avec un logo sph\u00e9rique en aluminium et une avec un logo plat en plastique. Avec cette derni\u00e8re variante, le moyen le plus simple est de laisser le logo original en place, de le poncer l\u00e9g\u00e8rement et de le d\u00e9graisser, puis de coller le logo autocollant dessus. Avec la variante en aluminium, il est pr\u00e9f\u00e9rable de retirer d\u2019abord l\u2019ancien logo en ouvrant les pieds m\u00e9talliques \u00e0 l\u2019arri\u00e8re. En dessous, vous trouverez deux variantes possibles de sols in\u00e9gaux. Remplissez cet espace avec du mastic silicone et lissez bien. Apr\u00e8s s\u00e9chage et d\u00e9graissage, le logo autocollant peut \u00eatre soigneusement plac\u00e9 ici.<\/p>\n<p><\/p>\n<p>Num\u00e9ro OEM couvercle de moyeu\/enjoliveur o\u00f9 le logo s\u2019adapte :&nbsp;<span style=\"color: rgb(30, 30, 34); font-family: Arial, Helvetica, sans-serif; font-weight: 700;\">82481959<\/span><\/p>\n<p>Num\u00e9ro OEM couvercle de moyeu\/enjoliveur o\u00f9 le logo s\u2019adapte :&nbsp;<span style=\"color: rgb(30, 30, 34); font-family: Arial, Helvetica, sans-serif; font-weight: 700;\">46839166<\/span><\/p>\n<p>Num\u00e9ro OEM couvercle de moyeu\/enjoliveur o\u00f9 le logo s\u2019adapte :&nbsp;<span style=\"font-weight: bold;\">46824862<\/span><\/p>\n<p>Num\u00e9ro OEM couvercle de moyeu\/enjoliveur o\u00f9 le logo s\u2019adapte :&nbsp;<span style=\"font-weight: bold;\">46821049<\/span><\/p>\n<p>Num\u00e9ro OEM couvercle de moyeu\/enjoliveur o\u00f9 le logo s\u2019adapte :&nbsp;<span style=\"font-weight: bold;\">46821048<\/span><\/p>\n<p>Num\u00e9ro OEM couvercle de moyeu\/enjoliveur o\u00f9 le logo s\u2019adapte :&nbsp;<span style=\"font-weight: bold;\">46511557<\/span><\/p>\n<p>Num\u00e9ro OEM couvercle de moyeu\/enjoliveur o\u00f9 le logo s\u2019adapte :&nbsp;<span style=\"font-weight: bold;\">46556983<\/span><\/p>\n<p><span style=\"font-weight: bold;\"><br \/><\/span><\/p>\n<p><span style=\"font-weight: bold;\">Pas une pi\u00e8ce originale mais une reproduction de haute qualit\u00e9 pour la r\u00e9paration d\u2019un logo perdu ou laid sur un couvercle de moyeu ou un enjoliveur d\u2019origine pour lancia Lybra !<\/span><\/p>\n<p><span style=\"font-weight: bold;\">Le format de livraison concerne un ensemble de 4 exemplaires.<\/span><\/p>\n","protected":false},"excerpt":{"rendered":"<p>Lancia shield logo 47mm Lancia Lybra wheelcenter -Imitation- SET 4 &#8211; Imitation logo autocollant en forme de bouclier avec logo lancia bleu blanc et chrome.<\/p>\n","protected":false},"featured_media":54384,"comment_status":"open","ping_status":"closed","template":"","meta":{"_acf_changed":false},"product_brand":[],"product_cat":[1798,1873,1882,1880,1908],"product_tag":[],"class_list":{"0":"post-66783","1":"product","2":"type-product","3":"status-publish","4":"has-post-thumbnail","6":"product_cat-lancia-fr","7":"product_cat-lybra-839-fr","8":"product_cat-sedan-lybra-839-fr","9":"product_cat-sw-lybra-839-fr","10":"product_cat-thesis-841-fr","11":"pa_soort-onderdeel-interieur-et-sellerie","13":"first","14":"instock","15":"taxable","16":"shipping-taxable","17":"purchasable","18":"product-type-simple"},"acf":[],"yoast_head":"<!-- This site is optimized with the Yoast SEO plugin v27.3 - https:\/\/yoast.com\/product\/yoast-seo-wordpress\/ -->\n<title>Lancia shield logo 47mm Lancia Lybra &amp; Thesis centre de roue -Imitatie- SET 4 - Turijnmagazijn<\/title>\n<meta name=\"robots\" content=\"index, follow, max-snippet:-1, max-image-preview:large, max-video-preview:-1\" \/>\n<link rel=\"canonical\" href=\"https:\/\/turijnmagazijn.nl\/fr\/produit\/lancia-shield-logo-47mm-lancia-lybra-wheelcenter-imitation-set-4\/\" \/>\n<meta property=\"og:locale\" content=\"fr_FR\" \/>\n<meta property=\"og:type\" content=\"article\" \/>\n<meta property=\"og:title\" content=\"Lancia shield logo 47mm Lancia Lybra &amp; Thesis centre de roue -Imitatie- SET 4 - Turijnmagazijn\" \/>\n<meta property=\"og:description\" content=\"Lancia shield logo 47mm Lancia Lybra wheelcenter -Imitation- SET 4 - Imitation logo autocollant en forme de bouclier avec logo lancia bleu blanc et chrome.\" \/>\n<meta property=\"og:url\" content=\"https:\/\/turijnmagazijn.nl\/fr\/produit\/lancia-shield-logo-47mm-lancia-lybra-wheelcenter-imitation-set-4\/\" \/>\n<meta property=\"og:site_name\" content=\"Turijnmagazijn\" \/>\n<meta property=\"article:publisher\" content=\"https:\/\/www.facebook.com\/turijnmagazijn\" \/>\n<meta property=\"article:modified_time\" content=\"2025-04-25T19:11:10+00:00\" \/>\n<meta property=\"og:image\" content=\"https:\/\/turijnmagazijn.nl\/wp-content\/uploads\/2023\/03\/DN00100196-S-9-1.jpg\" \/>\n\t<meta property=\"og:image:width\" content=\"1024\" \/>\n\t<meta property=\"og:image:height\" content=\"768\" \/>\n\t<meta property=\"og:image:type\" content=\"image\/jpeg\" \/>\n<meta name=\"twitter:card\" content=\"summary_large_image\" \/>\n<meta name=\"twitter:label1\" content=\"Dur\u00e9e de lecture estim\u00e9e\" \/>\n\t<meta name=\"twitter:data1\" content=\"2 minutes\" \/>\n<script type=\"application\/ld+json\" class=\"yoast-schema-graph\">{\"@context\":\"https:\\\/\\\/schema.org\",\"@graph\":[{\"@type\":\"WebPage\",\"@id\":\"https:\\\/\\\/turijnmagazijn.nl\\\/fr\\\/produit\\\/lancia-shield-logo-47mm-lancia-lybra-wheelcenter-imitation-set-4\\\/\",\"url\":\"https:\\\/\\\/turijnmagazijn.nl\\\/fr\\\/produit\\\/lancia-shield-logo-47mm-lancia-lybra-wheelcenter-imitation-set-4\\\/\",\"name\":\"Lancia shield logo 47mm Lancia Lybra &amp; Thesis centre de roue -Imitatie- SET 4 - Turijnmagazijn\",\"isPartOf\":{\"@id\":\"https:\\\/\\\/turijnmagazijn.jumpstone-dev.nl\\\/#website\"},\"primaryImageOfPage\":{\"@id\":\"https:\\\/\\\/turijnmagazijn.nl\\\/fr\\\/produit\\\/lancia-shield-logo-47mm-lancia-lybra-wheelcenter-imitation-set-4\\\/#primaryimage\"},\"image\":{\"@id\":\"https:\\\/\\\/turijnmagazijn.nl\\\/fr\\\/produit\\\/lancia-shield-logo-47mm-lancia-lybra-wheelcenter-imitation-set-4\\\/#primaryimage\"},\"thumbnailUrl\":\"https:\\\/\\\/turijnmagazijn.nl\\\/wp-content\\\/uploads\\\/2023\\\/03\\\/DN00100196-S-9-1.jpg\",\"datePublished\":\"2023-03-03T08:59:19+00:00\",\"dateModified\":\"2025-04-25T19:11:10+00:00\",\"breadcrumb\":{\"@id\":\"https:\\\/\\\/turijnmagazijn.nl\\\/fr\\\/produit\\\/lancia-shield-logo-47mm-lancia-lybra-wheelcenter-imitation-set-4\\\/#breadcrumb\"},\"inLanguage\":\"fr-FR\",\"potentialAction\":[{\"@type\":\"ReadAction\",\"target\":[\"https:\\\/\\\/turijnmagazijn.nl\\\/fr\\\/produit\\\/lancia-shield-logo-47mm-lancia-lybra-wheelcenter-imitation-set-4\\\/\"]}]},{\"@type\":\"ImageObject\",\"inLanguage\":\"fr-FR\",\"@id\":\"https:\\\/\\\/turijnmagazijn.nl\\\/fr\\\/produit\\\/lancia-shield-logo-47mm-lancia-lybra-wheelcenter-imitation-set-4\\\/#primaryimage\",\"url\":\"https:\\\/\\\/turijnmagazijn.nl\\\/wp-content\\\/uploads\\\/2023\\\/03\\\/DN00100196-S-9-1.jpg\",\"contentUrl\":\"https:\\\/\\\/turijnmagazijn.nl\\\/wp-content\\\/uploads\\\/2023\\\/03\\\/DN00100196-S-9-1.jpg\",\"width\":1024,\"height\":768},{\"@type\":\"BreadcrumbList\",\"@id\":\"https:\\\/\\\/turijnmagazijn.nl\\\/fr\\\/produit\\\/lancia-shield-logo-47mm-lancia-lybra-wheelcenter-imitation-set-4\\\/#breadcrumb\",\"itemListElement\":[{\"@type\":\"ListItem\",\"position\":1,\"name\":\"Home\",\"item\":\"https:\\\/\\\/turijnmagazijn.nl\\\/fr\\\/\"},{\"@type\":\"ListItem\",\"position\":2,\"name\":\"Produits\",\"item\":\"https:\\\/\\\/turijnmagazijn.nl\\\/fr\\\/shop\\\/\"},{\"@type\":\"ListItem\",\"position\":3,\"name\":\"Lancia shield logo 47mm Lancia Lybra &amp; Thesis centre de roue -Imitatie- SET 4\"}]},{\"@type\":\"WebSite\",\"@id\":\"https:\\\/\\\/turijnmagazijn.jumpstone-dev.nl\\\/#website\",\"url\":\"https:\\\/\\\/turijnmagazijn.jumpstone-dev.nl\\\/\",\"name\":\"Turijnmagazijn\",\"description\":\"Onderdelen nieuw en gebruikt - Fiat &amp; Lancia\",\"publisher\":{\"@id\":\"https:\\\/\\\/turijnmagazijn.jumpstone-dev.nl\\\/#organization\"},\"potentialAction\":[{\"@type\":\"SearchAction\",\"target\":{\"@type\":\"EntryPoint\",\"urlTemplate\":\"https:\\\/\\\/turijnmagazijn.jumpstone-dev.nl\\\/?s={search_term_string}\"},\"query-input\":{\"@type\":\"PropertyValueSpecification\",\"valueRequired\":true,\"valueName\":\"search_term_string\"}}],\"inLanguage\":\"fr-FR\"},{\"@type\":\"Organization\",\"@id\":\"https:\\\/\\\/turijnmagazijn.jumpstone-dev.nl\\\/#organization\",\"name\":\"Turijnmagazijn\",\"url\":\"https:\\\/\\\/turijnmagazijn.jumpstone-dev.nl\\\/\",\"logo\":{\"@type\":\"ImageObject\",\"inLanguage\":\"fr-FR\",\"@id\":\"https:\\\/\\\/turijnmagazijn.jumpstone-dev.nl\\\/#\\\/schema\\\/logo\\\/image\\\/\",\"url\":\"https:\\\/\\\/turijnmagazijn.nl\\\/wp-content\\\/uploads\\\/2021\\\/02\\\/turijnmagazijnlogo.png\",\"contentUrl\":\"https:\\\/\\\/turijnmagazijn.nl\\\/wp-content\\\/uploads\\\/2021\\\/02\\\/turijnmagazijnlogo.png\",\"width\":555,\"height\":270,\"caption\":\"Turijnmagazijn\"},\"image\":{\"@id\":\"https:\\\/\\\/turijnmagazijn.jumpstone-dev.nl\\\/#\\\/schema\\\/logo\\\/image\\\/\"},\"sameAs\":[\"https:\\\/\\\/www.facebook.com\\\/turijnmagazijn\"]}]}<\/script>\n<!-- \/ Yoast SEO plugin. -->","yoast_head_json":{"title":"Lancia shield logo 47mm Lancia Lybra &amp; Thesis centre de roue -Imitatie- SET 4 - Turijnmagazijn","robots":{"index":"index","follow":"follow","max-snippet":"max-snippet:-1","max-image-preview":"max-image-preview:large","max-video-preview":"max-video-preview:-1"},"canonical":"https:\/\/turijnmagazijn.nl\/fr\/produit\/lancia-shield-logo-47mm-lancia-lybra-wheelcenter-imitation-set-4\/","og_locale":"fr_FR","og_type":"article","og_title":"Lancia shield logo 47mm Lancia Lybra &amp; Thesis centre de roue -Imitatie- SET 4 - Turijnmagazijn","og_description":"Lancia shield logo 47mm Lancia Lybra wheelcenter -Imitation- SET 4 - Imitation logo autocollant en forme de bouclier avec logo lancia bleu blanc et chrome.","og_url":"https:\/\/turijnmagazijn.nl\/fr\/produit\/lancia-shield-logo-47mm-lancia-lybra-wheelcenter-imitation-set-4\/","og_site_name":"Turijnmagazijn","article_publisher":"https:\/\/www.facebook.com\/turijnmagazijn","article_modified_time":"2025-04-25T19:11:10+00:00","og_image":[{"width":1024,"height":768,"url":"https:\/\/turijnmagazijn.nl\/wp-content\/uploads\/2023\/03\/DN00100196-S-9-1.jpg","type":"image\/jpeg"}],"twitter_card":"summary_large_image","twitter_misc":{"Dur\u00e9e de lecture estim\u00e9e":"2 minutes"},"schema":{"@context":"https:\/\/schema.org","@graph":[{"@type":"WebPage","@id":"https:\/\/turijnmagazijn.nl\/fr\/produit\/lancia-shield-logo-47mm-lancia-lybra-wheelcenter-imitation-set-4\/","url":"https:\/\/turijnmagazijn.nl\/fr\/produit\/lancia-shield-logo-47mm-lancia-lybra-wheelcenter-imitation-set-4\/","name":"Lancia shield logo 47mm Lancia Lybra &amp; Thesis centre de roue -Imitatie- SET 4 - Turijnmagazijn","isPartOf":{"@id":"https:\/\/turijnmagazijn.jumpstone-dev.nl\/#website"},"primaryImageOfPage":{"@id":"https:\/\/turijnmagazijn.nl\/fr\/produit\/lancia-shield-logo-47mm-lancia-lybra-wheelcenter-imitation-set-4\/#primaryimage"},"image":{"@id":"https:\/\/turijnmagazijn.nl\/fr\/produit\/lancia-shield-logo-47mm-lancia-lybra-wheelcenter-imitation-set-4\/#primaryimage"},"thumbnailUrl":"https:\/\/turijnmagazijn.nl\/wp-content\/uploads\/2023\/03\/DN00100196-S-9-1.jpg","datePublished":"2023-03-03T08:59:19+00:00","dateModified":"2025-04-25T19:11:10+00:00","breadcrumb":{"@id":"https:\/\/turijnmagazijn.nl\/fr\/produit\/lancia-shield-logo-47mm-lancia-lybra-wheelcenter-imitation-set-4\/#breadcrumb"},"inLanguage":"fr-FR","potentialAction":[{"@type":"ReadAction","target":["https:\/\/turijnmagazijn.nl\/fr\/produit\/lancia-shield-logo-47mm-lancia-lybra-wheelcenter-imitation-set-4\/"]}]},{"@type":"ImageObject","inLanguage":"fr-FR","@id":"https:\/\/turijnmagazijn.nl\/fr\/produit\/lancia-shield-logo-47mm-lancia-lybra-wheelcenter-imitation-set-4\/#primaryimage","url":"https:\/\/turijnmagazijn.nl\/wp-content\/uploads\/2023\/03\/DN00100196-S-9-1.jpg","contentUrl":"https:\/\/turijnmagazijn.nl\/wp-content\/uploads\/2023\/03\/DN00100196-S-9-1.jpg","width":1024,"height":768},{"@type":"BreadcrumbList","@id":"https:\/\/turijnmagazijn.nl\/fr\/produit\/lancia-shield-logo-47mm-lancia-lybra-wheelcenter-imitation-set-4\/#breadcrumb","itemListElement":[{"@type":"ListItem","position":1,"name":"Home","item":"https:\/\/turijnmagazijn.nl\/fr\/"},{"@type":"ListItem","position":2,"name":"Produits","item":"https:\/\/turijnmagazijn.nl\/fr\/shop\/"},{"@type":"ListItem","position":3,"name":"Lancia shield logo 47mm Lancia Lybra &amp; Thesis centre de roue -Imitatie- SET 4"}]},{"@type":"WebSite","@id":"https:\/\/turijnmagazijn.jumpstone-dev.nl\/#website","url":"https:\/\/turijnmagazijn.jumpstone-dev.nl\/","name":"Turijnmagazijn","description":"Onderdelen nieuw en gebruikt - Fiat &amp; Lancia","publisher":{"@id":"https:\/\/turijnmagazijn.jumpstone-dev.nl\/#organization"},"potentialAction":[{"@type":"SearchAction","target":{"@type":"EntryPoint","urlTemplate":"https:\/\/turijnmagazijn.jumpstone-dev.nl\/?s={search_term_string}"},"query-input":{"@type":"PropertyValueSpecification","valueRequired":true,"valueName":"search_term_string"}}],"inLanguage":"fr-FR"},{"@type":"Organization","@id":"https:\/\/turijnmagazijn.jumpstone-dev.nl\/#organization","name":"Turijnmagazijn","url":"https:\/\/turijnmagazijn.jumpstone-dev.nl\/","logo":{"@type":"ImageObject","inLanguage":"fr-FR","@id":"https:\/\/turijnmagazijn.jumpstone-dev.nl\/#\/schema\/logo\/image\/","url":"https:\/\/turijnmagazijn.nl\/wp-content\/uploads\/2021\/02\/turijnmagazijnlogo.png","contentUrl":"https:\/\/turijnmagazijn.nl\/wp-content\/uploads\/2021\/02\/turijnmagazijnlogo.png","width":555,"height":270,"caption":"Turijnmagazijn"},"image":{"@id":"https:\/\/turijnmagazijn.jumpstone-dev.nl\/#\/schema\/logo\/image\/"},"sameAs":["https:\/\/www.facebook.com\/turijnmagazijn"]}]}},"_links":{"self":[{"href":"https:\/\/turijnmagazijn.nl\/fr\/wp-json\/wp\/v2\/product\/66783","targetHints":{"allow":["GET"]}}],"collection":[{"href":"https:\/\/turijnmagazijn.nl\/fr\/wp-json\/wp\/v2\/product"}],"about":[{"href":"https:\/\/turijnmagazijn.nl\/fr\/wp-json\/wp\/v2\/types\/product"}],"replies":[{"embeddable":true,"href":"https:\/\/turijnmagazijn.nl\/fr\/wp-json\/wp\/v2\/comments?post=66783"}],"wp:featuredmedia":[{"embeddable":true,"href":"https:\/\/turijnmagazijn.nl\/fr\/wp-json\/wp\/v2\/media\/54384"}],"wp:attachment":[{"href":"https:\/\/turijnmagazijn.nl\/fr\/wp-json\/wp\/v2\/media?parent=66783"}],"wp:term":[{"taxonomy":"product_brand","embeddable":true,"href":"https:\/\/turijnmagazijn.nl\/fr\/wp-json\/wp\/v2\/product_brand?post=66783"},{"taxonomy":"product_cat","embeddable":true,"href":"https:\/\/turijnmagazijn.nl\/fr\/wp-json\/wp\/v2\/product_cat?post=66783"},{"taxonomy":"product_tag","embeddable":true,"href":"https:\/\/turijnmagazijn.nl\/fr\/wp-json\/wp\/v2\/product_tag?post=66783"}],"curies":[{"name":"wp","href":"https:\/\/api.w.org\/{rel}","templated":true}]}}