{"id":66824,"date":"2023-03-03T10:00:04","date_gmt":"2023-03-03T09:00:04","guid":{"rendered":"https:\/\/turijnmagazijn.nl\/product\/autocollant-de-logo-fender-lancia-kappa-3-0-imitation-ensemble-2pcs\/"},"modified":"2025-05-29T19:45:29","modified_gmt":"2025-05-29T17:45:29","slug":"fender-logo-sticker-lancia-kappa-3-0-imitation-set-2pcs","status":"publish","type":"product","link":"https:\/\/turijnmagazijn.nl\/fr\/produit\/fender-logo-sticker-lancia-kappa-3-0-imitation-set-2pcs\/","title":{"rendered":"Autocollant de logo Fender Lancia Kappa 3.0 -IMITATION- ensemble 2pcs."},"content":{"rendered":"<p>Ste de 2 nouveaux logos d\u2019imitation pour l\u2019aile pour lancia Kappa.&nbsp;<\/p>\n<p>Les logos se trouvent sur l\u2019aile de tous les mod\u00e8les de Lancia Kappa.&nbsp;<\/p>\n<p>Souvent, les logos originaux sont devenus laids \u00e0 cause de l\u2019entr\u00e9e d\u2019humidit\u00e9. Ces logos de remplacement autocollants sont une bonne alternative abordable \u00e0 un logo de remplacement original qui co\u00fbte souvent environ 30 euros chacun.<\/p>\n<p>Note! Cet article est livr\u00e9 sans le \u00ab&nbsp;plateau&nbsp;\u00bb chrom\u00e9 dans lequel se trouve le logo. Le plateau peut presque toujours \u00eatre r\u00e9utilis\u00e9 et l\u2019ancien logo est facile \u00e0 retirer du plateau.<\/p>\n<p><\/p>\n<p>OEM Lancia (LA R\u00c9F\u00c9RENCE NE CONCERNE QUE LA PI\u00c8CE D\u2019IMITATION)&nbsp;464Fiat, Fiat &gt; Grande Punto [199], 91<\/p>\n","protected":false},"excerpt":{"rendered":"<p>Autocollant de logo Fender Lancia Kappa -IMITATION- ensemble 2pcs. &#8211; Ste de 2 nouveaux logos d\u2019imitation pour l\u2019aile pour lancia Kappa.Fender logo autocollant Lancia Kappa 3.0 -IMITATION- ensemble 2pcs. &#8211; Ste de 2 nouveaux logos d\u2019imitation pour l\u2019aile pour lancia<\/p>\n","protected":false},"featured_media":54556,"comment_status":"open","ping_status":"closed","template":"","meta":{"_acf_changed":false},"product_brand":[],"product_cat":[1862,1865,1860,1798,1870],"product_tag":[],"class_list":{"0":"post-66824","1":"product","2":"type-product","3":"status-publish","4":"has-post-thumbnail","6":"product_cat-berlina-fr","7":"product_cat-coupe-fr","8":"product_cat-kappa-838-fr","9":"product_cat-lancia-fr","10":"product_cat-sw-fr","11":"pa_soort-onderdeel-petit-materiel","13":"first","14":"instock","15":"taxable","16":"shipping-taxable","17":"purchasable","18":"product-type-simple"},"acf":[],"yoast_head":"<!-- This site is optimized with the Yoast SEO plugin v27.2 - https:\/\/yoast.com\/product\/yoast-seo-wordpress\/ -->\n<title>Autocollant de logo Fender Lancia Kappa 3.0 -IMITATION- ensemble 2pcs. - Turijnmagazijn<\/title>\n<meta name=\"robots\" content=\"index, follow, max-snippet:-1, max-image-preview:large, max-video-preview:-1\" \/>\n<link rel=\"canonical\" href=\"https:\/\/turijnmagazijn.nl\/fr\/produit\/fender-logo-sticker-lancia-kappa-3-0-imitation-set-2pcs\/\" \/>\n<meta property=\"og:locale\" content=\"fr_FR\" \/>\n<meta property=\"og:type\" content=\"article\" \/>\n<meta property=\"og:title\" content=\"Autocollant de logo Fender Lancia Kappa 3.0 -IMITATION- ensemble 2pcs. - Turijnmagazijn\" \/>\n<meta property=\"og:description\" content=\"Autocollant de logo Fender Lancia Kappa -IMITATION- ensemble 2pcs. - Ste de 2 nouveaux logos d\u2019imitation pour l\u2019aile pour lancia Kappa.Fender logo autocollant Lancia Kappa 3.0 -IMITATION- ensemble 2pcs. - Ste de 2 nouveaux logos d\u2019imitation pour l\u2019aile pour lancia\" \/>\n<meta property=\"og:url\" content=\"https:\/\/turijnmagazijn.nl\/fr\/produit\/fender-logo-sticker-lancia-kappa-3-0-imitation-set-2pcs\/\" \/>\n<meta property=\"og:site_name\" content=\"Turijnmagazijn\" \/>\n<meta property=\"article:publisher\" content=\"https:\/\/www.facebook.com\/turijnmagazijn\" \/>\n<meta property=\"article:modified_time\" content=\"2025-05-29T17:45:29+00:00\" \/>\n<meta property=\"og:image\" content=\"https:\/\/turijnmagazijn.nl\/wp-content\/uploads\/2023\/03\/DN00100205-Spatbord-logo-sticker-Lancia-Kappa-3.0-IMITATIE-set-2st-2-1.jpg\" \/>\n\t<meta property=\"og:image:width\" content=\"1024\" \/>\n\t<meta property=\"og:image:height\" content=\"768\" \/>\n\t<meta property=\"og:image:type\" content=\"image\/jpeg\" \/>\n<meta name=\"twitter:card\" content=\"summary_large_image\" \/>\n<meta name=\"twitter:label1\" content=\"Dur\u00e9e de lecture estim\u00e9e\" \/>\n\t<meta name=\"twitter:data1\" content=\"1 minute\" \/>\n<script type=\"application\/ld+json\" class=\"yoast-schema-graph\">{\"@context\":\"https:\/\/schema.org\",\"@graph\":[{\"@type\":\"WebPage\",\"@id\":\"https:\/\/turijnmagazijn.nl\/fr\/produit\/fender-logo-sticker-lancia-kappa-3-0-imitation-set-2pcs\/\",\"url\":\"https:\/\/turijnmagazijn.nl\/fr\/produit\/fender-logo-sticker-lancia-kappa-3-0-imitation-set-2pcs\/\",\"name\":\"Autocollant de logo Fender Lancia Kappa 3.0 -IMITATION- ensemble 2pcs. - Turijnmagazijn\",\"isPartOf\":{\"@id\":\"https:\/\/turijnmagazijn.jumpstone-dev.nl\/#website\"},\"primaryImageOfPage\":{\"@id\":\"https:\/\/turijnmagazijn.nl\/fr\/produit\/fender-logo-sticker-lancia-kappa-3-0-imitation-set-2pcs\/#primaryimage\"},\"image\":{\"@id\":\"https:\/\/turijnmagazijn.nl\/fr\/produit\/fender-logo-sticker-lancia-kappa-3-0-imitation-set-2pcs\/#primaryimage\"},\"thumbnailUrl\":\"https:\/\/turijnmagazijn.nl\/wp-content\/uploads\/2023\/03\/DN00100205-Spatbord-logo-sticker-Lancia-Kappa-3.0-IMITATIE-set-2st-2-1.jpg\",\"datePublished\":\"2023-03-03T09:00:04+00:00\",\"dateModified\":\"2025-05-29T17:45:29+00:00\",\"breadcrumb\":{\"@id\":\"https:\/\/turijnmagazijn.nl\/fr\/produit\/fender-logo-sticker-lancia-kappa-3-0-imitation-set-2pcs\/#breadcrumb\"},\"inLanguage\":\"fr-FR\",\"potentialAction\":[{\"@type\":\"ReadAction\",\"target\":[\"https:\/\/turijnmagazijn.nl\/fr\/produit\/fender-logo-sticker-lancia-kappa-3-0-imitation-set-2pcs\/\"]}]},{\"@type\":\"ImageObject\",\"inLanguage\":\"fr-FR\",\"@id\":\"https:\/\/turijnmagazijn.nl\/fr\/produit\/fender-logo-sticker-lancia-kappa-3-0-imitation-set-2pcs\/#primaryimage\",\"url\":\"https:\/\/turijnmagazijn.nl\/wp-content\/uploads\/2023\/03\/DN00100205-Spatbord-logo-sticker-Lancia-Kappa-3.0-IMITATIE-set-2st-2-1.jpg\",\"contentUrl\":\"https:\/\/turijnmagazijn.nl\/wp-content\/uploads\/2023\/03\/DN00100205-Spatbord-logo-sticker-Lancia-Kappa-3.0-IMITATIE-set-2st-2-1.jpg\",\"width\":1024,\"height\":768},{\"@type\":\"BreadcrumbList\",\"@id\":\"https:\/\/turijnmagazijn.nl\/fr\/produit\/fender-logo-sticker-lancia-kappa-3-0-imitation-set-2pcs\/#breadcrumb\",\"itemListElement\":[{\"@type\":\"ListItem\",\"position\":1,\"name\":\"Home\",\"item\":\"https:\/\/turijnmagazijn.nl\/fr\/\"},{\"@type\":\"ListItem\",\"position\":2,\"name\":\"Produits\",\"item\":\"https:\/\/turijnmagazijn.nl\/fr\/shop\/\"},{\"@type\":\"ListItem\",\"position\":3,\"name\":\"Autocollant de logo Fender Lancia Kappa 3.0 -IMITATION- ensemble 2pcs.\"}]},{\"@type\":\"WebSite\",\"@id\":\"https:\/\/turijnmagazijn.jumpstone-dev.nl\/#website\",\"url\":\"https:\/\/turijnmagazijn.jumpstone-dev.nl\/\",\"name\":\"Turijnmagazijn\",\"description\":\"Onderdelen nieuw en gebruikt - Fiat &amp; Lancia\",\"publisher\":{\"@id\":\"https:\/\/turijnmagazijn.jumpstone-dev.nl\/#organization\"},\"potentialAction\":[{\"@type\":\"SearchAction\",\"target\":{\"@type\":\"EntryPoint\",\"urlTemplate\":\"https:\/\/turijnmagazijn.jumpstone-dev.nl\/?s={search_term_string}\"},\"query-input\":{\"@type\":\"PropertyValueSpecification\",\"valueRequired\":true,\"valueName\":\"search_term_string\"}}],\"inLanguage\":\"fr-FR\"},{\"@type\":\"Organization\",\"@id\":\"https:\/\/turijnmagazijn.jumpstone-dev.nl\/#organization\",\"name\":\"Turijnmagazijn\",\"url\":\"https:\/\/turijnmagazijn.jumpstone-dev.nl\/\",\"logo\":{\"@type\":\"ImageObject\",\"inLanguage\":\"fr-FR\",\"@id\":\"https:\/\/turijnmagazijn.jumpstone-dev.nl\/#\/schema\/logo\/image\/\",\"url\":\"https:\/\/turijnmagazijn.nl\/wp-content\/uploads\/2021\/02\/turijnmagazijnlogo.png\",\"contentUrl\":\"https:\/\/turijnmagazijn.nl\/wp-content\/uploads\/2021\/02\/turijnmagazijnlogo.png\",\"width\":555,\"height\":270,\"caption\":\"Turijnmagazijn\"},\"image\":{\"@id\":\"https:\/\/turijnmagazijn.jumpstone-dev.nl\/#\/schema\/logo\/image\/\"},\"sameAs\":[\"https:\/\/www.facebook.com\/turijnmagazijn\"]}]}<\/script>\n<!-- \/ Yoast SEO plugin. -->","yoast_head_json":{"title":"Autocollant de logo Fender Lancia Kappa 3.0 -IMITATION- ensemble 2pcs. - Turijnmagazijn","robots":{"index":"index","follow":"follow","max-snippet":"max-snippet:-1","max-image-preview":"max-image-preview:large","max-video-preview":"max-video-preview:-1"},"canonical":"https:\/\/turijnmagazijn.nl\/fr\/produit\/fender-logo-sticker-lancia-kappa-3-0-imitation-set-2pcs\/","og_locale":"fr_FR","og_type":"article","og_title":"Autocollant de logo Fender Lancia Kappa 3.0 -IMITATION- ensemble 2pcs. - Turijnmagazijn","og_description":"Autocollant de logo Fender Lancia Kappa -IMITATION- ensemble 2pcs. - Ste de 2 nouveaux logos d\u2019imitation pour l\u2019aile pour lancia Kappa.Fender logo autocollant Lancia Kappa 3.0 -IMITATION- ensemble 2pcs. - Ste de 2 nouveaux logos d\u2019imitation pour l\u2019aile pour lancia","og_url":"https:\/\/turijnmagazijn.nl\/fr\/produit\/fender-logo-sticker-lancia-kappa-3-0-imitation-set-2pcs\/","og_site_name":"Turijnmagazijn","article_publisher":"https:\/\/www.facebook.com\/turijnmagazijn","article_modified_time":"2025-05-29T17:45:29+00:00","og_image":[{"width":1024,"height":768,"url":"https:\/\/turijnmagazijn.nl\/wp-content\/uploads\/2023\/03\/DN00100205-Spatbord-logo-sticker-Lancia-Kappa-3.0-IMITATIE-set-2st-2-1.jpg","type":"image\/jpeg"}],"twitter_card":"summary_large_image","twitter_misc":{"Dur\u00e9e de lecture estim\u00e9e":"1 minute"},"schema":{"@context":"https:\/\/schema.org","@graph":[{"@type":"WebPage","@id":"https:\/\/turijnmagazijn.nl\/fr\/produit\/fender-logo-sticker-lancia-kappa-3-0-imitation-set-2pcs\/","url":"https:\/\/turijnmagazijn.nl\/fr\/produit\/fender-logo-sticker-lancia-kappa-3-0-imitation-set-2pcs\/","name":"Autocollant de logo Fender Lancia Kappa 3.0 -IMITATION- ensemble 2pcs. - Turijnmagazijn","isPartOf":{"@id":"https:\/\/turijnmagazijn.jumpstone-dev.nl\/#website"},"primaryImageOfPage":{"@id":"https:\/\/turijnmagazijn.nl\/fr\/produit\/fender-logo-sticker-lancia-kappa-3-0-imitation-set-2pcs\/#primaryimage"},"image":{"@id":"https:\/\/turijnmagazijn.nl\/fr\/produit\/fender-logo-sticker-lancia-kappa-3-0-imitation-set-2pcs\/#primaryimage"},"thumbnailUrl":"https:\/\/turijnmagazijn.nl\/wp-content\/uploads\/2023\/03\/DN00100205-Spatbord-logo-sticker-Lancia-Kappa-3.0-IMITATIE-set-2st-2-1.jpg","datePublished":"2023-03-03T09:00:04+00:00","dateModified":"2025-05-29T17:45:29+00:00","breadcrumb":{"@id":"https:\/\/turijnmagazijn.nl\/fr\/produit\/fender-logo-sticker-lancia-kappa-3-0-imitation-set-2pcs\/#breadcrumb"},"inLanguage":"fr-FR","potentialAction":[{"@type":"ReadAction","target":["https:\/\/turijnmagazijn.nl\/fr\/produit\/fender-logo-sticker-lancia-kappa-3-0-imitation-set-2pcs\/"]}]},{"@type":"ImageObject","inLanguage":"fr-FR","@id":"https:\/\/turijnmagazijn.nl\/fr\/produit\/fender-logo-sticker-lancia-kappa-3-0-imitation-set-2pcs\/#primaryimage","url":"https:\/\/turijnmagazijn.nl\/wp-content\/uploads\/2023\/03\/DN00100205-Spatbord-logo-sticker-Lancia-Kappa-3.0-IMITATIE-set-2st-2-1.jpg","contentUrl":"https:\/\/turijnmagazijn.nl\/wp-content\/uploads\/2023\/03\/DN00100205-Spatbord-logo-sticker-Lancia-Kappa-3.0-IMITATIE-set-2st-2-1.jpg","width":1024,"height":768},{"@type":"BreadcrumbList","@id":"https:\/\/turijnmagazijn.nl\/fr\/produit\/fender-logo-sticker-lancia-kappa-3-0-imitation-set-2pcs\/#breadcrumb","itemListElement":[{"@type":"ListItem","position":1,"name":"Home","item":"https:\/\/turijnmagazijn.nl\/fr\/"},{"@type":"ListItem","position":2,"name":"Produits","item":"https:\/\/turijnmagazijn.nl\/fr\/shop\/"},{"@type":"ListItem","position":3,"name":"Autocollant de logo Fender Lancia Kappa 3.0 -IMITATION- ensemble 2pcs."}]},{"@type":"WebSite","@id":"https:\/\/turijnmagazijn.jumpstone-dev.nl\/#website","url":"https:\/\/turijnmagazijn.jumpstone-dev.nl\/","name":"Turijnmagazijn","description":"Onderdelen nieuw en gebruikt - Fiat &amp; Lancia","publisher":{"@id":"https:\/\/turijnmagazijn.jumpstone-dev.nl\/#organization"},"potentialAction":[{"@type":"SearchAction","target":{"@type":"EntryPoint","urlTemplate":"https:\/\/turijnmagazijn.jumpstone-dev.nl\/?s={search_term_string}"},"query-input":{"@type":"PropertyValueSpecification","valueRequired":true,"valueName":"search_term_string"}}],"inLanguage":"fr-FR"},{"@type":"Organization","@id":"https:\/\/turijnmagazijn.jumpstone-dev.nl\/#organization","name":"Turijnmagazijn","url":"https:\/\/turijnmagazijn.jumpstone-dev.nl\/","logo":{"@type":"ImageObject","inLanguage":"fr-FR","@id":"https:\/\/turijnmagazijn.jumpstone-dev.nl\/#\/schema\/logo\/image\/","url":"https:\/\/turijnmagazijn.nl\/wp-content\/uploads\/2021\/02\/turijnmagazijnlogo.png","contentUrl":"https:\/\/turijnmagazijn.nl\/wp-content\/uploads\/2021\/02\/turijnmagazijnlogo.png","width":555,"height":270,"caption":"Turijnmagazijn"},"image":{"@id":"https:\/\/turijnmagazijn.jumpstone-dev.nl\/#\/schema\/logo\/image\/"},"sameAs":["https:\/\/www.facebook.com\/turijnmagazijn"]}]}},"_links":{"self":[{"href":"https:\/\/turijnmagazijn.nl\/fr\/wp-json\/wp\/v2\/product\/66824","targetHints":{"allow":["GET"]}}],"collection":[{"href":"https:\/\/turijnmagazijn.nl\/fr\/wp-json\/wp\/v2\/product"}],"about":[{"href":"https:\/\/turijnmagazijn.nl\/fr\/wp-json\/wp\/v2\/types\/product"}],"replies":[{"embeddable":true,"href":"https:\/\/turijnmagazijn.nl\/fr\/wp-json\/wp\/v2\/comments?post=66824"}],"wp:featuredmedia":[{"embeddable":true,"href":"https:\/\/turijnmagazijn.nl\/fr\/wp-json\/wp\/v2\/media\/54556"}],"wp:attachment":[{"href":"https:\/\/turijnmagazijn.nl\/fr\/wp-json\/wp\/v2\/media?parent=66824"}],"wp:term":[{"taxonomy":"product_brand","embeddable":true,"href":"https:\/\/turijnmagazijn.nl\/fr\/wp-json\/wp\/v2\/product_brand?post=66824"},{"taxonomy":"product_cat","embeddable":true,"href":"https:\/\/turijnmagazijn.nl\/fr\/wp-json\/wp\/v2\/product_cat?post=66824"},{"taxonomy":"product_tag","embeddable":true,"href":"https:\/\/turijnmagazijn.nl\/fr\/wp-json\/wp\/v2\/product_tag?post=66824"}],"curies":[{"name":"wp","href":"https:\/\/api.w.org\/{rel}","templated":true}]}}