{"id":66855,"date":"2023-03-03T09:01:51","date_gmt":"2023-03-03T08:01:51","guid":{"rendered":"https:\/\/turijnmagazijn.nl\/product\/alfa-156-166-gtv-touche-bouton-en-caoutchouc-avec-telecommande-imitation\/"},"modified":"2025-05-15T21:01:37","modified_gmt":"2025-05-15T19:01:37","slug":"alfa-156-166-gtv-caoutchouc-bouton-cle-avec-telecommande-imitation","status":"publish","type":"product","link":"https:\/\/turijnmagazijn.nl\/fr\/produit\/alfa-156-166-gtv-caoutchouc-bouton-cle-avec-telecommande-imitation\/","title":{"rendered":"Alfa 156 166 GTV touche bouton en caoutchouc avec t\u00e9l\u00e9commande -IMITATION-"},"content":{"rendered":"<p>Nouveau bouton en simili caoutchouc pour remplacer le bouton en caoutchouc OEM sur la cl\u00e9 rouge de la t\u00e9l\u00e9commande pour Alfa Romeo, utilis\u00e9e sur les mod\u00e8les Alfa 147, 156, 166 et GTV et Spider des ann\u00e9es 90.<\/p>\n<p>C\u2019est une tr\u00e8s bonne copie de l\u2019original, qui tient dans une cl\u00e9 originale sans aucun probl\u00e8me.<\/p>\n<p>Habituellement, au fil du temps, un trou se forme au centre du caoutchouc en raison de l\u2019usure.<\/p>\n<p>La salet\u00e9 et le sable p\u00e9n\u00e8trent par ce trou, ce qui peut \u00e9ventuellement entra\u00eener une d\u00e9faillance de l\u2019\u00e9lectronique de la cl\u00e9. Il arrive \u00e9galement que les micro-interrupteurs soient endommag\u00e9s de sorte que la voiture ne se d\u00e9verrouille plus du premier coup.<\/p>\n<p>&nbsp;<\/p>\n<p>OEM pour r\u00e9f\u00e9rence, concerne une pi\u00e8ce de rechange! 71718708<\/p>\n","protected":false},"excerpt":{"rendered":"<p>Cl\u00e9 de bouton en caoutchouc Alfa 156 166 GTV avec t\u00e9l\u00e9commande -IMITATION- &#8211; Nouveau bouton en caoutchouc imitation pour remplacer le bouton caoutchouc OEM sur la cl\u00e9 rouge de la t\u00e9l\u00e9commande pour Alfa Romeo, utilis\u00e9e sur les Alfa 147, 156, 166 et GTV et Spide<\/p>\n","protected":false},"featured_media":54704,"comment_status":"closed","ping_status":"closed","template":"","meta":{"_acf_changed":false},"product_brand":[],"product_cat":[1606,1613,1650,1582,1636],"product_tag":[],"class_list":{"0":"post-66855","1":"product","2":"type-product","3":"status-publish","4":"has-post-thumbnail","6":"product_cat-147-937-fr","7":"product_cat-156-932-fr","8":"product_cat-166-936-fr","9":"product_cat-alfa-romeo-fr","10":"product_cat-gtv-916-fr","11":"pa_soort-onderdeel-dautres-pieces-de-voiture","13":"first","14":"instock","15":"featured","16":"taxable","17":"shipping-taxable","18":"purchasable","19":"product-type-simple"},"acf":[],"yoast_head":"<!-- This site is optimized with the Yoast SEO plugin v27.3 - https:\/\/yoast.com\/product\/yoast-seo-wordpress\/ -->\n<title>Alfa 156 166 GTV touche bouton en caoutchouc avec t\u00e9l\u00e9commande -IMITATION- Turijnmagazijn<\/title>\n<meta name=\"robots\" content=\"index, follow, max-snippet:-1, max-image-preview:large, max-video-preview:-1\" \/>\n<link rel=\"canonical\" href=\"https:\/\/turijnmagazijn.nl\/fr\/produit\/alfa-156-166-gtv-caoutchouc-bouton-cle-avec-telecommande-imitation\/\" \/>\n<meta property=\"og:locale\" content=\"fr_FR\" \/>\n<meta property=\"og:type\" content=\"article\" \/>\n<meta property=\"og:title\" content=\"Alfa 156 166 GTV touche bouton en caoutchouc avec t\u00e9l\u00e9commande -IMITATION- Turijnmagazijn\" \/>\n<meta property=\"og:description\" content=\"Cl\u00e9 de bouton en caoutchouc Alfa 156 166 GTV avec t\u00e9l\u00e9commande -IMITATION- - Nouveau bouton en caoutchouc imitation pour remplacer le bouton caoutchouc OEM sur la cl\u00e9 rouge de la t\u00e9l\u00e9commande pour Alfa Romeo, utilis\u00e9e sur les Alfa 147, 156, 166 et GTV et Spide\" \/>\n<meta property=\"og:url\" content=\"https:\/\/turijnmagazijn.nl\/fr\/produit\/alfa-156-166-gtv-caoutchouc-bouton-cle-avec-telecommande-imitation\/\" \/>\n<meta property=\"og:site_name\" content=\"Turijnmagazijn\" \/>\n<meta property=\"article:publisher\" content=\"https:\/\/www.facebook.com\/turijnmagazijn\" \/>\n<meta property=\"article:modified_time\" content=\"2025-05-15T19:01:37+00:00\" \/>\n<meta property=\"og:image\" content=\"https:\/\/turijnmagazijn.nl\/wp-content\/uploads\/2023\/03\/DN00100218-71718708-Alfa-156-166-GTV-rubber-knop-sleutel-met-afstandsbediening-6.jpeg\" \/>\n\t<meta property=\"og:image:width\" content=\"1600\" \/>\n\t<meta property=\"og:image:height\" content=\"1165\" \/>\n\t<meta property=\"og:image:type\" content=\"image\/jpeg\" \/>\n<meta name=\"twitter:card\" content=\"summary_large_image\" \/>\n<meta name=\"twitter:label1\" content=\"Dur\u00e9e de lecture estim\u00e9e\" \/>\n\t<meta name=\"twitter:data1\" content=\"1 minute\" \/>\n<script type=\"application\/ld+json\" class=\"yoast-schema-graph\">{\"@context\":\"https:\\\/\\\/schema.org\",\"@graph\":[{\"@type\":\"WebPage\",\"@id\":\"https:\\\/\\\/turijnmagazijn.nl\\\/fr\\\/produit\\\/alfa-156-166-gtv-caoutchouc-bouton-cle-avec-telecommande-imitation\\\/\",\"url\":\"https:\\\/\\\/turijnmagazijn.nl\\\/fr\\\/produit\\\/alfa-156-166-gtv-caoutchouc-bouton-cle-avec-telecommande-imitation\\\/\",\"name\":\"Alfa 156 166 GTV touche bouton en caoutchouc avec t\u00e9l\u00e9commande -IMITATION- Turijnmagazijn\",\"isPartOf\":{\"@id\":\"https:\\\/\\\/turijnmagazijn.jumpstone-dev.nl\\\/#website\"},\"primaryImageOfPage\":{\"@id\":\"https:\\\/\\\/turijnmagazijn.nl\\\/fr\\\/produit\\\/alfa-156-166-gtv-caoutchouc-bouton-cle-avec-telecommande-imitation\\\/#primaryimage\"},\"image\":{\"@id\":\"https:\\\/\\\/turijnmagazijn.nl\\\/fr\\\/produit\\\/alfa-156-166-gtv-caoutchouc-bouton-cle-avec-telecommande-imitation\\\/#primaryimage\"},\"thumbnailUrl\":\"https:\\\/\\\/turijnmagazijn.nl\\\/wp-content\\\/uploads\\\/2023\\\/03\\\/DN00100218-71718708-Alfa-156-166-GTV-rubber-knop-sleutel-met-afstandsbediening-6.jpeg\",\"datePublished\":\"2023-03-03T08:01:51+00:00\",\"dateModified\":\"2025-05-15T19:01:37+00:00\",\"breadcrumb\":{\"@id\":\"https:\\\/\\\/turijnmagazijn.nl\\\/fr\\\/produit\\\/alfa-156-166-gtv-caoutchouc-bouton-cle-avec-telecommande-imitation\\\/#breadcrumb\"},\"inLanguage\":\"fr-FR\",\"potentialAction\":[{\"@type\":\"ReadAction\",\"target\":[\"https:\\\/\\\/turijnmagazijn.nl\\\/fr\\\/produit\\\/alfa-156-166-gtv-caoutchouc-bouton-cle-avec-telecommande-imitation\\\/\"]}]},{\"@type\":\"ImageObject\",\"inLanguage\":\"fr-FR\",\"@id\":\"https:\\\/\\\/turijnmagazijn.nl\\\/fr\\\/produit\\\/alfa-156-166-gtv-caoutchouc-bouton-cle-avec-telecommande-imitation\\\/#primaryimage\",\"url\":\"https:\\\/\\\/turijnmagazijn.nl\\\/wp-content\\\/uploads\\\/2023\\\/03\\\/DN00100218-71718708-Alfa-156-166-GTV-rubber-knop-sleutel-met-afstandsbediening-6.jpeg\",\"contentUrl\":\"https:\\\/\\\/turijnmagazijn.nl\\\/wp-content\\\/uploads\\\/2023\\\/03\\\/DN00100218-71718708-Alfa-156-166-GTV-rubber-knop-sleutel-met-afstandsbediening-6.jpeg\",\"width\":1600,\"height\":1165},{\"@type\":\"BreadcrumbList\",\"@id\":\"https:\\\/\\\/turijnmagazijn.nl\\\/fr\\\/produit\\\/alfa-156-166-gtv-caoutchouc-bouton-cle-avec-telecommande-imitation\\\/#breadcrumb\",\"itemListElement\":[{\"@type\":\"ListItem\",\"position\":1,\"name\":\"Home\",\"item\":\"https:\\\/\\\/turijnmagazijn.nl\\\/fr\\\/\"},{\"@type\":\"ListItem\",\"position\":2,\"name\":\"Produits\",\"item\":\"https:\\\/\\\/turijnmagazijn.nl\\\/fr\\\/shop\\\/\"},{\"@type\":\"ListItem\",\"position\":3,\"name\":\"Alfa 156 166 GTV touche bouton en caoutchouc avec t\u00e9l\u00e9commande -IMITATION-\"}]},{\"@type\":\"WebSite\",\"@id\":\"https:\\\/\\\/turijnmagazijn.jumpstone-dev.nl\\\/#website\",\"url\":\"https:\\\/\\\/turijnmagazijn.jumpstone-dev.nl\\\/\",\"name\":\"Turijnmagazijn\",\"description\":\"Onderdelen nieuw en gebruikt - Fiat &amp; Lancia\",\"publisher\":{\"@id\":\"https:\\\/\\\/turijnmagazijn.jumpstone-dev.nl\\\/#organization\"},\"potentialAction\":[{\"@type\":\"SearchAction\",\"target\":{\"@type\":\"EntryPoint\",\"urlTemplate\":\"https:\\\/\\\/turijnmagazijn.jumpstone-dev.nl\\\/?s={search_term_string}\"},\"query-input\":{\"@type\":\"PropertyValueSpecification\",\"valueRequired\":true,\"valueName\":\"search_term_string\"}}],\"inLanguage\":\"fr-FR\"},{\"@type\":\"Organization\",\"@id\":\"https:\\\/\\\/turijnmagazijn.jumpstone-dev.nl\\\/#organization\",\"name\":\"Turijnmagazijn\",\"url\":\"https:\\\/\\\/turijnmagazijn.jumpstone-dev.nl\\\/\",\"logo\":{\"@type\":\"ImageObject\",\"inLanguage\":\"fr-FR\",\"@id\":\"https:\\\/\\\/turijnmagazijn.jumpstone-dev.nl\\\/#\\\/schema\\\/logo\\\/image\\\/\",\"url\":\"https:\\\/\\\/turijnmagazijn.nl\\\/wp-content\\\/uploads\\\/2021\\\/02\\\/turijnmagazijnlogo.png\",\"contentUrl\":\"https:\\\/\\\/turijnmagazijn.nl\\\/wp-content\\\/uploads\\\/2021\\\/02\\\/turijnmagazijnlogo.png\",\"width\":555,\"height\":270,\"caption\":\"Turijnmagazijn\"},\"image\":{\"@id\":\"https:\\\/\\\/turijnmagazijn.jumpstone-dev.nl\\\/#\\\/schema\\\/logo\\\/image\\\/\"},\"sameAs\":[\"https:\\\/\\\/www.facebook.com\\\/turijnmagazijn\"]}]}<\/script>\n<!-- \/ Yoast SEO plugin. -->","yoast_head_json":{"title":"Alfa 156 166 GTV touche bouton en caoutchouc avec t\u00e9l\u00e9commande -IMITATION- Turijnmagazijn","robots":{"index":"index","follow":"follow","max-snippet":"max-snippet:-1","max-image-preview":"max-image-preview:large","max-video-preview":"max-video-preview:-1"},"canonical":"https:\/\/turijnmagazijn.nl\/fr\/produit\/alfa-156-166-gtv-caoutchouc-bouton-cle-avec-telecommande-imitation\/","og_locale":"fr_FR","og_type":"article","og_title":"Alfa 156 166 GTV touche bouton en caoutchouc avec t\u00e9l\u00e9commande -IMITATION- Turijnmagazijn","og_description":"Cl\u00e9 de bouton en caoutchouc Alfa 156 166 GTV avec t\u00e9l\u00e9commande -IMITATION- - Nouveau bouton en caoutchouc imitation pour remplacer le bouton caoutchouc OEM sur la cl\u00e9 rouge de la t\u00e9l\u00e9commande pour Alfa Romeo, utilis\u00e9e sur les Alfa 147, 156, 166 et GTV et Spide","og_url":"https:\/\/turijnmagazijn.nl\/fr\/produit\/alfa-156-166-gtv-caoutchouc-bouton-cle-avec-telecommande-imitation\/","og_site_name":"Turijnmagazijn","article_publisher":"https:\/\/www.facebook.com\/turijnmagazijn","article_modified_time":"2025-05-15T19:01:37+00:00","og_image":[{"width":1600,"height":1165,"url":"https:\/\/turijnmagazijn.nl\/wp-content\/uploads\/2023\/03\/DN00100218-71718708-Alfa-156-166-GTV-rubber-knop-sleutel-met-afstandsbediening-6.jpeg","type":"image\/jpeg"}],"twitter_card":"summary_large_image","twitter_misc":{"Dur\u00e9e de lecture estim\u00e9e":"1 minute"},"schema":{"@context":"https:\/\/schema.org","@graph":[{"@type":"WebPage","@id":"https:\/\/turijnmagazijn.nl\/fr\/produit\/alfa-156-166-gtv-caoutchouc-bouton-cle-avec-telecommande-imitation\/","url":"https:\/\/turijnmagazijn.nl\/fr\/produit\/alfa-156-166-gtv-caoutchouc-bouton-cle-avec-telecommande-imitation\/","name":"Alfa 156 166 GTV touche bouton en caoutchouc avec t\u00e9l\u00e9commande -IMITATION- Turijnmagazijn","isPartOf":{"@id":"https:\/\/turijnmagazijn.jumpstone-dev.nl\/#website"},"primaryImageOfPage":{"@id":"https:\/\/turijnmagazijn.nl\/fr\/produit\/alfa-156-166-gtv-caoutchouc-bouton-cle-avec-telecommande-imitation\/#primaryimage"},"image":{"@id":"https:\/\/turijnmagazijn.nl\/fr\/produit\/alfa-156-166-gtv-caoutchouc-bouton-cle-avec-telecommande-imitation\/#primaryimage"},"thumbnailUrl":"https:\/\/turijnmagazijn.nl\/wp-content\/uploads\/2023\/03\/DN00100218-71718708-Alfa-156-166-GTV-rubber-knop-sleutel-met-afstandsbediening-6.jpeg","datePublished":"2023-03-03T08:01:51+00:00","dateModified":"2025-05-15T19:01:37+00:00","breadcrumb":{"@id":"https:\/\/turijnmagazijn.nl\/fr\/produit\/alfa-156-166-gtv-caoutchouc-bouton-cle-avec-telecommande-imitation\/#breadcrumb"},"inLanguage":"fr-FR","potentialAction":[{"@type":"ReadAction","target":["https:\/\/turijnmagazijn.nl\/fr\/produit\/alfa-156-166-gtv-caoutchouc-bouton-cle-avec-telecommande-imitation\/"]}]},{"@type":"ImageObject","inLanguage":"fr-FR","@id":"https:\/\/turijnmagazijn.nl\/fr\/produit\/alfa-156-166-gtv-caoutchouc-bouton-cle-avec-telecommande-imitation\/#primaryimage","url":"https:\/\/turijnmagazijn.nl\/wp-content\/uploads\/2023\/03\/DN00100218-71718708-Alfa-156-166-GTV-rubber-knop-sleutel-met-afstandsbediening-6.jpeg","contentUrl":"https:\/\/turijnmagazijn.nl\/wp-content\/uploads\/2023\/03\/DN00100218-71718708-Alfa-156-166-GTV-rubber-knop-sleutel-met-afstandsbediening-6.jpeg","width":1600,"height":1165},{"@type":"BreadcrumbList","@id":"https:\/\/turijnmagazijn.nl\/fr\/produit\/alfa-156-166-gtv-caoutchouc-bouton-cle-avec-telecommande-imitation\/#breadcrumb","itemListElement":[{"@type":"ListItem","position":1,"name":"Home","item":"https:\/\/turijnmagazijn.nl\/fr\/"},{"@type":"ListItem","position":2,"name":"Produits","item":"https:\/\/turijnmagazijn.nl\/fr\/shop\/"},{"@type":"ListItem","position":3,"name":"Alfa 156 166 GTV touche bouton en caoutchouc avec t\u00e9l\u00e9commande -IMITATION-"}]},{"@type":"WebSite","@id":"https:\/\/turijnmagazijn.jumpstone-dev.nl\/#website","url":"https:\/\/turijnmagazijn.jumpstone-dev.nl\/","name":"Turijnmagazijn","description":"Onderdelen nieuw en gebruikt - Fiat &amp; Lancia","publisher":{"@id":"https:\/\/turijnmagazijn.jumpstone-dev.nl\/#organization"},"potentialAction":[{"@type":"SearchAction","target":{"@type":"EntryPoint","urlTemplate":"https:\/\/turijnmagazijn.jumpstone-dev.nl\/?s={search_term_string}"},"query-input":{"@type":"PropertyValueSpecification","valueRequired":true,"valueName":"search_term_string"}}],"inLanguage":"fr-FR"},{"@type":"Organization","@id":"https:\/\/turijnmagazijn.jumpstone-dev.nl\/#organization","name":"Turijnmagazijn","url":"https:\/\/turijnmagazijn.jumpstone-dev.nl\/","logo":{"@type":"ImageObject","inLanguage":"fr-FR","@id":"https:\/\/turijnmagazijn.jumpstone-dev.nl\/#\/schema\/logo\/image\/","url":"https:\/\/turijnmagazijn.nl\/wp-content\/uploads\/2021\/02\/turijnmagazijnlogo.png","contentUrl":"https:\/\/turijnmagazijn.nl\/wp-content\/uploads\/2021\/02\/turijnmagazijnlogo.png","width":555,"height":270,"caption":"Turijnmagazijn"},"image":{"@id":"https:\/\/turijnmagazijn.jumpstone-dev.nl\/#\/schema\/logo\/image\/"},"sameAs":["https:\/\/www.facebook.com\/turijnmagazijn"]}]}},"_links":{"self":[{"href":"https:\/\/turijnmagazijn.nl\/fr\/wp-json\/wp\/v2\/product\/66855","targetHints":{"allow":["GET"]}}],"collection":[{"href":"https:\/\/turijnmagazijn.nl\/fr\/wp-json\/wp\/v2\/product"}],"about":[{"href":"https:\/\/turijnmagazijn.nl\/fr\/wp-json\/wp\/v2\/types\/product"}],"replies":[{"embeddable":true,"href":"https:\/\/turijnmagazijn.nl\/fr\/wp-json\/wp\/v2\/comments?post=66855"}],"wp:featuredmedia":[{"embeddable":true,"href":"https:\/\/turijnmagazijn.nl\/fr\/wp-json\/wp\/v2\/media\/54704"}],"wp:attachment":[{"href":"https:\/\/turijnmagazijn.nl\/fr\/wp-json\/wp\/v2\/media?parent=66855"}],"wp:term":[{"taxonomy":"product_brand","embeddable":true,"href":"https:\/\/turijnmagazijn.nl\/fr\/wp-json\/wp\/v2\/product_brand?post=66855"},{"taxonomy":"product_cat","embeddable":true,"href":"https:\/\/turijnmagazijn.nl\/fr\/wp-json\/wp\/v2\/product_cat?post=66855"},{"taxonomy":"product_tag","embeddable":true,"href":"https:\/\/turijnmagazijn.nl\/fr\/wp-json\/wp\/v2\/product_tag?post=66855"}],"curies":[{"name":"wp","href":"https:\/\/api.w.org\/{rel}","templated":true}]}}