{"id":66860,"date":"2023-03-03T10:01:28","date_gmt":"2023-03-03T09:01:28","guid":{"rendered":"https:\/\/turijnmagazijn.nl\/product\/couvercle-anti-poussiere-en-caoutchouc-cable-de-frein-a-main-a-griffe-lancia-delta-integrale\/"},"modified":"2026-01-12T20:38:31","modified_gmt":"2026-01-12T19:38:31","slug":"caoutchouc-couvercle-anti-poussiere-frein-a-main-thv-griffe-lancia-delta-integrale","status":"publish","type":"product","link":"https:\/\/turijnmagazijn.nl\/fr\/produit\/caoutchouc-couvercle-anti-poussiere-frein-a-main-thv-griffe-lancia-delta-integrale\/","title":{"rendered":"Couvercle anti-poussi\u00e8re en caoutchouc c\u00e2ble de frein \u00e0 main \u00e0 griffe Lancia Delta Integrale"},"content":{"rendered":"<p>Couvercle anti-poussi\u00e8re en caoutchouc pour montage \u00e0 l\u2019extr\u00e9mit\u00e9 du c\u00e2ble de frein \u00e0 main au niveau de l\u2019\u00e9trier pour Lancia Delta Integrale 8V et 16V.<\/p>\n<p>Ce caoutchouc n\u2019est pas disponible s\u00e9par\u00e9ment via Lancia, et est un caoutchouc adapt\u00e9 \u00e0 cette application. Voir la photo de l\u2019exemple d\u2019assemblage ; L\u2019ajustement est parfait et le caoutchouc est une fraction plus long que l\u2019original, ce qui augmente les chances qu\u2019il reste entier plus longtemps. Emp\u00eacher l\u2019humidit\u00e9 et le sable de p\u00e9n\u00e9trer gr\u00e2ce \u00e0 un bon joint en caoutchouc peut prolonger consid\u00e9rablement la dur\u00e9e de vie du c\u00e2ble de frein \u00e0 main. Ce caoutchouc peut \u00eatre un investissement rentable.<\/p>\n<p>Bouchon anti-poussi\u00e8re en caoutchouc noir pour c\u00e2ble de frein \u00e0 main d\u2019extr\u00e9mit\u00e9 lancia Delta Integrale.<\/p>\n<p>OEM Lancia N\/A<\/p>\n","protected":false},"excerpt":{"rendered":"<p>Couvercle anti-poussi\u00e8re en caoutchouc c\u00e2ble de frein \u00e0 main \u00e0 \u00e9trier Lancia Delta Integrale &#8211; Couvercle anti-poussi\u00e8re en caoutchouc pour montage \u00e0 l\u2019extr\u00e9mit\u00e9 du c\u00e2ble de frein \u00e0 main au niveau de l\u2019\u00e9trier pour Lancia Delta Integrale 8V et 16V.<\/p>\n","protected":false},"featured_media":54680,"comment_status":"open","ping_status":"closed","template":"","meta":{"_acf_changed":false},"product_brand":[],"product_cat":[59,60,61,62,56,57,58,55,1821,1825,44],"product_tag":[],"class_list":{"0":"post-66860","1":"product","2":"type-product","3":"status-publish","4":"has-post-thumbnail","6":"product_cat-1-1-1-3-1-5","7":"product_cat-gt-i-e","8":"product_cat-hf-4wd","9":"product_cat-hf-turbo","10":"product_cat-integrale-16v","11":"product_cat-integrale-8v","12":"product_cat-integrale-evo","13":"product_cat-delta-1-831","14":"product_cat-hf-4wd-fr","15":"product_cat-hf-turbo-fr","16":"product_cat-lancia","17":"pa_soort-onderdeel-freins-et-conduite","19":"first","20":"instock","21":"taxable","22":"shipping-taxable","23":"purchasable","24":"product-type-simple"},"acf":[],"yoast_head":"<!-- This site is optimized with the Yoast SEO plugin v27.2 - https:\/\/yoast.com\/product\/yoast-seo-wordpress\/ -->\n<title>Couvercle anti-poussi\u00e8re en caoutchouc c\u00e2ble de frein \u00e0 main \u00e0 griffe Lancia Delta Integrale - Turijnmagazijn<\/title>\n<meta name=\"robots\" content=\"index, follow, max-snippet:-1, max-image-preview:large, max-video-preview:-1\" \/>\n<link rel=\"canonical\" href=\"https:\/\/turijnmagazijn.nl\/fr\/produit\/caoutchouc-couvercle-anti-poussiere-frein-a-main-thv-griffe-lancia-delta-integrale\/\" \/>\n<meta property=\"og:locale\" content=\"fr_FR\" \/>\n<meta property=\"og:type\" content=\"article\" \/>\n<meta property=\"og:title\" content=\"Couvercle anti-poussi\u00e8re en caoutchouc c\u00e2ble de frein \u00e0 main \u00e0 griffe Lancia Delta Integrale - Turijnmagazijn\" \/>\n<meta property=\"og:description\" content=\"Couvercle anti-poussi\u00e8re en caoutchouc c\u00e2ble de frein \u00e0 main \u00e0 \u00e9trier Lancia Delta Integrale - Couvercle anti-poussi\u00e8re en caoutchouc pour montage \u00e0 l\u2019extr\u00e9mit\u00e9 du c\u00e2ble de frein \u00e0 main au niveau de l\u2019\u00e9trier pour Lancia Delta Integrale 8V et 16V.\" \/>\n<meta property=\"og:url\" content=\"https:\/\/turijnmagazijn.nl\/fr\/produit\/caoutchouc-couvercle-anti-poussiere-frein-a-main-thv-griffe-lancia-delta-integrale\/\" \/>\n<meta property=\"og:site_name\" content=\"Turijnmagazijn\" \/>\n<meta property=\"article:publisher\" content=\"https:\/\/www.facebook.com\/turijnmagazijn\" \/>\n<meta property=\"article:modified_time\" content=\"2026-01-12T19:38:31+00:00\" \/>\n<meta property=\"og:image\" content=\"https:\/\/turijnmagazijn.nl\/wp-content\/uploads\/2023\/03\/DN00100216-Rubber-stofhoes-handremkabel-thv-klauw-Lancia-Delta-Integrale-5-1.jpg\" \/>\n\t<meta property=\"og:image:width\" content=\"1024\" \/>\n\t<meta property=\"og:image:height\" content=\"768\" \/>\n\t<meta property=\"og:image:type\" content=\"image\/jpeg\" \/>\n<meta name=\"twitter:card\" content=\"summary_large_image\" \/>\n<meta name=\"twitter:label1\" content=\"Dur\u00e9e de lecture estim\u00e9e\" \/>\n\t<meta name=\"twitter:data1\" content=\"1 minute\" \/>\n<script type=\"application\/ld+json\" class=\"yoast-schema-graph\">{\"@context\":\"https:\/\/schema.org\",\"@graph\":[{\"@type\":\"WebPage\",\"@id\":\"https:\/\/turijnmagazijn.nl\/fr\/produit\/caoutchouc-couvercle-anti-poussiere-frein-a-main-thv-griffe-lancia-delta-integrale\/\",\"url\":\"https:\/\/turijnmagazijn.nl\/fr\/produit\/caoutchouc-couvercle-anti-poussiere-frein-a-main-thv-griffe-lancia-delta-integrale\/\",\"name\":\"Couvercle anti-poussi\u00e8re en caoutchouc c\u00e2ble de frein \u00e0 main \u00e0 griffe Lancia Delta Integrale - Turijnmagazijn\",\"isPartOf\":{\"@id\":\"https:\/\/turijnmagazijn.jumpstone-dev.nl\/#website\"},\"primaryImageOfPage\":{\"@id\":\"https:\/\/turijnmagazijn.nl\/fr\/produit\/caoutchouc-couvercle-anti-poussiere-frein-a-main-thv-griffe-lancia-delta-integrale\/#primaryimage\"},\"image\":{\"@id\":\"https:\/\/turijnmagazijn.nl\/fr\/produit\/caoutchouc-couvercle-anti-poussiere-frein-a-main-thv-griffe-lancia-delta-integrale\/#primaryimage\"},\"thumbnailUrl\":\"https:\/\/turijnmagazijn.nl\/wp-content\/uploads\/2023\/03\/DN00100216-Rubber-stofhoes-handremkabel-thv-klauw-Lancia-Delta-Integrale-5-1.jpg\",\"datePublished\":\"2023-03-03T09:01:28+00:00\",\"dateModified\":\"2026-01-12T19:38:31+00:00\",\"breadcrumb\":{\"@id\":\"https:\/\/turijnmagazijn.nl\/fr\/produit\/caoutchouc-couvercle-anti-poussiere-frein-a-main-thv-griffe-lancia-delta-integrale\/#breadcrumb\"},\"inLanguage\":\"fr-FR\",\"potentialAction\":[{\"@type\":\"ReadAction\",\"target\":[\"https:\/\/turijnmagazijn.nl\/fr\/produit\/caoutchouc-couvercle-anti-poussiere-frein-a-main-thv-griffe-lancia-delta-integrale\/\"]}]},{\"@type\":\"ImageObject\",\"inLanguage\":\"fr-FR\",\"@id\":\"https:\/\/turijnmagazijn.nl\/fr\/produit\/caoutchouc-couvercle-anti-poussiere-frein-a-main-thv-griffe-lancia-delta-integrale\/#primaryimage\",\"url\":\"https:\/\/turijnmagazijn.nl\/wp-content\/uploads\/2023\/03\/DN00100216-Rubber-stofhoes-handremkabel-thv-klauw-Lancia-Delta-Integrale-5-1.jpg\",\"contentUrl\":\"https:\/\/turijnmagazijn.nl\/wp-content\/uploads\/2023\/03\/DN00100216-Rubber-stofhoes-handremkabel-thv-klauw-Lancia-Delta-Integrale-5-1.jpg\",\"width\":1024,\"height\":768},{\"@type\":\"BreadcrumbList\",\"@id\":\"https:\/\/turijnmagazijn.nl\/fr\/produit\/caoutchouc-couvercle-anti-poussiere-frein-a-main-thv-griffe-lancia-delta-integrale\/#breadcrumb\",\"itemListElement\":[{\"@type\":\"ListItem\",\"position\":1,\"name\":\"Home\",\"item\":\"https:\/\/turijnmagazijn.jumpstone-dev.nl\/\"},{\"@type\":\"ListItem\",\"position\":2,\"name\":\"Produits\",\"item\":\"https:\/\/turijnmagazijn.nl\/fr\/shop\/\"},{\"@type\":\"ListItem\",\"position\":3,\"name\":\"Couvercle anti-poussi\u00e8re en caoutchouc c\u00e2ble de frein \u00e0 main \u00e0 griffe Lancia Delta Integrale\"}]},{\"@type\":\"WebSite\",\"@id\":\"https:\/\/turijnmagazijn.jumpstone-dev.nl\/#website\",\"url\":\"https:\/\/turijnmagazijn.jumpstone-dev.nl\/\",\"name\":\"Turijnmagazijn\",\"description\":\"Onderdelen nieuw en gebruikt - Fiat &amp; Lancia\",\"publisher\":{\"@id\":\"https:\/\/turijnmagazijn.jumpstone-dev.nl\/#organization\"},\"potentialAction\":[{\"@type\":\"SearchAction\",\"target\":{\"@type\":\"EntryPoint\",\"urlTemplate\":\"https:\/\/turijnmagazijn.jumpstone-dev.nl\/?s={search_term_string}\"},\"query-input\":{\"@type\":\"PropertyValueSpecification\",\"valueRequired\":true,\"valueName\":\"search_term_string\"}}],\"inLanguage\":\"fr-FR\"},{\"@type\":\"Organization\",\"@id\":\"https:\/\/turijnmagazijn.jumpstone-dev.nl\/#organization\",\"name\":\"Turijnmagazijn\",\"url\":\"https:\/\/turijnmagazijn.jumpstone-dev.nl\/\",\"logo\":{\"@type\":\"ImageObject\",\"inLanguage\":\"fr-FR\",\"@id\":\"https:\/\/turijnmagazijn.jumpstone-dev.nl\/#\/schema\/logo\/image\/\",\"url\":\"https:\/\/turijnmagazijn.nl\/wp-content\/uploads\/2021\/02\/turijnmagazijnlogo.png\",\"contentUrl\":\"https:\/\/turijnmagazijn.nl\/wp-content\/uploads\/2021\/02\/turijnmagazijnlogo.png\",\"width\":555,\"height\":270,\"caption\":\"Turijnmagazijn\"},\"image\":{\"@id\":\"https:\/\/turijnmagazijn.jumpstone-dev.nl\/#\/schema\/logo\/image\/\"},\"sameAs\":[\"https:\/\/www.facebook.com\/turijnmagazijn\"]}]}<\/script>\n<!-- \/ Yoast SEO plugin. -->","yoast_head_json":{"title":"Couvercle anti-poussi\u00e8re en caoutchouc c\u00e2ble de frein \u00e0 main \u00e0 griffe Lancia Delta Integrale - Turijnmagazijn","robots":{"index":"index","follow":"follow","max-snippet":"max-snippet:-1","max-image-preview":"max-image-preview:large","max-video-preview":"max-video-preview:-1"},"canonical":"https:\/\/turijnmagazijn.nl\/fr\/produit\/caoutchouc-couvercle-anti-poussiere-frein-a-main-thv-griffe-lancia-delta-integrale\/","og_locale":"fr_FR","og_type":"article","og_title":"Couvercle anti-poussi\u00e8re en caoutchouc c\u00e2ble de frein \u00e0 main \u00e0 griffe Lancia Delta Integrale - Turijnmagazijn","og_description":"Couvercle anti-poussi\u00e8re en caoutchouc c\u00e2ble de frein \u00e0 main \u00e0 \u00e9trier Lancia Delta Integrale - Couvercle anti-poussi\u00e8re en caoutchouc pour montage \u00e0 l\u2019extr\u00e9mit\u00e9 du c\u00e2ble de frein \u00e0 main au niveau de l\u2019\u00e9trier pour Lancia Delta Integrale 8V et 16V.","og_url":"https:\/\/turijnmagazijn.nl\/fr\/produit\/caoutchouc-couvercle-anti-poussiere-frein-a-main-thv-griffe-lancia-delta-integrale\/","og_site_name":"Turijnmagazijn","article_publisher":"https:\/\/www.facebook.com\/turijnmagazijn","article_modified_time":"2026-01-12T19:38:31+00:00","og_image":[{"width":1024,"height":768,"url":"https:\/\/turijnmagazijn.nl\/wp-content\/uploads\/2023\/03\/DN00100216-Rubber-stofhoes-handremkabel-thv-klauw-Lancia-Delta-Integrale-5-1.jpg","type":"image\/jpeg"}],"twitter_card":"summary_large_image","twitter_misc":{"Dur\u00e9e de lecture estim\u00e9e":"1 minute"},"schema":{"@context":"https:\/\/schema.org","@graph":[{"@type":"WebPage","@id":"https:\/\/turijnmagazijn.nl\/fr\/produit\/caoutchouc-couvercle-anti-poussiere-frein-a-main-thv-griffe-lancia-delta-integrale\/","url":"https:\/\/turijnmagazijn.nl\/fr\/produit\/caoutchouc-couvercle-anti-poussiere-frein-a-main-thv-griffe-lancia-delta-integrale\/","name":"Couvercle anti-poussi\u00e8re en caoutchouc c\u00e2ble de frein \u00e0 main \u00e0 griffe Lancia Delta Integrale - Turijnmagazijn","isPartOf":{"@id":"https:\/\/turijnmagazijn.jumpstone-dev.nl\/#website"},"primaryImageOfPage":{"@id":"https:\/\/turijnmagazijn.nl\/fr\/produit\/caoutchouc-couvercle-anti-poussiere-frein-a-main-thv-griffe-lancia-delta-integrale\/#primaryimage"},"image":{"@id":"https:\/\/turijnmagazijn.nl\/fr\/produit\/caoutchouc-couvercle-anti-poussiere-frein-a-main-thv-griffe-lancia-delta-integrale\/#primaryimage"},"thumbnailUrl":"https:\/\/turijnmagazijn.nl\/wp-content\/uploads\/2023\/03\/DN00100216-Rubber-stofhoes-handremkabel-thv-klauw-Lancia-Delta-Integrale-5-1.jpg","datePublished":"2023-03-03T09:01:28+00:00","dateModified":"2026-01-12T19:38:31+00:00","breadcrumb":{"@id":"https:\/\/turijnmagazijn.nl\/fr\/produit\/caoutchouc-couvercle-anti-poussiere-frein-a-main-thv-griffe-lancia-delta-integrale\/#breadcrumb"},"inLanguage":"fr-FR","potentialAction":[{"@type":"ReadAction","target":["https:\/\/turijnmagazijn.nl\/fr\/produit\/caoutchouc-couvercle-anti-poussiere-frein-a-main-thv-griffe-lancia-delta-integrale\/"]}]},{"@type":"ImageObject","inLanguage":"fr-FR","@id":"https:\/\/turijnmagazijn.nl\/fr\/produit\/caoutchouc-couvercle-anti-poussiere-frein-a-main-thv-griffe-lancia-delta-integrale\/#primaryimage","url":"https:\/\/turijnmagazijn.nl\/wp-content\/uploads\/2023\/03\/DN00100216-Rubber-stofhoes-handremkabel-thv-klauw-Lancia-Delta-Integrale-5-1.jpg","contentUrl":"https:\/\/turijnmagazijn.nl\/wp-content\/uploads\/2023\/03\/DN00100216-Rubber-stofhoes-handremkabel-thv-klauw-Lancia-Delta-Integrale-5-1.jpg","width":1024,"height":768},{"@type":"BreadcrumbList","@id":"https:\/\/turijnmagazijn.nl\/fr\/produit\/caoutchouc-couvercle-anti-poussiere-frein-a-main-thv-griffe-lancia-delta-integrale\/#breadcrumb","itemListElement":[{"@type":"ListItem","position":1,"name":"Home","item":"https:\/\/turijnmagazijn.jumpstone-dev.nl\/"},{"@type":"ListItem","position":2,"name":"Produits","item":"https:\/\/turijnmagazijn.nl\/fr\/shop\/"},{"@type":"ListItem","position":3,"name":"Couvercle anti-poussi\u00e8re en caoutchouc c\u00e2ble de frein \u00e0 main \u00e0 griffe Lancia Delta Integrale"}]},{"@type":"WebSite","@id":"https:\/\/turijnmagazijn.jumpstone-dev.nl\/#website","url":"https:\/\/turijnmagazijn.jumpstone-dev.nl\/","name":"Turijnmagazijn","description":"Onderdelen nieuw en gebruikt - Fiat &amp; Lancia","publisher":{"@id":"https:\/\/turijnmagazijn.jumpstone-dev.nl\/#organization"},"potentialAction":[{"@type":"SearchAction","target":{"@type":"EntryPoint","urlTemplate":"https:\/\/turijnmagazijn.jumpstone-dev.nl\/?s={search_term_string}"},"query-input":{"@type":"PropertyValueSpecification","valueRequired":true,"valueName":"search_term_string"}}],"inLanguage":"fr-FR"},{"@type":"Organization","@id":"https:\/\/turijnmagazijn.jumpstone-dev.nl\/#organization","name":"Turijnmagazijn","url":"https:\/\/turijnmagazijn.jumpstone-dev.nl\/","logo":{"@type":"ImageObject","inLanguage":"fr-FR","@id":"https:\/\/turijnmagazijn.jumpstone-dev.nl\/#\/schema\/logo\/image\/","url":"https:\/\/turijnmagazijn.nl\/wp-content\/uploads\/2021\/02\/turijnmagazijnlogo.png","contentUrl":"https:\/\/turijnmagazijn.nl\/wp-content\/uploads\/2021\/02\/turijnmagazijnlogo.png","width":555,"height":270,"caption":"Turijnmagazijn"},"image":{"@id":"https:\/\/turijnmagazijn.jumpstone-dev.nl\/#\/schema\/logo\/image\/"},"sameAs":["https:\/\/www.facebook.com\/turijnmagazijn"]}]}},"_links":{"self":[{"href":"https:\/\/turijnmagazijn.nl\/fr\/wp-json\/wp\/v2\/product\/66860","targetHints":{"allow":["GET"]}}],"collection":[{"href":"https:\/\/turijnmagazijn.nl\/fr\/wp-json\/wp\/v2\/product"}],"about":[{"href":"https:\/\/turijnmagazijn.nl\/fr\/wp-json\/wp\/v2\/types\/product"}],"replies":[{"embeddable":true,"href":"https:\/\/turijnmagazijn.nl\/fr\/wp-json\/wp\/v2\/comments?post=66860"}],"wp:featuredmedia":[{"embeddable":true,"href":"https:\/\/turijnmagazijn.nl\/fr\/wp-json\/wp\/v2\/media\/54680"}],"wp:attachment":[{"href":"https:\/\/turijnmagazijn.nl\/fr\/wp-json\/wp\/v2\/media?parent=66860"}],"wp:term":[{"taxonomy":"product_brand","embeddable":true,"href":"https:\/\/turijnmagazijn.nl\/fr\/wp-json\/wp\/v2\/product_brand?post=66860"},{"taxonomy":"product_cat","embeddable":true,"href":"https:\/\/turijnmagazijn.nl\/fr\/wp-json\/wp\/v2\/product_cat?post=66860"},{"taxonomy":"product_tag","embeddable":true,"href":"https:\/\/turijnmagazijn.nl\/fr\/wp-json\/wp\/v2\/product_tag?post=66860"}],"curies":[{"name":"wp","href":"https:\/\/api.w.org\/{rel}","templated":true}]}}