{"id":66862,"date":"2023-03-03T10:02:15","date_gmt":"2023-03-03T09:02:15","guid":{"rendered":"https:\/\/turijnmagazijn.nl\/product\/extra-larges-clous-pop-ensemble-4-pcs-pour-plaque-dailettes-lancia-alfa-fiat\/"},"modified":"2023-07-27T12:48:16","modified_gmt":"2023-07-27T10:48:16","slug":"extra-large-pop-nails-set-4-st-for-fin-plate-lancia-alfa-fiat","status":"publish","type":"product","link":"https:\/\/turijnmagazijn.nl\/fr\/produit\/extra-large-pop-nails-set-4-st-for-fin-plate-lancia-alfa-fiat\/","title":{"rendered":"Extra larges clous pop (ensemble 4 pcs) pour plaque d\u2019ailettes Lancia Alfa Fiat"},"content":{"rendered":"<p>Ensemble de 4 clous pop en aluminium surdimensionn\u00e9s avec un dessus noir mat. En raison de la t\u00eate extra large de ce clou pop, ils sont tr\u00e8s appropri\u00e9s pour monter la plaque d\u2019immatriculation du ch\u00e2ssis si elle a d\u00e9j\u00e0 \u00e9t\u00e9 perc\u00e9e une fois. Le grand bord tombe bien sur les coins endommag\u00e9s.<\/p>\n<p><\/p>\n","protected":false},"excerpt":{"rendered":"<p>Extra large clous pop (ensemble 4 pcs) pour plaque d\u2019ailettes Lancia Alfa Fiat &#8211; Ensemble de 4 clous pop en aluminium surdimensionn\u00e9s avec un dessus noir mat.<\/p>\n","protected":false},"featured_media":54800,"comment_status":"open","ping_status":"closed","template":"","meta":{"_acf_changed":false},"product_brand":[],"product_cat":[1613,1650,1582,1702,1806,1841,1690,1731,1636,1830,1798,1752,1763],"product_tag":[],"class_list":{"0":"post-66862","1":"product","2":"type-product","3":"status-publish","4":"has-post-thumbnail","6":"product_cat-156-932-fr","7":"product_cat-166-936-fr","8":"product_cat-alfa-romeo-fr","9":"product_cat-barchetta-183-fr","10":"product_cat-delta-1-831-fr","11":"product_cat-delta-2-836-fr","12":"product_cat-fiat-fr","13":"product_cat-grande-punto-199-fr","14":"product_cat-gtv-916-fr","15":"product_cat-integrale-8v-fr","16":"product_cat-lancia-fr","17":"product_cat-punto-2-188-fr","18":"product_cat-stilo-192-fr","19":"pa_soort-onderdeel-climatisation-et-chauffage","21":"first","22":"instock","23":"taxable","24":"shipping-taxable","25":"purchasable","26":"product-type-simple"},"acf":[],"yoast_head":"<!-- This site is optimized with the Yoast SEO plugin v27.3 - https:\/\/yoast.com\/product\/yoast-seo-wordpress\/ -->\n<title>Extra larges clous pop (ensemble 4 pcs) pour plaque d\u2019ailettes Lancia Alfa Fiat - Turijnmagazijn<\/title>\n<meta name=\"robots\" content=\"index, follow, max-snippet:-1, max-image-preview:large, max-video-preview:-1\" \/>\n<link rel=\"canonical\" href=\"https:\/\/turijnmagazijn.nl\/fr\/produit\/extra-large-pop-nails-set-4-st-for-fin-plate-lancia-alfa-fiat\/\" \/>\n<meta property=\"og:locale\" content=\"fr_FR\" \/>\n<meta property=\"og:type\" content=\"article\" \/>\n<meta property=\"og:title\" content=\"Extra larges clous pop (ensemble 4 pcs) pour plaque d\u2019ailettes Lancia Alfa Fiat - Turijnmagazijn\" \/>\n<meta property=\"og:description\" content=\"Extra large clous pop (ensemble 4 pcs) pour plaque d\u2019ailettes Lancia Alfa Fiat - Ensemble de 4 clous pop en aluminium surdimensionn\u00e9s avec un dessus noir mat.\" \/>\n<meta property=\"og:url\" content=\"https:\/\/turijnmagazijn.nl\/fr\/produit\/extra-large-pop-nails-set-4-st-for-fin-plate-lancia-alfa-fiat\/\" \/>\n<meta property=\"og:site_name\" content=\"Turijnmagazijn\" \/>\n<meta property=\"article:publisher\" content=\"https:\/\/www.facebook.com\/turijnmagazijn\" \/>\n<meta property=\"article:modified_time\" content=\"2023-07-27T10:48:16+00:00\" \/>\n<meta property=\"og:image\" content=\"https:\/\/turijnmagazijn.nl\/wp-content\/uploads\/2023\/03\/DN00100221-Extra-grote-popnagels-set-4-st-voor-vinplaatje-Lancia-Alfa-Fiat-3-1.jpg\" \/>\n\t<meta property=\"og:image:width\" content=\"1024\" \/>\n\t<meta property=\"og:image:height\" content=\"768\" \/>\n\t<meta property=\"og:image:type\" content=\"image\/jpeg\" \/>\n<meta name=\"twitter:card\" content=\"summary_large_image\" \/>\n<script type=\"application\/ld+json\" class=\"yoast-schema-graph\">{\"@context\":\"https:\\\/\\\/schema.org\",\"@graph\":[{\"@type\":\"WebPage\",\"@id\":\"https:\\\/\\\/turijnmagazijn.nl\\\/fr\\\/produit\\\/extra-large-pop-nails-set-4-st-for-fin-plate-lancia-alfa-fiat\\\/\",\"url\":\"https:\\\/\\\/turijnmagazijn.nl\\\/fr\\\/produit\\\/extra-large-pop-nails-set-4-st-for-fin-plate-lancia-alfa-fiat\\\/\",\"name\":\"Extra larges clous pop (ensemble 4 pcs) pour plaque d\u2019ailettes Lancia Alfa Fiat - Turijnmagazijn\",\"isPartOf\":{\"@id\":\"https:\\\/\\\/turijnmagazijn.jumpstone-dev.nl\\\/#website\"},\"primaryImageOfPage\":{\"@id\":\"https:\\\/\\\/turijnmagazijn.nl\\\/fr\\\/produit\\\/extra-large-pop-nails-set-4-st-for-fin-plate-lancia-alfa-fiat\\\/#primaryimage\"},\"image\":{\"@id\":\"https:\\\/\\\/turijnmagazijn.nl\\\/fr\\\/produit\\\/extra-large-pop-nails-set-4-st-for-fin-plate-lancia-alfa-fiat\\\/#primaryimage\"},\"thumbnailUrl\":\"https:\\\/\\\/turijnmagazijn.nl\\\/wp-content\\\/uploads\\\/2023\\\/03\\\/DN00100221-Extra-grote-popnagels-set-4-st-voor-vinplaatje-Lancia-Alfa-Fiat-3-1.jpg\",\"datePublished\":\"2023-03-03T09:02:15+00:00\",\"dateModified\":\"2023-07-27T10:48:16+00:00\",\"breadcrumb\":{\"@id\":\"https:\\\/\\\/turijnmagazijn.nl\\\/fr\\\/produit\\\/extra-large-pop-nails-set-4-st-for-fin-plate-lancia-alfa-fiat\\\/#breadcrumb\"},\"inLanguage\":\"fr-FR\",\"potentialAction\":[{\"@type\":\"ReadAction\",\"target\":[\"https:\\\/\\\/turijnmagazijn.nl\\\/fr\\\/produit\\\/extra-large-pop-nails-set-4-st-for-fin-plate-lancia-alfa-fiat\\\/\"]}]},{\"@type\":\"ImageObject\",\"inLanguage\":\"fr-FR\",\"@id\":\"https:\\\/\\\/turijnmagazijn.nl\\\/fr\\\/produit\\\/extra-large-pop-nails-set-4-st-for-fin-plate-lancia-alfa-fiat\\\/#primaryimage\",\"url\":\"https:\\\/\\\/turijnmagazijn.nl\\\/wp-content\\\/uploads\\\/2023\\\/03\\\/DN00100221-Extra-grote-popnagels-set-4-st-voor-vinplaatje-Lancia-Alfa-Fiat-3-1.jpg\",\"contentUrl\":\"https:\\\/\\\/turijnmagazijn.nl\\\/wp-content\\\/uploads\\\/2023\\\/03\\\/DN00100221-Extra-grote-popnagels-set-4-st-voor-vinplaatje-Lancia-Alfa-Fiat-3-1.jpg\",\"width\":1024,\"height\":768},{\"@type\":\"BreadcrumbList\",\"@id\":\"https:\\\/\\\/turijnmagazijn.nl\\\/fr\\\/produit\\\/extra-large-pop-nails-set-4-st-for-fin-plate-lancia-alfa-fiat\\\/#breadcrumb\",\"itemListElement\":[{\"@type\":\"ListItem\",\"position\":1,\"name\":\"Home\",\"item\":\"https:\\\/\\\/turijnmagazijn.nl\\\/fr\\\/\"},{\"@type\":\"ListItem\",\"position\":2,\"name\":\"Produits\",\"item\":\"https:\\\/\\\/turijnmagazijn.nl\\\/fr\\\/shop\\\/\"},{\"@type\":\"ListItem\",\"position\":3,\"name\":\"Extra larges clous pop (ensemble 4 pcs) pour plaque d\u2019ailettes Lancia Alfa Fiat\"}]},{\"@type\":\"WebSite\",\"@id\":\"https:\\\/\\\/turijnmagazijn.jumpstone-dev.nl\\\/#website\",\"url\":\"https:\\\/\\\/turijnmagazijn.jumpstone-dev.nl\\\/\",\"name\":\"Turijnmagazijn\",\"description\":\"Onderdelen nieuw en gebruikt - Fiat &amp; Lancia\",\"publisher\":{\"@id\":\"https:\\\/\\\/turijnmagazijn.jumpstone-dev.nl\\\/#organization\"},\"potentialAction\":[{\"@type\":\"SearchAction\",\"target\":{\"@type\":\"EntryPoint\",\"urlTemplate\":\"https:\\\/\\\/turijnmagazijn.jumpstone-dev.nl\\\/?s={search_term_string}\"},\"query-input\":{\"@type\":\"PropertyValueSpecification\",\"valueRequired\":true,\"valueName\":\"search_term_string\"}}],\"inLanguage\":\"fr-FR\"},{\"@type\":\"Organization\",\"@id\":\"https:\\\/\\\/turijnmagazijn.jumpstone-dev.nl\\\/#organization\",\"name\":\"Turijnmagazijn\",\"url\":\"https:\\\/\\\/turijnmagazijn.jumpstone-dev.nl\\\/\",\"logo\":{\"@type\":\"ImageObject\",\"inLanguage\":\"fr-FR\",\"@id\":\"https:\\\/\\\/turijnmagazijn.jumpstone-dev.nl\\\/#\\\/schema\\\/logo\\\/image\\\/\",\"url\":\"https:\\\/\\\/turijnmagazijn.nl\\\/wp-content\\\/uploads\\\/2021\\\/02\\\/turijnmagazijnlogo.png\",\"contentUrl\":\"https:\\\/\\\/turijnmagazijn.nl\\\/wp-content\\\/uploads\\\/2021\\\/02\\\/turijnmagazijnlogo.png\",\"width\":555,\"height\":270,\"caption\":\"Turijnmagazijn\"},\"image\":{\"@id\":\"https:\\\/\\\/turijnmagazijn.jumpstone-dev.nl\\\/#\\\/schema\\\/logo\\\/image\\\/\"},\"sameAs\":[\"https:\\\/\\\/www.facebook.com\\\/turijnmagazijn\"]}]}<\/script>\n<!-- \/ Yoast SEO plugin. -->","yoast_head_json":{"title":"Extra larges clous pop (ensemble 4 pcs) pour plaque d\u2019ailettes Lancia Alfa Fiat - Turijnmagazijn","robots":{"index":"index","follow":"follow","max-snippet":"max-snippet:-1","max-image-preview":"max-image-preview:large","max-video-preview":"max-video-preview:-1"},"canonical":"https:\/\/turijnmagazijn.nl\/fr\/produit\/extra-large-pop-nails-set-4-st-for-fin-plate-lancia-alfa-fiat\/","og_locale":"fr_FR","og_type":"article","og_title":"Extra larges clous pop (ensemble 4 pcs) pour plaque d\u2019ailettes Lancia Alfa Fiat - Turijnmagazijn","og_description":"Extra large clous pop (ensemble 4 pcs) pour plaque d\u2019ailettes Lancia Alfa Fiat - Ensemble de 4 clous pop en aluminium surdimensionn\u00e9s avec un dessus noir mat.","og_url":"https:\/\/turijnmagazijn.nl\/fr\/produit\/extra-large-pop-nails-set-4-st-for-fin-plate-lancia-alfa-fiat\/","og_site_name":"Turijnmagazijn","article_publisher":"https:\/\/www.facebook.com\/turijnmagazijn","article_modified_time":"2023-07-27T10:48:16+00:00","og_image":[{"width":1024,"height":768,"url":"https:\/\/turijnmagazijn.nl\/wp-content\/uploads\/2023\/03\/DN00100221-Extra-grote-popnagels-set-4-st-voor-vinplaatje-Lancia-Alfa-Fiat-3-1.jpg","type":"image\/jpeg"}],"twitter_card":"summary_large_image","schema":{"@context":"https:\/\/schema.org","@graph":[{"@type":"WebPage","@id":"https:\/\/turijnmagazijn.nl\/fr\/produit\/extra-large-pop-nails-set-4-st-for-fin-plate-lancia-alfa-fiat\/","url":"https:\/\/turijnmagazijn.nl\/fr\/produit\/extra-large-pop-nails-set-4-st-for-fin-plate-lancia-alfa-fiat\/","name":"Extra larges clous pop (ensemble 4 pcs) pour plaque d\u2019ailettes Lancia Alfa Fiat - Turijnmagazijn","isPartOf":{"@id":"https:\/\/turijnmagazijn.jumpstone-dev.nl\/#website"},"primaryImageOfPage":{"@id":"https:\/\/turijnmagazijn.nl\/fr\/produit\/extra-large-pop-nails-set-4-st-for-fin-plate-lancia-alfa-fiat\/#primaryimage"},"image":{"@id":"https:\/\/turijnmagazijn.nl\/fr\/produit\/extra-large-pop-nails-set-4-st-for-fin-plate-lancia-alfa-fiat\/#primaryimage"},"thumbnailUrl":"https:\/\/turijnmagazijn.nl\/wp-content\/uploads\/2023\/03\/DN00100221-Extra-grote-popnagels-set-4-st-voor-vinplaatje-Lancia-Alfa-Fiat-3-1.jpg","datePublished":"2023-03-03T09:02:15+00:00","dateModified":"2023-07-27T10:48:16+00:00","breadcrumb":{"@id":"https:\/\/turijnmagazijn.nl\/fr\/produit\/extra-large-pop-nails-set-4-st-for-fin-plate-lancia-alfa-fiat\/#breadcrumb"},"inLanguage":"fr-FR","potentialAction":[{"@type":"ReadAction","target":["https:\/\/turijnmagazijn.nl\/fr\/produit\/extra-large-pop-nails-set-4-st-for-fin-plate-lancia-alfa-fiat\/"]}]},{"@type":"ImageObject","inLanguage":"fr-FR","@id":"https:\/\/turijnmagazijn.nl\/fr\/produit\/extra-large-pop-nails-set-4-st-for-fin-plate-lancia-alfa-fiat\/#primaryimage","url":"https:\/\/turijnmagazijn.nl\/wp-content\/uploads\/2023\/03\/DN00100221-Extra-grote-popnagels-set-4-st-voor-vinplaatje-Lancia-Alfa-Fiat-3-1.jpg","contentUrl":"https:\/\/turijnmagazijn.nl\/wp-content\/uploads\/2023\/03\/DN00100221-Extra-grote-popnagels-set-4-st-voor-vinplaatje-Lancia-Alfa-Fiat-3-1.jpg","width":1024,"height":768},{"@type":"BreadcrumbList","@id":"https:\/\/turijnmagazijn.nl\/fr\/produit\/extra-large-pop-nails-set-4-st-for-fin-plate-lancia-alfa-fiat\/#breadcrumb","itemListElement":[{"@type":"ListItem","position":1,"name":"Home","item":"https:\/\/turijnmagazijn.nl\/fr\/"},{"@type":"ListItem","position":2,"name":"Produits","item":"https:\/\/turijnmagazijn.nl\/fr\/shop\/"},{"@type":"ListItem","position":3,"name":"Extra larges clous pop (ensemble 4 pcs) pour plaque d\u2019ailettes Lancia Alfa Fiat"}]},{"@type":"WebSite","@id":"https:\/\/turijnmagazijn.jumpstone-dev.nl\/#website","url":"https:\/\/turijnmagazijn.jumpstone-dev.nl\/","name":"Turijnmagazijn","description":"Onderdelen nieuw en gebruikt - Fiat &amp; Lancia","publisher":{"@id":"https:\/\/turijnmagazijn.jumpstone-dev.nl\/#organization"},"potentialAction":[{"@type":"SearchAction","target":{"@type":"EntryPoint","urlTemplate":"https:\/\/turijnmagazijn.jumpstone-dev.nl\/?s={search_term_string}"},"query-input":{"@type":"PropertyValueSpecification","valueRequired":true,"valueName":"search_term_string"}}],"inLanguage":"fr-FR"},{"@type":"Organization","@id":"https:\/\/turijnmagazijn.jumpstone-dev.nl\/#organization","name":"Turijnmagazijn","url":"https:\/\/turijnmagazijn.jumpstone-dev.nl\/","logo":{"@type":"ImageObject","inLanguage":"fr-FR","@id":"https:\/\/turijnmagazijn.jumpstone-dev.nl\/#\/schema\/logo\/image\/","url":"https:\/\/turijnmagazijn.nl\/wp-content\/uploads\/2021\/02\/turijnmagazijnlogo.png","contentUrl":"https:\/\/turijnmagazijn.nl\/wp-content\/uploads\/2021\/02\/turijnmagazijnlogo.png","width":555,"height":270,"caption":"Turijnmagazijn"},"image":{"@id":"https:\/\/turijnmagazijn.jumpstone-dev.nl\/#\/schema\/logo\/image\/"},"sameAs":["https:\/\/www.facebook.com\/turijnmagazijn"]}]}},"_links":{"self":[{"href":"https:\/\/turijnmagazijn.nl\/fr\/wp-json\/wp\/v2\/product\/66862","targetHints":{"allow":["GET"]}}],"collection":[{"href":"https:\/\/turijnmagazijn.nl\/fr\/wp-json\/wp\/v2\/product"}],"about":[{"href":"https:\/\/turijnmagazijn.nl\/fr\/wp-json\/wp\/v2\/types\/product"}],"replies":[{"embeddable":true,"href":"https:\/\/turijnmagazijn.nl\/fr\/wp-json\/wp\/v2\/comments?post=66862"}],"wp:featuredmedia":[{"embeddable":true,"href":"https:\/\/turijnmagazijn.nl\/fr\/wp-json\/wp\/v2\/media\/54800"}],"wp:attachment":[{"href":"https:\/\/turijnmagazijn.nl\/fr\/wp-json\/wp\/v2\/media?parent=66862"}],"wp:term":[{"taxonomy":"product_brand","embeddable":true,"href":"https:\/\/turijnmagazijn.nl\/fr\/wp-json\/wp\/v2\/product_brand?post=66862"},{"taxonomy":"product_cat","embeddable":true,"href":"https:\/\/turijnmagazijn.nl\/fr\/wp-json\/wp\/v2\/product_cat?post=66862"},{"taxonomy":"product_tag","embeddable":true,"href":"https:\/\/turijnmagazijn.nl\/fr\/wp-json\/wp\/v2\/product_tag?post=66862"}],"curies":[{"name":"wp","href":"https:\/\/api.w.org\/{rel}","templated":true}]}}