{"id":66875,"date":"2023-03-03T10:01:51","date_gmt":"2023-03-03T09:01:51","guid":{"rendered":"https:\/\/turijnmagazijn.nl\/product\/boutons-en-caoutchouc-cle-de-telecommande-alfa-giulietta\/"},"modified":"2023-07-27T12:48:14","modified_gmt":"2023-07-27T10:48:14","slug":"boutons-caoutchouc-telecommande-cle-alfa-giulietta","status":"publish","type":"product","link":"https:\/\/turijnmagazijn.nl\/fr\/produit\/boutons-caoutchouc-telecommande-cle-alfa-giulietta\/","title":{"rendered":"Boutons en caoutchouc cl\u00e9 de t\u00e9l\u00e9commande Alfa Giulietta"},"content":{"rendered":"<p><a href=\"https:\/\/turijnmagazijn.nl\/fr\/expedition-par-boite-aux-lettres\/\" target=\"\" style=\"background-color: rgb(255, 255, 255); color: rgb(35, 82, 124); outline: 0px;\" rel=\"noopener\"><img decoding=\"async\" src=\"https:\/\/www.delenkorf.nl\/image\/catalog\/brievenbus.png\"><\/a><\/p>\n<p>Jeu de boutons en caoutchouc de remplacement pour le verrouillage et le d\u00e9verrouillage sur la cl\u00e9 de t\u00e9l\u00e9commande pour Alfa Romeo Giulietta de 2010 \u00e0 2020.<\/p>\n<p>C\u2019est un produit d\u2019imitation qui correspond exactement \u00e0 l\u2019original. Le logo n\u2019est pas inclus, vous pouvez le transf\u00e9rer \u00e0 partir de la cl\u00e9 d\u2019origine.<\/p>\n<p>Les vieux boutons en caoutchouc veulent se casser et se d\u00e9tacher du bo\u00eetier de la cl\u00e9 au fil du temps. C\u2019est bien s\u00fbr dommage de continuer \u00e0 se promener avec, une si belle Giulietta m\u00e9rite quelques nouveaux boutons, et pour l\u2019argent, vous n\u2019avez pas \u00e0 la quitter!<\/p>\n<p>Ooik adapt\u00e9 pour Alfa romeo 159 et Mito cl\u00e9s avec 3 boutons t\u00e9l\u00e9commande rouge.<\/p>\n<p><\/p>\n<p>Applicable aux cl\u00e9s avec OEM Alfa Romeo:&nbsp; 71775511 \/ 71754380 \/ 71765806<\/p>\n","protected":false},"excerpt":{"rendered":"<p>Touche de t\u00e9l\u00e9commande boutons en caoutchouc Alfa Giulietta &#8211; Jeu de remplacement de boutons en caoutchouc pour le verrouillage et le d\u00e9verrouillage sur la cl\u00e9 de t\u00e9l\u00e9commande pour Alfa Romeo Giulietta de 2010 \u00e0 2020.<\/p>\n","protected":false},"featured_media":54688,"comment_status":"open","ping_status":"closed","template":"","meta":{"_acf_changed":false},"product_brand":[],"product_cat":[1582],"product_tag":[],"class_list":{"0":"post-66875","1":"product","2":"type-product","3":"status-publish","4":"has-post-thumbnail","6":"product_cat-alfa-romeo-fr","7":"pa_soort-onderdeel-filtres","9":"first","10":"instock","11":"taxable","12":"shipping-taxable","13":"purchasable","14":"product-type-simple"},"acf":[],"yoast_head":"<!-- This site is optimized with the Yoast SEO plugin v27.3 - https:\/\/yoast.com\/product\/yoast-seo-wordpress\/ -->\n<title>Boutons en caoutchouc cl\u00e9 de t\u00e9l\u00e9commande Alfa Giulietta - Turijnmagazijn<\/title>\n<meta name=\"robots\" content=\"index, follow, max-snippet:-1, max-image-preview:large, max-video-preview:-1\" \/>\n<link rel=\"canonical\" href=\"https:\/\/turijnmagazijn.nl\/fr\/produit\/boutons-caoutchouc-telecommande-cle-alfa-giulietta\/\" \/>\n<meta property=\"og:locale\" content=\"fr_FR\" \/>\n<meta property=\"og:type\" content=\"article\" \/>\n<meta property=\"og:title\" content=\"Boutons en caoutchouc cl\u00e9 de t\u00e9l\u00e9commande Alfa Giulietta - Turijnmagazijn\" \/>\n<meta property=\"og:description\" content=\"Touche de t\u00e9l\u00e9commande boutons en caoutchouc Alfa Giulietta - Jeu de remplacement de boutons en caoutchouc pour le verrouillage et le d\u00e9verrouillage sur la cl\u00e9 de t\u00e9l\u00e9commande pour Alfa Romeo Giulietta de 2010 \u00e0 2020.\" \/>\n<meta property=\"og:url\" content=\"https:\/\/turijnmagazijn.nl\/fr\/produit\/boutons-caoutchouc-telecommande-cle-alfa-giulietta\/\" \/>\n<meta property=\"og:site_name\" content=\"Turijnmagazijn\" \/>\n<meta property=\"article:publisher\" content=\"https:\/\/www.facebook.com\/turijnmagazijn\" \/>\n<meta property=\"article:modified_time\" content=\"2023-07-27T10:48:14+00:00\" \/>\n<meta property=\"og:image\" content=\"https:\/\/turijnmagazijn.nl\/wp-content\/uploads\/2023\/03\/DN00100217-Rubber-knoppen-afstandbediening-sleutel-Alfa-Giulietta-4-1.jpg\" \/>\n\t<meta property=\"og:image:width\" content=\"1024\" \/>\n\t<meta property=\"og:image:height\" content=\"768\" \/>\n\t<meta property=\"og:image:type\" content=\"image\/jpeg\" \/>\n<meta name=\"twitter:card\" content=\"summary_large_image\" \/>\n<meta name=\"twitter:label1\" content=\"Dur\u00e9e de lecture estim\u00e9e\" \/>\n\t<meta name=\"twitter:data1\" content=\"1 minute\" \/>\n<script type=\"application\/ld+json\" class=\"yoast-schema-graph\">{\"@context\":\"https:\\\/\\\/schema.org\",\"@graph\":[{\"@type\":\"WebPage\",\"@id\":\"https:\\\/\\\/turijnmagazijn.nl\\\/fr\\\/produit\\\/boutons-caoutchouc-telecommande-cle-alfa-giulietta\\\/\",\"url\":\"https:\\\/\\\/turijnmagazijn.nl\\\/fr\\\/produit\\\/boutons-caoutchouc-telecommande-cle-alfa-giulietta\\\/\",\"name\":\"Boutons en caoutchouc cl\u00e9 de t\u00e9l\u00e9commande Alfa Giulietta - Turijnmagazijn\",\"isPartOf\":{\"@id\":\"https:\\\/\\\/turijnmagazijn.jumpstone-dev.nl\\\/#website\"},\"primaryImageOfPage\":{\"@id\":\"https:\\\/\\\/turijnmagazijn.nl\\\/fr\\\/produit\\\/boutons-caoutchouc-telecommande-cle-alfa-giulietta\\\/#primaryimage\"},\"image\":{\"@id\":\"https:\\\/\\\/turijnmagazijn.nl\\\/fr\\\/produit\\\/boutons-caoutchouc-telecommande-cle-alfa-giulietta\\\/#primaryimage\"},\"thumbnailUrl\":\"https:\\\/\\\/turijnmagazijn.nl\\\/wp-content\\\/uploads\\\/2023\\\/03\\\/DN00100217-Rubber-knoppen-afstandbediening-sleutel-Alfa-Giulietta-4-1.jpg\",\"datePublished\":\"2023-03-03T09:01:51+00:00\",\"dateModified\":\"2023-07-27T10:48:14+00:00\",\"breadcrumb\":{\"@id\":\"https:\\\/\\\/turijnmagazijn.nl\\\/fr\\\/produit\\\/boutons-caoutchouc-telecommande-cle-alfa-giulietta\\\/#breadcrumb\"},\"inLanguage\":\"fr-FR\",\"potentialAction\":[{\"@type\":\"ReadAction\",\"target\":[\"https:\\\/\\\/turijnmagazijn.nl\\\/fr\\\/produit\\\/boutons-caoutchouc-telecommande-cle-alfa-giulietta\\\/\"]}]},{\"@type\":\"ImageObject\",\"inLanguage\":\"fr-FR\",\"@id\":\"https:\\\/\\\/turijnmagazijn.nl\\\/fr\\\/produit\\\/boutons-caoutchouc-telecommande-cle-alfa-giulietta\\\/#primaryimage\",\"url\":\"https:\\\/\\\/turijnmagazijn.nl\\\/wp-content\\\/uploads\\\/2023\\\/03\\\/DN00100217-Rubber-knoppen-afstandbediening-sleutel-Alfa-Giulietta-4-1.jpg\",\"contentUrl\":\"https:\\\/\\\/turijnmagazijn.nl\\\/wp-content\\\/uploads\\\/2023\\\/03\\\/DN00100217-Rubber-knoppen-afstandbediening-sleutel-Alfa-Giulietta-4-1.jpg\",\"width\":1024,\"height\":768},{\"@type\":\"BreadcrumbList\",\"@id\":\"https:\\\/\\\/turijnmagazijn.nl\\\/fr\\\/produit\\\/boutons-caoutchouc-telecommande-cle-alfa-giulietta\\\/#breadcrumb\",\"itemListElement\":[{\"@type\":\"ListItem\",\"position\":1,\"name\":\"Home\",\"item\":\"https:\\\/\\\/turijnmagazijn.nl\\\/fr\\\/\"},{\"@type\":\"ListItem\",\"position\":2,\"name\":\"Produits\",\"item\":\"https:\\\/\\\/turijnmagazijn.nl\\\/fr\\\/shop\\\/\"},{\"@type\":\"ListItem\",\"position\":3,\"name\":\"Boutons en caoutchouc cl\u00e9 de t\u00e9l\u00e9commande Alfa Giulietta\"}]},{\"@type\":\"WebSite\",\"@id\":\"https:\\\/\\\/turijnmagazijn.jumpstone-dev.nl\\\/#website\",\"url\":\"https:\\\/\\\/turijnmagazijn.jumpstone-dev.nl\\\/\",\"name\":\"Turijnmagazijn\",\"description\":\"Onderdelen nieuw en gebruikt - Fiat &amp; Lancia\",\"publisher\":{\"@id\":\"https:\\\/\\\/turijnmagazijn.jumpstone-dev.nl\\\/#organization\"},\"potentialAction\":[{\"@type\":\"SearchAction\",\"target\":{\"@type\":\"EntryPoint\",\"urlTemplate\":\"https:\\\/\\\/turijnmagazijn.jumpstone-dev.nl\\\/?s={search_term_string}\"},\"query-input\":{\"@type\":\"PropertyValueSpecification\",\"valueRequired\":true,\"valueName\":\"search_term_string\"}}],\"inLanguage\":\"fr-FR\"},{\"@type\":\"Organization\",\"@id\":\"https:\\\/\\\/turijnmagazijn.jumpstone-dev.nl\\\/#organization\",\"name\":\"Turijnmagazijn\",\"url\":\"https:\\\/\\\/turijnmagazijn.jumpstone-dev.nl\\\/\",\"logo\":{\"@type\":\"ImageObject\",\"inLanguage\":\"fr-FR\",\"@id\":\"https:\\\/\\\/turijnmagazijn.jumpstone-dev.nl\\\/#\\\/schema\\\/logo\\\/image\\\/\",\"url\":\"https:\\\/\\\/turijnmagazijn.nl\\\/wp-content\\\/uploads\\\/2021\\\/02\\\/turijnmagazijnlogo.png\",\"contentUrl\":\"https:\\\/\\\/turijnmagazijn.nl\\\/wp-content\\\/uploads\\\/2021\\\/02\\\/turijnmagazijnlogo.png\",\"width\":555,\"height\":270,\"caption\":\"Turijnmagazijn\"},\"image\":{\"@id\":\"https:\\\/\\\/turijnmagazijn.jumpstone-dev.nl\\\/#\\\/schema\\\/logo\\\/image\\\/\"},\"sameAs\":[\"https:\\\/\\\/www.facebook.com\\\/turijnmagazijn\"]}]}<\/script>\n<!-- \/ Yoast SEO plugin. -->","yoast_head_json":{"title":"Boutons en caoutchouc cl\u00e9 de t\u00e9l\u00e9commande Alfa Giulietta - Turijnmagazijn","robots":{"index":"index","follow":"follow","max-snippet":"max-snippet:-1","max-image-preview":"max-image-preview:large","max-video-preview":"max-video-preview:-1"},"canonical":"https:\/\/turijnmagazijn.nl\/fr\/produit\/boutons-caoutchouc-telecommande-cle-alfa-giulietta\/","og_locale":"fr_FR","og_type":"article","og_title":"Boutons en caoutchouc cl\u00e9 de t\u00e9l\u00e9commande Alfa Giulietta - Turijnmagazijn","og_description":"Touche de t\u00e9l\u00e9commande boutons en caoutchouc Alfa Giulietta - Jeu de remplacement de boutons en caoutchouc pour le verrouillage et le d\u00e9verrouillage sur la cl\u00e9 de t\u00e9l\u00e9commande pour Alfa Romeo Giulietta de 2010 \u00e0 2020.","og_url":"https:\/\/turijnmagazijn.nl\/fr\/produit\/boutons-caoutchouc-telecommande-cle-alfa-giulietta\/","og_site_name":"Turijnmagazijn","article_publisher":"https:\/\/www.facebook.com\/turijnmagazijn","article_modified_time":"2023-07-27T10:48:14+00:00","og_image":[{"width":1024,"height":768,"url":"https:\/\/turijnmagazijn.nl\/wp-content\/uploads\/2023\/03\/DN00100217-Rubber-knoppen-afstandbediening-sleutel-Alfa-Giulietta-4-1.jpg","type":"image\/jpeg"}],"twitter_card":"summary_large_image","twitter_misc":{"Dur\u00e9e de lecture estim\u00e9e":"1 minute"},"schema":{"@context":"https:\/\/schema.org","@graph":[{"@type":"WebPage","@id":"https:\/\/turijnmagazijn.nl\/fr\/produit\/boutons-caoutchouc-telecommande-cle-alfa-giulietta\/","url":"https:\/\/turijnmagazijn.nl\/fr\/produit\/boutons-caoutchouc-telecommande-cle-alfa-giulietta\/","name":"Boutons en caoutchouc cl\u00e9 de t\u00e9l\u00e9commande Alfa Giulietta - Turijnmagazijn","isPartOf":{"@id":"https:\/\/turijnmagazijn.jumpstone-dev.nl\/#website"},"primaryImageOfPage":{"@id":"https:\/\/turijnmagazijn.nl\/fr\/produit\/boutons-caoutchouc-telecommande-cle-alfa-giulietta\/#primaryimage"},"image":{"@id":"https:\/\/turijnmagazijn.nl\/fr\/produit\/boutons-caoutchouc-telecommande-cle-alfa-giulietta\/#primaryimage"},"thumbnailUrl":"https:\/\/turijnmagazijn.nl\/wp-content\/uploads\/2023\/03\/DN00100217-Rubber-knoppen-afstandbediening-sleutel-Alfa-Giulietta-4-1.jpg","datePublished":"2023-03-03T09:01:51+00:00","dateModified":"2023-07-27T10:48:14+00:00","breadcrumb":{"@id":"https:\/\/turijnmagazijn.nl\/fr\/produit\/boutons-caoutchouc-telecommande-cle-alfa-giulietta\/#breadcrumb"},"inLanguage":"fr-FR","potentialAction":[{"@type":"ReadAction","target":["https:\/\/turijnmagazijn.nl\/fr\/produit\/boutons-caoutchouc-telecommande-cle-alfa-giulietta\/"]}]},{"@type":"ImageObject","inLanguage":"fr-FR","@id":"https:\/\/turijnmagazijn.nl\/fr\/produit\/boutons-caoutchouc-telecommande-cle-alfa-giulietta\/#primaryimage","url":"https:\/\/turijnmagazijn.nl\/wp-content\/uploads\/2023\/03\/DN00100217-Rubber-knoppen-afstandbediening-sleutel-Alfa-Giulietta-4-1.jpg","contentUrl":"https:\/\/turijnmagazijn.nl\/wp-content\/uploads\/2023\/03\/DN00100217-Rubber-knoppen-afstandbediening-sleutel-Alfa-Giulietta-4-1.jpg","width":1024,"height":768},{"@type":"BreadcrumbList","@id":"https:\/\/turijnmagazijn.nl\/fr\/produit\/boutons-caoutchouc-telecommande-cle-alfa-giulietta\/#breadcrumb","itemListElement":[{"@type":"ListItem","position":1,"name":"Home","item":"https:\/\/turijnmagazijn.nl\/fr\/"},{"@type":"ListItem","position":2,"name":"Produits","item":"https:\/\/turijnmagazijn.nl\/fr\/shop\/"},{"@type":"ListItem","position":3,"name":"Boutons en caoutchouc cl\u00e9 de t\u00e9l\u00e9commande Alfa Giulietta"}]},{"@type":"WebSite","@id":"https:\/\/turijnmagazijn.jumpstone-dev.nl\/#website","url":"https:\/\/turijnmagazijn.jumpstone-dev.nl\/","name":"Turijnmagazijn","description":"Onderdelen nieuw en gebruikt - Fiat &amp; Lancia","publisher":{"@id":"https:\/\/turijnmagazijn.jumpstone-dev.nl\/#organization"},"potentialAction":[{"@type":"SearchAction","target":{"@type":"EntryPoint","urlTemplate":"https:\/\/turijnmagazijn.jumpstone-dev.nl\/?s={search_term_string}"},"query-input":{"@type":"PropertyValueSpecification","valueRequired":true,"valueName":"search_term_string"}}],"inLanguage":"fr-FR"},{"@type":"Organization","@id":"https:\/\/turijnmagazijn.jumpstone-dev.nl\/#organization","name":"Turijnmagazijn","url":"https:\/\/turijnmagazijn.jumpstone-dev.nl\/","logo":{"@type":"ImageObject","inLanguage":"fr-FR","@id":"https:\/\/turijnmagazijn.jumpstone-dev.nl\/#\/schema\/logo\/image\/","url":"https:\/\/turijnmagazijn.nl\/wp-content\/uploads\/2021\/02\/turijnmagazijnlogo.png","contentUrl":"https:\/\/turijnmagazijn.nl\/wp-content\/uploads\/2021\/02\/turijnmagazijnlogo.png","width":555,"height":270,"caption":"Turijnmagazijn"},"image":{"@id":"https:\/\/turijnmagazijn.jumpstone-dev.nl\/#\/schema\/logo\/image\/"},"sameAs":["https:\/\/www.facebook.com\/turijnmagazijn"]}]}},"_links":{"self":[{"href":"https:\/\/turijnmagazijn.nl\/fr\/wp-json\/wp\/v2\/product\/66875","targetHints":{"allow":["GET"]}}],"collection":[{"href":"https:\/\/turijnmagazijn.nl\/fr\/wp-json\/wp\/v2\/product"}],"about":[{"href":"https:\/\/turijnmagazijn.nl\/fr\/wp-json\/wp\/v2\/types\/product"}],"replies":[{"embeddable":true,"href":"https:\/\/turijnmagazijn.nl\/fr\/wp-json\/wp\/v2\/comments?post=66875"}],"wp:featuredmedia":[{"embeddable":true,"href":"https:\/\/turijnmagazijn.nl\/fr\/wp-json\/wp\/v2\/media\/54688"}],"wp:attachment":[{"href":"https:\/\/turijnmagazijn.nl\/fr\/wp-json\/wp\/v2\/media?parent=66875"}],"wp:term":[{"taxonomy":"product_brand","embeddable":true,"href":"https:\/\/turijnmagazijn.nl\/fr\/wp-json\/wp\/v2\/product_brand?post=66875"},{"taxonomy":"product_cat","embeddable":true,"href":"https:\/\/turijnmagazijn.nl\/fr\/wp-json\/wp\/v2\/product_cat?post=66875"},{"taxonomy":"product_tag","embeddable":true,"href":"https:\/\/turijnmagazijn.nl\/fr\/wp-json\/wp\/v2\/product_tag?post=66875"}],"curies":[{"name":"wp","href":"https:\/\/api.w.org\/{rel}","templated":true}]}}