{"id":66882,"date":"2023-03-03T10:02:48","date_gmt":"2023-03-03T09:02:48","guid":{"rendered":"https:\/\/turijnmagazijn.nl\/product\/alfa-romeo-transmetteur-portatif-a-cle-rouge-barbe-vierge-droite\/"},"modified":"2025-05-29T20:57:08","modified_gmt":"2025-05-29T18:57:08","slug":"alpha-romeo-cle-rouge-main-emetteur-barbe-vierge-droite","status":"publish","type":"product","link":"https:\/\/turijnmagazijn.nl\/fr\/produit\/alpha-romeo-cle-rouge-main-emetteur-barbe-vierge-droite\/","title":{"rendered":"Alfa Romeo transmetteur portatif \u00e0 cl\u00e9 rouge barbe vierge droite"},"content":{"rendered":"<p>Nouveau bo\u00eetier de cl\u00e9 rouge Alfa Romeo pour \u00e9metteur portable barbe vierge droite.<\/p>\n<p>Convient pour Alfa Romeo 166 (c\u2019est la touche B qui \u00e9tait souvent incluse comme 2\u00e8me cl\u00e9)<\/p>\n<p>Il s\u2019agit d\u2019un bo\u00eetier nu sans carte de circuit imprim\u00e9 et sans puce de transpondeur.<\/p>\n<p>N\u2019importe quel fabricant de cl\u00e9s peut aff\u00fbter cette cl\u00e9 vierge \u00e0 votre cl\u00e9 d\u2019origine.<\/p>\n<p>Id\u00e9al pour ceux qui ont perdu la cl\u00e9 de rechange ou qui ont un logement cass\u00e9.<\/p>\n<p>Des puces individuelles sont \u00e9galement disponibles et peuvent \u00eatre enseign\u00e9es par un sp\u00e9cialiste sur ordinateur.<\/p>\n<p><\/p>\n<p>OEM Alfa Romeo (\u00e0 titre de r\u00e9f\u00e9rence, ce n\u2019est pas une pi\u00e8ce OEM!) 60779588<\/p>\n<p>OEM Alfa Romeo&nbsp; (\u00e0 titre de r\u00e9f\u00e9rence, ce n\u2019est pas une pi\u00e8ce OEM!)&nbsp; 60779555<\/p>\n","protected":false},"excerpt":{"rendered":"<p>Alfa Romeo transmetteur portatif \u00e0 cl\u00e9 rouge barbe vierge droite &#8211; Nouveau bo\u00eetier de cl\u00e9 rouge Alfa Romeo pour \u00e9metteur portable barbe vierge droite.<\/p>\n","protected":false},"featured_media":54828,"comment_status":"open","ping_status":"closed","template":"","meta":{"_acf_changed":false},"product_brand":[],"product_cat":[1613,1650,1582],"product_tag":[],"class_list":{"0":"post-66882","1":"product","2":"type-product","3":"status-publish","4":"has-post-thumbnail","6":"product_cat-156-932-fr","7":"product_cat-166-936-fr","8":"product_cat-alfa-romeo-fr","9":"pa_soort-onderdeel-tableau-de-bord-et-commutateurs","11":"first","12":"instock","13":"taxable","14":"shipping-taxable","15":"purchasable","16":"product-type-simple"},"acf":[],"yoast_head":"<!-- This site is optimized with the Yoast SEO plugin v27.2 - https:\/\/yoast.com\/product\/yoast-seo-wordpress\/ -->\n<title>Alfa Romeo transmetteur portatif \u00e0 cl\u00e9 rouge barbe vierge droite - Turijnmagazijn<\/title>\n<meta name=\"robots\" content=\"index, follow, max-snippet:-1, max-image-preview:large, max-video-preview:-1\" \/>\n<link rel=\"canonical\" href=\"https:\/\/turijnmagazijn.nl\/fr\/produit\/alpha-romeo-cle-rouge-main-emetteur-barbe-vierge-droite\/\" \/>\n<meta property=\"og:locale\" content=\"fr_FR\" \/>\n<meta property=\"og:type\" content=\"article\" \/>\n<meta property=\"og:title\" content=\"Alfa Romeo transmetteur portatif \u00e0 cl\u00e9 rouge barbe vierge droite - Turijnmagazijn\" \/>\n<meta property=\"og:description\" content=\"Alfa Romeo transmetteur portatif \u00e0 cl\u00e9 rouge barbe vierge droite - Nouveau bo\u00eetier de cl\u00e9 rouge Alfa Romeo pour \u00e9metteur portable barbe vierge droite.\" \/>\n<meta property=\"og:url\" content=\"https:\/\/turijnmagazijn.nl\/fr\/produit\/alpha-romeo-cle-rouge-main-emetteur-barbe-vierge-droite\/\" \/>\n<meta property=\"og:site_name\" content=\"Turijnmagazijn\" \/>\n<meta property=\"article:publisher\" content=\"https:\/\/www.facebook.com\/turijnmagazijn\" \/>\n<meta property=\"article:modified_time\" content=\"2025-05-29T18:57:08+00:00\" \/>\n<meta property=\"og:image\" content=\"https:\/\/turijnmagazijn.nl\/wp-content\/uploads\/2023\/03\/DN00100223-Alfa-Romeo-rode-sleutel-handzender-blanco-baard-recht-3-1.jpg\" \/>\n\t<meta property=\"og:image:width\" content=\"1024\" \/>\n\t<meta property=\"og:image:height\" content=\"768\" \/>\n\t<meta property=\"og:image:type\" content=\"image\/jpeg\" \/>\n<meta name=\"twitter:card\" content=\"summary_large_image\" \/>\n<meta name=\"twitter:label1\" content=\"Dur\u00e9e de lecture estim\u00e9e\" \/>\n\t<meta name=\"twitter:data1\" content=\"1 minute\" \/>\n<script type=\"application\/ld+json\" class=\"yoast-schema-graph\">{\"@context\":\"https:\/\/schema.org\",\"@graph\":[{\"@type\":\"WebPage\",\"@id\":\"https:\/\/turijnmagazijn.nl\/fr\/produit\/alpha-romeo-cle-rouge-main-emetteur-barbe-vierge-droite\/\",\"url\":\"https:\/\/turijnmagazijn.nl\/fr\/produit\/alpha-romeo-cle-rouge-main-emetteur-barbe-vierge-droite\/\",\"name\":\"Alfa Romeo transmetteur portatif \u00e0 cl\u00e9 rouge barbe vierge droite - Turijnmagazijn\",\"isPartOf\":{\"@id\":\"https:\/\/turijnmagazijn.jumpstone-dev.nl\/#website\"},\"primaryImageOfPage\":{\"@id\":\"https:\/\/turijnmagazijn.nl\/fr\/produit\/alpha-romeo-cle-rouge-main-emetteur-barbe-vierge-droite\/#primaryimage\"},\"image\":{\"@id\":\"https:\/\/turijnmagazijn.nl\/fr\/produit\/alpha-romeo-cle-rouge-main-emetteur-barbe-vierge-droite\/#primaryimage\"},\"thumbnailUrl\":\"https:\/\/turijnmagazijn.nl\/wp-content\/uploads\/2023\/03\/DN00100223-Alfa-Romeo-rode-sleutel-handzender-blanco-baard-recht-3-1.jpg\",\"datePublished\":\"2023-03-03T09:02:48+00:00\",\"dateModified\":\"2025-05-29T18:57:08+00:00\",\"breadcrumb\":{\"@id\":\"https:\/\/turijnmagazijn.nl\/fr\/produit\/alpha-romeo-cle-rouge-main-emetteur-barbe-vierge-droite\/#breadcrumb\"},\"inLanguage\":\"fr-FR\",\"potentialAction\":[{\"@type\":\"ReadAction\",\"target\":[\"https:\/\/turijnmagazijn.nl\/fr\/produit\/alpha-romeo-cle-rouge-main-emetteur-barbe-vierge-droite\/\"]}]},{\"@type\":\"ImageObject\",\"inLanguage\":\"fr-FR\",\"@id\":\"https:\/\/turijnmagazijn.nl\/fr\/produit\/alpha-romeo-cle-rouge-main-emetteur-barbe-vierge-droite\/#primaryimage\",\"url\":\"https:\/\/turijnmagazijn.nl\/wp-content\/uploads\/2023\/03\/DN00100223-Alfa-Romeo-rode-sleutel-handzender-blanco-baard-recht-3-1.jpg\",\"contentUrl\":\"https:\/\/turijnmagazijn.nl\/wp-content\/uploads\/2023\/03\/DN00100223-Alfa-Romeo-rode-sleutel-handzender-blanco-baard-recht-3-1.jpg\",\"width\":1024,\"height\":768},{\"@type\":\"BreadcrumbList\",\"@id\":\"https:\/\/turijnmagazijn.nl\/fr\/produit\/alpha-romeo-cle-rouge-main-emetteur-barbe-vierge-droite\/#breadcrumb\",\"itemListElement\":[{\"@type\":\"ListItem\",\"position\":1,\"name\":\"Home\",\"item\":\"https:\/\/turijnmagazijn.jumpstone-dev.nl\/\"},{\"@type\":\"ListItem\",\"position\":2,\"name\":\"Produits\",\"item\":\"https:\/\/turijnmagazijn.nl\/fr\/shop\/\"},{\"@type\":\"ListItem\",\"position\":3,\"name\":\"Alfa Romeo transmetteur portatif \u00e0 cl\u00e9 rouge barbe vierge droite\"}]},{\"@type\":\"WebSite\",\"@id\":\"https:\/\/turijnmagazijn.jumpstone-dev.nl\/#website\",\"url\":\"https:\/\/turijnmagazijn.jumpstone-dev.nl\/\",\"name\":\"Turijnmagazijn\",\"description\":\"Onderdelen nieuw en gebruikt - Fiat &amp; Lancia\",\"publisher\":{\"@id\":\"https:\/\/turijnmagazijn.jumpstone-dev.nl\/#organization\"},\"potentialAction\":[{\"@type\":\"SearchAction\",\"target\":{\"@type\":\"EntryPoint\",\"urlTemplate\":\"https:\/\/turijnmagazijn.jumpstone-dev.nl\/?s={search_term_string}\"},\"query-input\":{\"@type\":\"PropertyValueSpecification\",\"valueRequired\":true,\"valueName\":\"search_term_string\"}}],\"inLanguage\":\"fr-FR\"},{\"@type\":\"Organization\",\"@id\":\"https:\/\/turijnmagazijn.jumpstone-dev.nl\/#organization\",\"name\":\"Turijnmagazijn\",\"url\":\"https:\/\/turijnmagazijn.jumpstone-dev.nl\/\",\"logo\":{\"@type\":\"ImageObject\",\"inLanguage\":\"fr-FR\",\"@id\":\"https:\/\/turijnmagazijn.jumpstone-dev.nl\/#\/schema\/logo\/image\/\",\"url\":\"https:\/\/turijnmagazijn.nl\/wp-content\/uploads\/2021\/02\/turijnmagazijnlogo.png\",\"contentUrl\":\"https:\/\/turijnmagazijn.nl\/wp-content\/uploads\/2021\/02\/turijnmagazijnlogo.png\",\"width\":555,\"height\":270,\"caption\":\"Turijnmagazijn\"},\"image\":{\"@id\":\"https:\/\/turijnmagazijn.jumpstone-dev.nl\/#\/schema\/logo\/image\/\"},\"sameAs\":[\"https:\/\/www.facebook.com\/turijnmagazijn\"]}]}<\/script>\n<!-- \/ Yoast SEO plugin. -->","yoast_head_json":{"title":"Alfa Romeo transmetteur portatif \u00e0 cl\u00e9 rouge barbe vierge droite - Turijnmagazijn","robots":{"index":"index","follow":"follow","max-snippet":"max-snippet:-1","max-image-preview":"max-image-preview:large","max-video-preview":"max-video-preview:-1"},"canonical":"https:\/\/turijnmagazijn.nl\/fr\/produit\/alpha-romeo-cle-rouge-main-emetteur-barbe-vierge-droite\/","og_locale":"fr_FR","og_type":"article","og_title":"Alfa Romeo transmetteur portatif \u00e0 cl\u00e9 rouge barbe vierge droite - Turijnmagazijn","og_description":"Alfa Romeo transmetteur portatif \u00e0 cl\u00e9 rouge barbe vierge droite - Nouveau bo\u00eetier de cl\u00e9 rouge Alfa Romeo pour \u00e9metteur portable barbe vierge droite.","og_url":"https:\/\/turijnmagazijn.nl\/fr\/produit\/alpha-romeo-cle-rouge-main-emetteur-barbe-vierge-droite\/","og_site_name":"Turijnmagazijn","article_publisher":"https:\/\/www.facebook.com\/turijnmagazijn","article_modified_time":"2025-05-29T18:57:08+00:00","og_image":[{"width":1024,"height":768,"url":"https:\/\/turijnmagazijn.nl\/wp-content\/uploads\/2023\/03\/DN00100223-Alfa-Romeo-rode-sleutel-handzender-blanco-baard-recht-3-1.jpg","type":"image\/jpeg"}],"twitter_card":"summary_large_image","twitter_misc":{"Dur\u00e9e de lecture estim\u00e9e":"1 minute"},"schema":{"@context":"https:\/\/schema.org","@graph":[{"@type":"WebPage","@id":"https:\/\/turijnmagazijn.nl\/fr\/produit\/alpha-romeo-cle-rouge-main-emetteur-barbe-vierge-droite\/","url":"https:\/\/turijnmagazijn.nl\/fr\/produit\/alpha-romeo-cle-rouge-main-emetteur-barbe-vierge-droite\/","name":"Alfa Romeo transmetteur portatif \u00e0 cl\u00e9 rouge barbe vierge droite - Turijnmagazijn","isPartOf":{"@id":"https:\/\/turijnmagazijn.jumpstone-dev.nl\/#website"},"primaryImageOfPage":{"@id":"https:\/\/turijnmagazijn.nl\/fr\/produit\/alpha-romeo-cle-rouge-main-emetteur-barbe-vierge-droite\/#primaryimage"},"image":{"@id":"https:\/\/turijnmagazijn.nl\/fr\/produit\/alpha-romeo-cle-rouge-main-emetteur-barbe-vierge-droite\/#primaryimage"},"thumbnailUrl":"https:\/\/turijnmagazijn.nl\/wp-content\/uploads\/2023\/03\/DN00100223-Alfa-Romeo-rode-sleutel-handzender-blanco-baard-recht-3-1.jpg","datePublished":"2023-03-03T09:02:48+00:00","dateModified":"2025-05-29T18:57:08+00:00","breadcrumb":{"@id":"https:\/\/turijnmagazijn.nl\/fr\/produit\/alpha-romeo-cle-rouge-main-emetteur-barbe-vierge-droite\/#breadcrumb"},"inLanguage":"fr-FR","potentialAction":[{"@type":"ReadAction","target":["https:\/\/turijnmagazijn.nl\/fr\/produit\/alpha-romeo-cle-rouge-main-emetteur-barbe-vierge-droite\/"]}]},{"@type":"ImageObject","inLanguage":"fr-FR","@id":"https:\/\/turijnmagazijn.nl\/fr\/produit\/alpha-romeo-cle-rouge-main-emetteur-barbe-vierge-droite\/#primaryimage","url":"https:\/\/turijnmagazijn.nl\/wp-content\/uploads\/2023\/03\/DN00100223-Alfa-Romeo-rode-sleutel-handzender-blanco-baard-recht-3-1.jpg","contentUrl":"https:\/\/turijnmagazijn.nl\/wp-content\/uploads\/2023\/03\/DN00100223-Alfa-Romeo-rode-sleutel-handzender-blanco-baard-recht-3-1.jpg","width":1024,"height":768},{"@type":"BreadcrumbList","@id":"https:\/\/turijnmagazijn.nl\/fr\/produit\/alpha-romeo-cle-rouge-main-emetteur-barbe-vierge-droite\/#breadcrumb","itemListElement":[{"@type":"ListItem","position":1,"name":"Home","item":"https:\/\/turijnmagazijn.jumpstone-dev.nl\/"},{"@type":"ListItem","position":2,"name":"Produits","item":"https:\/\/turijnmagazijn.nl\/fr\/shop\/"},{"@type":"ListItem","position":3,"name":"Alfa Romeo transmetteur portatif \u00e0 cl\u00e9 rouge barbe vierge droite"}]},{"@type":"WebSite","@id":"https:\/\/turijnmagazijn.jumpstone-dev.nl\/#website","url":"https:\/\/turijnmagazijn.jumpstone-dev.nl\/","name":"Turijnmagazijn","description":"Onderdelen nieuw en gebruikt - Fiat &amp; Lancia","publisher":{"@id":"https:\/\/turijnmagazijn.jumpstone-dev.nl\/#organization"},"potentialAction":[{"@type":"SearchAction","target":{"@type":"EntryPoint","urlTemplate":"https:\/\/turijnmagazijn.jumpstone-dev.nl\/?s={search_term_string}"},"query-input":{"@type":"PropertyValueSpecification","valueRequired":true,"valueName":"search_term_string"}}],"inLanguage":"fr-FR"},{"@type":"Organization","@id":"https:\/\/turijnmagazijn.jumpstone-dev.nl\/#organization","name":"Turijnmagazijn","url":"https:\/\/turijnmagazijn.jumpstone-dev.nl\/","logo":{"@type":"ImageObject","inLanguage":"fr-FR","@id":"https:\/\/turijnmagazijn.jumpstone-dev.nl\/#\/schema\/logo\/image\/","url":"https:\/\/turijnmagazijn.nl\/wp-content\/uploads\/2021\/02\/turijnmagazijnlogo.png","contentUrl":"https:\/\/turijnmagazijn.nl\/wp-content\/uploads\/2021\/02\/turijnmagazijnlogo.png","width":555,"height":270,"caption":"Turijnmagazijn"},"image":{"@id":"https:\/\/turijnmagazijn.jumpstone-dev.nl\/#\/schema\/logo\/image\/"},"sameAs":["https:\/\/www.facebook.com\/turijnmagazijn"]}]}},"_links":{"self":[{"href":"https:\/\/turijnmagazijn.nl\/fr\/wp-json\/wp\/v2\/product\/66882","targetHints":{"allow":["GET"]}}],"collection":[{"href":"https:\/\/turijnmagazijn.nl\/fr\/wp-json\/wp\/v2\/product"}],"about":[{"href":"https:\/\/turijnmagazijn.nl\/fr\/wp-json\/wp\/v2\/types\/product"}],"replies":[{"embeddable":true,"href":"https:\/\/turijnmagazijn.nl\/fr\/wp-json\/wp\/v2\/comments?post=66882"}],"wp:featuredmedia":[{"embeddable":true,"href":"https:\/\/turijnmagazijn.nl\/fr\/wp-json\/wp\/v2\/media\/54828"}],"wp:attachment":[{"href":"https:\/\/turijnmagazijn.nl\/fr\/wp-json\/wp\/v2\/media?parent=66882"}],"wp:term":[{"taxonomy":"product_brand","embeddable":true,"href":"https:\/\/turijnmagazijn.nl\/fr\/wp-json\/wp\/v2\/product_brand?post=66882"},{"taxonomy":"product_cat","embeddable":true,"href":"https:\/\/turijnmagazijn.nl\/fr\/wp-json\/wp\/v2\/product_cat?post=66882"},{"taxonomy":"product_tag","embeddable":true,"href":"https:\/\/turijnmagazijn.nl\/fr\/wp-json\/wp\/v2\/product_tag?post=66882"}],"curies":[{"name":"wp","href":"https:\/\/api.w.org\/{rel}","templated":true}]}}