{"id":66886,"date":"2023-03-03T10:02:15","date_gmt":"2023-03-03T09:02:15","guid":{"rendered":"https:\/\/turijnmagazijn.nl\/product\/housse-de-moyeu-fiat-punto-ii-logo-bleu-ensemble-4-pcs-imitation\/"},"modified":"2024-08-29T09:23:38","modified_gmt":"2024-08-29T07:23:38","slug":"couverture-du-moyeu-fiat-punto-ii-bleu-logo-set-4-st-imitation","status":"publish","type":"product","link":"https:\/\/turijnmagazijn.nl\/fr\/produit\/couverture-du-moyeu-fiat-punto-ii-bleu-logo-set-4-st-imitation\/","title":{"rendered":"Cache moyeu Fiat Punto II Seicento logo bleu (set 4 pcs) -IMITATION-"},"content":{"rendered":"<p>Ste de 4 imitation Housse de moyeu 50mm logo bleu Fiat. Convient \u00e0 diverses jantes Fiat, y compris 46772666 et 46745114. Pour Fiat Punto II (188) Convient \u00e9galement \u00e0 certaines jantes d&rsquo;autres mod\u00e8les, notamment : Fiat Panda II Fiat Seicento 1998-2010 Fiat Multipla 1998-2010 Fiat Marea Fiat Stilo 2003-2007 Fiat Barchetta <strong>V\u00e9rifiez toujours que le num\u00e9ro OEM correspond avant de commander !<\/strong>&nbsp; OEM Fiat (r\u00e9f\u00e9rence uniquement, il ne s&rsquo;agit pas d&rsquo;une pi\u00e8ce d&rsquo;origine) 46746586<\/p>\n","protected":false},"excerpt":{"rendered":"<p>Housse de moyeu Fiat Punto II logo bleu -IMITATION- &#8211; Ste de 4 imitation Housse de moyeu 50mm logo bleu Fiat.<\/p>\n","protected":false},"featured_media":78588,"comment_status":"open","ping_status":"closed","template":"","meta":{"_acf_changed":false},"product_brand":[],"product_cat":[1766,1769,1702,1690,1736,1738,1774,1752,1759,1763],"product_tag":[],"class_list":{"0":"post-66886","1":"product","2":"type-product","3":"status-publish","4":"has-post-thumbnail","6":"product_cat-5drs-fr","7":"product_cat-abarth-3drs-fr","8":"product_cat-barchetta-183-fr","9":"product_cat-fiat-fr","10":"product_cat-marea-185-fr","11":"product_cat-multipla-186-fr","12":"product_cat-multiwagon-fr","13":"product_cat-punto-2-188-fr","14":"product_cat-seicento-187-fr","15":"product_cat-stilo-192-fr","16":"pa_soort-onderdeel-climatisation-et-chauffage","18":"first","19":"instock","20":"taxable","21":"shipping-taxable","22":"purchasable","23":"product-type-simple"},"acf":[],"yoast_head":"<!-- This site is optimized with the Yoast SEO plugin v27.3 - https:\/\/yoast.com\/product\/yoast-seo-wordpress\/ -->\n<title>Cache moyeu Fiat Punto II Seicento logo bleu (set 4 pcs) -IMITATION- Turijnmagazijn<\/title>\n<meta name=\"robots\" content=\"index, follow, max-snippet:-1, max-image-preview:large, max-video-preview:-1\" \/>\n<link rel=\"canonical\" href=\"https:\/\/turijnmagazijn.nl\/fr\/produit\/couverture-du-moyeu-fiat-punto-ii-bleu-logo-set-4-st-imitation\/\" \/>\n<meta property=\"og:locale\" content=\"fr_FR\" \/>\n<meta property=\"og:type\" content=\"article\" \/>\n<meta property=\"og:title\" content=\"Cache moyeu Fiat Punto II Seicento logo bleu (set 4 pcs) -IMITATION- Turijnmagazijn\" \/>\n<meta property=\"og:description\" content=\"Housse de moyeu Fiat Punto II logo bleu -IMITATION- - Ste de 4 imitation Housse de moyeu 50mm logo bleu Fiat.\" \/>\n<meta property=\"og:url\" content=\"https:\/\/turijnmagazijn.nl\/fr\/produit\/couverture-du-moyeu-fiat-punto-ii-bleu-logo-set-4-st-imitation\/\" \/>\n<meta property=\"og:site_name\" content=\"Turijnmagazijn\" \/>\n<meta property=\"article:publisher\" content=\"https:\/\/www.facebook.com\/turijnmagazijn\" \/>\n<meta property=\"article:modified_time\" content=\"2024-08-29T07:23:38+00:00\" \/>\n<meta property=\"og:image\" content=\"https:\/\/turijnmagazijn.nl\/wp-content\/uploads\/2023\/03\/DN00100222-Naafdeksel-Fiat-Punto-II-blauw-logo-IMITATIE-3-1.jpg\" \/>\n\t<meta property=\"og:image:width\" content=\"1024\" \/>\n\t<meta property=\"og:image:height\" content=\"768\" \/>\n\t<meta property=\"og:image:type\" content=\"image\/jpeg\" \/>\n<meta name=\"twitter:card\" content=\"summary_large_image\" \/>\n<script type=\"application\/ld+json\" class=\"yoast-schema-graph\">{\"@context\":\"https:\\\/\\\/schema.org\",\"@graph\":[{\"@type\":\"WebPage\",\"@id\":\"https:\\\/\\\/turijnmagazijn.nl\\\/fr\\\/produit\\\/couverture-du-moyeu-fiat-punto-ii-bleu-logo-set-4-st-imitation\\\/\",\"url\":\"https:\\\/\\\/turijnmagazijn.nl\\\/fr\\\/produit\\\/couverture-du-moyeu-fiat-punto-ii-bleu-logo-set-4-st-imitation\\\/\",\"name\":\"Cache moyeu Fiat Punto II Seicento logo bleu (set 4 pcs) -IMITATION- Turijnmagazijn\",\"isPartOf\":{\"@id\":\"https:\\\/\\\/turijnmagazijn.jumpstone-dev.nl\\\/#website\"},\"primaryImageOfPage\":{\"@id\":\"https:\\\/\\\/turijnmagazijn.nl\\\/fr\\\/produit\\\/couverture-du-moyeu-fiat-punto-ii-bleu-logo-set-4-st-imitation\\\/#primaryimage\"},\"image\":{\"@id\":\"https:\\\/\\\/turijnmagazijn.nl\\\/fr\\\/produit\\\/couverture-du-moyeu-fiat-punto-ii-bleu-logo-set-4-st-imitation\\\/#primaryimage\"},\"thumbnailUrl\":\"https:\\\/\\\/turijnmagazijn.nl\\\/wp-content\\\/uploads\\\/2023\\\/03\\\/DN0100222-Naafdeksel-Fiat-Seicento-Punto-2-Barchetta-Panda-2-46746586.png\",\"datePublished\":\"2023-03-03T09:02:15+00:00\",\"dateModified\":\"2024-08-29T07:23:38+00:00\",\"breadcrumb\":{\"@id\":\"https:\\\/\\\/turijnmagazijn.nl\\\/fr\\\/produit\\\/couverture-du-moyeu-fiat-punto-ii-bleu-logo-set-4-st-imitation\\\/#breadcrumb\"},\"inLanguage\":\"fr-FR\",\"potentialAction\":[{\"@type\":\"ReadAction\",\"target\":[\"https:\\\/\\\/turijnmagazijn.nl\\\/fr\\\/produit\\\/couverture-du-moyeu-fiat-punto-ii-bleu-logo-set-4-st-imitation\\\/\"]}]},{\"@type\":\"ImageObject\",\"inLanguage\":\"fr-FR\",\"@id\":\"https:\\\/\\\/turijnmagazijn.nl\\\/fr\\\/produit\\\/couverture-du-moyeu-fiat-punto-ii-bleu-logo-set-4-st-imitation\\\/#primaryimage\",\"url\":\"https:\\\/\\\/turijnmagazijn.nl\\\/wp-content\\\/uploads\\\/2023\\\/03\\\/DN0100222-Naafdeksel-Fiat-Seicento-Punto-2-Barchetta-Panda-2-46746586.png\",\"contentUrl\":\"https:\\\/\\\/turijnmagazijn.nl\\\/wp-content\\\/uploads\\\/2023\\\/03\\\/DN0100222-Naafdeksel-Fiat-Seicento-Punto-2-Barchetta-Panda-2-46746586.png\",\"width\":600,\"height\":450},{\"@type\":\"BreadcrumbList\",\"@id\":\"https:\\\/\\\/turijnmagazijn.nl\\\/fr\\\/produit\\\/couverture-du-moyeu-fiat-punto-ii-bleu-logo-set-4-st-imitation\\\/#breadcrumb\",\"itemListElement\":[{\"@type\":\"ListItem\",\"position\":1,\"name\":\"Home\",\"item\":\"https:\\\/\\\/turijnmagazijn.nl\\\/fr\\\/\"},{\"@type\":\"ListItem\",\"position\":2,\"name\":\"Produits\",\"item\":\"https:\\\/\\\/turijnmagazijn.nl\\\/fr\\\/shop\\\/\"},{\"@type\":\"ListItem\",\"position\":3,\"name\":\"Cache moyeu Fiat Punto II Seicento logo bleu (set 4 pcs) -IMITATION-\"}]},{\"@type\":\"WebSite\",\"@id\":\"https:\\\/\\\/turijnmagazijn.jumpstone-dev.nl\\\/#website\",\"url\":\"https:\\\/\\\/turijnmagazijn.jumpstone-dev.nl\\\/\",\"name\":\"Turijnmagazijn\",\"description\":\"Onderdelen nieuw en gebruikt - Fiat &amp; Lancia\",\"publisher\":{\"@id\":\"https:\\\/\\\/turijnmagazijn.jumpstone-dev.nl\\\/#organization\"},\"potentialAction\":[{\"@type\":\"SearchAction\",\"target\":{\"@type\":\"EntryPoint\",\"urlTemplate\":\"https:\\\/\\\/turijnmagazijn.jumpstone-dev.nl\\\/?s={search_term_string}\"},\"query-input\":{\"@type\":\"PropertyValueSpecification\",\"valueRequired\":true,\"valueName\":\"search_term_string\"}}],\"inLanguage\":\"fr-FR\"},{\"@type\":\"Organization\",\"@id\":\"https:\\\/\\\/turijnmagazijn.jumpstone-dev.nl\\\/#organization\",\"name\":\"Turijnmagazijn\",\"url\":\"https:\\\/\\\/turijnmagazijn.jumpstone-dev.nl\\\/\",\"logo\":{\"@type\":\"ImageObject\",\"inLanguage\":\"fr-FR\",\"@id\":\"https:\\\/\\\/turijnmagazijn.jumpstone-dev.nl\\\/#\\\/schema\\\/logo\\\/image\\\/\",\"url\":\"https:\\\/\\\/turijnmagazijn.nl\\\/wp-content\\\/uploads\\\/2021\\\/02\\\/turijnmagazijnlogo.png\",\"contentUrl\":\"https:\\\/\\\/turijnmagazijn.nl\\\/wp-content\\\/uploads\\\/2021\\\/02\\\/turijnmagazijnlogo.png\",\"width\":555,\"height\":270,\"caption\":\"Turijnmagazijn\"},\"image\":{\"@id\":\"https:\\\/\\\/turijnmagazijn.jumpstone-dev.nl\\\/#\\\/schema\\\/logo\\\/image\\\/\"},\"sameAs\":[\"https:\\\/\\\/www.facebook.com\\\/turijnmagazijn\"]}]}<\/script>\n<!-- \/ Yoast SEO plugin. -->","yoast_head_json":{"title":"Cache moyeu Fiat Punto II Seicento logo bleu (set 4 pcs) -IMITATION- Turijnmagazijn","robots":{"index":"index","follow":"follow","max-snippet":"max-snippet:-1","max-image-preview":"max-image-preview:large","max-video-preview":"max-video-preview:-1"},"canonical":"https:\/\/turijnmagazijn.nl\/fr\/produit\/couverture-du-moyeu-fiat-punto-ii-bleu-logo-set-4-st-imitation\/","og_locale":"fr_FR","og_type":"article","og_title":"Cache moyeu Fiat Punto II Seicento logo bleu (set 4 pcs) -IMITATION- Turijnmagazijn","og_description":"Housse de moyeu Fiat Punto II logo bleu -IMITATION- - Ste de 4 imitation Housse de moyeu 50mm logo bleu Fiat.","og_url":"https:\/\/turijnmagazijn.nl\/fr\/produit\/couverture-du-moyeu-fiat-punto-ii-bleu-logo-set-4-st-imitation\/","og_site_name":"Turijnmagazijn","article_publisher":"https:\/\/www.facebook.com\/turijnmagazijn","article_modified_time":"2024-08-29T07:23:38+00:00","og_image":[{"width":1024,"height":768,"url":"https:\/\/turijnmagazijn.nl\/wp-content\/uploads\/2023\/03\/DN00100222-Naafdeksel-Fiat-Punto-II-blauw-logo-IMITATIE-3-1.jpg","type":"image\/jpeg"}],"twitter_card":"summary_large_image","schema":{"@context":"https:\/\/schema.org","@graph":[{"@type":"WebPage","@id":"https:\/\/turijnmagazijn.nl\/fr\/produit\/couverture-du-moyeu-fiat-punto-ii-bleu-logo-set-4-st-imitation\/","url":"https:\/\/turijnmagazijn.nl\/fr\/produit\/couverture-du-moyeu-fiat-punto-ii-bleu-logo-set-4-st-imitation\/","name":"Cache moyeu Fiat Punto II Seicento logo bleu (set 4 pcs) -IMITATION- Turijnmagazijn","isPartOf":{"@id":"https:\/\/turijnmagazijn.jumpstone-dev.nl\/#website"},"primaryImageOfPage":{"@id":"https:\/\/turijnmagazijn.nl\/fr\/produit\/couverture-du-moyeu-fiat-punto-ii-bleu-logo-set-4-st-imitation\/#primaryimage"},"image":{"@id":"https:\/\/turijnmagazijn.nl\/fr\/produit\/couverture-du-moyeu-fiat-punto-ii-bleu-logo-set-4-st-imitation\/#primaryimage"},"thumbnailUrl":"https:\/\/turijnmagazijn.nl\/wp-content\/uploads\/2023\/03\/DN0100222-Naafdeksel-Fiat-Seicento-Punto-2-Barchetta-Panda-2-46746586.png","datePublished":"2023-03-03T09:02:15+00:00","dateModified":"2024-08-29T07:23:38+00:00","breadcrumb":{"@id":"https:\/\/turijnmagazijn.nl\/fr\/produit\/couverture-du-moyeu-fiat-punto-ii-bleu-logo-set-4-st-imitation\/#breadcrumb"},"inLanguage":"fr-FR","potentialAction":[{"@type":"ReadAction","target":["https:\/\/turijnmagazijn.nl\/fr\/produit\/couverture-du-moyeu-fiat-punto-ii-bleu-logo-set-4-st-imitation\/"]}]},{"@type":"ImageObject","inLanguage":"fr-FR","@id":"https:\/\/turijnmagazijn.nl\/fr\/produit\/couverture-du-moyeu-fiat-punto-ii-bleu-logo-set-4-st-imitation\/#primaryimage","url":"https:\/\/turijnmagazijn.nl\/wp-content\/uploads\/2023\/03\/DN0100222-Naafdeksel-Fiat-Seicento-Punto-2-Barchetta-Panda-2-46746586.png","contentUrl":"https:\/\/turijnmagazijn.nl\/wp-content\/uploads\/2023\/03\/DN0100222-Naafdeksel-Fiat-Seicento-Punto-2-Barchetta-Panda-2-46746586.png","width":600,"height":450},{"@type":"BreadcrumbList","@id":"https:\/\/turijnmagazijn.nl\/fr\/produit\/couverture-du-moyeu-fiat-punto-ii-bleu-logo-set-4-st-imitation\/#breadcrumb","itemListElement":[{"@type":"ListItem","position":1,"name":"Home","item":"https:\/\/turijnmagazijn.nl\/fr\/"},{"@type":"ListItem","position":2,"name":"Produits","item":"https:\/\/turijnmagazijn.nl\/fr\/shop\/"},{"@type":"ListItem","position":3,"name":"Cache moyeu Fiat Punto II Seicento logo bleu (set 4 pcs) -IMITATION-"}]},{"@type":"WebSite","@id":"https:\/\/turijnmagazijn.jumpstone-dev.nl\/#website","url":"https:\/\/turijnmagazijn.jumpstone-dev.nl\/","name":"Turijnmagazijn","description":"Onderdelen nieuw en gebruikt - Fiat &amp; Lancia","publisher":{"@id":"https:\/\/turijnmagazijn.jumpstone-dev.nl\/#organization"},"potentialAction":[{"@type":"SearchAction","target":{"@type":"EntryPoint","urlTemplate":"https:\/\/turijnmagazijn.jumpstone-dev.nl\/?s={search_term_string}"},"query-input":{"@type":"PropertyValueSpecification","valueRequired":true,"valueName":"search_term_string"}}],"inLanguage":"fr-FR"},{"@type":"Organization","@id":"https:\/\/turijnmagazijn.jumpstone-dev.nl\/#organization","name":"Turijnmagazijn","url":"https:\/\/turijnmagazijn.jumpstone-dev.nl\/","logo":{"@type":"ImageObject","inLanguage":"fr-FR","@id":"https:\/\/turijnmagazijn.jumpstone-dev.nl\/#\/schema\/logo\/image\/","url":"https:\/\/turijnmagazijn.nl\/wp-content\/uploads\/2021\/02\/turijnmagazijnlogo.png","contentUrl":"https:\/\/turijnmagazijn.nl\/wp-content\/uploads\/2021\/02\/turijnmagazijnlogo.png","width":555,"height":270,"caption":"Turijnmagazijn"},"image":{"@id":"https:\/\/turijnmagazijn.jumpstone-dev.nl\/#\/schema\/logo\/image\/"},"sameAs":["https:\/\/www.facebook.com\/turijnmagazijn"]}]}},"_links":{"self":[{"href":"https:\/\/turijnmagazijn.nl\/fr\/wp-json\/wp\/v2\/product\/66886","targetHints":{"allow":["GET"]}}],"collection":[{"href":"https:\/\/turijnmagazijn.nl\/fr\/wp-json\/wp\/v2\/product"}],"about":[{"href":"https:\/\/turijnmagazijn.nl\/fr\/wp-json\/wp\/v2\/types\/product"}],"replies":[{"embeddable":true,"href":"https:\/\/turijnmagazijn.nl\/fr\/wp-json\/wp\/v2\/comments?post=66886"}],"wp:featuredmedia":[{"embeddable":true,"href":"https:\/\/turijnmagazijn.nl\/fr\/wp-json\/wp\/v2\/media\/78588"}],"wp:attachment":[{"href":"https:\/\/turijnmagazijn.nl\/fr\/wp-json\/wp\/v2\/media?parent=66886"}],"wp:term":[{"taxonomy":"product_brand","embeddable":true,"href":"https:\/\/turijnmagazijn.nl\/fr\/wp-json\/wp\/v2\/product_brand?post=66886"},{"taxonomy":"product_cat","embeddable":true,"href":"https:\/\/turijnmagazijn.nl\/fr\/wp-json\/wp\/v2\/product_cat?post=66886"},{"taxonomy":"product_tag","embeddable":true,"href":"https:\/\/turijnmagazijn.nl\/fr\/wp-json\/wp\/v2\/product_tag?post=66886"}],"curies":[{"name":"wp","href":"https:\/\/api.w.org\/{rel}","templated":true}]}}