{"id":66900,"date":"2023-03-03T09:03:39","date_gmt":"2023-03-03T08:03:39","guid":{"rendered":"https:\/\/turijnmagazijn.nl\/product\/embrayage-a-ressort-lancia-lybra-alfa-156-fiat-bravo-i\/"},"modified":"2026-04-06T08:52:45","modified_gmt":"2026-04-06T06:52:45","slug":"ressort-embrayage-lancia-lybra-alfa-156-fiat-bravo-i","status":"publish","type":"product","link":"https:\/\/turijnmagazijn.nl\/fr\/produit\/ressort-embrayage-lancia-lybra-alfa-156-fiat-bravo-i\/","title":{"rendered":"Embrayage \u00e0 ressort Lancia Lybra Alfa 156 Fiat Bravo I"},"content":{"rendered":"<p>Nouvelle reproduction de haute qualit\u00e9 pour remplacer le ressort de l\u2019embrayage. Est une alternative de meilleure qualit\u00e9 produite en Europe que l\u2019original. La pi\u00e8ce d\u2019origine n\u2019est plus disponible chez le concessionnaire.<\/p>\n<p>Ce ressort est situ\u00e9 directement derri\u00e8re la p\u00e9dale d\u2019embrayage autour de l\u2019arbre court reli\u00e9 au cylindre auxiliaire. Ces ressorts se cassent parfois, de sorte que la p\u00e9dale d\u2019embrayage pend et n\u2019entre plus proprement en position neutre. Cela peut entra\u00eener une charge suppl\u00e9mentaire sur l\u2019embrayage car l\u2019embrayage peut rester un peu \u00ab&nbsp;allum\u00e9&nbsp;\u00bb en position de ralenti. Remplacer ce simple ressort \u00e0 temps peut \u00e9conomiser beaucoup de probl\u00e8mes et d\u2019argent \u00e0 l\u2019avenir, et votre p\u00e9dale se sentira comme il se doit.<\/p>\n<p>Applicable \u00e0<\/p>\n<\/p>\n<ul>\n<li>Fiat Bravo I \/Brava<\/li>\n<li>Alfa Romeo 156<\/li>\n<li>Lancia Lybra<\/li>\n<\/ul>\n<p>OEM pour r\u00e9f\u00e9rence:&nbsp;46424866<\/p>\n<p><\/p>\n","protected":false},"excerpt":{"rendered":"<p>Embrayage \u00e0 ressort Lancia Lybra Alfa 156 Fiat Bravo I &#8211; Nouvelle reproduction de haute qualit\u00e9 rempla\u00e7ant le ressort de l\u2019embrayage.<\/p>\n","protected":false},"featured_media":96567,"comment_status":"closed","ping_status":"closed","template":"","meta":{"_acf_changed":false},"product_brand":[],"product_cat":[1613,1582,1705,1709,1690,1798,1873,1617,1882,1623,1880],"product_tag":[],"class_list":{"0":"post-66900","1":"product","2":"type-product","3":"status-publish","4":"has-post-thumbnail","6":"product_cat-156-932-fr","7":"product_cat-alfa-romeo-fr","8":"product_cat-brava-198-fr","9":"product_cat-bravo-198-fr","10":"product_cat-fiat-fr","11":"product_cat-lancia-fr","12":"product_cat-lybra-839-fr","13":"product_cat-sedan-fr","14":"product_cat-sedan-lybra-839-fr","15":"product_cat-sportwagon-fr","16":"product_cat-sw-lybra-839-fr","17":"pa_soort-onderdeel-transmission-et-accessoires","19":"first","20":"instock","21":"featured","22":"taxable","23":"shipping-taxable","24":"purchasable","25":"product-type-simple"},"acf":[],"yoast_head":"<!-- This site is optimized with the Yoast SEO plugin v27.3 - https:\/\/yoast.com\/product\/yoast-seo-wordpress\/ -->\n<title>Embrayage \u00e0 ressort Lancia Lybra Alfa 156 Fiat Bravo I - Turijnmagazijn<\/title>\n<meta name=\"robots\" content=\"index, follow, max-snippet:-1, max-image-preview:large, max-video-preview:-1\" \/>\n<link rel=\"canonical\" href=\"https:\/\/turijnmagazijn.nl\/fr\/produit\/ressort-embrayage-lancia-lybra-alfa-156-fiat-bravo-i\/\" \/>\n<meta property=\"og:locale\" content=\"fr_FR\" \/>\n<meta property=\"og:type\" content=\"article\" \/>\n<meta property=\"og:title\" content=\"Embrayage \u00e0 ressort Lancia Lybra Alfa 156 Fiat Bravo I - Turijnmagazijn\" \/>\n<meta property=\"og:description\" content=\"Embrayage \u00e0 ressort Lancia Lybra Alfa 156 Fiat Bravo I - Nouvelle reproduction de haute qualit\u00e9 rempla\u00e7ant le ressort de l\u2019embrayage.\" \/>\n<meta property=\"og:url\" content=\"https:\/\/turijnmagazijn.nl\/fr\/produit\/ressort-embrayage-lancia-lybra-alfa-156-fiat-bravo-i\/\" \/>\n<meta property=\"og:site_name\" content=\"Turijnmagazijn\" \/>\n<meta property=\"article:publisher\" content=\"https:\/\/www.facebook.com\/turijnmagazijn\" \/>\n<meta property=\"article:modified_time\" content=\"2026-04-06T06:52:45+00:00\" \/>\n<meta property=\"og:image\" content=\"https:\/\/turijnmagazijn.nl\/wp-content\/uploads\/2023\/03\/DN0100228-Veerk-koppeling-Lancia-Lybra-Alfa-156-Fiat-Bravo-46424866.png\" \/>\n\t<meta property=\"og:image:width\" content=\"903\" \/>\n\t<meta property=\"og:image:height\" content=\"687\" \/>\n\t<meta property=\"og:image:type\" content=\"image\/png\" \/>\n<meta name=\"twitter:card\" content=\"summary_large_image\" \/>\n<meta name=\"twitter:label1\" content=\"Dur\u00e9e de lecture estim\u00e9e\" \/>\n\t<meta name=\"twitter:data1\" content=\"1 minute\" \/>\n<script type=\"application\/ld+json\" class=\"yoast-schema-graph\">{\"@context\":\"https:\\\/\\\/schema.org\",\"@graph\":[{\"@type\":\"WebPage\",\"@id\":\"https:\\\/\\\/turijnmagazijn.nl\\\/fr\\\/produit\\\/ressort-embrayage-lancia-lybra-alfa-156-fiat-bravo-i\\\/\",\"url\":\"https:\\\/\\\/turijnmagazijn.nl\\\/fr\\\/produit\\\/ressort-embrayage-lancia-lybra-alfa-156-fiat-bravo-i\\\/\",\"name\":\"Embrayage \u00e0 ressort Lancia Lybra Alfa 156 Fiat Bravo I - Turijnmagazijn\",\"isPartOf\":{\"@id\":\"https:\\\/\\\/turijnmagazijn.jumpstone-dev.nl\\\/#website\"},\"primaryImageOfPage\":{\"@id\":\"https:\\\/\\\/turijnmagazijn.nl\\\/fr\\\/produit\\\/ressort-embrayage-lancia-lybra-alfa-156-fiat-bravo-i\\\/#primaryimage\"},\"image\":{\"@id\":\"https:\\\/\\\/turijnmagazijn.nl\\\/fr\\\/produit\\\/ressort-embrayage-lancia-lybra-alfa-156-fiat-bravo-i\\\/#primaryimage\"},\"thumbnailUrl\":\"https:\\\/\\\/turijnmagazijn.nl\\\/wp-content\\\/uploads\\\/2023\\\/03\\\/DN0100228-Veerk-koppeling-Lancia-Lybra-Alfa-156-Fiat-Bravo-46424866.png\",\"datePublished\":\"2023-03-03T08:03:39+00:00\",\"dateModified\":\"2026-04-06T06:52:45+00:00\",\"breadcrumb\":{\"@id\":\"https:\\\/\\\/turijnmagazijn.nl\\\/fr\\\/produit\\\/ressort-embrayage-lancia-lybra-alfa-156-fiat-bravo-i\\\/#breadcrumb\"},\"inLanguage\":\"fr-FR\",\"potentialAction\":[{\"@type\":\"ReadAction\",\"target\":[\"https:\\\/\\\/turijnmagazijn.nl\\\/fr\\\/produit\\\/ressort-embrayage-lancia-lybra-alfa-156-fiat-bravo-i\\\/\"]}]},{\"@type\":\"ImageObject\",\"inLanguage\":\"fr-FR\",\"@id\":\"https:\\\/\\\/turijnmagazijn.nl\\\/fr\\\/produit\\\/ressort-embrayage-lancia-lybra-alfa-156-fiat-bravo-i\\\/#primaryimage\",\"url\":\"https:\\\/\\\/turijnmagazijn.nl\\\/wp-content\\\/uploads\\\/2023\\\/03\\\/DN0100228-Veerk-koppeling-Lancia-Lybra-Alfa-156-Fiat-Bravo-46424866.png\",\"contentUrl\":\"https:\\\/\\\/turijnmagazijn.nl\\\/wp-content\\\/uploads\\\/2023\\\/03\\\/DN0100228-Veerk-koppeling-Lancia-Lybra-Alfa-156-Fiat-Bravo-46424866.png\",\"width\":903,\"height\":687},{\"@type\":\"BreadcrumbList\",\"@id\":\"https:\\\/\\\/turijnmagazijn.nl\\\/fr\\\/produit\\\/ressort-embrayage-lancia-lybra-alfa-156-fiat-bravo-i\\\/#breadcrumb\",\"itemListElement\":[{\"@type\":\"ListItem\",\"position\":1,\"name\":\"Home\",\"item\":\"https:\\\/\\\/turijnmagazijn.nl\\\/fr\\\/\"},{\"@type\":\"ListItem\",\"position\":2,\"name\":\"Produits\",\"item\":\"https:\\\/\\\/turijnmagazijn.nl\\\/fr\\\/shop\\\/\"},{\"@type\":\"ListItem\",\"position\":3,\"name\":\"Embrayage \u00e0 ressort Lancia Lybra Alfa 156 Fiat Bravo I\"}]},{\"@type\":\"WebSite\",\"@id\":\"https:\\\/\\\/turijnmagazijn.jumpstone-dev.nl\\\/#website\",\"url\":\"https:\\\/\\\/turijnmagazijn.jumpstone-dev.nl\\\/\",\"name\":\"Turijnmagazijn\",\"description\":\"Onderdelen nieuw en gebruikt - Fiat &amp; Lancia\",\"publisher\":{\"@id\":\"https:\\\/\\\/turijnmagazijn.jumpstone-dev.nl\\\/#organization\"},\"potentialAction\":[{\"@type\":\"SearchAction\",\"target\":{\"@type\":\"EntryPoint\",\"urlTemplate\":\"https:\\\/\\\/turijnmagazijn.jumpstone-dev.nl\\\/?s={search_term_string}\"},\"query-input\":{\"@type\":\"PropertyValueSpecification\",\"valueRequired\":true,\"valueName\":\"search_term_string\"}}],\"inLanguage\":\"fr-FR\"},{\"@type\":\"Organization\",\"@id\":\"https:\\\/\\\/turijnmagazijn.jumpstone-dev.nl\\\/#organization\",\"name\":\"Turijnmagazijn\",\"url\":\"https:\\\/\\\/turijnmagazijn.jumpstone-dev.nl\\\/\",\"logo\":{\"@type\":\"ImageObject\",\"inLanguage\":\"fr-FR\",\"@id\":\"https:\\\/\\\/turijnmagazijn.jumpstone-dev.nl\\\/#\\\/schema\\\/logo\\\/image\\\/\",\"url\":\"https:\\\/\\\/turijnmagazijn.nl\\\/wp-content\\\/uploads\\\/2021\\\/02\\\/turijnmagazijnlogo.png\",\"contentUrl\":\"https:\\\/\\\/turijnmagazijn.nl\\\/wp-content\\\/uploads\\\/2021\\\/02\\\/turijnmagazijnlogo.png\",\"width\":555,\"height\":270,\"caption\":\"Turijnmagazijn\"},\"image\":{\"@id\":\"https:\\\/\\\/turijnmagazijn.jumpstone-dev.nl\\\/#\\\/schema\\\/logo\\\/image\\\/\"},\"sameAs\":[\"https:\\\/\\\/www.facebook.com\\\/turijnmagazijn\"]}]}<\/script>\n<!-- \/ Yoast SEO plugin. -->","yoast_head_json":{"title":"Embrayage \u00e0 ressort Lancia Lybra Alfa 156 Fiat Bravo I - Turijnmagazijn","robots":{"index":"index","follow":"follow","max-snippet":"max-snippet:-1","max-image-preview":"max-image-preview:large","max-video-preview":"max-video-preview:-1"},"canonical":"https:\/\/turijnmagazijn.nl\/fr\/produit\/ressort-embrayage-lancia-lybra-alfa-156-fiat-bravo-i\/","og_locale":"fr_FR","og_type":"article","og_title":"Embrayage \u00e0 ressort Lancia Lybra Alfa 156 Fiat Bravo I - Turijnmagazijn","og_description":"Embrayage \u00e0 ressort Lancia Lybra Alfa 156 Fiat Bravo I - Nouvelle reproduction de haute qualit\u00e9 rempla\u00e7ant le ressort de l\u2019embrayage.","og_url":"https:\/\/turijnmagazijn.nl\/fr\/produit\/ressort-embrayage-lancia-lybra-alfa-156-fiat-bravo-i\/","og_site_name":"Turijnmagazijn","article_publisher":"https:\/\/www.facebook.com\/turijnmagazijn","article_modified_time":"2026-04-06T06:52:45+00:00","og_image":[{"width":903,"height":687,"url":"https:\/\/turijnmagazijn.nl\/wp-content\/uploads\/2023\/03\/DN0100228-Veerk-koppeling-Lancia-Lybra-Alfa-156-Fiat-Bravo-46424866.png","type":"image\/png"}],"twitter_card":"summary_large_image","twitter_misc":{"Dur\u00e9e de lecture estim\u00e9e":"1 minute"},"schema":{"@context":"https:\/\/schema.org","@graph":[{"@type":"WebPage","@id":"https:\/\/turijnmagazijn.nl\/fr\/produit\/ressort-embrayage-lancia-lybra-alfa-156-fiat-bravo-i\/","url":"https:\/\/turijnmagazijn.nl\/fr\/produit\/ressort-embrayage-lancia-lybra-alfa-156-fiat-bravo-i\/","name":"Embrayage \u00e0 ressort Lancia Lybra Alfa 156 Fiat Bravo I - Turijnmagazijn","isPartOf":{"@id":"https:\/\/turijnmagazijn.jumpstone-dev.nl\/#website"},"primaryImageOfPage":{"@id":"https:\/\/turijnmagazijn.nl\/fr\/produit\/ressort-embrayage-lancia-lybra-alfa-156-fiat-bravo-i\/#primaryimage"},"image":{"@id":"https:\/\/turijnmagazijn.nl\/fr\/produit\/ressort-embrayage-lancia-lybra-alfa-156-fiat-bravo-i\/#primaryimage"},"thumbnailUrl":"https:\/\/turijnmagazijn.nl\/wp-content\/uploads\/2023\/03\/DN0100228-Veerk-koppeling-Lancia-Lybra-Alfa-156-Fiat-Bravo-46424866.png","datePublished":"2023-03-03T08:03:39+00:00","dateModified":"2026-04-06T06:52:45+00:00","breadcrumb":{"@id":"https:\/\/turijnmagazijn.nl\/fr\/produit\/ressort-embrayage-lancia-lybra-alfa-156-fiat-bravo-i\/#breadcrumb"},"inLanguage":"fr-FR","potentialAction":[{"@type":"ReadAction","target":["https:\/\/turijnmagazijn.nl\/fr\/produit\/ressort-embrayage-lancia-lybra-alfa-156-fiat-bravo-i\/"]}]},{"@type":"ImageObject","inLanguage":"fr-FR","@id":"https:\/\/turijnmagazijn.nl\/fr\/produit\/ressort-embrayage-lancia-lybra-alfa-156-fiat-bravo-i\/#primaryimage","url":"https:\/\/turijnmagazijn.nl\/wp-content\/uploads\/2023\/03\/DN0100228-Veerk-koppeling-Lancia-Lybra-Alfa-156-Fiat-Bravo-46424866.png","contentUrl":"https:\/\/turijnmagazijn.nl\/wp-content\/uploads\/2023\/03\/DN0100228-Veerk-koppeling-Lancia-Lybra-Alfa-156-Fiat-Bravo-46424866.png","width":903,"height":687},{"@type":"BreadcrumbList","@id":"https:\/\/turijnmagazijn.nl\/fr\/produit\/ressort-embrayage-lancia-lybra-alfa-156-fiat-bravo-i\/#breadcrumb","itemListElement":[{"@type":"ListItem","position":1,"name":"Home","item":"https:\/\/turijnmagazijn.nl\/fr\/"},{"@type":"ListItem","position":2,"name":"Produits","item":"https:\/\/turijnmagazijn.nl\/fr\/shop\/"},{"@type":"ListItem","position":3,"name":"Embrayage \u00e0 ressort Lancia Lybra Alfa 156 Fiat Bravo I"}]},{"@type":"WebSite","@id":"https:\/\/turijnmagazijn.jumpstone-dev.nl\/#website","url":"https:\/\/turijnmagazijn.jumpstone-dev.nl\/","name":"Turijnmagazijn","description":"Onderdelen nieuw en gebruikt - Fiat &amp; Lancia","publisher":{"@id":"https:\/\/turijnmagazijn.jumpstone-dev.nl\/#organization"},"potentialAction":[{"@type":"SearchAction","target":{"@type":"EntryPoint","urlTemplate":"https:\/\/turijnmagazijn.jumpstone-dev.nl\/?s={search_term_string}"},"query-input":{"@type":"PropertyValueSpecification","valueRequired":true,"valueName":"search_term_string"}}],"inLanguage":"fr-FR"},{"@type":"Organization","@id":"https:\/\/turijnmagazijn.jumpstone-dev.nl\/#organization","name":"Turijnmagazijn","url":"https:\/\/turijnmagazijn.jumpstone-dev.nl\/","logo":{"@type":"ImageObject","inLanguage":"fr-FR","@id":"https:\/\/turijnmagazijn.jumpstone-dev.nl\/#\/schema\/logo\/image\/","url":"https:\/\/turijnmagazijn.nl\/wp-content\/uploads\/2021\/02\/turijnmagazijnlogo.png","contentUrl":"https:\/\/turijnmagazijn.nl\/wp-content\/uploads\/2021\/02\/turijnmagazijnlogo.png","width":555,"height":270,"caption":"Turijnmagazijn"},"image":{"@id":"https:\/\/turijnmagazijn.jumpstone-dev.nl\/#\/schema\/logo\/image\/"},"sameAs":["https:\/\/www.facebook.com\/turijnmagazijn"]}]}},"_links":{"self":[{"href":"https:\/\/turijnmagazijn.nl\/fr\/wp-json\/wp\/v2\/product\/66900","targetHints":{"allow":["GET"]}}],"collection":[{"href":"https:\/\/turijnmagazijn.nl\/fr\/wp-json\/wp\/v2\/product"}],"about":[{"href":"https:\/\/turijnmagazijn.nl\/fr\/wp-json\/wp\/v2\/types\/product"}],"replies":[{"embeddable":true,"href":"https:\/\/turijnmagazijn.nl\/fr\/wp-json\/wp\/v2\/comments?post=66900"}],"wp:featuredmedia":[{"embeddable":true,"href":"https:\/\/turijnmagazijn.nl\/fr\/wp-json\/wp\/v2\/media\/96567"}],"wp:attachment":[{"href":"https:\/\/turijnmagazijn.nl\/fr\/wp-json\/wp\/v2\/media?parent=66900"}],"wp:term":[{"taxonomy":"product_brand","embeddable":true,"href":"https:\/\/turijnmagazijn.nl\/fr\/wp-json\/wp\/v2\/product_brand?post=66900"},{"taxonomy":"product_cat","embeddable":true,"href":"https:\/\/turijnmagazijn.nl\/fr\/wp-json\/wp\/v2\/product_cat?post=66900"},{"taxonomy":"product_tag","embeddable":true,"href":"https:\/\/turijnmagazijn.nl\/fr\/wp-json\/wp\/v2\/product_tag?post=66900"}],"curies":[{"name":"wp","href":"https:\/\/api.w.org\/{rel}","templated":true}]}}