{"id":66908,"date":"2023-03-03T09:04:02","date_gmt":"2023-03-03T08:04:02","guid":{"rendered":"https:\/\/turijnmagazijn.nl\/product\/porte-cles-logo-fiat-80s-nouveau\/"},"modified":"2026-03-01T12:45:08","modified_gmt":"2026-03-01T11:45:08","slug":"porte-cles-fiat-logo-80s-nouveau","status":"publish","type":"product","link":"https:\/\/turijnmagazijn.nl\/fr\/produit\/porte-cles-fiat-logo-80s-nouveau\/","title":{"rendered":"Porte-cl\u00e9s Logo Fiat 80s -NOUVEAU-"},"content":{"rendered":"<p><a style=\"background-color: #ffffff; color: #23527c; outline: 0px;\" href=\"https:\/\/turijnmagazijn.nl\/fr\/expedition-par-boite-aux-lettres\/\" target=\"\" rel=\"noopener\"><img decoding=\"async\" src=\"https:\/\/www.delenkorf.nl\/image\/catalog\/brievenbus.png\"><\/a><\/p>\n<p>Porte-cl\u00e9s FIAT avec le logo fiat tel qu\u2019utilis\u00e9 dans les ann\u00e9es 80 avec les 4 cubes remplis de bleu.<\/p>\n<p>Un joli gadget pour les passionn\u00e9s.<\/p>\n<p>Ce porte-cl\u00e9s est un bel objet de qualit\u00e9. C\u2019est un embl\u00e8me en m\u00e9tal moul\u00e9 avec de l\u2019\u00e9mail bleu rempli.<\/p>\n<p>Le dos est en m\u00e9tal nu.<\/p>\n<p>Les dimensions du logo sont d\u2019environ 60x15mm.<\/p>\n<p>&nbsp;<\/p>\n","protected":false},"excerpt":{"rendered":"<p>Porte-cl\u00e9s Logo Fiat des ann\u00e9es 80 -NOUVEAU- Porte-cl\u00e9s FIAT avec le logo fiat tel qu\u2019utilis\u00e9 dans les ann\u00e9es 80 avec les 4 cubes remplis de bleu.<\/p>\n","protected":false},"featured_media":54988,"comment_status":"closed","ping_status":"closed","template":"","meta":{"_acf_changed":false},"product_brand":[],"product_cat":[1713,1722,1690,1738,1741,1748,1754,1779,1781,1786,1792],"product_tag":[],"class_list":{"0":"post-66908","1":"product","2":"type-product","3":"status-publish","4":"has-post-thumbnail","6":"product_cat-cinquecento-170-fr","7":"product_cat-croma-1-154-fr","8":"product_cat-fiat-fr","9":"product_cat-multipla-186-fr","10":"product_cat-panda-1-141-fr","11":"product_cat-punto-1-176-fr","12":"product_cat-ritmo-183-fr","13":"product_cat-tempra-159-fr","14":"product_cat-tipo-1-160-fr","15":"product_cat-uno-1-146-fr","16":"product_cat-x1-9-128-fr","17":"pa_soort-onderdeel-porte-cles-et-autocollants","19":"first","20":"outofstock","21":"taxable","22":"shipping-taxable","23":"purchasable","24":"product-type-simple"},"acf":[],"yoast_head":"<!-- This site is optimized with the Yoast SEO plugin v27.3 - https:\/\/yoast.com\/product\/yoast-seo-wordpress\/ -->\n<title>Porte-cl\u00e9s Logo Fiat 80s -NOUVEAU- Turijnmagazijn<\/title>\n<meta name=\"robots\" content=\"index, follow, max-snippet:-1, max-image-preview:large, max-video-preview:-1\" \/>\n<link rel=\"canonical\" href=\"https:\/\/turijnmagazijn.nl\/fr\/produit\/porte-cles-fiat-logo-80s-nouveau\/\" \/>\n<meta property=\"og:locale\" content=\"fr_FR\" \/>\n<meta property=\"og:type\" content=\"article\" \/>\n<meta property=\"og:title\" content=\"Porte-cl\u00e9s Logo Fiat 80s -NOUVEAU- Turijnmagazijn\" \/>\n<meta property=\"og:description\" content=\"Porte-cl\u00e9s Logo Fiat des ann\u00e9es 80 -NOUVEAU- Porte-cl\u00e9s FIAT avec le logo fiat tel qu\u2019utilis\u00e9 dans les ann\u00e9es 80 avec les 4 cubes remplis de bleu.\" \/>\n<meta property=\"og:url\" content=\"https:\/\/turijnmagazijn.nl\/fr\/produit\/porte-cles-fiat-logo-80s-nouveau\/\" \/>\n<meta property=\"og:site_name\" content=\"Turijnmagazijn\" \/>\n<meta property=\"article:publisher\" content=\"https:\/\/www.facebook.com\/turijnmagazijn\" \/>\n<meta property=\"article:modified_time\" content=\"2026-03-01T11:45:08+00:00\" \/>\n<meta property=\"og:image\" content=\"https:\/\/turijnmagazijn.nl\/wp-content\/uploads\/2023\/03\/DN00100232-Sleutelhanger-Fiat-logo-jaren-80-NIEUW-3.jpg\" \/>\n\t<meta property=\"og:image:width\" content=\"1024\" \/>\n\t<meta property=\"og:image:height\" content=\"768\" \/>\n\t<meta property=\"og:image:type\" content=\"image\/jpeg\" \/>\n<meta name=\"twitter:card\" content=\"summary_large_image\" \/>\n<script type=\"application\/ld+json\" class=\"yoast-schema-graph\">{\"@context\":\"https:\\\/\\\/schema.org\",\"@graph\":[{\"@type\":\"WebPage\",\"@id\":\"https:\\\/\\\/turijnmagazijn.nl\\\/fr\\\/produit\\\/porte-cles-fiat-logo-80s-nouveau\\\/\",\"url\":\"https:\\\/\\\/turijnmagazijn.nl\\\/fr\\\/produit\\\/porte-cles-fiat-logo-80s-nouveau\\\/\",\"name\":\"Porte-cl\u00e9s Logo Fiat 80s -NOUVEAU- Turijnmagazijn\",\"isPartOf\":{\"@id\":\"https:\\\/\\\/turijnmagazijn.jumpstone-dev.nl\\\/#website\"},\"primaryImageOfPage\":{\"@id\":\"https:\\\/\\\/turijnmagazijn.nl\\\/fr\\\/produit\\\/porte-cles-fiat-logo-80s-nouveau\\\/#primaryimage\"},\"image\":{\"@id\":\"https:\\\/\\\/turijnmagazijn.nl\\\/fr\\\/produit\\\/porte-cles-fiat-logo-80s-nouveau\\\/#primaryimage\"},\"thumbnailUrl\":\"https:\\\/\\\/turijnmagazijn.nl\\\/wp-content\\\/uploads\\\/2023\\\/03\\\/DN00100232-Sleutelhanger-Fiat-logo-jaren-80-NIEUW-3.jpg\",\"datePublished\":\"2023-03-03T08:04:02+00:00\",\"dateModified\":\"2026-03-01T11:45:08+00:00\",\"breadcrumb\":{\"@id\":\"https:\\\/\\\/turijnmagazijn.nl\\\/fr\\\/produit\\\/porte-cles-fiat-logo-80s-nouveau\\\/#breadcrumb\"},\"inLanguage\":\"fr-FR\",\"potentialAction\":[{\"@type\":\"ReadAction\",\"target\":[\"https:\\\/\\\/turijnmagazijn.nl\\\/fr\\\/produit\\\/porte-cles-fiat-logo-80s-nouveau\\\/\"]}]},{\"@type\":\"ImageObject\",\"inLanguage\":\"fr-FR\",\"@id\":\"https:\\\/\\\/turijnmagazijn.nl\\\/fr\\\/produit\\\/porte-cles-fiat-logo-80s-nouveau\\\/#primaryimage\",\"url\":\"https:\\\/\\\/turijnmagazijn.nl\\\/wp-content\\\/uploads\\\/2023\\\/03\\\/DN00100232-Sleutelhanger-Fiat-logo-jaren-80-NIEUW-3.jpg\",\"contentUrl\":\"https:\\\/\\\/turijnmagazijn.nl\\\/wp-content\\\/uploads\\\/2023\\\/03\\\/DN00100232-Sleutelhanger-Fiat-logo-jaren-80-NIEUW-3.jpg\",\"width\":1024,\"height\":768},{\"@type\":\"BreadcrumbList\",\"@id\":\"https:\\\/\\\/turijnmagazijn.nl\\\/fr\\\/produit\\\/porte-cles-fiat-logo-80s-nouveau\\\/#breadcrumb\",\"itemListElement\":[{\"@type\":\"ListItem\",\"position\":1,\"name\":\"Home\",\"item\":\"https:\\\/\\\/turijnmagazijn.nl\\\/fr\\\/\"},{\"@type\":\"ListItem\",\"position\":2,\"name\":\"Produits\",\"item\":\"https:\\\/\\\/turijnmagazijn.nl\\\/fr\\\/shop\\\/\"},{\"@type\":\"ListItem\",\"position\":3,\"name\":\"Porte-cl\u00e9s Logo Fiat 80s -NOUVEAU-\"}]},{\"@type\":\"WebSite\",\"@id\":\"https:\\\/\\\/turijnmagazijn.jumpstone-dev.nl\\\/#website\",\"url\":\"https:\\\/\\\/turijnmagazijn.jumpstone-dev.nl\\\/\",\"name\":\"Turijnmagazijn\",\"description\":\"Onderdelen nieuw en gebruikt - Fiat &amp; Lancia\",\"publisher\":{\"@id\":\"https:\\\/\\\/turijnmagazijn.jumpstone-dev.nl\\\/#organization\"},\"potentialAction\":[{\"@type\":\"SearchAction\",\"target\":{\"@type\":\"EntryPoint\",\"urlTemplate\":\"https:\\\/\\\/turijnmagazijn.jumpstone-dev.nl\\\/?s={search_term_string}\"},\"query-input\":{\"@type\":\"PropertyValueSpecification\",\"valueRequired\":true,\"valueName\":\"search_term_string\"}}],\"inLanguage\":\"fr-FR\"},{\"@type\":\"Organization\",\"@id\":\"https:\\\/\\\/turijnmagazijn.jumpstone-dev.nl\\\/#organization\",\"name\":\"Turijnmagazijn\",\"url\":\"https:\\\/\\\/turijnmagazijn.jumpstone-dev.nl\\\/\",\"logo\":{\"@type\":\"ImageObject\",\"inLanguage\":\"fr-FR\",\"@id\":\"https:\\\/\\\/turijnmagazijn.jumpstone-dev.nl\\\/#\\\/schema\\\/logo\\\/image\\\/\",\"url\":\"https:\\\/\\\/turijnmagazijn.nl\\\/wp-content\\\/uploads\\\/2021\\\/02\\\/turijnmagazijnlogo.png\",\"contentUrl\":\"https:\\\/\\\/turijnmagazijn.nl\\\/wp-content\\\/uploads\\\/2021\\\/02\\\/turijnmagazijnlogo.png\",\"width\":555,\"height\":270,\"caption\":\"Turijnmagazijn\"},\"image\":{\"@id\":\"https:\\\/\\\/turijnmagazijn.jumpstone-dev.nl\\\/#\\\/schema\\\/logo\\\/image\\\/\"},\"sameAs\":[\"https:\\\/\\\/www.facebook.com\\\/turijnmagazijn\"]}]}<\/script>\n<!-- \/ Yoast SEO plugin. -->","yoast_head_json":{"title":"Porte-cl\u00e9s Logo Fiat 80s -NOUVEAU- Turijnmagazijn","robots":{"index":"index","follow":"follow","max-snippet":"max-snippet:-1","max-image-preview":"max-image-preview:large","max-video-preview":"max-video-preview:-1"},"canonical":"https:\/\/turijnmagazijn.nl\/fr\/produit\/porte-cles-fiat-logo-80s-nouveau\/","og_locale":"fr_FR","og_type":"article","og_title":"Porte-cl\u00e9s Logo Fiat 80s -NOUVEAU- Turijnmagazijn","og_description":"Porte-cl\u00e9s Logo Fiat des ann\u00e9es 80 -NOUVEAU- Porte-cl\u00e9s FIAT avec le logo fiat tel qu\u2019utilis\u00e9 dans les ann\u00e9es 80 avec les 4 cubes remplis de bleu.","og_url":"https:\/\/turijnmagazijn.nl\/fr\/produit\/porte-cles-fiat-logo-80s-nouveau\/","og_site_name":"Turijnmagazijn","article_publisher":"https:\/\/www.facebook.com\/turijnmagazijn","article_modified_time":"2026-03-01T11:45:08+00:00","og_image":[{"width":1024,"height":768,"url":"https:\/\/turijnmagazijn.nl\/wp-content\/uploads\/2023\/03\/DN00100232-Sleutelhanger-Fiat-logo-jaren-80-NIEUW-3.jpg","type":"image\/jpeg"}],"twitter_card":"summary_large_image","schema":{"@context":"https:\/\/schema.org","@graph":[{"@type":"WebPage","@id":"https:\/\/turijnmagazijn.nl\/fr\/produit\/porte-cles-fiat-logo-80s-nouveau\/","url":"https:\/\/turijnmagazijn.nl\/fr\/produit\/porte-cles-fiat-logo-80s-nouveau\/","name":"Porte-cl\u00e9s Logo Fiat 80s -NOUVEAU- Turijnmagazijn","isPartOf":{"@id":"https:\/\/turijnmagazijn.jumpstone-dev.nl\/#website"},"primaryImageOfPage":{"@id":"https:\/\/turijnmagazijn.nl\/fr\/produit\/porte-cles-fiat-logo-80s-nouveau\/#primaryimage"},"image":{"@id":"https:\/\/turijnmagazijn.nl\/fr\/produit\/porte-cles-fiat-logo-80s-nouveau\/#primaryimage"},"thumbnailUrl":"https:\/\/turijnmagazijn.nl\/wp-content\/uploads\/2023\/03\/DN00100232-Sleutelhanger-Fiat-logo-jaren-80-NIEUW-3.jpg","datePublished":"2023-03-03T08:04:02+00:00","dateModified":"2026-03-01T11:45:08+00:00","breadcrumb":{"@id":"https:\/\/turijnmagazijn.nl\/fr\/produit\/porte-cles-fiat-logo-80s-nouveau\/#breadcrumb"},"inLanguage":"fr-FR","potentialAction":[{"@type":"ReadAction","target":["https:\/\/turijnmagazijn.nl\/fr\/produit\/porte-cles-fiat-logo-80s-nouveau\/"]}]},{"@type":"ImageObject","inLanguage":"fr-FR","@id":"https:\/\/turijnmagazijn.nl\/fr\/produit\/porte-cles-fiat-logo-80s-nouveau\/#primaryimage","url":"https:\/\/turijnmagazijn.nl\/wp-content\/uploads\/2023\/03\/DN00100232-Sleutelhanger-Fiat-logo-jaren-80-NIEUW-3.jpg","contentUrl":"https:\/\/turijnmagazijn.nl\/wp-content\/uploads\/2023\/03\/DN00100232-Sleutelhanger-Fiat-logo-jaren-80-NIEUW-3.jpg","width":1024,"height":768},{"@type":"BreadcrumbList","@id":"https:\/\/turijnmagazijn.nl\/fr\/produit\/porte-cles-fiat-logo-80s-nouveau\/#breadcrumb","itemListElement":[{"@type":"ListItem","position":1,"name":"Home","item":"https:\/\/turijnmagazijn.nl\/fr\/"},{"@type":"ListItem","position":2,"name":"Produits","item":"https:\/\/turijnmagazijn.nl\/fr\/shop\/"},{"@type":"ListItem","position":3,"name":"Porte-cl\u00e9s Logo Fiat 80s -NOUVEAU-"}]},{"@type":"WebSite","@id":"https:\/\/turijnmagazijn.jumpstone-dev.nl\/#website","url":"https:\/\/turijnmagazijn.jumpstone-dev.nl\/","name":"Turijnmagazijn","description":"Onderdelen nieuw en gebruikt - Fiat &amp; Lancia","publisher":{"@id":"https:\/\/turijnmagazijn.jumpstone-dev.nl\/#organization"},"potentialAction":[{"@type":"SearchAction","target":{"@type":"EntryPoint","urlTemplate":"https:\/\/turijnmagazijn.jumpstone-dev.nl\/?s={search_term_string}"},"query-input":{"@type":"PropertyValueSpecification","valueRequired":true,"valueName":"search_term_string"}}],"inLanguage":"fr-FR"},{"@type":"Organization","@id":"https:\/\/turijnmagazijn.jumpstone-dev.nl\/#organization","name":"Turijnmagazijn","url":"https:\/\/turijnmagazijn.jumpstone-dev.nl\/","logo":{"@type":"ImageObject","inLanguage":"fr-FR","@id":"https:\/\/turijnmagazijn.jumpstone-dev.nl\/#\/schema\/logo\/image\/","url":"https:\/\/turijnmagazijn.nl\/wp-content\/uploads\/2021\/02\/turijnmagazijnlogo.png","contentUrl":"https:\/\/turijnmagazijn.nl\/wp-content\/uploads\/2021\/02\/turijnmagazijnlogo.png","width":555,"height":270,"caption":"Turijnmagazijn"},"image":{"@id":"https:\/\/turijnmagazijn.jumpstone-dev.nl\/#\/schema\/logo\/image\/"},"sameAs":["https:\/\/www.facebook.com\/turijnmagazijn"]}]}},"_links":{"self":[{"href":"https:\/\/turijnmagazijn.nl\/fr\/wp-json\/wp\/v2\/product\/66908","targetHints":{"allow":["GET"]}}],"collection":[{"href":"https:\/\/turijnmagazijn.nl\/fr\/wp-json\/wp\/v2\/product"}],"about":[{"href":"https:\/\/turijnmagazijn.nl\/fr\/wp-json\/wp\/v2\/types\/product"}],"replies":[{"embeddable":true,"href":"https:\/\/turijnmagazijn.nl\/fr\/wp-json\/wp\/v2\/comments?post=66908"}],"wp:featuredmedia":[{"embeddable":true,"href":"https:\/\/turijnmagazijn.nl\/fr\/wp-json\/wp\/v2\/media\/54988"}],"wp:attachment":[{"href":"https:\/\/turijnmagazijn.nl\/fr\/wp-json\/wp\/v2\/media?parent=66908"}],"wp:term":[{"taxonomy":"product_brand","embeddable":true,"href":"https:\/\/turijnmagazijn.nl\/fr\/wp-json\/wp\/v2\/product_brand?post=66908"},{"taxonomy":"product_cat","embeddable":true,"href":"https:\/\/turijnmagazijn.nl\/fr\/wp-json\/wp\/v2\/product_cat?post=66908"},{"taxonomy":"product_tag","embeddable":true,"href":"https:\/\/turijnmagazijn.nl\/fr\/wp-json\/wp\/v2\/product_tag?post=66908"}],"curies":[{"name":"wp","href":"https:\/\/api.w.org\/{rel}","templated":true}]}}