{"id":66963,"date":"2023-03-03T10:06:07","date_gmt":"2023-03-03T09:06:07","guid":{"rendered":"https:\/\/turijnmagazijn.nl\/product\/pompe-lave-glace-alfa-fiat-lancia-nouveau\/"},"modified":"2023-07-27T13:26:16","modified_gmt":"2023-07-27T11:26:16","slug":"pompe-lave-glace-alfa-fiat-lancia-new","status":"publish","type":"product","link":"https:\/\/turijnmagazijn.nl\/fr\/produit\/pompe-lave-glace-alfa-fiat-lancia-new\/","title":{"rendered":"Pompe lave-glace Alfa Fiat Lancia -NOUVEAU-"},"content":{"rendered":"<p>Nouvelle pompe lave-glace adapt\u00e9e \u00e0 diff\u00e9rents types d\u2019Alfa Romeo Lancia et Fiat.  <\/p>\n<p>Cette pompe est \u00e9quip\u00e9e de 1 ouverture de sortie et de 1 point d\u2019admission. Le point d\u2019enregistrement est muni du caoutchouc d\u2019\u00e9tanch\u00e9it\u00e9. Cette pompe est ins\u00e9r\u00e9e dans le r\u00e9servoir.<\/p>\n<p>Cette pompe peut \u00eatre utilis\u00e9e pour les types suivants;<\/p>\n<\/p>\n<ul>\n<li>Alfa 146<\/li>\n<li>Alfa 156<\/li>\n<li>Alfa GTV<\/li>\n<li>Alfa GT<\/li>\n<li>Alfa Spider<\/li>\n<li>Fiat Coup\u00e9<\/li>\n<li>Fiat Marea<\/li>\n<li>Fiat Tempra<\/li>\n<li>Lancia Dedra<\/li>\n<li>Lancia Lybra<\/li>\n<li>Lancia Kappa Berlina<\/li>\n<li>Lancia Kappa Coup\u00e9<\/li>\n<\/ul>\n<p>La pompe est \u00e9quip\u00e9e d\u2019une connexion \u00e0 2 broches.<\/p>\n<p>\u00c9galement \u00e9quip\u00e9 d\u2019un morceau de tuyau de 30 cm et d\u2019un raccord \u00e0 raccord. Ce n\u2019est pas n\u00e9cessaire pour toutes les applications.<\/p>\n<p>Lorsqu\u2019elle est appliqu\u00e9e \u00e0 la Lancia Kappa, cette pompe est destin\u00e9e aux voitures \u00e9quip\u00e9es de lave-phares.<\/p>\n<p>OEM Alfa Romeo 71719636<\/p>\n<p>OEM lancia 7682337<\/p>\n<p>OEM Fiat 71730139<\/p>\n","protected":false},"excerpt":{"rendered":"<p>Pompe lave-glace Alfa Fiat Lancia -NOUVEAU- Nouvelle pompe de lave-glace adapt\u00e9e \u00e0 diff\u00e9rents types d\u2019Alfa Romeo Lancia et Fiat.<\/p>\n","protected":false},"featured_media":55244,"comment_status":"open","ping_status":"closed","template":"","meta":{"_acf_changed":false},"product_brand":[],"product_cat":[1597,1613,1582,1865,1719,1802,1690,1860,1798,1873,1736,1738,1870,1779,1896,1897],"product_tag":[],"class_list":{"0":"post-66963","1":"product","2":"type-product","3":"status-publish","4":"has-post-thumbnail","6":"product_cat-145-930a-fr","7":"product_cat-156-932-fr","8":"product_cat-alfa-romeo-fr","9":"product_cat-coupe-fr","10":"product_cat-coupe-175-fr","11":"product_cat-dedra-835-fr","12":"product_cat-fiat-fr","13":"product_cat-kappa-838-fr","14":"product_cat-lancia-fr","15":"product_cat-lybra-839-fr","16":"product_cat-marea-185-fr","17":"product_cat-multipla-186-fr","18":"product_cat-sw-fr","19":"product_cat-tempra-159-fr","20":"product_cat-thema-834-fr","21":"product_cat-thema-sw-fr","22":"pa_soort-onderdeel-carrosserie-et-tolerie","24":"first","25":"instock","26":"taxable","27":"shipping-taxable","28":"purchasable","29":"product-type-simple"},"acf":[],"yoast_head":"<!-- This site is optimized with the Yoast SEO plugin v27.3 - https:\/\/yoast.com\/product\/yoast-seo-wordpress\/ -->\n<title>Pompe lave-glace Alfa Fiat Lancia -NOUVEAU- Turijnmagazijn<\/title>\n<meta name=\"robots\" content=\"index, follow, max-snippet:-1, max-image-preview:large, max-video-preview:-1\" \/>\n<link rel=\"canonical\" href=\"https:\/\/turijnmagazijn.nl\/fr\/produit\/pompe-lave-glace-alfa-fiat-lancia-new\/\" \/>\n<meta property=\"og:locale\" content=\"fr_FR\" \/>\n<meta property=\"og:type\" content=\"article\" \/>\n<meta property=\"og:title\" content=\"Pompe lave-glace Alfa Fiat Lancia -NOUVEAU- Turijnmagazijn\" \/>\n<meta property=\"og:description\" content=\"Pompe lave-glace Alfa Fiat Lancia -NOUVEAU- Nouvelle pompe de lave-glace adapt\u00e9e \u00e0 diff\u00e9rents types d\u2019Alfa Romeo Lancia et Fiat.\" \/>\n<meta property=\"og:url\" content=\"https:\/\/turijnmagazijn.nl\/fr\/produit\/pompe-lave-glace-alfa-fiat-lancia-new\/\" \/>\n<meta property=\"og:site_name\" content=\"Turijnmagazijn\" \/>\n<meta property=\"article:publisher\" content=\"https:\/\/www.facebook.com\/turijnmagazijn\" \/>\n<meta property=\"article:modified_time\" content=\"2023-07-27T11:26:16+00:00\" \/>\n<meta property=\"og:image\" content=\"https:\/\/turijnmagazijn.nl\/wp-content\/uploads\/2023\/03\/DN00100248-Ruitensproeierpomp-Alfa-Fiat-Lancia-NIEUW-3-1.jpg\" \/>\n\t<meta property=\"og:image:width\" content=\"1024\" \/>\n\t<meta property=\"og:image:height\" content=\"768\" \/>\n\t<meta property=\"og:image:type\" content=\"image\/jpeg\" \/>\n<meta name=\"twitter:card\" content=\"summary_large_image\" \/>\n<meta name=\"twitter:label1\" content=\"Dur\u00e9e de lecture estim\u00e9e\" \/>\n\t<meta name=\"twitter:data1\" content=\"1 minute\" \/>\n<script type=\"application\/ld+json\" class=\"yoast-schema-graph\">{\"@context\":\"https:\\\/\\\/schema.org\",\"@graph\":[{\"@type\":\"WebPage\",\"@id\":\"https:\\\/\\\/turijnmagazijn.nl\\\/fr\\\/produit\\\/pompe-lave-glace-alfa-fiat-lancia-new\\\/\",\"url\":\"https:\\\/\\\/turijnmagazijn.nl\\\/fr\\\/produit\\\/pompe-lave-glace-alfa-fiat-lancia-new\\\/\",\"name\":\"Pompe lave-glace Alfa Fiat Lancia -NOUVEAU- Turijnmagazijn\",\"isPartOf\":{\"@id\":\"https:\\\/\\\/turijnmagazijn.jumpstone-dev.nl\\\/#website\"},\"primaryImageOfPage\":{\"@id\":\"https:\\\/\\\/turijnmagazijn.nl\\\/fr\\\/produit\\\/pompe-lave-glace-alfa-fiat-lancia-new\\\/#primaryimage\"},\"image\":{\"@id\":\"https:\\\/\\\/turijnmagazijn.nl\\\/fr\\\/produit\\\/pompe-lave-glace-alfa-fiat-lancia-new\\\/#primaryimage\"},\"thumbnailUrl\":\"https:\\\/\\\/turijnmagazijn.nl\\\/wp-content\\\/uploads\\\/2023\\\/03\\\/DN00100248-Ruitensproeierpomp-Alfa-Fiat-Lancia-NIEUW-3-1.jpg\",\"datePublished\":\"2023-03-03T09:06:07+00:00\",\"dateModified\":\"2023-07-27T11:26:16+00:00\",\"breadcrumb\":{\"@id\":\"https:\\\/\\\/turijnmagazijn.nl\\\/fr\\\/produit\\\/pompe-lave-glace-alfa-fiat-lancia-new\\\/#breadcrumb\"},\"inLanguage\":\"fr-FR\",\"potentialAction\":[{\"@type\":\"ReadAction\",\"target\":[\"https:\\\/\\\/turijnmagazijn.nl\\\/fr\\\/produit\\\/pompe-lave-glace-alfa-fiat-lancia-new\\\/\"]}]},{\"@type\":\"ImageObject\",\"inLanguage\":\"fr-FR\",\"@id\":\"https:\\\/\\\/turijnmagazijn.nl\\\/fr\\\/produit\\\/pompe-lave-glace-alfa-fiat-lancia-new\\\/#primaryimage\",\"url\":\"https:\\\/\\\/turijnmagazijn.nl\\\/wp-content\\\/uploads\\\/2023\\\/03\\\/DN00100248-Ruitensproeierpomp-Alfa-Fiat-Lancia-NIEUW-3-1.jpg\",\"contentUrl\":\"https:\\\/\\\/turijnmagazijn.nl\\\/wp-content\\\/uploads\\\/2023\\\/03\\\/DN00100248-Ruitensproeierpomp-Alfa-Fiat-Lancia-NIEUW-3-1.jpg\",\"width\":1024,\"height\":768},{\"@type\":\"BreadcrumbList\",\"@id\":\"https:\\\/\\\/turijnmagazijn.nl\\\/fr\\\/produit\\\/pompe-lave-glace-alfa-fiat-lancia-new\\\/#breadcrumb\",\"itemListElement\":[{\"@type\":\"ListItem\",\"position\":1,\"name\":\"Home\",\"item\":\"https:\\\/\\\/turijnmagazijn.nl\\\/fr\\\/\"},{\"@type\":\"ListItem\",\"position\":2,\"name\":\"Produits\",\"item\":\"https:\\\/\\\/turijnmagazijn.nl\\\/fr\\\/shop\\\/\"},{\"@type\":\"ListItem\",\"position\":3,\"name\":\"Pompe lave-glace Alfa Fiat Lancia -NOUVEAU-\"}]},{\"@type\":\"WebSite\",\"@id\":\"https:\\\/\\\/turijnmagazijn.jumpstone-dev.nl\\\/#website\",\"url\":\"https:\\\/\\\/turijnmagazijn.jumpstone-dev.nl\\\/\",\"name\":\"Turijnmagazijn\",\"description\":\"Onderdelen nieuw en gebruikt - Fiat &amp; Lancia\",\"publisher\":{\"@id\":\"https:\\\/\\\/turijnmagazijn.jumpstone-dev.nl\\\/#organization\"},\"potentialAction\":[{\"@type\":\"SearchAction\",\"target\":{\"@type\":\"EntryPoint\",\"urlTemplate\":\"https:\\\/\\\/turijnmagazijn.jumpstone-dev.nl\\\/?s={search_term_string}\"},\"query-input\":{\"@type\":\"PropertyValueSpecification\",\"valueRequired\":true,\"valueName\":\"search_term_string\"}}],\"inLanguage\":\"fr-FR\"},{\"@type\":\"Organization\",\"@id\":\"https:\\\/\\\/turijnmagazijn.jumpstone-dev.nl\\\/#organization\",\"name\":\"Turijnmagazijn\",\"url\":\"https:\\\/\\\/turijnmagazijn.jumpstone-dev.nl\\\/\",\"logo\":{\"@type\":\"ImageObject\",\"inLanguage\":\"fr-FR\",\"@id\":\"https:\\\/\\\/turijnmagazijn.jumpstone-dev.nl\\\/#\\\/schema\\\/logo\\\/image\\\/\",\"url\":\"https:\\\/\\\/turijnmagazijn.nl\\\/wp-content\\\/uploads\\\/2021\\\/02\\\/turijnmagazijnlogo.png\",\"contentUrl\":\"https:\\\/\\\/turijnmagazijn.nl\\\/wp-content\\\/uploads\\\/2021\\\/02\\\/turijnmagazijnlogo.png\",\"width\":555,\"height\":270,\"caption\":\"Turijnmagazijn\"},\"image\":{\"@id\":\"https:\\\/\\\/turijnmagazijn.jumpstone-dev.nl\\\/#\\\/schema\\\/logo\\\/image\\\/\"},\"sameAs\":[\"https:\\\/\\\/www.facebook.com\\\/turijnmagazijn\"]}]}<\/script>\n<!-- \/ Yoast SEO plugin. -->","yoast_head_json":{"title":"Pompe lave-glace Alfa Fiat Lancia -NOUVEAU- Turijnmagazijn","robots":{"index":"index","follow":"follow","max-snippet":"max-snippet:-1","max-image-preview":"max-image-preview:large","max-video-preview":"max-video-preview:-1"},"canonical":"https:\/\/turijnmagazijn.nl\/fr\/produit\/pompe-lave-glace-alfa-fiat-lancia-new\/","og_locale":"fr_FR","og_type":"article","og_title":"Pompe lave-glace Alfa Fiat Lancia -NOUVEAU- Turijnmagazijn","og_description":"Pompe lave-glace Alfa Fiat Lancia -NOUVEAU- Nouvelle pompe de lave-glace adapt\u00e9e \u00e0 diff\u00e9rents types d\u2019Alfa Romeo Lancia et Fiat.","og_url":"https:\/\/turijnmagazijn.nl\/fr\/produit\/pompe-lave-glace-alfa-fiat-lancia-new\/","og_site_name":"Turijnmagazijn","article_publisher":"https:\/\/www.facebook.com\/turijnmagazijn","article_modified_time":"2023-07-27T11:26:16+00:00","og_image":[{"width":1024,"height":768,"url":"https:\/\/turijnmagazijn.nl\/wp-content\/uploads\/2023\/03\/DN00100248-Ruitensproeierpomp-Alfa-Fiat-Lancia-NIEUW-3-1.jpg","type":"image\/jpeg"}],"twitter_card":"summary_large_image","twitter_misc":{"Dur\u00e9e de lecture estim\u00e9e":"1 minute"},"schema":{"@context":"https:\/\/schema.org","@graph":[{"@type":"WebPage","@id":"https:\/\/turijnmagazijn.nl\/fr\/produit\/pompe-lave-glace-alfa-fiat-lancia-new\/","url":"https:\/\/turijnmagazijn.nl\/fr\/produit\/pompe-lave-glace-alfa-fiat-lancia-new\/","name":"Pompe lave-glace Alfa Fiat Lancia -NOUVEAU- Turijnmagazijn","isPartOf":{"@id":"https:\/\/turijnmagazijn.jumpstone-dev.nl\/#website"},"primaryImageOfPage":{"@id":"https:\/\/turijnmagazijn.nl\/fr\/produit\/pompe-lave-glace-alfa-fiat-lancia-new\/#primaryimage"},"image":{"@id":"https:\/\/turijnmagazijn.nl\/fr\/produit\/pompe-lave-glace-alfa-fiat-lancia-new\/#primaryimage"},"thumbnailUrl":"https:\/\/turijnmagazijn.nl\/wp-content\/uploads\/2023\/03\/DN00100248-Ruitensproeierpomp-Alfa-Fiat-Lancia-NIEUW-3-1.jpg","datePublished":"2023-03-03T09:06:07+00:00","dateModified":"2023-07-27T11:26:16+00:00","breadcrumb":{"@id":"https:\/\/turijnmagazijn.nl\/fr\/produit\/pompe-lave-glace-alfa-fiat-lancia-new\/#breadcrumb"},"inLanguage":"fr-FR","potentialAction":[{"@type":"ReadAction","target":["https:\/\/turijnmagazijn.nl\/fr\/produit\/pompe-lave-glace-alfa-fiat-lancia-new\/"]}]},{"@type":"ImageObject","inLanguage":"fr-FR","@id":"https:\/\/turijnmagazijn.nl\/fr\/produit\/pompe-lave-glace-alfa-fiat-lancia-new\/#primaryimage","url":"https:\/\/turijnmagazijn.nl\/wp-content\/uploads\/2023\/03\/DN00100248-Ruitensproeierpomp-Alfa-Fiat-Lancia-NIEUW-3-1.jpg","contentUrl":"https:\/\/turijnmagazijn.nl\/wp-content\/uploads\/2023\/03\/DN00100248-Ruitensproeierpomp-Alfa-Fiat-Lancia-NIEUW-3-1.jpg","width":1024,"height":768},{"@type":"BreadcrumbList","@id":"https:\/\/turijnmagazijn.nl\/fr\/produit\/pompe-lave-glace-alfa-fiat-lancia-new\/#breadcrumb","itemListElement":[{"@type":"ListItem","position":1,"name":"Home","item":"https:\/\/turijnmagazijn.nl\/fr\/"},{"@type":"ListItem","position":2,"name":"Produits","item":"https:\/\/turijnmagazijn.nl\/fr\/shop\/"},{"@type":"ListItem","position":3,"name":"Pompe lave-glace Alfa Fiat Lancia -NOUVEAU-"}]},{"@type":"WebSite","@id":"https:\/\/turijnmagazijn.jumpstone-dev.nl\/#website","url":"https:\/\/turijnmagazijn.jumpstone-dev.nl\/","name":"Turijnmagazijn","description":"Onderdelen nieuw en gebruikt - Fiat &amp; Lancia","publisher":{"@id":"https:\/\/turijnmagazijn.jumpstone-dev.nl\/#organization"},"potentialAction":[{"@type":"SearchAction","target":{"@type":"EntryPoint","urlTemplate":"https:\/\/turijnmagazijn.jumpstone-dev.nl\/?s={search_term_string}"},"query-input":{"@type":"PropertyValueSpecification","valueRequired":true,"valueName":"search_term_string"}}],"inLanguage":"fr-FR"},{"@type":"Organization","@id":"https:\/\/turijnmagazijn.jumpstone-dev.nl\/#organization","name":"Turijnmagazijn","url":"https:\/\/turijnmagazijn.jumpstone-dev.nl\/","logo":{"@type":"ImageObject","inLanguage":"fr-FR","@id":"https:\/\/turijnmagazijn.jumpstone-dev.nl\/#\/schema\/logo\/image\/","url":"https:\/\/turijnmagazijn.nl\/wp-content\/uploads\/2021\/02\/turijnmagazijnlogo.png","contentUrl":"https:\/\/turijnmagazijn.nl\/wp-content\/uploads\/2021\/02\/turijnmagazijnlogo.png","width":555,"height":270,"caption":"Turijnmagazijn"},"image":{"@id":"https:\/\/turijnmagazijn.jumpstone-dev.nl\/#\/schema\/logo\/image\/"},"sameAs":["https:\/\/www.facebook.com\/turijnmagazijn"]}]}},"_links":{"self":[{"href":"https:\/\/turijnmagazijn.nl\/fr\/wp-json\/wp\/v2\/product\/66963","targetHints":{"allow":["GET"]}}],"collection":[{"href":"https:\/\/turijnmagazijn.nl\/fr\/wp-json\/wp\/v2\/product"}],"about":[{"href":"https:\/\/turijnmagazijn.nl\/fr\/wp-json\/wp\/v2\/types\/product"}],"replies":[{"embeddable":true,"href":"https:\/\/turijnmagazijn.nl\/fr\/wp-json\/wp\/v2\/comments?post=66963"}],"wp:featuredmedia":[{"embeddable":true,"href":"https:\/\/turijnmagazijn.nl\/fr\/wp-json\/wp\/v2\/media\/55244"}],"wp:attachment":[{"href":"https:\/\/turijnmagazijn.nl\/fr\/wp-json\/wp\/v2\/media?parent=66963"}],"wp:term":[{"taxonomy":"product_brand","embeddable":true,"href":"https:\/\/turijnmagazijn.nl\/fr\/wp-json\/wp\/v2\/product_brand?post=66963"},{"taxonomy":"product_cat","embeddable":true,"href":"https:\/\/turijnmagazijn.nl\/fr\/wp-json\/wp\/v2\/product_cat?post=66963"},{"taxonomy":"product_tag","embeddable":true,"href":"https:\/\/turijnmagazijn.nl\/fr\/wp-json\/wp\/v2\/product_tag?post=66963"}],"curies":[{"name":"wp","href":"https:\/\/api.w.org\/{rel}","templated":true}]}}