{"id":66989,"date":"2023-03-03T10:05:17","date_gmt":"2023-03-03T09:05:17","guid":{"rendered":"https:\/\/turijnmagazijn.nl\/product\/prise-dallumage-commutateur-dallumage-lancia-delta-integrale-7-broches-nouveau\/"},"modified":"2025-05-29T21:25:56","modified_gmt":"2025-05-29T19:25:56","slug":"allumage-bouchon-allumage-lancia-delta-integral-7-broches-nouveau","status":"publish","type":"product","link":"https:\/\/turijnmagazijn.nl\/fr\/produit\/allumage-bouchon-allumage-lancia-delta-integral-7-broches-nouveau\/","title":{"rendered":"Prise d\u2019allumage commutateur d\u2019allumage Lancia Delta Integrale 7 broches NOUVEAU"},"content":{"rendered":"<p>Nouveau contact\/fiche \u00e9lectrique pour l\u2019arri\u00e8re du contacteur d\u2019allumage pour Lancia Delta Integrale.  <\/p>\n<p>Concerne un contact \u00e0 7 p\u00f4les avec 7 connexions de grands p\u00f4les dans un t-partroon. S\u2019adapte sans r\u00e9glages dans un verrou d\u2019allumage d\u2019une int\u00e9grale 8V.<\/p>\n<p>c\u00f4t\u00e9 \u00e9cluse \u00e9quip\u00e9 de 2 ardillons pour le montage.<\/p>\n<p>S\u2019il y a eu un probl\u00e8me avec le verrou de contact dans le pass\u00e9, ces ardillons se sont souvent cass\u00e9s.<\/p>\n<p>L\u2019usure des contacts de tra\u00een\u00e9e internes se produit \u00e9galement parfois.&nbsp;<\/p>\n<p>Pour un prix comp\u00e9titif, vous pouvez facilement remplacer cette pi\u00e8ce afin que vous puissiez \u00eatre s\u00fbr d\u2019un nouveau contact pendant 10 ans.<\/p>\n<p><\/p>\n<p>OEM lancia&nbsp;<span style=\"text-align: -webkit-right;\">5882266<\/span><\/p>\n","protected":false},"excerpt":{"rendered":"<p>Prise de contact commutateur d\u2019allumage Lancia Delta Integrale 7 broches NOUVEAU &#8211; Nouveau contact \u00e9lectrique \/ fiche pour l\u2019arri\u00e8re du contacteur d\u2019allumage pour Lancia Delta Integrale.<\/p>\n","protected":false},"featured_media":91874,"comment_status":"open","ping_status":"closed","template":"","meta":{"_acf_changed":false},"product_brand":[],"product_cat":[1809,1806,1819,1821,1825,1836,1830,1838,1798],"product_tag":[],"class_list":{"0":"post-66989","1":"product","2":"type-product","3":"status-publish","4":"has-post-thumbnail","6":"product_cat-1-1-1-3-1-5-fr","7":"product_cat-delta-1-831-fr","8":"product_cat-gt-i-e-fr","9":"product_cat-hf-4wd-fr","10":"product_cat-hf-turbo-fr","11":"product_cat-integrale-16v-fr","12":"product_cat-integrale-8v-fr","13":"product_cat-integrale-evo-fr","14":"product_cat-lancia-fr","15":"pa_soort-onderdeel-electronique-et-cables","17":"first","18":"instock","19":"taxable","20":"shipping-taxable","21":"purchasable","22":"product-type-simple"},"acf":[],"yoast_head":"<!-- This site is optimized with the Yoast SEO plugin v27.2 - https:\/\/yoast.com\/product\/yoast-seo-wordpress\/ -->\n<title>Prise d\u2019allumage commutateur d\u2019allumage Lancia Delta Integrale 7 broches NOUVEAU - Turijnmagazijn<\/title>\n<meta name=\"robots\" content=\"index, follow, max-snippet:-1, max-image-preview:large, max-video-preview:-1\" \/>\n<link rel=\"canonical\" href=\"https:\/\/turijnmagazijn.nl\/fr\/produit\/allumage-bouchon-allumage-lancia-delta-integral-7-broches-nouveau\/\" \/>\n<meta property=\"og:locale\" content=\"fr_FR\" \/>\n<meta property=\"og:type\" content=\"article\" \/>\n<meta property=\"og:title\" content=\"Prise d\u2019allumage commutateur d\u2019allumage Lancia Delta Integrale 7 broches NOUVEAU - Turijnmagazijn\" \/>\n<meta property=\"og:description\" content=\"Prise de contact commutateur d\u2019allumage Lancia Delta Integrale 7 broches NOUVEAU - Nouveau contact \u00e9lectrique \/ fiche pour l\u2019arri\u00e8re du contacteur d\u2019allumage pour Lancia Delta Integrale.\" \/>\n<meta property=\"og:url\" content=\"https:\/\/turijnmagazijn.nl\/fr\/produit\/allumage-bouchon-allumage-lancia-delta-integral-7-broches-nouveau\/\" \/>\n<meta property=\"og:site_name\" content=\"Turijnmagazijn\" \/>\n<meta property=\"article:publisher\" content=\"https:\/\/www.facebook.com\/turijnmagazijn\" \/>\n<meta property=\"article:modified_time\" content=\"2025-05-29T19:25:56+00:00\" \/>\n<meta property=\"og:image\" content=\"https:\/\/turijnmagazijn.nl\/wp-content\/uploads\/2025\/06\/DN00100240-Contact-stekker-contactslot-Lancia-Delta-Integrale-7-polig-NIEUW3.jpg\" \/>\n\t<meta property=\"og:image:width\" content=\"1024\" \/>\n\t<meta property=\"og:image:height\" content=\"768\" \/>\n\t<meta property=\"og:image:type\" content=\"image\/jpeg\" \/>\n<meta name=\"twitter:card\" content=\"summary_large_image\" \/>\n<meta name=\"twitter:label1\" content=\"Dur\u00e9e de lecture estim\u00e9e\" \/>\n\t<meta name=\"twitter:data1\" content=\"1 minute\" \/>\n<script type=\"application\/ld+json\" class=\"yoast-schema-graph\">{\"@context\":\"https:\/\/schema.org\",\"@graph\":[{\"@type\":\"WebPage\",\"@id\":\"https:\/\/turijnmagazijn.nl\/fr\/produit\/allumage-bouchon-allumage-lancia-delta-integral-7-broches-nouveau\/\",\"url\":\"https:\/\/turijnmagazijn.nl\/fr\/produit\/allumage-bouchon-allumage-lancia-delta-integral-7-broches-nouveau\/\",\"name\":\"Prise d\u2019allumage commutateur d\u2019allumage Lancia Delta Integrale 7 broches NOUVEAU - Turijnmagazijn\",\"isPartOf\":{\"@id\":\"https:\/\/turijnmagazijn.jumpstone-dev.nl\/#website\"},\"primaryImageOfPage\":{\"@id\":\"https:\/\/turijnmagazijn.nl\/fr\/produit\/allumage-bouchon-allumage-lancia-delta-integral-7-broches-nouveau\/#primaryimage\"},\"image\":{\"@id\":\"https:\/\/turijnmagazijn.nl\/fr\/produit\/allumage-bouchon-allumage-lancia-delta-integral-7-broches-nouveau\/#primaryimage\"},\"thumbnailUrl\":\"https:\/\/turijnmagazijn.nl\/wp-content\/uploads\/2025\/06\/DN00100240-Contact-stekker-contactslot-Lancia-Delta-Integrale-7-polig-NIEUW3.jpg\",\"datePublished\":\"2023-03-03T09:05:17+00:00\",\"dateModified\":\"2025-05-29T19:25:56+00:00\",\"breadcrumb\":{\"@id\":\"https:\/\/turijnmagazijn.nl\/fr\/produit\/allumage-bouchon-allumage-lancia-delta-integral-7-broches-nouveau\/#breadcrumb\"},\"inLanguage\":\"fr-FR\",\"potentialAction\":[{\"@type\":\"ReadAction\",\"target\":[\"https:\/\/turijnmagazijn.nl\/fr\/produit\/allumage-bouchon-allumage-lancia-delta-integral-7-broches-nouveau\/\"]}]},{\"@type\":\"ImageObject\",\"inLanguage\":\"fr-FR\",\"@id\":\"https:\/\/turijnmagazijn.nl\/fr\/produit\/allumage-bouchon-allumage-lancia-delta-integral-7-broches-nouveau\/#primaryimage\",\"url\":\"https:\/\/turijnmagazijn.nl\/wp-content\/uploads\/2025\/06\/DN00100240-Contact-stekker-contactslot-Lancia-Delta-Integrale-7-polig-NIEUW3.jpg\",\"contentUrl\":\"https:\/\/turijnmagazijn.nl\/wp-content\/uploads\/2025\/06\/DN00100240-Contact-stekker-contactslot-Lancia-Delta-Integrale-7-polig-NIEUW3.jpg\",\"width\":1024,\"height\":768},{\"@type\":\"BreadcrumbList\",\"@id\":\"https:\/\/turijnmagazijn.nl\/fr\/produit\/allumage-bouchon-allumage-lancia-delta-integral-7-broches-nouveau\/#breadcrumb\",\"itemListElement\":[{\"@type\":\"ListItem\",\"position\":1,\"name\":\"Home\",\"item\":\"https:\/\/turijnmagazijn.nl\/fr\/\"},{\"@type\":\"ListItem\",\"position\":2,\"name\":\"Produits\",\"item\":\"https:\/\/turijnmagazijn.nl\/fr\/shop\/\"},{\"@type\":\"ListItem\",\"position\":3,\"name\":\"Prise d\u2019allumage commutateur d\u2019allumage Lancia Delta Integrale 7 broches NOUVEAU\"}]},{\"@type\":\"WebSite\",\"@id\":\"https:\/\/turijnmagazijn.jumpstone-dev.nl\/#website\",\"url\":\"https:\/\/turijnmagazijn.jumpstone-dev.nl\/\",\"name\":\"Turijnmagazijn\",\"description\":\"Onderdelen nieuw en gebruikt - Fiat &amp; Lancia\",\"publisher\":{\"@id\":\"https:\/\/turijnmagazijn.jumpstone-dev.nl\/#organization\"},\"potentialAction\":[{\"@type\":\"SearchAction\",\"target\":{\"@type\":\"EntryPoint\",\"urlTemplate\":\"https:\/\/turijnmagazijn.jumpstone-dev.nl\/?s={search_term_string}\"},\"query-input\":{\"@type\":\"PropertyValueSpecification\",\"valueRequired\":true,\"valueName\":\"search_term_string\"}}],\"inLanguage\":\"fr-FR\"},{\"@type\":\"Organization\",\"@id\":\"https:\/\/turijnmagazijn.jumpstone-dev.nl\/#organization\",\"name\":\"Turijnmagazijn\",\"url\":\"https:\/\/turijnmagazijn.jumpstone-dev.nl\/\",\"logo\":{\"@type\":\"ImageObject\",\"inLanguage\":\"fr-FR\",\"@id\":\"https:\/\/turijnmagazijn.jumpstone-dev.nl\/#\/schema\/logo\/image\/\",\"url\":\"https:\/\/turijnmagazijn.nl\/wp-content\/uploads\/2021\/02\/turijnmagazijnlogo.png\",\"contentUrl\":\"https:\/\/turijnmagazijn.nl\/wp-content\/uploads\/2021\/02\/turijnmagazijnlogo.png\",\"width\":555,\"height\":270,\"caption\":\"Turijnmagazijn\"},\"image\":{\"@id\":\"https:\/\/turijnmagazijn.jumpstone-dev.nl\/#\/schema\/logo\/image\/\"},\"sameAs\":[\"https:\/\/www.facebook.com\/turijnmagazijn\"]}]}<\/script>\n<!-- \/ Yoast SEO plugin. -->","yoast_head_json":{"title":"Prise d\u2019allumage commutateur d\u2019allumage Lancia Delta Integrale 7 broches NOUVEAU - Turijnmagazijn","robots":{"index":"index","follow":"follow","max-snippet":"max-snippet:-1","max-image-preview":"max-image-preview:large","max-video-preview":"max-video-preview:-1"},"canonical":"https:\/\/turijnmagazijn.nl\/fr\/produit\/allumage-bouchon-allumage-lancia-delta-integral-7-broches-nouveau\/","og_locale":"fr_FR","og_type":"article","og_title":"Prise d\u2019allumage commutateur d\u2019allumage Lancia Delta Integrale 7 broches NOUVEAU - Turijnmagazijn","og_description":"Prise de contact commutateur d\u2019allumage Lancia Delta Integrale 7 broches NOUVEAU - Nouveau contact \u00e9lectrique \/ fiche pour l\u2019arri\u00e8re du contacteur d\u2019allumage pour Lancia Delta Integrale.","og_url":"https:\/\/turijnmagazijn.nl\/fr\/produit\/allumage-bouchon-allumage-lancia-delta-integral-7-broches-nouveau\/","og_site_name":"Turijnmagazijn","article_publisher":"https:\/\/www.facebook.com\/turijnmagazijn","article_modified_time":"2025-05-29T19:25:56+00:00","og_image":[{"width":1024,"height":768,"url":"https:\/\/turijnmagazijn.nl\/wp-content\/uploads\/2025\/06\/DN00100240-Contact-stekker-contactslot-Lancia-Delta-Integrale-7-polig-NIEUW3.jpg","type":"image\/jpeg"}],"twitter_card":"summary_large_image","twitter_misc":{"Dur\u00e9e de lecture estim\u00e9e":"1 minute"},"schema":{"@context":"https:\/\/schema.org","@graph":[{"@type":"WebPage","@id":"https:\/\/turijnmagazijn.nl\/fr\/produit\/allumage-bouchon-allumage-lancia-delta-integral-7-broches-nouveau\/","url":"https:\/\/turijnmagazijn.nl\/fr\/produit\/allumage-bouchon-allumage-lancia-delta-integral-7-broches-nouveau\/","name":"Prise d\u2019allumage commutateur d\u2019allumage Lancia Delta Integrale 7 broches NOUVEAU - Turijnmagazijn","isPartOf":{"@id":"https:\/\/turijnmagazijn.jumpstone-dev.nl\/#website"},"primaryImageOfPage":{"@id":"https:\/\/turijnmagazijn.nl\/fr\/produit\/allumage-bouchon-allumage-lancia-delta-integral-7-broches-nouveau\/#primaryimage"},"image":{"@id":"https:\/\/turijnmagazijn.nl\/fr\/produit\/allumage-bouchon-allumage-lancia-delta-integral-7-broches-nouveau\/#primaryimage"},"thumbnailUrl":"https:\/\/turijnmagazijn.nl\/wp-content\/uploads\/2025\/06\/DN00100240-Contact-stekker-contactslot-Lancia-Delta-Integrale-7-polig-NIEUW3.jpg","datePublished":"2023-03-03T09:05:17+00:00","dateModified":"2025-05-29T19:25:56+00:00","breadcrumb":{"@id":"https:\/\/turijnmagazijn.nl\/fr\/produit\/allumage-bouchon-allumage-lancia-delta-integral-7-broches-nouveau\/#breadcrumb"},"inLanguage":"fr-FR","potentialAction":[{"@type":"ReadAction","target":["https:\/\/turijnmagazijn.nl\/fr\/produit\/allumage-bouchon-allumage-lancia-delta-integral-7-broches-nouveau\/"]}]},{"@type":"ImageObject","inLanguage":"fr-FR","@id":"https:\/\/turijnmagazijn.nl\/fr\/produit\/allumage-bouchon-allumage-lancia-delta-integral-7-broches-nouveau\/#primaryimage","url":"https:\/\/turijnmagazijn.nl\/wp-content\/uploads\/2025\/06\/DN00100240-Contact-stekker-contactslot-Lancia-Delta-Integrale-7-polig-NIEUW3.jpg","contentUrl":"https:\/\/turijnmagazijn.nl\/wp-content\/uploads\/2025\/06\/DN00100240-Contact-stekker-contactslot-Lancia-Delta-Integrale-7-polig-NIEUW3.jpg","width":1024,"height":768},{"@type":"BreadcrumbList","@id":"https:\/\/turijnmagazijn.nl\/fr\/produit\/allumage-bouchon-allumage-lancia-delta-integral-7-broches-nouveau\/#breadcrumb","itemListElement":[{"@type":"ListItem","position":1,"name":"Home","item":"https:\/\/turijnmagazijn.nl\/fr\/"},{"@type":"ListItem","position":2,"name":"Produits","item":"https:\/\/turijnmagazijn.nl\/fr\/shop\/"},{"@type":"ListItem","position":3,"name":"Prise d\u2019allumage commutateur d\u2019allumage Lancia Delta Integrale 7 broches NOUVEAU"}]},{"@type":"WebSite","@id":"https:\/\/turijnmagazijn.jumpstone-dev.nl\/#website","url":"https:\/\/turijnmagazijn.jumpstone-dev.nl\/","name":"Turijnmagazijn","description":"Onderdelen nieuw en gebruikt - Fiat &amp; Lancia","publisher":{"@id":"https:\/\/turijnmagazijn.jumpstone-dev.nl\/#organization"},"potentialAction":[{"@type":"SearchAction","target":{"@type":"EntryPoint","urlTemplate":"https:\/\/turijnmagazijn.jumpstone-dev.nl\/?s={search_term_string}"},"query-input":{"@type":"PropertyValueSpecification","valueRequired":true,"valueName":"search_term_string"}}],"inLanguage":"fr-FR"},{"@type":"Organization","@id":"https:\/\/turijnmagazijn.jumpstone-dev.nl\/#organization","name":"Turijnmagazijn","url":"https:\/\/turijnmagazijn.jumpstone-dev.nl\/","logo":{"@type":"ImageObject","inLanguage":"fr-FR","@id":"https:\/\/turijnmagazijn.jumpstone-dev.nl\/#\/schema\/logo\/image\/","url":"https:\/\/turijnmagazijn.nl\/wp-content\/uploads\/2021\/02\/turijnmagazijnlogo.png","contentUrl":"https:\/\/turijnmagazijn.nl\/wp-content\/uploads\/2021\/02\/turijnmagazijnlogo.png","width":555,"height":270,"caption":"Turijnmagazijn"},"image":{"@id":"https:\/\/turijnmagazijn.jumpstone-dev.nl\/#\/schema\/logo\/image\/"},"sameAs":["https:\/\/www.facebook.com\/turijnmagazijn"]}]}},"_links":{"self":[{"href":"https:\/\/turijnmagazijn.nl\/fr\/wp-json\/wp\/v2\/product\/66989","targetHints":{"allow":["GET"]}}],"collection":[{"href":"https:\/\/turijnmagazijn.nl\/fr\/wp-json\/wp\/v2\/product"}],"about":[{"href":"https:\/\/turijnmagazijn.nl\/fr\/wp-json\/wp\/v2\/types\/product"}],"replies":[{"embeddable":true,"href":"https:\/\/turijnmagazijn.nl\/fr\/wp-json\/wp\/v2\/comments?post=66989"}],"wp:featuredmedia":[{"embeddable":true,"href":"https:\/\/turijnmagazijn.nl\/fr\/wp-json\/wp\/v2\/media\/91874"}],"wp:attachment":[{"href":"https:\/\/turijnmagazijn.nl\/fr\/wp-json\/wp\/v2\/media?parent=66989"}],"wp:term":[{"taxonomy":"product_brand","embeddable":true,"href":"https:\/\/turijnmagazijn.nl\/fr\/wp-json\/wp\/v2\/product_brand?post=66989"},{"taxonomy":"product_cat","embeddable":true,"href":"https:\/\/turijnmagazijn.nl\/fr\/wp-json\/wp\/v2\/product_cat?post=66989"},{"taxonomy":"product_tag","embeddable":true,"href":"https:\/\/turijnmagazijn.nl\/fr\/wp-json\/wp\/v2\/product_tag?post=66989"}],"curies":[{"name":"wp","href":"https:\/\/api.w.org\/{rel}","templated":true}]}}