{"id":66997,"date":"2023-03-03T10:06:59","date_gmt":"2023-03-03T09:06:59","guid":{"rendered":"https:\/\/turijnmagazijn.nl\/product\/boitier-du-filtre-a-air-sans-couvercle-lancia-kappa-alfa-166\/"},"modified":"2023-09-02T19:23:16","modified_gmt":"2023-09-02T17:23:16","slug":"boitier-de-filtre-a-air-sans-couvercle-lancia-kappa-alfa-166","status":"publish","type":"product","link":"https:\/\/turijnmagazijn.nl\/fr\/produit\/boitier-de-filtre-a-air-sans-couvercle-lancia-kappa-alfa-166\/","title":{"rendered":"Bo\u00eetier du filtre \u00e0 air sans couvercle Lancia Kappa Alfa 166"},"content":{"rendered":"<p>Nouveau bo\u00eetier de filtre \u00e0 air pour Lancia Kappa (sauf le 2.0 16V turbo) et Alfa Romeo 166. Concerne uniquement le bo\u00eetier du filtre sans couvercle. Le bo\u00eetier du filtre est neuf et d\u2019origine Lancia\/Alfa. Il n\u2019a jamais \u00e9t\u00e9 assembl\u00e9 et est facile \u00e0 changer en cas d\u2019endommagement du bo\u00eetier de votre filtre.<\/p>\n<p>OEM Lancia&nbsp;<span style=\"text-align: -webkit-right;\">60625697<\/span><\/p>\n<p>Lancia OEM 60606821<\/p>\n<p>Lancia OEM 60617639<\/p>\n<p>Lancia OEM 60815035<\/p>\n<p>Si vous recherchez un bo\u00eetier de filtre complet, jetez un coup d\u2019\u0153il dans notre boutique, nous l\u2019avons \u00e9galement en stock.<\/p>\n","protected":false},"excerpt":{"rendered":"<p>Bo\u00eetier de filtre \u00e0 air sans couvercle Lancia Kappa Alfa 166 &#8211; Nouveau bo\u00eetier de filtre \u00e0 air pour Lancia Kappa (sauf le 2.<\/p>\n","protected":false},"featured_media":55316,"comment_status":"open","ping_status":"closed","template":"","meta":{"_acf_changed":false},"product_brand":[],"product_cat":[1650,1582,1865,1860,1798,1870],"product_tag":[],"class_list":{"0":"post-66997","1":"product","2":"type-product","3":"status-publish","4":"has-post-thumbnail","6":"product_cat-166-936-fr","7":"product_cat-alfa-romeo-fr","8":"product_cat-coupe-fr","9":"product_cat-kappa-838-fr","10":"product_cat-lancia-fr","11":"product_cat-sw-fr","12":"pa_soort-onderdeel-moteur-et-accessoires","14":"first","15":"instock","16":"taxable","17":"shipping-taxable","18":"purchasable","19":"product-type-simple"},"acf":[],"yoast_head":"<!-- This site is optimized with the Yoast SEO plugin v27.2 - https:\/\/yoast.com\/product\/yoast-seo-wordpress\/ -->\n<title>Bo\u00eetier du filtre \u00e0 air sans couvercle Lancia Kappa Alfa 166 - Turijnmagazijn<\/title>\n<meta name=\"robots\" content=\"index, follow, max-snippet:-1, max-image-preview:large, max-video-preview:-1\" \/>\n<link rel=\"canonical\" href=\"https:\/\/turijnmagazijn.nl\/fr\/produit\/boitier-de-filtre-a-air-sans-couvercle-lancia-kappa-alfa-166\/\" \/>\n<meta property=\"og:locale\" content=\"fr_FR\" \/>\n<meta property=\"og:type\" content=\"article\" \/>\n<meta property=\"og:title\" content=\"Bo\u00eetier du filtre \u00e0 air sans couvercle Lancia Kappa Alfa 166 - Turijnmagazijn\" \/>\n<meta property=\"og:description\" content=\"Bo\u00eetier de filtre \u00e0 air sans couvercle Lancia Kappa Alfa 166 - Nouveau bo\u00eetier de filtre \u00e0 air pour Lancia Kappa (sauf le 2.\" \/>\n<meta property=\"og:url\" content=\"https:\/\/turijnmagazijn.nl\/fr\/produit\/boitier-de-filtre-a-air-sans-couvercle-lancia-kappa-alfa-166\/\" \/>\n<meta property=\"og:site_name\" content=\"Turijnmagazijn\" \/>\n<meta property=\"article:publisher\" content=\"https:\/\/www.facebook.com\/turijnmagazijn\" \/>\n<meta property=\"article:modified_time\" content=\"2023-09-02T17:23:16+00:00\" \/>\n<meta property=\"og:image\" content=\"https:\/\/turijnmagazijn.nl\/wp-content\/uploads\/2023\/03\/DN00100252-Luchtfilterhuis-zonder-deksel-Lancia-Kappa-Alfa-166-5-1.jpg\" \/>\n\t<meta property=\"og:image:width\" content=\"1024\" \/>\n\t<meta property=\"og:image:height\" content=\"768\" \/>\n\t<meta property=\"og:image:type\" content=\"image\/jpeg\" \/>\n<meta name=\"twitter:card\" content=\"summary_large_image\" \/>\n<script type=\"application\/ld+json\" class=\"yoast-schema-graph\">{\"@context\":\"https:\/\/schema.org\",\"@graph\":[{\"@type\":\"WebPage\",\"@id\":\"https:\/\/turijnmagazijn.nl\/fr\/produit\/boitier-de-filtre-a-air-sans-couvercle-lancia-kappa-alfa-166\/\",\"url\":\"https:\/\/turijnmagazijn.nl\/fr\/produit\/boitier-de-filtre-a-air-sans-couvercle-lancia-kappa-alfa-166\/\",\"name\":\"Bo\u00eetier du filtre \u00e0 air sans couvercle Lancia Kappa Alfa 166 - Turijnmagazijn\",\"isPartOf\":{\"@id\":\"https:\/\/turijnmagazijn.jumpstone-dev.nl\/#website\"},\"primaryImageOfPage\":{\"@id\":\"https:\/\/turijnmagazijn.nl\/fr\/produit\/boitier-de-filtre-a-air-sans-couvercle-lancia-kappa-alfa-166\/#primaryimage\"},\"image\":{\"@id\":\"https:\/\/turijnmagazijn.nl\/fr\/produit\/boitier-de-filtre-a-air-sans-couvercle-lancia-kappa-alfa-166\/#primaryimage\"},\"thumbnailUrl\":\"https:\/\/turijnmagazijn.nl\/wp-content\/uploads\/2023\/03\/DN00100252-Luchtfilterhuis-zonder-deksel-Lancia-Kappa-Alfa-166-5-1.jpg\",\"datePublished\":\"2023-03-03T09:06:59+00:00\",\"dateModified\":\"2023-09-02T17:23:16+00:00\",\"breadcrumb\":{\"@id\":\"https:\/\/turijnmagazijn.nl\/fr\/produit\/boitier-de-filtre-a-air-sans-couvercle-lancia-kappa-alfa-166\/#breadcrumb\"},\"inLanguage\":\"fr-FR\",\"potentialAction\":[{\"@type\":\"ReadAction\",\"target\":[\"https:\/\/turijnmagazijn.nl\/fr\/produit\/boitier-de-filtre-a-air-sans-couvercle-lancia-kappa-alfa-166\/\"]}]},{\"@type\":\"ImageObject\",\"inLanguage\":\"fr-FR\",\"@id\":\"https:\/\/turijnmagazijn.nl\/fr\/produit\/boitier-de-filtre-a-air-sans-couvercle-lancia-kappa-alfa-166\/#primaryimage\",\"url\":\"https:\/\/turijnmagazijn.nl\/wp-content\/uploads\/2023\/03\/DN00100252-Luchtfilterhuis-zonder-deksel-Lancia-Kappa-Alfa-166-5-1.jpg\",\"contentUrl\":\"https:\/\/turijnmagazijn.nl\/wp-content\/uploads\/2023\/03\/DN00100252-Luchtfilterhuis-zonder-deksel-Lancia-Kappa-Alfa-166-5-1.jpg\",\"width\":1024,\"height\":768},{\"@type\":\"BreadcrumbList\",\"@id\":\"https:\/\/turijnmagazijn.nl\/fr\/produit\/boitier-de-filtre-a-air-sans-couvercle-lancia-kappa-alfa-166\/#breadcrumb\",\"itemListElement\":[{\"@type\":\"ListItem\",\"position\":1,\"name\":\"Home\",\"item\":\"https:\/\/turijnmagazijn.jumpstone-dev.nl\/\"},{\"@type\":\"ListItem\",\"position\":2,\"name\":\"Produits\",\"item\":\"https:\/\/turijnmagazijn.nl\/fr\/shop\/\"},{\"@type\":\"ListItem\",\"position\":3,\"name\":\"Bo\u00eetier du filtre \u00e0 air sans couvercle Lancia Kappa Alfa 166\"}]},{\"@type\":\"WebSite\",\"@id\":\"https:\/\/turijnmagazijn.jumpstone-dev.nl\/#website\",\"url\":\"https:\/\/turijnmagazijn.jumpstone-dev.nl\/\",\"name\":\"Turijnmagazijn\",\"description\":\"Onderdelen nieuw en gebruikt - Fiat &amp; Lancia\",\"publisher\":{\"@id\":\"https:\/\/turijnmagazijn.jumpstone-dev.nl\/#organization\"},\"potentialAction\":[{\"@type\":\"SearchAction\",\"target\":{\"@type\":\"EntryPoint\",\"urlTemplate\":\"https:\/\/turijnmagazijn.jumpstone-dev.nl\/?s={search_term_string}\"},\"query-input\":{\"@type\":\"PropertyValueSpecification\",\"valueRequired\":true,\"valueName\":\"search_term_string\"}}],\"inLanguage\":\"fr-FR\"},{\"@type\":\"Organization\",\"@id\":\"https:\/\/turijnmagazijn.jumpstone-dev.nl\/#organization\",\"name\":\"Turijnmagazijn\",\"url\":\"https:\/\/turijnmagazijn.jumpstone-dev.nl\/\",\"logo\":{\"@type\":\"ImageObject\",\"inLanguage\":\"fr-FR\",\"@id\":\"https:\/\/turijnmagazijn.jumpstone-dev.nl\/#\/schema\/logo\/image\/\",\"url\":\"https:\/\/turijnmagazijn.nl\/wp-content\/uploads\/2021\/02\/turijnmagazijnlogo.png\",\"contentUrl\":\"https:\/\/turijnmagazijn.nl\/wp-content\/uploads\/2021\/02\/turijnmagazijnlogo.png\",\"width\":555,\"height\":270,\"caption\":\"Turijnmagazijn\"},\"image\":{\"@id\":\"https:\/\/turijnmagazijn.jumpstone-dev.nl\/#\/schema\/logo\/image\/\"},\"sameAs\":[\"https:\/\/www.facebook.com\/turijnmagazijn\"]}]}<\/script>\n<!-- \/ Yoast SEO plugin. -->","yoast_head_json":{"title":"Bo\u00eetier du filtre \u00e0 air sans couvercle Lancia Kappa Alfa 166 - Turijnmagazijn","robots":{"index":"index","follow":"follow","max-snippet":"max-snippet:-1","max-image-preview":"max-image-preview:large","max-video-preview":"max-video-preview:-1"},"canonical":"https:\/\/turijnmagazijn.nl\/fr\/produit\/boitier-de-filtre-a-air-sans-couvercle-lancia-kappa-alfa-166\/","og_locale":"fr_FR","og_type":"article","og_title":"Bo\u00eetier du filtre \u00e0 air sans couvercle Lancia Kappa Alfa 166 - Turijnmagazijn","og_description":"Bo\u00eetier de filtre \u00e0 air sans couvercle Lancia Kappa Alfa 166 - Nouveau bo\u00eetier de filtre \u00e0 air pour Lancia Kappa (sauf le 2.","og_url":"https:\/\/turijnmagazijn.nl\/fr\/produit\/boitier-de-filtre-a-air-sans-couvercle-lancia-kappa-alfa-166\/","og_site_name":"Turijnmagazijn","article_publisher":"https:\/\/www.facebook.com\/turijnmagazijn","article_modified_time":"2023-09-02T17:23:16+00:00","og_image":[{"width":1024,"height":768,"url":"https:\/\/turijnmagazijn.nl\/wp-content\/uploads\/2023\/03\/DN00100252-Luchtfilterhuis-zonder-deksel-Lancia-Kappa-Alfa-166-5-1.jpg","type":"image\/jpeg"}],"twitter_card":"summary_large_image","schema":{"@context":"https:\/\/schema.org","@graph":[{"@type":"WebPage","@id":"https:\/\/turijnmagazijn.nl\/fr\/produit\/boitier-de-filtre-a-air-sans-couvercle-lancia-kappa-alfa-166\/","url":"https:\/\/turijnmagazijn.nl\/fr\/produit\/boitier-de-filtre-a-air-sans-couvercle-lancia-kappa-alfa-166\/","name":"Bo\u00eetier du filtre \u00e0 air sans couvercle Lancia Kappa Alfa 166 - Turijnmagazijn","isPartOf":{"@id":"https:\/\/turijnmagazijn.jumpstone-dev.nl\/#website"},"primaryImageOfPage":{"@id":"https:\/\/turijnmagazijn.nl\/fr\/produit\/boitier-de-filtre-a-air-sans-couvercle-lancia-kappa-alfa-166\/#primaryimage"},"image":{"@id":"https:\/\/turijnmagazijn.nl\/fr\/produit\/boitier-de-filtre-a-air-sans-couvercle-lancia-kappa-alfa-166\/#primaryimage"},"thumbnailUrl":"https:\/\/turijnmagazijn.nl\/wp-content\/uploads\/2023\/03\/DN00100252-Luchtfilterhuis-zonder-deksel-Lancia-Kappa-Alfa-166-5-1.jpg","datePublished":"2023-03-03T09:06:59+00:00","dateModified":"2023-09-02T17:23:16+00:00","breadcrumb":{"@id":"https:\/\/turijnmagazijn.nl\/fr\/produit\/boitier-de-filtre-a-air-sans-couvercle-lancia-kappa-alfa-166\/#breadcrumb"},"inLanguage":"fr-FR","potentialAction":[{"@type":"ReadAction","target":["https:\/\/turijnmagazijn.nl\/fr\/produit\/boitier-de-filtre-a-air-sans-couvercle-lancia-kappa-alfa-166\/"]}]},{"@type":"ImageObject","inLanguage":"fr-FR","@id":"https:\/\/turijnmagazijn.nl\/fr\/produit\/boitier-de-filtre-a-air-sans-couvercle-lancia-kappa-alfa-166\/#primaryimage","url":"https:\/\/turijnmagazijn.nl\/wp-content\/uploads\/2023\/03\/DN00100252-Luchtfilterhuis-zonder-deksel-Lancia-Kappa-Alfa-166-5-1.jpg","contentUrl":"https:\/\/turijnmagazijn.nl\/wp-content\/uploads\/2023\/03\/DN00100252-Luchtfilterhuis-zonder-deksel-Lancia-Kappa-Alfa-166-5-1.jpg","width":1024,"height":768},{"@type":"BreadcrumbList","@id":"https:\/\/turijnmagazijn.nl\/fr\/produit\/boitier-de-filtre-a-air-sans-couvercle-lancia-kappa-alfa-166\/#breadcrumb","itemListElement":[{"@type":"ListItem","position":1,"name":"Home","item":"https:\/\/turijnmagazijn.jumpstone-dev.nl\/"},{"@type":"ListItem","position":2,"name":"Produits","item":"https:\/\/turijnmagazijn.nl\/fr\/shop\/"},{"@type":"ListItem","position":3,"name":"Bo\u00eetier du filtre \u00e0 air sans couvercle Lancia Kappa Alfa 166"}]},{"@type":"WebSite","@id":"https:\/\/turijnmagazijn.jumpstone-dev.nl\/#website","url":"https:\/\/turijnmagazijn.jumpstone-dev.nl\/","name":"Turijnmagazijn","description":"Onderdelen nieuw en gebruikt - Fiat &amp; Lancia","publisher":{"@id":"https:\/\/turijnmagazijn.jumpstone-dev.nl\/#organization"},"potentialAction":[{"@type":"SearchAction","target":{"@type":"EntryPoint","urlTemplate":"https:\/\/turijnmagazijn.jumpstone-dev.nl\/?s={search_term_string}"},"query-input":{"@type":"PropertyValueSpecification","valueRequired":true,"valueName":"search_term_string"}}],"inLanguage":"fr-FR"},{"@type":"Organization","@id":"https:\/\/turijnmagazijn.jumpstone-dev.nl\/#organization","name":"Turijnmagazijn","url":"https:\/\/turijnmagazijn.jumpstone-dev.nl\/","logo":{"@type":"ImageObject","inLanguage":"fr-FR","@id":"https:\/\/turijnmagazijn.jumpstone-dev.nl\/#\/schema\/logo\/image\/","url":"https:\/\/turijnmagazijn.nl\/wp-content\/uploads\/2021\/02\/turijnmagazijnlogo.png","contentUrl":"https:\/\/turijnmagazijn.nl\/wp-content\/uploads\/2021\/02\/turijnmagazijnlogo.png","width":555,"height":270,"caption":"Turijnmagazijn"},"image":{"@id":"https:\/\/turijnmagazijn.jumpstone-dev.nl\/#\/schema\/logo\/image\/"},"sameAs":["https:\/\/www.facebook.com\/turijnmagazijn"]}]}},"_links":{"self":[{"href":"https:\/\/turijnmagazijn.nl\/fr\/wp-json\/wp\/v2\/product\/66997","targetHints":{"allow":["GET"]}}],"collection":[{"href":"https:\/\/turijnmagazijn.nl\/fr\/wp-json\/wp\/v2\/product"}],"about":[{"href":"https:\/\/turijnmagazijn.nl\/fr\/wp-json\/wp\/v2\/types\/product"}],"replies":[{"embeddable":true,"href":"https:\/\/turijnmagazijn.nl\/fr\/wp-json\/wp\/v2\/comments?post=66997"}],"wp:featuredmedia":[{"embeddable":true,"href":"https:\/\/turijnmagazijn.nl\/fr\/wp-json\/wp\/v2\/media\/55316"}],"wp:attachment":[{"href":"https:\/\/turijnmagazijn.nl\/fr\/wp-json\/wp\/v2\/media?parent=66997"}],"wp:term":[{"taxonomy":"product_brand","embeddable":true,"href":"https:\/\/turijnmagazijn.nl\/fr\/wp-json\/wp\/v2\/product_brand?post=66997"},{"taxonomy":"product_cat","embeddable":true,"href":"https:\/\/turijnmagazijn.nl\/fr\/wp-json\/wp\/v2\/product_cat?post=66997"},{"taxonomy":"product_tag","embeddable":true,"href":"https:\/\/turijnmagazijn.nl\/fr\/wp-json\/wp\/v2\/product_tag?post=66997"}],"curies":[{"name":"wp","href":"https:\/\/api.w.org\/{rel}","templated":true}]}}