{"id":66999,"date":"2023-03-03T09:11:59","date_gmt":"2023-03-03T08:11:59","guid":{"rendered":"https:\/\/turijnmagazijn.nl\/product\/logo-fender-lancia-ypsilon-i-16v-imitation-set-2-pcs\/"},"modified":"2024-11-08T21:45:26","modified_gmt":"2024-11-08T20:45:26","slug":"logo-fender-lancia-ypsilon-i-16v-imitation-set-2-pc","status":"publish","type":"product","link":"https:\/\/turijnmagazijn.nl\/fr\/produit\/logo-fender-lancia-ypsilon-i-16v-imitation-set-2-pc\/","title":{"rendered":"Logo fender Lancia Ypsilon I 16V IMITATION set 2 pcs"},"content":{"rendered":"<p>Nouveau jeu de 2 logos autocollants pour montage sur l\u2019aile pour Lancia Ypsilon I avec moteur 16 soupapes.<\/p>\n<p>IMITATION SET 2 pi\u00e8ces suffisent pour 1 voiture.<\/p>\n<p>Ce logo s\u2019ins\u00e8re dans le renfoncement d\u2019origine de l\u2019unit\u00e9 lumineuse clignotante sur l\u2019aile.<\/p>\n<p>D\u00e9montez l\u2019unit\u00e9 d\u2019\u00e9clairage clignotant. Avec un tournevis \u00e0 l\u2019arri\u00e8re (il y a quelques ouvertures dans le plastique), poussez l\u2019ancien logo hors de la partie en plastique noir. Nettoyez la surface avec un d\u00e9graissant et assurez-vous d\u2019une surface de montage lisse. Collez le logo de remplacement dans le renfoncement.<\/p>\n<p>Ce logo d\u2019imitation est diff\u00e9rent dans la mise en page de l\u2019original. L\u2019original est fait d\u2019une r\u00e9sine dure qui, au fil du temps, permet \u00e0 l\u2019humidit\u00e9 de passer entre les couches. La pi\u00e8ce de rechange est fabriqu\u00e9e avec une r\u00e9sine de silicone qui reste souple et souple.<\/p>\n<p>Le logo de remplacement est l\u00e9g\u00e8rement plus profond que l\u2019original. C\u2019est \u00e0 peine visible apr\u00e8s l\u2019assemblage, mais soyez conscient de cela.<\/p>\n<p>OEM pour r\u00e9f\u00e9rence pour quel type d\u2019unit\u00e9s d\u2019\u00e9clairage clignotant ces logos sont applicables:<\/p>\n<table class=\"table table-bordered\" width=\"225\">\n<colgroup>\n<col span=\"2\" width=\"64\"><\/colgroup>\n<tbody>\n<tr>\n<td class=\"xl65\" title=\"\" width=\"97\" height=\"19\">46771716<\/td>\n<td class=\"xl65\" title=\"\" width=\"64\">DROITE<\/td>\n<td id=\"item_03_3_2\" class=\"xl65\" width=\"64\">16V<\/td>\n<\/tr>\n<tr>\n<td class=\"xl65\" title=\"\" height=\"19\">46771714<\/td>\n<td class=\"xl65\" title=\"\">GAUCHE<\/td>\n<td id=\"item_03_3_2\" class=\"xl65\">16V<\/td>\n<\/tr>\n<tr>\n<td class=\"xl65\" title=\"\" width=\"97\" height=\"19\">46554237<\/td>\n<td class=\"xl65\" title=\"\" width=\"64\">DROITE<\/td>\n<td id=\"item_03_3_2\" class=\"xl65\" width=\"64\">16V<\/td>\n<\/tr>\n<tr>\n<td class=\"xl65\" title=\"\" height=\"19\">46554243<\/td>\n<td class=\"xl65\" title=\"\">GAUCHE<\/td>\n<td id=\"item_03_3_2\" class=\"xl65\">16V<\/td>\n<\/tr>\n<\/tbody>\n<\/table>\n","protected":false},"excerpt":{"rendered":"<p>Nouveau jeu de 2 logos autocollants pour montage sur le garde-boue pour Lancia Ypsilon I<\/p>\n","protected":false},"featured_media":56088,"comment_status":"closed","ping_status":"closed","template":"","meta":{"_acf_changed":false},"product_brand":[],"product_cat":[1798,1914],"product_tag":[],"class_list":{"0":"post-66999","1":"product","2":"type-product","3":"status-publish","4":"has-post-thumbnail","6":"product_cat-lancia-fr","7":"product_cat-ypsilon-1-840-fr","8":"pa_soort-onderdeel-dautres-pieces-de-voiture","10":"first","11":"instock","12":"taxable","13":"shipping-taxable","14":"purchasable","15":"product-type-simple"},"acf":[],"yoast_head":"<!-- This site is optimized with the Yoast SEO plugin v27.2 - https:\/\/yoast.com\/product\/yoast-seo-wordpress\/ -->\n<title>Logo fender Lancia Ypsilon I 16V IMITATION set 2 pcs - Turijnmagazijn<\/title>\n<meta name=\"robots\" content=\"index, follow, max-snippet:-1, max-image-preview:large, max-video-preview:-1\" \/>\n<link rel=\"canonical\" href=\"https:\/\/turijnmagazijn.nl\/fr\/produit\/logo-fender-lancia-ypsilon-i-16v-imitation-set-2-pc\/\" \/>\n<meta property=\"og:locale\" content=\"fr_FR\" \/>\n<meta property=\"og:type\" content=\"article\" \/>\n<meta property=\"og:title\" content=\"Logo fender Lancia Ypsilon I 16V IMITATION set 2 pcs - Turijnmagazijn\" \/>\n<meta property=\"og:description\" content=\"Nouveau jeu de 2 logos autocollants pour montage sur le garde-boue pour Lancia Ypsilon I\" \/>\n<meta property=\"og:url\" content=\"https:\/\/turijnmagazijn.nl\/fr\/produit\/logo-fender-lancia-ypsilon-i-16v-imitation-set-2-pc\/\" \/>\n<meta property=\"og:site_name\" content=\"Turijnmagazijn\" \/>\n<meta property=\"article:publisher\" content=\"https:\/\/www.facebook.com\/turijnmagazijn\" \/>\n<meta property=\"article:modified_time\" content=\"2024-11-08T20:45:26+00:00\" \/>\n<meta property=\"og:image\" content=\"https:\/\/turijnmagazijn.nl\/wp-content\/uploads\/2023\/03\/DN00100257-Logo-spatbord-Lancia-Ypsilon-I-16V-IMITATIE-set-2-st-3-e1646508802777.jpg\" \/>\n\t<meta property=\"og:image:width\" content=\"634\" \/>\n\t<meta property=\"og:image:height\" content=\"768\" \/>\n\t<meta property=\"og:image:type\" content=\"image\/jpeg\" \/>\n<meta name=\"twitter:card\" content=\"summary_large_image\" \/>\n<meta name=\"twitter:label1\" content=\"Dur\u00e9e de lecture estim\u00e9e\" \/>\n\t<meta name=\"twitter:data1\" content=\"1 minute\" \/>\n<script type=\"application\/ld+json\" class=\"yoast-schema-graph\">{\"@context\":\"https:\/\/schema.org\",\"@graph\":[{\"@type\":\"WebPage\",\"@id\":\"https:\/\/turijnmagazijn.nl\/fr\/produit\/logo-fender-lancia-ypsilon-i-16v-imitation-set-2-pc\/\",\"url\":\"https:\/\/turijnmagazijn.nl\/fr\/produit\/logo-fender-lancia-ypsilon-i-16v-imitation-set-2-pc\/\",\"name\":\"Logo fender Lancia Ypsilon I 16V IMITATION set 2 pcs - Turijnmagazijn\",\"isPartOf\":{\"@id\":\"https:\/\/turijnmagazijn.jumpstone-dev.nl\/#website\"},\"primaryImageOfPage\":{\"@id\":\"https:\/\/turijnmagazijn.nl\/fr\/produit\/logo-fender-lancia-ypsilon-i-16v-imitation-set-2-pc\/#primaryimage\"},\"image\":{\"@id\":\"https:\/\/turijnmagazijn.nl\/fr\/produit\/logo-fender-lancia-ypsilon-i-16v-imitation-set-2-pc\/#primaryimage\"},\"thumbnailUrl\":\"https:\/\/turijnmagazijn.nl\/wp-content\/uploads\/2023\/03\/DN00100257-Logo-spatbord-Lancia-Ypsilon-I-16V-IMITATIE-set-2-st-3-e1646508802777.jpg\",\"datePublished\":\"2023-03-03T08:11:59+00:00\",\"dateModified\":\"2024-11-08T20:45:26+00:00\",\"breadcrumb\":{\"@id\":\"https:\/\/turijnmagazijn.nl\/fr\/produit\/logo-fender-lancia-ypsilon-i-16v-imitation-set-2-pc\/#breadcrumb\"},\"inLanguage\":\"fr-FR\",\"potentialAction\":[{\"@type\":\"ReadAction\",\"target\":[\"https:\/\/turijnmagazijn.nl\/fr\/produit\/logo-fender-lancia-ypsilon-i-16v-imitation-set-2-pc\/\"]}]},{\"@type\":\"ImageObject\",\"inLanguage\":\"fr-FR\",\"@id\":\"https:\/\/turijnmagazijn.nl\/fr\/produit\/logo-fender-lancia-ypsilon-i-16v-imitation-set-2-pc\/#primaryimage\",\"url\":\"https:\/\/turijnmagazijn.nl\/wp-content\/uploads\/2023\/03\/DN00100257-Logo-spatbord-Lancia-Ypsilon-I-16V-IMITATIE-set-2-st-3-e1646508802777.jpg\",\"contentUrl\":\"https:\/\/turijnmagazijn.nl\/wp-content\/uploads\/2023\/03\/DN00100257-Logo-spatbord-Lancia-Ypsilon-I-16V-IMITATIE-set-2-st-3-e1646508802777.jpg\",\"width\":634,\"height\":768},{\"@type\":\"BreadcrumbList\",\"@id\":\"https:\/\/turijnmagazijn.nl\/fr\/produit\/logo-fender-lancia-ypsilon-i-16v-imitation-set-2-pc\/#breadcrumb\",\"itemListElement\":[{\"@type\":\"ListItem\",\"position\":1,\"name\":\"Home\",\"item\":\"https:\/\/turijnmagazijn.nl\/fr\/\"},{\"@type\":\"ListItem\",\"position\":2,\"name\":\"Produits\",\"item\":\"https:\/\/turijnmagazijn.nl\/fr\/shop\/\"},{\"@type\":\"ListItem\",\"position\":3,\"name\":\"Logo fender Lancia Ypsilon I 16V IMITATION set 2 pcs\"}]},{\"@type\":\"WebSite\",\"@id\":\"https:\/\/turijnmagazijn.jumpstone-dev.nl\/#website\",\"url\":\"https:\/\/turijnmagazijn.jumpstone-dev.nl\/\",\"name\":\"Turijnmagazijn\",\"description\":\"Onderdelen nieuw en gebruikt - Fiat &amp; Lancia\",\"publisher\":{\"@id\":\"https:\/\/turijnmagazijn.jumpstone-dev.nl\/#organization\"},\"potentialAction\":[{\"@type\":\"SearchAction\",\"target\":{\"@type\":\"EntryPoint\",\"urlTemplate\":\"https:\/\/turijnmagazijn.jumpstone-dev.nl\/?s={search_term_string}\"},\"query-input\":{\"@type\":\"PropertyValueSpecification\",\"valueRequired\":true,\"valueName\":\"search_term_string\"}}],\"inLanguage\":\"fr-FR\"},{\"@type\":\"Organization\",\"@id\":\"https:\/\/turijnmagazijn.jumpstone-dev.nl\/#organization\",\"name\":\"Turijnmagazijn\",\"url\":\"https:\/\/turijnmagazijn.jumpstone-dev.nl\/\",\"logo\":{\"@type\":\"ImageObject\",\"inLanguage\":\"fr-FR\",\"@id\":\"https:\/\/turijnmagazijn.jumpstone-dev.nl\/#\/schema\/logo\/image\/\",\"url\":\"https:\/\/turijnmagazijn.nl\/wp-content\/uploads\/2021\/02\/turijnmagazijnlogo.png\",\"contentUrl\":\"https:\/\/turijnmagazijn.nl\/wp-content\/uploads\/2021\/02\/turijnmagazijnlogo.png\",\"width\":555,\"height\":270,\"caption\":\"Turijnmagazijn\"},\"image\":{\"@id\":\"https:\/\/turijnmagazijn.jumpstone-dev.nl\/#\/schema\/logo\/image\/\"},\"sameAs\":[\"https:\/\/www.facebook.com\/turijnmagazijn\"]}]}<\/script>\n<!-- \/ Yoast SEO plugin. -->","yoast_head_json":{"title":"Logo fender Lancia Ypsilon I 16V IMITATION set 2 pcs - Turijnmagazijn","robots":{"index":"index","follow":"follow","max-snippet":"max-snippet:-1","max-image-preview":"max-image-preview:large","max-video-preview":"max-video-preview:-1"},"canonical":"https:\/\/turijnmagazijn.nl\/fr\/produit\/logo-fender-lancia-ypsilon-i-16v-imitation-set-2-pc\/","og_locale":"fr_FR","og_type":"article","og_title":"Logo fender Lancia Ypsilon I 16V IMITATION set 2 pcs - Turijnmagazijn","og_description":"Nouveau jeu de 2 logos autocollants pour montage sur le garde-boue pour Lancia Ypsilon I","og_url":"https:\/\/turijnmagazijn.nl\/fr\/produit\/logo-fender-lancia-ypsilon-i-16v-imitation-set-2-pc\/","og_site_name":"Turijnmagazijn","article_publisher":"https:\/\/www.facebook.com\/turijnmagazijn","article_modified_time":"2024-11-08T20:45:26+00:00","og_image":[{"width":634,"height":768,"url":"https:\/\/turijnmagazijn.nl\/wp-content\/uploads\/2023\/03\/DN00100257-Logo-spatbord-Lancia-Ypsilon-I-16V-IMITATIE-set-2-st-3-e1646508802777.jpg","type":"image\/jpeg"}],"twitter_card":"summary_large_image","twitter_misc":{"Dur\u00e9e de lecture estim\u00e9e":"1 minute"},"schema":{"@context":"https:\/\/schema.org","@graph":[{"@type":"WebPage","@id":"https:\/\/turijnmagazijn.nl\/fr\/produit\/logo-fender-lancia-ypsilon-i-16v-imitation-set-2-pc\/","url":"https:\/\/turijnmagazijn.nl\/fr\/produit\/logo-fender-lancia-ypsilon-i-16v-imitation-set-2-pc\/","name":"Logo fender Lancia Ypsilon I 16V IMITATION set 2 pcs - Turijnmagazijn","isPartOf":{"@id":"https:\/\/turijnmagazijn.jumpstone-dev.nl\/#website"},"primaryImageOfPage":{"@id":"https:\/\/turijnmagazijn.nl\/fr\/produit\/logo-fender-lancia-ypsilon-i-16v-imitation-set-2-pc\/#primaryimage"},"image":{"@id":"https:\/\/turijnmagazijn.nl\/fr\/produit\/logo-fender-lancia-ypsilon-i-16v-imitation-set-2-pc\/#primaryimage"},"thumbnailUrl":"https:\/\/turijnmagazijn.nl\/wp-content\/uploads\/2023\/03\/DN00100257-Logo-spatbord-Lancia-Ypsilon-I-16V-IMITATIE-set-2-st-3-e1646508802777.jpg","datePublished":"2023-03-03T08:11:59+00:00","dateModified":"2024-11-08T20:45:26+00:00","breadcrumb":{"@id":"https:\/\/turijnmagazijn.nl\/fr\/produit\/logo-fender-lancia-ypsilon-i-16v-imitation-set-2-pc\/#breadcrumb"},"inLanguage":"fr-FR","potentialAction":[{"@type":"ReadAction","target":["https:\/\/turijnmagazijn.nl\/fr\/produit\/logo-fender-lancia-ypsilon-i-16v-imitation-set-2-pc\/"]}]},{"@type":"ImageObject","inLanguage":"fr-FR","@id":"https:\/\/turijnmagazijn.nl\/fr\/produit\/logo-fender-lancia-ypsilon-i-16v-imitation-set-2-pc\/#primaryimage","url":"https:\/\/turijnmagazijn.nl\/wp-content\/uploads\/2023\/03\/DN00100257-Logo-spatbord-Lancia-Ypsilon-I-16V-IMITATIE-set-2-st-3-e1646508802777.jpg","contentUrl":"https:\/\/turijnmagazijn.nl\/wp-content\/uploads\/2023\/03\/DN00100257-Logo-spatbord-Lancia-Ypsilon-I-16V-IMITATIE-set-2-st-3-e1646508802777.jpg","width":634,"height":768},{"@type":"BreadcrumbList","@id":"https:\/\/turijnmagazijn.nl\/fr\/produit\/logo-fender-lancia-ypsilon-i-16v-imitation-set-2-pc\/#breadcrumb","itemListElement":[{"@type":"ListItem","position":1,"name":"Home","item":"https:\/\/turijnmagazijn.nl\/fr\/"},{"@type":"ListItem","position":2,"name":"Produits","item":"https:\/\/turijnmagazijn.nl\/fr\/shop\/"},{"@type":"ListItem","position":3,"name":"Logo fender Lancia Ypsilon I 16V IMITATION set 2 pcs"}]},{"@type":"WebSite","@id":"https:\/\/turijnmagazijn.jumpstone-dev.nl\/#website","url":"https:\/\/turijnmagazijn.jumpstone-dev.nl\/","name":"Turijnmagazijn","description":"Onderdelen nieuw en gebruikt - Fiat &amp; Lancia","publisher":{"@id":"https:\/\/turijnmagazijn.jumpstone-dev.nl\/#organization"},"potentialAction":[{"@type":"SearchAction","target":{"@type":"EntryPoint","urlTemplate":"https:\/\/turijnmagazijn.jumpstone-dev.nl\/?s={search_term_string}"},"query-input":{"@type":"PropertyValueSpecification","valueRequired":true,"valueName":"search_term_string"}}],"inLanguage":"fr-FR"},{"@type":"Organization","@id":"https:\/\/turijnmagazijn.jumpstone-dev.nl\/#organization","name":"Turijnmagazijn","url":"https:\/\/turijnmagazijn.jumpstone-dev.nl\/","logo":{"@type":"ImageObject","inLanguage":"fr-FR","@id":"https:\/\/turijnmagazijn.jumpstone-dev.nl\/#\/schema\/logo\/image\/","url":"https:\/\/turijnmagazijn.nl\/wp-content\/uploads\/2021\/02\/turijnmagazijnlogo.png","contentUrl":"https:\/\/turijnmagazijn.nl\/wp-content\/uploads\/2021\/02\/turijnmagazijnlogo.png","width":555,"height":270,"caption":"Turijnmagazijn"},"image":{"@id":"https:\/\/turijnmagazijn.jumpstone-dev.nl\/#\/schema\/logo\/image\/"},"sameAs":["https:\/\/www.facebook.com\/turijnmagazijn"]}]}},"_links":{"self":[{"href":"https:\/\/turijnmagazijn.nl\/fr\/wp-json\/wp\/v2\/product\/66999","targetHints":{"allow":["GET"]}}],"collection":[{"href":"https:\/\/turijnmagazijn.nl\/fr\/wp-json\/wp\/v2\/product"}],"about":[{"href":"https:\/\/turijnmagazijn.nl\/fr\/wp-json\/wp\/v2\/types\/product"}],"replies":[{"embeddable":true,"href":"https:\/\/turijnmagazijn.nl\/fr\/wp-json\/wp\/v2\/comments?post=66999"}],"wp:featuredmedia":[{"embeddable":true,"href":"https:\/\/turijnmagazijn.nl\/fr\/wp-json\/wp\/v2\/media\/56088"}],"wp:attachment":[{"href":"https:\/\/turijnmagazijn.nl\/fr\/wp-json\/wp\/v2\/media?parent=66999"}],"wp:term":[{"taxonomy":"product_brand","embeddable":true,"href":"https:\/\/turijnmagazijn.nl\/fr\/wp-json\/wp\/v2\/product_brand?post=66999"},{"taxonomy":"product_cat","embeddable":true,"href":"https:\/\/turijnmagazijn.nl\/fr\/wp-json\/wp\/v2\/product_cat?post=66999"},{"taxonomy":"product_tag","embeddable":true,"href":"https:\/\/turijnmagazijn.nl\/fr\/wp-json\/wp\/v2\/product_tag?post=66999"}],"curies":[{"name":"wp","href":"https:\/\/api.w.org\/{rel}","templated":true}]}}