{"id":67051,"date":"2023-03-03T10:13:57","date_gmt":"2023-03-03T09:13:57","guid":{"rendered":"https:\/\/turijnmagazijn.nl\/product\/pommeau-de-vitesse-alfa-166-noir-nappa-6-vitesses-imitation\/"},"modified":"2023-07-27T12:54:08","modified_gmt":"2023-07-27T10:54:08","slug":"pommeau-de-vitesse-alpha-166-noir-nappa-6-cuisson-imitation","status":"publish","type":"product","link":"https:\/\/turijnmagazijn.nl\/fr\/produit\/pommeau-de-vitesse-alpha-166-noir-nappa-6-cuisson-imitation\/","title":{"rendered":"Pommeau de vitesse Alfa 166 noir nappa 6 vitesses IMITATION"},"content":{"rendered":"<p>Nouveau pommeau de levier de vitesses pour Alfa Romeo 166 \u00e9quip\u00e9 d\u2019une bo\u00eete de vitesses \u00e0 6 rapports. Il s\u2019agit d\u2019une imitation de haute qualit\u00e9 du rare pommeau de levier de vitesses recouvert de cuir. Le Pommeau peut \u00eatre coll\u00e9 et serr\u00e9 \u00e0 la place de l&rsquo;ancien (les deux le font pour un bon r\u00e9sultat). C\u2019est un tr\u00e8s beau produit de qualit\u00e9 qui orne l\u2019int\u00e9rieur d\u2019une Alfa Romeo 166.<\/p>\n<p>Il s\u2019agit d\u2019une nouvelle s\u00e9rie de boutons de vitesse \u00e9quip\u00e9s d\u2019une presse \u00e0 chaud parfaitement assortie au mod\u00e8le de changement de vitesse. Beau match avec original! Le bouton est parfaitement reproduit \u00e0 l\u2019original et dispose d\u2019un nouveau cuir qui correspond parfaitement \u00e0 la sensation et \u00e0 l\u2019apparence du poker en cuir original.<\/p>\n<p>OEM Alfa Romeo156037981 &#8211; 156021700 &#8211; 156018054 R\u00c9F\u00c9RENCE SEULEMENT!<\/p>\n","protected":false},"excerpt":{"rendered":"<p>Nouveau pommeau de levier de vitesses pour Alfa Romeo 166 \u00e9quip\u00e9 d\u2019une bo\u00eete de vitesses \u00e0 6 rapports. Concerne une imitation de haute qualit\u00e9 du rare recouvert de cuir<\/p>\n","protected":false},"featured_media":56416,"comment_status":"closed","ping_status":"closed","template":"","meta":{"_acf_changed":false},"product_brand":[],"product_cat":[1650,1582],"product_tag":[],"class_list":{"0":"post-67051","1":"product","2":"type-product","3":"status-publish","4":"has-post-thumbnail","6":"product_cat-166-936-fr","7":"product_cat-alfa-romeo-fr","8":"pa_soort-onderdeel-dautres-pieces-de-voiture","10":"first","11":"instock","12":"taxable","13":"shipping-taxable","14":"purchasable","15":"product-type-simple"},"acf":[],"yoast_head":"<!-- This site is optimized with the Yoast SEO plugin v27.3 - https:\/\/yoast.com\/product\/yoast-seo-wordpress\/ -->\n<title>Pommeau de vitesse Alfa 166 noir nappa 6 vitesses IMITATION - Turijnmagazijn<\/title>\n<meta name=\"robots\" content=\"index, follow, max-snippet:-1, max-image-preview:large, max-video-preview:-1\" \/>\n<link rel=\"canonical\" href=\"https:\/\/turijnmagazijn.nl\/fr\/produit\/pommeau-de-vitesse-alpha-166-noir-nappa-6-cuisson-imitation\/\" \/>\n<meta property=\"og:locale\" content=\"fr_FR\" \/>\n<meta property=\"og:type\" content=\"article\" \/>\n<meta property=\"og:title\" content=\"Pommeau de vitesse Alfa 166 noir nappa 6 vitesses IMITATION - Turijnmagazijn\" \/>\n<meta property=\"og:description\" content=\"Nouveau pommeau de levier de vitesses pour Alfa Romeo 166 \u00e9quip\u00e9 d\u2019une bo\u00eete de vitesses \u00e0 6 rapports. Concerne une imitation de haute qualit\u00e9 du rare recouvert de cuir\" \/>\n<meta property=\"og:url\" content=\"https:\/\/turijnmagazijn.nl\/fr\/produit\/pommeau-de-vitesse-alpha-166-noir-nappa-6-cuisson-imitation\/\" \/>\n<meta property=\"og:site_name\" content=\"Turijnmagazijn\" \/>\n<meta property=\"article:publisher\" content=\"https:\/\/www.facebook.com\/turijnmagazijn\" \/>\n<meta property=\"article:modified_time\" content=\"2023-07-27T10:54:08+00:00\" \/>\n<meta property=\"og:image\" content=\"https:\/\/turijnmagazijn.nl\/wp-content\/uploads\/2023\/03\/DN00100261-Pookknop-Alfa-166-zwart-nappa-6-bak-IMITATIE-8.jpg\" \/>\n\t<meta property=\"og:image:width\" content=\"1024\" \/>\n\t<meta property=\"og:image:height\" content=\"768\" \/>\n\t<meta property=\"og:image:type\" content=\"image\/jpeg\" \/>\n<meta name=\"twitter:card\" content=\"summary_large_image\" \/>\n<meta name=\"twitter:label1\" content=\"Dur\u00e9e de lecture estim\u00e9e\" \/>\n\t<meta name=\"twitter:data1\" content=\"1 minute\" \/>\n<script type=\"application\/ld+json\" class=\"yoast-schema-graph\">{\"@context\":\"https:\\\/\\\/schema.org\",\"@graph\":[{\"@type\":\"WebPage\",\"@id\":\"https:\\\/\\\/turijnmagazijn.nl\\\/fr\\\/produit\\\/pommeau-de-vitesse-alpha-166-noir-nappa-6-cuisson-imitation\\\/\",\"url\":\"https:\\\/\\\/turijnmagazijn.nl\\\/fr\\\/produit\\\/pommeau-de-vitesse-alpha-166-noir-nappa-6-cuisson-imitation\\\/\",\"name\":\"Pommeau de vitesse Alfa 166 noir nappa 6 vitesses IMITATION - Turijnmagazijn\",\"isPartOf\":{\"@id\":\"https:\\\/\\\/turijnmagazijn.jumpstone-dev.nl\\\/#website\"},\"primaryImageOfPage\":{\"@id\":\"https:\\\/\\\/turijnmagazijn.nl\\\/fr\\\/produit\\\/pommeau-de-vitesse-alpha-166-noir-nappa-6-cuisson-imitation\\\/#primaryimage\"},\"image\":{\"@id\":\"https:\\\/\\\/turijnmagazijn.nl\\\/fr\\\/produit\\\/pommeau-de-vitesse-alpha-166-noir-nappa-6-cuisson-imitation\\\/#primaryimage\"},\"thumbnailUrl\":\"https:\\\/\\\/turijnmagazijn.nl\\\/wp-content\\\/uploads\\\/2023\\\/03\\\/DN00100261-Pookknop-Alfa-166-zwart-nappa-6-bak-IMITATIE-8.jpg\",\"datePublished\":\"2023-03-03T09:13:57+00:00\",\"dateModified\":\"2023-07-27T10:54:08+00:00\",\"breadcrumb\":{\"@id\":\"https:\\\/\\\/turijnmagazijn.nl\\\/fr\\\/produit\\\/pommeau-de-vitesse-alpha-166-noir-nappa-6-cuisson-imitation\\\/#breadcrumb\"},\"inLanguage\":\"fr-FR\",\"potentialAction\":[{\"@type\":\"ReadAction\",\"target\":[\"https:\\\/\\\/turijnmagazijn.nl\\\/fr\\\/produit\\\/pommeau-de-vitesse-alpha-166-noir-nappa-6-cuisson-imitation\\\/\"]}]},{\"@type\":\"ImageObject\",\"inLanguage\":\"fr-FR\",\"@id\":\"https:\\\/\\\/turijnmagazijn.nl\\\/fr\\\/produit\\\/pommeau-de-vitesse-alpha-166-noir-nappa-6-cuisson-imitation\\\/#primaryimage\",\"url\":\"https:\\\/\\\/turijnmagazijn.nl\\\/wp-content\\\/uploads\\\/2023\\\/03\\\/DN00100261-Pookknop-Alfa-166-zwart-nappa-6-bak-IMITATIE-8.jpg\",\"contentUrl\":\"https:\\\/\\\/turijnmagazijn.nl\\\/wp-content\\\/uploads\\\/2023\\\/03\\\/DN00100261-Pookknop-Alfa-166-zwart-nappa-6-bak-IMITATIE-8.jpg\",\"width\":1024,\"height\":768},{\"@type\":\"BreadcrumbList\",\"@id\":\"https:\\\/\\\/turijnmagazijn.nl\\\/fr\\\/produit\\\/pommeau-de-vitesse-alpha-166-noir-nappa-6-cuisson-imitation\\\/#breadcrumb\",\"itemListElement\":[{\"@type\":\"ListItem\",\"position\":1,\"name\":\"Home\",\"item\":\"https:\\\/\\\/turijnmagazijn.nl\\\/fr\\\/\"},{\"@type\":\"ListItem\",\"position\":2,\"name\":\"Produits\",\"item\":\"https:\\\/\\\/turijnmagazijn.nl\\\/fr\\\/shop\\\/\"},{\"@type\":\"ListItem\",\"position\":3,\"name\":\"Pommeau de vitesse Alfa 166 noir nappa 6 vitesses IMITATION\"}]},{\"@type\":\"WebSite\",\"@id\":\"https:\\\/\\\/turijnmagazijn.jumpstone-dev.nl\\\/#website\",\"url\":\"https:\\\/\\\/turijnmagazijn.jumpstone-dev.nl\\\/\",\"name\":\"Turijnmagazijn\",\"description\":\"Onderdelen nieuw en gebruikt - Fiat &amp; Lancia\",\"publisher\":{\"@id\":\"https:\\\/\\\/turijnmagazijn.jumpstone-dev.nl\\\/#organization\"},\"potentialAction\":[{\"@type\":\"SearchAction\",\"target\":{\"@type\":\"EntryPoint\",\"urlTemplate\":\"https:\\\/\\\/turijnmagazijn.jumpstone-dev.nl\\\/?s={search_term_string}\"},\"query-input\":{\"@type\":\"PropertyValueSpecification\",\"valueRequired\":true,\"valueName\":\"search_term_string\"}}],\"inLanguage\":\"fr-FR\"},{\"@type\":\"Organization\",\"@id\":\"https:\\\/\\\/turijnmagazijn.jumpstone-dev.nl\\\/#organization\",\"name\":\"Turijnmagazijn\",\"url\":\"https:\\\/\\\/turijnmagazijn.jumpstone-dev.nl\\\/\",\"logo\":{\"@type\":\"ImageObject\",\"inLanguage\":\"fr-FR\",\"@id\":\"https:\\\/\\\/turijnmagazijn.jumpstone-dev.nl\\\/#\\\/schema\\\/logo\\\/image\\\/\",\"url\":\"https:\\\/\\\/turijnmagazijn.nl\\\/wp-content\\\/uploads\\\/2021\\\/02\\\/turijnmagazijnlogo.png\",\"contentUrl\":\"https:\\\/\\\/turijnmagazijn.nl\\\/wp-content\\\/uploads\\\/2021\\\/02\\\/turijnmagazijnlogo.png\",\"width\":555,\"height\":270,\"caption\":\"Turijnmagazijn\"},\"image\":{\"@id\":\"https:\\\/\\\/turijnmagazijn.jumpstone-dev.nl\\\/#\\\/schema\\\/logo\\\/image\\\/\"},\"sameAs\":[\"https:\\\/\\\/www.facebook.com\\\/turijnmagazijn\"]}]}<\/script>\n<!-- \/ Yoast SEO plugin. -->","yoast_head_json":{"title":"Pommeau de vitesse Alfa 166 noir nappa 6 vitesses IMITATION - Turijnmagazijn","robots":{"index":"index","follow":"follow","max-snippet":"max-snippet:-1","max-image-preview":"max-image-preview:large","max-video-preview":"max-video-preview:-1"},"canonical":"https:\/\/turijnmagazijn.nl\/fr\/produit\/pommeau-de-vitesse-alpha-166-noir-nappa-6-cuisson-imitation\/","og_locale":"fr_FR","og_type":"article","og_title":"Pommeau de vitesse Alfa 166 noir nappa 6 vitesses IMITATION - Turijnmagazijn","og_description":"Nouveau pommeau de levier de vitesses pour Alfa Romeo 166 \u00e9quip\u00e9 d\u2019une bo\u00eete de vitesses \u00e0 6 rapports. Concerne une imitation de haute qualit\u00e9 du rare recouvert de cuir","og_url":"https:\/\/turijnmagazijn.nl\/fr\/produit\/pommeau-de-vitesse-alpha-166-noir-nappa-6-cuisson-imitation\/","og_site_name":"Turijnmagazijn","article_publisher":"https:\/\/www.facebook.com\/turijnmagazijn","article_modified_time":"2023-07-27T10:54:08+00:00","og_image":[{"width":1024,"height":768,"url":"https:\/\/turijnmagazijn.nl\/wp-content\/uploads\/2023\/03\/DN00100261-Pookknop-Alfa-166-zwart-nappa-6-bak-IMITATIE-8.jpg","type":"image\/jpeg"}],"twitter_card":"summary_large_image","twitter_misc":{"Dur\u00e9e de lecture estim\u00e9e":"1 minute"},"schema":{"@context":"https:\/\/schema.org","@graph":[{"@type":"WebPage","@id":"https:\/\/turijnmagazijn.nl\/fr\/produit\/pommeau-de-vitesse-alpha-166-noir-nappa-6-cuisson-imitation\/","url":"https:\/\/turijnmagazijn.nl\/fr\/produit\/pommeau-de-vitesse-alpha-166-noir-nappa-6-cuisson-imitation\/","name":"Pommeau de vitesse Alfa 166 noir nappa 6 vitesses IMITATION - Turijnmagazijn","isPartOf":{"@id":"https:\/\/turijnmagazijn.jumpstone-dev.nl\/#website"},"primaryImageOfPage":{"@id":"https:\/\/turijnmagazijn.nl\/fr\/produit\/pommeau-de-vitesse-alpha-166-noir-nappa-6-cuisson-imitation\/#primaryimage"},"image":{"@id":"https:\/\/turijnmagazijn.nl\/fr\/produit\/pommeau-de-vitesse-alpha-166-noir-nappa-6-cuisson-imitation\/#primaryimage"},"thumbnailUrl":"https:\/\/turijnmagazijn.nl\/wp-content\/uploads\/2023\/03\/DN00100261-Pookknop-Alfa-166-zwart-nappa-6-bak-IMITATIE-8.jpg","datePublished":"2023-03-03T09:13:57+00:00","dateModified":"2023-07-27T10:54:08+00:00","breadcrumb":{"@id":"https:\/\/turijnmagazijn.nl\/fr\/produit\/pommeau-de-vitesse-alpha-166-noir-nappa-6-cuisson-imitation\/#breadcrumb"},"inLanguage":"fr-FR","potentialAction":[{"@type":"ReadAction","target":["https:\/\/turijnmagazijn.nl\/fr\/produit\/pommeau-de-vitesse-alpha-166-noir-nappa-6-cuisson-imitation\/"]}]},{"@type":"ImageObject","inLanguage":"fr-FR","@id":"https:\/\/turijnmagazijn.nl\/fr\/produit\/pommeau-de-vitesse-alpha-166-noir-nappa-6-cuisson-imitation\/#primaryimage","url":"https:\/\/turijnmagazijn.nl\/wp-content\/uploads\/2023\/03\/DN00100261-Pookknop-Alfa-166-zwart-nappa-6-bak-IMITATIE-8.jpg","contentUrl":"https:\/\/turijnmagazijn.nl\/wp-content\/uploads\/2023\/03\/DN00100261-Pookknop-Alfa-166-zwart-nappa-6-bak-IMITATIE-8.jpg","width":1024,"height":768},{"@type":"BreadcrumbList","@id":"https:\/\/turijnmagazijn.nl\/fr\/produit\/pommeau-de-vitesse-alpha-166-noir-nappa-6-cuisson-imitation\/#breadcrumb","itemListElement":[{"@type":"ListItem","position":1,"name":"Home","item":"https:\/\/turijnmagazijn.nl\/fr\/"},{"@type":"ListItem","position":2,"name":"Produits","item":"https:\/\/turijnmagazijn.nl\/fr\/shop\/"},{"@type":"ListItem","position":3,"name":"Pommeau de vitesse Alfa 166 noir nappa 6 vitesses IMITATION"}]},{"@type":"WebSite","@id":"https:\/\/turijnmagazijn.jumpstone-dev.nl\/#website","url":"https:\/\/turijnmagazijn.jumpstone-dev.nl\/","name":"Turijnmagazijn","description":"Onderdelen nieuw en gebruikt - Fiat &amp; Lancia","publisher":{"@id":"https:\/\/turijnmagazijn.jumpstone-dev.nl\/#organization"},"potentialAction":[{"@type":"SearchAction","target":{"@type":"EntryPoint","urlTemplate":"https:\/\/turijnmagazijn.jumpstone-dev.nl\/?s={search_term_string}"},"query-input":{"@type":"PropertyValueSpecification","valueRequired":true,"valueName":"search_term_string"}}],"inLanguage":"fr-FR"},{"@type":"Organization","@id":"https:\/\/turijnmagazijn.jumpstone-dev.nl\/#organization","name":"Turijnmagazijn","url":"https:\/\/turijnmagazijn.jumpstone-dev.nl\/","logo":{"@type":"ImageObject","inLanguage":"fr-FR","@id":"https:\/\/turijnmagazijn.jumpstone-dev.nl\/#\/schema\/logo\/image\/","url":"https:\/\/turijnmagazijn.nl\/wp-content\/uploads\/2021\/02\/turijnmagazijnlogo.png","contentUrl":"https:\/\/turijnmagazijn.nl\/wp-content\/uploads\/2021\/02\/turijnmagazijnlogo.png","width":555,"height":270,"caption":"Turijnmagazijn"},"image":{"@id":"https:\/\/turijnmagazijn.jumpstone-dev.nl\/#\/schema\/logo\/image\/"},"sameAs":["https:\/\/www.facebook.com\/turijnmagazijn"]}]}},"_links":{"self":[{"href":"https:\/\/turijnmagazijn.nl\/fr\/wp-json\/wp\/v2\/product\/67051","targetHints":{"allow":["GET"]}}],"collection":[{"href":"https:\/\/turijnmagazijn.nl\/fr\/wp-json\/wp\/v2\/product"}],"about":[{"href":"https:\/\/turijnmagazijn.nl\/fr\/wp-json\/wp\/v2\/types\/product"}],"replies":[{"embeddable":true,"href":"https:\/\/turijnmagazijn.nl\/fr\/wp-json\/wp\/v2\/comments?post=67051"}],"wp:featuredmedia":[{"embeddable":true,"href":"https:\/\/turijnmagazijn.nl\/fr\/wp-json\/wp\/v2\/media\/56416"}],"wp:attachment":[{"href":"https:\/\/turijnmagazijn.nl\/fr\/wp-json\/wp\/v2\/media?parent=67051"}],"wp:term":[{"taxonomy":"product_brand","embeddable":true,"href":"https:\/\/turijnmagazijn.nl\/fr\/wp-json\/wp\/v2\/product_brand?post=67051"},{"taxonomy":"product_cat","embeddable":true,"href":"https:\/\/turijnmagazijn.nl\/fr\/wp-json\/wp\/v2\/product_cat?post=67051"},{"taxonomy":"product_tag","embeddable":true,"href":"https:\/\/turijnmagazijn.nl\/fr\/wp-json\/wp\/v2\/product_tag?post=67051"}],"curies":[{"name":"wp","href":"https:\/\/api.w.org\/{rel}","templated":true}]}}