{"id":67057,"date":"2023-03-03T10:20:16","date_gmt":"2023-03-03T09:20:16","guid":{"rendered":"https:\/\/turijnmagazijn.nl\/product\/filtre-automatique-boite-de-vitesses-huile-lancia-kappa-164-croma-i-theme-i\/"},"modified":"2023-07-27T13:03:01","modified_gmt":"2023-07-27T11:03:01","slug":"filtre-automatique-boite-de-vitesses-huile-lancia-kappa-164-croma-i-theme-i","status":"publish","type":"product","link":"https:\/\/turijnmagazijn.nl\/fr\/produit\/filtre-automatique-boite-de-vitesses-huile-lancia-kappa-164-croma-i-theme-i\/","title":{"rendered":"Filtre automatique bo\u00eete de vitesses huile Lancia Kappa 164 Croma I Th\u00e8me I"},"content":{"rendered":"<p>Nouvelle huile de bo\u00eete de vitesses automatique \u00e0 filtre d\u2019origine Lancia Kappa 164 Croma I Theme IBecovers une pi\u00e8ce d\u2019origine inutilis\u00e9e de l\u2019ancien stock du concessionnaire. Les articles sont, le cas \u00e9ch\u00e9ant, fournis avec l\u2019emballage d\u2019origine de la marque. Concerne une composante de marge. Le num\u00e9ro OEM de cette pi\u00e8ce est 9943088<\/p>\n","protected":false},"excerpt":{"rendered":"<p>Nouvelle pi\u00e8ce d\u2019origine provenant de l\u2019ancien stock du concessionnaire. Filtre automatique bo\u00eete de vitesses huile Lancia Kappa 164 Croma I Theme I Num\u00e9ro OEM 9943088<\/p>\n","protected":false},"featured_media":0,"comment_status":"open","ping_status":"closed","template":"","meta":{"_acf_changed":false},"product_brand":[],"product_cat":[1654,1862,1865,1722,1690,1860,1798,1870,1896,1902,1897],"product_tag":[],"class_list":{"0":"post-67057","1":"product","2":"type-product","3":"status-publish","5":"product_cat-164-164-fr","6":"product_cat-berlina-fr","7":"product_cat-coupe-fr","8":"product_cat-croma-1-154-fr","9":"product_cat-fiat-fr","10":"product_cat-kappa-838-fr","11":"product_cat-lancia-fr","12":"product_cat-sw-fr","13":"product_cat-thema-834-fr","14":"product_cat-thema-sedan-fr","15":"product_cat-thema-sw-fr","16":"pa_soort-onderdeel-dautres-pieces-de-voiture","17":"pa_soort-onderdeel-moteur-et-accessoires","19":"first","20":"instock","21":"shipping-taxable","22":"purchasable","23":"product-type-simple"},"acf":[],"yoast_head":"<!-- This site is optimized with the Yoast SEO plugin v27.3 - https:\/\/yoast.com\/product\/yoast-seo-wordpress\/ -->\n<title>Filtre automatique bo\u00eete de vitesses huile Lancia Kappa 164 Croma I Th\u00e8me I - Turijnmagazijn<\/title>\n<meta name=\"robots\" content=\"index, follow, max-snippet:-1, max-image-preview:large, max-video-preview:-1\" \/>\n<link rel=\"canonical\" href=\"https:\/\/turijnmagazijn.nl\/fr\/produit\/filtre-automatique-boite-de-vitesses-huile-lancia-kappa-164-croma-i-theme-i\/\" \/>\n<meta property=\"og:locale\" content=\"fr_FR\" \/>\n<meta property=\"og:type\" content=\"article\" \/>\n<meta property=\"og:title\" content=\"Filtre automatique bo\u00eete de vitesses huile Lancia Kappa 164 Croma I Th\u00e8me I - Turijnmagazijn\" \/>\n<meta property=\"og:description\" content=\"Nouvelle pi\u00e8ce d\u2019origine provenant de l\u2019ancien stock du concessionnaire. Filtre automatique bo\u00eete de vitesses huile Lancia Kappa 164 Croma I Theme I Num\u00e9ro OEM 9943088\" \/>\n<meta property=\"og:url\" content=\"https:\/\/turijnmagazijn.nl\/fr\/produit\/filtre-automatique-boite-de-vitesses-huile-lancia-kappa-164-croma-i-theme-i\/\" \/>\n<meta property=\"og:site_name\" content=\"Turijnmagazijn\" \/>\n<meta property=\"article:publisher\" content=\"https:\/\/www.facebook.com\/turijnmagazijn\" \/>\n<meta property=\"article:modified_time\" content=\"2023-07-27T11:03:01+00:00\" \/>\n<meta name=\"twitter:card\" content=\"summary_large_image\" \/>\n<script type=\"application\/ld+json\" class=\"yoast-schema-graph\">{\"@context\":\"https:\\\/\\\/schema.org\",\"@graph\":[{\"@type\":\"WebPage\",\"@id\":\"https:\\\/\\\/turijnmagazijn.nl\\\/fr\\\/produit\\\/filtre-automatique-boite-de-vitesses-huile-lancia-kappa-164-croma-i-theme-i\\\/\",\"url\":\"https:\\\/\\\/turijnmagazijn.nl\\\/fr\\\/produit\\\/filtre-automatique-boite-de-vitesses-huile-lancia-kappa-164-croma-i-theme-i\\\/\",\"name\":\"Filtre automatique bo\u00eete de vitesses huile Lancia Kappa 164 Croma I Th\u00e8me I - Turijnmagazijn\",\"isPartOf\":{\"@id\":\"https:\\\/\\\/turijnmagazijn.jumpstone-dev.nl\\\/#website\"},\"datePublished\":\"2023-03-03T09:20:16+00:00\",\"dateModified\":\"2023-07-27T11:03:01+00:00\",\"breadcrumb\":{\"@id\":\"https:\\\/\\\/turijnmagazijn.nl\\\/fr\\\/produit\\\/filtre-automatique-boite-de-vitesses-huile-lancia-kappa-164-croma-i-theme-i\\\/#breadcrumb\"},\"inLanguage\":\"fr-FR\",\"potentialAction\":[{\"@type\":\"ReadAction\",\"target\":[\"https:\\\/\\\/turijnmagazijn.nl\\\/fr\\\/produit\\\/filtre-automatique-boite-de-vitesses-huile-lancia-kappa-164-croma-i-theme-i\\\/\"]}]},{\"@type\":\"BreadcrumbList\",\"@id\":\"https:\\\/\\\/turijnmagazijn.nl\\\/fr\\\/produit\\\/filtre-automatique-boite-de-vitesses-huile-lancia-kappa-164-croma-i-theme-i\\\/#breadcrumb\",\"itemListElement\":[{\"@type\":\"ListItem\",\"position\":1,\"name\":\"Home\",\"item\":\"https:\\\/\\\/turijnmagazijn.nl\\\/fr\\\/\"},{\"@type\":\"ListItem\",\"position\":2,\"name\":\"Produits\",\"item\":\"https:\\\/\\\/turijnmagazijn.nl\\\/fr\\\/shop\\\/\"},{\"@type\":\"ListItem\",\"position\":3,\"name\":\"Filtre automatique bo\u00eete de vitesses huile Lancia Kappa 164 Croma I Th\u00e8me I\"}]},{\"@type\":\"WebSite\",\"@id\":\"https:\\\/\\\/turijnmagazijn.jumpstone-dev.nl\\\/#website\",\"url\":\"https:\\\/\\\/turijnmagazijn.jumpstone-dev.nl\\\/\",\"name\":\"Turijnmagazijn\",\"description\":\"Onderdelen nieuw en gebruikt - Fiat &amp; Lancia\",\"publisher\":{\"@id\":\"https:\\\/\\\/turijnmagazijn.jumpstone-dev.nl\\\/#organization\"},\"potentialAction\":[{\"@type\":\"SearchAction\",\"target\":{\"@type\":\"EntryPoint\",\"urlTemplate\":\"https:\\\/\\\/turijnmagazijn.jumpstone-dev.nl\\\/?s={search_term_string}\"},\"query-input\":{\"@type\":\"PropertyValueSpecification\",\"valueRequired\":true,\"valueName\":\"search_term_string\"}}],\"inLanguage\":\"fr-FR\"},{\"@type\":\"Organization\",\"@id\":\"https:\\\/\\\/turijnmagazijn.jumpstone-dev.nl\\\/#organization\",\"name\":\"Turijnmagazijn\",\"url\":\"https:\\\/\\\/turijnmagazijn.jumpstone-dev.nl\\\/\",\"logo\":{\"@type\":\"ImageObject\",\"inLanguage\":\"fr-FR\",\"@id\":\"https:\\\/\\\/turijnmagazijn.jumpstone-dev.nl\\\/#\\\/schema\\\/logo\\\/image\\\/\",\"url\":\"https:\\\/\\\/turijnmagazijn.nl\\\/wp-content\\\/uploads\\\/2021\\\/02\\\/turijnmagazijnlogo.png\",\"contentUrl\":\"https:\\\/\\\/turijnmagazijn.nl\\\/wp-content\\\/uploads\\\/2021\\\/02\\\/turijnmagazijnlogo.png\",\"width\":555,\"height\":270,\"caption\":\"Turijnmagazijn\"},\"image\":{\"@id\":\"https:\\\/\\\/turijnmagazijn.jumpstone-dev.nl\\\/#\\\/schema\\\/logo\\\/image\\\/\"},\"sameAs\":[\"https:\\\/\\\/www.facebook.com\\\/turijnmagazijn\"]}]}<\/script>\n<!-- \/ Yoast SEO plugin. -->","yoast_head_json":{"title":"Filtre automatique bo\u00eete de vitesses huile Lancia Kappa 164 Croma I Th\u00e8me I - Turijnmagazijn","robots":{"index":"index","follow":"follow","max-snippet":"max-snippet:-1","max-image-preview":"max-image-preview:large","max-video-preview":"max-video-preview:-1"},"canonical":"https:\/\/turijnmagazijn.nl\/fr\/produit\/filtre-automatique-boite-de-vitesses-huile-lancia-kappa-164-croma-i-theme-i\/","og_locale":"fr_FR","og_type":"article","og_title":"Filtre automatique bo\u00eete de vitesses huile Lancia Kappa 164 Croma I Th\u00e8me I - Turijnmagazijn","og_description":"Nouvelle pi\u00e8ce d\u2019origine provenant de l\u2019ancien stock du concessionnaire. Filtre automatique bo\u00eete de vitesses huile Lancia Kappa 164 Croma I Theme I Num\u00e9ro OEM 9943088","og_url":"https:\/\/turijnmagazijn.nl\/fr\/produit\/filtre-automatique-boite-de-vitesses-huile-lancia-kappa-164-croma-i-theme-i\/","og_site_name":"Turijnmagazijn","article_publisher":"https:\/\/www.facebook.com\/turijnmagazijn","article_modified_time":"2023-07-27T11:03:01+00:00","twitter_card":"summary_large_image","schema":{"@context":"https:\/\/schema.org","@graph":[{"@type":"WebPage","@id":"https:\/\/turijnmagazijn.nl\/fr\/produit\/filtre-automatique-boite-de-vitesses-huile-lancia-kappa-164-croma-i-theme-i\/","url":"https:\/\/turijnmagazijn.nl\/fr\/produit\/filtre-automatique-boite-de-vitesses-huile-lancia-kappa-164-croma-i-theme-i\/","name":"Filtre automatique bo\u00eete de vitesses huile Lancia Kappa 164 Croma I Th\u00e8me I - Turijnmagazijn","isPartOf":{"@id":"https:\/\/turijnmagazijn.jumpstone-dev.nl\/#website"},"datePublished":"2023-03-03T09:20:16+00:00","dateModified":"2023-07-27T11:03:01+00:00","breadcrumb":{"@id":"https:\/\/turijnmagazijn.nl\/fr\/produit\/filtre-automatique-boite-de-vitesses-huile-lancia-kappa-164-croma-i-theme-i\/#breadcrumb"},"inLanguage":"fr-FR","potentialAction":[{"@type":"ReadAction","target":["https:\/\/turijnmagazijn.nl\/fr\/produit\/filtre-automatique-boite-de-vitesses-huile-lancia-kappa-164-croma-i-theme-i\/"]}]},{"@type":"BreadcrumbList","@id":"https:\/\/turijnmagazijn.nl\/fr\/produit\/filtre-automatique-boite-de-vitesses-huile-lancia-kappa-164-croma-i-theme-i\/#breadcrumb","itemListElement":[{"@type":"ListItem","position":1,"name":"Home","item":"https:\/\/turijnmagazijn.nl\/fr\/"},{"@type":"ListItem","position":2,"name":"Produits","item":"https:\/\/turijnmagazijn.nl\/fr\/shop\/"},{"@type":"ListItem","position":3,"name":"Filtre automatique bo\u00eete de vitesses huile Lancia Kappa 164 Croma I Th\u00e8me I"}]},{"@type":"WebSite","@id":"https:\/\/turijnmagazijn.jumpstone-dev.nl\/#website","url":"https:\/\/turijnmagazijn.jumpstone-dev.nl\/","name":"Turijnmagazijn","description":"Onderdelen nieuw en gebruikt - Fiat &amp; Lancia","publisher":{"@id":"https:\/\/turijnmagazijn.jumpstone-dev.nl\/#organization"},"potentialAction":[{"@type":"SearchAction","target":{"@type":"EntryPoint","urlTemplate":"https:\/\/turijnmagazijn.jumpstone-dev.nl\/?s={search_term_string}"},"query-input":{"@type":"PropertyValueSpecification","valueRequired":true,"valueName":"search_term_string"}}],"inLanguage":"fr-FR"},{"@type":"Organization","@id":"https:\/\/turijnmagazijn.jumpstone-dev.nl\/#organization","name":"Turijnmagazijn","url":"https:\/\/turijnmagazijn.jumpstone-dev.nl\/","logo":{"@type":"ImageObject","inLanguage":"fr-FR","@id":"https:\/\/turijnmagazijn.jumpstone-dev.nl\/#\/schema\/logo\/image\/","url":"https:\/\/turijnmagazijn.nl\/wp-content\/uploads\/2021\/02\/turijnmagazijnlogo.png","contentUrl":"https:\/\/turijnmagazijn.nl\/wp-content\/uploads\/2021\/02\/turijnmagazijnlogo.png","width":555,"height":270,"caption":"Turijnmagazijn"},"image":{"@id":"https:\/\/turijnmagazijn.jumpstone-dev.nl\/#\/schema\/logo\/image\/"},"sameAs":["https:\/\/www.facebook.com\/turijnmagazijn"]}]}},"_links":{"self":[{"href":"https:\/\/turijnmagazijn.nl\/fr\/wp-json\/wp\/v2\/product\/67057","targetHints":{"allow":["GET"]}}],"collection":[{"href":"https:\/\/turijnmagazijn.nl\/fr\/wp-json\/wp\/v2\/product"}],"about":[{"href":"https:\/\/turijnmagazijn.nl\/fr\/wp-json\/wp\/v2\/types\/product"}],"replies":[{"embeddable":true,"href":"https:\/\/turijnmagazijn.nl\/fr\/wp-json\/wp\/v2\/comments?post=67057"}],"wp:attachment":[{"href":"https:\/\/turijnmagazijn.nl\/fr\/wp-json\/wp\/v2\/media?parent=67057"}],"wp:term":[{"taxonomy":"product_brand","embeddable":true,"href":"https:\/\/turijnmagazijn.nl\/fr\/wp-json\/wp\/v2\/product_brand?post=67057"},{"taxonomy":"product_cat","embeddable":true,"href":"https:\/\/turijnmagazijn.nl\/fr\/wp-json\/wp\/v2\/product_cat?post=67057"},{"taxonomy":"product_tag","embeddable":true,"href":"https:\/\/turijnmagazijn.nl\/fr\/wp-json\/wp\/v2\/product_tag?post=67057"}],"curies":[{"name":"wp","href":"https:\/\/api.w.org\/{rel}","templated":true}]}}