{"id":67137,"date":"2023-03-03T10:20:16","date_gmt":"2023-03-03T09:20:16","guid":{"rendered":"https:\/\/turijnmagazijn.nl\/product\/verifiez-lelectronique-de-controle-lancia-dedra-delta-tipo-tempra\/"},"modified":"2023-07-27T13:02:59","modified_gmt":"2023-07-27T11:02:59","slug":"controle-controle-electronique-lancia-dedra-delta-tipo-tempra","status":"publish","type":"product","link":"https:\/\/turijnmagazijn.nl\/fr\/produit\/controle-controle-electronique-lancia-dedra-delta-tipo-tempra\/","title":{"rendered":"V\u00e9rifiez l\u2019\u00e9lectronique de contr\u00f4le Lancia DEDRA DELTA Tipo Tempra"},"content":{"rendered":"<p>Nouvelle \u00e9lectronique de contr\u00f4le de contr\u00f4le d\u2019origine Lancia DEDRA DELTA Tipo TempraConcerne une pi\u00e8ce d\u2019origine inutilis\u00e9e de l\u2019ancien stock du concessionnaire. Les articles sont, le cas \u00e9ch\u00e9ant, fournis avec l\u2019emballage d\u2019origine de la marque. Concerne une composante de marge. Le num\u00e9ro OEM de cette pi\u00e8ce est 7601565<\/p>\n","protected":false},"excerpt":{"rendered":"<p>Nouvelle pi\u00e8ce d\u2019origine provenant de l\u2019ancien stock du concessionnaire. V\u00e9rifiez l\u2019\u00e9lectronique de contr\u00f4le Lancia DEDRA DELTA Tipo Tempra num\u00e9ro OEM 7601565<\/p>\n","protected":false},"featured_media":0,"comment_status":"open","ping_status":"closed","template":"","meta":{"_acf_changed":false},"product_brand":[],"product_cat":[1809,1802,1806,1690,1819,1821,1825,1836,1830,1838,1798,1779,1781],"product_tag":[],"class_list":{"0":"post-67137","1":"product","2":"type-product","3":"status-publish","5":"product_cat-1-1-1-3-1-5-fr","6":"product_cat-dedra-835-fr","7":"product_cat-delta-1-831-fr","8":"product_cat-fiat-fr","9":"product_cat-gt-i-e-fr","10":"product_cat-hf-4wd-fr","11":"product_cat-hf-turbo-fr","12":"product_cat-integrale-16v-fr","13":"product_cat-integrale-8v-fr","14":"product_cat-integrale-evo-fr","15":"product_cat-lancia-fr","16":"product_cat-tempra-159-fr","17":"product_cat-tipo-1-160-fr","18":"pa_soort-onderdeel-dautres-pieces-de-voiture","19":"pa_soort-onderdeel-electronique-et-cables","21":"first","22":"instock","23":"shipping-taxable","24":"purchasable","25":"product-type-simple"},"acf":[],"yoast_head":"<!-- This site is optimized with the Yoast SEO plugin v27.2 - https:\/\/yoast.com\/product\/yoast-seo-wordpress\/ -->\n<title>V\u00e9rifiez l\u2019\u00e9lectronique de contr\u00f4le Lancia DEDRA DELTA Tipo Tempra - Turijnmagazijn<\/title>\n<meta name=\"robots\" content=\"index, follow, max-snippet:-1, max-image-preview:large, max-video-preview:-1\" \/>\n<link rel=\"canonical\" href=\"https:\/\/turijnmagazijn.nl\/fr\/produit\/controle-controle-electronique-lancia-dedra-delta-tipo-tempra\/\" \/>\n<meta property=\"og:locale\" content=\"fr_FR\" \/>\n<meta property=\"og:type\" content=\"article\" \/>\n<meta property=\"og:title\" content=\"V\u00e9rifiez l\u2019\u00e9lectronique de contr\u00f4le Lancia DEDRA DELTA Tipo Tempra - Turijnmagazijn\" \/>\n<meta property=\"og:description\" content=\"Nouvelle pi\u00e8ce d\u2019origine provenant de l\u2019ancien stock du concessionnaire. V\u00e9rifiez l\u2019\u00e9lectronique de contr\u00f4le Lancia DEDRA DELTA Tipo Tempra num\u00e9ro OEM 7601565\" \/>\n<meta property=\"og:url\" content=\"https:\/\/turijnmagazijn.nl\/fr\/produit\/controle-controle-electronique-lancia-dedra-delta-tipo-tempra\/\" \/>\n<meta property=\"og:site_name\" content=\"Turijnmagazijn\" \/>\n<meta property=\"article:publisher\" content=\"https:\/\/www.facebook.com\/turijnmagazijn\" \/>\n<meta property=\"article:modified_time\" content=\"2023-07-27T11:02:59+00:00\" \/>\n<meta name=\"twitter:card\" content=\"summary_large_image\" \/>\n<script type=\"application\/ld+json\" class=\"yoast-schema-graph\">{\"@context\":\"https:\/\/schema.org\",\"@graph\":[{\"@type\":\"WebPage\",\"@id\":\"https:\/\/turijnmagazijn.nl\/fr\/produit\/controle-controle-electronique-lancia-dedra-delta-tipo-tempra\/\",\"url\":\"https:\/\/turijnmagazijn.nl\/fr\/produit\/controle-controle-electronique-lancia-dedra-delta-tipo-tempra\/\",\"name\":\"V\u00e9rifiez l\u2019\u00e9lectronique de contr\u00f4le Lancia DEDRA DELTA Tipo Tempra - Turijnmagazijn\",\"isPartOf\":{\"@id\":\"https:\/\/turijnmagazijn.jumpstone-dev.nl\/#website\"},\"datePublished\":\"2023-03-03T09:20:16+00:00\",\"dateModified\":\"2023-07-27T11:02:59+00:00\",\"breadcrumb\":{\"@id\":\"https:\/\/turijnmagazijn.nl\/fr\/produit\/controle-controle-electronique-lancia-dedra-delta-tipo-tempra\/#breadcrumb\"},\"inLanguage\":\"fr-FR\",\"potentialAction\":[{\"@type\":\"ReadAction\",\"target\":[\"https:\/\/turijnmagazijn.nl\/fr\/produit\/controle-controle-electronique-lancia-dedra-delta-tipo-tempra\/\"]}]},{\"@type\":\"BreadcrumbList\",\"@id\":\"https:\/\/turijnmagazijn.nl\/fr\/produit\/controle-controle-electronique-lancia-dedra-delta-tipo-tempra\/#breadcrumb\",\"itemListElement\":[{\"@type\":\"ListItem\",\"position\":1,\"name\":\"Home\",\"item\":\"https:\/\/turijnmagazijn.nl\/fr\/\"},{\"@type\":\"ListItem\",\"position\":2,\"name\":\"Produits\",\"item\":\"https:\/\/turijnmagazijn.nl\/fr\/shop\/\"},{\"@type\":\"ListItem\",\"position\":3,\"name\":\"V\u00e9rifiez l\u2019\u00e9lectronique de contr\u00f4le Lancia DEDRA DELTA Tipo Tempra\"}]},{\"@type\":\"WebSite\",\"@id\":\"https:\/\/turijnmagazijn.jumpstone-dev.nl\/#website\",\"url\":\"https:\/\/turijnmagazijn.jumpstone-dev.nl\/\",\"name\":\"Turijnmagazijn\",\"description\":\"Onderdelen nieuw en gebruikt - Fiat &amp; Lancia\",\"publisher\":{\"@id\":\"https:\/\/turijnmagazijn.jumpstone-dev.nl\/#organization\"},\"potentialAction\":[{\"@type\":\"SearchAction\",\"target\":{\"@type\":\"EntryPoint\",\"urlTemplate\":\"https:\/\/turijnmagazijn.jumpstone-dev.nl\/?s={search_term_string}\"},\"query-input\":{\"@type\":\"PropertyValueSpecification\",\"valueRequired\":true,\"valueName\":\"search_term_string\"}}],\"inLanguage\":\"fr-FR\"},{\"@type\":\"Organization\",\"@id\":\"https:\/\/turijnmagazijn.jumpstone-dev.nl\/#organization\",\"name\":\"Turijnmagazijn\",\"url\":\"https:\/\/turijnmagazijn.jumpstone-dev.nl\/\",\"logo\":{\"@type\":\"ImageObject\",\"inLanguage\":\"fr-FR\",\"@id\":\"https:\/\/turijnmagazijn.jumpstone-dev.nl\/#\/schema\/logo\/image\/\",\"url\":\"https:\/\/turijnmagazijn.nl\/wp-content\/uploads\/2021\/02\/turijnmagazijnlogo.png\",\"contentUrl\":\"https:\/\/turijnmagazijn.nl\/wp-content\/uploads\/2021\/02\/turijnmagazijnlogo.png\",\"width\":555,\"height\":270,\"caption\":\"Turijnmagazijn\"},\"image\":{\"@id\":\"https:\/\/turijnmagazijn.jumpstone-dev.nl\/#\/schema\/logo\/image\/\"},\"sameAs\":[\"https:\/\/www.facebook.com\/turijnmagazijn\"]}]}<\/script>\n<!-- \/ Yoast SEO plugin. -->","yoast_head_json":{"title":"V\u00e9rifiez l\u2019\u00e9lectronique de contr\u00f4le Lancia DEDRA DELTA Tipo Tempra - Turijnmagazijn","robots":{"index":"index","follow":"follow","max-snippet":"max-snippet:-1","max-image-preview":"max-image-preview:large","max-video-preview":"max-video-preview:-1"},"canonical":"https:\/\/turijnmagazijn.nl\/fr\/produit\/controle-controle-electronique-lancia-dedra-delta-tipo-tempra\/","og_locale":"fr_FR","og_type":"article","og_title":"V\u00e9rifiez l\u2019\u00e9lectronique de contr\u00f4le Lancia DEDRA DELTA Tipo Tempra - Turijnmagazijn","og_description":"Nouvelle pi\u00e8ce d\u2019origine provenant de l\u2019ancien stock du concessionnaire. V\u00e9rifiez l\u2019\u00e9lectronique de contr\u00f4le Lancia DEDRA DELTA Tipo Tempra num\u00e9ro OEM 7601565","og_url":"https:\/\/turijnmagazijn.nl\/fr\/produit\/controle-controle-electronique-lancia-dedra-delta-tipo-tempra\/","og_site_name":"Turijnmagazijn","article_publisher":"https:\/\/www.facebook.com\/turijnmagazijn","article_modified_time":"2023-07-27T11:02:59+00:00","twitter_card":"summary_large_image","schema":{"@context":"https:\/\/schema.org","@graph":[{"@type":"WebPage","@id":"https:\/\/turijnmagazijn.nl\/fr\/produit\/controle-controle-electronique-lancia-dedra-delta-tipo-tempra\/","url":"https:\/\/turijnmagazijn.nl\/fr\/produit\/controle-controle-electronique-lancia-dedra-delta-tipo-tempra\/","name":"V\u00e9rifiez l\u2019\u00e9lectronique de contr\u00f4le Lancia DEDRA DELTA Tipo Tempra - Turijnmagazijn","isPartOf":{"@id":"https:\/\/turijnmagazijn.jumpstone-dev.nl\/#website"},"datePublished":"2023-03-03T09:20:16+00:00","dateModified":"2023-07-27T11:02:59+00:00","breadcrumb":{"@id":"https:\/\/turijnmagazijn.nl\/fr\/produit\/controle-controle-electronique-lancia-dedra-delta-tipo-tempra\/#breadcrumb"},"inLanguage":"fr-FR","potentialAction":[{"@type":"ReadAction","target":["https:\/\/turijnmagazijn.nl\/fr\/produit\/controle-controle-electronique-lancia-dedra-delta-tipo-tempra\/"]}]},{"@type":"BreadcrumbList","@id":"https:\/\/turijnmagazijn.nl\/fr\/produit\/controle-controle-electronique-lancia-dedra-delta-tipo-tempra\/#breadcrumb","itemListElement":[{"@type":"ListItem","position":1,"name":"Home","item":"https:\/\/turijnmagazijn.nl\/fr\/"},{"@type":"ListItem","position":2,"name":"Produits","item":"https:\/\/turijnmagazijn.nl\/fr\/shop\/"},{"@type":"ListItem","position":3,"name":"V\u00e9rifiez l\u2019\u00e9lectronique de contr\u00f4le Lancia DEDRA DELTA Tipo Tempra"}]},{"@type":"WebSite","@id":"https:\/\/turijnmagazijn.jumpstone-dev.nl\/#website","url":"https:\/\/turijnmagazijn.jumpstone-dev.nl\/","name":"Turijnmagazijn","description":"Onderdelen nieuw en gebruikt - Fiat &amp; Lancia","publisher":{"@id":"https:\/\/turijnmagazijn.jumpstone-dev.nl\/#organization"},"potentialAction":[{"@type":"SearchAction","target":{"@type":"EntryPoint","urlTemplate":"https:\/\/turijnmagazijn.jumpstone-dev.nl\/?s={search_term_string}"},"query-input":{"@type":"PropertyValueSpecification","valueRequired":true,"valueName":"search_term_string"}}],"inLanguage":"fr-FR"},{"@type":"Organization","@id":"https:\/\/turijnmagazijn.jumpstone-dev.nl\/#organization","name":"Turijnmagazijn","url":"https:\/\/turijnmagazijn.jumpstone-dev.nl\/","logo":{"@type":"ImageObject","inLanguage":"fr-FR","@id":"https:\/\/turijnmagazijn.jumpstone-dev.nl\/#\/schema\/logo\/image\/","url":"https:\/\/turijnmagazijn.nl\/wp-content\/uploads\/2021\/02\/turijnmagazijnlogo.png","contentUrl":"https:\/\/turijnmagazijn.nl\/wp-content\/uploads\/2021\/02\/turijnmagazijnlogo.png","width":555,"height":270,"caption":"Turijnmagazijn"},"image":{"@id":"https:\/\/turijnmagazijn.jumpstone-dev.nl\/#\/schema\/logo\/image\/"},"sameAs":["https:\/\/www.facebook.com\/turijnmagazijn"]}]}},"_links":{"self":[{"href":"https:\/\/turijnmagazijn.nl\/fr\/wp-json\/wp\/v2\/product\/67137","targetHints":{"allow":["GET"]}}],"collection":[{"href":"https:\/\/turijnmagazijn.nl\/fr\/wp-json\/wp\/v2\/product"}],"about":[{"href":"https:\/\/turijnmagazijn.nl\/fr\/wp-json\/wp\/v2\/types\/product"}],"replies":[{"embeddable":true,"href":"https:\/\/turijnmagazijn.nl\/fr\/wp-json\/wp\/v2\/comments?post=67137"}],"wp:attachment":[{"href":"https:\/\/turijnmagazijn.nl\/fr\/wp-json\/wp\/v2\/media?parent=67137"}],"wp:term":[{"taxonomy":"product_brand","embeddable":true,"href":"https:\/\/turijnmagazijn.nl\/fr\/wp-json\/wp\/v2\/product_brand?post=67137"},{"taxonomy":"product_cat","embeddable":true,"href":"https:\/\/turijnmagazijn.nl\/fr\/wp-json\/wp\/v2\/product_cat?post=67137"},{"taxonomy":"product_tag","embeddable":true,"href":"https:\/\/turijnmagazijn.nl\/fr\/wp-json\/wp\/v2\/product_tag?post=67137"}],"curies":[{"name":"wp","href":"https:\/\/api.w.org\/{rel}","templated":true}]}}