{"id":67288,"date":"2023-03-03T10:20:17","date_gmt":"2023-03-03T09:20:17","guid":{"rendered":"https:\/\/turijnmagazijn.nl\/product\/bougie-de-prechauffage-lancia-dedra-delta-i-ii-theme-prism-zeta\/"},"modified":"2023-07-27T13:03:59","modified_gmt":"2023-07-27T11:03:59","slug":"plug-luminescent-lancia-dedra-delta-i-ii-theme-prisme-zeta-2","status":"publish","type":"product","link":"https:\/\/turijnmagazijn.nl\/fr\/produit\/plug-luminescent-lancia-dedra-delta-i-ii-theme-prisme-zeta-2\/","title":{"rendered":"Bougie de pr\u00e9chauffage Lancia Dedra Delta I &amp; II Th\u00e8me Prism Zeta"},"content":{"rendered":"<p>Nouvelle bougie de pr\u00e9chauffage originale Lancia Dedra Delta I &amp; II Th\u00e8me Prism ZetaConcerne une pi\u00e8ce originale inutilis\u00e9e de l\u2019ancien stock du concessionnaire. Les articles sont, le cas \u00e9ch\u00e9ant, fournis avec l\u2019emballage d\u2019origine de la marque. Concerne une composante de marge. Le num\u00e9ro OEM de cette pi\u00e8ce est 5951882<\/p>\n","protected":false},"excerpt":{"rendered":"<p>Nouvelle pi\u00e8ce d\u2019origine provenant de l\u2019ancien stock du concessionnaire. Bougie de pr\u00e9chauffage Lancia Dedra Delta I &amp; II Th\u00e8me Prism Zeta Num\u00e9ro OEM 5951882<\/p>\n","protected":false},"featured_media":0,"comment_status":"open","ping_status":"closed","template":"","meta":{"_acf_changed":false},"product_brand":[],"product_cat":[1809,1846,1851,1802,1806,1841,1690,1819,1821,1825,1836,1830,1838,1798,1890,1896,1902,1897,1924],"product_tag":[],"class_list":{"0":"post-67288","1":"product","2":"type-product","3":"status-publish","5":"product_cat-1-1-1-3-1-5-fr","6":"product_cat-3-deurs-hpe-fr","7":"product_cat-5-deurs-fr","8":"product_cat-dedra-835-fr","9":"product_cat-delta-1-831-fr","10":"product_cat-delta-2-836-fr","11":"product_cat-fiat-fr","12":"product_cat-gt-i-e-fr","13":"product_cat-hf-4wd-fr","14":"product_cat-hf-turbo-fr","15":"product_cat-integrale-16v-fr","16":"product_cat-integrale-8v-fr","17":"product_cat-integrale-evo-fr","18":"product_cat-lancia-fr","19":"product_cat-prisma-831-fr","20":"product_cat-thema-834-fr","21":"product_cat-thema-sedan-fr","22":"product_cat-thema-sw-fr","23":"product_cat-zeta-722-fr","24":"pa_soort-onderdeel-dautres-pieces-de-voiture","25":"pa_soort-onderdeel-moteur-et-accessoires","27":"first","28":"instock","29":"shipping-taxable","30":"purchasable","31":"product-type-simple"},"acf":[],"yoast_head":"<!-- This site is optimized with the Yoast SEO plugin v27.3 - https:\/\/yoast.com\/product\/yoast-seo-wordpress\/ -->\n<title>Bougie de pr\u00e9chauffage Lancia Dedra Delta I &amp; II Th\u00e8me Prism Zeta - Turijnmagazijn<\/title>\n<meta name=\"robots\" content=\"index, follow, max-snippet:-1, max-image-preview:large, max-video-preview:-1\" \/>\n<link rel=\"canonical\" href=\"https:\/\/turijnmagazijn.nl\/fr\/produit\/plug-luminescent-lancia-dedra-delta-i-ii-theme-prisme-zeta-2\/\" \/>\n<meta property=\"og:locale\" content=\"fr_FR\" \/>\n<meta property=\"og:type\" content=\"article\" \/>\n<meta property=\"og:title\" content=\"Bougie de pr\u00e9chauffage Lancia Dedra Delta I &amp; II Th\u00e8me Prism Zeta - Turijnmagazijn\" \/>\n<meta property=\"og:description\" content=\"Nouvelle pi\u00e8ce d\u2019origine provenant de l\u2019ancien stock du concessionnaire. Bougie de pr\u00e9chauffage Lancia Dedra Delta I &amp; II Th\u00e8me Prism Zeta Num\u00e9ro OEM 5951882\" \/>\n<meta property=\"og:url\" content=\"https:\/\/turijnmagazijn.nl\/fr\/produit\/plug-luminescent-lancia-dedra-delta-i-ii-theme-prisme-zeta-2\/\" \/>\n<meta property=\"og:site_name\" content=\"Turijnmagazijn\" \/>\n<meta property=\"article:publisher\" content=\"https:\/\/www.facebook.com\/turijnmagazijn\" \/>\n<meta property=\"article:modified_time\" content=\"2023-07-27T11:03:59+00:00\" \/>\n<meta name=\"twitter:card\" content=\"summary_large_image\" \/>\n<script type=\"application\/ld+json\" class=\"yoast-schema-graph\">{\"@context\":\"https:\\\/\\\/schema.org\",\"@graph\":[{\"@type\":\"WebPage\",\"@id\":\"https:\\\/\\\/turijnmagazijn.nl\\\/fr\\\/produit\\\/plug-luminescent-lancia-dedra-delta-i-ii-theme-prisme-zeta-2\\\/\",\"url\":\"https:\\\/\\\/turijnmagazijn.nl\\\/fr\\\/produit\\\/plug-luminescent-lancia-dedra-delta-i-ii-theme-prisme-zeta-2\\\/\",\"name\":\"Bougie de pr\u00e9chauffage Lancia Dedra Delta I &amp; II Th\u00e8me Prism Zeta - Turijnmagazijn\",\"isPartOf\":{\"@id\":\"https:\\\/\\\/turijnmagazijn.jumpstone-dev.nl\\\/#website\"},\"datePublished\":\"2023-03-03T09:20:17+00:00\",\"dateModified\":\"2023-07-27T11:03:59+00:00\",\"breadcrumb\":{\"@id\":\"https:\\\/\\\/turijnmagazijn.nl\\\/fr\\\/produit\\\/plug-luminescent-lancia-dedra-delta-i-ii-theme-prisme-zeta-2\\\/#breadcrumb\"},\"inLanguage\":\"fr-FR\",\"potentialAction\":[{\"@type\":\"ReadAction\",\"target\":[\"https:\\\/\\\/turijnmagazijn.nl\\\/fr\\\/produit\\\/plug-luminescent-lancia-dedra-delta-i-ii-theme-prisme-zeta-2\\\/\"]}]},{\"@type\":\"BreadcrumbList\",\"@id\":\"https:\\\/\\\/turijnmagazijn.nl\\\/fr\\\/produit\\\/plug-luminescent-lancia-dedra-delta-i-ii-theme-prisme-zeta-2\\\/#breadcrumb\",\"itemListElement\":[{\"@type\":\"ListItem\",\"position\":1,\"name\":\"Home\",\"item\":\"https:\\\/\\\/turijnmagazijn.nl\\\/fr\\\/\"},{\"@type\":\"ListItem\",\"position\":2,\"name\":\"Produits\",\"item\":\"https:\\\/\\\/turijnmagazijn.nl\\\/fr\\\/shop\\\/\"},{\"@type\":\"ListItem\",\"position\":3,\"name\":\"Bougie de pr\u00e9chauffage Lancia Dedra Delta I &amp; II Th\u00e8me Prism Zeta\"}]},{\"@type\":\"WebSite\",\"@id\":\"https:\\\/\\\/turijnmagazijn.jumpstone-dev.nl\\\/#website\",\"url\":\"https:\\\/\\\/turijnmagazijn.jumpstone-dev.nl\\\/\",\"name\":\"Turijnmagazijn\",\"description\":\"Onderdelen nieuw en gebruikt - Fiat &amp; Lancia\",\"publisher\":{\"@id\":\"https:\\\/\\\/turijnmagazijn.jumpstone-dev.nl\\\/#organization\"},\"potentialAction\":[{\"@type\":\"SearchAction\",\"target\":{\"@type\":\"EntryPoint\",\"urlTemplate\":\"https:\\\/\\\/turijnmagazijn.jumpstone-dev.nl\\\/?s={search_term_string}\"},\"query-input\":{\"@type\":\"PropertyValueSpecification\",\"valueRequired\":true,\"valueName\":\"search_term_string\"}}],\"inLanguage\":\"fr-FR\"},{\"@type\":\"Organization\",\"@id\":\"https:\\\/\\\/turijnmagazijn.jumpstone-dev.nl\\\/#organization\",\"name\":\"Turijnmagazijn\",\"url\":\"https:\\\/\\\/turijnmagazijn.jumpstone-dev.nl\\\/\",\"logo\":{\"@type\":\"ImageObject\",\"inLanguage\":\"fr-FR\",\"@id\":\"https:\\\/\\\/turijnmagazijn.jumpstone-dev.nl\\\/#\\\/schema\\\/logo\\\/image\\\/\",\"url\":\"https:\\\/\\\/turijnmagazijn.nl\\\/wp-content\\\/uploads\\\/2021\\\/02\\\/turijnmagazijnlogo.png\",\"contentUrl\":\"https:\\\/\\\/turijnmagazijn.nl\\\/wp-content\\\/uploads\\\/2021\\\/02\\\/turijnmagazijnlogo.png\",\"width\":555,\"height\":270,\"caption\":\"Turijnmagazijn\"},\"image\":{\"@id\":\"https:\\\/\\\/turijnmagazijn.jumpstone-dev.nl\\\/#\\\/schema\\\/logo\\\/image\\\/\"},\"sameAs\":[\"https:\\\/\\\/www.facebook.com\\\/turijnmagazijn\"]}]}<\/script>\n<!-- \/ Yoast SEO plugin. -->","yoast_head_json":{"title":"Bougie de pr\u00e9chauffage Lancia Dedra Delta I &amp; II Th\u00e8me Prism Zeta - Turijnmagazijn","robots":{"index":"index","follow":"follow","max-snippet":"max-snippet:-1","max-image-preview":"max-image-preview:large","max-video-preview":"max-video-preview:-1"},"canonical":"https:\/\/turijnmagazijn.nl\/fr\/produit\/plug-luminescent-lancia-dedra-delta-i-ii-theme-prisme-zeta-2\/","og_locale":"fr_FR","og_type":"article","og_title":"Bougie de pr\u00e9chauffage Lancia Dedra Delta I &amp; II Th\u00e8me Prism Zeta - Turijnmagazijn","og_description":"Nouvelle pi\u00e8ce d\u2019origine provenant de l\u2019ancien stock du concessionnaire. Bougie de pr\u00e9chauffage Lancia Dedra Delta I &amp; II Th\u00e8me Prism Zeta Num\u00e9ro OEM 5951882","og_url":"https:\/\/turijnmagazijn.nl\/fr\/produit\/plug-luminescent-lancia-dedra-delta-i-ii-theme-prisme-zeta-2\/","og_site_name":"Turijnmagazijn","article_publisher":"https:\/\/www.facebook.com\/turijnmagazijn","article_modified_time":"2023-07-27T11:03:59+00:00","twitter_card":"summary_large_image","schema":{"@context":"https:\/\/schema.org","@graph":[{"@type":"WebPage","@id":"https:\/\/turijnmagazijn.nl\/fr\/produit\/plug-luminescent-lancia-dedra-delta-i-ii-theme-prisme-zeta-2\/","url":"https:\/\/turijnmagazijn.nl\/fr\/produit\/plug-luminescent-lancia-dedra-delta-i-ii-theme-prisme-zeta-2\/","name":"Bougie de pr\u00e9chauffage Lancia Dedra Delta I &amp; II Th\u00e8me Prism Zeta - Turijnmagazijn","isPartOf":{"@id":"https:\/\/turijnmagazijn.jumpstone-dev.nl\/#website"},"datePublished":"2023-03-03T09:20:17+00:00","dateModified":"2023-07-27T11:03:59+00:00","breadcrumb":{"@id":"https:\/\/turijnmagazijn.nl\/fr\/produit\/plug-luminescent-lancia-dedra-delta-i-ii-theme-prisme-zeta-2\/#breadcrumb"},"inLanguage":"fr-FR","potentialAction":[{"@type":"ReadAction","target":["https:\/\/turijnmagazijn.nl\/fr\/produit\/plug-luminescent-lancia-dedra-delta-i-ii-theme-prisme-zeta-2\/"]}]},{"@type":"BreadcrumbList","@id":"https:\/\/turijnmagazijn.nl\/fr\/produit\/plug-luminescent-lancia-dedra-delta-i-ii-theme-prisme-zeta-2\/#breadcrumb","itemListElement":[{"@type":"ListItem","position":1,"name":"Home","item":"https:\/\/turijnmagazijn.nl\/fr\/"},{"@type":"ListItem","position":2,"name":"Produits","item":"https:\/\/turijnmagazijn.nl\/fr\/shop\/"},{"@type":"ListItem","position":3,"name":"Bougie de pr\u00e9chauffage Lancia Dedra Delta I &amp; II Th\u00e8me Prism Zeta"}]},{"@type":"WebSite","@id":"https:\/\/turijnmagazijn.jumpstone-dev.nl\/#website","url":"https:\/\/turijnmagazijn.jumpstone-dev.nl\/","name":"Turijnmagazijn","description":"Onderdelen nieuw en gebruikt - Fiat &amp; Lancia","publisher":{"@id":"https:\/\/turijnmagazijn.jumpstone-dev.nl\/#organization"},"potentialAction":[{"@type":"SearchAction","target":{"@type":"EntryPoint","urlTemplate":"https:\/\/turijnmagazijn.jumpstone-dev.nl\/?s={search_term_string}"},"query-input":{"@type":"PropertyValueSpecification","valueRequired":true,"valueName":"search_term_string"}}],"inLanguage":"fr-FR"},{"@type":"Organization","@id":"https:\/\/turijnmagazijn.jumpstone-dev.nl\/#organization","name":"Turijnmagazijn","url":"https:\/\/turijnmagazijn.jumpstone-dev.nl\/","logo":{"@type":"ImageObject","inLanguage":"fr-FR","@id":"https:\/\/turijnmagazijn.jumpstone-dev.nl\/#\/schema\/logo\/image\/","url":"https:\/\/turijnmagazijn.nl\/wp-content\/uploads\/2021\/02\/turijnmagazijnlogo.png","contentUrl":"https:\/\/turijnmagazijn.nl\/wp-content\/uploads\/2021\/02\/turijnmagazijnlogo.png","width":555,"height":270,"caption":"Turijnmagazijn"},"image":{"@id":"https:\/\/turijnmagazijn.jumpstone-dev.nl\/#\/schema\/logo\/image\/"},"sameAs":["https:\/\/www.facebook.com\/turijnmagazijn"]}]}},"_links":{"self":[{"href":"https:\/\/turijnmagazijn.nl\/fr\/wp-json\/wp\/v2\/product\/67288","targetHints":{"allow":["GET"]}}],"collection":[{"href":"https:\/\/turijnmagazijn.nl\/fr\/wp-json\/wp\/v2\/product"}],"about":[{"href":"https:\/\/turijnmagazijn.nl\/fr\/wp-json\/wp\/v2\/types\/product"}],"replies":[{"embeddable":true,"href":"https:\/\/turijnmagazijn.nl\/fr\/wp-json\/wp\/v2\/comments?post=67288"}],"wp:attachment":[{"href":"https:\/\/turijnmagazijn.nl\/fr\/wp-json\/wp\/v2\/media?parent=67288"}],"wp:term":[{"taxonomy":"product_brand","embeddable":true,"href":"https:\/\/turijnmagazijn.nl\/fr\/wp-json\/wp\/v2\/product_brand?post=67288"},{"taxonomy":"product_cat","embeddable":true,"href":"https:\/\/turijnmagazijn.nl\/fr\/wp-json\/wp\/v2\/product_cat?post=67288"},{"taxonomy":"product_tag","embeddable":true,"href":"https:\/\/turijnmagazijn.nl\/fr\/wp-json\/wp\/v2\/product_tag?post=67288"}],"curies":[{"name":"wp","href":"https:\/\/api.w.org\/{rel}","templated":true}]}}