{"id":67326,"date":"2023-03-03T10:21:15","date_gmt":"2023-03-03T09:21:15","guid":{"rendered":"https:\/\/turijnmagazijn.nl\/product\/bougie-de-prechauffage-0-100-221-167-11v-lancia-dedra-delta-1-theme-1\/"},"modified":"2023-07-27T13:08:48","modified_gmt":"2023-07-27T11:08:48","slug":"plug-de-prechauffage-0-100-221-167-11v-lancia-dedra-delta-1-theme-1","status":"publish","type":"product","link":"https:\/\/turijnmagazijn.nl\/fr\/produit\/plug-de-prechauffage-0-100-221-167-11v-lancia-dedra-delta-1-theme-1\/","title":{"rendered":"Bougie de pr\u00e9chauffage 0 100 221 167 11V Lancia Dedra Delta 1 Th\u00e8me 1"},"content":{"rendered":"<p>Nouvelle bougie de pr\u00e9chauffage d\u2019origine 0 100 221 167 11V Lancia Dedra Delta 1 Th\u00e8me 1Concerne une pi\u00e8ce d\u2019origine inutilis\u00e9e provenant d\u2019un ancien stock de concessionnaire. Les articles sont, le cas \u00e9ch\u00e9ant, fournis avec l\u2019emballage d\u2019origine de la marque. Concerne une composante de marge. Le num\u00e9ro OEM de cette pi\u00e8ce est 60507123<\/p>\n","protected":false},"excerpt":{"rendered":"<p>Nouvelle pi\u00e8ce d\u2019origine provenant de l\u2019ancien stock du concessionnaire. Bougie de pr\u00e9chauffage 0 100 221 167 11V Lancia Dedra Delta 1 Th\u00e8me 1 Num\u00e9ro OEM 60507123<\/p>\n","protected":false},"featured_media":56848,"comment_status":"closed","ping_status":"closed","template":"","meta":{"_acf_changed":false},"product_brand":[],"product_cat":[1802,1806,1841,1798,1896,1902,1897],"product_tag":[],"class_list":{"0":"post-67326","1":"product","2":"type-product","3":"status-publish","4":"has-post-thumbnail","6":"product_cat-dedra-835-fr","7":"product_cat-delta-1-831-fr","8":"product_cat-delta-2-836-fr","9":"product_cat-lancia-fr","10":"product_cat-thema-834-fr","11":"product_cat-thema-sedan-fr","12":"product_cat-thema-sw-fr","13":"pa_soort-onderdeel-moteur-et-accessoires","15":"first","16":"instock","17":"shipping-taxable","18":"purchasable","19":"product-type-simple"},"acf":[],"yoast_head":"<!-- This site is optimized with the Yoast SEO plugin v27.2 - https:\/\/yoast.com\/product\/yoast-seo-wordpress\/ -->\n<title>Bougie de pr\u00e9chauffage 0 100 221 167 11V Lancia Dedra Delta 1 Th\u00e8me 1 - Turijnmagazijn<\/title>\n<meta name=\"robots\" content=\"index, follow, max-snippet:-1, max-image-preview:large, max-video-preview:-1\" \/>\n<link rel=\"canonical\" href=\"https:\/\/turijnmagazijn.nl\/fr\/produit\/plug-de-prechauffage-0-100-221-167-11v-lancia-dedra-delta-1-theme-1\/\" \/>\n<meta property=\"og:locale\" content=\"fr_FR\" \/>\n<meta property=\"og:type\" content=\"article\" \/>\n<meta property=\"og:title\" content=\"Bougie de pr\u00e9chauffage 0 100 221 167 11V Lancia Dedra Delta 1 Th\u00e8me 1 - Turijnmagazijn\" \/>\n<meta property=\"og:description\" content=\"Nouvelle pi\u00e8ce d\u2019origine provenant de l\u2019ancien stock du concessionnaire. Bougie de pr\u00e9chauffage 0 100 221 167 11V Lancia Dedra Delta 1 Th\u00e8me 1 Num\u00e9ro OEM 60507123\" \/>\n<meta property=\"og:url\" content=\"https:\/\/turijnmagazijn.nl\/fr\/produit\/plug-de-prechauffage-0-100-221-167-11v-lancia-dedra-delta-1-theme-1\/\" \/>\n<meta property=\"og:site_name\" content=\"Turijnmagazijn\" \/>\n<meta property=\"article:publisher\" content=\"https:\/\/www.facebook.com\/turijnmagazijn\" \/>\n<meta property=\"article:modified_time\" content=\"2023-07-27T11:08:48+00:00\" \/>\n<meta property=\"og:image\" content=\"https:\/\/turijnmagazijn.nl\/wp-content\/uploads\/2023\/03\/DS0108937-Gloeiplug-0-100-221-167-11V-Lancia-Dedra-Delta-1-Thema-1-60507123-4.jpg\" \/>\n\t<meta property=\"og:image:width\" content=\"1024\" \/>\n\t<meta property=\"og:image:height\" content=\"768\" \/>\n\t<meta property=\"og:image:type\" content=\"image\/jpeg\" \/>\n<meta name=\"twitter:card\" content=\"summary_large_image\" \/>\n<script type=\"application\/ld+json\" class=\"yoast-schema-graph\">{\"@context\":\"https:\/\/schema.org\",\"@graph\":[{\"@type\":\"WebPage\",\"@id\":\"https:\/\/turijnmagazijn.nl\/fr\/produit\/plug-de-prechauffage-0-100-221-167-11v-lancia-dedra-delta-1-theme-1\/\",\"url\":\"https:\/\/turijnmagazijn.nl\/fr\/produit\/plug-de-prechauffage-0-100-221-167-11v-lancia-dedra-delta-1-theme-1\/\",\"name\":\"Bougie de pr\u00e9chauffage 0 100 221 167 11V Lancia Dedra Delta 1 Th\u00e8me 1 - Turijnmagazijn\",\"isPartOf\":{\"@id\":\"https:\/\/turijnmagazijn.jumpstone-dev.nl\/#website\"},\"primaryImageOfPage\":{\"@id\":\"https:\/\/turijnmagazijn.nl\/fr\/produit\/plug-de-prechauffage-0-100-221-167-11v-lancia-dedra-delta-1-theme-1\/#primaryimage\"},\"image\":{\"@id\":\"https:\/\/turijnmagazijn.nl\/fr\/produit\/plug-de-prechauffage-0-100-221-167-11v-lancia-dedra-delta-1-theme-1\/#primaryimage\"},\"thumbnailUrl\":\"https:\/\/turijnmagazijn.nl\/wp-content\/uploads\/2023\/03\/DS0108937-Gloeiplug-0-100-221-167-11V-Lancia-Dedra-Delta-1-Thema-1-60507123-4.jpg\",\"datePublished\":\"2023-03-03T09:21:15+00:00\",\"dateModified\":\"2023-07-27T11:08:48+00:00\",\"breadcrumb\":{\"@id\":\"https:\/\/turijnmagazijn.nl\/fr\/produit\/plug-de-prechauffage-0-100-221-167-11v-lancia-dedra-delta-1-theme-1\/#breadcrumb\"},\"inLanguage\":\"fr-FR\",\"potentialAction\":[{\"@type\":\"ReadAction\",\"target\":[\"https:\/\/turijnmagazijn.nl\/fr\/produit\/plug-de-prechauffage-0-100-221-167-11v-lancia-dedra-delta-1-theme-1\/\"]}]},{\"@type\":\"ImageObject\",\"inLanguage\":\"fr-FR\",\"@id\":\"https:\/\/turijnmagazijn.nl\/fr\/produit\/plug-de-prechauffage-0-100-221-167-11v-lancia-dedra-delta-1-theme-1\/#primaryimage\",\"url\":\"https:\/\/turijnmagazijn.nl\/wp-content\/uploads\/2023\/03\/DS0108937-Gloeiplug-0-100-221-167-11V-Lancia-Dedra-Delta-1-Thema-1-60507123-4.jpg\",\"contentUrl\":\"https:\/\/turijnmagazijn.nl\/wp-content\/uploads\/2023\/03\/DS0108937-Gloeiplug-0-100-221-167-11V-Lancia-Dedra-Delta-1-Thema-1-60507123-4.jpg\",\"width\":1024,\"height\":768},{\"@type\":\"BreadcrumbList\",\"@id\":\"https:\/\/turijnmagazijn.nl\/fr\/produit\/plug-de-prechauffage-0-100-221-167-11v-lancia-dedra-delta-1-theme-1\/#breadcrumb\",\"itemListElement\":[{\"@type\":\"ListItem\",\"position\":1,\"name\":\"Home\",\"item\":\"https:\/\/turijnmagazijn.nl\/fr\/\"},{\"@type\":\"ListItem\",\"position\":2,\"name\":\"Produits\",\"item\":\"https:\/\/turijnmagazijn.nl\/fr\/shop\/\"},{\"@type\":\"ListItem\",\"position\":3,\"name\":\"Bougie de pr\u00e9chauffage 0 100 221 167 11V Lancia Dedra Delta 1 Th\u00e8me 1\"}]},{\"@type\":\"WebSite\",\"@id\":\"https:\/\/turijnmagazijn.jumpstone-dev.nl\/#website\",\"url\":\"https:\/\/turijnmagazijn.jumpstone-dev.nl\/\",\"name\":\"Turijnmagazijn\",\"description\":\"Onderdelen nieuw en gebruikt - Fiat &amp; Lancia\",\"publisher\":{\"@id\":\"https:\/\/turijnmagazijn.jumpstone-dev.nl\/#organization\"},\"potentialAction\":[{\"@type\":\"SearchAction\",\"target\":{\"@type\":\"EntryPoint\",\"urlTemplate\":\"https:\/\/turijnmagazijn.jumpstone-dev.nl\/?s={search_term_string}\"},\"query-input\":{\"@type\":\"PropertyValueSpecification\",\"valueRequired\":true,\"valueName\":\"search_term_string\"}}],\"inLanguage\":\"fr-FR\"},{\"@type\":\"Organization\",\"@id\":\"https:\/\/turijnmagazijn.jumpstone-dev.nl\/#organization\",\"name\":\"Turijnmagazijn\",\"url\":\"https:\/\/turijnmagazijn.jumpstone-dev.nl\/\",\"logo\":{\"@type\":\"ImageObject\",\"inLanguage\":\"fr-FR\",\"@id\":\"https:\/\/turijnmagazijn.jumpstone-dev.nl\/#\/schema\/logo\/image\/\",\"url\":\"https:\/\/turijnmagazijn.nl\/wp-content\/uploads\/2021\/02\/turijnmagazijnlogo.png\",\"contentUrl\":\"https:\/\/turijnmagazijn.nl\/wp-content\/uploads\/2021\/02\/turijnmagazijnlogo.png\",\"width\":555,\"height\":270,\"caption\":\"Turijnmagazijn\"},\"image\":{\"@id\":\"https:\/\/turijnmagazijn.jumpstone-dev.nl\/#\/schema\/logo\/image\/\"},\"sameAs\":[\"https:\/\/www.facebook.com\/turijnmagazijn\"]}]}<\/script>\n<!-- \/ Yoast SEO plugin. -->","yoast_head_json":{"title":"Bougie de pr\u00e9chauffage 0 100 221 167 11V Lancia Dedra Delta 1 Th\u00e8me 1 - Turijnmagazijn","robots":{"index":"index","follow":"follow","max-snippet":"max-snippet:-1","max-image-preview":"max-image-preview:large","max-video-preview":"max-video-preview:-1"},"canonical":"https:\/\/turijnmagazijn.nl\/fr\/produit\/plug-de-prechauffage-0-100-221-167-11v-lancia-dedra-delta-1-theme-1\/","og_locale":"fr_FR","og_type":"article","og_title":"Bougie de pr\u00e9chauffage 0 100 221 167 11V Lancia Dedra Delta 1 Th\u00e8me 1 - Turijnmagazijn","og_description":"Nouvelle pi\u00e8ce d\u2019origine provenant de l\u2019ancien stock du concessionnaire. Bougie de pr\u00e9chauffage 0 100 221 167 11V Lancia Dedra Delta 1 Th\u00e8me 1 Num\u00e9ro OEM 60507123","og_url":"https:\/\/turijnmagazijn.nl\/fr\/produit\/plug-de-prechauffage-0-100-221-167-11v-lancia-dedra-delta-1-theme-1\/","og_site_name":"Turijnmagazijn","article_publisher":"https:\/\/www.facebook.com\/turijnmagazijn","article_modified_time":"2023-07-27T11:08:48+00:00","og_image":[{"width":1024,"height":768,"url":"https:\/\/turijnmagazijn.nl\/wp-content\/uploads\/2023\/03\/DS0108937-Gloeiplug-0-100-221-167-11V-Lancia-Dedra-Delta-1-Thema-1-60507123-4.jpg","type":"image\/jpeg"}],"twitter_card":"summary_large_image","schema":{"@context":"https:\/\/schema.org","@graph":[{"@type":"WebPage","@id":"https:\/\/turijnmagazijn.nl\/fr\/produit\/plug-de-prechauffage-0-100-221-167-11v-lancia-dedra-delta-1-theme-1\/","url":"https:\/\/turijnmagazijn.nl\/fr\/produit\/plug-de-prechauffage-0-100-221-167-11v-lancia-dedra-delta-1-theme-1\/","name":"Bougie de pr\u00e9chauffage 0 100 221 167 11V Lancia Dedra Delta 1 Th\u00e8me 1 - Turijnmagazijn","isPartOf":{"@id":"https:\/\/turijnmagazijn.jumpstone-dev.nl\/#website"},"primaryImageOfPage":{"@id":"https:\/\/turijnmagazijn.nl\/fr\/produit\/plug-de-prechauffage-0-100-221-167-11v-lancia-dedra-delta-1-theme-1\/#primaryimage"},"image":{"@id":"https:\/\/turijnmagazijn.nl\/fr\/produit\/plug-de-prechauffage-0-100-221-167-11v-lancia-dedra-delta-1-theme-1\/#primaryimage"},"thumbnailUrl":"https:\/\/turijnmagazijn.nl\/wp-content\/uploads\/2023\/03\/DS0108937-Gloeiplug-0-100-221-167-11V-Lancia-Dedra-Delta-1-Thema-1-60507123-4.jpg","datePublished":"2023-03-03T09:21:15+00:00","dateModified":"2023-07-27T11:08:48+00:00","breadcrumb":{"@id":"https:\/\/turijnmagazijn.nl\/fr\/produit\/plug-de-prechauffage-0-100-221-167-11v-lancia-dedra-delta-1-theme-1\/#breadcrumb"},"inLanguage":"fr-FR","potentialAction":[{"@type":"ReadAction","target":["https:\/\/turijnmagazijn.nl\/fr\/produit\/plug-de-prechauffage-0-100-221-167-11v-lancia-dedra-delta-1-theme-1\/"]}]},{"@type":"ImageObject","inLanguage":"fr-FR","@id":"https:\/\/turijnmagazijn.nl\/fr\/produit\/plug-de-prechauffage-0-100-221-167-11v-lancia-dedra-delta-1-theme-1\/#primaryimage","url":"https:\/\/turijnmagazijn.nl\/wp-content\/uploads\/2023\/03\/DS0108937-Gloeiplug-0-100-221-167-11V-Lancia-Dedra-Delta-1-Thema-1-60507123-4.jpg","contentUrl":"https:\/\/turijnmagazijn.nl\/wp-content\/uploads\/2023\/03\/DS0108937-Gloeiplug-0-100-221-167-11V-Lancia-Dedra-Delta-1-Thema-1-60507123-4.jpg","width":1024,"height":768},{"@type":"BreadcrumbList","@id":"https:\/\/turijnmagazijn.nl\/fr\/produit\/plug-de-prechauffage-0-100-221-167-11v-lancia-dedra-delta-1-theme-1\/#breadcrumb","itemListElement":[{"@type":"ListItem","position":1,"name":"Home","item":"https:\/\/turijnmagazijn.nl\/fr\/"},{"@type":"ListItem","position":2,"name":"Produits","item":"https:\/\/turijnmagazijn.nl\/fr\/shop\/"},{"@type":"ListItem","position":3,"name":"Bougie de pr\u00e9chauffage 0 100 221 167 11V Lancia Dedra Delta 1 Th\u00e8me 1"}]},{"@type":"WebSite","@id":"https:\/\/turijnmagazijn.jumpstone-dev.nl\/#website","url":"https:\/\/turijnmagazijn.jumpstone-dev.nl\/","name":"Turijnmagazijn","description":"Onderdelen nieuw en gebruikt - Fiat &amp; Lancia","publisher":{"@id":"https:\/\/turijnmagazijn.jumpstone-dev.nl\/#organization"},"potentialAction":[{"@type":"SearchAction","target":{"@type":"EntryPoint","urlTemplate":"https:\/\/turijnmagazijn.jumpstone-dev.nl\/?s={search_term_string}"},"query-input":{"@type":"PropertyValueSpecification","valueRequired":true,"valueName":"search_term_string"}}],"inLanguage":"fr-FR"},{"@type":"Organization","@id":"https:\/\/turijnmagazijn.jumpstone-dev.nl\/#organization","name":"Turijnmagazijn","url":"https:\/\/turijnmagazijn.jumpstone-dev.nl\/","logo":{"@type":"ImageObject","inLanguage":"fr-FR","@id":"https:\/\/turijnmagazijn.jumpstone-dev.nl\/#\/schema\/logo\/image\/","url":"https:\/\/turijnmagazijn.nl\/wp-content\/uploads\/2021\/02\/turijnmagazijnlogo.png","contentUrl":"https:\/\/turijnmagazijn.nl\/wp-content\/uploads\/2021\/02\/turijnmagazijnlogo.png","width":555,"height":270,"caption":"Turijnmagazijn"},"image":{"@id":"https:\/\/turijnmagazijn.jumpstone-dev.nl\/#\/schema\/logo\/image\/"},"sameAs":["https:\/\/www.facebook.com\/turijnmagazijn"]}]}},"_links":{"self":[{"href":"https:\/\/turijnmagazijn.nl\/fr\/wp-json\/wp\/v2\/product\/67326","targetHints":{"allow":["GET"]}}],"collection":[{"href":"https:\/\/turijnmagazijn.nl\/fr\/wp-json\/wp\/v2\/product"}],"about":[{"href":"https:\/\/turijnmagazijn.nl\/fr\/wp-json\/wp\/v2\/types\/product"}],"replies":[{"embeddable":true,"href":"https:\/\/turijnmagazijn.nl\/fr\/wp-json\/wp\/v2\/comments?post=67326"}],"wp:featuredmedia":[{"embeddable":true,"href":"https:\/\/turijnmagazijn.nl\/fr\/wp-json\/wp\/v2\/media\/56848"}],"wp:attachment":[{"href":"https:\/\/turijnmagazijn.nl\/fr\/wp-json\/wp\/v2\/media?parent=67326"}],"wp:term":[{"taxonomy":"product_brand","embeddable":true,"href":"https:\/\/turijnmagazijn.nl\/fr\/wp-json\/wp\/v2\/product_brand?post=67326"},{"taxonomy":"product_cat","embeddable":true,"href":"https:\/\/turijnmagazijn.nl\/fr\/wp-json\/wp\/v2\/product_cat?post=67326"},{"taxonomy":"product_tag","embeddable":true,"href":"https:\/\/turijnmagazijn.nl\/fr\/wp-json\/wp\/v2\/product_tag?post=67326"}],"curies":[{"name":"wp","href":"https:\/\/api.w.org\/{rel}","templated":true}]}}