{"id":67447,"date":"2023-03-03T09:23:46","date_gmt":"2023-03-03T08:23:46","guid":{"rendered":"https:\/\/turijnmagazijn.nl\/product\/tuyau-de-climatisation-lancia-kappa-entre-le-boitier-du-poele-et-le-raccordement\/"},"modified":"2023-08-17T11:48:49","modified_gmt":"2023-08-17T09:48:49","slug":"air-conditionne-lancia-kappa-entre-poele-maison-et-connexion","status":"publish","type":"product","link":"https:\/\/turijnmagazijn.nl\/fr\/produit\/air-conditionne-lancia-kappa-entre-poele-maison-et-connexion\/","title":{"rendered":"Tuyau de climatisation Lancia Kappa entre le bo\u00eetier du po\u00eale et le raccordement"},"content":{"rendered":"<p>Tuyau de climatisation usag\u00e9 en bon \u00e9tat pour Lancia Kappa.Ce tuyau de climatisation en aluminium avec finition noire est destin\u00e9 aux Kappas \u00e9quip\u00e9 du tuyau divisible entre le s\u00e9choir et le bo\u00eetier du po\u00eale. Ce tuyau est destin\u00e9 \u00e0 la connexion entre le bo\u00eetier du po\u00eale et le raccordement \u00e0 mi-chemin vers le s\u00e9choir. Num\u00e9ro 21 sur le dessin technique. Lancia OEM 46464721<\/p>\n","protected":false},"excerpt":{"rendered":"<p>46464721 Tuyau de climatisation Lancia Kappa entre s\u00e9choir et po\u00eale &#8211; Tuyau de climatisation usag\u00e9 en bon \u00e9tat pour Lancia Kappa.Tuyau de climatisation Lancia Kappa entre le bo\u00eetier du po\u00eale et le raccordement &#8211; Tuyau de climatisation usag\u00e9 en bon \u00e9tat pour Lancia Kappa.<\/p>\n","protected":false},"featured_media":57367,"comment_status":"closed","ping_status":"closed","template":"","meta":{"_acf_changed":false},"product_brand":[],"product_cat":[1862,1860,1798],"product_tag":[],"class_list":{"0":"post-67447","1":"product","2":"type-product","3":"status-publish","4":"has-post-thumbnail","6":"product_cat-berlina-fr","7":"product_cat-kappa-838-fr","8":"product_cat-lancia-fr","9":"pa_soort-onderdeel-climatisation-et-chauffage","10":"pa_soort-onderdeel-dautres-pieces-de-voiture","11":"pa_soort-onderdeel-tableau-de-bord-et-commutateurs","13":"first","14":"instock","15":"shipping-taxable","16":"purchasable","17":"product-type-simple"},"acf":[],"yoast_head":"<!-- This site is optimized with the Yoast SEO plugin v27.3 - https:\/\/yoast.com\/product\/yoast-seo-wordpress\/ -->\n<title>Tuyau de climatisation Lancia Kappa entre le bo\u00eetier du po\u00eale et le raccordement - Turijnmagazijn<\/title>\n<meta name=\"robots\" content=\"index, follow, max-snippet:-1, max-image-preview:large, max-video-preview:-1\" \/>\n<link rel=\"canonical\" href=\"https:\/\/turijnmagazijn.nl\/fr\/produit\/air-conditionne-lancia-kappa-entre-poele-maison-et-connexion\/\" \/>\n<meta property=\"og:locale\" content=\"fr_FR\" \/>\n<meta property=\"og:type\" content=\"article\" \/>\n<meta property=\"og:title\" content=\"Tuyau de climatisation Lancia Kappa entre le bo\u00eetier du po\u00eale et le raccordement - Turijnmagazijn\" \/>\n<meta property=\"og:description\" content=\"46464721 Tuyau de climatisation Lancia Kappa entre s\u00e9choir et po\u00eale - Tuyau de climatisation usag\u00e9 en bon \u00e9tat pour Lancia Kappa.Tuyau de climatisation Lancia Kappa entre le bo\u00eetier du po\u00eale et le raccordement - Tuyau de climatisation usag\u00e9 en bon \u00e9tat pour Lancia Kappa.\" \/>\n<meta property=\"og:url\" content=\"https:\/\/turijnmagazijn.nl\/fr\/produit\/air-conditionne-lancia-kappa-entre-poele-maison-et-connexion\/\" \/>\n<meta property=\"og:site_name\" content=\"Turijnmagazijn\" \/>\n<meta property=\"article:publisher\" content=\"https:\/\/www.facebook.com\/turijnmagazijn\" \/>\n<meta property=\"article:modified_time\" content=\"2023-08-17T09:48:49+00:00\" \/>\n<meta property=\"og:image\" content=\"https:\/\/turijnmagazijn.nl\/wp-content\/uploads\/2023\/03\/DK00102525-Aircoleiding-Lancia-Kappa-tussen-kachelhuis-en-verbinding-4.jpg\" \/>\n\t<meta property=\"og:image:width\" content=\"1024\" \/>\n\t<meta property=\"og:image:height\" content=\"768\" \/>\n\t<meta property=\"og:image:type\" content=\"image\/jpeg\" \/>\n<meta name=\"twitter:card\" content=\"summary_large_image\" \/>\n<script type=\"application\/ld+json\" class=\"yoast-schema-graph\">{\"@context\":\"https:\\\/\\\/schema.org\",\"@graph\":[{\"@type\":\"WebPage\",\"@id\":\"https:\\\/\\\/turijnmagazijn.nl\\\/fr\\\/produit\\\/air-conditionne-lancia-kappa-entre-poele-maison-et-connexion\\\/\",\"url\":\"https:\\\/\\\/turijnmagazijn.nl\\\/fr\\\/produit\\\/air-conditionne-lancia-kappa-entre-poele-maison-et-connexion\\\/\",\"name\":\"Tuyau de climatisation Lancia Kappa entre le bo\u00eetier du po\u00eale et le raccordement - Turijnmagazijn\",\"isPartOf\":{\"@id\":\"https:\\\/\\\/turijnmagazijn.jumpstone-dev.nl\\\/#website\"},\"primaryImageOfPage\":{\"@id\":\"https:\\\/\\\/turijnmagazijn.nl\\\/fr\\\/produit\\\/air-conditionne-lancia-kappa-entre-poele-maison-et-connexion\\\/#primaryimage\"},\"image\":{\"@id\":\"https:\\\/\\\/turijnmagazijn.nl\\\/fr\\\/produit\\\/air-conditionne-lancia-kappa-entre-poele-maison-et-connexion\\\/#primaryimage\"},\"thumbnailUrl\":\"https:\\\/\\\/turijnmagazijn.nl\\\/wp-content\\\/uploads\\\/2023\\\/03\\\/DK00102525-Aircoleiding-Lancia-Kappa-tussen-kachelhuis-en-verbinding-4.jpg\",\"datePublished\":\"2023-03-03T08:23:46+00:00\",\"dateModified\":\"2023-08-17T09:48:49+00:00\",\"breadcrumb\":{\"@id\":\"https:\\\/\\\/turijnmagazijn.nl\\\/fr\\\/produit\\\/air-conditionne-lancia-kappa-entre-poele-maison-et-connexion\\\/#breadcrumb\"},\"inLanguage\":\"fr-FR\",\"potentialAction\":[{\"@type\":\"ReadAction\",\"target\":[\"https:\\\/\\\/turijnmagazijn.nl\\\/fr\\\/produit\\\/air-conditionne-lancia-kappa-entre-poele-maison-et-connexion\\\/\"]}]},{\"@type\":\"ImageObject\",\"inLanguage\":\"fr-FR\",\"@id\":\"https:\\\/\\\/turijnmagazijn.nl\\\/fr\\\/produit\\\/air-conditionne-lancia-kappa-entre-poele-maison-et-connexion\\\/#primaryimage\",\"url\":\"https:\\\/\\\/turijnmagazijn.nl\\\/wp-content\\\/uploads\\\/2023\\\/03\\\/DK00102525-Aircoleiding-Lancia-Kappa-tussen-kachelhuis-en-verbinding-4.jpg\",\"contentUrl\":\"https:\\\/\\\/turijnmagazijn.nl\\\/wp-content\\\/uploads\\\/2023\\\/03\\\/DK00102525-Aircoleiding-Lancia-Kappa-tussen-kachelhuis-en-verbinding-4.jpg\",\"width\":1024,\"height\":768},{\"@type\":\"BreadcrumbList\",\"@id\":\"https:\\\/\\\/turijnmagazijn.nl\\\/fr\\\/produit\\\/air-conditionne-lancia-kappa-entre-poele-maison-et-connexion\\\/#breadcrumb\",\"itemListElement\":[{\"@type\":\"ListItem\",\"position\":1,\"name\":\"Home\",\"item\":\"https:\\\/\\\/turijnmagazijn.nl\\\/fr\\\/\"},{\"@type\":\"ListItem\",\"position\":2,\"name\":\"Produits\",\"item\":\"https:\\\/\\\/turijnmagazijn.nl\\\/fr\\\/shop\\\/\"},{\"@type\":\"ListItem\",\"position\":3,\"name\":\"Tuyau de climatisation Lancia Kappa entre le bo\u00eetier du po\u00eale et le raccordement\"}]},{\"@type\":\"WebSite\",\"@id\":\"https:\\\/\\\/turijnmagazijn.jumpstone-dev.nl\\\/#website\",\"url\":\"https:\\\/\\\/turijnmagazijn.jumpstone-dev.nl\\\/\",\"name\":\"Turijnmagazijn\",\"description\":\"Onderdelen nieuw en gebruikt - Fiat &amp; Lancia\",\"publisher\":{\"@id\":\"https:\\\/\\\/turijnmagazijn.jumpstone-dev.nl\\\/#organization\"},\"potentialAction\":[{\"@type\":\"SearchAction\",\"target\":{\"@type\":\"EntryPoint\",\"urlTemplate\":\"https:\\\/\\\/turijnmagazijn.jumpstone-dev.nl\\\/?s={search_term_string}\"},\"query-input\":{\"@type\":\"PropertyValueSpecification\",\"valueRequired\":true,\"valueName\":\"search_term_string\"}}],\"inLanguage\":\"fr-FR\"},{\"@type\":\"Organization\",\"@id\":\"https:\\\/\\\/turijnmagazijn.jumpstone-dev.nl\\\/#organization\",\"name\":\"Turijnmagazijn\",\"url\":\"https:\\\/\\\/turijnmagazijn.jumpstone-dev.nl\\\/\",\"logo\":{\"@type\":\"ImageObject\",\"inLanguage\":\"fr-FR\",\"@id\":\"https:\\\/\\\/turijnmagazijn.jumpstone-dev.nl\\\/#\\\/schema\\\/logo\\\/image\\\/\",\"url\":\"https:\\\/\\\/turijnmagazijn.nl\\\/wp-content\\\/uploads\\\/2021\\\/02\\\/turijnmagazijnlogo.png\",\"contentUrl\":\"https:\\\/\\\/turijnmagazijn.nl\\\/wp-content\\\/uploads\\\/2021\\\/02\\\/turijnmagazijnlogo.png\",\"width\":555,\"height\":270,\"caption\":\"Turijnmagazijn\"},\"image\":{\"@id\":\"https:\\\/\\\/turijnmagazijn.jumpstone-dev.nl\\\/#\\\/schema\\\/logo\\\/image\\\/\"},\"sameAs\":[\"https:\\\/\\\/www.facebook.com\\\/turijnmagazijn\"]}]}<\/script>\n<!-- \/ Yoast SEO plugin. -->","yoast_head_json":{"title":"Tuyau de climatisation Lancia Kappa entre le bo\u00eetier du po\u00eale et le raccordement - Turijnmagazijn","robots":{"index":"index","follow":"follow","max-snippet":"max-snippet:-1","max-image-preview":"max-image-preview:large","max-video-preview":"max-video-preview:-1"},"canonical":"https:\/\/turijnmagazijn.nl\/fr\/produit\/air-conditionne-lancia-kappa-entre-poele-maison-et-connexion\/","og_locale":"fr_FR","og_type":"article","og_title":"Tuyau de climatisation Lancia Kappa entre le bo\u00eetier du po\u00eale et le raccordement - Turijnmagazijn","og_description":"46464721 Tuyau de climatisation Lancia Kappa entre s\u00e9choir et po\u00eale - Tuyau de climatisation usag\u00e9 en bon \u00e9tat pour Lancia Kappa.Tuyau de climatisation Lancia Kappa entre le bo\u00eetier du po\u00eale et le raccordement - Tuyau de climatisation usag\u00e9 en bon \u00e9tat pour Lancia Kappa.","og_url":"https:\/\/turijnmagazijn.nl\/fr\/produit\/air-conditionne-lancia-kappa-entre-poele-maison-et-connexion\/","og_site_name":"Turijnmagazijn","article_publisher":"https:\/\/www.facebook.com\/turijnmagazijn","article_modified_time":"2023-08-17T09:48:49+00:00","og_image":[{"width":1024,"height":768,"url":"https:\/\/turijnmagazijn.nl\/wp-content\/uploads\/2023\/03\/DK00102525-Aircoleiding-Lancia-Kappa-tussen-kachelhuis-en-verbinding-4.jpg","type":"image\/jpeg"}],"twitter_card":"summary_large_image","schema":{"@context":"https:\/\/schema.org","@graph":[{"@type":"WebPage","@id":"https:\/\/turijnmagazijn.nl\/fr\/produit\/air-conditionne-lancia-kappa-entre-poele-maison-et-connexion\/","url":"https:\/\/turijnmagazijn.nl\/fr\/produit\/air-conditionne-lancia-kappa-entre-poele-maison-et-connexion\/","name":"Tuyau de climatisation Lancia Kappa entre le bo\u00eetier du po\u00eale et le raccordement - Turijnmagazijn","isPartOf":{"@id":"https:\/\/turijnmagazijn.jumpstone-dev.nl\/#website"},"primaryImageOfPage":{"@id":"https:\/\/turijnmagazijn.nl\/fr\/produit\/air-conditionne-lancia-kappa-entre-poele-maison-et-connexion\/#primaryimage"},"image":{"@id":"https:\/\/turijnmagazijn.nl\/fr\/produit\/air-conditionne-lancia-kappa-entre-poele-maison-et-connexion\/#primaryimage"},"thumbnailUrl":"https:\/\/turijnmagazijn.nl\/wp-content\/uploads\/2023\/03\/DK00102525-Aircoleiding-Lancia-Kappa-tussen-kachelhuis-en-verbinding-4.jpg","datePublished":"2023-03-03T08:23:46+00:00","dateModified":"2023-08-17T09:48:49+00:00","breadcrumb":{"@id":"https:\/\/turijnmagazijn.nl\/fr\/produit\/air-conditionne-lancia-kappa-entre-poele-maison-et-connexion\/#breadcrumb"},"inLanguage":"fr-FR","potentialAction":[{"@type":"ReadAction","target":["https:\/\/turijnmagazijn.nl\/fr\/produit\/air-conditionne-lancia-kappa-entre-poele-maison-et-connexion\/"]}]},{"@type":"ImageObject","inLanguage":"fr-FR","@id":"https:\/\/turijnmagazijn.nl\/fr\/produit\/air-conditionne-lancia-kappa-entre-poele-maison-et-connexion\/#primaryimage","url":"https:\/\/turijnmagazijn.nl\/wp-content\/uploads\/2023\/03\/DK00102525-Aircoleiding-Lancia-Kappa-tussen-kachelhuis-en-verbinding-4.jpg","contentUrl":"https:\/\/turijnmagazijn.nl\/wp-content\/uploads\/2023\/03\/DK00102525-Aircoleiding-Lancia-Kappa-tussen-kachelhuis-en-verbinding-4.jpg","width":1024,"height":768},{"@type":"BreadcrumbList","@id":"https:\/\/turijnmagazijn.nl\/fr\/produit\/air-conditionne-lancia-kappa-entre-poele-maison-et-connexion\/#breadcrumb","itemListElement":[{"@type":"ListItem","position":1,"name":"Home","item":"https:\/\/turijnmagazijn.nl\/fr\/"},{"@type":"ListItem","position":2,"name":"Produits","item":"https:\/\/turijnmagazijn.nl\/fr\/shop\/"},{"@type":"ListItem","position":3,"name":"Tuyau de climatisation Lancia Kappa entre le bo\u00eetier du po\u00eale et le raccordement"}]},{"@type":"WebSite","@id":"https:\/\/turijnmagazijn.jumpstone-dev.nl\/#website","url":"https:\/\/turijnmagazijn.jumpstone-dev.nl\/","name":"Turijnmagazijn","description":"Onderdelen nieuw en gebruikt - Fiat &amp; Lancia","publisher":{"@id":"https:\/\/turijnmagazijn.jumpstone-dev.nl\/#organization"},"potentialAction":[{"@type":"SearchAction","target":{"@type":"EntryPoint","urlTemplate":"https:\/\/turijnmagazijn.jumpstone-dev.nl\/?s={search_term_string}"},"query-input":{"@type":"PropertyValueSpecification","valueRequired":true,"valueName":"search_term_string"}}],"inLanguage":"fr-FR"},{"@type":"Organization","@id":"https:\/\/turijnmagazijn.jumpstone-dev.nl\/#organization","name":"Turijnmagazijn","url":"https:\/\/turijnmagazijn.jumpstone-dev.nl\/","logo":{"@type":"ImageObject","inLanguage":"fr-FR","@id":"https:\/\/turijnmagazijn.jumpstone-dev.nl\/#\/schema\/logo\/image\/","url":"https:\/\/turijnmagazijn.nl\/wp-content\/uploads\/2021\/02\/turijnmagazijnlogo.png","contentUrl":"https:\/\/turijnmagazijn.nl\/wp-content\/uploads\/2021\/02\/turijnmagazijnlogo.png","width":555,"height":270,"caption":"Turijnmagazijn"},"image":{"@id":"https:\/\/turijnmagazijn.jumpstone-dev.nl\/#\/schema\/logo\/image\/"},"sameAs":["https:\/\/www.facebook.com\/turijnmagazijn"]}]}},"_links":{"self":[{"href":"https:\/\/turijnmagazijn.nl\/fr\/wp-json\/wp\/v2\/product\/67447","targetHints":{"allow":["GET"]}}],"collection":[{"href":"https:\/\/turijnmagazijn.nl\/fr\/wp-json\/wp\/v2\/product"}],"about":[{"href":"https:\/\/turijnmagazijn.nl\/fr\/wp-json\/wp\/v2\/types\/product"}],"replies":[{"embeddable":true,"href":"https:\/\/turijnmagazijn.nl\/fr\/wp-json\/wp\/v2\/comments?post=67447"}],"wp:featuredmedia":[{"embeddable":true,"href":"https:\/\/turijnmagazijn.nl\/fr\/wp-json\/wp\/v2\/media\/57367"}],"wp:attachment":[{"href":"https:\/\/turijnmagazijn.nl\/fr\/wp-json\/wp\/v2\/media?parent=67447"}],"wp:term":[{"taxonomy":"product_brand","embeddable":true,"href":"https:\/\/turijnmagazijn.nl\/fr\/wp-json\/wp\/v2\/product_brand?post=67447"},{"taxonomy":"product_cat","embeddable":true,"href":"https:\/\/turijnmagazijn.nl\/fr\/wp-json\/wp\/v2\/product_cat?post=67447"},{"taxonomy":"product_tag","embeddable":true,"href":"https:\/\/turijnmagazijn.nl\/fr\/wp-json\/wp\/v2\/product_tag?post=67447"}],"curies":[{"name":"wp","href":"https:\/\/api.w.org\/{rel}","templated":true}]}}