{"id":67457,"date":"2023-03-03T10:23:16","date_gmt":"2023-03-03T09:23:16","guid":{"rendered":"https:\/\/turijnmagazijn.nl\/product\/ecu-ordinateur-de-gestion-du-moteur-fiat-uno-1-3-turbo-cest-a-dire-fonctionnement-inconnu\/"},"modified":"2023-08-10T21:01:33","modified_gmt":"2023-08-10T19:01:33","slug":"ecu-engine-management-computer-fiat-uno-1-3-turbo-i-e-operation-unknown","status":"publish","type":"product","link":"https:\/\/turijnmagazijn.nl\/fr\/produit\/ecu-engine-management-computer-fiat-uno-1-3-turbo-i-e-operation-unknown\/","title":{"rendered":"ECU Ordinateur de gestion du moteur Fiat Uno 1.3 Turbo c\u2019est-\u00e0-dire fonctionnement inconnu-"},"content":{"rendered":"<p>Ordinateur de gestion du moteur ECU utilis\u00e9 pour contr\u00f4ler l\u2019injection. allumage et contr\u00f4le du ralenti pour Fiat Uno avec moteur essence 1.3 turbo. L\u2019unit\u00e9 fonctionne bien et provient d\u2019un Uno 1.3 Turbo c\u2019est-\u00e0-dire 105ch construit en 1988 adapt\u00e9 \u00e0 un v\u00e9hicule sans convertisseur catalytique.<\/p>\n<p>Le module Bosch est une bo\u00eete en aluminium noir avec trois trous de boulon et une fiche multipolaire. Complet avec une sonde filaire. Il semble que cette unit\u00e9 ait \u00e9t\u00e9 ouverte. Les pinces qui maintiennent le couvercle ont \u00e9t\u00e9 pli\u00e9es ouvertes. Le prix du produit tient compte d\u2019un calculateur qui ne peut \u00eatre utilis\u00e9 que pour des pi\u00e8ces. Supposons donc que l\u2019ordinateur ne fonctionne pas. Cependant, il y a de fortes chances que l\u2019ordinateur fonctionne simplement. Belle opportunit\u00e9 pour le bricoleur.<\/p>\n<p>Inscriptions sur l\u2019unit\u00e9:<br \/>\nBosch<br \/>\n0 280 000 336<br \/>\nFabriqu\u00e9 en Allemagne<\/p>\n<p>Num\u00e9ro OEM Fiat 7539895<\/p>\n","protected":false},"excerpt":{"rendered":"<p>ECU Engine Management Fiat Uno Turbo &#8211; ECU ordinateur de gestion du moteur pour contr\u00f4ler l\u2019injection. allumage et contr\u00f4le du ralenti pour Fiat Uno avec moteur turbo essence. ECU Engine Management Fiat Uno 1.3 Turbo &#8211; ECU ordinateur de gestion moteur pour l\u2019aa<\/p>\n","protected":false},"featured_media":57299,"comment_status":"closed","ping_status":"closed","template":"","meta":{"_acf_changed":false},"product_brand":[],"product_cat":[1690,1786],"product_tag":[],"class_list":{"0":"post-67457","1":"product","2":"type-product","3":"status-publish","4":"has-post-thumbnail","6":"product_cat-fiat-fr","7":"product_cat-uno-1-146-fr","8":"pa_soort-onderdeel-dautres-pieces-de-voiture","9":"pa_soort-onderdeel-moteur-et-accessoires","11":"first","12":"instock","13":"shipping-taxable","14":"purchasable","15":"product-type-simple"},"acf":[],"yoast_head":"<!-- This site is optimized with the Yoast SEO plugin v27.3 - https:\/\/yoast.com\/product\/yoast-seo-wordpress\/ -->\n<title>ECU Ordinateur de gestion du moteur Fiat Uno 1.3 Turbo c\u2019est-\u00e0-dire fonctionnement inconnu- Turijnmagazijn<\/title>\n<meta name=\"robots\" content=\"index, follow, max-snippet:-1, max-image-preview:large, max-video-preview:-1\" \/>\n<link rel=\"canonical\" href=\"https:\/\/turijnmagazijn.nl\/fr\/produit\/ecu-engine-management-computer-fiat-uno-1-3-turbo-i-e-operation-unknown\/\" \/>\n<meta property=\"og:locale\" content=\"fr_FR\" \/>\n<meta property=\"og:type\" content=\"article\" \/>\n<meta property=\"og:title\" content=\"ECU Ordinateur de gestion du moteur Fiat Uno 1.3 Turbo c\u2019est-\u00e0-dire fonctionnement inconnu- Turijnmagazijn\" \/>\n<meta property=\"og:description\" content=\"ECU Engine Management Fiat Uno Turbo - ECU ordinateur de gestion du moteur pour contr\u00f4ler l\u2019injection. allumage et contr\u00f4le du ralenti pour Fiat Uno avec moteur turbo essence. ECU Engine Management Fiat Uno 1.3 Turbo - ECU ordinateur de gestion moteur pour l\u2019aa\" \/>\n<meta property=\"og:url\" content=\"https:\/\/turijnmagazijn.nl\/fr\/produit\/ecu-engine-management-computer-fiat-uno-1-3-turbo-i-e-operation-unknown\/\" \/>\n<meta property=\"og:site_name\" content=\"Turijnmagazijn\" \/>\n<meta property=\"article:publisher\" content=\"https:\/\/www.facebook.com\/turijnmagazijn\" \/>\n<meta property=\"article:modified_time\" content=\"2023-08-10T19:01:33+00:00\" \/>\n<meta property=\"og:image\" content=\"https:\/\/turijnmagazijn.nl\/wp-content\/uploads\/2023\/03\/DK00102517-ECU-Motormanagement-Fiat-Uno-1.3-Turbo-i.e.-werking-onbekend-2.jpg\" \/>\n\t<meta property=\"og:image:width\" content=\"1024\" \/>\n\t<meta property=\"og:image:height\" content=\"768\" \/>\n\t<meta property=\"og:image:type\" content=\"image\/jpeg\" \/>\n<meta name=\"twitter:card\" content=\"summary_large_image\" \/>\n<meta name=\"twitter:label1\" content=\"Dur\u00e9e de lecture estim\u00e9e\" \/>\n\t<meta name=\"twitter:data1\" content=\"1 minute\" \/>\n<script type=\"application\/ld+json\" class=\"yoast-schema-graph\">{\"@context\":\"https:\\\/\\\/schema.org\",\"@graph\":[{\"@type\":\"WebPage\",\"@id\":\"https:\\\/\\\/turijnmagazijn.nl\\\/fr\\\/produit\\\/ecu-engine-management-computer-fiat-uno-1-3-turbo-i-e-operation-unknown\\\/\",\"url\":\"https:\\\/\\\/turijnmagazijn.nl\\\/fr\\\/produit\\\/ecu-engine-management-computer-fiat-uno-1-3-turbo-i-e-operation-unknown\\\/\",\"name\":\"ECU Ordinateur de gestion du moteur Fiat Uno 1.3 Turbo c\u2019est-\u00e0-dire fonctionnement inconnu- Turijnmagazijn\",\"isPartOf\":{\"@id\":\"https:\\\/\\\/turijnmagazijn.jumpstone-dev.nl\\\/#website\"},\"primaryImageOfPage\":{\"@id\":\"https:\\\/\\\/turijnmagazijn.nl\\\/fr\\\/produit\\\/ecu-engine-management-computer-fiat-uno-1-3-turbo-i-e-operation-unknown\\\/#primaryimage\"},\"image\":{\"@id\":\"https:\\\/\\\/turijnmagazijn.nl\\\/fr\\\/produit\\\/ecu-engine-management-computer-fiat-uno-1-3-turbo-i-e-operation-unknown\\\/#primaryimage\"},\"thumbnailUrl\":\"https:\\\/\\\/turijnmagazijn.nl\\\/wp-content\\\/uploads\\\/2023\\\/03\\\/DK00102517-ECU-Motormanagement-Fiat-Uno-1.3-Turbo-i.e.-werking-onbekend-2.jpg\",\"datePublished\":\"2023-03-03T09:23:16+00:00\",\"dateModified\":\"2023-08-10T19:01:33+00:00\",\"breadcrumb\":{\"@id\":\"https:\\\/\\\/turijnmagazijn.nl\\\/fr\\\/produit\\\/ecu-engine-management-computer-fiat-uno-1-3-turbo-i-e-operation-unknown\\\/#breadcrumb\"},\"inLanguage\":\"fr-FR\",\"potentialAction\":[{\"@type\":\"ReadAction\",\"target\":[\"https:\\\/\\\/turijnmagazijn.nl\\\/fr\\\/produit\\\/ecu-engine-management-computer-fiat-uno-1-3-turbo-i-e-operation-unknown\\\/\"]}]},{\"@type\":\"ImageObject\",\"inLanguage\":\"fr-FR\",\"@id\":\"https:\\\/\\\/turijnmagazijn.nl\\\/fr\\\/produit\\\/ecu-engine-management-computer-fiat-uno-1-3-turbo-i-e-operation-unknown\\\/#primaryimage\",\"url\":\"https:\\\/\\\/turijnmagazijn.nl\\\/wp-content\\\/uploads\\\/2023\\\/03\\\/DK00102517-ECU-Motormanagement-Fiat-Uno-1.3-Turbo-i.e.-werking-onbekend-2.jpg\",\"contentUrl\":\"https:\\\/\\\/turijnmagazijn.nl\\\/wp-content\\\/uploads\\\/2023\\\/03\\\/DK00102517-ECU-Motormanagement-Fiat-Uno-1.3-Turbo-i.e.-werking-onbekend-2.jpg\",\"width\":1024,\"height\":768},{\"@type\":\"BreadcrumbList\",\"@id\":\"https:\\\/\\\/turijnmagazijn.nl\\\/fr\\\/produit\\\/ecu-engine-management-computer-fiat-uno-1-3-turbo-i-e-operation-unknown\\\/#breadcrumb\",\"itemListElement\":[{\"@type\":\"ListItem\",\"position\":1,\"name\":\"Home\",\"item\":\"https:\\\/\\\/turijnmagazijn.nl\\\/fr\\\/\"},{\"@type\":\"ListItem\",\"position\":2,\"name\":\"Produits\",\"item\":\"https:\\\/\\\/turijnmagazijn.nl\\\/fr\\\/shop\\\/\"},{\"@type\":\"ListItem\",\"position\":3,\"name\":\"ECU Ordinateur de gestion du moteur Fiat Uno 1.3 Turbo c\u2019est-\u00e0-dire fonctionnement inconnu-\"}]},{\"@type\":\"WebSite\",\"@id\":\"https:\\\/\\\/turijnmagazijn.jumpstone-dev.nl\\\/#website\",\"url\":\"https:\\\/\\\/turijnmagazijn.jumpstone-dev.nl\\\/\",\"name\":\"Turijnmagazijn\",\"description\":\"Onderdelen nieuw en gebruikt - Fiat &amp; Lancia\",\"publisher\":{\"@id\":\"https:\\\/\\\/turijnmagazijn.jumpstone-dev.nl\\\/#organization\"},\"potentialAction\":[{\"@type\":\"SearchAction\",\"target\":{\"@type\":\"EntryPoint\",\"urlTemplate\":\"https:\\\/\\\/turijnmagazijn.jumpstone-dev.nl\\\/?s={search_term_string}\"},\"query-input\":{\"@type\":\"PropertyValueSpecification\",\"valueRequired\":true,\"valueName\":\"search_term_string\"}}],\"inLanguage\":\"fr-FR\"},{\"@type\":\"Organization\",\"@id\":\"https:\\\/\\\/turijnmagazijn.jumpstone-dev.nl\\\/#organization\",\"name\":\"Turijnmagazijn\",\"url\":\"https:\\\/\\\/turijnmagazijn.jumpstone-dev.nl\\\/\",\"logo\":{\"@type\":\"ImageObject\",\"inLanguage\":\"fr-FR\",\"@id\":\"https:\\\/\\\/turijnmagazijn.jumpstone-dev.nl\\\/#\\\/schema\\\/logo\\\/image\\\/\",\"url\":\"https:\\\/\\\/turijnmagazijn.nl\\\/wp-content\\\/uploads\\\/2021\\\/02\\\/turijnmagazijnlogo.png\",\"contentUrl\":\"https:\\\/\\\/turijnmagazijn.nl\\\/wp-content\\\/uploads\\\/2021\\\/02\\\/turijnmagazijnlogo.png\",\"width\":555,\"height\":270,\"caption\":\"Turijnmagazijn\"},\"image\":{\"@id\":\"https:\\\/\\\/turijnmagazijn.jumpstone-dev.nl\\\/#\\\/schema\\\/logo\\\/image\\\/\"},\"sameAs\":[\"https:\\\/\\\/www.facebook.com\\\/turijnmagazijn\"]}]}<\/script>\n<!-- \/ Yoast SEO plugin. -->","yoast_head_json":{"title":"ECU Ordinateur de gestion du moteur Fiat Uno 1.3 Turbo c\u2019est-\u00e0-dire fonctionnement inconnu- Turijnmagazijn","robots":{"index":"index","follow":"follow","max-snippet":"max-snippet:-1","max-image-preview":"max-image-preview:large","max-video-preview":"max-video-preview:-1"},"canonical":"https:\/\/turijnmagazijn.nl\/fr\/produit\/ecu-engine-management-computer-fiat-uno-1-3-turbo-i-e-operation-unknown\/","og_locale":"fr_FR","og_type":"article","og_title":"ECU Ordinateur de gestion du moteur Fiat Uno 1.3 Turbo c\u2019est-\u00e0-dire fonctionnement inconnu- Turijnmagazijn","og_description":"ECU Engine Management Fiat Uno Turbo - ECU ordinateur de gestion du moteur pour contr\u00f4ler l\u2019injection. allumage et contr\u00f4le du ralenti pour Fiat Uno avec moteur turbo essence. ECU Engine Management Fiat Uno 1.3 Turbo - ECU ordinateur de gestion moteur pour l\u2019aa","og_url":"https:\/\/turijnmagazijn.nl\/fr\/produit\/ecu-engine-management-computer-fiat-uno-1-3-turbo-i-e-operation-unknown\/","og_site_name":"Turijnmagazijn","article_publisher":"https:\/\/www.facebook.com\/turijnmagazijn","article_modified_time":"2023-08-10T19:01:33+00:00","og_image":[{"width":1024,"height":768,"url":"https:\/\/turijnmagazijn.nl\/wp-content\/uploads\/2023\/03\/DK00102517-ECU-Motormanagement-Fiat-Uno-1.3-Turbo-i.e.-werking-onbekend-2.jpg","type":"image\/jpeg"}],"twitter_card":"summary_large_image","twitter_misc":{"Dur\u00e9e de lecture estim\u00e9e":"1 minute"},"schema":{"@context":"https:\/\/schema.org","@graph":[{"@type":"WebPage","@id":"https:\/\/turijnmagazijn.nl\/fr\/produit\/ecu-engine-management-computer-fiat-uno-1-3-turbo-i-e-operation-unknown\/","url":"https:\/\/turijnmagazijn.nl\/fr\/produit\/ecu-engine-management-computer-fiat-uno-1-3-turbo-i-e-operation-unknown\/","name":"ECU Ordinateur de gestion du moteur Fiat Uno 1.3 Turbo c\u2019est-\u00e0-dire fonctionnement inconnu- Turijnmagazijn","isPartOf":{"@id":"https:\/\/turijnmagazijn.jumpstone-dev.nl\/#website"},"primaryImageOfPage":{"@id":"https:\/\/turijnmagazijn.nl\/fr\/produit\/ecu-engine-management-computer-fiat-uno-1-3-turbo-i-e-operation-unknown\/#primaryimage"},"image":{"@id":"https:\/\/turijnmagazijn.nl\/fr\/produit\/ecu-engine-management-computer-fiat-uno-1-3-turbo-i-e-operation-unknown\/#primaryimage"},"thumbnailUrl":"https:\/\/turijnmagazijn.nl\/wp-content\/uploads\/2023\/03\/DK00102517-ECU-Motormanagement-Fiat-Uno-1.3-Turbo-i.e.-werking-onbekend-2.jpg","datePublished":"2023-03-03T09:23:16+00:00","dateModified":"2023-08-10T19:01:33+00:00","breadcrumb":{"@id":"https:\/\/turijnmagazijn.nl\/fr\/produit\/ecu-engine-management-computer-fiat-uno-1-3-turbo-i-e-operation-unknown\/#breadcrumb"},"inLanguage":"fr-FR","potentialAction":[{"@type":"ReadAction","target":["https:\/\/turijnmagazijn.nl\/fr\/produit\/ecu-engine-management-computer-fiat-uno-1-3-turbo-i-e-operation-unknown\/"]}]},{"@type":"ImageObject","inLanguage":"fr-FR","@id":"https:\/\/turijnmagazijn.nl\/fr\/produit\/ecu-engine-management-computer-fiat-uno-1-3-turbo-i-e-operation-unknown\/#primaryimage","url":"https:\/\/turijnmagazijn.nl\/wp-content\/uploads\/2023\/03\/DK00102517-ECU-Motormanagement-Fiat-Uno-1.3-Turbo-i.e.-werking-onbekend-2.jpg","contentUrl":"https:\/\/turijnmagazijn.nl\/wp-content\/uploads\/2023\/03\/DK00102517-ECU-Motormanagement-Fiat-Uno-1.3-Turbo-i.e.-werking-onbekend-2.jpg","width":1024,"height":768},{"@type":"BreadcrumbList","@id":"https:\/\/turijnmagazijn.nl\/fr\/produit\/ecu-engine-management-computer-fiat-uno-1-3-turbo-i-e-operation-unknown\/#breadcrumb","itemListElement":[{"@type":"ListItem","position":1,"name":"Home","item":"https:\/\/turijnmagazijn.nl\/fr\/"},{"@type":"ListItem","position":2,"name":"Produits","item":"https:\/\/turijnmagazijn.nl\/fr\/shop\/"},{"@type":"ListItem","position":3,"name":"ECU Ordinateur de gestion du moteur Fiat Uno 1.3 Turbo c\u2019est-\u00e0-dire fonctionnement inconnu-"}]},{"@type":"WebSite","@id":"https:\/\/turijnmagazijn.jumpstone-dev.nl\/#website","url":"https:\/\/turijnmagazijn.jumpstone-dev.nl\/","name":"Turijnmagazijn","description":"Onderdelen nieuw en gebruikt - Fiat &amp; Lancia","publisher":{"@id":"https:\/\/turijnmagazijn.jumpstone-dev.nl\/#organization"},"potentialAction":[{"@type":"SearchAction","target":{"@type":"EntryPoint","urlTemplate":"https:\/\/turijnmagazijn.jumpstone-dev.nl\/?s={search_term_string}"},"query-input":{"@type":"PropertyValueSpecification","valueRequired":true,"valueName":"search_term_string"}}],"inLanguage":"fr-FR"},{"@type":"Organization","@id":"https:\/\/turijnmagazijn.jumpstone-dev.nl\/#organization","name":"Turijnmagazijn","url":"https:\/\/turijnmagazijn.jumpstone-dev.nl\/","logo":{"@type":"ImageObject","inLanguage":"fr-FR","@id":"https:\/\/turijnmagazijn.jumpstone-dev.nl\/#\/schema\/logo\/image\/","url":"https:\/\/turijnmagazijn.nl\/wp-content\/uploads\/2021\/02\/turijnmagazijnlogo.png","contentUrl":"https:\/\/turijnmagazijn.nl\/wp-content\/uploads\/2021\/02\/turijnmagazijnlogo.png","width":555,"height":270,"caption":"Turijnmagazijn"},"image":{"@id":"https:\/\/turijnmagazijn.jumpstone-dev.nl\/#\/schema\/logo\/image\/"},"sameAs":["https:\/\/www.facebook.com\/turijnmagazijn"]}]}},"_links":{"self":[{"href":"https:\/\/turijnmagazijn.nl\/fr\/wp-json\/wp\/v2\/product\/67457","targetHints":{"allow":["GET"]}}],"collection":[{"href":"https:\/\/turijnmagazijn.nl\/fr\/wp-json\/wp\/v2\/product"}],"about":[{"href":"https:\/\/turijnmagazijn.nl\/fr\/wp-json\/wp\/v2\/types\/product"}],"replies":[{"embeddable":true,"href":"https:\/\/turijnmagazijn.nl\/fr\/wp-json\/wp\/v2\/comments?post=67457"}],"wp:featuredmedia":[{"embeddable":true,"href":"https:\/\/turijnmagazijn.nl\/fr\/wp-json\/wp\/v2\/media\/57299"}],"wp:attachment":[{"href":"https:\/\/turijnmagazijn.nl\/fr\/wp-json\/wp\/v2\/media?parent=67457"}],"wp:term":[{"taxonomy":"product_brand","embeddable":true,"href":"https:\/\/turijnmagazijn.nl\/fr\/wp-json\/wp\/v2\/product_brand?post=67457"},{"taxonomy":"product_cat","embeddable":true,"href":"https:\/\/turijnmagazijn.nl\/fr\/wp-json\/wp\/v2\/product_cat?post=67457"},{"taxonomy":"product_tag","embeddable":true,"href":"https:\/\/turijnmagazijn.nl\/fr\/wp-json\/wp\/v2\/product_tag?post=67457"}],"curies":[{"name":"wp","href":"https:\/\/api.w.org\/{rel}","templated":true}]}}