{"id":67466,"date":"2023-03-03T10:23:46","date_gmt":"2023-03-03T09:23:46","guid":{"rendered":"https:\/\/turijnmagazijn.nl\/product\/relais-feux-de-signalisation-noirs-lancia-kappa-ferrari-maserati\/"},"modified":"2023-07-27T13:11:50","modified_gmt":"2023-07-27T11:11:50","slug":"relay-noir-feux-davertissement-lancia-kappa-ferrari-maserati","status":"publish","type":"product","link":"https:\/\/turijnmagazijn.nl\/fr\/produit\/relay-noir-feux-davertissement-lancia-kappa-ferrari-maserati\/","title":{"rendered":"Relais Feux de signalisation noirs Lancia Kappa Ferrari Maserati"},"content":{"rendered":"<p>Utilise un relais pour contr\u00f4ler les voyants d\u2019avertissement pour Lancia Kappa. Ce relais a \u00e9galement \u00e9t\u00e9 appliqu\u00e9 \u00e0 divers mod\u00e8les d\u2019Alfa Romeo (dont 166), Spider 916 et 146. Ferrari et Maserati. Comparez toujours le num\u00e9ro de pi\u00e8ce sur le relais d\u00e9fectueux avant de commander et de monter. Avec une Lancia Kappa, ce relais est situ\u00e9 \u00e0 la position E2 dans la bo\u00eete \u00e0 fusibles sous le tableau de bord. Ce relais noir est interchangeable avec le rare relais vert avec num\u00e9ro 46466571. Ce relais est de couleur noire. Inscriptions sur le relais: B88360570359 7263112V \/ 2(4) X 21WA 73404made in ItalyOEM Lancia 60570359<\/p>\n","protected":false},"excerpt":{"rendered":"<p>Relais de feux de signalisation Lancia Kappa Ferrari Maserati &#8211; Relais d\u2019occasion pour contr\u00f4ler les feux d\u2019avertissement pour Lancia Kappa.Relay Feux de signalisation noirs Lancia Kappa Ferrari Maserati &#8211; Relais d\u2019occasion pour contr\u00f4ler les voyants d\u2019avertissement<\/p>\n","protected":false},"featured_media":90140,"comment_status":"closed","ping_status":"closed","template":"","meta":{"_acf_changed":false},"product_brand":[],"product_cat":[1650,1582,1862,1865,1860,1798,1870],"product_tag":[],"class_list":{"0":"post-67466","1":"product","2":"type-product","3":"status-publish","4":"has-post-thumbnail","6":"product_cat-166-936-fr","7":"product_cat-alfa-romeo-fr","8":"product_cat-berlina-fr","9":"product_cat-coupe-fr","10":"product_cat-kappa-838-fr","11":"product_cat-lancia-fr","12":"product_cat-sw-fr","13":"pa_soort-onderdeel-dautres-pieces-de-voiture","14":"pa_soort-onderdeel-electronique-et-cables","16":"first","17":"instock","18":"shipping-taxable","19":"purchasable","20":"product-type-simple"},"acf":[],"yoast_head":"<!-- This site is optimized with the Yoast SEO plugin v27.3 - https:\/\/yoast.com\/product\/yoast-seo-wordpress\/ -->\n<title>Relais Feux de signalisation noirs Lancia Kappa Ferrari Maserati - Turijnmagazijn<\/title>\n<meta name=\"robots\" content=\"index, follow, max-snippet:-1, max-image-preview:large, max-video-preview:-1\" \/>\n<link rel=\"canonical\" href=\"https:\/\/turijnmagazijn.nl\/fr\/produit\/relay-noir-feux-davertissement-lancia-kappa-ferrari-maserati\/\" \/>\n<meta property=\"og:locale\" content=\"fr_FR\" \/>\n<meta property=\"og:type\" content=\"article\" \/>\n<meta property=\"og:title\" content=\"Relais Feux de signalisation noirs Lancia Kappa Ferrari Maserati - Turijnmagazijn\" \/>\n<meta property=\"og:description\" content=\"Relais de feux de signalisation Lancia Kappa Ferrari Maserati - Relais d\u2019occasion pour contr\u00f4ler les feux d\u2019avertissement pour Lancia Kappa.Relay Feux de signalisation noirs Lancia Kappa Ferrari Maserati - Relais d\u2019occasion pour contr\u00f4ler les voyants d\u2019avertissement\" \/>\n<meta property=\"og:url\" content=\"https:\/\/turijnmagazijn.nl\/fr\/produit\/relay-noir-feux-davertissement-lancia-kappa-ferrari-maserati\/\" \/>\n<meta property=\"og:site_name\" content=\"Turijnmagazijn\" \/>\n<meta property=\"article:publisher\" content=\"https:\/\/www.facebook.com\/turijnmagazijn\" \/>\n<meta property=\"article:modified_time\" content=\"2023-07-27T11:11:50+00:00\" \/>\n<meta property=\"og:image\" content=\"https:\/\/turijnmagazijn.nl\/wp-content\/uploads\/2023\/03\/DK0102528-Relais-Zwart-waarschuwingslichten-Lancia-Kappa-Ferrari-Maserati-60570359-2-scaled.jpg\" \/>\n\t<meta property=\"og:image:width\" content=\"2560\" \/>\n\t<meta property=\"og:image:height\" content=\"1920\" \/>\n\t<meta property=\"og:image:type\" content=\"image\/jpeg\" \/>\n<meta name=\"twitter:card\" content=\"summary_large_image\" \/>\n<meta name=\"twitter:label1\" content=\"Dur\u00e9e de lecture estim\u00e9e\" \/>\n\t<meta name=\"twitter:data1\" content=\"1 minute\" \/>\n<script type=\"application\/ld+json\" class=\"yoast-schema-graph\">{\"@context\":\"https:\\\/\\\/schema.org\",\"@graph\":[{\"@type\":\"WebPage\",\"@id\":\"https:\\\/\\\/turijnmagazijn.nl\\\/fr\\\/produit\\\/relay-noir-feux-davertissement-lancia-kappa-ferrari-maserati\\\/\",\"url\":\"https:\\\/\\\/turijnmagazijn.nl\\\/fr\\\/produit\\\/relay-noir-feux-davertissement-lancia-kappa-ferrari-maserati\\\/\",\"name\":\"Relais Feux de signalisation noirs Lancia Kappa Ferrari Maserati - Turijnmagazijn\",\"isPartOf\":{\"@id\":\"https:\\\/\\\/turijnmagazijn.jumpstone-dev.nl\\\/#website\"},\"primaryImageOfPage\":{\"@id\":\"https:\\\/\\\/turijnmagazijn.nl\\\/fr\\\/produit\\\/relay-noir-feux-davertissement-lancia-kappa-ferrari-maserati\\\/#primaryimage\"},\"image\":{\"@id\":\"https:\\\/\\\/turijnmagazijn.nl\\\/fr\\\/produit\\\/relay-noir-feux-davertissement-lancia-kappa-ferrari-maserati\\\/#primaryimage\"},\"thumbnailUrl\":\"https:\\\/\\\/turijnmagazijn.nl\\\/wp-content\\\/uploads\\\/2023\\\/03\\\/DK0102528-Relais-Zwart-waarschuwingslichten-Lancia-Kappa-Ferrari-Maserati-60570359-2-scaled.jpg\",\"datePublished\":\"2023-03-03T09:23:46+00:00\",\"dateModified\":\"2023-07-27T11:11:50+00:00\",\"breadcrumb\":{\"@id\":\"https:\\\/\\\/turijnmagazijn.nl\\\/fr\\\/produit\\\/relay-noir-feux-davertissement-lancia-kappa-ferrari-maserati\\\/#breadcrumb\"},\"inLanguage\":\"fr-FR\",\"potentialAction\":[{\"@type\":\"ReadAction\",\"target\":[\"https:\\\/\\\/turijnmagazijn.nl\\\/fr\\\/produit\\\/relay-noir-feux-davertissement-lancia-kappa-ferrari-maserati\\\/\"]}]},{\"@type\":\"ImageObject\",\"inLanguage\":\"fr-FR\",\"@id\":\"https:\\\/\\\/turijnmagazijn.nl\\\/fr\\\/produit\\\/relay-noir-feux-davertissement-lancia-kappa-ferrari-maserati\\\/#primaryimage\",\"url\":\"https:\\\/\\\/turijnmagazijn.nl\\\/wp-content\\\/uploads\\\/2023\\\/03\\\/DK0102528-Relais-Zwart-waarschuwingslichten-Lancia-Kappa-Ferrari-Maserati-60570359-2-scaled.jpg\",\"contentUrl\":\"https:\\\/\\\/turijnmagazijn.nl\\\/wp-content\\\/uploads\\\/2023\\\/03\\\/DK0102528-Relais-Zwart-waarschuwingslichten-Lancia-Kappa-Ferrari-Maserati-60570359-2-scaled.jpg\",\"width\":2560,\"height\":1920},{\"@type\":\"BreadcrumbList\",\"@id\":\"https:\\\/\\\/turijnmagazijn.nl\\\/fr\\\/produit\\\/relay-noir-feux-davertissement-lancia-kappa-ferrari-maserati\\\/#breadcrumb\",\"itemListElement\":[{\"@type\":\"ListItem\",\"position\":1,\"name\":\"Home\",\"item\":\"https:\\\/\\\/turijnmagazijn.nl\\\/fr\\\/\"},{\"@type\":\"ListItem\",\"position\":2,\"name\":\"Produits\",\"item\":\"https:\\\/\\\/turijnmagazijn.nl\\\/fr\\\/shop\\\/\"},{\"@type\":\"ListItem\",\"position\":3,\"name\":\"Relais Feux de signalisation noirs Lancia Kappa Ferrari Maserati\"}]},{\"@type\":\"WebSite\",\"@id\":\"https:\\\/\\\/turijnmagazijn.jumpstone-dev.nl\\\/#website\",\"url\":\"https:\\\/\\\/turijnmagazijn.jumpstone-dev.nl\\\/\",\"name\":\"Turijnmagazijn\",\"description\":\"Onderdelen nieuw en gebruikt - Fiat &amp; Lancia\",\"publisher\":{\"@id\":\"https:\\\/\\\/turijnmagazijn.jumpstone-dev.nl\\\/#organization\"},\"potentialAction\":[{\"@type\":\"SearchAction\",\"target\":{\"@type\":\"EntryPoint\",\"urlTemplate\":\"https:\\\/\\\/turijnmagazijn.jumpstone-dev.nl\\\/?s={search_term_string}\"},\"query-input\":{\"@type\":\"PropertyValueSpecification\",\"valueRequired\":true,\"valueName\":\"search_term_string\"}}],\"inLanguage\":\"fr-FR\"},{\"@type\":\"Organization\",\"@id\":\"https:\\\/\\\/turijnmagazijn.jumpstone-dev.nl\\\/#organization\",\"name\":\"Turijnmagazijn\",\"url\":\"https:\\\/\\\/turijnmagazijn.jumpstone-dev.nl\\\/\",\"logo\":{\"@type\":\"ImageObject\",\"inLanguage\":\"fr-FR\",\"@id\":\"https:\\\/\\\/turijnmagazijn.jumpstone-dev.nl\\\/#\\\/schema\\\/logo\\\/image\\\/\",\"url\":\"https:\\\/\\\/turijnmagazijn.nl\\\/wp-content\\\/uploads\\\/2021\\\/02\\\/turijnmagazijnlogo.png\",\"contentUrl\":\"https:\\\/\\\/turijnmagazijn.nl\\\/wp-content\\\/uploads\\\/2021\\\/02\\\/turijnmagazijnlogo.png\",\"width\":555,\"height\":270,\"caption\":\"Turijnmagazijn\"},\"image\":{\"@id\":\"https:\\\/\\\/turijnmagazijn.jumpstone-dev.nl\\\/#\\\/schema\\\/logo\\\/image\\\/\"},\"sameAs\":[\"https:\\\/\\\/www.facebook.com\\\/turijnmagazijn\"]}]}<\/script>\n<!-- \/ Yoast SEO plugin. -->","yoast_head_json":{"title":"Relais Feux de signalisation noirs Lancia Kappa Ferrari Maserati - Turijnmagazijn","robots":{"index":"index","follow":"follow","max-snippet":"max-snippet:-1","max-image-preview":"max-image-preview:large","max-video-preview":"max-video-preview:-1"},"canonical":"https:\/\/turijnmagazijn.nl\/fr\/produit\/relay-noir-feux-davertissement-lancia-kappa-ferrari-maserati\/","og_locale":"fr_FR","og_type":"article","og_title":"Relais Feux de signalisation noirs Lancia Kappa Ferrari Maserati - Turijnmagazijn","og_description":"Relais de feux de signalisation Lancia Kappa Ferrari Maserati - Relais d\u2019occasion pour contr\u00f4ler les feux d\u2019avertissement pour Lancia Kappa.Relay Feux de signalisation noirs Lancia Kappa Ferrari Maserati - Relais d\u2019occasion pour contr\u00f4ler les voyants d\u2019avertissement","og_url":"https:\/\/turijnmagazijn.nl\/fr\/produit\/relay-noir-feux-davertissement-lancia-kappa-ferrari-maserati\/","og_site_name":"Turijnmagazijn","article_publisher":"https:\/\/www.facebook.com\/turijnmagazijn","article_modified_time":"2023-07-27T11:11:50+00:00","og_image":[{"width":2560,"height":1920,"url":"https:\/\/turijnmagazijn.nl\/wp-content\/uploads\/2023\/03\/DK0102528-Relais-Zwart-waarschuwingslichten-Lancia-Kappa-Ferrari-Maserati-60570359-2-scaled.jpg","type":"image\/jpeg"}],"twitter_card":"summary_large_image","twitter_misc":{"Dur\u00e9e de lecture estim\u00e9e":"1 minute"},"schema":{"@context":"https:\/\/schema.org","@graph":[{"@type":"WebPage","@id":"https:\/\/turijnmagazijn.nl\/fr\/produit\/relay-noir-feux-davertissement-lancia-kappa-ferrari-maserati\/","url":"https:\/\/turijnmagazijn.nl\/fr\/produit\/relay-noir-feux-davertissement-lancia-kappa-ferrari-maserati\/","name":"Relais Feux de signalisation noirs Lancia Kappa Ferrari Maserati - Turijnmagazijn","isPartOf":{"@id":"https:\/\/turijnmagazijn.jumpstone-dev.nl\/#website"},"primaryImageOfPage":{"@id":"https:\/\/turijnmagazijn.nl\/fr\/produit\/relay-noir-feux-davertissement-lancia-kappa-ferrari-maserati\/#primaryimage"},"image":{"@id":"https:\/\/turijnmagazijn.nl\/fr\/produit\/relay-noir-feux-davertissement-lancia-kappa-ferrari-maserati\/#primaryimage"},"thumbnailUrl":"https:\/\/turijnmagazijn.nl\/wp-content\/uploads\/2023\/03\/DK0102528-Relais-Zwart-waarschuwingslichten-Lancia-Kappa-Ferrari-Maserati-60570359-2-scaled.jpg","datePublished":"2023-03-03T09:23:46+00:00","dateModified":"2023-07-27T11:11:50+00:00","breadcrumb":{"@id":"https:\/\/turijnmagazijn.nl\/fr\/produit\/relay-noir-feux-davertissement-lancia-kappa-ferrari-maserati\/#breadcrumb"},"inLanguage":"fr-FR","potentialAction":[{"@type":"ReadAction","target":["https:\/\/turijnmagazijn.nl\/fr\/produit\/relay-noir-feux-davertissement-lancia-kappa-ferrari-maserati\/"]}]},{"@type":"ImageObject","inLanguage":"fr-FR","@id":"https:\/\/turijnmagazijn.nl\/fr\/produit\/relay-noir-feux-davertissement-lancia-kappa-ferrari-maserati\/#primaryimage","url":"https:\/\/turijnmagazijn.nl\/wp-content\/uploads\/2023\/03\/DK0102528-Relais-Zwart-waarschuwingslichten-Lancia-Kappa-Ferrari-Maserati-60570359-2-scaled.jpg","contentUrl":"https:\/\/turijnmagazijn.nl\/wp-content\/uploads\/2023\/03\/DK0102528-Relais-Zwart-waarschuwingslichten-Lancia-Kappa-Ferrari-Maserati-60570359-2-scaled.jpg","width":2560,"height":1920},{"@type":"BreadcrumbList","@id":"https:\/\/turijnmagazijn.nl\/fr\/produit\/relay-noir-feux-davertissement-lancia-kappa-ferrari-maserati\/#breadcrumb","itemListElement":[{"@type":"ListItem","position":1,"name":"Home","item":"https:\/\/turijnmagazijn.nl\/fr\/"},{"@type":"ListItem","position":2,"name":"Produits","item":"https:\/\/turijnmagazijn.nl\/fr\/shop\/"},{"@type":"ListItem","position":3,"name":"Relais Feux de signalisation noirs Lancia Kappa Ferrari Maserati"}]},{"@type":"WebSite","@id":"https:\/\/turijnmagazijn.jumpstone-dev.nl\/#website","url":"https:\/\/turijnmagazijn.jumpstone-dev.nl\/","name":"Turijnmagazijn","description":"Onderdelen nieuw en gebruikt - Fiat &amp; Lancia","publisher":{"@id":"https:\/\/turijnmagazijn.jumpstone-dev.nl\/#organization"},"potentialAction":[{"@type":"SearchAction","target":{"@type":"EntryPoint","urlTemplate":"https:\/\/turijnmagazijn.jumpstone-dev.nl\/?s={search_term_string}"},"query-input":{"@type":"PropertyValueSpecification","valueRequired":true,"valueName":"search_term_string"}}],"inLanguage":"fr-FR"},{"@type":"Organization","@id":"https:\/\/turijnmagazijn.jumpstone-dev.nl\/#organization","name":"Turijnmagazijn","url":"https:\/\/turijnmagazijn.jumpstone-dev.nl\/","logo":{"@type":"ImageObject","inLanguage":"fr-FR","@id":"https:\/\/turijnmagazijn.jumpstone-dev.nl\/#\/schema\/logo\/image\/","url":"https:\/\/turijnmagazijn.nl\/wp-content\/uploads\/2021\/02\/turijnmagazijnlogo.png","contentUrl":"https:\/\/turijnmagazijn.nl\/wp-content\/uploads\/2021\/02\/turijnmagazijnlogo.png","width":555,"height":270,"caption":"Turijnmagazijn"},"image":{"@id":"https:\/\/turijnmagazijn.jumpstone-dev.nl\/#\/schema\/logo\/image\/"},"sameAs":["https:\/\/www.facebook.com\/turijnmagazijn"]}]}},"_links":{"self":[{"href":"https:\/\/turijnmagazijn.nl\/fr\/wp-json\/wp\/v2\/product\/67466","targetHints":{"allow":["GET"]}}],"collection":[{"href":"https:\/\/turijnmagazijn.nl\/fr\/wp-json\/wp\/v2\/product"}],"about":[{"href":"https:\/\/turijnmagazijn.nl\/fr\/wp-json\/wp\/v2\/types\/product"}],"replies":[{"embeddable":true,"href":"https:\/\/turijnmagazijn.nl\/fr\/wp-json\/wp\/v2\/comments?post=67466"}],"wp:featuredmedia":[{"embeddable":true,"href":"https:\/\/turijnmagazijn.nl\/fr\/wp-json\/wp\/v2\/media\/90140"}],"wp:attachment":[{"href":"https:\/\/turijnmagazijn.nl\/fr\/wp-json\/wp\/v2\/media?parent=67466"}],"wp:term":[{"taxonomy":"product_brand","embeddable":true,"href":"https:\/\/turijnmagazijn.nl\/fr\/wp-json\/wp\/v2\/product_brand?post=67466"},{"taxonomy":"product_cat","embeddable":true,"href":"https:\/\/turijnmagazijn.nl\/fr\/wp-json\/wp\/v2\/product_cat?post=67466"},{"taxonomy":"product_tag","embeddable":true,"href":"https:\/\/turijnmagazijn.nl\/fr\/wp-json\/wp\/v2\/product_tag?post=67466"}],"curies":[{"name":"wp","href":"https:\/\/api.w.org\/{rel}","templated":true}]}}