{"id":67504,"date":"2023-03-03T10:25:01","date_gmt":"2023-03-03T09:25:01","guid":{"rendered":"https:\/\/turijnmagazijn.nl\/product\/goodridge-ameliorer-les-lignes-de-frein-lancia-delta-integrale-set-4-pcs\/"},"modified":"2023-07-27T13:12:51","modified_gmt":"2023-07-27T11:12:51","slug":"goodridge-upgrade-brake-lines-lancia-delta-integral-set-4-st","status":"publish","type":"product","link":"https:\/\/turijnmagazijn.nl\/fr\/produit\/goodridge-upgrade-brake-lines-lancia-delta-integral-set-4-st\/","title":{"rendered":"Goodridge am\u00e9liorer les lignes de frein Lancia Delta Integrale set 4 pcs"},"content":{"rendered":"<p>Nouvelle imitation mise \u00e0 niveau partie de haute qualit\u00e9.<\/p>\n<p>Goodridge am\u00e9liore les conduites de frein pour la Lancia Delta Integrale. Se compose de 4 flexibles flexibles de frein pour le montage entre la conduite de frein en acier sur la carrosserie et l\u2019\u00e9trier sur l\u2019essieu.<\/p>\n<p>Ces tuyaux sont de qualit\u00e9 lourde et avec une belle finition noire lisse, ils se d\u00e9marquent moins que les tuyaux tress\u00e9s en acier.<\/p>\n<p>Pour int\u00e9grale 8V et 16V. Ne convient pas aux mod\u00e8les EVO!<\/p>\n<p>Num\u00e9ro Goodridge : SLN 0272 4C VB<\/p>\n<p>Lancia OEM pour r\u00e9f\u00e9rence 82430361 &#8211; 82422139<\/p>\n","protected":false},"excerpt":{"rendered":"<p>82430361 &#8211; 82422139 ligne de frein am\u00e9lior\u00e9e Goodridge pour Lancia Delta Integrale. Se compose de 4 flexibles flexibles de frein pour le montage entre la conduite de frein en acier sur la carrosserie et l\u2019\u00e9trier sur l\u2019essieu.<\/p>\n","protected":false},"featured_media":57647,"comment_status":"closed","ping_status":"closed","template":"","meta":{"_acf_changed":false},"product_brand":[],"product_cat":[1806,1836,1830,1798],"product_tag":[],"class_list":{"0":"post-67504","1":"product","2":"type-product","3":"status-publish","4":"has-post-thumbnail","6":"product_cat-delta-1-831-fr","7":"product_cat-integrale-16v-fr","8":"product_cat-integrale-8v-fr","9":"product_cat-lancia-fr","10":"pa_soort-onderdeel-freins-et-conduite","12":"first","13":"instock","14":"shipping-taxable","15":"purchasable","16":"product-type-simple"},"acf":[],"yoast_head":"<!-- This site is optimized with the Yoast SEO plugin v27.2 - https:\/\/yoast.com\/product\/yoast-seo-wordpress\/ -->\n<title>Goodridge am\u00e9liorer les lignes de frein Lancia Delta Integrale set 4 pcs - Turijnmagazijn<\/title>\n<meta name=\"robots\" content=\"index, follow, max-snippet:-1, max-image-preview:large, max-video-preview:-1\" \/>\n<link rel=\"canonical\" href=\"https:\/\/turijnmagazijn.nl\/fr\/produit\/goodridge-upgrade-brake-lines-lancia-delta-integral-set-4-st\/\" \/>\n<meta property=\"og:locale\" content=\"fr_FR\" \/>\n<meta property=\"og:type\" content=\"article\" \/>\n<meta property=\"og:title\" content=\"Goodridge am\u00e9liorer les lignes de frein Lancia Delta Integrale set 4 pcs - Turijnmagazijn\" \/>\n<meta property=\"og:description\" content=\"82430361 - 82422139 ligne de frein am\u00e9lior\u00e9e Goodridge pour Lancia Delta Integrale. Se compose de 4 flexibles flexibles de frein pour le montage entre la conduite de frein en acier sur la carrosserie et l\u2019\u00e9trier sur l\u2019essieu.\" \/>\n<meta property=\"og:url\" content=\"https:\/\/turijnmagazijn.nl\/fr\/produit\/goodridge-upgrade-brake-lines-lancia-delta-integral-set-4-st\/\" \/>\n<meta property=\"og:site_name\" content=\"Turijnmagazijn\" \/>\n<meta property=\"article:publisher\" content=\"https:\/\/www.facebook.com\/turijnmagazijn\" \/>\n<meta property=\"article:modified_time\" content=\"2023-07-27T11:12:51+00:00\" \/>\n<meta property=\"og:image\" content=\"https:\/\/turijnmagazijn.nl\/wp-content\/uploads\/2023\/03\/DS0108950-Goodridge-upgrade-remleidingen-Lancia-Delta-Integrale-set-4-st-82422139-82430361-2.jpg\" \/>\n\t<meta property=\"og:image:width\" content=\"1024\" \/>\n\t<meta property=\"og:image:height\" content=\"768\" \/>\n\t<meta property=\"og:image:type\" content=\"image\/jpeg\" \/>\n<meta name=\"twitter:card\" content=\"summary_large_image\" \/>\n<script type=\"application\/ld+json\" class=\"yoast-schema-graph\">{\"@context\":\"https:\/\/schema.org\",\"@graph\":[{\"@type\":\"WebPage\",\"@id\":\"https:\/\/turijnmagazijn.nl\/fr\/produit\/goodridge-upgrade-brake-lines-lancia-delta-integral-set-4-st\/\",\"url\":\"https:\/\/turijnmagazijn.nl\/fr\/produit\/goodridge-upgrade-brake-lines-lancia-delta-integral-set-4-st\/\",\"name\":\"Goodridge am\u00e9liorer les lignes de frein Lancia Delta Integrale set 4 pcs - Turijnmagazijn\",\"isPartOf\":{\"@id\":\"https:\/\/turijnmagazijn.jumpstone-dev.nl\/#website\"},\"primaryImageOfPage\":{\"@id\":\"https:\/\/turijnmagazijn.nl\/fr\/produit\/goodridge-upgrade-brake-lines-lancia-delta-integral-set-4-st\/#primaryimage\"},\"image\":{\"@id\":\"https:\/\/turijnmagazijn.nl\/fr\/produit\/goodridge-upgrade-brake-lines-lancia-delta-integral-set-4-st\/#primaryimage\"},\"thumbnailUrl\":\"https:\/\/turijnmagazijn.nl\/wp-content\/uploads\/2023\/03\/DS0108950-Goodridge-upgrade-remleidingen-Lancia-Delta-Integrale-set-4-st-82422139-82430361-2.jpg\",\"datePublished\":\"2023-03-03T09:25:01+00:00\",\"dateModified\":\"2023-07-27T11:12:51+00:00\",\"breadcrumb\":{\"@id\":\"https:\/\/turijnmagazijn.nl\/fr\/produit\/goodridge-upgrade-brake-lines-lancia-delta-integral-set-4-st\/#breadcrumb\"},\"inLanguage\":\"fr-FR\",\"potentialAction\":[{\"@type\":\"ReadAction\",\"target\":[\"https:\/\/turijnmagazijn.nl\/fr\/produit\/goodridge-upgrade-brake-lines-lancia-delta-integral-set-4-st\/\"]}]},{\"@type\":\"ImageObject\",\"inLanguage\":\"fr-FR\",\"@id\":\"https:\/\/turijnmagazijn.nl\/fr\/produit\/goodridge-upgrade-brake-lines-lancia-delta-integral-set-4-st\/#primaryimage\",\"url\":\"https:\/\/turijnmagazijn.nl\/wp-content\/uploads\/2023\/03\/DS0108950-Goodridge-upgrade-remleidingen-Lancia-Delta-Integrale-set-4-st-82422139-82430361-2.jpg\",\"contentUrl\":\"https:\/\/turijnmagazijn.nl\/wp-content\/uploads\/2023\/03\/DS0108950-Goodridge-upgrade-remleidingen-Lancia-Delta-Integrale-set-4-st-82422139-82430361-2.jpg\",\"width\":1024,\"height\":768},{\"@type\":\"BreadcrumbList\",\"@id\":\"https:\/\/turijnmagazijn.nl\/fr\/produit\/goodridge-upgrade-brake-lines-lancia-delta-integral-set-4-st\/#breadcrumb\",\"itemListElement\":[{\"@type\":\"ListItem\",\"position\":1,\"name\":\"Home\",\"item\":\"https:\/\/turijnmagazijn.nl\/fr\/\"},{\"@type\":\"ListItem\",\"position\":2,\"name\":\"Produits\",\"item\":\"https:\/\/turijnmagazijn.nl\/fr\/shop\/\"},{\"@type\":\"ListItem\",\"position\":3,\"name\":\"Goodridge am\u00e9liorer les lignes de frein Lancia Delta Integrale set 4 pcs\"}]},{\"@type\":\"WebSite\",\"@id\":\"https:\/\/turijnmagazijn.jumpstone-dev.nl\/#website\",\"url\":\"https:\/\/turijnmagazijn.jumpstone-dev.nl\/\",\"name\":\"Turijnmagazijn\",\"description\":\"Onderdelen nieuw en gebruikt - Fiat &amp; Lancia\",\"publisher\":{\"@id\":\"https:\/\/turijnmagazijn.jumpstone-dev.nl\/#organization\"},\"potentialAction\":[{\"@type\":\"SearchAction\",\"target\":{\"@type\":\"EntryPoint\",\"urlTemplate\":\"https:\/\/turijnmagazijn.jumpstone-dev.nl\/?s={search_term_string}\"},\"query-input\":{\"@type\":\"PropertyValueSpecification\",\"valueRequired\":true,\"valueName\":\"search_term_string\"}}],\"inLanguage\":\"fr-FR\"},{\"@type\":\"Organization\",\"@id\":\"https:\/\/turijnmagazijn.jumpstone-dev.nl\/#organization\",\"name\":\"Turijnmagazijn\",\"url\":\"https:\/\/turijnmagazijn.jumpstone-dev.nl\/\",\"logo\":{\"@type\":\"ImageObject\",\"inLanguage\":\"fr-FR\",\"@id\":\"https:\/\/turijnmagazijn.jumpstone-dev.nl\/#\/schema\/logo\/image\/\",\"url\":\"https:\/\/turijnmagazijn.nl\/wp-content\/uploads\/2021\/02\/turijnmagazijnlogo.png\",\"contentUrl\":\"https:\/\/turijnmagazijn.nl\/wp-content\/uploads\/2021\/02\/turijnmagazijnlogo.png\",\"width\":555,\"height\":270,\"caption\":\"Turijnmagazijn\"},\"image\":{\"@id\":\"https:\/\/turijnmagazijn.jumpstone-dev.nl\/#\/schema\/logo\/image\/\"},\"sameAs\":[\"https:\/\/www.facebook.com\/turijnmagazijn\"]}]}<\/script>\n<!-- \/ Yoast SEO plugin. -->","yoast_head_json":{"title":"Goodridge am\u00e9liorer les lignes de frein Lancia Delta Integrale set 4 pcs - Turijnmagazijn","robots":{"index":"index","follow":"follow","max-snippet":"max-snippet:-1","max-image-preview":"max-image-preview:large","max-video-preview":"max-video-preview:-1"},"canonical":"https:\/\/turijnmagazijn.nl\/fr\/produit\/goodridge-upgrade-brake-lines-lancia-delta-integral-set-4-st\/","og_locale":"fr_FR","og_type":"article","og_title":"Goodridge am\u00e9liorer les lignes de frein Lancia Delta Integrale set 4 pcs - Turijnmagazijn","og_description":"82430361 - 82422139 ligne de frein am\u00e9lior\u00e9e Goodridge pour Lancia Delta Integrale. Se compose de 4 flexibles flexibles de frein pour le montage entre la conduite de frein en acier sur la carrosserie et l\u2019\u00e9trier sur l\u2019essieu.","og_url":"https:\/\/turijnmagazijn.nl\/fr\/produit\/goodridge-upgrade-brake-lines-lancia-delta-integral-set-4-st\/","og_site_name":"Turijnmagazijn","article_publisher":"https:\/\/www.facebook.com\/turijnmagazijn","article_modified_time":"2023-07-27T11:12:51+00:00","og_image":[{"width":1024,"height":768,"url":"https:\/\/turijnmagazijn.nl\/wp-content\/uploads\/2023\/03\/DS0108950-Goodridge-upgrade-remleidingen-Lancia-Delta-Integrale-set-4-st-82422139-82430361-2.jpg","type":"image\/jpeg"}],"twitter_card":"summary_large_image","schema":{"@context":"https:\/\/schema.org","@graph":[{"@type":"WebPage","@id":"https:\/\/turijnmagazijn.nl\/fr\/produit\/goodridge-upgrade-brake-lines-lancia-delta-integral-set-4-st\/","url":"https:\/\/turijnmagazijn.nl\/fr\/produit\/goodridge-upgrade-brake-lines-lancia-delta-integral-set-4-st\/","name":"Goodridge am\u00e9liorer les lignes de frein Lancia Delta Integrale set 4 pcs - Turijnmagazijn","isPartOf":{"@id":"https:\/\/turijnmagazijn.jumpstone-dev.nl\/#website"},"primaryImageOfPage":{"@id":"https:\/\/turijnmagazijn.nl\/fr\/produit\/goodridge-upgrade-brake-lines-lancia-delta-integral-set-4-st\/#primaryimage"},"image":{"@id":"https:\/\/turijnmagazijn.nl\/fr\/produit\/goodridge-upgrade-brake-lines-lancia-delta-integral-set-4-st\/#primaryimage"},"thumbnailUrl":"https:\/\/turijnmagazijn.nl\/wp-content\/uploads\/2023\/03\/DS0108950-Goodridge-upgrade-remleidingen-Lancia-Delta-Integrale-set-4-st-82422139-82430361-2.jpg","datePublished":"2023-03-03T09:25:01+00:00","dateModified":"2023-07-27T11:12:51+00:00","breadcrumb":{"@id":"https:\/\/turijnmagazijn.nl\/fr\/produit\/goodridge-upgrade-brake-lines-lancia-delta-integral-set-4-st\/#breadcrumb"},"inLanguage":"fr-FR","potentialAction":[{"@type":"ReadAction","target":["https:\/\/turijnmagazijn.nl\/fr\/produit\/goodridge-upgrade-brake-lines-lancia-delta-integral-set-4-st\/"]}]},{"@type":"ImageObject","inLanguage":"fr-FR","@id":"https:\/\/turijnmagazijn.nl\/fr\/produit\/goodridge-upgrade-brake-lines-lancia-delta-integral-set-4-st\/#primaryimage","url":"https:\/\/turijnmagazijn.nl\/wp-content\/uploads\/2023\/03\/DS0108950-Goodridge-upgrade-remleidingen-Lancia-Delta-Integrale-set-4-st-82422139-82430361-2.jpg","contentUrl":"https:\/\/turijnmagazijn.nl\/wp-content\/uploads\/2023\/03\/DS0108950-Goodridge-upgrade-remleidingen-Lancia-Delta-Integrale-set-4-st-82422139-82430361-2.jpg","width":1024,"height":768},{"@type":"BreadcrumbList","@id":"https:\/\/turijnmagazijn.nl\/fr\/produit\/goodridge-upgrade-brake-lines-lancia-delta-integral-set-4-st\/#breadcrumb","itemListElement":[{"@type":"ListItem","position":1,"name":"Home","item":"https:\/\/turijnmagazijn.nl\/fr\/"},{"@type":"ListItem","position":2,"name":"Produits","item":"https:\/\/turijnmagazijn.nl\/fr\/shop\/"},{"@type":"ListItem","position":3,"name":"Goodridge am\u00e9liorer les lignes de frein Lancia Delta Integrale set 4 pcs"}]},{"@type":"WebSite","@id":"https:\/\/turijnmagazijn.jumpstone-dev.nl\/#website","url":"https:\/\/turijnmagazijn.jumpstone-dev.nl\/","name":"Turijnmagazijn","description":"Onderdelen nieuw en gebruikt - Fiat &amp; Lancia","publisher":{"@id":"https:\/\/turijnmagazijn.jumpstone-dev.nl\/#organization"},"potentialAction":[{"@type":"SearchAction","target":{"@type":"EntryPoint","urlTemplate":"https:\/\/turijnmagazijn.jumpstone-dev.nl\/?s={search_term_string}"},"query-input":{"@type":"PropertyValueSpecification","valueRequired":true,"valueName":"search_term_string"}}],"inLanguage":"fr-FR"},{"@type":"Organization","@id":"https:\/\/turijnmagazijn.jumpstone-dev.nl\/#organization","name":"Turijnmagazijn","url":"https:\/\/turijnmagazijn.jumpstone-dev.nl\/","logo":{"@type":"ImageObject","inLanguage":"fr-FR","@id":"https:\/\/turijnmagazijn.jumpstone-dev.nl\/#\/schema\/logo\/image\/","url":"https:\/\/turijnmagazijn.nl\/wp-content\/uploads\/2021\/02\/turijnmagazijnlogo.png","contentUrl":"https:\/\/turijnmagazijn.nl\/wp-content\/uploads\/2021\/02\/turijnmagazijnlogo.png","width":555,"height":270,"caption":"Turijnmagazijn"},"image":{"@id":"https:\/\/turijnmagazijn.jumpstone-dev.nl\/#\/schema\/logo\/image\/"},"sameAs":["https:\/\/www.facebook.com\/turijnmagazijn"]}]}},"_links":{"self":[{"href":"https:\/\/turijnmagazijn.nl\/fr\/wp-json\/wp\/v2\/product\/67504","targetHints":{"allow":["GET"]}}],"collection":[{"href":"https:\/\/turijnmagazijn.nl\/fr\/wp-json\/wp\/v2\/product"}],"about":[{"href":"https:\/\/turijnmagazijn.nl\/fr\/wp-json\/wp\/v2\/types\/product"}],"replies":[{"embeddable":true,"href":"https:\/\/turijnmagazijn.nl\/fr\/wp-json\/wp\/v2\/comments?post=67504"}],"wp:featuredmedia":[{"embeddable":true,"href":"https:\/\/turijnmagazijn.nl\/fr\/wp-json\/wp\/v2\/media\/57647"}],"wp:attachment":[{"href":"https:\/\/turijnmagazijn.nl\/fr\/wp-json\/wp\/v2\/media?parent=67504"}],"wp:term":[{"taxonomy":"product_brand","embeddable":true,"href":"https:\/\/turijnmagazijn.nl\/fr\/wp-json\/wp\/v2\/product_brand?post=67504"},{"taxonomy":"product_cat","embeddable":true,"href":"https:\/\/turijnmagazijn.nl\/fr\/wp-json\/wp\/v2\/product_cat?post=67504"},{"taxonomy":"product_tag","embeddable":true,"href":"https:\/\/turijnmagazijn.nl\/fr\/wp-json\/wp\/v2\/product_tag?post=67504"}],"curies":[{"name":"wp","href":"https:\/\/api.w.org\/{rel}","templated":true}]}}