{"id":67575,"date":"2023-03-03T10:28:40","date_gmt":"2023-03-03T09:28:40","guid":{"rendered":"https:\/\/turijnmagazijn.nl\/product\/fenetre-gauche-porte-arriere-lancia-kappa-berlina-et-sw\/"},"modified":"2023-07-27T13:14:29","modified_gmt":"2023-07-27T11:14:29","slug":"fenetre-gauche-arriere-portier-lancia-kappa-berlina-fr-sw","status":"publish","type":"product","link":"https:\/\/turijnmagazijn.nl\/fr\/produit\/fenetre-gauche-arriere-portier-lancia-kappa-berlina-fr-sw\/","title":{"rendered":"Fen\u00eatre gauche porte arri\u00e8re Lancia Kappa Berlina et SW"},"content":{"rendered":"<p>Vitre teint\u00e9e bleue utilis\u00e9e pour montage dans la porte arri\u00e8re de Lancia Kappa.<\/p>\n<p>convient \u00e0 la fois pour le SW et la Berlina.<\/p>\n<p>Verre usag\u00e9 en bon \u00e9tat. Complet avec num\u00e9ro de caoutchouc: 46403920<\/p>\n<p>Inscriptions sur l\u2019unit\u00e9:<\/p>\n<p>Lancia<\/p>\n<p>fabriqu\u00e9 par PPG<\/p>\n<p>verre de s\u00e9curit\u00e9 tremp\u00e9 solide<\/p>\n<p>SOLEXTRA<\/p>\n<p>OEM Lancia 82484055<\/p>\n","protected":false},"excerpt":{"rendered":"<p>82484055 Vitre teint\u00e9e bleue utilis\u00e9e pour montage dans la porte arri\u00e8re de la Lancia Kappa.<\/p>\n","protected":false},"featured_media":58035,"comment_status":"closed","ping_status":"closed","template":"","meta":{"_acf_changed":false},"product_brand":[],"product_cat":[1862,1860,1798,1870],"product_tag":[],"class_list":{"0":"post-67575","1":"product","2":"type-product","3":"status-publish","4":"has-post-thumbnail","6":"product_cat-berlina-fr","7":"product_cat-kappa-838-fr","8":"product_cat-lancia-fr","9":"product_cat-sw-fr","10":"pa_soort-onderdeel-fenetres-et-accessoires","12":"first","13":"instock","14":"shipping-taxable","15":"purchasable","16":"product-type-simple"},"acf":[],"yoast_head":"<!-- This site is optimized with the Yoast SEO plugin v27.2 - https:\/\/yoast.com\/product\/yoast-seo-wordpress\/ -->\n<title>Fen\u00eatre gauche porte arri\u00e8re Lancia Kappa Berlina et SW - Turijnmagazijn<\/title>\n<meta name=\"robots\" content=\"index, follow, max-snippet:-1, max-image-preview:large, max-video-preview:-1\" \/>\n<link rel=\"canonical\" href=\"https:\/\/turijnmagazijn.nl\/fr\/produit\/fenetre-gauche-arriere-portier-lancia-kappa-berlina-fr-sw\/\" \/>\n<meta property=\"og:locale\" content=\"fr_FR\" \/>\n<meta property=\"og:type\" content=\"article\" \/>\n<meta property=\"og:title\" content=\"Fen\u00eatre gauche porte arri\u00e8re Lancia Kappa Berlina et SW - Turijnmagazijn\" \/>\n<meta property=\"og:description\" content=\"82484055 Vitre teint\u00e9e bleue utilis\u00e9e pour montage dans la porte arri\u00e8re de la Lancia Kappa.\" \/>\n<meta property=\"og:url\" content=\"https:\/\/turijnmagazijn.nl\/fr\/produit\/fenetre-gauche-arriere-portier-lancia-kappa-berlina-fr-sw\/\" \/>\n<meta property=\"og:site_name\" content=\"Turijnmagazijn\" \/>\n<meta property=\"article:publisher\" content=\"https:\/\/www.facebook.com\/turijnmagazijn\" \/>\n<meta property=\"article:modified_time\" content=\"2023-07-27T11:14:29+00:00\" \/>\n<meta property=\"og:image\" content=\"https:\/\/turijnmagazijn.nl\/wp-content\/uploads\/2023\/03\/DK0102547-Ruit-links-achter-portier-Lancia-Kappa-Berlina-en-SW-onbekend-2.jpg\" \/>\n\t<meta property=\"og:image:width\" content=\"1024\" \/>\n\t<meta property=\"og:image:height\" content=\"768\" \/>\n\t<meta property=\"og:image:type\" content=\"image\/jpeg\" \/>\n<meta name=\"twitter:card\" content=\"summary_large_image\" \/>\n<script type=\"application\/ld+json\" class=\"yoast-schema-graph\">{\"@context\":\"https:\/\/schema.org\",\"@graph\":[{\"@type\":\"WebPage\",\"@id\":\"https:\/\/turijnmagazijn.nl\/fr\/produit\/fenetre-gauche-arriere-portier-lancia-kappa-berlina-fr-sw\/\",\"url\":\"https:\/\/turijnmagazijn.nl\/fr\/produit\/fenetre-gauche-arriere-portier-lancia-kappa-berlina-fr-sw\/\",\"name\":\"Fen\u00eatre gauche porte arri\u00e8re Lancia Kappa Berlina et SW - Turijnmagazijn\",\"isPartOf\":{\"@id\":\"https:\/\/turijnmagazijn.jumpstone-dev.nl\/#website\"},\"primaryImageOfPage\":{\"@id\":\"https:\/\/turijnmagazijn.nl\/fr\/produit\/fenetre-gauche-arriere-portier-lancia-kappa-berlina-fr-sw\/#primaryimage\"},\"image\":{\"@id\":\"https:\/\/turijnmagazijn.nl\/fr\/produit\/fenetre-gauche-arriere-portier-lancia-kappa-berlina-fr-sw\/#primaryimage\"},\"thumbnailUrl\":\"https:\/\/turijnmagazijn.nl\/wp-content\/uploads\/2023\/03\/DK0102547-Ruit-links-achter-portier-Lancia-Kappa-Berlina-en-SW-onbekend-2.jpg\",\"datePublished\":\"2023-03-03T09:28:40+00:00\",\"dateModified\":\"2023-07-27T11:14:29+00:00\",\"breadcrumb\":{\"@id\":\"https:\/\/turijnmagazijn.nl\/fr\/produit\/fenetre-gauche-arriere-portier-lancia-kappa-berlina-fr-sw\/#breadcrumb\"},\"inLanguage\":\"fr-FR\",\"potentialAction\":[{\"@type\":\"ReadAction\",\"target\":[\"https:\/\/turijnmagazijn.nl\/fr\/produit\/fenetre-gauche-arriere-portier-lancia-kappa-berlina-fr-sw\/\"]}]},{\"@type\":\"ImageObject\",\"inLanguage\":\"fr-FR\",\"@id\":\"https:\/\/turijnmagazijn.nl\/fr\/produit\/fenetre-gauche-arriere-portier-lancia-kappa-berlina-fr-sw\/#primaryimage\",\"url\":\"https:\/\/turijnmagazijn.nl\/wp-content\/uploads\/2023\/03\/DK0102547-Ruit-links-achter-portier-Lancia-Kappa-Berlina-en-SW-onbekend-2.jpg\",\"contentUrl\":\"https:\/\/turijnmagazijn.nl\/wp-content\/uploads\/2023\/03\/DK0102547-Ruit-links-achter-portier-Lancia-Kappa-Berlina-en-SW-onbekend-2.jpg\",\"width\":1024,\"height\":768},{\"@type\":\"BreadcrumbList\",\"@id\":\"https:\/\/turijnmagazijn.nl\/fr\/produit\/fenetre-gauche-arriere-portier-lancia-kappa-berlina-fr-sw\/#breadcrumb\",\"itemListElement\":[{\"@type\":\"ListItem\",\"position\":1,\"name\":\"Home\",\"item\":\"https:\/\/turijnmagazijn.jumpstone-dev.nl\/\"},{\"@type\":\"ListItem\",\"position\":2,\"name\":\"Produits\",\"item\":\"https:\/\/turijnmagazijn.nl\/fr\/shop\/\"},{\"@type\":\"ListItem\",\"position\":3,\"name\":\"Fen\u00eatre gauche porte arri\u00e8re Lancia Kappa Berlina et SW\"}]},{\"@type\":\"WebSite\",\"@id\":\"https:\/\/turijnmagazijn.jumpstone-dev.nl\/#website\",\"url\":\"https:\/\/turijnmagazijn.jumpstone-dev.nl\/\",\"name\":\"Turijnmagazijn\",\"description\":\"Onderdelen nieuw en gebruikt - Fiat &amp; Lancia\",\"publisher\":{\"@id\":\"https:\/\/turijnmagazijn.jumpstone-dev.nl\/#organization\"},\"potentialAction\":[{\"@type\":\"SearchAction\",\"target\":{\"@type\":\"EntryPoint\",\"urlTemplate\":\"https:\/\/turijnmagazijn.jumpstone-dev.nl\/?s={search_term_string}\"},\"query-input\":{\"@type\":\"PropertyValueSpecification\",\"valueRequired\":true,\"valueName\":\"search_term_string\"}}],\"inLanguage\":\"fr-FR\"},{\"@type\":\"Organization\",\"@id\":\"https:\/\/turijnmagazijn.jumpstone-dev.nl\/#organization\",\"name\":\"Turijnmagazijn\",\"url\":\"https:\/\/turijnmagazijn.jumpstone-dev.nl\/\",\"logo\":{\"@type\":\"ImageObject\",\"inLanguage\":\"fr-FR\",\"@id\":\"https:\/\/turijnmagazijn.jumpstone-dev.nl\/#\/schema\/logo\/image\/\",\"url\":\"https:\/\/turijnmagazijn.nl\/wp-content\/uploads\/2021\/02\/turijnmagazijnlogo.png\",\"contentUrl\":\"https:\/\/turijnmagazijn.nl\/wp-content\/uploads\/2021\/02\/turijnmagazijnlogo.png\",\"width\":555,\"height\":270,\"caption\":\"Turijnmagazijn\"},\"image\":{\"@id\":\"https:\/\/turijnmagazijn.jumpstone-dev.nl\/#\/schema\/logo\/image\/\"},\"sameAs\":[\"https:\/\/www.facebook.com\/turijnmagazijn\"]}]}<\/script>\n<!-- \/ Yoast SEO plugin. -->","yoast_head_json":{"title":"Fen\u00eatre gauche porte arri\u00e8re Lancia Kappa Berlina et SW - Turijnmagazijn","robots":{"index":"index","follow":"follow","max-snippet":"max-snippet:-1","max-image-preview":"max-image-preview:large","max-video-preview":"max-video-preview:-1"},"canonical":"https:\/\/turijnmagazijn.nl\/fr\/produit\/fenetre-gauche-arriere-portier-lancia-kappa-berlina-fr-sw\/","og_locale":"fr_FR","og_type":"article","og_title":"Fen\u00eatre gauche porte arri\u00e8re Lancia Kappa Berlina et SW - Turijnmagazijn","og_description":"82484055 Vitre teint\u00e9e bleue utilis\u00e9e pour montage dans la porte arri\u00e8re de la Lancia Kappa.","og_url":"https:\/\/turijnmagazijn.nl\/fr\/produit\/fenetre-gauche-arriere-portier-lancia-kappa-berlina-fr-sw\/","og_site_name":"Turijnmagazijn","article_publisher":"https:\/\/www.facebook.com\/turijnmagazijn","article_modified_time":"2023-07-27T11:14:29+00:00","og_image":[{"width":1024,"height":768,"url":"https:\/\/turijnmagazijn.nl\/wp-content\/uploads\/2023\/03\/DK0102547-Ruit-links-achter-portier-Lancia-Kappa-Berlina-en-SW-onbekend-2.jpg","type":"image\/jpeg"}],"twitter_card":"summary_large_image","schema":{"@context":"https:\/\/schema.org","@graph":[{"@type":"WebPage","@id":"https:\/\/turijnmagazijn.nl\/fr\/produit\/fenetre-gauche-arriere-portier-lancia-kappa-berlina-fr-sw\/","url":"https:\/\/turijnmagazijn.nl\/fr\/produit\/fenetre-gauche-arriere-portier-lancia-kappa-berlina-fr-sw\/","name":"Fen\u00eatre gauche porte arri\u00e8re Lancia Kappa Berlina et SW - Turijnmagazijn","isPartOf":{"@id":"https:\/\/turijnmagazijn.jumpstone-dev.nl\/#website"},"primaryImageOfPage":{"@id":"https:\/\/turijnmagazijn.nl\/fr\/produit\/fenetre-gauche-arriere-portier-lancia-kappa-berlina-fr-sw\/#primaryimage"},"image":{"@id":"https:\/\/turijnmagazijn.nl\/fr\/produit\/fenetre-gauche-arriere-portier-lancia-kappa-berlina-fr-sw\/#primaryimage"},"thumbnailUrl":"https:\/\/turijnmagazijn.nl\/wp-content\/uploads\/2023\/03\/DK0102547-Ruit-links-achter-portier-Lancia-Kappa-Berlina-en-SW-onbekend-2.jpg","datePublished":"2023-03-03T09:28:40+00:00","dateModified":"2023-07-27T11:14:29+00:00","breadcrumb":{"@id":"https:\/\/turijnmagazijn.nl\/fr\/produit\/fenetre-gauche-arriere-portier-lancia-kappa-berlina-fr-sw\/#breadcrumb"},"inLanguage":"fr-FR","potentialAction":[{"@type":"ReadAction","target":["https:\/\/turijnmagazijn.nl\/fr\/produit\/fenetre-gauche-arriere-portier-lancia-kappa-berlina-fr-sw\/"]}]},{"@type":"ImageObject","inLanguage":"fr-FR","@id":"https:\/\/turijnmagazijn.nl\/fr\/produit\/fenetre-gauche-arriere-portier-lancia-kappa-berlina-fr-sw\/#primaryimage","url":"https:\/\/turijnmagazijn.nl\/wp-content\/uploads\/2023\/03\/DK0102547-Ruit-links-achter-portier-Lancia-Kappa-Berlina-en-SW-onbekend-2.jpg","contentUrl":"https:\/\/turijnmagazijn.nl\/wp-content\/uploads\/2023\/03\/DK0102547-Ruit-links-achter-portier-Lancia-Kappa-Berlina-en-SW-onbekend-2.jpg","width":1024,"height":768},{"@type":"BreadcrumbList","@id":"https:\/\/turijnmagazijn.nl\/fr\/produit\/fenetre-gauche-arriere-portier-lancia-kappa-berlina-fr-sw\/#breadcrumb","itemListElement":[{"@type":"ListItem","position":1,"name":"Home","item":"https:\/\/turijnmagazijn.jumpstone-dev.nl\/"},{"@type":"ListItem","position":2,"name":"Produits","item":"https:\/\/turijnmagazijn.nl\/fr\/shop\/"},{"@type":"ListItem","position":3,"name":"Fen\u00eatre gauche porte arri\u00e8re Lancia Kappa Berlina et SW"}]},{"@type":"WebSite","@id":"https:\/\/turijnmagazijn.jumpstone-dev.nl\/#website","url":"https:\/\/turijnmagazijn.jumpstone-dev.nl\/","name":"Turijnmagazijn","description":"Onderdelen nieuw en gebruikt - Fiat &amp; Lancia","publisher":{"@id":"https:\/\/turijnmagazijn.jumpstone-dev.nl\/#organization"},"potentialAction":[{"@type":"SearchAction","target":{"@type":"EntryPoint","urlTemplate":"https:\/\/turijnmagazijn.jumpstone-dev.nl\/?s={search_term_string}"},"query-input":{"@type":"PropertyValueSpecification","valueRequired":true,"valueName":"search_term_string"}}],"inLanguage":"fr-FR"},{"@type":"Organization","@id":"https:\/\/turijnmagazijn.jumpstone-dev.nl\/#organization","name":"Turijnmagazijn","url":"https:\/\/turijnmagazijn.jumpstone-dev.nl\/","logo":{"@type":"ImageObject","inLanguage":"fr-FR","@id":"https:\/\/turijnmagazijn.jumpstone-dev.nl\/#\/schema\/logo\/image\/","url":"https:\/\/turijnmagazijn.nl\/wp-content\/uploads\/2021\/02\/turijnmagazijnlogo.png","contentUrl":"https:\/\/turijnmagazijn.nl\/wp-content\/uploads\/2021\/02\/turijnmagazijnlogo.png","width":555,"height":270,"caption":"Turijnmagazijn"},"image":{"@id":"https:\/\/turijnmagazijn.jumpstone-dev.nl\/#\/schema\/logo\/image\/"},"sameAs":["https:\/\/www.facebook.com\/turijnmagazijn"]}]}},"_links":{"self":[{"href":"https:\/\/turijnmagazijn.nl\/fr\/wp-json\/wp\/v2\/product\/67575","targetHints":{"allow":["GET"]}}],"collection":[{"href":"https:\/\/turijnmagazijn.nl\/fr\/wp-json\/wp\/v2\/product"}],"about":[{"href":"https:\/\/turijnmagazijn.nl\/fr\/wp-json\/wp\/v2\/types\/product"}],"replies":[{"embeddable":true,"href":"https:\/\/turijnmagazijn.nl\/fr\/wp-json\/wp\/v2\/comments?post=67575"}],"wp:featuredmedia":[{"embeddable":true,"href":"https:\/\/turijnmagazijn.nl\/fr\/wp-json\/wp\/v2\/media\/58035"}],"wp:attachment":[{"href":"https:\/\/turijnmagazijn.nl\/fr\/wp-json\/wp\/v2\/media?parent=67575"}],"wp:term":[{"taxonomy":"product_brand","embeddable":true,"href":"https:\/\/turijnmagazijn.nl\/fr\/wp-json\/wp\/v2\/product_brand?post=67575"},{"taxonomy":"product_cat","embeddable":true,"href":"https:\/\/turijnmagazijn.nl\/fr\/wp-json\/wp\/v2\/product_cat?post=67575"},{"taxonomy":"product_tag","embeddable":true,"href":"https:\/\/turijnmagazijn.nl\/fr\/wp-json\/wp\/v2\/product_tag?post=67575"}],"curies":[{"name":"wp","href":"https:\/\/api.w.org\/{rel}","templated":true}]}}