{"id":67636,"date":"2023-03-03T10:29:51","date_gmt":"2023-03-03T09:29:51","guid":{"rendered":"https:\/\/turijnmagazijn.nl\/product\/logo-fiat-pour-cle-punto-evo-tipo-2-500x-aluminium-3d\/"},"modified":"2025-06-21T21:39:16","modified_gmt":"2025-06-21T19:39:16","slug":"fiat-logo-pour-cle-punto-evo-tipo-2-500x-aluminium-3d","status":"publish","type":"product","link":"https:\/\/turijnmagazijn.nl\/fr\/produit\/fiat-logo-pour-cle-punto-evo-tipo-2-500x-aluminium-3d\/","title":{"rendered":"Logo Fiat pour cl\u00e9 Punto EVO + Tipo 2 + 500X ALUMINIUM 3D"},"content":{"rendered":"<p>Logo de la cl\u00e9. Le logo reprend le dessin des nouveaux logos Fiat en rouge pour le dernier type de cl\u00e9 utilis\u00e9 sur la Punto Evo et la Tipo 2.  Ce type de cl\u00e9s est utilis\u00e9 depuis environ 2010.<\/p>\n<p><strong><span style=\"color: #0000ff;\">Ce logo se rapproche le mieux de l\u2019original! pour une finition de haute qualit\u00e9. Les lettres FIAT sont individuellement sur\u00e9lev\u00e9es de l\u2019arri\u00e8re-plan et la couleur rouge est belle et sombre. C\u2019est l\u2019option de luxe pour remplacer votre logo.  <\/span><\/strong><\/p>\n<p>Convient \u00e9galement pour Fiat 500X cl\u00e9 noire. Voir l\u2019exemple de photo. Le logo original sur cette cl\u00e9 a un design un peu plus \u00e9l\u00e9gant, mais les dimensions sont exactement les m\u00eames, elles sont donc interchangeables.<\/p>\n<p>&nbsp;<\/p>\n<p>Pas une pi\u00e8ce originale, mais une r\u00e9plique de haute qualit\u00e9 en aluminium. Beau produit, indiscernable de l\u2019original.<\/p>\n<p>&nbsp;<\/p>\n<p><strong>Vendez \u00e0 la pi\u00e8ce!<\/strong><\/p>\n<p>&nbsp;<\/p>\n","protected":false},"excerpt":{"rendered":"<p>Logo Fiat pour la cl\u00e9 Punto EVO et Tipo 2 &#8211; nouveau logo Fiat en rouge pour le dernier type de cl\u00e9 utilis\u00e9 sur la Punto Evo et la Tipo 2 Logo Fiat pour la cl\u00e9 Punto EVO + Tipo 2 + 500X &#8211; nouveau logo Fiat en rouge.<\/p>\n","protected":false},"featured_media":58263,"comment_status":"closed","ping_status":"closed","template":"","meta":{"_acf_changed":false},"product_brand":[],"product_cat":[1700,1690,1752],"product_tag":[],"class_list":{"0":"post-67636","1":"product","2":"type-product","3":"status-publish","4":"has-post-thumbnail","6":"product_cat-500x-334-fr","7":"product_cat-fiat-fr","8":"product_cat-punto-2-188-fr","9":"pa_soort-onderdeel-porte-cles-et-autocollants","11":"first","12":"instock","13":"taxable","14":"shipping-taxable","15":"purchasable","16":"product-type-simple"},"acf":[],"yoast_head":"<!-- This site is optimized with the Yoast SEO plugin v27.3 - https:\/\/yoast.com\/product\/yoast-seo-wordpress\/ -->\n<title>Logo Fiat pour cl\u00e9 Punto EVO + Tipo 2 + 500X ALUMINIUM 3D - Turijnmagazijn<\/title>\n<meta name=\"robots\" content=\"index, follow, max-snippet:-1, max-image-preview:large, max-video-preview:-1\" \/>\n<link rel=\"canonical\" href=\"https:\/\/turijnmagazijn.nl\/fr\/produit\/fiat-logo-pour-cle-punto-evo-tipo-2-500x-aluminium-3d\/\" \/>\n<meta property=\"og:locale\" content=\"fr_FR\" \/>\n<meta property=\"og:type\" content=\"article\" \/>\n<meta property=\"og:title\" content=\"Logo Fiat pour cl\u00e9 Punto EVO + Tipo 2 + 500X ALUMINIUM 3D - Turijnmagazijn\" \/>\n<meta property=\"og:description\" content=\"Logo Fiat pour la cl\u00e9 Punto EVO et Tipo 2 - nouveau logo Fiat en rouge pour le dernier type de cl\u00e9 utilis\u00e9 sur la Punto Evo et la Tipo 2 Logo Fiat pour la cl\u00e9 Punto EVO + Tipo 2 + 500X - nouveau logo Fiat en rouge.\" \/>\n<meta property=\"og:url\" content=\"https:\/\/turijnmagazijn.nl\/fr\/produit\/fiat-logo-pour-cle-punto-evo-tipo-2-500x-aluminium-3d\/\" \/>\n<meta property=\"og:site_name\" content=\"Turijnmagazijn\" \/>\n<meta property=\"article:publisher\" content=\"https:\/\/www.facebook.com\/turijnmagazijn\" \/>\n<meta property=\"article:modified_time\" content=\"2025-06-21T19:39:16+00:00\" \/>\n<meta property=\"og:image\" content=\"https:\/\/turijnmagazijn.nl\/wp-content\/uploads\/2023\/03\/DN0100299-Fiat-logo-ROOD-sleutel-Fiat-Stilo-Punto-II-500-Grande-Punto-immitatie-ALUMINIUM-3D-4.jpg\" \/>\n\t<meta property=\"og:image:width\" content=\"1024\" \/>\n\t<meta property=\"og:image:height\" content=\"768\" \/>\n\t<meta property=\"og:image:type\" content=\"image\/jpeg\" \/>\n<meta name=\"twitter:card\" content=\"summary_large_image\" \/>\n<meta name=\"twitter:label1\" content=\"Dur\u00e9e de lecture estim\u00e9e\" \/>\n\t<meta name=\"twitter:data1\" content=\"1 minute\" \/>\n<script type=\"application\/ld+json\" class=\"yoast-schema-graph\">{\"@context\":\"https:\\\/\\\/schema.org\",\"@graph\":[{\"@type\":\"WebPage\",\"@id\":\"https:\\\/\\\/turijnmagazijn.nl\\\/fr\\\/produit\\\/fiat-logo-pour-cle-punto-evo-tipo-2-500x-aluminium-3d\\\/\",\"url\":\"https:\\\/\\\/turijnmagazijn.nl\\\/fr\\\/produit\\\/fiat-logo-pour-cle-punto-evo-tipo-2-500x-aluminium-3d\\\/\",\"name\":\"Logo Fiat pour cl\u00e9 Punto EVO + Tipo 2 + 500X ALUMINIUM 3D - Turijnmagazijn\",\"isPartOf\":{\"@id\":\"https:\\\/\\\/turijnmagazijn.jumpstone-dev.nl\\\/#website\"},\"primaryImageOfPage\":{\"@id\":\"https:\\\/\\\/turijnmagazijn.nl\\\/fr\\\/produit\\\/fiat-logo-pour-cle-punto-evo-tipo-2-500x-aluminium-3d\\\/#primaryimage\"},\"image\":{\"@id\":\"https:\\\/\\\/turijnmagazijn.nl\\\/fr\\\/produit\\\/fiat-logo-pour-cle-punto-evo-tipo-2-500x-aluminium-3d\\\/#primaryimage\"},\"thumbnailUrl\":\"https:\\\/\\\/turijnmagazijn.nl\\\/wp-content\\\/uploads\\\/2023\\\/03\\\/DN0100299-Fiat-logo-ROOD-sleutel-Fiat-Stilo-Punto-II-500-Grande-Punto-immitatie-ALUMINIUM-3D-4.jpg\",\"datePublished\":\"2023-03-03T09:29:51+00:00\",\"dateModified\":\"2025-06-21T19:39:16+00:00\",\"breadcrumb\":{\"@id\":\"https:\\\/\\\/turijnmagazijn.nl\\\/fr\\\/produit\\\/fiat-logo-pour-cle-punto-evo-tipo-2-500x-aluminium-3d\\\/#breadcrumb\"},\"inLanguage\":\"fr-FR\",\"potentialAction\":[{\"@type\":\"ReadAction\",\"target\":[\"https:\\\/\\\/turijnmagazijn.nl\\\/fr\\\/produit\\\/fiat-logo-pour-cle-punto-evo-tipo-2-500x-aluminium-3d\\\/\"]}]},{\"@type\":\"ImageObject\",\"inLanguage\":\"fr-FR\",\"@id\":\"https:\\\/\\\/turijnmagazijn.nl\\\/fr\\\/produit\\\/fiat-logo-pour-cle-punto-evo-tipo-2-500x-aluminium-3d\\\/#primaryimage\",\"url\":\"https:\\\/\\\/turijnmagazijn.nl\\\/wp-content\\\/uploads\\\/2023\\\/03\\\/DN0100299-Fiat-logo-ROOD-sleutel-Fiat-Stilo-Punto-II-500-Grande-Punto-immitatie-ALUMINIUM-3D-4.jpg\",\"contentUrl\":\"https:\\\/\\\/turijnmagazijn.nl\\\/wp-content\\\/uploads\\\/2023\\\/03\\\/DN0100299-Fiat-logo-ROOD-sleutel-Fiat-Stilo-Punto-II-500-Grande-Punto-immitatie-ALUMINIUM-3D-4.jpg\",\"width\":1024,\"height\":768},{\"@type\":\"BreadcrumbList\",\"@id\":\"https:\\\/\\\/turijnmagazijn.nl\\\/fr\\\/produit\\\/fiat-logo-pour-cle-punto-evo-tipo-2-500x-aluminium-3d\\\/#breadcrumb\",\"itemListElement\":[{\"@type\":\"ListItem\",\"position\":1,\"name\":\"Home\",\"item\":\"https:\\\/\\\/turijnmagazijn.nl\\\/fr\\\/\"},{\"@type\":\"ListItem\",\"position\":2,\"name\":\"Produits\",\"item\":\"https:\\\/\\\/turijnmagazijn.nl\\\/fr\\\/shop\\\/\"},{\"@type\":\"ListItem\",\"position\":3,\"name\":\"Logo Fiat pour cl\u00e9 Punto EVO + Tipo 2 + 500X ALUMINIUM 3D\"}]},{\"@type\":\"WebSite\",\"@id\":\"https:\\\/\\\/turijnmagazijn.jumpstone-dev.nl\\\/#website\",\"url\":\"https:\\\/\\\/turijnmagazijn.jumpstone-dev.nl\\\/\",\"name\":\"Turijnmagazijn\",\"description\":\"Onderdelen nieuw en gebruikt - Fiat &amp; Lancia\",\"publisher\":{\"@id\":\"https:\\\/\\\/turijnmagazijn.jumpstone-dev.nl\\\/#organization\"},\"potentialAction\":[{\"@type\":\"SearchAction\",\"target\":{\"@type\":\"EntryPoint\",\"urlTemplate\":\"https:\\\/\\\/turijnmagazijn.jumpstone-dev.nl\\\/?s={search_term_string}\"},\"query-input\":{\"@type\":\"PropertyValueSpecification\",\"valueRequired\":true,\"valueName\":\"search_term_string\"}}],\"inLanguage\":\"fr-FR\"},{\"@type\":\"Organization\",\"@id\":\"https:\\\/\\\/turijnmagazijn.jumpstone-dev.nl\\\/#organization\",\"name\":\"Turijnmagazijn\",\"url\":\"https:\\\/\\\/turijnmagazijn.jumpstone-dev.nl\\\/\",\"logo\":{\"@type\":\"ImageObject\",\"inLanguage\":\"fr-FR\",\"@id\":\"https:\\\/\\\/turijnmagazijn.jumpstone-dev.nl\\\/#\\\/schema\\\/logo\\\/image\\\/\",\"url\":\"https:\\\/\\\/turijnmagazijn.nl\\\/wp-content\\\/uploads\\\/2021\\\/02\\\/turijnmagazijnlogo.png\",\"contentUrl\":\"https:\\\/\\\/turijnmagazijn.nl\\\/wp-content\\\/uploads\\\/2021\\\/02\\\/turijnmagazijnlogo.png\",\"width\":555,\"height\":270,\"caption\":\"Turijnmagazijn\"},\"image\":{\"@id\":\"https:\\\/\\\/turijnmagazijn.jumpstone-dev.nl\\\/#\\\/schema\\\/logo\\\/image\\\/\"},\"sameAs\":[\"https:\\\/\\\/www.facebook.com\\\/turijnmagazijn\"]}]}<\/script>\n<!-- \/ Yoast SEO plugin. -->","yoast_head_json":{"title":"Logo Fiat pour cl\u00e9 Punto EVO + Tipo 2 + 500X ALUMINIUM 3D - Turijnmagazijn","robots":{"index":"index","follow":"follow","max-snippet":"max-snippet:-1","max-image-preview":"max-image-preview:large","max-video-preview":"max-video-preview:-1"},"canonical":"https:\/\/turijnmagazijn.nl\/fr\/produit\/fiat-logo-pour-cle-punto-evo-tipo-2-500x-aluminium-3d\/","og_locale":"fr_FR","og_type":"article","og_title":"Logo Fiat pour cl\u00e9 Punto EVO + Tipo 2 + 500X ALUMINIUM 3D - Turijnmagazijn","og_description":"Logo Fiat pour la cl\u00e9 Punto EVO et Tipo 2 - nouveau logo Fiat en rouge pour le dernier type de cl\u00e9 utilis\u00e9 sur la Punto Evo et la Tipo 2 Logo Fiat pour la cl\u00e9 Punto EVO + Tipo 2 + 500X - nouveau logo Fiat en rouge.","og_url":"https:\/\/turijnmagazijn.nl\/fr\/produit\/fiat-logo-pour-cle-punto-evo-tipo-2-500x-aluminium-3d\/","og_site_name":"Turijnmagazijn","article_publisher":"https:\/\/www.facebook.com\/turijnmagazijn","article_modified_time":"2025-06-21T19:39:16+00:00","og_image":[{"width":1024,"height":768,"url":"https:\/\/turijnmagazijn.nl\/wp-content\/uploads\/2023\/03\/DN0100299-Fiat-logo-ROOD-sleutel-Fiat-Stilo-Punto-II-500-Grande-Punto-immitatie-ALUMINIUM-3D-4.jpg","type":"image\/jpeg"}],"twitter_card":"summary_large_image","twitter_misc":{"Dur\u00e9e de lecture estim\u00e9e":"1 minute"},"schema":{"@context":"https:\/\/schema.org","@graph":[{"@type":"WebPage","@id":"https:\/\/turijnmagazijn.nl\/fr\/produit\/fiat-logo-pour-cle-punto-evo-tipo-2-500x-aluminium-3d\/","url":"https:\/\/turijnmagazijn.nl\/fr\/produit\/fiat-logo-pour-cle-punto-evo-tipo-2-500x-aluminium-3d\/","name":"Logo Fiat pour cl\u00e9 Punto EVO + Tipo 2 + 500X ALUMINIUM 3D - Turijnmagazijn","isPartOf":{"@id":"https:\/\/turijnmagazijn.jumpstone-dev.nl\/#website"},"primaryImageOfPage":{"@id":"https:\/\/turijnmagazijn.nl\/fr\/produit\/fiat-logo-pour-cle-punto-evo-tipo-2-500x-aluminium-3d\/#primaryimage"},"image":{"@id":"https:\/\/turijnmagazijn.nl\/fr\/produit\/fiat-logo-pour-cle-punto-evo-tipo-2-500x-aluminium-3d\/#primaryimage"},"thumbnailUrl":"https:\/\/turijnmagazijn.nl\/wp-content\/uploads\/2023\/03\/DN0100299-Fiat-logo-ROOD-sleutel-Fiat-Stilo-Punto-II-500-Grande-Punto-immitatie-ALUMINIUM-3D-4.jpg","datePublished":"2023-03-03T09:29:51+00:00","dateModified":"2025-06-21T19:39:16+00:00","breadcrumb":{"@id":"https:\/\/turijnmagazijn.nl\/fr\/produit\/fiat-logo-pour-cle-punto-evo-tipo-2-500x-aluminium-3d\/#breadcrumb"},"inLanguage":"fr-FR","potentialAction":[{"@type":"ReadAction","target":["https:\/\/turijnmagazijn.nl\/fr\/produit\/fiat-logo-pour-cle-punto-evo-tipo-2-500x-aluminium-3d\/"]}]},{"@type":"ImageObject","inLanguage":"fr-FR","@id":"https:\/\/turijnmagazijn.nl\/fr\/produit\/fiat-logo-pour-cle-punto-evo-tipo-2-500x-aluminium-3d\/#primaryimage","url":"https:\/\/turijnmagazijn.nl\/wp-content\/uploads\/2023\/03\/DN0100299-Fiat-logo-ROOD-sleutel-Fiat-Stilo-Punto-II-500-Grande-Punto-immitatie-ALUMINIUM-3D-4.jpg","contentUrl":"https:\/\/turijnmagazijn.nl\/wp-content\/uploads\/2023\/03\/DN0100299-Fiat-logo-ROOD-sleutel-Fiat-Stilo-Punto-II-500-Grande-Punto-immitatie-ALUMINIUM-3D-4.jpg","width":1024,"height":768},{"@type":"BreadcrumbList","@id":"https:\/\/turijnmagazijn.nl\/fr\/produit\/fiat-logo-pour-cle-punto-evo-tipo-2-500x-aluminium-3d\/#breadcrumb","itemListElement":[{"@type":"ListItem","position":1,"name":"Home","item":"https:\/\/turijnmagazijn.nl\/fr\/"},{"@type":"ListItem","position":2,"name":"Produits","item":"https:\/\/turijnmagazijn.nl\/fr\/shop\/"},{"@type":"ListItem","position":3,"name":"Logo Fiat pour cl\u00e9 Punto EVO + Tipo 2 + 500X ALUMINIUM 3D"}]},{"@type":"WebSite","@id":"https:\/\/turijnmagazijn.jumpstone-dev.nl\/#website","url":"https:\/\/turijnmagazijn.jumpstone-dev.nl\/","name":"Turijnmagazijn","description":"Onderdelen nieuw en gebruikt - Fiat &amp; Lancia","publisher":{"@id":"https:\/\/turijnmagazijn.jumpstone-dev.nl\/#organization"},"potentialAction":[{"@type":"SearchAction","target":{"@type":"EntryPoint","urlTemplate":"https:\/\/turijnmagazijn.jumpstone-dev.nl\/?s={search_term_string}"},"query-input":{"@type":"PropertyValueSpecification","valueRequired":true,"valueName":"search_term_string"}}],"inLanguage":"fr-FR"},{"@type":"Organization","@id":"https:\/\/turijnmagazijn.jumpstone-dev.nl\/#organization","name":"Turijnmagazijn","url":"https:\/\/turijnmagazijn.jumpstone-dev.nl\/","logo":{"@type":"ImageObject","inLanguage":"fr-FR","@id":"https:\/\/turijnmagazijn.jumpstone-dev.nl\/#\/schema\/logo\/image\/","url":"https:\/\/turijnmagazijn.nl\/wp-content\/uploads\/2021\/02\/turijnmagazijnlogo.png","contentUrl":"https:\/\/turijnmagazijn.nl\/wp-content\/uploads\/2021\/02\/turijnmagazijnlogo.png","width":555,"height":270,"caption":"Turijnmagazijn"},"image":{"@id":"https:\/\/turijnmagazijn.jumpstone-dev.nl\/#\/schema\/logo\/image\/"},"sameAs":["https:\/\/www.facebook.com\/turijnmagazijn"]}]}},"_links":{"self":[{"href":"https:\/\/turijnmagazijn.nl\/fr\/wp-json\/wp\/v2\/product\/67636","targetHints":{"allow":["GET"]}}],"collection":[{"href":"https:\/\/turijnmagazijn.nl\/fr\/wp-json\/wp\/v2\/product"}],"about":[{"href":"https:\/\/turijnmagazijn.nl\/fr\/wp-json\/wp\/v2\/types\/product"}],"replies":[{"embeddable":true,"href":"https:\/\/turijnmagazijn.nl\/fr\/wp-json\/wp\/v2\/comments?post=67636"}],"wp:featuredmedia":[{"embeddable":true,"href":"https:\/\/turijnmagazijn.nl\/fr\/wp-json\/wp\/v2\/media\/58263"}],"wp:attachment":[{"href":"https:\/\/turijnmagazijn.nl\/fr\/wp-json\/wp\/v2\/media?parent=67636"}],"wp:term":[{"taxonomy":"product_brand","embeddable":true,"href":"https:\/\/turijnmagazijn.nl\/fr\/wp-json\/wp\/v2\/product_brand?post=67636"},{"taxonomy":"product_cat","embeddable":true,"href":"https:\/\/turijnmagazijn.nl\/fr\/wp-json\/wp\/v2\/product_cat?post=67636"},{"taxonomy":"product_tag","embeddable":true,"href":"https:\/\/turijnmagazijn.nl\/fr\/wp-json\/wp\/v2\/product_tag?post=67636"}],"curies":[{"name":"wp","href":"https:\/\/api.w.org\/{rel}","templated":true}]}}