{"id":67647,"date":"2023-03-10T20:40:15","date_gmt":"2023-03-10T19:40:15","guid":{"rendered":"https:\/\/turijnmagazijn.nl\/product\/cablage-du-harnais-de-controle-du-siege-passager-a-lordinateur-lancia-kappa-coupe\/"},"modified":"2023-07-27T13:15:33","modified_gmt":"2023-07-27T11:15:33","slug":"faisceau-de-cablage-siege-passager-controle-a-ordinateur-lancia-kappa-coupe","status":"publish","type":"product","link":"https:\/\/turijnmagazijn.nl\/fr\/produit\/faisceau-de-cablage-siege-passager-controle-a-ordinateur-lancia-kappa-coupe\/","title":{"rendered":"C\u00e2blage du harnais de contr\u00f4le du si\u00e8ge passager \u00e0 l\u2019ordinateur Lancia Kappa Coup\u00e9"},"content":{"rendered":"<p>Faisceau de c\u00e2blage utilis\u00e9 pour la transmission des signaux de commande sur les moteurs des si\u00e8ges de Lancia Kappa Coup\u00e9. Applicable \u00e0 la fois au copilote et au si\u00e8ge du conducteur. D\u2019une Lancia Kappa de 1997 \u00e9quip\u00e9e de si\u00e8ges r\u00e9glables \u00e9lectriquement sans fonction m\u00e9moire. Le faisceau de c\u00e2blage fonctionne correctement! Il s\u2019agit d\u2019un faisceau de c\u00e2blage adapt\u00e9 \u00e0 la premi\u00e8re s\u00e9rie de chaises avec l\u2019ancien panneau de commande. OEM Lancia 71712755<\/p>\n","protected":false},"excerpt":{"rendered":"<p>71712755 Utilis\u00e9 un faisceau de c\u00e2bles pour transmettre les signaux de commande aux moteurs des si\u00e8ges de la Lancia Kappa Coup\u00e9. Applicable \u00e0 la fois au copilote et au si\u00e8ge du conducteur.<\/p>\n","protected":false},"featured_media":58551,"comment_status":"closed","ping_status":"closed","template":"","meta":{"_acf_changed":false},"product_brand":[],"product_cat":[1862,1865,1860,1798,1870],"product_tag":[],"class_list":{"0":"post-67647","1":"product","2":"type-product","3":"status-publish","4":"has-post-thumbnail","6":"product_cat-berlina-fr","7":"product_cat-coupe-fr","8":"product_cat-kappa-838-fr","9":"product_cat-lancia-fr","10":"product_cat-sw-fr","11":"pa_soort-onderdeel-interieur-et-sellerie","13":"first","14":"instock","15":"shipping-taxable","16":"purchasable","17":"product-type-simple"},"acf":[],"yoast_head":"<!-- This site is optimized with the Yoast SEO plugin v27.2 - https:\/\/yoast.com\/product\/yoast-seo-wordpress\/ -->\n<title>C\u00e2blage du harnais de contr\u00f4le du si\u00e8ge passager \u00e0 l\u2019ordinateur Lancia Kappa Coup\u00e9 - Turijnmagazijn<\/title>\n<meta name=\"robots\" content=\"index, follow, max-snippet:-1, max-image-preview:large, max-video-preview:-1\" \/>\n<link rel=\"canonical\" href=\"https:\/\/turijnmagazijn.nl\/fr\/produit\/faisceau-de-cablage-siege-passager-controle-a-ordinateur-lancia-kappa-coupe\/\" \/>\n<meta property=\"og:locale\" content=\"fr_FR\" \/>\n<meta property=\"og:type\" content=\"article\" \/>\n<meta property=\"og:title\" content=\"C\u00e2blage du harnais de contr\u00f4le du si\u00e8ge passager \u00e0 l\u2019ordinateur Lancia Kappa Coup\u00e9 - Turijnmagazijn\" \/>\n<meta property=\"og:description\" content=\"71712755 Utilis\u00e9 un faisceau de c\u00e2bles pour transmettre les signaux de commande aux moteurs des si\u00e8ges de la Lancia Kappa Coup\u00e9. Applicable \u00e0 la fois au copilote et au si\u00e8ge du conducteur.\" \/>\n<meta property=\"og:url\" content=\"https:\/\/turijnmagazijn.nl\/fr\/produit\/faisceau-de-cablage-siege-passager-controle-a-ordinateur-lancia-kappa-coupe\/\" \/>\n<meta property=\"og:site_name\" content=\"Turijnmagazijn\" \/>\n<meta property=\"article:publisher\" content=\"https:\/\/www.facebook.com\/turijnmagazijn\" \/>\n<meta property=\"article:modified_time\" content=\"2023-07-27T11:15:33+00:00\" \/>\n<meta property=\"og:image\" content=\"https:\/\/turijnmagazijn.nl\/wp-content\/uploads\/2023\/03\/DK0102570-Kabelboom-bijrijdersstoel-bediening-naar-computer-Lancia-Kappa-Coupe-3.jpg\" \/>\n\t<meta property=\"og:image:width\" content=\"1024\" \/>\n\t<meta property=\"og:image:height\" content=\"768\" \/>\n\t<meta property=\"og:image:type\" content=\"image\/jpeg\" \/>\n<meta name=\"twitter:card\" content=\"summary_large_image\" \/>\n<script type=\"application\/ld+json\" class=\"yoast-schema-graph\">{\"@context\":\"https:\/\/schema.org\",\"@graph\":[{\"@type\":\"WebPage\",\"@id\":\"https:\/\/turijnmagazijn.nl\/fr\/produit\/faisceau-de-cablage-siege-passager-controle-a-ordinateur-lancia-kappa-coupe\/\",\"url\":\"https:\/\/turijnmagazijn.nl\/fr\/produit\/faisceau-de-cablage-siege-passager-controle-a-ordinateur-lancia-kappa-coupe\/\",\"name\":\"C\u00e2blage du harnais de contr\u00f4le du si\u00e8ge passager \u00e0 l\u2019ordinateur Lancia Kappa Coup\u00e9 - Turijnmagazijn\",\"isPartOf\":{\"@id\":\"https:\/\/turijnmagazijn.jumpstone-dev.nl\/#website\"},\"primaryImageOfPage\":{\"@id\":\"https:\/\/turijnmagazijn.nl\/fr\/produit\/faisceau-de-cablage-siege-passager-controle-a-ordinateur-lancia-kappa-coupe\/#primaryimage\"},\"image\":{\"@id\":\"https:\/\/turijnmagazijn.nl\/fr\/produit\/faisceau-de-cablage-siege-passager-controle-a-ordinateur-lancia-kappa-coupe\/#primaryimage\"},\"thumbnailUrl\":\"https:\/\/turijnmagazijn.nl\/wp-content\/uploads\/2023\/03\/DK0102570-Kabelboom-bijrijdersstoel-bediening-naar-computer-Lancia-Kappa-Coupe-3.jpg\",\"datePublished\":\"2023-03-10T19:40:15+00:00\",\"dateModified\":\"2023-07-27T11:15:33+00:00\",\"breadcrumb\":{\"@id\":\"https:\/\/turijnmagazijn.nl\/fr\/produit\/faisceau-de-cablage-siege-passager-controle-a-ordinateur-lancia-kappa-coupe\/#breadcrumb\"},\"inLanguage\":\"fr-FR\",\"potentialAction\":[{\"@type\":\"ReadAction\",\"target\":[\"https:\/\/turijnmagazijn.nl\/fr\/produit\/faisceau-de-cablage-siege-passager-controle-a-ordinateur-lancia-kappa-coupe\/\"]}]},{\"@type\":\"ImageObject\",\"inLanguage\":\"fr-FR\",\"@id\":\"https:\/\/turijnmagazijn.nl\/fr\/produit\/faisceau-de-cablage-siege-passager-controle-a-ordinateur-lancia-kappa-coupe\/#primaryimage\",\"url\":\"https:\/\/turijnmagazijn.nl\/wp-content\/uploads\/2023\/03\/DK0102570-Kabelboom-bijrijdersstoel-bediening-naar-computer-Lancia-Kappa-Coupe-3.jpg\",\"contentUrl\":\"https:\/\/turijnmagazijn.nl\/wp-content\/uploads\/2023\/03\/DK0102570-Kabelboom-bijrijdersstoel-bediening-naar-computer-Lancia-Kappa-Coupe-3.jpg\",\"width\":1024,\"height\":768},{\"@type\":\"BreadcrumbList\",\"@id\":\"https:\/\/turijnmagazijn.nl\/fr\/produit\/faisceau-de-cablage-siege-passager-controle-a-ordinateur-lancia-kappa-coupe\/#breadcrumb\",\"itemListElement\":[{\"@type\":\"ListItem\",\"position\":1,\"name\":\"Home\",\"item\":\"https:\/\/turijnmagazijn.jumpstone-dev.nl\/\"},{\"@type\":\"ListItem\",\"position\":2,\"name\":\"Produits\",\"item\":\"https:\/\/turijnmagazijn.nl\/fr\/shop\/\"},{\"@type\":\"ListItem\",\"position\":3,\"name\":\"C\u00e2blage du harnais de contr\u00f4le du si\u00e8ge passager \u00e0 l\u2019ordinateur Lancia Kappa Coup\u00e9\"}]},{\"@type\":\"WebSite\",\"@id\":\"https:\/\/turijnmagazijn.jumpstone-dev.nl\/#website\",\"url\":\"https:\/\/turijnmagazijn.jumpstone-dev.nl\/\",\"name\":\"Turijnmagazijn\",\"description\":\"Onderdelen nieuw en gebruikt - Fiat &amp; Lancia\",\"publisher\":{\"@id\":\"https:\/\/turijnmagazijn.jumpstone-dev.nl\/#organization\"},\"potentialAction\":[{\"@type\":\"SearchAction\",\"target\":{\"@type\":\"EntryPoint\",\"urlTemplate\":\"https:\/\/turijnmagazijn.jumpstone-dev.nl\/?s={search_term_string}\"},\"query-input\":{\"@type\":\"PropertyValueSpecification\",\"valueRequired\":true,\"valueName\":\"search_term_string\"}}],\"inLanguage\":\"fr-FR\"},{\"@type\":\"Organization\",\"@id\":\"https:\/\/turijnmagazijn.jumpstone-dev.nl\/#organization\",\"name\":\"Turijnmagazijn\",\"url\":\"https:\/\/turijnmagazijn.jumpstone-dev.nl\/\",\"logo\":{\"@type\":\"ImageObject\",\"inLanguage\":\"fr-FR\",\"@id\":\"https:\/\/turijnmagazijn.jumpstone-dev.nl\/#\/schema\/logo\/image\/\",\"url\":\"https:\/\/turijnmagazijn.nl\/wp-content\/uploads\/2021\/02\/turijnmagazijnlogo.png\",\"contentUrl\":\"https:\/\/turijnmagazijn.nl\/wp-content\/uploads\/2021\/02\/turijnmagazijnlogo.png\",\"width\":555,\"height\":270,\"caption\":\"Turijnmagazijn\"},\"image\":{\"@id\":\"https:\/\/turijnmagazijn.jumpstone-dev.nl\/#\/schema\/logo\/image\/\"},\"sameAs\":[\"https:\/\/www.facebook.com\/turijnmagazijn\"]}]}<\/script>\n<!-- \/ Yoast SEO plugin. -->","yoast_head_json":{"title":"C\u00e2blage du harnais de contr\u00f4le du si\u00e8ge passager \u00e0 l\u2019ordinateur Lancia Kappa Coup\u00e9 - Turijnmagazijn","robots":{"index":"index","follow":"follow","max-snippet":"max-snippet:-1","max-image-preview":"max-image-preview:large","max-video-preview":"max-video-preview:-1"},"canonical":"https:\/\/turijnmagazijn.nl\/fr\/produit\/faisceau-de-cablage-siege-passager-controle-a-ordinateur-lancia-kappa-coupe\/","og_locale":"fr_FR","og_type":"article","og_title":"C\u00e2blage du harnais de contr\u00f4le du si\u00e8ge passager \u00e0 l\u2019ordinateur Lancia Kappa Coup\u00e9 - Turijnmagazijn","og_description":"71712755 Utilis\u00e9 un faisceau de c\u00e2bles pour transmettre les signaux de commande aux moteurs des si\u00e8ges de la Lancia Kappa Coup\u00e9. Applicable \u00e0 la fois au copilote et au si\u00e8ge du conducteur.","og_url":"https:\/\/turijnmagazijn.nl\/fr\/produit\/faisceau-de-cablage-siege-passager-controle-a-ordinateur-lancia-kappa-coupe\/","og_site_name":"Turijnmagazijn","article_publisher":"https:\/\/www.facebook.com\/turijnmagazijn","article_modified_time":"2023-07-27T11:15:33+00:00","og_image":[{"width":1024,"height":768,"url":"https:\/\/turijnmagazijn.nl\/wp-content\/uploads\/2023\/03\/DK0102570-Kabelboom-bijrijdersstoel-bediening-naar-computer-Lancia-Kappa-Coupe-3.jpg","type":"image\/jpeg"}],"twitter_card":"summary_large_image","schema":{"@context":"https:\/\/schema.org","@graph":[{"@type":"WebPage","@id":"https:\/\/turijnmagazijn.nl\/fr\/produit\/faisceau-de-cablage-siege-passager-controle-a-ordinateur-lancia-kappa-coupe\/","url":"https:\/\/turijnmagazijn.nl\/fr\/produit\/faisceau-de-cablage-siege-passager-controle-a-ordinateur-lancia-kappa-coupe\/","name":"C\u00e2blage du harnais de contr\u00f4le du si\u00e8ge passager \u00e0 l\u2019ordinateur Lancia Kappa Coup\u00e9 - Turijnmagazijn","isPartOf":{"@id":"https:\/\/turijnmagazijn.jumpstone-dev.nl\/#website"},"primaryImageOfPage":{"@id":"https:\/\/turijnmagazijn.nl\/fr\/produit\/faisceau-de-cablage-siege-passager-controle-a-ordinateur-lancia-kappa-coupe\/#primaryimage"},"image":{"@id":"https:\/\/turijnmagazijn.nl\/fr\/produit\/faisceau-de-cablage-siege-passager-controle-a-ordinateur-lancia-kappa-coupe\/#primaryimage"},"thumbnailUrl":"https:\/\/turijnmagazijn.nl\/wp-content\/uploads\/2023\/03\/DK0102570-Kabelboom-bijrijdersstoel-bediening-naar-computer-Lancia-Kappa-Coupe-3.jpg","datePublished":"2023-03-10T19:40:15+00:00","dateModified":"2023-07-27T11:15:33+00:00","breadcrumb":{"@id":"https:\/\/turijnmagazijn.nl\/fr\/produit\/faisceau-de-cablage-siege-passager-controle-a-ordinateur-lancia-kappa-coupe\/#breadcrumb"},"inLanguage":"fr-FR","potentialAction":[{"@type":"ReadAction","target":["https:\/\/turijnmagazijn.nl\/fr\/produit\/faisceau-de-cablage-siege-passager-controle-a-ordinateur-lancia-kappa-coupe\/"]}]},{"@type":"ImageObject","inLanguage":"fr-FR","@id":"https:\/\/turijnmagazijn.nl\/fr\/produit\/faisceau-de-cablage-siege-passager-controle-a-ordinateur-lancia-kappa-coupe\/#primaryimage","url":"https:\/\/turijnmagazijn.nl\/wp-content\/uploads\/2023\/03\/DK0102570-Kabelboom-bijrijdersstoel-bediening-naar-computer-Lancia-Kappa-Coupe-3.jpg","contentUrl":"https:\/\/turijnmagazijn.nl\/wp-content\/uploads\/2023\/03\/DK0102570-Kabelboom-bijrijdersstoel-bediening-naar-computer-Lancia-Kappa-Coupe-3.jpg","width":1024,"height":768},{"@type":"BreadcrumbList","@id":"https:\/\/turijnmagazijn.nl\/fr\/produit\/faisceau-de-cablage-siege-passager-controle-a-ordinateur-lancia-kappa-coupe\/#breadcrumb","itemListElement":[{"@type":"ListItem","position":1,"name":"Home","item":"https:\/\/turijnmagazijn.jumpstone-dev.nl\/"},{"@type":"ListItem","position":2,"name":"Produits","item":"https:\/\/turijnmagazijn.nl\/fr\/shop\/"},{"@type":"ListItem","position":3,"name":"C\u00e2blage du harnais de contr\u00f4le du si\u00e8ge passager \u00e0 l\u2019ordinateur Lancia Kappa Coup\u00e9"}]},{"@type":"WebSite","@id":"https:\/\/turijnmagazijn.jumpstone-dev.nl\/#website","url":"https:\/\/turijnmagazijn.jumpstone-dev.nl\/","name":"Turijnmagazijn","description":"Onderdelen nieuw en gebruikt - Fiat &amp; Lancia","publisher":{"@id":"https:\/\/turijnmagazijn.jumpstone-dev.nl\/#organization"},"potentialAction":[{"@type":"SearchAction","target":{"@type":"EntryPoint","urlTemplate":"https:\/\/turijnmagazijn.jumpstone-dev.nl\/?s={search_term_string}"},"query-input":{"@type":"PropertyValueSpecification","valueRequired":true,"valueName":"search_term_string"}}],"inLanguage":"fr-FR"},{"@type":"Organization","@id":"https:\/\/turijnmagazijn.jumpstone-dev.nl\/#organization","name":"Turijnmagazijn","url":"https:\/\/turijnmagazijn.jumpstone-dev.nl\/","logo":{"@type":"ImageObject","inLanguage":"fr-FR","@id":"https:\/\/turijnmagazijn.jumpstone-dev.nl\/#\/schema\/logo\/image\/","url":"https:\/\/turijnmagazijn.nl\/wp-content\/uploads\/2021\/02\/turijnmagazijnlogo.png","contentUrl":"https:\/\/turijnmagazijn.nl\/wp-content\/uploads\/2021\/02\/turijnmagazijnlogo.png","width":555,"height":270,"caption":"Turijnmagazijn"},"image":{"@id":"https:\/\/turijnmagazijn.jumpstone-dev.nl\/#\/schema\/logo\/image\/"},"sameAs":["https:\/\/www.facebook.com\/turijnmagazijn"]}]}},"_links":{"self":[{"href":"https:\/\/turijnmagazijn.nl\/fr\/wp-json\/wp\/v2\/product\/67647","targetHints":{"allow":["GET"]}}],"collection":[{"href":"https:\/\/turijnmagazijn.nl\/fr\/wp-json\/wp\/v2\/product"}],"about":[{"href":"https:\/\/turijnmagazijn.nl\/fr\/wp-json\/wp\/v2\/types\/product"}],"replies":[{"embeddable":true,"href":"https:\/\/turijnmagazijn.nl\/fr\/wp-json\/wp\/v2\/comments?post=67647"}],"wp:featuredmedia":[{"embeddable":true,"href":"https:\/\/turijnmagazijn.nl\/fr\/wp-json\/wp\/v2\/media\/58551"}],"wp:attachment":[{"href":"https:\/\/turijnmagazijn.nl\/fr\/wp-json\/wp\/v2\/media?parent=67647"}],"wp:term":[{"taxonomy":"product_brand","embeddable":true,"href":"https:\/\/turijnmagazijn.nl\/fr\/wp-json\/wp\/v2\/product_brand?post=67647"},{"taxonomy":"product_cat","embeddable":true,"href":"https:\/\/turijnmagazijn.nl\/fr\/wp-json\/wp\/v2\/product_cat?post=67647"},{"taxonomy":"product_tag","embeddable":true,"href":"https:\/\/turijnmagazijn.nl\/fr\/wp-json\/wp\/v2\/product_tag?post=67647"}],"curies":[{"name":"wp","href":"https:\/\/api.w.org\/{rel}","templated":true}]}}