{"id":67651,"date":"2023-03-31T21:09:02","date_gmt":"2023-03-31T19:09:02","guid":{"rendered":"https:\/\/turijnmagazijn.nl\/product\/prise-montage-gouttiere-gouttiere-caoutchouc-hayon-lancia-delta-integrale-11pcs\/"},"modified":"2025-04-13T15:50:44","modified_gmt":"2025-04-13T13:50:44","slug":"plug-montage-gouttiere-caoutchouc-hayon-lancia-delta-integral-11pcs","status":"publish","type":"product","link":"https:\/\/turijnmagazijn.nl\/fr\/produit\/plug-montage-gouttiere-caoutchouc-hayon-lancia-delta-integral-11pcs\/","title":{"rendered":"Prise montage goutti\u00e8re goutti\u00e8re caoutchouc hayon Lancia Delta Integrale 11pcs."},"content":{"rendered":"<p>Jeu de 11 nouveaux bouchons pour le montage de la goutti\u00e8re en caoutchouc (coupe-froid) au-dessus du hayon. Ces bouchons peuvent \u00eatre utilis\u00e9s comme alternative aux bouchons d\u2019origine avec lesquels le caoutchouc est fix\u00e9 \u00e0 la partie m\u00e9tallique de la goutti\u00e8re. L\u2019avantage de ce type de bouchons est qu\u2019ils ne contiennent pas de m\u00e9tal et ne peuvent donc pas rouiller. Il s\u2019agit d\u2019une alternative de rechange \u00e0 l\u2019original. Concerne la pi\u00e8ce num\u00e9ro 13 sur le dessin technique. R\u00e9f\u00e9rence OEM 14567387<\/p>\n","protected":false},"excerpt":{"rendered":"<p>Prise montage goutti\u00e8re goutti\u00e8re caoutchouc hayon Lancia Delta Integrale 11pcs.<\/p>\n","protected":false},"featured_media":61545,"comment_status":"open","ping_status":"closed","template":"","meta":{"_acf_changed":false},"product_brand":[],"product_cat":[1809,1806,1819,1821,1825,1836,1830,1838,1798],"product_tag":[],"class_list":{"0":"post-67651","1":"product","2":"type-product","3":"status-publish","4":"has-post-thumbnail","6":"product_cat-1-1-1-3-1-5-fr","7":"product_cat-delta-1-831-fr","8":"product_cat-gt-i-e-fr","9":"product_cat-hf-4wd-fr","10":"product_cat-hf-turbo-fr","11":"product_cat-integrale-16v-fr","12":"product_cat-integrale-8v-fr","13":"product_cat-integrale-evo-fr","14":"product_cat-lancia-fr","15":"pa_soort-onderdeel-carrosserie-et-tolerie","17":"first","18":"instock","19":"taxable","20":"shipping-taxable","21":"purchasable","22":"product-type-simple"},"acf":[],"yoast_head":"<!-- This site is optimized with the Yoast SEO plugin v27.2 - https:\/\/yoast.com\/product\/yoast-seo-wordpress\/ -->\n<title>Prise montage goutti\u00e8re goutti\u00e8re caoutchouc hayon Lancia Delta Integrale 11pcs. - Turijnmagazijn<\/title>\n<meta name=\"robots\" content=\"index, follow, max-snippet:-1, max-image-preview:large, max-video-preview:-1\" \/>\n<link rel=\"canonical\" href=\"https:\/\/turijnmagazijn.nl\/fr\/produit\/plug-montage-gouttiere-caoutchouc-hayon-lancia-delta-integral-11pcs\/\" \/>\n<meta property=\"og:locale\" content=\"fr_FR\" \/>\n<meta property=\"og:type\" content=\"article\" \/>\n<meta property=\"og:title\" content=\"Prise montage goutti\u00e8re goutti\u00e8re caoutchouc hayon Lancia Delta Integrale 11pcs. - Turijnmagazijn\" \/>\n<meta property=\"og:description\" content=\"Prise montage goutti\u00e8re goutti\u00e8re caoutchouc hayon Lancia Delta Integrale 11pcs.\" \/>\n<meta property=\"og:url\" content=\"https:\/\/turijnmagazijn.nl\/fr\/produit\/plug-montage-gouttiere-caoutchouc-hayon-lancia-delta-integral-11pcs\/\" \/>\n<meta property=\"og:site_name\" content=\"Turijnmagazijn\" \/>\n<meta property=\"article:publisher\" content=\"https:\/\/www.facebook.com\/turijnmagazijn\" \/>\n<meta property=\"article:modified_time\" content=\"2025-04-13T13:50:44+00:00\" \/>\n<meta property=\"og:image\" content=\"https:\/\/turijnmagazijn.nl\/wp-content\/uploads\/2023\/03\/DN0100267-PLUG-MONTAGE-REGENGOOT-RUBBER-ACHTERKLEP-LANCIA-DELTA-INTEGRALE-11ST-14567387-3.jpg\" \/>\n\t<meta property=\"og:image:width\" content=\"1024\" \/>\n\t<meta property=\"og:image:height\" content=\"768\" \/>\n\t<meta property=\"og:image:type\" content=\"image\/jpeg\" \/>\n<meta name=\"twitter:card\" content=\"summary_large_image\" \/>\n<script type=\"application\/ld+json\" class=\"yoast-schema-graph\">{\"@context\":\"https:\/\/schema.org\",\"@graph\":[{\"@type\":\"WebPage\",\"@id\":\"https:\/\/turijnmagazijn.nl\/fr\/produit\/plug-montage-gouttiere-caoutchouc-hayon-lancia-delta-integral-11pcs\/\",\"url\":\"https:\/\/turijnmagazijn.nl\/fr\/produit\/plug-montage-gouttiere-caoutchouc-hayon-lancia-delta-integral-11pcs\/\",\"name\":\"Prise montage goutti\u00e8re goutti\u00e8re caoutchouc hayon Lancia Delta Integrale 11pcs. - Turijnmagazijn\",\"isPartOf\":{\"@id\":\"https:\/\/turijnmagazijn.jumpstone-dev.nl\/#website\"},\"primaryImageOfPage\":{\"@id\":\"https:\/\/turijnmagazijn.nl\/fr\/produit\/plug-montage-gouttiere-caoutchouc-hayon-lancia-delta-integral-11pcs\/#primaryimage\"},\"image\":{\"@id\":\"https:\/\/turijnmagazijn.nl\/fr\/produit\/plug-montage-gouttiere-caoutchouc-hayon-lancia-delta-integral-11pcs\/#primaryimage\"},\"thumbnailUrl\":\"https:\/\/turijnmagazijn.nl\/wp-content\/uploads\/2023\/03\/DN0100267-PLUG-MONTAGE-REGENGOOT-RUBBER-ACHTERKLEP-LANCIA-DELTA-INTEGRALE-11ST-14567387-3.jpg\",\"datePublished\":\"2023-03-31T19:09:02+00:00\",\"dateModified\":\"2025-04-13T13:50:44+00:00\",\"breadcrumb\":{\"@id\":\"https:\/\/turijnmagazijn.nl\/fr\/produit\/plug-montage-gouttiere-caoutchouc-hayon-lancia-delta-integral-11pcs\/#breadcrumb\"},\"inLanguage\":\"fr-FR\",\"potentialAction\":[{\"@type\":\"ReadAction\",\"target\":[\"https:\/\/turijnmagazijn.nl\/fr\/produit\/plug-montage-gouttiere-caoutchouc-hayon-lancia-delta-integral-11pcs\/\"]}]},{\"@type\":\"ImageObject\",\"inLanguage\":\"fr-FR\",\"@id\":\"https:\/\/turijnmagazijn.nl\/fr\/produit\/plug-montage-gouttiere-caoutchouc-hayon-lancia-delta-integral-11pcs\/#primaryimage\",\"url\":\"https:\/\/turijnmagazijn.nl\/wp-content\/uploads\/2023\/03\/DN0100267-PLUG-MONTAGE-REGENGOOT-RUBBER-ACHTERKLEP-LANCIA-DELTA-INTEGRALE-11ST-14567387-3.jpg\",\"contentUrl\":\"https:\/\/turijnmagazijn.nl\/wp-content\/uploads\/2023\/03\/DN0100267-PLUG-MONTAGE-REGENGOOT-RUBBER-ACHTERKLEP-LANCIA-DELTA-INTEGRALE-11ST-14567387-3.jpg\",\"width\":1024,\"height\":768},{\"@type\":\"BreadcrumbList\",\"@id\":\"https:\/\/turijnmagazijn.nl\/fr\/produit\/plug-montage-gouttiere-caoutchouc-hayon-lancia-delta-integral-11pcs\/#breadcrumb\",\"itemListElement\":[{\"@type\":\"ListItem\",\"position\":1,\"name\":\"Home\",\"item\":\"https:\/\/turijnmagazijn.jumpstone-dev.nl\/\"},{\"@type\":\"ListItem\",\"position\":2,\"name\":\"Produits\",\"item\":\"https:\/\/turijnmagazijn.nl\/fr\/shop\/\"},{\"@type\":\"ListItem\",\"position\":3,\"name\":\"Prise montage goutti\u00e8re goutti\u00e8re caoutchouc hayon Lancia Delta Integrale 11pcs.\"}]},{\"@type\":\"WebSite\",\"@id\":\"https:\/\/turijnmagazijn.jumpstone-dev.nl\/#website\",\"url\":\"https:\/\/turijnmagazijn.jumpstone-dev.nl\/\",\"name\":\"Turijnmagazijn\",\"description\":\"Onderdelen nieuw en gebruikt - Fiat &amp; Lancia\",\"publisher\":{\"@id\":\"https:\/\/turijnmagazijn.jumpstone-dev.nl\/#organization\"},\"potentialAction\":[{\"@type\":\"SearchAction\",\"target\":{\"@type\":\"EntryPoint\",\"urlTemplate\":\"https:\/\/turijnmagazijn.jumpstone-dev.nl\/?s={search_term_string}\"},\"query-input\":{\"@type\":\"PropertyValueSpecification\",\"valueRequired\":true,\"valueName\":\"search_term_string\"}}],\"inLanguage\":\"fr-FR\"},{\"@type\":\"Organization\",\"@id\":\"https:\/\/turijnmagazijn.jumpstone-dev.nl\/#organization\",\"name\":\"Turijnmagazijn\",\"url\":\"https:\/\/turijnmagazijn.jumpstone-dev.nl\/\",\"logo\":{\"@type\":\"ImageObject\",\"inLanguage\":\"fr-FR\",\"@id\":\"https:\/\/turijnmagazijn.jumpstone-dev.nl\/#\/schema\/logo\/image\/\",\"url\":\"https:\/\/turijnmagazijn.nl\/wp-content\/uploads\/2021\/02\/turijnmagazijnlogo.png\",\"contentUrl\":\"https:\/\/turijnmagazijn.nl\/wp-content\/uploads\/2021\/02\/turijnmagazijnlogo.png\",\"width\":555,\"height\":270,\"caption\":\"Turijnmagazijn\"},\"image\":{\"@id\":\"https:\/\/turijnmagazijn.jumpstone-dev.nl\/#\/schema\/logo\/image\/\"},\"sameAs\":[\"https:\/\/www.facebook.com\/turijnmagazijn\"]}]}<\/script>\n<!-- \/ Yoast SEO plugin. -->","yoast_head_json":{"title":"Prise montage goutti\u00e8re goutti\u00e8re caoutchouc hayon Lancia Delta Integrale 11pcs. - Turijnmagazijn","robots":{"index":"index","follow":"follow","max-snippet":"max-snippet:-1","max-image-preview":"max-image-preview:large","max-video-preview":"max-video-preview:-1"},"canonical":"https:\/\/turijnmagazijn.nl\/fr\/produit\/plug-montage-gouttiere-caoutchouc-hayon-lancia-delta-integral-11pcs\/","og_locale":"fr_FR","og_type":"article","og_title":"Prise montage goutti\u00e8re goutti\u00e8re caoutchouc hayon Lancia Delta Integrale 11pcs. - Turijnmagazijn","og_description":"Prise montage goutti\u00e8re goutti\u00e8re caoutchouc hayon Lancia Delta Integrale 11pcs.","og_url":"https:\/\/turijnmagazijn.nl\/fr\/produit\/plug-montage-gouttiere-caoutchouc-hayon-lancia-delta-integral-11pcs\/","og_site_name":"Turijnmagazijn","article_publisher":"https:\/\/www.facebook.com\/turijnmagazijn","article_modified_time":"2025-04-13T13:50:44+00:00","og_image":[{"width":1024,"height":768,"url":"https:\/\/turijnmagazijn.nl\/wp-content\/uploads\/2023\/03\/DN0100267-PLUG-MONTAGE-REGENGOOT-RUBBER-ACHTERKLEP-LANCIA-DELTA-INTEGRALE-11ST-14567387-3.jpg","type":"image\/jpeg"}],"twitter_card":"summary_large_image","schema":{"@context":"https:\/\/schema.org","@graph":[{"@type":"WebPage","@id":"https:\/\/turijnmagazijn.nl\/fr\/produit\/plug-montage-gouttiere-caoutchouc-hayon-lancia-delta-integral-11pcs\/","url":"https:\/\/turijnmagazijn.nl\/fr\/produit\/plug-montage-gouttiere-caoutchouc-hayon-lancia-delta-integral-11pcs\/","name":"Prise montage goutti\u00e8re goutti\u00e8re caoutchouc hayon Lancia Delta Integrale 11pcs. - Turijnmagazijn","isPartOf":{"@id":"https:\/\/turijnmagazijn.jumpstone-dev.nl\/#website"},"primaryImageOfPage":{"@id":"https:\/\/turijnmagazijn.nl\/fr\/produit\/plug-montage-gouttiere-caoutchouc-hayon-lancia-delta-integral-11pcs\/#primaryimage"},"image":{"@id":"https:\/\/turijnmagazijn.nl\/fr\/produit\/plug-montage-gouttiere-caoutchouc-hayon-lancia-delta-integral-11pcs\/#primaryimage"},"thumbnailUrl":"https:\/\/turijnmagazijn.nl\/wp-content\/uploads\/2023\/03\/DN0100267-PLUG-MONTAGE-REGENGOOT-RUBBER-ACHTERKLEP-LANCIA-DELTA-INTEGRALE-11ST-14567387-3.jpg","datePublished":"2023-03-31T19:09:02+00:00","dateModified":"2025-04-13T13:50:44+00:00","breadcrumb":{"@id":"https:\/\/turijnmagazijn.nl\/fr\/produit\/plug-montage-gouttiere-caoutchouc-hayon-lancia-delta-integral-11pcs\/#breadcrumb"},"inLanguage":"fr-FR","potentialAction":[{"@type":"ReadAction","target":["https:\/\/turijnmagazijn.nl\/fr\/produit\/plug-montage-gouttiere-caoutchouc-hayon-lancia-delta-integral-11pcs\/"]}]},{"@type":"ImageObject","inLanguage":"fr-FR","@id":"https:\/\/turijnmagazijn.nl\/fr\/produit\/plug-montage-gouttiere-caoutchouc-hayon-lancia-delta-integral-11pcs\/#primaryimage","url":"https:\/\/turijnmagazijn.nl\/wp-content\/uploads\/2023\/03\/DN0100267-PLUG-MONTAGE-REGENGOOT-RUBBER-ACHTERKLEP-LANCIA-DELTA-INTEGRALE-11ST-14567387-3.jpg","contentUrl":"https:\/\/turijnmagazijn.nl\/wp-content\/uploads\/2023\/03\/DN0100267-PLUG-MONTAGE-REGENGOOT-RUBBER-ACHTERKLEP-LANCIA-DELTA-INTEGRALE-11ST-14567387-3.jpg","width":1024,"height":768},{"@type":"BreadcrumbList","@id":"https:\/\/turijnmagazijn.nl\/fr\/produit\/plug-montage-gouttiere-caoutchouc-hayon-lancia-delta-integral-11pcs\/#breadcrumb","itemListElement":[{"@type":"ListItem","position":1,"name":"Home","item":"https:\/\/turijnmagazijn.jumpstone-dev.nl\/"},{"@type":"ListItem","position":2,"name":"Produits","item":"https:\/\/turijnmagazijn.nl\/fr\/shop\/"},{"@type":"ListItem","position":3,"name":"Prise montage goutti\u00e8re goutti\u00e8re caoutchouc hayon Lancia Delta Integrale 11pcs."}]},{"@type":"WebSite","@id":"https:\/\/turijnmagazijn.jumpstone-dev.nl\/#website","url":"https:\/\/turijnmagazijn.jumpstone-dev.nl\/","name":"Turijnmagazijn","description":"Onderdelen nieuw en gebruikt - Fiat &amp; Lancia","publisher":{"@id":"https:\/\/turijnmagazijn.jumpstone-dev.nl\/#organization"},"potentialAction":[{"@type":"SearchAction","target":{"@type":"EntryPoint","urlTemplate":"https:\/\/turijnmagazijn.jumpstone-dev.nl\/?s={search_term_string}"},"query-input":{"@type":"PropertyValueSpecification","valueRequired":true,"valueName":"search_term_string"}}],"inLanguage":"fr-FR"},{"@type":"Organization","@id":"https:\/\/turijnmagazijn.jumpstone-dev.nl\/#organization","name":"Turijnmagazijn","url":"https:\/\/turijnmagazijn.jumpstone-dev.nl\/","logo":{"@type":"ImageObject","inLanguage":"fr-FR","@id":"https:\/\/turijnmagazijn.jumpstone-dev.nl\/#\/schema\/logo\/image\/","url":"https:\/\/turijnmagazijn.nl\/wp-content\/uploads\/2021\/02\/turijnmagazijnlogo.png","contentUrl":"https:\/\/turijnmagazijn.nl\/wp-content\/uploads\/2021\/02\/turijnmagazijnlogo.png","width":555,"height":270,"caption":"Turijnmagazijn"},"image":{"@id":"https:\/\/turijnmagazijn.jumpstone-dev.nl\/#\/schema\/logo\/image\/"},"sameAs":["https:\/\/www.facebook.com\/turijnmagazijn"]}]}},"_links":{"self":[{"href":"https:\/\/turijnmagazijn.nl\/fr\/wp-json\/wp\/v2\/product\/67651","targetHints":{"allow":["GET"]}}],"collection":[{"href":"https:\/\/turijnmagazijn.nl\/fr\/wp-json\/wp\/v2\/product"}],"about":[{"href":"https:\/\/turijnmagazijn.nl\/fr\/wp-json\/wp\/v2\/types\/product"}],"replies":[{"embeddable":true,"href":"https:\/\/turijnmagazijn.nl\/fr\/wp-json\/wp\/v2\/comments?post=67651"}],"wp:featuredmedia":[{"embeddable":true,"href":"https:\/\/turijnmagazijn.nl\/fr\/wp-json\/wp\/v2\/media\/61545"}],"wp:attachment":[{"href":"https:\/\/turijnmagazijn.nl\/fr\/wp-json\/wp\/v2\/media?parent=67651"}],"wp:term":[{"taxonomy":"product_brand","embeddable":true,"href":"https:\/\/turijnmagazijn.nl\/fr\/wp-json\/wp\/v2\/product_brand?post=67651"},{"taxonomy":"product_cat","embeddable":true,"href":"https:\/\/turijnmagazijn.nl\/fr\/wp-json\/wp\/v2\/product_cat?post=67651"},{"taxonomy":"product_tag","embeddable":true,"href":"https:\/\/turijnmagazijn.nl\/fr\/wp-json\/wp\/v2\/product_tag?post=67651"}],"curies":[{"name":"wp","href":"https:\/\/api.w.org\/{rel}","templated":true}]}}