{"id":68499,"date":"2023-04-30T17:39:23","date_gmt":"2023-04-30T15:39:23","guid":{"rendered":"https:\/\/turijnmagazijn.nl\/?post_type=product&#038;p=68499"},"modified":"2025-04-15T20:44:13","modified_gmt":"2025-04-15T18:44:13","slug":"bouchon-decoratif-trou-de-vis-tableau-de-bord-lancia-kappa-copie","status":"publish","type":"product","link":"https:\/\/turijnmagazijn.nl\/fr\/produit\/bouchon-decoratif-trou-de-vis-tableau-de-bord-lancia-kappa-copie\/","title":{"rendered":"Panneau d\u2019instruments d\u00e9coratif Lancia Kappa"},"content":{"rendered":"<p>Utilis\u00e9 Bouchon d\u00e9coratif pour finir le trou de vis pour fixer le tableau de bord de Lancia Kappa.<\/p>\n<p>Le bouchon est dans un \u00e9tat tr\u00e8s soign\u00e9, n\u2019a pas \u00e9t\u00e9 endommag\u00e9 par un d\u00e9montage pr\u00e9c\u00e9dent.<\/p>\n<p>&nbsp;<\/p>\n<p>D\u2019un coup\u00e9 Lancia Kappa de 1998.<\/p>\n<p>Couleur de peinture de la voiture donneuse: 805 Black storm.<\/p>\n<p>La voiture donneuse \u00e9tait \u00e9quip\u00e9e d\u2019un moteur \u00e0 essence manuel 2.4 20V 5 cylindres.<\/p>\n<p>&nbsp;<\/p>\n<p>Lancia OEM 156020540<\/p>\n","protected":false},"excerpt":{"rendered":"<p>156020540 Lancia Kappa &#8211; D\u2019apr\u00e8s un coup\u00e9 Lancia Kappa construit en 1998. Panneau d\u2019instrument d\u00e9coratif Lancia Kappa &#8211; Occasion<\/p>\n","protected":false},"featured_media":68972,"comment_status":"open","ping_status":"closed","template":"","meta":{"_acf_changed":false},"product_brand":[],"product_cat":[1862,1865,1860,1798,1870],"product_tag":[],"class_list":{"0":"post-68499","1":"product","2":"type-product","3":"status-publish","4":"has-post-thumbnail","6":"product_cat-berlina-fr","7":"product_cat-coupe-fr","8":"product_cat-kappa-838-fr","9":"product_cat-lancia-fr","10":"product_cat-sw-fr","11":"pa_soort-onderdeel-interieur-et-sellerie","13":"first","14":"instock","15":"shipping-taxable","16":"purchasable","17":"product-type-simple"},"acf":[],"yoast_head":"<!-- This site is optimized with the Yoast SEO plugin v27.2 - https:\/\/yoast.com\/product\/yoast-seo-wordpress\/ -->\n<title>Panneau d\u2019instruments d\u00e9coratif Lancia Kappa - Turijnmagazijn<\/title>\n<meta name=\"robots\" content=\"index, follow, max-snippet:-1, max-image-preview:large, max-video-preview:-1\" \/>\n<link rel=\"canonical\" href=\"https:\/\/turijnmagazijn.nl\/fr\/produit\/bouchon-decoratif-trou-de-vis-tableau-de-bord-lancia-kappa-copie\/\" \/>\n<meta property=\"og:locale\" content=\"fr_FR\" \/>\n<meta property=\"og:type\" content=\"article\" \/>\n<meta property=\"og:title\" content=\"Panneau d\u2019instruments d\u00e9coratif Lancia Kappa - Turijnmagazijn\" \/>\n<meta property=\"og:description\" content=\"156020540 Lancia Kappa - D\u2019apr\u00e8s un coup\u00e9 Lancia Kappa construit en 1998. Panneau d\u2019instrument d\u00e9coratif Lancia Kappa - Occasion\" \/>\n<meta property=\"og:url\" content=\"https:\/\/turijnmagazijn.nl\/fr\/produit\/bouchon-decoratif-trou-de-vis-tableau-de-bord-lancia-kappa-copie\/\" \/>\n<meta property=\"og:site_name\" content=\"Turijnmagazijn\" \/>\n<meta property=\"article:publisher\" content=\"https:\/\/www.facebook.com\/turijnmagazijn\" \/>\n<meta property=\"article:modified_time\" content=\"2025-04-15T18:44:13+00:00\" \/>\n<meta property=\"og:image\" content=\"https:\/\/turijnmagazijn.nl\/wp-content\/uploads\/2023\/04\/DK0102380-Sierkap-schroefgat-instrumentenpaneel-Lancia-Kappa-156020540-2-jpg.webp\" \/>\n\t<meta property=\"og:image:width\" content=\"1024\" \/>\n\t<meta property=\"og:image:height\" content=\"768\" \/>\n\t<meta property=\"og:image:type\" content=\"image\/jpeg\" \/>\n<meta name=\"twitter:card\" content=\"summary_large_image\" \/>\n<script type=\"application\/ld+json\" class=\"yoast-schema-graph\">{\"@context\":\"https:\/\/schema.org\",\"@graph\":[{\"@type\":\"WebPage\",\"@id\":\"https:\/\/turijnmagazijn.nl\/fr\/produit\/bouchon-decoratif-trou-de-vis-tableau-de-bord-lancia-kappa-copie\/\",\"url\":\"https:\/\/turijnmagazijn.nl\/fr\/produit\/bouchon-decoratif-trou-de-vis-tableau-de-bord-lancia-kappa-copie\/\",\"name\":\"Panneau d\u2019instruments d\u00e9coratif Lancia Kappa - Turijnmagazijn\",\"isPartOf\":{\"@id\":\"https:\/\/turijnmagazijn.jumpstone-dev.nl\/#website\"},\"primaryImageOfPage\":{\"@id\":\"https:\/\/turijnmagazijn.nl\/fr\/produit\/bouchon-decoratif-trou-de-vis-tableau-de-bord-lancia-kappa-copie\/#primaryimage\"},\"image\":{\"@id\":\"https:\/\/turijnmagazijn.nl\/fr\/produit\/bouchon-decoratif-trou-de-vis-tableau-de-bord-lancia-kappa-copie\/#primaryimage\"},\"thumbnailUrl\":\"https:\/\/turijnmagazijn.nl\/wp-content\/uploads\/2023\/04\/DK0102380-Sierkap-schroefgat-instrumentenpaneel-Lancia-Kappa-156020540-2-jpg.webp\",\"datePublished\":\"2023-04-30T15:39:23+00:00\",\"dateModified\":\"2025-04-15T18:44:13+00:00\",\"breadcrumb\":{\"@id\":\"https:\/\/turijnmagazijn.nl\/fr\/produit\/bouchon-decoratif-trou-de-vis-tableau-de-bord-lancia-kappa-copie\/#breadcrumb\"},\"inLanguage\":\"fr-FR\",\"potentialAction\":[{\"@type\":\"ReadAction\",\"target\":[\"https:\/\/turijnmagazijn.nl\/fr\/produit\/bouchon-decoratif-trou-de-vis-tableau-de-bord-lancia-kappa-copie\/\"]}]},{\"@type\":\"ImageObject\",\"inLanguage\":\"fr-FR\",\"@id\":\"https:\/\/turijnmagazijn.nl\/fr\/produit\/bouchon-decoratif-trou-de-vis-tableau-de-bord-lancia-kappa-copie\/#primaryimage\",\"url\":\"https:\/\/turijnmagazijn.nl\/wp-content\/uploads\/2023\/04\/DK0102380-Sierkap-schroefgat-instrumentenpaneel-Lancia-Kappa-156020540-2-jpg.webp\",\"contentUrl\":\"https:\/\/turijnmagazijn.nl\/wp-content\/uploads\/2023\/04\/DK0102380-Sierkap-schroefgat-instrumentenpaneel-Lancia-Kappa-156020540-2-jpg.webp\",\"width\":1024,\"height\":768,\"caption\":\"156020540\"},{\"@type\":\"BreadcrumbList\",\"@id\":\"https:\/\/turijnmagazijn.nl\/fr\/produit\/bouchon-decoratif-trou-de-vis-tableau-de-bord-lancia-kappa-copie\/#breadcrumb\",\"itemListElement\":[{\"@type\":\"ListItem\",\"position\":1,\"name\":\"Home\",\"item\":\"https:\/\/turijnmagazijn.nl\/fr\/\"},{\"@type\":\"ListItem\",\"position\":2,\"name\":\"Produits\",\"item\":\"https:\/\/turijnmagazijn.nl\/fr\/shop\/\"},{\"@type\":\"ListItem\",\"position\":3,\"name\":\"Panneau d\u2019instruments d\u00e9coratif Lancia Kappa\"}]},{\"@type\":\"WebSite\",\"@id\":\"https:\/\/turijnmagazijn.jumpstone-dev.nl\/#website\",\"url\":\"https:\/\/turijnmagazijn.jumpstone-dev.nl\/\",\"name\":\"Turijnmagazijn\",\"description\":\"Onderdelen nieuw en gebruikt - Fiat &amp; Lancia\",\"publisher\":{\"@id\":\"https:\/\/turijnmagazijn.jumpstone-dev.nl\/#organization\"},\"potentialAction\":[{\"@type\":\"SearchAction\",\"target\":{\"@type\":\"EntryPoint\",\"urlTemplate\":\"https:\/\/turijnmagazijn.jumpstone-dev.nl\/?s={search_term_string}\"},\"query-input\":{\"@type\":\"PropertyValueSpecification\",\"valueRequired\":true,\"valueName\":\"search_term_string\"}}],\"inLanguage\":\"fr-FR\"},{\"@type\":\"Organization\",\"@id\":\"https:\/\/turijnmagazijn.jumpstone-dev.nl\/#organization\",\"name\":\"Turijnmagazijn\",\"url\":\"https:\/\/turijnmagazijn.jumpstone-dev.nl\/\",\"logo\":{\"@type\":\"ImageObject\",\"inLanguage\":\"fr-FR\",\"@id\":\"https:\/\/turijnmagazijn.jumpstone-dev.nl\/#\/schema\/logo\/image\/\",\"url\":\"https:\/\/turijnmagazijn.nl\/wp-content\/uploads\/2021\/02\/turijnmagazijnlogo.png\",\"contentUrl\":\"https:\/\/turijnmagazijn.nl\/wp-content\/uploads\/2021\/02\/turijnmagazijnlogo.png\",\"width\":555,\"height\":270,\"caption\":\"Turijnmagazijn\"},\"image\":{\"@id\":\"https:\/\/turijnmagazijn.jumpstone-dev.nl\/#\/schema\/logo\/image\/\"},\"sameAs\":[\"https:\/\/www.facebook.com\/turijnmagazijn\"]}]}<\/script>\n<!-- \/ Yoast SEO plugin. -->","yoast_head_json":{"title":"Panneau d\u2019instruments d\u00e9coratif Lancia Kappa - Turijnmagazijn","robots":{"index":"index","follow":"follow","max-snippet":"max-snippet:-1","max-image-preview":"max-image-preview:large","max-video-preview":"max-video-preview:-1"},"canonical":"https:\/\/turijnmagazijn.nl\/fr\/produit\/bouchon-decoratif-trou-de-vis-tableau-de-bord-lancia-kappa-copie\/","og_locale":"fr_FR","og_type":"article","og_title":"Panneau d\u2019instruments d\u00e9coratif Lancia Kappa - Turijnmagazijn","og_description":"156020540 Lancia Kappa - D\u2019apr\u00e8s un coup\u00e9 Lancia Kappa construit en 1998. Panneau d\u2019instrument d\u00e9coratif Lancia Kappa - Occasion","og_url":"https:\/\/turijnmagazijn.nl\/fr\/produit\/bouchon-decoratif-trou-de-vis-tableau-de-bord-lancia-kappa-copie\/","og_site_name":"Turijnmagazijn","article_publisher":"https:\/\/www.facebook.com\/turijnmagazijn","article_modified_time":"2025-04-15T18:44:13+00:00","og_image":[{"width":1024,"height":768,"url":"https:\/\/turijnmagazijn.nl\/wp-content\/uploads\/2023\/04\/DK0102380-Sierkap-schroefgat-instrumentenpaneel-Lancia-Kappa-156020540-2-jpg.webp","type":"image\/jpeg"}],"twitter_card":"summary_large_image","schema":{"@context":"https:\/\/schema.org","@graph":[{"@type":"WebPage","@id":"https:\/\/turijnmagazijn.nl\/fr\/produit\/bouchon-decoratif-trou-de-vis-tableau-de-bord-lancia-kappa-copie\/","url":"https:\/\/turijnmagazijn.nl\/fr\/produit\/bouchon-decoratif-trou-de-vis-tableau-de-bord-lancia-kappa-copie\/","name":"Panneau d\u2019instruments d\u00e9coratif Lancia Kappa - Turijnmagazijn","isPartOf":{"@id":"https:\/\/turijnmagazijn.jumpstone-dev.nl\/#website"},"primaryImageOfPage":{"@id":"https:\/\/turijnmagazijn.nl\/fr\/produit\/bouchon-decoratif-trou-de-vis-tableau-de-bord-lancia-kappa-copie\/#primaryimage"},"image":{"@id":"https:\/\/turijnmagazijn.nl\/fr\/produit\/bouchon-decoratif-trou-de-vis-tableau-de-bord-lancia-kappa-copie\/#primaryimage"},"thumbnailUrl":"https:\/\/turijnmagazijn.nl\/wp-content\/uploads\/2023\/04\/DK0102380-Sierkap-schroefgat-instrumentenpaneel-Lancia-Kappa-156020540-2-jpg.webp","datePublished":"2023-04-30T15:39:23+00:00","dateModified":"2025-04-15T18:44:13+00:00","breadcrumb":{"@id":"https:\/\/turijnmagazijn.nl\/fr\/produit\/bouchon-decoratif-trou-de-vis-tableau-de-bord-lancia-kappa-copie\/#breadcrumb"},"inLanguage":"fr-FR","potentialAction":[{"@type":"ReadAction","target":["https:\/\/turijnmagazijn.nl\/fr\/produit\/bouchon-decoratif-trou-de-vis-tableau-de-bord-lancia-kappa-copie\/"]}]},{"@type":"ImageObject","inLanguage":"fr-FR","@id":"https:\/\/turijnmagazijn.nl\/fr\/produit\/bouchon-decoratif-trou-de-vis-tableau-de-bord-lancia-kappa-copie\/#primaryimage","url":"https:\/\/turijnmagazijn.nl\/wp-content\/uploads\/2023\/04\/DK0102380-Sierkap-schroefgat-instrumentenpaneel-Lancia-Kappa-156020540-2-jpg.webp","contentUrl":"https:\/\/turijnmagazijn.nl\/wp-content\/uploads\/2023\/04\/DK0102380-Sierkap-schroefgat-instrumentenpaneel-Lancia-Kappa-156020540-2-jpg.webp","width":1024,"height":768,"caption":"156020540"},{"@type":"BreadcrumbList","@id":"https:\/\/turijnmagazijn.nl\/fr\/produit\/bouchon-decoratif-trou-de-vis-tableau-de-bord-lancia-kappa-copie\/#breadcrumb","itemListElement":[{"@type":"ListItem","position":1,"name":"Home","item":"https:\/\/turijnmagazijn.nl\/fr\/"},{"@type":"ListItem","position":2,"name":"Produits","item":"https:\/\/turijnmagazijn.nl\/fr\/shop\/"},{"@type":"ListItem","position":3,"name":"Panneau d\u2019instruments d\u00e9coratif Lancia Kappa"}]},{"@type":"WebSite","@id":"https:\/\/turijnmagazijn.jumpstone-dev.nl\/#website","url":"https:\/\/turijnmagazijn.jumpstone-dev.nl\/","name":"Turijnmagazijn","description":"Onderdelen nieuw en gebruikt - Fiat &amp; Lancia","publisher":{"@id":"https:\/\/turijnmagazijn.jumpstone-dev.nl\/#organization"},"potentialAction":[{"@type":"SearchAction","target":{"@type":"EntryPoint","urlTemplate":"https:\/\/turijnmagazijn.jumpstone-dev.nl\/?s={search_term_string}"},"query-input":{"@type":"PropertyValueSpecification","valueRequired":true,"valueName":"search_term_string"}}],"inLanguage":"fr-FR"},{"@type":"Organization","@id":"https:\/\/turijnmagazijn.jumpstone-dev.nl\/#organization","name":"Turijnmagazijn","url":"https:\/\/turijnmagazijn.jumpstone-dev.nl\/","logo":{"@type":"ImageObject","inLanguage":"fr-FR","@id":"https:\/\/turijnmagazijn.jumpstone-dev.nl\/#\/schema\/logo\/image\/","url":"https:\/\/turijnmagazijn.nl\/wp-content\/uploads\/2021\/02\/turijnmagazijnlogo.png","contentUrl":"https:\/\/turijnmagazijn.nl\/wp-content\/uploads\/2021\/02\/turijnmagazijnlogo.png","width":555,"height":270,"caption":"Turijnmagazijn"},"image":{"@id":"https:\/\/turijnmagazijn.jumpstone-dev.nl\/#\/schema\/logo\/image\/"},"sameAs":["https:\/\/www.facebook.com\/turijnmagazijn"]}]}},"_links":{"self":[{"href":"https:\/\/turijnmagazijn.nl\/fr\/wp-json\/wp\/v2\/product\/68499","targetHints":{"allow":["GET"]}}],"collection":[{"href":"https:\/\/turijnmagazijn.nl\/fr\/wp-json\/wp\/v2\/product"}],"about":[{"href":"https:\/\/turijnmagazijn.nl\/fr\/wp-json\/wp\/v2\/types\/product"}],"replies":[{"embeddable":true,"href":"https:\/\/turijnmagazijn.nl\/fr\/wp-json\/wp\/v2\/comments?post=68499"}],"wp:featuredmedia":[{"embeddable":true,"href":"https:\/\/turijnmagazijn.nl\/fr\/wp-json\/wp\/v2\/media\/68972"}],"wp:attachment":[{"href":"https:\/\/turijnmagazijn.nl\/fr\/wp-json\/wp\/v2\/media?parent=68499"}],"wp:term":[{"taxonomy":"product_brand","embeddable":true,"href":"https:\/\/turijnmagazijn.nl\/fr\/wp-json\/wp\/v2\/product_brand?post=68499"},{"taxonomy":"product_cat","embeddable":true,"href":"https:\/\/turijnmagazijn.nl\/fr\/wp-json\/wp\/v2\/product_cat?post=68499"},{"taxonomy":"product_tag","embeddable":true,"href":"https:\/\/turijnmagazijn.nl\/fr\/wp-json\/wp\/v2\/product_tag?post=68499"}],"curies":[{"name":"wp","href":"https:\/\/api.w.org\/{rel}","templated":true}]}}