{"id":69166,"date":"2023-05-30T16:01:17","date_gmt":"2023-05-30T14:01:17","guid":{"rendered":"https:\/\/turijnmagazijn.nl\/?post_type=product&#038;p=69166"},"modified":"2025-04-15T19:03:58","modified_gmt":"2025-04-15T17:03:58","slug":"porte-cles-metal-chrome-fiat-logo","status":"publish","type":"product","link":"https:\/\/turijnmagazijn.nl\/fr\/produit\/porte-cles-metal-chrome-fiat-logo\/","title":{"rendered":"Porte-cl\u00e9s chrom\u00e9 logo rouge Fiat"},"content":{"rendered":"<p><a href=\"https:\/\/turijnmagazijn.nl\/fr\/expedition-par-boite-aux-lettres\/\"><img decoding=\"async\" class=\"alignnone wp-image-16382 size-full aligncenter\" src=\"https:\/\/turijnmagazijn.nl\/wp-content\/uploads\/2023\/03\/brievenbusverzending-label.png\" alt=\"\" width=\"487\" height=\"45\" srcset=\"https:\/\/turijnmagazijn.nl\/wp-content\/uploads\/2023\/03\/brievenbusverzending-label.png 487w, https:\/\/turijnmagazijn.nl\/wp-content\/uploads\/2023\/03\/brievenbusverzending-label-300x28.png 300w\" sizes=\"(max-width: 487px) 100vw, 487px\" \/><\/a><\/p>\n<p style=\"margin-bottom: 10px;\">Nouveau porte-cl\u00e9s en m\u00e9tal avec logo Fiat incrust\u00e9.<\/p>\n<p style=\"margin-bottom: 10px;\">Ne concerne pas la pi\u00e8ce Fiat d\u2019origine.<\/p>\n<p style=\"margin-bottom: 10px;\">Ce porte-cl\u00e9s arbore le logo rouge utilis\u00e9 de 2007 \u00e0 2023.<\/p>\n<p>  Le pendentif est tr\u00e8s r\u00e9sistant. Le logo est une impression en couleur derri\u00e8re un plastique transparent \u00e9pais. Le logo se trouve derri\u00e8re un plastique dur, il n&rsquo;y a donc pas de silicone souple.  &nbsp;<\/p>\n<p style=\"margin-bottom: 10px;\">Porte-cl\u00e9s Fiat Stilo<\/p>\n<p style=\"margin-bottom: 10px;\">Porte-cl\u00e9s Fiat Stilo Multiwagon<\/p>\n<p style=\"margin-bottom: 10px;\">Porte-cl\u00e9s Fiat Stilo Abarth<\/p>\n<p style=\"margin-bottom: 10px;\">Porte-cl\u00e9s Fiat Grande Punto jusqu\u2019en 2007<\/p>\n<p style=\"margin-bottom: 10px;\">Porte-cl\u00e9s Fiat Barchetta<\/p>\n<p style=\"margin-bottom: 10px;\">Porte-cl\u00e9s Fiat Panda jusqu\u2019en 2007<\/p>\n<p style=\"margin-bottom: 10px;\">Porte-cl\u00e9s Coupe Fiat<\/p>\n<p style=\"margin-bottom: 10px;\">Porte-cl\u00e9s Fiat Barchetta<\/p>\n<p style=\"margin-bottom: 10px;\">Porte-cl\u00e9s Fiat Multipla facelift<\/p>\n<p style=\"margin-bottom: 10px;\">\n","protected":false},"excerpt":{"rendered":"<p>Nouveau porte-cl\u00e9s en m\u00e9tal avec logo Fiat incrust\u00e9.<\/p>\n","protected":false},"featured_media":69495,"comment_status":"open","ping_status":"closed","template":"","meta":{"_acf_changed":false},"product_brand":[],"product_cat":[1694,1700,1766,1769,1702,1705,1709,1713,1719,1722,1727,1690,1731,1736,1738,1774,1741,1748,1752,1754,1759,1763,1779,1781,1786,1792],"product_tag":[],"class_list":{"0":"post-69166","1":"product","2":"type-product","3":"status-publish","4":"has-post-thumbnail","6":"product_cat-500-312-fr","7":"product_cat-500x-334-fr","8":"product_cat-5drs-fr","9":"product_cat-abarth-3drs-fr","10":"product_cat-barchetta-183-fr","11":"product_cat-brava-198-fr","12":"product_cat-bravo-198-fr","13":"product_cat-cinquecento-170-fr","14":"product_cat-coupe-175-fr","15":"product_cat-croma-1-154-fr","16":"product_cat-croma-2-194-fr","17":"product_cat-fiat-fr","18":"product_cat-grande-punto-199-fr","19":"product_cat-marea-185-fr","20":"product_cat-multipla-186-fr","21":"product_cat-multiwagon-fr","22":"product_cat-panda-1-141-fr","23":"product_cat-punto-1-176-fr","24":"product_cat-punto-2-188-fr","25":"product_cat-ritmo-183-fr","26":"product_cat-seicento-187-fr","27":"product_cat-stilo-192-fr","28":"product_cat-tempra-159-fr","29":"product_cat-tipo-1-160-fr","30":"product_cat-uno-1-146-fr","31":"product_cat-x1-9-128-fr","32":"pa_soort-onderdeel-porte-cles-et-autocollants","34":"first","35":"instock","36":"sale","37":"taxable","38":"shipping-taxable","39":"purchasable","40":"product-type-simple"},"acf":[],"yoast_head":"<!-- This site is optimized with the Yoast SEO plugin v27.3 - https:\/\/yoast.com\/product\/yoast-seo-wordpress\/ -->\n<title>Porte-cl\u00e9s chrom\u00e9 logo rouge Fiat - Turijnmagazijn<\/title>\n<meta name=\"robots\" content=\"index, follow, max-snippet:-1, max-image-preview:large, max-video-preview:-1\" \/>\n<link rel=\"canonical\" href=\"https:\/\/turijnmagazijn.nl\/fr\/produit\/porte-cles-metal-chrome-fiat-logo\/\" \/>\n<meta property=\"og:locale\" content=\"fr_FR\" \/>\n<meta property=\"og:type\" content=\"article\" \/>\n<meta property=\"og:title\" content=\"Porte-cl\u00e9s chrom\u00e9 logo rouge Fiat - Turijnmagazijn\" \/>\n<meta property=\"og:description\" content=\"Nouveau porte-cl\u00e9s en m\u00e9tal avec logo Fiat incrust\u00e9.\" \/>\n<meta property=\"og:url\" content=\"https:\/\/turijnmagazijn.nl\/fr\/produit\/porte-cles-metal-chrome-fiat-logo\/\" \/>\n<meta property=\"og:site_name\" content=\"Turijnmagazijn\" \/>\n<meta property=\"article:publisher\" content=\"https:\/\/www.facebook.com\/turijnmagazijn\" \/>\n<meta property=\"article:modified_time\" content=\"2025-04-15T17:03:58+00:00\" \/>\n<meta property=\"og:image\" content=\"https:\/\/turijnmagazijn.nl\/wp-content\/uploads\/2023\/05\/DN0100305-Sleutelhanger-metaal-chroom-Fiat-logo-3-jpg.webp\" \/>\n\t<meta property=\"og:image:width\" content=\"1024\" \/>\n\t<meta property=\"og:image:height\" content=\"768\" \/>\n\t<meta property=\"og:image:type\" content=\"image\/jpeg\" \/>\n<meta name=\"twitter:card\" content=\"summary_large_image\" \/>\n<meta name=\"twitter:label1\" content=\"Dur\u00e9e de lecture estim\u00e9e\" \/>\n\t<meta name=\"twitter:data1\" content=\"1 minute\" \/>\n<script type=\"application\/ld+json\" class=\"yoast-schema-graph\">{\"@context\":\"https:\\\/\\\/schema.org\",\"@graph\":[{\"@type\":\"WebPage\",\"@id\":\"https:\\\/\\\/turijnmagazijn.nl\\\/fr\\\/produit\\\/porte-cles-metal-chrome-fiat-logo\\\/\",\"url\":\"https:\\\/\\\/turijnmagazijn.nl\\\/fr\\\/produit\\\/porte-cles-metal-chrome-fiat-logo\\\/\",\"name\":\"Porte-cl\u00e9s chrom\u00e9 logo rouge Fiat - Turijnmagazijn\",\"isPartOf\":{\"@id\":\"https:\\\/\\\/turijnmagazijn.jumpstone-dev.nl\\\/#website\"},\"primaryImageOfPage\":{\"@id\":\"https:\\\/\\\/turijnmagazijn.nl\\\/fr\\\/produit\\\/porte-cles-metal-chrome-fiat-logo\\\/#primaryimage\"},\"image\":{\"@id\":\"https:\\\/\\\/turijnmagazijn.nl\\\/fr\\\/produit\\\/porte-cles-metal-chrome-fiat-logo\\\/#primaryimage\"},\"thumbnailUrl\":\"https:\\\/\\\/turijnmagazijn.nl\\\/wp-content\\\/uploads\\\/2023\\\/05\\\/DN0100305-Sleutelhanger-metaal-chroom-Fiat-logo-3-jpg.webp\",\"datePublished\":\"2023-05-30T14:01:17+00:00\",\"dateModified\":\"2025-04-15T17:03:58+00:00\",\"breadcrumb\":{\"@id\":\"https:\\\/\\\/turijnmagazijn.nl\\\/fr\\\/produit\\\/porte-cles-metal-chrome-fiat-logo\\\/#breadcrumb\"},\"inLanguage\":\"fr-FR\",\"potentialAction\":[{\"@type\":\"ReadAction\",\"target\":[\"https:\\\/\\\/turijnmagazijn.nl\\\/fr\\\/produit\\\/porte-cles-metal-chrome-fiat-logo\\\/\"]}]},{\"@type\":\"ImageObject\",\"inLanguage\":\"fr-FR\",\"@id\":\"https:\\\/\\\/turijnmagazijn.nl\\\/fr\\\/produit\\\/porte-cles-metal-chrome-fiat-logo\\\/#primaryimage\",\"url\":\"https:\\\/\\\/turijnmagazijn.nl\\\/wp-content\\\/uploads\\\/2023\\\/05\\\/DN0100305-Sleutelhanger-metaal-chroom-Fiat-logo-3-jpg.webp\",\"contentUrl\":\"https:\\\/\\\/turijnmagazijn.nl\\\/wp-content\\\/uploads\\\/2023\\\/05\\\/DN0100305-Sleutelhanger-metaal-chroom-Fiat-logo-3-jpg.webp\",\"width\":1024,\"height\":768},{\"@type\":\"BreadcrumbList\",\"@id\":\"https:\\\/\\\/turijnmagazijn.nl\\\/fr\\\/produit\\\/porte-cles-metal-chrome-fiat-logo\\\/#breadcrumb\",\"itemListElement\":[{\"@type\":\"ListItem\",\"position\":1,\"name\":\"Home\",\"item\":\"https:\\\/\\\/turijnmagazijn.nl\\\/fr\\\/\"},{\"@type\":\"ListItem\",\"position\":2,\"name\":\"Produits\",\"item\":\"https:\\\/\\\/turijnmagazijn.nl\\\/fr\\\/shop\\\/\"},{\"@type\":\"ListItem\",\"position\":3,\"name\":\"Porte-cl\u00e9s chrom\u00e9 logo rouge Fiat\"}]},{\"@type\":\"WebSite\",\"@id\":\"https:\\\/\\\/turijnmagazijn.jumpstone-dev.nl\\\/#website\",\"url\":\"https:\\\/\\\/turijnmagazijn.jumpstone-dev.nl\\\/\",\"name\":\"Turijnmagazijn\",\"description\":\"Onderdelen nieuw en gebruikt - Fiat &amp; Lancia\",\"publisher\":{\"@id\":\"https:\\\/\\\/turijnmagazijn.jumpstone-dev.nl\\\/#organization\"},\"potentialAction\":[{\"@type\":\"SearchAction\",\"target\":{\"@type\":\"EntryPoint\",\"urlTemplate\":\"https:\\\/\\\/turijnmagazijn.jumpstone-dev.nl\\\/?s={search_term_string}\"},\"query-input\":{\"@type\":\"PropertyValueSpecification\",\"valueRequired\":true,\"valueName\":\"search_term_string\"}}],\"inLanguage\":\"fr-FR\"},{\"@type\":\"Organization\",\"@id\":\"https:\\\/\\\/turijnmagazijn.jumpstone-dev.nl\\\/#organization\",\"name\":\"Turijnmagazijn\",\"url\":\"https:\\\/\\\/turijnmagazijn.jumpstone-dev.nl\\\/\",\"logo\":{\"@type\":\"ImageObject\",\"inLanguage\":\"fr-FR\",\"@id\":\"https:\\\/\\\/turijnmagazijn.jumpstone-dev.nl\\\/#\\\/schema\\\/logo\\\/image\\\/\",\"url\":\"https:\\\/\\\/turijnmagazijn.nl\\\/wp-content\\\/uploads\\\/2021\\\/02\\\/turijnmagazijnlogo.png\",\"contentUrl\":\"https:\\\/\\\/turijnmagazijn.nl\\\/wp-content\\\/uploads\\\/2021\\\/02\\\/turijnmagazijnlogo.png\",\"width\":555,\"height\":270,\"caption\":\"Turijnmagazijn\"},\"image\":{\"@id\":\"https:\\\/\\\/turijnmagazijn.jumpstone-dev.nl\\\/#\\\/schema\\\/logo\\\/image\\\/\"},\"sameAs\":[\"https:\\\/\\\/www.facebook.com\\\/turijnmagazijn\"]}]}<\/script>\n<!-- \/ Yoast SEO plugin. -->","yoast_head_json":{"title":"Porte-cl\u00e9s chrom\u00e9 logo rouge Fiat - Turijnmagazijn","robots":{"index":"index","follow":"follow","max-snippet":"max-snippet:-1","max-image-preview":"max-image-preview:large","max-video-preview":"max-video-preview:-1"},"canonical":"https:\/\/turijnmagazijn.nl\/fr\/produit\/porte-cles-metal-chrome-fiat-logo\/","og_locale":"fr_FR","og_type":"article","og_title":"Porte-cl\u00e9s chrom\u00e9 logo rouge Fiat - Turijnmagazijn","og_description":"Nouveau porte-cl\u00e9s en m\u00e9tal avec logo Fiat incrust\u00e9.","og_url":"https:\/\/turijnmagazijn.nl\/fr\/produit\/porte-cles-metal-chrome-fiat-logo\/","og_site_name":"Turijnmagazijn","article_publisher":"https:\/\/www.facebook.com\/turijnmagazijn","article_modified_time":"2025-04-15T17:03:58+00:00","og_image":[{"width":1024,"height":768,"url":"https:\/\/turijnmagazijn.nl\/wp-content\/uploads\/2023\/05\/DN0100305-Sleutelhanger-metaal-chroom-Fiat-logo-3-jpg.webp","type":"image\/jpeg"}],"twitter_card":"summary_large_image","twitter_misc":{"Dur\u00e9e de lecture estim\u00e9e":"1 minute"},"schema":{"@context":"https:\/\/schema.org","@graph":[{"@type":"WebPage","@id":"https:\/\/turijnmagazijn.nl\/fr\/produit\/porte-cles-metal-chrome-fiat-logo\/","url":"https:\/\/turijnmagazijn.nl\/fr\/produit\/porte-cles-metal-chrome-fiat-logo\/","name":"Porte-cl\u00e9s chrom\u00e9 logo rouge Fiat - Turijnmagazijn","isPartOf":{"@id":"https:\/\/turijnmagazijn.jumpstone-dev.nl\/#website"},"primaryImageOfPage":{"@id":"https:\/\/turijnmagazijn.nl\/fr\/produit\/porte-cles-metal-chrome-fiat-logo\/#primaryimage"},"image":{"@id":"https:\/\/turijnmagazijn.nl\/fr\/produit\/porte-cles-metal-chrome-fiat-logo\/#primaryimage"},"thumbnailUrl":"https:\/\/turijnmagazijn.nl\/wp-content\/uploads\/2023\/05\/DN0100305-Sleutelhanger-metaal-chroom-Fiat-logo-3-jpg.webp","datePublished":"2023-05-30T14:01:17+00:00","dateModified":"2025-04-15T17:03:58+00:00","breadcrumb":{"@id":"https:\/\/turijnmagazijn.nl\/fr\/produit\/porte-cles-metal-chrome-fiat-logo\/#breadcrumb"},"inLanguage":"fr-FR","potentialAction":[{"@type":"ReadAction","target":["https:\/\/turijnmagazijn.nl\/fr\/produit\/porte-cles-metal-chrome-fiat-logo\/"]}]},{"@type":"ImageObject","inLanguage":"fr-FR","@id":"https:\/\/turijnmagazijn.nl\/fr\/produit\/porte-cles-metal-chrome-fiat-logo\/#primaryimage","url":"https:\/\/turijnmagazijn.nl\/wp-content\/uploads\/2023\/05\/DN0100305-Sleutelhanger-metaal-chroom-Fiat-logo-3-jpg.webp","contentUrl":"https:\/\/turijnmagazijn.nl\/wp-content\/uploads\/2023\/05\/DN0100305-Sleutelhanger-metaal-chroom-Fiat-logo-3-jpg.webp","width":1024,"height":768},{"@type":"BreadcrumbList","@id":"https:\/\/turijnmagazijn.nl\/fr\/produit\/porte-cles-metal-chrome-fiat-logo\/#breadcrumb","itemListElement":[{"@type":"ListItem","position":1,"name":"Home","item":"https:\/\/turijnmagazijn.nl\/fr\/"},{"@type":"ListItem","position":2,"name":"Produits","item":"https:\/\/turijnmagazijn.nl\/fr\/shop\/"},{"@type":"ListItem","position":3,"name":"Porte-cl\u00e9s chrom\u00e9 logo rouge Fiat"}]},{"@type":"WebSite","@id":"https:\/\/turijnmagazijn.jumpstone-dev.nl\/#website","url":"https:\/\/turijnmagazijn.jumpstone-dev.nl\/","name":"Turijnmagazijn","description":"Onderdelen nieuw en gebruikt - Fiat &amp; Lancia","publisher":{"@id":"https:\/\/turijnmagazijn.jumpstone-dev.nl\/#organization"},"potentialAction":[{"@type":"SearchAction","target":{"@type":"EntryPoint","urlTemplate":"https:\/\/turijnmagazijn.jumpstone-dev.nl\/?s={search_term_string}"},"query-input":{"@type":"PropertyValueSpecification","valueRequired":true,"valueName":"search_term_string"}}],"inLanguage":"fr-FR"},{"@type":"Organization","@id":"https:\/\/turijnmagazijn.jumpstone-dev.nl\/#organization","name":"Turijnmagazijn","url":"https:\/\/turijnmagazijn.jumpstone-dev.nl\/","logo":{"@type":"ImageObject","inLanguage":"fr-FR","@id":"https:\/\/turijnmagazijn.jumpstone-dev.nl\/#\/schema\/logo\/image\/","url":"https:\/\/turijnmagazijn.nl\/wp-content\/uploads\/2021\/02\/turijnmagazijnlogo.png","contentUrl":"https:\/\/turijnmagazijn.nl\/wp-content\/uploads\/2021\/02\/turijnmagazijnlogo.png","width":555,"height":270,"caption":"Turijnmagazijn"},"image":{"@id":"https:\/\/turijnmagazijn.jumpstone-dev.nl\/#\/schema\/logo\/image\/"},"sameAs":["https:\/\/www.facebook.com\/turijnmagazijn"]}]}},"_links":{"self":[{"href":"https:\/\/turijnmagazijn.nl\/fr\/wp-json\/wp\/v2\/product\/69166","targetHints":{"allow":["GET"]}}],"collection":[{"href":"https:\/\/turijnmagazijn.nl\/fr\/wp-json\/wp\/v2\/product"}],"about":[{"href":"https:\/\/turijnmagazijn.nl\/fr\/wp-json\/wp\/v2\/types\/product"}],"replies":[{"embeddable":true,"href":"https:\/\/turijnmagazijn.nl\/fr\/wp-json\/wp\/v2\/comments?post=69166"}],"wp:featuredmedia":[{"embeddable":true,"href":"https:\/\/turijnmagazijn.nl\/fr\/wp-json\/wp\/v2\/media\/69495"}],"wp:attachment":[{"href":"https:\/\/turijnmagazijn.nl\/fr\/wp-json\/wp\/v2\/media?parent=69166"}],"wp:term":[{"taxonomy":"product_brand","embeddable":true,"href":"https:\/\/turijnmagazijn.nl\/fr\/wp-json\/wp\/v2\/product_brand?post=69166"},{"taxonomy":"product_cat","embeddable":true,"href":"https:\/\/turijnmagazijn.nl\/fr\/wp-json\/wp\/v2\/product_cat?post=69166"},{"taxonomy":"product_tag","embeddable":true,"href":"https:\/\/turijnmagazijn.nl\/fr\/wp-json\/wp\/v2\/product_tag?post=69166"}],"curies":[{"name":"wp","href":"https:\/\/api.w.org\/{rel}","templated":true}]}}