{"id":69197,"date":"2023-05-30T16:13:07","date_gmt":"2023-05-30T14:13:07","guid":{"rendered":"https:\/\/turijnmagazijn.nl\/product\/tete-plate-de-boulon-m6-surdimensionnee-pour-montage-de-spoiler-delta-integrale\/"},"modified":"2025-08-30T21:49:37","modified_gmt":"2025-08-30T19:49:37","slug":"surdimensionne-m6-boulon-tete-plate-pour-montage-spoiler-delta-integral","status":"publish","type":"product","link":"https:\/\/turijnmagazijn.nl\/fr\/produit\/surdimensionne-m6-boulon-tete-plate-pour-montage-spoiler-delta-integral\/","title":{"rendered":"T\u00eate plate de boulon m6 surdimensionn\u00e9e pour montage de spoiler Delta Integrale"},"content":{"rendered":"<p>Nouvelle pi\u00e8ce d\u2019imitation.<\/p>\n<p><span data-sheets-value=\"{\"1\":2,\"2\":\"Oversized m6 bout platte kop voor spoiler montage Delta Integrale\"}\" data-sheets-userformat=\"{\"2\":513,\"3\":{\"1\":0},\"12\":0}\">Boulon m6 surdimensionn\u00e9 avec une t\u00eate tr\u00e8s plate. Nous aimons utiliser ces boulons pour le montage du support de spoiler arri\u00e8re de Lancia Delta Integrale. Lorsque le support est plac\u00e9 sur le hayon au niveau des boulons de charni\u00e8re d\u2019origine, les boulons se rencontrent parfois. En utilisant ce type de boulons pour le montage du support du spoiler, les boulons de hayon d\u2019origine peuvent \u00eatre pr\u00e9serv\u00e9s et le montage et le d\u00e9montage du hayon sont possibles sans aucun probl\u00e8me.<\/span><\/p>\n<p>4 par voiture n\u00e9cessaire.<\/p>\n<p>Ventes par pi\u00e8ce.<\/p>\n<p>Alternative OEM Lancia \u00e0 82472477<\/p>\n","protected":false},"excerpt":{"rendered":"<p>alternative \u00e0 82472477 <span data-sheets-value=\"{\"1\":2,\"2\":\"Oversized m6 bout platte kop voor spoiler montage Delta Integrale\"}\" data-sheets-userformat=\"{\"2\":513,\"3\":{\"1\":0},\"12\":0}\">T\u00eate plate \u00e0 boulon m6 surdimensionn\u00e9e pour montage de spoiler Delta Integrale<\/span>82472477<\/p>\n","protected":false},"featured_media":91814,"comment_status":"closed","ping_status":"closed","template":"","meta":{"_acf_changed":false},"product_brand":[],"product_cat":[1809,1806,1819,1821,1825,1836,1830,1838,1798],"product_tag":[],"class_list":{"0":"post-69197","1":"product","2":"type-product","3":"status-publish","4":"has-post-thumbnail","6":"product_cat-1-1-1-3-1-5-fr","7":"product_cat-delta-1-831-fr","8":"product_cat-gt-i-e-fr","9":"product_cat-hf-4wd-fr","10":"product_cat-hf-turbo-fr","11":"product_cat-integrale-16v-fr","12":"product_cat-integrale-8v-fr","13":"product_cat-integrale-evo-fr","14":"product_cat-lancia-fr","15":"pa_soort-onderdeel-carrosserie-et-tolerie","17":"first","18":"instock","19":"taxable","20":"shipping-taxable","21":"purchasable","22":"product-type-simple"},"acf":[],"yoast_head":"<!-- This site is optimized with the Yoast SEO plugin v27.3 - https:\/\/yoast.com\/product\/yoast-seo-wordpress\/ -->\n<title>T\u00eate plate de boulon m6 surdimensionn\u00e9e pour montage de spoiler Delta Integrale - Turijnmagazijn<\/title>\n<meta name=\"robots\" content=\"index, follow, max-snippet:-1, max-image-preview:large, max-video-preview:-1\" \/>\n<link rel=\"canonical\" href=\"https:\/\/turijnmagazijn.nl\/fr\/produit\/surdimensionne-m6-boulon-tete-plate-pour-montage-spoiler-delta-integral\/\" \/>\n<meta property=\"og:locale\" content=\"fr_FR\" \/>\n<meta property=\"og:type\" content=\"article\" \/>\n<meta property=\"og:title\" content=\"T\u00eate plate de boulon m6 surdimensionn\u00e9e pour montage de spoiler Delta Integrale - Turijnmagazijn\" \/>\n<meta property=\"og:description\" content=\"alternative \u00e0 82472477 T\u00eate plate \u00e0 boulon m6 surdimensionn\u00e9e pour montage de spoiler Delta Integrale82472477\" \/>\n<meta property=\"og:url\" content=\"https:\/\/turijnmagazijn.nl\/fr\/produit\/surdimensionne-m6-boulon-tete-plate-pour-montage-spoiler-delta-integral\/\" \/>\n<meta property=\"og:site_name\" content=\"Turijnmagazijn\" \/>\n<meta property=\"article:publisher\" content=\"https:\/\/www.facebook.com\/turijnmagazijn\" \/>\n<meta property=\"article:modified_time\" content=\"2025-08-30T19:49:37+00:00\" \/>\n<meta name=\"twitter:card\" content=\"summary_large_image\" \/>\n<meta name=\"twitter:label1\" content=\"Dur\u00e9e de lecture estim\u00e9e\" \/>\n\t<meta name=\"twitter:data1\" content=\"1 minute\" \/>\n<script type=\"application\/ld+json\" class=\"yoast-schema-graph\">{\"@context\":\"https:\\\/\\\/schema.org\",\"@graph\":[{\"@type\":\"WebPage\",\"@id\":\"https:\\\/\\\/turijnmagazijn.nl\\\/fr\\\/produit\\\/surdimensionne-m6-boulon-tete-plate-pour-montage-spoiler-delta-integral\\\/\",\"url\":\"https:\\\/\\\/turijnmagazijn.nl\\\/fr\\\/produit\\\/surdimensionne-m6-boulon-tete-plate-pour-montage-spoiler-delta-integral\\\/\",\"name\":\"T\u00eate plate de boulon m6 surdimensionn\u00e9e pour montage de spoiler Delta Integrale - Turijnmagazijn\",\"isPartOf\":{\"@id\":\"https:\\\/\\\/turijnmagazijn.jumpstone-dev.nl\\\/#website\"},\"primaryImageOfPage\":{\"@id\":\"https:\\\/\\\/turijnmagazijn.nl\\\/fr\\\/produit\\\/surdimensionne-m6-boulon-tete-plate-pour-montage-spoiler-delta-integral\\\/#primaryimage\"},\"image\":{\"@id\":\"https:\\\/\\\/turijnmagazijn.nl\\\/fr\\\/produit\\\/surdimensionne-m6-boulon-tete-plate-pour-montage-spoiler-delta-integral\\\/#primaryimage\"},\"thumbnailUrl\":\"https:\\\/\\\/turijnmagazijn.nl\\\/wp-content\\\/uploads\\\/2025\\\/06\\\/DN0100309-Oversized-m6-bout-platte-kop-voor-spoiler-montage-Delta-Integrale-2-jpg.jpg\",\"datePublished\":\"2023-05-30T14:13:07+00:00\",\"dateModified\":\"2025-08-30T19:49:37+00:00\",\"breadcrumb\":{\"@id\":\"https:\\\/\\\/turijnmagazijn.nl\\\/fr\\\/produit\\\/surdimensionne-m6-boulon-tete-plate-pour-montage-spoiler-delta-integral\\\/#breadcrumb\"},\"inLanguage\":\"fr-FR\",\"potentialAction\":[{\"@type\":\"ReadAction\",\"target\":[\"https:\\\/\\\/turijnmagazijn.nl\\\/fr\\\/produit\\\/surdimensionne-m6-boulon-tete-plate-pour-montage-spoiler-delta-integral\\\/\"]}]},{\"@type\":\"ImageObject\",\"inLanguage\":\"fr-FR\",\"@id\":\"https:\\\/\\\/turijnmagazijn.nl\\\/fr\\\/produit\\\/surdimensionne-m6-boulon-tete-plate-pour-montage-spoiler-delta-integral\\\/#primaryimage\",\"url\":\"https:\\\/\\\/turijnmagazijn.nl\\\/wp-content\\\/uploads\\\/2025\\\/06\\\/DN0100309-Oversized-m6-bout-platte-kop-voor-spoiler-montage-Delta-Integrale-2-jpg.jpg\",\"contentUrl\":\"https:\\\/\\\/turijnmagazijn.nl\\\/wp-content\\\/uploads\\\/2025\\\/06\\\/DN0100309-Oversized-m6-bout-platte-kop-voor-spoiler-montage-Delta-Integrale-2-jpg.jpg\",\"width\":1024,\"height\":768},{\"@type\":\"BreadcrumbList\",\"@id\":\"https:\\\/\\\/turijnmagazijn.nl\\\/fr\\\/produit\\\/surdimensionne-m6-boulon-tete-plate-pour-montage-spoiler-delta-integral\\\/#breadcrumb\",\"itemListElement\":[{\"@type\":\"ListItem\",\"position\":1,\"name\":\"Home\",\"item\":\"https:\\\/\\\/turijnmagazijn.nl\\\/fr\\\/\"},{\"@type\":\"ListItem\",\"position\":2,\"name\":\"Produits\",\"item\":\"https:\\\/\\\/turijnmagazijn.nl\\\/fr\\\/shop\\\/\"},{\"@type\":\"ListItem\",\"position\":3,\"name\":\"T\u00eate plate de boulon m6 surdimensionn\u00e9e pour montage de spoiler Delta Integrale\"}]},{\"@type\":\"WebSite\",\"@id\":\"https:\\\/\\\/turijnmagazijn.jumpstone-dev.nl\\\/#website\",\"url\":\"https:\\\/\\\/turijnmagazijn.jumpstone-dev.nl\\\/\",\"name\":\"Turijnmagazijn\",\"description\":\"Onderdelen nieuw en gebruikt - Fiat &amp; Lancia\",\"publisher\":{\"@id\":\"https:\\\/\\\/turijnmagazijn.jumpstone-dev.nl\\\/#organization\"},\"potentialAction\":[{\"@type\":\"SearchAction\",\"target\":{\"@type\":\"EntryPoint\",\"urlTemplate\":\"https:\\\/\\\/turijnmagazijn.jumpstone-dev.nl\\\/?s={search_term_string}\"},\"query-input\":{\"@type\":\"PropertyValueSpecification\",\"valueRequired\":true,\"valueName\":\"search_term_string\"}}],\"inLanguage\":\"fr-FR\"},{\"@type\":\"Organization\",\"@id\":\"https:\\\/\\\/turijnmagazijn.jumpstone-dev.nl\\\/#organization\",\"name\":\"Turijnmagazijn\",\"url\":\"https:\\\/\\\/turijnmagazijn.jumpstone-dev.nl\\\/\",\"logo\":{\"@type\":\"ImageObject\",\"inLanguage\":\"fr-FR\",\"@id\":\"https:\\\/\\\/turijnmagazijn.jumpstone-dev.nl\\\/#\\\/schema\\\/logo\\\/image\\\/\",\"url\":\"https:\\\/\\\/turijnmagazijn.nl\\\/wp-content\\\/uploads\\\/2021\\\/02\\\/turijnmagazijnlogo.png\",\"contentUrl\":\"https:\\\/\\\/turijnmagazijn.nl\\\/wp-content\\\/uploads\\\/2021\\\/02\\\/turijnmagazijnlogo.png\",\"width\":555,\"height\":270,\"caption\":\"Turijnmagazijn\"},\"image\":{\"@id\":\"https:\\\/\\\/turijnmagazijn.jumpstone-dev.nl\\\/#\\\/schema\\\/logo\\\/image\\\/\"},\"sameAs\":[\"https:\\\/\\\/www.facebook.com\\\/turijnmagazijn\"]}]}<\/script>\n<!-- \/ Yoast SEO plugin. -->","yoast_head_json":{"title":"T\u00eate plate de boulon m6 surdimensionn\u00e9e pour montage de spoiler Delta Integrale - Turijnmagazijn","robots":{"index":"index","follow":"follow","max-snippet":"max-snippet:-1","max-image-preview":"max-image-preview:large","max-video-preview":"max-video-preview:-1"},"canonical":"https:\/\/turijnmagazijn.nl\/fr\/produit\/surdimensionne-m6-boulon-tete-plate-pour-montage-spoiler-delta-integral\/","og_locale":"fr_FR","og_type":"article","og_title":"T\u00eate plate de boulon m6 surdimensionn\u00e9e pour montage de spoiler Delta Integrale - Turijnmagazijn","og_description":"alternative \u00e0 82472477 T\u00eate plate \u00e0 boulon m6 surdimensionn\u00e9e pour montage de spoiler Delta Integrale82472477","og_url":"https:\/\/turijnmagazijn.nl\/fr\/produit\/surdimensionne-m6-boulon-tete-plate-pour-montage-spoiler-delta-integral\/","og_site_name":"Turijnmagazijn","article_publisher":"https:\/\/www.facebook.com\/turijnmagazijn","article_modified_time":"2025-08-30T19:49:37+00:00","twitter_card":"summary_large_image","twitter_misc":{"Dur\u00e9e de lecture estim\u00e9e":"1 minute"},"schema":{"@context":"https:\/\/schema.org","@graph":[{"@type":"WebPage","@id":"https:\/\/turijnmagazijn.nl\/fr\/produit\/surdimensionne-m6-boulon-tete-plate-pour-montage-spoiler-delta-integral\/","url":"https:\/\/turijnmagazijn.nl\/fr\/produit\/surdimensionne-m6-boulon-tete-plate-pour-montage-spoiler-delta-integral\/","name":"T\u00eate plate de boulon m6 surdimensionn\u00e9e pour montage de spoiler Delta Integrale - Turijnmagazijn","isPartOf":{"@id":"https:\/\/turijnmagazijn.jumpstone-dev.nl\/#website"},"primaryImageOfPage":{"@id":"https:\/\/turijnmagazijn.nl\/fr\/produit\/surdimensionne-m6-boulon-tete-plate-pour-montage-spoiler-delta-integral\/#primaryimage"},"image":{"@id":"https:\/\/turijnmagazijn.nl\/fr\/produit\/surdimensionne-m6-boulon-tete-plate-pour-montage-spoiler-delta-integral\/#primaryimage"},"thumbnailUrl":"https:\/\/turijnmagazijn.nl\/wp-content\/uploads\/2025\/06\/DN0100309-Oversized-m6-bout-platte-kop-voor-spoiler-montage-Delta-Integrale-2-jpg.jpg","datePublished":"2023-05-30T14:13:07+00:00","dateModified":"2025-08-30T19:49:37+00:00","breadcrumb":{"@id":"https:\/\/turijnmagazijn.nl\/fr\/produit\/surdimensionne-m6-boulon-tete-plate-pour-montage-spoiler-delta-integral\/#breadcrumb"},"inLanguage":"fr-FR","potentialAction":[{"@type":"ReadAction","target":["https:\/\/turijnmagazijn.nl\/fr\/produit\/surdimensionne-m6-boulon-tete-plate-pour-montage-spoiler-delta-integral\/"]}]},{"@type":"ImageObject","inLanguage":"fr-FR","@id":"https:\/\/turijnmagazijn.nl\/fr\/produit\/surdimensionne-m6-boulon-tete-plate-pour-montage-spoiler-delta-integral\/#primaryimage","url":"https:\/\/turijnmagazijn.nl\/wp-content\/uploads\/2025\/06\/DN0100309-Oversized-m6-bout-platte-kop-voor-spoiler-montage-Delta-Integrale-2-jpg.jpg","contentUrl":"https:\/\/turijnmagazijn.nl\/wp-content\/uploads\/2025\/06\/DN0100309-Oversized-m6-bout-platte-kop-voor-spoiler-montage-Delta-Integrale-2-jpg.jpg","width":1024,"height":768},{"@type":"BreadcrumbList","@id":"https:\/\/turijnmagazijn.nl\/fr\/produit\/surdimensionne-m6-boulon-tete-plate-pour-montage-spoiler-delta-integral\/#breadcrumb","itemListElement":[{"@type":"ListItem","position":1,"name":"Home","item":"https:\/\/turijnmagazijn.nl\/fr\/"},{"@type":"ListItem","position":2,"name":"Produits","item":"https:\/\/turijnmagazijn.nl\/fr\/shop\/"},{"@type":"ListItem","position":3,"name":"T\u00eate plate de boulon m6 surdimensionn\u00e9e pour montage de spoiler Delta Integrale"}]},{"@type":"WebSite","@id":"https:\/\/turijnmagazijn.jumpstone-dev.nl\/#website","url":"https:\/\/turijnmagazijn.jumpstone-dev.nl\/","name":"Turijnmagazijn","description":"Onderdelen nieuw en gebruikt - Fiat &amp; Lancia","publisher":{"@id":"https:\/\/turijnmagazijn.jumpstone-dev.nl\/#organization"},"potentialAction":[{"@type":"SearchAction","target":{"@type":"EntryPoint","urlTemplate":"https:\/\/turijnmagazijn.jumpstone-dev.nl\/?s={search_term_string}"},"query-input":{"@type":"PropertyValueSpecification","valueRequired":true,"valueName":"search_term_string"}}],"inLanguage":"fr-FR"},{"@type":"Organization","@id":"https:\/\/turijnmagazijn.jumpstone-dev.nl\/#organization","name":"Turijnmagazijn","url":"https:\/\/turijnmagazijn.jumpstone-dev.nl\/","logo":{"@type":"ImageObject","inLanguage":"fr-FR","@id":"https:\/\/turijnmagazijn.jumpstone-dev.nl\/#\/schema\/logo\/image\/","url":"https:\/\/turijnmagazijn.nl\/wp-content\/uploads\/2021\/02\/turijnmagazijnlogo.png","contentUrl":"https:\/\/turijnmagazijn.nl\/wp-content\/uploads\/2021\/02\/turijnmagazijnlogo.png","width":555,"height":270,"caption":"Turijnmagazijn"},"image":{"@id":"https:\/\/turijnmagazijn.jumpstone-dev.nl\/#\/schema\/logo\/image\/"},"sameAs":["https:\/\/www.facebook.com\/turijnmagazijn"]}]}},"_links":{"self":[{"href":"https:\/\/turijnmagazijn.nl\/fr\/wp-json\/wp\/v2\/product\/69197","targetHints":{"allow":["GET"]}}],"collection":[{"href":"https:\/\/turijnmagazijn.nl\/fr\/wp-json\/wp\/v2\/product"}],"about":[{"href":"https:\/\/turijnmagazijn.nl\/fr\/wp-json\/wp\/v2\/types\/product"}],"replies":[{"embeddable":true,"href":"https:\/\/turijnmagazijn.nl\/fr\/wp-json\/wp\/v2\/comments?post=69197"}],"wp:featuredmedia":[{"embeddable":true,"href":"https:\/\/turijnmagazijn.nl\/fr\/wp-json\/wp\/v2\/media\/91814"}],"wp:attachment":[{"href":"https:\/\/turijnmagazijn.nl\/fr\/wp-json\/wp\/v2\/media?parent=69197"}],"wp:term":[{"taxonomy":"product_brand","embeddable":true,"href":"https:\/\/turijnmagazijn.nl\/fr\/wp-json\/wp\/v2\/product_brand?post=69197"},{"taxonomy":"product_cat","embeddable":true,"href":"https:\/\/turijnmagazijn.nl\/fr\/wp-json\/wp\/v2\/product_cat?post=69197"},{"taxonomy":"product_tag","embeddable":true,"href":"https:\/\/turijnmagazijn.nl\/fr\/wp-json\/wp\/v2\/product_tag?post=69197"}],"curies":[{"name":"wp","href":"https:\/\/api.w.org\/{rel}","templated":true}]}}