{"id":69215,"date":"2023-05-30T09:46:18","date_gmt":"2023-05-30T07:46:18","guid":{"rendered":"https:\/\/turijnmagazijn.nl\/product\/etagere-de-colis-de-soutien-lancia-delta-integrale\/"},"modified":"2026-01-25T20:43:49","modified_gmt":"2026-01-25T19:43:49","slug":"support-colis-etagere-lancia-delta-integrale","status":"publish","type":"product","link":"https:\/\/turijnmagazijn.nl\/fr\/produit\/support-colis-etagere-lancia-delta-integrale\/","title":{"rendered":"\u00c9tag\u00e8re de colis de soutien Lancia Delta Integrale"},"content":{"rendered":"<p>Nouvelle pi\u00e8ce d\u2019imitation.<\/p>\n<p>Exactement en accord avec le design original.<\/p>\n<p>Fabriqu\u00e9 sur une imprimante 3D dans un mat\u00e9riau noir r\u00e9sistant qui se rapproche de l\u2019apparence de l\u2019original.<\/p>\n<p>Concerne la partie sur laquelle repose l\u2019essieu rond. Ceci est viss\u00e9 au fond de l\u2019\u00e9tag\u00e8re \u00e0 colis avec les vis d\u2019origine.<\/p>\n<p>Lancia OEM <span data-sheets-value=\"{\"1\":2,\"2\":\"82370113\"}\" data-sheets-userformat=\"{\"2\":513,\"3\":{\"1\":1},\"12\":0}\">82370113<\/span><\/p>\n","protected":false},"excerpt":{"rendered":"<p><span data-sheets-value=\"{\"1\":2,\"2\":\"176628180\"}\" data-sheets-userformat=\"{\"2\":513,\"3\":{\"1\":4,\"2\":\"[$\u20ac-2]\\ #,##0.00\"},\"12\":0}\">82370113 concerne la partie sur laquelle repose l\u2019essieu rond. Ceci est viss\u00e9 au fond de l\u2019\u00e9tag\u00e8re \u00e0 colis avec les vis d\u2019origine.<\/span><\/p>\n","protected":false},"featured_media":69657,"comment_status":"closed","ping_status":"closed","template":"","meta":{"_acf_changed":false},"product_brand":[],"product_cat":[1809,1806,1819,1821,1825,1836,1830,1838,1798],"product_tag":[],"class_list":{"0":"post-69215","1":"product","2":"type-product","3":"status-publish","4":"has-post-thumbnail","6":"product_cat-1-1-1-3-1-5-fr","7":"product_cat-delta-1-831-fr","8":"product_cat-gt-i-e-fr","9":"product_cat-hf-4wd-fr","10":"product_cat-hf-turbo-fr","11":"product_cat-integrale-16v-fr","12":"product_cat-integrale-8v-fr","13":"product_cat-integrale-evo-fr","14":"product_cat-lancia-fr","15":"pa_soort-onderdeel-interieur-et-sellerie","17":"first","18":"instock","19":"taxable","20":"shipping-taxable","21":"purchasable","22":"product-type-simple"},"acf":[],"yoast_head":"<!-- This site is optimized with the Yoast SEO plugin v27.2 - https:\/\/yoast.com\/product\/yoast-seo-wordpress\/ -->\n<title>\u00c9tag\u00e8re de colis de soutien Lancia Delta Integrale - Turijnmagazijn<\/title>\n<meta name=\"robots\" content=\"index, follow, max-snippet:-1, max-image-preview:large, max-video-preview:-1\" \/>\n<link rel=\"canonical\" href=\"https:\/\/turijnmagazijn.nl\/fr\/produit\/support-colis-etagere-lancia-delta-integrale\/\" \/>\n<meta property=\"og:locale\" content=\"fr_FR\" \/>\n<meta property=\"og:type\" content=\"article\" \/>\n<meta property=\"og:title\" content=\"\u00c9tag\u00e8re de colis de soutien Lancia Delta Integrale - Turijnmagazijn\" \/>\n<meta property=\"og:description\" content=\"82370113 concerne la partie sur laquelle repose l\u2019essieu rond. Ceci est viss\u00e9 au fond de l\u2019\u00e9tag\u00e8re \u00e0 colis avec les vis d\u2019origine.\" \/>\n<meta property=\"og:url\" content=\"https:\/\/turijnmagazijn.nl\/fr\/produit\/support-colis-etagere-lancia-delta-integrale\/\" \/>\n<meta property=\"og:site_name\" content=\"Turijnmagazijn\" \/>\n<meta property=\"article:publisher\" content=\"https:\/\/www.facebook.com\/turijnmagazijn\" \/>\n<meta property=\"article:modified_time\" content=\"2026-01-25T19:43:49+00:00\" \/>\n<meta name=\"twitter:card\" content=\"summary_large_image\" \/>\n<script type=\"application\/ld+json\" class=\"yoast-schema-graph\">{\"@context\":\"https:\/\/schema.org\",\"@graph\":[{\"@type\":\"WebPage\",\"@id\":\"https:\/\/turijnmagazijn.nl\/fr\/produit\/support-colis-etagere-lancia-delta-integrale\/\",\"url\":\"https:\/\/turijnmagazijn.nl\/fr\/produit\/support-colis-etagere-lancia-delta-integrale\/\",\"name\":\"\u00c9tag\u00e8re de colis de soutien Lancia Delta Integrale - Turijnmagazijn\",\"isPartOf\":{\"@id\":\"https:\/\/turijnmagazijn.jumpstone-dev.nl\/#website\"},\"primaryImageOfPage\":{\"@id\":\"https:\/\/turijnmagazijn.nl\/fr\/produit\/support-colis-etagere-lancia-delta-integrale\/#primaryimage\"},\"image\":{\"@id\":\"https:\/\/turijnmagazijn.nl\/fr\/produit\/support-colis-etagere-lancia-delta-integrale\/#primaryimage\"},\"thumbnailUrl\":\"https:\/\/turijnmagazijn.nl\/wp-content\/uploads\/2023\/05\/DN0100313-Steun-hoedenplank-Lancia-Delta-Integrale-82370113-4-jpg.webp\",\"datePublished\":\"2023-05-30T07:46:18+00:00\",\"dateModified\":\"2026-01-25T19:43:49+00:00\",\"breadcrumb\":{\"@id\":\"https:\/\/turijnmagazijn.nl\/fr\/produit\/support-colis-etagere-lancia-delta-integrale\/#breadcrumb\"},\"inLanguage\":\"fr-FR\",\"potentialAction\":[{\"@type\":\"ReadAction\",\"target\":[\"https:\/\/turijnmagazijn.nl\/fr\/produit\/support-colis-etagere-lancia-delta-integrale\/\"]}]},{\"@type\":\"ImageObject\",\"inLanguage\":\"fr-FR\",\"@id\":\"https:\/\/turijnmagazijn.nl\/fr\/produit\/support-colis-etagere-lancia-delta-integrale\/#primaryimage\",\"url\":\"https:\/\/turijnmagazijn.nl\/wp-content\/uploads\/2023\/05\/DN0100313-Steun-hoedenplank-Lancia-Delta-Integrale-82370113-4-jpg.webp\",\"contentUrl\":\"https:\/\/turijnmagazijn.nl\/wp-content\/uploads\/2023\/05\/DN0100313-Steun-hoedenplank-Lancia-Delta-Integrale-82370113-4-jpg.webp\",\"width\":1024,\"height\":768},{\"@type\":\"BreadcrumbList\",\"@id\":\"https:\/\/turijnmagazijn.nl\/fr\/produit\/support-colis-etagere-lancia-delta-integrale\/#breadcrumb\",\"itemListElement\":[{\"@type\":\"ListItem\",\"position\":1,\"name\":\"Home\",\"item\":\"https:\/\/turijnmagazijn.nl\/fr\/\"},{\"@type\":\"ListItem\",\"position\":2,\"name\":\"Produits\",\"item\":\"https:\/\/turijnmagazijn.nl\/fr\/shop\/\"},{\"@type\":\"ListItem\",\"position\":3,\"name\":\"\u00c9tag\u00e8re de colis de soutien Lancia Delta Integrale\"}]},{\"@type\":\"WebSite\",\"@id\":\"https:\/\/turijnmagazijn.jumpstone-dev.nl\/#website\",\"url\":\"https:\/\/turijnmagazijn.jumpstone-dev.nl\/\",\"name\":\"Turijnmagazijn\",\"description\":\"Onderdelen nieuw en gebruikt - Fiat &amp; Lancia\",\"publisher\":{\"@id\":\"https:\/\/turijnmagazijn.jumpstone-dev.nl\/#organization\"},\"potentialAction\":[{\"@type\":\"SearchAction\",\"target\":{\"@type\":\"EntryPoint\",\"urlTemplate\":\"https:\/\/turijnmagazijn.jumpstone-dev.nl\/?s={search_term_string}\"},\"query-input\":{\"@type\":\"PropertyValueSpecification\",\"valueRequired\":true,\"valueName\":\"search_term_string\"}}],\"inLanguage\":\"fr-FR\"},{\"@type\":\"Organization\",\"@id\":\"https:\/\/turijnmagazijn.jumpstone-dev.nl\/#organization\",\"name\":\"Turijnmagazijn\",\"url\":\"https:\/\/turijnmagazijn.jumpstone-dev.nl\/\",\"logo\":{\"@type\":\"ImageObject\",\"inLanguage\":\"fr-FR\",\"@id\":\"https:\/\/turijnmagazijn.jumpstone-dev.nl\/#\/schema\/logo\/image\/\",\"url\":\"https:\/\/turijnmagazijn.nl\/wp-content\/uploads\/2021\/02\/turijnmagazijnlogo.png\",\"contentUrl\":\"https:\/\/turijnmagazijn.nl\/wp-content\/uploads\/2021\/02\/turijnmagazijnlogo.png\",\"width\":555,\"height\":270,\"caption\":\"Turijnmagazijn\"},\"image\":{\"@id\":\"https:\/\/turijnmagazijn.jumpstone-dev.nl\/#\/schema\/logo\/image\/\"},\"sameAs\":[\"https:\/\/www.facebook.com\/turijnmagazijn\"]}]}<\/script>\n<!-- \/ Yoast SEO plugin. -->","yoast_head_json":{"title":"\u00c9tag\u00e8re de colis de soutien Lancia Delta Integrale - Turijnmagazijn","robots":{"index":"index","follow":"follow","max-snippet":"max-snippet:-1","max-image-preview":"max-image-preview:large","max-video-preview":"max-video-preview:-1"},"canonical":"https:\/\/turijnmagazijn.nl\/fr\/produit\/support-colis-etagere-lancia-delta-integrale\/","og_locale":"fr_FR","og_type":"article","og_title":"\u00c9tag\u00e8re de colis de soutien Lancia Delta Integrale - Turijnmagazijn","og_description":"82370113 concerne la partie sur laquelle repose l\u2019essieu rond. Ceci est viss\u00e9 au fond de l\u2019\u00e9tag\u00e8re \u00e0 colis avec les vis d\u2019origine.","og_url":"https:\/\/turijnmagazijn.nl\/fr\/produit\/support-colis-etagere-lancia-delta-integrale\/","og_site_name":"Turijnmagazijn","article_publisher":"https:\/\/www.facebook.com\/turijnmagazijn","article_modified_time":"2026-01-25T19:43:49+00:00","twitter_card":"summary_large_image","schema":{"@context":"https:\/\/schema.org","@graph":[{"@type":"WebPage","@id":"https:\/\/turijnmagazijn.nl\/fr\/produit\/support-colis-etagere-lancia-delta-integrale\/","url":"https:\/\/turijnmagazijn.nl\/fr\/produit\/support-colis-etagere-lancia-delta-integrale\/","name":"\u00c9tag\u00e8re de colis de soutien Lancia Delta Integrale - Turijnmagazijn","isPartOf":{"@id":"https:\/\/turijnmagazijn.jumpstone-dev.nl\/#website"},"primaryImageOfPage":{"@id":"https:\/\/turijnmagazijn.nl\/fr\/produit\/support-colis-etagere-lancia-delta-integrale\/#primaryimage"},"image":{"@id":"https:\/\/turijnmagazijn.nl\/fr\/produit\/support-colis-etagere-lancia-delta-integrale\/#primaryimage"},"thumbnailUrl":"https:\/\/turijnmagazijn.nl\/wp-content\/uploads\/2023\/05\/DN0100313-Steun-hoedenplank-Lancia-Delta-Integrale-82370113-4-jpg.webp","datePublished":"2023-05-30T07:46:18+00:00","dateModified":"2026-01-25T19:43:49+00:00","breadcrumb":{"@id":"https:\/\/turijnmagazijn.nl\/fr\/produit\/support-colis-etagere-lancia-delta-integrale\/#breadcrumb"},"inLanguage":"fr-FR","potentialAction":[{"@type":"ReadAction","target":["https:\/\/turijnmagazijn.nl\/fr\/produit\/support-colis-etagere-lancia-delta-integrale\/"]}]},{"@type":"ImageObject","inLanguage":"fr-FR","@id":"https:\/\/turijnmagazijn.nl\/fr\/produit\/support-colis-etagere-lancia-delta-integrale\/#primaryimage","url":"https:\/\/turijnmagazijn.nl\/wp-content\/uploads\/2023\/05\/DN0100313-Steun-hoedenplank-Lancia-Delta-Integrale-82370113-4-jpg.webp","contentUrl":"https:\/\/turijnmagazijn.nl\/wp-content\/uploads\/2023\/05\/DN0100313-Steun-hoedenplank-Lancia-Delta-Integrale-82370113-4-jpg.webp","width":1024,"height":768},{"@type":"BreadcrumbList","@id":"https:\/\/turijnmagazijn.nl\/fr\/produit\/support-colis-etagere-lancia-delta-integrale\/#breadcrumb","itemListElement":[{"@type":"ListItem","position":1,"name":"Home","item":"https:\/\/turijnmagazijn.nl\/fr\/"},{"@type":"ListItem","position":2,"name":"Produits","item":"https:\/\/turijnmagazijn.nl\/fr\/shop\/"},{"@type":"ListItem","position":3,"name":"\u00c9tag\u00e8re de colis de soutien Lancia Delta Integrale"}]},{"@type":"WebSite","@id":"https:\/\/turijnmagazijn.jumpstone-dev.nl\/#website","url":"https:\/\/turijnmagazijn.jumpstone-dev.nl\/","name":"Turijnmagazijn","description":"Onderdelen nieuw en gebruikt - Fiat &amp; Lancia","publisher":{"@id":"https:\/\/turijnmagazijn.jumpstone-dev.nl\/#organization"},"potentialAction":[{"@type":"SearchAction","target":{"@type":"EntryPoint","urlTemplate":"https:\/\/turijnmagazijn.jumpstone-dev.nl\/?s={search_term_string}"},"query-input":{"@type":"PropertyValueSpecification","valueRequired":true,"valueName":"search_term_string"}}],"inLanguage":"fr-FR"},{"@type":"Organization","@id":"https:\/\/turijnmagazijn.jumpstone-dev.nl\/#organization","name":"Turijnmagazijn","url":"https:\/\/turijnmagazijn.jumpstone-dev.nl\/","logo":{"@type":"ImageObject","inLanguage":"fr-FR","@id":"https:\/\/turijnmagazijn.jumpstone-dev.nl\/#\/schema\/logo\/image\/","url":"https:\/\/turijnmagazijn.nl\/wp-content\/uploads\/2021\/02\/turijnmagazijnlogo.png","contentUrl":"https:\/\/turijnmagazijn.nl\/wp-content\/uploads\/2021\/02\/turijnmagazijnlogo.png","width":555,"height":270,"caption":"Turijnmagazijn"},"image":{"@id":"https:\/\/turijnmagazijn.jumpstone-dev.nl\/#\/schema\/logo\/image\/"},"sameAs":["https:\/\/www.facebook.com\/turijnmagazijn"]}]}},"_links":{"self":[{"href":"https:\/\/turijnmagazijn.nl\/fr\/wp-json\/wp\/v2\/product\/69215","targetHints":{"allow":["GET"]}}],"collection":[{"href":"https:\/\/turijnmagazijn.nl\/fr\/wp-json\/wp\/v2\/product"}],"about":[{"href":"https:\/\/turijnmagazijn.nl\/fr\/wp-json\/wp\/v2\/types\/product"}],"replies":[{"embeddable":true,"href":"https:\/\/turijnmagazijn.nl\/fr\/wp-json\/wp\/v2\/comments?post=69215"}],"wp:featuredmedia":[{"embeddable":true,"href":"https:\/\/turijnmagazijn.nl\/fr\/wp-json\/wp\/v2\/media\/69657"}],"wp:attachment":[{"href":"https:\/\/turijnmagazijn.nl\/fr\/wp-json\/wp\/v2\/media?parent=69215"}],"wp:term":[{"taxonomy":"product_brand","embeddable":true,"href":"https:\/\/turijnmagazijn.nl\/fr\/wp-json\/wp\/v2\/product_brand?post=69215"},{"taxonomy":"product_cat","embeddable":true,"href":"https:\/\/turijnmagazijn.nl\/fr\/wp-json\/wp\/v2\/product_cat?post=69215"},{"taxonomy":"product_tag","embeddable":true,"href":"https:\/\/turijnmagazijn.nl\/fr\/wp-json\/wp\/v2\/product_tag?post=69215"}],"curies":[{"name":"wp","href":"https:\/\/api.w.org\/{rel}","templated":true}]}}