{"id":69229,"date":"2023-05-27T22:19:15","date_gmt":"2023-05-27T20:19:15","guid":{"rendered":"https:\/\/turijnmagazijn.nl\/product\/serrure-mecanique-avec-2-touches-fiat-punto-1\/"},"modified":"2023-05-27T22:19:15","modified_gmt":"2023-05-27T20:19:15","slug":"mecanique-serrure-set-avec-2-touches-fiat-punto-1","status":"publish","type":"product","link":"https:\/\/turijnmagazijn.nl\/fr\/produit\/mecanique-serrure-set-avec-2-touches-fiat-punto-1\/","title":{"rendered":"Serrure m\u00e9canique avec 2 touches Fiat Punto 1"},"content":{"rendered":"<p>Nouvel ensemble compos\u00e9 de:<\/p>\n<p>2 touches Fiat bleues coup\u00e9es<\/p>\n<p>1 cylindre de verrouillage d\u2019allumage<\/p>\n<p>4 cylindres porte \/ hayon \/ bo\u00eete \u00e0 gants<\/p>\n<p>&nbsp;<\/p>\n<p>Ensemble complet pour remplacement en cas de perte de la cl\u00e9 meachnique.<\/p>\n<p>L\u2019\u00e9lectronique pour le verrouillage central et pour l\u2019antid\u00e9marrage \u00e9lectronique n\u2019est pas incluse. peut \u00eatre transf\u00e9r\u00e9 \u00e0 partir d\u2019une cl\u00e9 existante si disponible.<\/p>\n<p>&nbsp;<\/p>\n<p>&nbsp;<\/p>\n<p>OEM Fiat 712600040<\/p>\n","protected":false},"excerpt":{"rendered":"<p>712600040 Serrure m\u00e9canique avec 2 touches Fiat Punto 1<\/p>\n","protected":false},"featured_media":69500,"comment_status":"open","ping_status":"closed","template":"","meta":{"_acf_changed":false},"product_brand":[],"product_cat":[1690,1748],"product_tag":[],"class_list":{"0":"post-69229","1":"product","2":"type-product","3":"status-publish","4":"has-post-thumbnail","6":"product_cat-fiat-fr","7":"product_cat-punto-1-176-fr","8":"pa_soort-onderdeel-interieur-et-sellerie","10":"first","11":"instock","12":"sale","13":"taxable","14":"shipping-taxable","15":"purchasable","16":"product-type-simple"},"acf":[],"yoast_head":"<!-- This site is optimized with the Yoast SEO plugin v27.2 - https:\/\/yoast.com\/product\/yoast-seo-wordpress\/ -->\n<title>Serrure m\u00e9canique avec 2 touches Fiat Punto 1 - Turijnmagazijn<\/title>\n<meta name=\"robots\" content=\"index, follow, max-snippet:-1, max-image-preview:large, max-video-preview:-1\" \/>\n<link rel=\"canonical\" href=\"https:\/\/turijnmagazijn.nl\/fr\/produit\/mecanique-serrure-set-avec-2-touches-fiat-punto-1\/\" \/>\n<meta property=\"og:locale\" content=\"fr_FR\" \/>\n<meta property=\"og:type\" content=\"article\" \/>\n<meta property=\"og:title\" content=\"Serrure m\u00e9canique avec 2 touches Fiat Punto 1 - Turijnmagazijn\" \/>\n<meta property=\"og:description\" content=\"712600040 Serrure m\u00e9canique avec 2 touches Fiat Punto 1\" \/>\n<meta property=\"og:url\" content=\"https:\/\/turijnmagazijn.nl\/fr\/produit\/mecanique-serrure-set-avec-2-touches-fiat-punto-1\/\" \/>\n<meta property=\"og:site_name\" content=\"Turijnmagazijn\" \/>\n<meta property=\"article:publisher\" content=\"https:\/\/www.facebook.com\/turijnmagazijn\" \/>\n<meta name=\"twitter:card\" content=\"summary_large_image\" \/>\n<script type=\"application\/ld+json\" class=\"yoast-schema-graph\">{\"@context\":\"https:\/\/schema.org\",\"@graph\":[{\"@type\":\"WebPage\",\"@id\":\"https:\/\/turijnmagazijn.nl\/fr\/produit\/mecanique-serrure-set-avec-2-touches-fiat-punto-1\/\",\"url\":\"https:\/\/turijnmagazijn.nl\/fr\/produit\/mecanique-serrure-set-avec-2-touches-fiat-punto-1\/\",\"name\":\"Serrure m\u00e9canique avec 2 touches Fiat Punto 1 - Turijnmagazijn\",\"isPartOf\":{\"@id\":\"https:\/\/turijnmagazijn.jumpstone-dev.nl\/#website\"},\"primaryImageOfPage\":{\"@id\":\"https:\/\/turijnmagazijn.nl\/fr\/produit\/mecanique-serrure-set-avec-2-touches-fiat-punto-1\/#primaryimage\"},\"image\":{\"@id\":\"https:\/\/turijnmagazijn.nl\/fr\/produit\/mecanique-serrure-set-avec-2-touches-fiat-punto-1\/#primaryimage\"},\"thumbnailUrl\":\"https:\/\/turijnmagazijn.nl\/wp-content\/uploads\/2023\/05\/DN0100306-Slot-clinder-set-compleet-met-2-sleutels-Fiat-blauw-Punto-2-712600040-3-jpg.webp\",\"datePublished\":\"2023-05-27T20:19:15+00:00\",\"breadcrumb\":{\"@id\":\"https:\/\/turijnmagazijn.nl\/fr\/produit\/mecanique-serrure-set-avec-2-touches-fiat-punto-1\/#breadcrumb\"},\"inLanguage\":\"fr-FR\",\"potentialAction\":[{\"@type\":\"ReadAction\",\"target\":[\"https:\/\/turijnmagazijn.nl\/fr\/produit\/mecanique-serrure-set-avec-2-touches-fiat-punto-1\/\"]}]},{\"@type\":\"ImageObject\",\"inLanguage\":\"fr-FR\",\"@id\":\"https:\/\/turijnmagazijn.nl\/fr\/produit\/mecanique-serrure-set-avec-2-touches-fiat-punto-1\/#primaryimage\",\"url\":\"https:\/\/turijnmagazijn.nl\/wp-content\/uploads\/2023\/05\/DN0100306-Slot-clinder-set-compleet-met-2-sleutels-Fiat-blauw-Punto-2-712600040-3-jpg.webp\",\"contentUrl\":\"https:\/\/turijnmagazijn.nl\/wp-content\/uploads\/2023\/05\/DN0100306-Slot-clinder-set-compleet-met-2-sleutels-Fiat-blauw-Punto-2-712600040-3-jpg.webp\",\"width\":1024,\"height\":768},{\"@type\":\"BreadcrumbList\",\"@id\":\"https:\/\/turijnmagazijn.nl\/fr\/produit\/mecanique-serrure-set-avec-2-touches-fiat-punto-1\/#breadcrumb\",\"itemListElement\":[{\"@type\":\"ListItem\",\"position\":1,\"name\":\"Home\",\"item\":\"https:\/\/turijnmagazijn.nl\/fr\/\"},{\"@type\":\"ListItem\",\"position\":2,\"name\":\"Produits\",\"item\":\"https:\/\/turijnmagazijn.nl\/fr\/shop\/\"},{\"@type\":\"ListItem\",\"position\":3,\"name\":\"Serrure m\u00e9canique avec 2 touches Fiat Punto 1\"}]},{\"@type\":\"WebSite\",\"@id\":\"https:\/\/turijnmagazijn.jumpstone-dev.nl\/#website\",\"url\":\"https:\/\/turijnmagazijn.jumpstone-dev.nl\/\",\"name\":\"Turijnmagazijn\",\"description\":\"Onderdelen nieuw en gebruikt - Fiat &amp; Lancia\",\"publisher\":{\"@id\":\"https:\/\/turijnmagazijn.jumpstone-dev.nl\/#organization\"},\"potentialAction\":[{\"@type\":\"SearchAction\",\"target\":{\"@type\":\"EntryPoint\",\"urlTemplate\":\"https:\/\/turijnmagazijn.jumpstone-dev.nl\/?s={search_term_string}\"},\"query-input\":{\"@type\":\"PropertyValueSpecification\",\"valueRequired\":true,\"valueName\":\"search_term_string\"}}],\"inLanguage\":\"fr-FR\"},{\"@type\":\"Organization\",\"@id\":\"https:\/\/turijnmagazijn.jumpstone-dev.nl\/#organization\",\"name\":\"Turijnmagazijn\",\"url\":\"https:\/\/turijnmagazijn.jumpstone-dev.nl\/\",\"logo\":{\"@type\":\"ImageObject\",\"inLanguage\":\"fr-FR\",\"@id\":\"https:\/\/turijnmagazijn.jumpstone-dev.nl\/#\/schema\/logo\/image\/\",\"url\":\"https:\/\/turijnmagazijn.nl\/wp-content\/uploads\/2021\/02\/turijnmagazijnlogo.png\",\"contentUrl\":\"https:\/\/turijnmagazijn.nl\/wp-content\/uploads\/2021\/02\/turijnmagazijnlogo.png\",\"width\":555,\"height\":270,\"caption\":\"Turijnmagazijn\"},\"image\":{\"@id\":\"https:\/\/turijnmagazijn.jumpstone-dev.nl\/#\/schema\/logo\/image\/\"},\"sameAs\":[\"https:\/\/www.facebook.com\/turijnmagazijn\"]}]}<\/script>\n<!-- \/ Yoast SEO plugin. -->","yoast_head_json":{"title":"Serrure m\u00e9canique avec 2 touches Fiat Punto 1 - Turijnmagazijn","robots":{"index":"index","follow":"follow","max-snippet":"max-snippet:-1","max-image-preview":"max-image-preview:large","max-video-preview":"max-video-preview:-1"},"canonical":"https:\/\/turijnmagazijn.nl\/fr\/produit\/mecanique-serrure-set-avec-2-touches-fiat-punto-1\/","og_locale":"fr_FR","og_type":"article","og_title":"Serrure m\u00e9canique avec 2 touches Fiat Punto 1 - Turijnmagazijn","og_description":"712600040 Serrure m\u00e9canique avec 2 touches Fiat Punto 1","og_url":"https:\/\/turijnmagazijn.nl\/fr\/produit\/mecanique-serrure-set-avec-2-touches-fiat-punto-1\/","og_site_name":"Turijnmagazijn","article_publisher":"https:\/\/www.facebook.com\/turijnmagazijn","twitter_card":"summary_large_image","schema":{"@context":"https:\/\/schema.org","@graph":[{"@type":"WebPage","@id":"https:\/\/turijnmagazijn.nl\/fr\/produit\/mecanique-serrure-set-avec-2-touches-fiat-punto-1\/","url":"https:\/\/turijnmagazijn.nl\/fr\/produit\/mecanique-serrure-set-avec-2-touches-fiat-punto-1\/","name":"Serrure m\u00e9canique avec 2 touches Fiat Punto 1 - Turijnmagazijn","isPartOf":{"@id":"https:\/\/turijnmagazijn.jumpstone-dev.nl\/#website"},"primaryImageOfPage":{"@id":"https:\/\/turijnmagazijn.nl\/fr\/produit\/mecanique-serrure-set-avec-2-touches-fiat-punto-1\/#primaryimage"},"image":{"@id":"https:\/\/turijnmagazijn.nl\/fr\/produit\/mecanique-serrure-set-avec-2-touches-fiat-punto-1\/#primaryimage"},"thumbnailUrl":"https:\/\/turijnmagazijn.nl\/wp-content\/uploads\/2023\/05\/DN0100306-Slot-clinder-set-compleet-met-2-sleutels-Fiat-blauw-Punto-2-712600040-3-jpg.webp","datePublished":"2023-05-27T20:19:15+00:00","breadcrumb":{"@id":"https:\/\/turijnmagazijn.nl\/fr\/produit\/mecanique-serrure-set-avec-2-touches-fiat-punto-1\/#breadcrumb"},"inLanguage":"fr-FR","potentialAction":[{"@type":"ReadAction","target":["https:\/\/turijnmagazijn.nl\/fr\/produit\/mecanique-serrure-set-avec-2-touches-fiat-punto-1\/"]}]},{"@type":"ImageObject","inLanguage":"fr-FR","@id":"https:\/\/turijnmagazijn.nl\/fr\/produit\/mecanique-serrure-set-avec-2-touches-fiat-punto-1\/#primaryimage","url":"https:\/\/turijnmagazijn.nl\/wp-content\/uploads\/2023\/05\/DN0100306-Slot-clinder-set-compleet-met-2-sleutels-Fiat-blauw-Punto-2-712600040-3-jpg.webp","contentUrl":"https:\/\/turijnmagazijn.nl\/wp-content\/uploads\/2023\/05\/DN0100306-Slot-clinder-set-compleet-met-2-sleutels-Fiat-blauw-Punto-2-712600040-3-jpg.webp","width":1024,"height":768},{"@type":"BreadcrumbList","@id":"https:\/\/turijnmagazijn.nl\/fr\/produit\/mecanique-serrure-set-avec-2-touches-fiat-punto-1\/#breadcrumb","itemListElement":[{"@type":"ListItem","position":1,"name":"Home","item":"https:\/\/turijnmagazijn.nl\/fr\/"},{"@type":"ListItem","position":2,"name":"Produits","item":"https:\/\/turijnmagazijn.nl\/fr\/shop\/"},{"@type":"ListItem","position":3,"name":"Serrure m\u00e9canique avec 2 touches Fiat Punto 1"}]},{"@type":"WebSite","@id":"https:\/\/turijnmagazijn.jumpstone-dev.nl\/#website","url":"https:\/\/turijnmagazijn.jumpstone-dev.nl\/","name":"Turijnmagazijn","description":"Onderdelen nieuw en gebruikt - Fiat &amp; Lancia","publisher":{"@id":"https:\/\/turijnmagazijn.jumpstone-dev.nl\/#organization"},"potentialAction":[{"@type":"SearchAction","target":{"@type":"EntryPoint","urlTemplate":"https:\/\/turijnmagazijn.jumpstone-dev.nl\/?s={search_term_string}"},"query-input":{"@type":"PropertyValueSpecification","valueRequired":true,"valueName":"search_term_string"}}],"inLanguage":"fr-FR"},{"@type":"Organization","@id":"https:\/\/turijnmagazijn.jumpstone-dev.nl\/#organization","name":"Turijnmagazijn","url":"https:\/\/turijnmagazijn.jumpstone-dev.nl\/","logo":{"@type":"ImageObject","inLanguage":"fr-FR","@id":"https:\/\/turijnmagazijn.jumpstone-dev.nl\/#\/schema\/logo\/image\/","url":"https:\/\/turijnmagazijn.nl\/wp-content\/uploads\/2021\/02\/turijnmagazijnlogo.png","contentUrl":"https:\/\/turijnmagazijn.nl\/wp-content\/uploads\/2021\/02\/turijnmagazijnlogo.png","width":555,"height":270,"caption":"Turijnmagazijn"},"image":{"@id":"https:\/\/turijnmagazijn.jumpstone-dev.nl\/#\/schema\/logo\/image\/"},"sameAs":["https:\/\/www.facebook.com\/turijnmagazijn"]}]}},"_links":{"self":[{"href":"https:\/\/turijnmagazijn.nl\/fr\/wp-json\/wp\/v2\/product\/69229","targetHints":{"allow":["GET"]}}],"collection":[{"href":"https:\/\/turijnmagazijn.nl\/fr\/wp-json\/wp\/v2\/product"}],"about":[{"href":"https:\/\/turijnmagazijn.nl\/fr\/wp-json\/wp\/v2\/types\/product"}],"replies":[{"embeddable":true,"href":"https:\/\/turijnmagazijn.nl\/fr\/wp-json\/wp\/v2\/comments?post=69229"}],"wp:featuredmedia":[{"embeddable":true,"href":"https:\/\/turijnmagazijn.nl\/fr\/wp-json\/wp\/v2\/media\/69500"}],"wp:attachment":[{"href":"https:\/\/turijnmagazijn.nl\/fr\/wp-json\/wp\/v2\/media?parent=69229"}],"wp:term":[{"taxonomy":"product_brand","embeddable":true,"href":"https:\/\/turijnmagazijn.nl\/fr\/wp-json\/wp\/v2\/product_brand?post=69229"},{"taxonomy":"product_cat","embeddable":true,"href":"https:\/\/turijnmagazijn.nl\/fr\/wp-json\/wp\/v2\/product_cat?post=69229"},{"taxonomy":"product_tag","embeddable":true,"href":"https:\/\/turijnmagazijn.nl\/fr\/wp-json\/wp\/v2\/product_tag?post=69229"}],"curies":[{"name":"wp","href":"https:\/\/api.w.org\/{rel}","templated":true}]}}