{"id":69276,"date":"2023-05-26T20:47:36","date_gmt":"2023-05-26T18:47:36","guid":{"rendered":"https:\/\/turijnmagazijn.nl\/product\/interrupteur-declairage-lancia-kappa-bouton-endommage-manquant\/"},"modified":"2023-07-27T13:18:26","modified_gmt":"2023-07-27T11:18:26","slug":"interrupteur-declairage-lancia-kappa-endommage-bouton-manquant","status":"publish","type":"product","link":"https:\/\/turijnmagazijn.nl\/fr\/produit\/interrupteur-declairage-lancia-kappa-endommage-bouton-manquant\/","title":{"rendered":"Interrupteur d\u2019\u00e9clairage Lancia Kappa bouton endommag\u00e9 manquant"},"content":{"rendered":"<p>Pi\u00e8ce usag\u00e9e. Interrupteur d\u2019\u00e9clairage pour Lancia Kappa avec ventilation de ventilation. Bloc d\u2019interrupteur pour l\u2019\u00e9clairage et \u00e9clairage du tableau de bord \u00e0 gradateur pour le montage \u00e0 gauche du volant.<\/p>\n<p>L\u2019appareil est en mauvais \u00e9tat et le cadran est compl\u00e8tement manquant.<\/p>\n<p>Cette unit\u00e9 fonctionne correctement.<\/p>\n<p>L\u2019interrupteur d\u2019\u00e9clairage contr\u00f4le l\u2019allumage des feux de croisement et de la lumi\u00e8re de la ville \u00e0 l\u2019aide d\u2019un interrupteur rotatif.<\/p>\n<p>Cet appareil peut \u00eatre utilis\u00e9 sur toutes les versions de la Lancia Kappa. Berline. SW et Coup\u00e9<\/p>\n<p>Lancia OEM 82485975<\/p>\n","protected":false},"excerpt":{"rendered":"<p>82485975 Interrupteur d\u2019\u00e9clairage Lancia Kappa &#8211; \u00c9l\u00e9ment de tableau de bord pour Lancia Kappa avec ventilation de ventilation. Bloc d\u2019interrupteur pour l\u2019\u00e9clairage et \u00e9clairage du tableau de bord \u00e0 gradateur pour le montage \u00e0 gauche du volant. Unit\u00e9 endommag\u00e9e!<\/p>\n","protected":false},"featured_media":69435,"comment_status":"closed","ping_status":"closed","template":"","meta":{"_acf_changed":false},"product_brand":[],"product_cat":[1862,1865,1860,1798,1870],"product_tag":[],"class_list":{"0":"post-69276","1":"product","2":"type-product","3":"status-publish","4":"has-post-thumbnail","6":"product_cat-berlina-fr","7":"product_cat-coupe-fr","8":"product_cat-kappa-838-fr","9":"product_cat-lancia-fr","10":"product_cat-sw-fr","11":"pa_soort-onderdeel-tableau-de-bord-et-commutateurs","13":"first","14":"instock","15":"sale","16":"shipping-taxable","17":"purchasable","18":"product-type-simple"},"acf":[],"yoast_head":"<!-- This site is optimized with the Yoast SEO plugin v27.2 - https:\/\/yoast.com\/product\/yoast-seo-wordpress\/ -->\n<title>Interrupteur d\u2019\u00e9clairage Lancia Kappa bouton endommag\u00e9 manquant - Turijnmagazijn<\/title>\n<meta name=\"robots\" content=\"index, follow, max-snippet:-1, max-image-preview:large, max-video-preview:-1\" \/>\n<link rel=\"canonical\" href=\"https:\/\/turijnmagazijn.nl\/fr\/produit\/interrupteur-declairage-lancia-kappa-endommage-bouton-manquant\/\" \/>\n<meta property=\"og:locale\" content=\"fr_FR\" \/>\n<meta property=\"og:type\" content=\"article\" \/>\n<meta property=\"og:title\" content=\"Interrupteur d\u2019\u00e9clairage Lancia Kappa bouton endommag\u00e9 manquant - Turijnmagazijn\" \/>\n<meta property=\"og:description\" content=\"82485975 Interrupteur d\u2019\u00e9clairage Lancia Kappa - \u00c9l\u00e9ment de tableau de bord pour Lancia Kappa avec ventilation de ventilation. Bloc d\u2019interrupteur pour l\u2019\u00e9clairage et \u00e9clairage du tableau de bord \u00e0 gradateur pour le montage \u00e0 gauche du volant. Unit\u00e9 endommag\u00e9e!\" \/>\n<meta property=\"og:url\" content=\"https:\/\/turijnmagazijn.nl\/fr\/produit\/interrupteur-declairage-lancia-kappa-endommage-bouton-manquant\/\" \/>\n<meta property=\"og:site_name\" content=\"Turijnmagazijn\" \/>\n<meta property=\"article:publisher\" content=\"https:\/\/www.facebook.com\/turijnmagazijn\" \/>\n<meta property=\"article:modified_time\" content=\"2023-07-27T11:18:26+00:00\" \/>\n<meta property=\"og:image\" content=\"https:\/\/turijnmagazijn.nl\/wp-content\/uploads\/2023\/05\/DK0102603-Verlichtingschakelaar-Lancia-Kappa-beschadigd-knop-ontbreekt-60626278-4-jpg.webp\" \/>\n\t<meta property=\"og:image:width\" content=\"1024\" \/>\n\t<meta property=\"og:image:height\" content=\"768\" \/>\n\t<meta property=\"og:image:type\" content=\"image\/jpeg\" \/>\n<meta name=\"twitter:card\" content=\"summary_large_image\" \/>\n<script type=\"application\/ld+json\" class=\"yoast-schema-graph\">{\"@context\":\"https:\/\/schema.org\",\"@graph\":[{\"@type\":\"WebPage\",\"@id\":\"https:\/\/turijnmagazijn.nl\/fr\/produit\/interrupteur-declairage-lancia-kappa-endommage-bouton-manquant\/\",\"url\":\"https:\/\/turijnmagazijn.nl\/fr\/produit\/interrupteur-declairage-lancia-kappa-endommage-bouton-manquant\/\",\"name\":\"Interrupteur d\u2019\u00e9clairage Lancia Kappa bouton endommag\u00e9 manquant - Turijnmagazijn\",\"isPartOf\":{\"@id\":\"https:\/\/turijnmagazijn.jumpstone-dev.nl\/#website\"},\"primaryImageOfPage\":{\"@id\":\"https:\/\/turijnmagazijn.nl\/fr\/produit\/interrupteur-declairage-lancia-kappa-endommage-bouton-manquant\/#primaryimage\"},\"image\":{\"@id\":\"https:\/\/turijnmagazijn.nl\/fr\/produit\/interrupteur-declairage-lancia-kappa-endommage-bouton-manquant\/#primaryimage\"},\"thumbnailUrl\":\"https:\/\/turijnmagazijn.nl\/wp-content\/uploads\/2023\/05\/DK0102603-Verlichtingschakelaar-Lancia-Kappa-beschadigd-knop-ontbreekt-60626278-4-jpg.webp\",\"datePublished\":\"2023-05-26T18:47:36+00:00\",\"dateModified\":\"2023-07-27T11:18:26+00:00\",\"breadcrumb\":{\"@id\":\"https:\/\/turijnmagazijn.nl\/fr\/produit\/interrupteur-declairage-lancia-kappa-endommage-bouton-manquant\/#breadcrumb\"},\"inLanguage\":\"fr-FR\",\"potentialAction\":[{\"@type\":\"ReadAction\",\"target\":[\"https:\/\/turijnmagazijn.nl\/fr\/produit\/interrupteur-declairage-lancia-kappa-endommage-bouton-manquant\/\"]}]},{\"@type\":\"ImageObject\",\"inLanguage\":\"fr-FR\",\"@id\":\"https:\/\/turijnmagazijn.nl\/fr\/produit\/interrupteur-declairage-lancia-kappa-endommage-bouton-manquant\/#primaryimage\",\"url\":\"https:\/\/turijnmagazijn.nl\/wp-content\/uploads\/2023\/05\/DK0102603-Verlichtingschakelaar-Lancia-Kappa-beschadigd-knop-ontbreekt-60626278-4-jpg.webp\",\"contentUrl\":\"https:\/\/turijnmagazijn.nl\/wp-content\/uploads\/2023\/05\/DK0102603-Verlichtingschakelaar-Lancia-Kappa-beschadigd-knop-ontbreekt-60626278-4-jpg.webp\",\"width\":1024,\"height\":768},{\"@type\":\"BreadcrumbList\",\"@id\":\"https:\/\/turijnmagazijn.nl\/fr\/produit\/interrupteur-declairage-lancia-kappa-endommage-bouton-manquant\/#breadcrumb\",\"itemListElement\":[{\"@type\":\"ListItem\",\"position\":1,\"name\":\"Home\",\"item\":\"https:\/\/turijnmagazijn.jumpstone-dev.nl\/\"},{\"@type\":\"ListItem\",\"position\":2,\"name\":\"Produits\",\"item\":\"https:\/\/turijnmagazijn.nl\/fr\/shop\/\"},{\"@type\":\"ListItem\",\"position\":3,\"name\":\"Interrupteur d\u2019\u00e9clairage Lancia Kappa bouton endommag\u00e9 manquant\"}]},{\"@type\":\"WebSite\",\"@id\":\"https:\/\/turijnmagazijn.jumpstone-dev.nl\/#website\",\"url\":\"https:\/\/turijnmagazijn.jumpstone-dev.nl\/\",\"name\":\"Turijnmagazijn\",\"description\":\"Onderdelen nieuw en gebruikt - Fiat &amp; Lancia\",\"publisher\":{\"@id\":\"https:\/\/turijnmagazijn.jumpstone-dev.nl\/#organization\"},\"potentialAction\":[{\"@type\":\"SearchAction\",\"target\":{\"@type\":\"EntryPoint\",\"urlTemplate\":\"https:\/\/turijnmagazijn.jumpstone-dev.nl\/?s={search_term_string}\"},\"query-input\":{\"@type\":\"PropertyValueSpecification\",\"valueRequired\":true,\"valueName\":\"search_term_string\"}}],\"inLanguage\":\"fr-FR\"},{\"@type\":\"Organization\",\"@id\":\"https:\/\/turijnmagazijn.jumpstone-dev.nl\/#organization\",\"name\":\"Turijnmagazijn\",\"url\":\"https:\/\/turijnmagazijn.jumpstone-dev.nl\/\",\"logo\":{\"@type\":\"ImageObject\",\"inLanguage\":\"fr-FR\",\"@id\":\"https:\/\/turijnmagazijn.jumpstone-dev.nl\/#\/schema\/logo\/image\/\",\"url\":\"https:\/\/turijnmagazijn.nl\/wp-content\/uploads\/2021\/02\/turijnmagazijnlogo.png\",\"contentUrl\":\"https:\/\/turijnmagazijn.nl\/wp-content\/uploads\/2021\/02\/turijnmagazijnlogo.png\",\"width\":555,\"height\":270,\"caption\":\"Turijnmagazijn\"},\"image\":{\"@id\":\"https:\/\/turijnmagazijn.jumpstone-dev.nl\/#\/schema\/logo\/image\/\"},\"sameAs\":[\"https:\/\/www.facebook.com\/turijnmagazijn\"]}]}<\/script>\n<!-- \/ Yoast SEO plugin. -->","yoast_head_json":{"title":"Interrupteur d\u2019\u00e9clairage Lancia Kappa bouton endommag\u00e9 manquant - Turijnmagazijn","robots":{"index":"index","follow":"follow","max-snippet":"max-snippet:-1","max-image-preview":"max-image-preview:large","max-video-preview":"max-video-preview:-1"},"canonical":"https:\/\/turijnmagazijn.nl\/fr\/produit\/interrupteur-declairage-lancia-kappa-endommage-bouton-manquant\/","og_locale":"fr_FR","og_type":"article","og_title":"Interrupteur d\u2019\u00e9clairage Lancia Kappa bouton endommag\u00e9 manquant - Turijnmagazijn","og_description":"82485975 Interrupteur d\u2019\u00e9clairage Lancia Kappa - \u00c9l\u00e9ment de tableau de bord pour Lancia Kappa avec ventilation de ventilation. Bloc d\u2019interrupteur pour l\u2019\u00e9clairage et \u00e9clairage du tableau de bord \u00e0 gradateur pour le montage \u00e0 gauche du volant. Unit\u00e9 endommag\u00e9e!","og_url":"https:\/\/turijnmagazijn.nl\/fr\/produit\/interrupteur-declairage-lancia-kappa-endommage-bouton-manquant\/","og_site_name":"Turijnmagazijn","article_publisher":"https:\/\/www.facebook.com\/turijnmagazijn","article_modified_time":"2023-07-27T11:18:26+00:00","og_image":[{"width":1024,"height":768,"url":"https:\/\/turijnmagazijn.nl\/wp-content\/uploads\/2023\/05\/DK0102603-Verlichtingschakelaar-Lancia-Kappa-beschadigd-knop-ontbreekt-60626278-4-jpg.webp","type":"image\/jpeg"}],"twitter_card":"summary_large_image","schema":{"@context":"https:\/\/schema.org","@graph":[{"@type":"WebPage","@id":"https:\/\/turijnmagazijn.nl\/fr\/produit\/interrupteur-declairage-lancia-kappa-endommage-bouton-manquant\/","url":"https:\/\/turijnmagazijn.nl\/fr\/produit\/interrupteur-declairage-lancia-kappa-endommage-bouton-manquant\/","name":"Interrupteur d\u2019\u00e9clairage Lancia Kappa bouton endommag\u00e9 manquant - Turijnmagazijn","isPartOf":{"@id":"https:\/\/turijnmagazijn.jumpstone-dev.nl\/#website"},"primaryImageOfPage":{"@id":"https:\/\/turijnmagazijn.nl\/fr\/produit\/interrupteur-declairage-lancia-kappa-endommage-bouton-manquant\/#primaryimage"},"image":{"@id":"https:\/\/turijnmagazijn.nl\/fr\/produit\/interrupteur-declairage-lancia-kappa-endommage-bouton-manquant\/#primaryimage"},"thumbnailUrl":"https:\/\/turijnmagazijn.nl\/wp-content\/uploads\/2023\/05\/DK0102603-Verlichtingschakelaar-Lancia-Kappa-beschadigd-knop-ontbreekt-60626278-4-jpg.webp","datePublished":"2023-05-26T18:47:36+00:00","dateModified":"2023-07-27T11:18:26+00:00","breadcrumb":{"@id":"https:\/\/turijnmagazijn.nl\/fr\/produit\/interrupteur-declairage-lancia-kappa-endommage-bouton-manquant\/#breadcrumb"},"inLanguage":"fr-FR","potentialAction":[{"@type":"ReadAction","target":["https:\/\/turijnmagazijn.nl\/fr\/produit\/interrupteur-declairage-lancia-kappa-endommage-bouton-manquant\/"]}]},{"@type":"ImageObject","inLanguage":"fr-FR","@id":"https:\/\/turijnmagazijn.nl\/fr\/produit\/interrupteur-declairage-lancia-kappa-endommage-bouton-manquant\/#primaryimage","url":"https:\/\/turijnmagazijn.nl\/wp-content\/uploads\/2023\/05\/DK0102603-Verlichtingschakelaar-Lancia-Kappa-beschadigd-knop-ontbreekt-60626278-4-jpg.webp","contentUrl":"https:\/\/turijnmagazijn.nl\/wp-content\/uploads\/2023\/05\/DK0102603-Verlichtingschakelaar-Lancia-Kappa-beschadigd-knop-ontbreekt-60626278-4-jpg.webp","width":1024,"height":768},{"@type":"BreadcrumbList","@id":"https:\/\/turijnmagazijn.nl\/fr\/produit\/interrupteur-declairage-lancia-kappa-endommage-bouton-manquant\/#breadcrumb","itemListElement":[{"@type":"ListItem","position":1,"name":"Home","item":"https:\/\/turijnmagazijn.jumpstone-dev.nl\/"},{"@type":"ListItem","position":2,"name":"Produits","item":"https:\/\/turijnmagazijn.nl\/fr\/shop\/"},{"@type":"ListItem","position":3,"name":"Interrupteur d\u2019\u00e9clairage Lancia Kappa bouton endommag\u00e9 manquant"}]},{"@type":"WebSite","@id":"https:\/\/turijnmagazijn.jumpstone-dev.nl\/#website","url":"https:\/\/turijnmagazijn.jumpstone-dev.nl\/","name":"Turijnmagazijn","description":"Onderdelen nieuw en gebruikt - Fiat &amp; Lancia","publisher":{"@id":"https:\/\/turijnmagazijn.jumpstone-dev.nl\/#organization"},"potentialAction":[{"@type":"SearchAction","target":{"@type":"EntryPoint","urlTemplate":"https:\/\/turijnmagazijn.jumpstone-dev.nl\/?s={search_term_string}"},"query-input":{"@type":"PropertyValueSpecification","valueRequired":true,"valueName":"search_term_string"}}],"inLanguage":"fr-FR"},{"@type":"Organization","@id":"https:\/\/turijnmagazijn.jumpstone-dev.nl\/#organization","name":"Turijnmagazijn","url":"https:\/\/turijnmagazijn.jumpstone-dev.nl\/","logo":{"@type":"ImageObject","inLanguage":"fr-FR","@id":"https:\/\/turijnmagazijn.jumpstone-dev.nl\/#\/schema\/logo\/image\/","url":"https:\/\/turijnmagazijn.nl\/wp-content\/uploads\/2021\/02\/turijnmagazijnlogo.png","contentUrl":"https:\/\/turijnmagazijn.nl\/wp-content\/uploads\/2021\/02\/turijnmagazijnlogo.png","width":555,"height":270,"caption":"Turijnmagazijn"},"image":{"@id":"https:\/\/turijnmagazijn.jumpstone-dev.nl\/#\/schema\/logo\/image\/"},"sameAs":["https:\/\/www.facebook.com\/turijnmagazijn"]}]}},"_links":{"self":[{"href":"https:\/\/turijnmagazijn.nl\/fr\/wp-json\/wp\/v2\/product\/69276","targetHints":{"allow":["GET"]}}],"collection":[{"href":"https:\/\/turijnmagazijn.nl\/fr\/wp-json\/wp\/v2\/product"}],"about":[{"href":"https:\/\/turijnmagazijn.nl\/fr\/wp-json\/wp\/v2\/types\/product"}],"replies":[{"embeddable":true,"href":"https:\/\/turijnmagazijn.nl\/fr\/wp-json\/wp\/v2\/comments?post=69276"}],"wp:featuredmedia":[{"embeddable":true,"href":"https:\/\/turijnmagazijn.nl\/fr\/wp-json\/wp\/v2\/media\/69435"}],"wp:attachment":[{"href":"https:\/\/turijnmagazijn.nl\/fr\/wp-json\/wp\/v2\/media?parent=69276"}],"wp:term":[{"taxonomy":"product_brand","embeddable":true,"href":"https:\/\/turijnmagazijn.nl\/fr\/wp-json\/wp\/v2\/product_brand?post=69276"},{"taxonomy":"product_cat","embeddable":true,"href":"https:\/\/turijnmagazijn.nl\/fr\/wp-json\/wp\/v2\/product_cat?post=69276"},{"taxonomy":"product_tag","embeddable":true,"href":"https:\/\/turijnmagazijn.nl\/fr\/wp-json\/wp\/v2\/product_tag?post=69276"}],"curies":[{"name":"wp","href":"https:\/\/api.w.org\/{rel}","templated":true}]}}