{"id":69319,"date":"2023-04-28T15:45:08","date_gmt":"2023-04-28T13:45:08","guid":{"rendered":"https:\/\/turijnmagazijn.nl\/product\/eclairage-interieur-unite-centrale-plafond-lancia-kappa\/"},"modified":"2023-04-28T15:45:08","modified_gmt":"2023-04-28T13:45:08","slug":"eclairage-interieur-central-unite-plafond-lancia-kappa-3","status":"publish","type":"product","link":"https:\/\/turijnmagazijn.nl\/fr\/produit\/eclairage-interieur-central-unite-plafond-lancia-kappa-3\/","title":{"rendered":"\u00c9clairage int\u00e9rieur unit\u00e9 centrale plafond Lancia Kappa"},"content":{"rendered":"<p>\u00c9clairage int\u00e9rieur de plafonnier utilis\u00e9 pour montage dans le ciel de Lancia Kappa. Provenant d\u2019une berline construite en 1998. Le plafonnier fonctionne bien et est \u00e9quip\u00e9 de toutes les lumi\u00e8res.<\/p>\n<p>Equip\u00e9 d\u2019un capteur optique pour l\u2019alarme par le producteur TRW Sipea avec connexion 12 broches. Le plafonnier a une connexion \u00e0 trois broches.<\/p>\n<p>Cet appareil est<strong> endommag\u00e9.<\/strong> Le capuchon de l\u2019appareil de contr\u00f4le de la t\u00e9l\u00e9commande du syst\u00e8me de verrouillage central est manquant et un c\u00e2ble desserr\u00e9 est suspendu. Supposons que cette section est d\u00e9fectueuse. Voir les photos d\u00e9taill\u00e9es.<\/p>\n<p>Inscriptions sur l\u2019unit\u00e9:<br \/>\n1133397<\/p>\n<p>Num\u00e9ro OEM Lancia 720162060<\/p>\n","protected":false},"excerpt":{"rendered":"<p>\u00c9clairage int\u00e9rieur unit\u00e9 centrale plafond Lancia Kappa &#8211; Plafonnier \u00e9clairage int\u00e9rieur pour montage dans le ciel de Lancia Kappa.<\/p>\n","protected":false},"featured_media":68242,"comment_status":"closed","ping_status":"closed","template":"","meta":{"_acf_changed":false},"product_brand":[],"product_cat":[1862,1865,1860,1798,1870],"product_tag":[],"class_list":{"0":"post-69319","1":"product","2":"type-product","3":"status-publish","4":"has-post-thumbnail","6":"product_cat-berlina-fr","7":"product_cat-coupe-fr","8":"product_cat-kappa-838-fr","9":"product_cat-lancia-fr","10":"product_cat-sw-fr","11":"pa_soort-onderdeel-eclairage","13":"first","14":"instock","15":"shipping-taxable","16":"purchasable","17":"product-type-simple"},"acf":[],"yoast_head":"<!-- This site is optimized with the Yoast SEO plugin v27.3 - https:\/\/yoast.com\/product\/yoast-seo-wordpress\/ -->\n<title>\u00c9clairage int\u00e9rieur unit\u00e9 centrale plafond Lancia Kappa - Turijnmagazijn<\/title>\n<meta name=\"robots\" content=\"index, follow, max-snippet:-1, max-image-preview:large, max-video-preview:-1\" \/>\n<link rel=\"canonical\" href=\"https:\/\/turijnmagazijn.nl\/fr\/produit\/eclairage-interieur-central-unite-plafond-lancia-kappa-3\/\" \/>\n<meta property=\"og:locale\" content=\"fr_FR\" \/>\n<meta property=\"og:type\" content=\"article\" \/>\n<meta property=\"og:title\" content=\"\u00c9clairage int\u00e9rieur unit\u00e9 centrale plafond Lancia Kappa - Turijnmagazijn\" \/>\n<meta property=\"og:description\" content=\"\u00c9clairage int\u00e9rieur unit\u00e9 centrale plafond Lancia Kappa - Plafonnier \u00e9clairage int\u00e9rieur pour montage dans le ciel de Lancia Kappa.\" \/>\n<meta property=\"og:url\" content=\"https:\/\/turijnmagazijn.nl\/fr\/produit\/eclairage-interieur-central-unite-plafond-lancia-kappa-3\/\" \/>\n<meta property=\"og:site_name\" content=\"Turijnmagazijn\" \/>\n<meta property=\"article:publisher\" content=\"https:\/\/www.facebook.com\/turijnmagazijn\" \/>\n<meta property=\"og:image\" content=\"https:\/\/turijnmagazijn.jumpstone-dev.nl\/wp-content\/uploads\/2023\/04\/DK0102564-Interieurverlichting-centrale-unit-plafond-Lancia-Kappa-720162060-2-jpg.webp\" \/>\n\t<meta property=\"og:image:width\" content=\"1024\" \/>\n\t<meta property=\"og:image:height\" content=\"768\" \/>\n\t<meta property=\"og:image:type\" content=\"image\/jpeg\" \/>\n<meta name=\"twitter:card\" content=\"summary_large_image\" \/>\n<meta name=\"twitter:label1\" content=\"Dur\u00e9e de lecture estim\u00e9e\" \/>\n\t<meta name=\"twitter:data1\" content=\"1 minute\" \/>\n<script type=\"application\/ld+json\" class=\"yoast-schema-graph\">{\"@context\":\"https:\\\/\\\/schema.org\",\"@graph\":[{\"@type\":\"WebPage\",\"@id\":\"https:\\\/\\\/turijnmagazijn.nl\\\/fr\\\/produit\\\/eclairage-interieur-central-unite-plafond-lancia-kappa-3\\\/\",\"url\":\"https:\\\/\\\/turijnmagazijn.nl\\\/fr\\\/produit\\\/eclairage-interieur-central-unite-plafond-lancia-kappa-3\\\/\",\"name\":\"\u00c9clairage int\u00e9rieur unit\u00e9 centrale plafond Lancia Kappa - Turijnmagazijn\",\"isPartOf\":{\"@id\":\"https:\\\/\\\/turijnmagazijn.jumpstone-dev.nl\\\/#website\"},\"primaryImageOfPage\":{\"@id\":\"https:\\\/\\\/turijnmagazijn.nl\\\/fr\\\/produit\\\/eclairage-interieur-central-unite-plafond-lancia-kappa-3\\\/#primaryimage\"},\"image\":{\"@id\":\"https:\\\/\\\/turijnmagazijn.nl\\\/fr\\\/produit\\\/eclairage-interieur-central-unite-plafond-lancia-kappa-3\\\/#primaryimage\"},\"thumbnailUrl\":\"https:\\\/\\\/turijnmagazijn.nl\\\/wp-content\\\/uploads\\\/2023\\\/04\\\/DK0102564-Interieurverlichting-centrale-unit-plafond-Lancia-Kappa-720162060-2-jpg.webp\",\"datePublished\":\"2023-04-28T13:45:08+00:00\",\"breadcrumb\":{\"@id\":\"https:\\\/\\\/turijnmagazijn.nl\\\/fr\\\/produit\\\/eclairage-interieur-central-unite-plafond-lancia-kappa-3\\\/#breadcrumb\"},\"inLanguage\":\"fr-FR\",\"potentialAction\":[{\"@type\":\"ReadAction\",\"target\":[\"https:\\\/\\\/turijnmagazijn.nl\\\/fr\\\/produit\\\/eclairage-interieur-central-unite-plafond-lancia-kappa-3\\\/\"]}]},{\"@type\":\"ImageObject\",\"inLanguage\":\"fr-FR\",\"@id\":\"https:\\\/\\\/turijnmagazijn.nl\\\/fr\\\/produit\\\/eclairage-interieur-central-unite-plafond-lancia-kappa-3\\\/#primaryimage\",\"url\":\"https:\\\/\\\/turijnmagazijn.nl\\\/wp-content\\\/uploads\\\/2023\\\/04\\\/DK0102564-Interieurverlichting-centrale-unit-plafond-Lancia-Kappa-720162060-2-jpg.webp\",\"contentUrl\":\"https:\\\/\\\/turijnmagazijn.nl\\\/wp-content\\\/uploads\\\/2023\\\/04\\\/DK0102564-Interieurverlichting-centrale-unit-plafond-Lancia-Kappa-720162060-2-jpg.webp\",\"width\":1024,\"height\":768,\"caption\":\"720162060\"},{\"@type\":\"BreadcrumbList\",\"@id\":\"https:\\\/\\\/turijnmagazijn.nl\\\/fr\\\/produit\\\/eclairage-interieur-central-unite-plafond-lancia-kappa-3\\\/#breadcrumb\",\"itemListElement\":[{\"@type\":\"ListItem\",\"position\":1,\"name\":\"Home\",\"item\":\"https:\\\/\\\/turijnmagazijn.nl\\\/fr\\\/\"},{\"@type\":\"ListItem\",\"position\":2,\"name\":\"Produits\",\"item\":\"https:\\\/\\\/turijnmagazijn.nl\\\/fr\\\/shop\\\/\"},{\"@type\":\"ListItem\",\"position\":3,\"name\":\"\u00c9clairage int\u00e9rieur unit\u00e9 centrale plafond Lancia Kappa\"}]},{\"@type\":\"WebSite\",\"@id\":\"https:\\\/\\\/turijnmagazijn.jumpstone-dev.nl\\\/#website\",\"url\":\"https:\\\/\\\/turijnmagazijn.jumpstone-dev.nl\\\/\",\"name\":\"Turijnmagazijn\",\"description\":\"Onderdelen nieuw en gebruikt - Fiat &amp; Lancia\",\"publisher\":{\"@id\":\"https:\\\/\\\/turijnmagazijn.jumpstone-dev.nl\\\/#organization\"},\"potentialAction\":[{\"@type\":\"SearchAction\",\"target\":{\"@type\":\"EntryPoint\",\"urlTemplate\":\"https:\\\/\\\/turijnmagazijn.jumpstone-dev.nl\\\/?s={search_term_string}\"},\"query-input\":{\"@type\":\"PropertyValueSpecification\",\"valueRequired\":true,\"valueName\":\"search_term_string\"}}],\"inLanguage\":\"fr-FR\"},{\"@type\":\"Organization\",\"@id\":\"https:\\\/\\\/turijnmagazijn.jumpstone-dev.nl\\\/#organization\",\"name\":\"Turijnmagazijn\",\"url\":\"https:\\\/\\\/turijnmagazijn.jumpstone-dev.nl\\\/\",\"logo\":{\"@type\":\"ImageObject\",\"inLanguage\":\"fr-FR\",\"@id\":\"https:\\\/\\\/turijnmagazijn.jumpstone-dev.nl\\\/#\\\/schema\\\/logo\\\/image\\\/\",\"url\":\"https:\\\/\\\/turijnmagazijn.nl\\\/wp-content\\\/uploads\\\/2021\\\/02\\\/turijnmagazijnlogo.png\",\"contentUrl\":\"https:\\\/\\\/turijnmagazijn.nl\\\/wp-content\\\/uploads\\\/2021\\\/02\\\/turijnmagazijnlogo.png\",\"width\":555,\"height\":270,\"caption\":\"Turijnmagazijn\"},\"image\":{\"@id\":\"https:\\\/\\\/turijnmagazijn.jumpstone-dev.nl\\\/#\\\/schema\\\/logo\\\/image\\\/\"},\"sameAs\":[\"https:\\\/\\\/www.facebook.com\\\/turijnmagazijn\"]}]}<\/script>\n<!-- \/ Yoast SEO plugin. -->","yoast_head_json":{"title":"\u00c9clairage int\u00e9rieur unit\u00e9 centrale plafond Lancia Kappa - Turijnmagazijn","robots":{"index":"index","follow":"follow","max-snippet":"max-snippet:-1","max-image-preview":"max-image-preview:large","max-video-preview":"max-video-preview:-1"},"canonical":"https:\/\/turijnmagazijn.nl\/fr\/produit\/eclairage-interieur-central-unite-plafond-lancia-kappa-3\/","og_locale":"fr_FR","og_type":"article","og_title":"\u00c9clairage int\u00e9rieur unit\u00e9 centrale plafond Lancia Kappa - Turijnmagazijn","og_description":"\u00c9clairage int\u00e9rieur unit\u00e9 centrale plafond Lancia Kappa - Plafonnier \u00e9clairage int\u00e9rieur pour montage dans le ciel de Lancia Kappa.","og_url":"https:\/\/turijnmagazijn.nl\/fr\/produit\/eclairage-interieur-central-unite-plafond-lancia-kappa-3\/","og_site_name":"Turijnmagazijn","article_publisher":"https:\/\/www.facebook.com\/turijnmagazijn","og_image":[{"width":1024,"height":768,"url":"https:\/\/turijnmagazijn.jumpstone-dev.nl\/wp-content\/uploads\/2023\/04\/DK0102564-Interieurverlichting-centrale-unit-plafond-Lancia-Kappa-720162060-2-jpg.webp","type":"image\/jpeg"}],"twitter_card":"summary_large_image","twitter_misc":{"Dur\u00e9e de lecture estim\u00e9e":"1 minute"},"schema":{"@context":"https:\/\/schema.org","@graph":[{"@type":"WebPage","@id":"https:\/\/turijnmagazijn.nl\/fr\/produit\/eclairage-interieur-central-unite-plafond-lancia-kappa-3\/","url":"https:\/\/turijnmagazijn.nl\/fr\/produit\/eclairage-interieur-central-unite-plafond-lancia-kappa-3\/","name":"\u00c9clairage int\u00e9rieur unit\u00e9 centrale plafond Lancia Kappa - Turijnmagazijn","isPartOf":{"@id":"https:\/\/turijnmagazijn.jumpstone-dev.nl\/#website"},"primaryImageOfPage":{"@id":"https:\/\/turijnmagazijn.nl\/fr\/produit\/eclairage-interieur-central-unite-plafond-lancia-kappa-3\/#primaryimage"},"image":{"@id":"https:\/\/turijnmagazijn.nl\/fr\/produit\/eclairage-interieur-central-unite-plafond-lancia-kappa-3\/#primaryimage"},"thumbnailUrl":"https:\/\/turijnmagazijn.nl\/wp-content\/uploads\/2023\/04\/DK0102564-Interieurverlichting-centrale-unit-plafond-Lancia-Kappa-720162060-2-jpg.webp","datePublished":"2023-04-28T13:45:08+00:00","breadcrumb":{"@id":"https:\/\/turijnmagazijn.nl\/fr\/produit\/eclairage-interieur-central-unite-plafond-lancia-kappa-3\/#breadcrumb"},"inLanguage":"fr-FR","potentialAction":[{"@type":"ReadAction","target":["https:\/\/turijnmagazijn.nl\/fr\/produit\/eclairage-interieur-central-unite-plafond-lancia-kappa-3\/"]}]},{"@type":"ImageObject","inLanguage":"fr-FR","@id":"https:\/\/turijnmagazijn.nl\/fr\/produit\/eclairage-interieur-central-unite-plafond-lancia-kappa-3\/#primaryimage","url":"https:\/\/turijnmagazijn.nl\/wp-content\/uploads\/2023\/04\/DK0102564-Interieurverlichting-centrale-unit-plafond-Lancia-Kappa-720162060-2-jpg.webp","contentUrl":"https:\/\/turijnmagazijn.nl\/wp-content\/uploads\/2023\/04\/DK0102564-Interieurverlichting-centrale-unit-plafond-Lancia-Kappa-720162060-2-jpg.webp","width":1024,"height":768,"caption":"720162060"},{"@type":"BreadcrumbList","@id":"https:\/\/turijnmagazijn.nl\/fr\/produit\/eclairage-interieur-central-unite-plafond-lancia-kappa-3\/#breadcrumb","itemListElement":[{"@type":"ListItem","position":1,"name":"Home","item":"https:\/\/turijnmagazijn.nl\/fr\/"},{"@type":"ListItem","position":2,"name":"Produits","item":"https:\/\/turijnmagazijn.nl\/fr\/shop\/"},{"@type":"ListItem","position":3,"name":"\u00c9clairage int\u00e9rieur unit\u00e9 centrale plafond Lancia Kappa"}]},{"@type":"WebSite","@id":"https:\/\/turijnmagazijn.jumpstone-dev.nl\/#website","url":"https:\/\/turijnmagazijn.jumpstone-dev.nl\/","name":"Turijnmagazijn","description":"Onderdelen nieuw en gebruikt - Fiat &amp; Lancia","publisher":{"@id":"https:\/\/turijnmagazijn.jumpstone-dev.nl\/#organization"},"potentialAction":[{"@type":"SearchAction","target":{"@type":"EntryPoint","urlTemplate":"https:\/\/turijnmagazijn.jumpstone-dev.nl\/?s={search_term_string}"},"query-input":{"@type":"PropertyValueSpecification","valueRequired":true,"valueName":"search_term_string"}}],"inLanguage":"fr-FR"},{"@type":"Organization","@id":"https:\/\/turijnmagazijn.jumpstone-dev.nl\/#organization","name":"Turijnmagazijn","url":"https:\/\/turijnmagazijn.jumpstone-dev.nl\/","logo":{"@type":"ImageObject","inLanguage":"fr-FR","@id":"https:\/\/turijnmagazijn.jumpstone-dev.nl\/#\/schema\/logo\/image\/","url":"https:\/\/turijnmagazijn.nl\/wp-content\/uploads\/2021\/02\/turijnmagazijnlogo.png","contentUrl":"https:\/\/turijnmagazijn.nl\/wp-content\/uploads\/2021\/02\/turijnmagazijnlogo.png","width":555,"height":270,"caption":"Turijnmagazijn"},"image":{"@id":"https:\/\/turijnmagazijn.jumpstone-dev.nl\/#\/schema\/logo\/image\/"},"sameAs":["https:\/\/www.facebook.com\/turijnmagazijn"]}]}},"_links":{"self":[{"href":"https:\/\/turijnmagazijn.nl\/fr\/wp-json\/wp\/v2\/product\/69319","targetHints":{"allow":["GET"]}}],"collection":[{"href":"https:\/\/turijnmagazijn.nl\/fr\/wp-json\/wp\/v2\/product"}],"about":[{"href":"https:\/\/turijnmagazijn.nl\/fr\/wp-json\/wp\/v2\/types\/product"}],"replies":[{"embeddable":true,"href":"https:\/\/turijnmagazijn.nl\/fr\/wp-json\/wp\/v2\/comments?post=69319"}],"wp:featuredmedia":[{"embeddable":true,"href":"https:\/\/turijnmagazijn.nl\/fr\/wp-json\/wp\/v2\/media\/68242"}],"wp:attachment":[{"href":"https:\/\/turijnmagazijn.nl\/fr\/wp-json\/wp\/v2\/media?parent=69319"}],"wp:term":[{"taxonomy":"product_brand","embeddable":true,"href":"https:\/\/turijnmagazijn.nl\/fr\/wp-json\/wp\/v2\/product_brand?post=69319"},{"taxonomy":"product_cat","embeddable":true,"href":"https:\/\/turijnmagazijn.nl\/fr\/wp-json\/wp\/v2\/product_cat?post=69319"},{"taxonomy":"product_tag","embeddable":true,"href":"https:\/\/turijnmagazijn.nl\/fr\/wp-json\/wp\/v2\/product_tag?post=69319"}],"curies":[{"name":"wp","href":"https:\/\/api.w.org\/{rel}","templated":true}]}}