{"id":69762,"date":"2023-06-28T20:28:00","date_gmt":"2023-06-28T18:28:00","guid":{"rendered":"https:\/\/turijnmagazijn.nl\/?post_type=product&#038;p=69762"},"modified":"2026-01-20T19:15:39","modified_gmt":"2026-01-20T18:15:39","slug":"couverture-de-moyeu-speedline-delta-integral-blanc-martini-set-4pcs","status":"publish","type":"product","link":"https:\/\/turijnmagazijn.nl\/fr\/produit\/couverture-de-moyeu-speedline-delta-integral-blanc-martini-set-4pcs\/","title":{"rendered":"Housse de moyeu Speedline Delta Integrale blanc Martini set 4pcs"},"content":{"rendered":"<p>Jeu de 4 enjoliveurs imitation pour roues Speedline sur Lancia Delta Integrale. Il s\u2019agit d\u2019une base blanche (impression 3D) avec un logo Martini bomb\u00e9 sur un fond de rayures de course de martini. Il s&rsquo;agit d&rsquo;un mod\u00e8le de notre choix que nous avons produit nous-m\u00eames et qui n&rsquo;est disponible nulle part ailleurs.  &nbsp;  Nouvelle pi\u00e8ce d&rsquo;imitation. Excellente alternative au couvercle d&rsquo;origine fourni par Lancia sous les num\u00e9ros 82355891 46424280 et 46784941 qui ne sont malheureusement plus disponibles.  <strong>Production propre aux Pays-Bas, directement disponible en stock.<\/strong><\/p>\n<p>&nbsp;  Le type d&rsquo;enjoliveurs que cette reproduction remplace \u00e9tait utilis\u00e9 de s\u00e9rie sur les voitures suivantes ;  <\/p>\n<ul>\n<li>Lancia Delta I avec mod\u00e8les Integrale et EVO<\/li>\n<li>Lancia Dedra I<\/li>\n<li>Th\u00e8me Lancia<\/li>\n<li>Lancia Kappa\n<ul>\n<li>Type de jante 46438588<\/li>\n<\/ul>\n<\/li>\n<li>Lancia Delta II<\/li>\n<li>Lancia Ypsilon 1\n<ul>\n<li>Type de jante 46777506<\/li>\n<\/ul>\n<\/li>\n<\/ul>\n<p>  Pour illustrer votre propos, vous trouverez ci-joint des photos de types de jantes sur lesquelles ces enjoliveurs s&rsquo;adaptent parfaitement. mots cl\u00e9s : enjoliveur, enjoliveur, centre de roue, centre de roue, enjoliveur  &nbsp;<\/p>\n","protected":false},"excerpt":{"rendered":"<p>Jeu de 4 enjoliveurs imitation pour roues Speedline sur Lancia Delta Integrale. Logo Martini.<\/p>\n","protected":false},"featured_media":69772,"comment_status":"closed","ping_status":"closed","template":"","meta":{"_acf_changed":false},"product_brand":[],"product_cat":[1809,1806,1819,1821,1825,1836,1830,1838,1798],"product_tag":[],"class_list":{"0":"post-69762","1":"product","2":"type-product","3":"status-publish","4":"has-post-thumbnail","6":"product_cat-1-1-1-3-1-5-fr","7":"product_cat-delta-1-831-fr","8":"product_cat-gt-i-e-fr","9":"product_cat-hf-4wd-fr","10":"product_cat-hf-turbo-fr","11":"product_cat-integrale-16v-fr","12":"product_cat-integrale-8v-fr","13":"product_cat-integrale-evo-fr","14":"product_cat-lancia-fr","15":"pa_soort-onderdeel-carrosserie-et-tolerie","17":"first","18":"instock","19":"sale","20":"taxable","21":"shipping-taxable","22":"purchasable","23":"product-type-simple"},"acf":[],"yoast_head":"<!-- This site is optimized with the Yoast SEO plugin v27.2 - https:\/\/yoast.com\/product\/yoast-seo-wordpress\/ -->\n<title>Housse de moyeu Speedline Delta Integrale blanc Martini set 4pcs - Turijnmagazijn<\/title>\n<meta name=\"robots\" content=\"index, follow, max-snippet:-1, max-image-preview:large, max-video-preview:-1\" \/>\n<link rel=\"canonical\" href=\"https:\/\/turijnmagazijn.nl\/fr\/produit\/couverture-de-moyeu-speedline-delta-integral-blanc-martini-set-4pcs\/\" \/>\n<meta property=\"og:locale\" content=\"fr_FR\" \/>\n<meta property=\"og:type\" content=\"article\" \/>\n<meta property=\"og:title\" content=\"Housse de moyeu Speedline Delta Integrale blanc Martini set 4pcs - Turijnmagazijn\" \/>\n<meta property=\"og:description\" content=\"Jeu de 4 enjoliveurs imitation pour roues Speedline sur Lancia Delta Integrale. Logo Martini.\" \/>\n<meta property=\"og:url\" content=\"https:\/\/turijnmagazijn.nl\/fr\/produit\/couverture-de-moyeu-speedline-delta-integral-blanc-martini-set-4pcs\/\" \/>\n<meta property=\"og:site_name\" content=\"Turijnmagazijn\" \/>\n<meta property=\"article:publisher\" content=\"https:\/\/www.facebook.com\/turijnmagazijn\" \/>\n<meta property=\"article:modified_time\" content=\"2026-01-20T18:15:39+00:00\" \/>\n<meta property=\"og:image\" content=\"https:\/\/turijnmagazijn.nl\/wp-content\/uploads\/2023\/06\/DN0100316-Naafdeksel-Speedline-Delta-Integrale-wit-Martini-set-4st-3-jpeg.webp\" \/>\n\t<meta property=\"og:image:width\" content=\"968\" \/>\n\t<meta property=\"og:image:height\" content=\"768\" \/>\n\t<meta property=\"og:image:type\" content=\"image\/jpeg\" \/>\n<meta name=\"twitter:card\" content=\"summary_large_image\" \/>\n<meta name=\"twitter:label1\" content=\"Dur\u00e9e de lecture estim\u00e9e\" \/>\n\t<meta name=\"twitter:data1\" content=\"1 minute\" \/>\n<script type=\"application\/ld+json\" class=\"yoast-schema-graph\">{\"@context\":\"https:\/\/schema.org\",\"@graph\":[{\"@type\":\"WebPage\",\"@id\":\"https:\/\/turijnmagazijn.nl\/fr\/produit\/couverture-de-moyeu-speedline-delta-integral-blanc-martini-set-4pcs\/\",\"url\":\"https:\/\/turijnmagazijn.nl\/fr\/produit\/couverture-de-moyeu-speedline-delta-integral-blanc-martini-set-4pcs\/\",\"name\":\"Housse de moyeu Speedline Delta Integrale blanc Martini set 4pcs - Turijnmagazijn\",\"isPartOf\":{\"@id\":\"https:\/\/turijnmagazijn.jumpstone-dev.nl\/#website\"},\"primaryImageOfPage\":{\"@id\":\"https:\/\/turijnmagazijn.nl\/fr\/produit\/couverture-de-moyeu-speedline-delta-integral-blanc-martini-set-4pcs\/#primaryimage\"},\"image\":{\"@id\":\"https:\/\/turijnmagazijn.nl\/fr\/produit\/couverture-de-moyeu-speedline-delta-integral-blanc-martini-set-4pcs\/#primaryimage\"},\"thumbnailUrl\":\"https:\/\/turijnmagazijn.nl\/wp-content\/uploads\/2023\/06\/DN0100316-Naafdeksel-Speedline-Delta-Integrale-wit-Martini-set-4st-3-jpeg.webp\",\"datePublished\":\"2023-06-28T18:28:00+00:00\",\"dateModified\":\"2026-01-20T18:15:39+00:00\",\"breadcrumb\":{\"@id\":\"https:\/\/turijnmagazijn.nl\/fr\/produit\/couverture-de-moyeu-speedline-delta-integral-blanc-martini-set-4pcs\/#breadcrumb\"},\"inLanguage\":\"fr-FR\",\"potentialAction\":[{\"@type\":\"ReadAction\",\"target\":[\"https:\/\/turijnmagazijn.nl\/fr\/produit\/couverture-de-moyeu-speedline-delta-integral-blanc-martini-set-4pcs\/\"]}]},{\"@type\":\"ImageObject\",\"inLanguage\":\"fr-FR\",\"@id\":\"https:\/\/turijnmagazijn.nl\/fr\/produit\/couverture-de-moyeu-speedline-delta-integral-blanc-martini-set-4pcs\/#primaryimage\",\"url\":\"https:\/\/turijnmagazijn.nl\/wp-content\/uploads\/2023\/06\/DN0100316-Naafdeksel-Speedline-Delta-Integrale-wit-Martini-set-4st-3-jpeg.webp\",\"contentUrl\":\"https:\/\/turijnmagazijn.nl\/wp-content\/uploads\/2023\/06\/DN0100316-Naafdeksel-Speedline-Delta-Integrale-wit-Martini-set-4st-3-jpeg.webp\",\"width\":968,\"height\":768},{\"@type\":\"BreadcrumbList\",\"@id\":\"https:\/\/turijnmagazijn.nl\/fr\/produit\/couverture-de-moyeu-speedline-delta-integral-blanc-martini-set-4pcs\/#breadcrumb\",\"itemListElement\":[{\"@type\":\"ListItem\",\"position\":1,\"name\":\"Home\",\"item\":\"https:\/\/turijnmagazijn.nl\/fr\/\"},{\"@type\":\"ListItem\",\"position\":2,\"name\":\"Produits\",\"item\":\"https:\/\/turijnmagazijn.nl\/fr\/shop\/\"},{\"@type\":\"ListItem\",\"position\":3,\"name\":\"Housse de moyeu Speedline Delta Integrale blanc Martini set 4pcs\"}]},{\"@type\":\"WebSite\",\"@id\":\"https:\/\/turijnmagazijn.jumpstone-dev.nl\/#website\",\"url\":\"https:\/\/turijnmagazijn.jumpstone-dev.nl\/\",\"name\":\"Turijnmagazijn\",\"description\":\"Onderdelen nieuw en gebruikt - Fiat &amp; Lancia\",\"publisher\":{\"@id\":\"https:\/\/turijnmagazijn.jumpstone-dev.nl\/#organization\"},\"potentialAction\":[{\"@type\":\"SearchAction\",\"target\":{\"@type\":\"EntryPoint\",\"urlTemplate\":\"https:\/\/turijnmagazijn.jumpstone-dev.nl\/?s={search_term_string}\"},\"query-input\":{\"@type\":\"PropertyValueSpecification\",\"valueRequired\":true,\"valueName\":\"search_term_string\"}}],\"inLanguage\":\"fr-FR\"},{\"@type\":\"Organization\",\"@id\":\"https:\/\/turijnmagazijn.jumpstone-dev.nl\/#organization\",\"name\":\"Turijnmagazijn\",\"url\":\"https:\/\/turijnmagazijn.jumpstone-dev.nl\/\",\"logo\":{\"@type\":\"ImageObject\",\"inLanguage\":\"fr-FR\",\"@id\":\"https:\/\/turijnmagazijn.jumpstone-dev.nl\/#\/schema\/logo\/image\/\",\"url\":\"https:\/\/turijnmagazijn.nl\/wp-content\/uploads\/2021\/02\/turijnmagazijnlogo.png\",\"contentUrl\":\"https:\/\/turijnmagazijn.nl\/wp-content\/uploads\/2021\/02\/turijnmagazijnlogo.png\",\"width\":555,\"height\":270,\"caption\":\"Turijnmagazijn\"},\"image\":{\"@id\":\"https:\/\/turijnmagazijn.jumpstone-dev.nl\/#\/schema\/logo\/image\/\"},\"sameAs\":[\"https:\/\/www.facebook.com\/turijnmagazijn\"]}]}<\/script>\n<!-- \/ Yoast SEO plugin. -->","yoast_head_json":{"title":"Housse de moyeu Speedline Delta Integrale blanc Martini set 4pcs - Turijnmagazijn","robots":{"index":"index","follow":"follow","max-snippet":"max-snippet:-1","max-image-preview":"max-image-preview:large","max-video-preview":"max-video-preview:-1"},"canonical":"https:\/\/turijnmagazijn.nl\/fr\/produit\/couverture-de-moyeu-speedline-delta-integral-blanc-martini-set-4pcs\/","og_locale":"fr_FR","og_type":"article","og_title":"Housse de moyeu Speedline Delta Integrale blanc Martini set 4pcs - Turijnmagazijn","og_description":"Jeu de 4 enjoliveurs imitation pour roues Speedline sur Lancia Delta Integrale. Logo Martini.","og_url":"https:\/\/turijnmagazijn.nl\/fr\/produit\/couverture-de-moyeu-speedline-delta-integral-blanc-martini-set-4pcs\/","og_site_name":"Turijnmagazijn","article_publisher":"https:\/\/www.facebook.com\/turijnmagazijn","article_modified_time":"2026-01-20T18:15:39+00:00","og_image":[{"width":968,"height":768,"url":"https:\/\/turijnmagazijn.nl\/wp-content\/uploads\/2023\/06\/DN0100316-Naafdeksel-Speedline-Delta-Integrale-wit-Martini-set-4st-3-jpeg.webp","type":"image\/jpeg"}],"twitter_card":"summary_large_image","twitter_misc":{"Dur\u00e9e de lecture estim\u00e9e":"1 minute"},"schema":{"@context":"https:\/\/schema.org","@graph":[{"@type":"WebPage","@id":"https:\/\/turijnmagazijn.nl\/fr\/produit\/couverture-de-moyeu-speedline-delta-integral-blanc-martini-set-4pcs\/","url":"https:\/\/turijnmagazijn.nl\/fr\/produit\/couverture-de-moyeu-speedline-delta-integral-blanc-martini-set-4pcs\/","name":"Housse de moyeu Speedline Delta Integrale blanc Martini set 4pcs - Turijnmagazijn","isPartOf":{"@id":"https:\/\/turijnmagazijn.jumpstone-dev.nl\/#website"},"primaryImageOfPage":{"@id":"https:\/\/turijnmagazijn.nl\/fr\/produit\/couverture-de-moyeu-speedline-delta-integral-blanc-martini-set-4pcs\/#primaryimage"},"image":{"@id":"https:\/\/turijnmagazijn.nl\/fr\/produit\/couverture-de-moyeu-speedline-delta-integral-blanc-martini-set-4pcs\/#primaryimage"},"thumbnailUrl":"https:\/\/turijnmagazijn.nl\/wp-content\/uploads\/2023\/06\/DN0100316-Naafdeksel-Speedline-Delta-Integrale-wit-Martini-set-4st-3-jpeg.webp","datePublished":"2023-06-28T18:28:00+00:00","dateModified":"2026-01-20T18:15:39+00:00","breadcrumb":{"@id":"https:\/\/turijnmagazijn.nl\/fr\/produit\/couverture-de-moyeu-speedline-delta-integral-blanc-martini-set-4pcs\/#breadcrumb"},"inLanguage":"fr-FR","potentialAction":[{"@type":"ReadAction","target":["https:\/\/turijnmagazijn.nl\/fr\/produit\/couverture-de-moyeu-speedline-delta-integral-blanc-martini-set-4pcs\/"]}]},{"@type":"ImageObject","inLanguage":"fr-FR","@id":"https:\/\/turijnmagazijn.nl\/fr\/produit\/couverture-de-moyeu-speedline-delta-integral-blanc-martini-set-4pcs\/#primaryimage","url":"https:\/\/turijnmagazijn.nl\/wp-content\/uploads\/2023\/06\/DN0100316-Naafdeksel-Speedline-Delta-Integrale-wit-Martini-set-4st-3-jpeg.webp","contentUrl":"https:\/\/turijnmagazijn.nl\/wp-content\/uploads\/2023\/06\/DN0100316-Naafdeksel-Speedline-Delta-Integrale-wit-Martini-set-4st-3-jpeg.webp","width":968,"height":768},{"@type":"BreadcrumbList","@id":"https:\/\/turijnmagazijn.nl\/fr\/produit\/couverture-de-moyeu-speedline-delta-integral-blanc-martini-set-4pcs\/#breadcrumb","itemListElement":[{"@type":"ListItem","position":1,"name":"Home","item":"https:\/\/turijnmagazijn.nl\/fr\/"},{"@type":"ListItem","position":2,"name":"Produits","item":"https:\/\/turijnmagazijn.nl\/fr\/shop\/"},{"@type":"ListItem","position":3,"name":"Housse de moyeu Speedline Delta Integrale blanc Martini set 4pcs"}]},{"@type":"WebSite","@id":"https:\/\/turijnmagazijn.jumpstone-dev.nl\/#website","url":"https:\/\/turijnmagazijn.jumpstone-dev.nl\/","name":"Turijnmagazijn","description":"Onderdelen nieuw en gebruikt - Fiat &amp; Lancia","publisher":{"@id":"https:\/\/turijnmagazijn.jumpstone-dev.nl\/#organization"},"potentialAction":[{"@type":"SearchAction","target":{"@type":"EntryPoint","urlTemplate":"https:\/\/turijnmagazijn.jumpstone-dev.nl\/?s={search_term_string}"},"query-input":{"@type":"PropertyValueSpecification","valueRequired":true,"valueName":"search_term_string"}}],"inLanguage":"fr-FR"},{"@type":"Organization","@id":"https:\/\/turijnmagazijn.jumpstone-dev.nl\/#organization","name":"Turijnmagazijn","url":"https:\/\/turijnmagazijn.jumpstone-dev.nl\/","logo":{"@type":"ImageObject","inLanguage":"fr-FR","@id":"https:\/\/turijnmagazijn.jumpstone-dev.nl\/#\/schema\/logo\/image\/","url":"https:\/\/turijnmagazijn.nl\/wp-content\/uploads\/2021\/02\/turijnmagazijnlogo.png","contentUrl":"https:\/\/turijnmagazijn.nl\/wp-content\/uploads\/2021\/02\/turijnmagazijnlogo.png","width":555,"height":270,"caption":"Turijnmagazijn"},"image":{"@id":"https:\/\/turijnmagazijn.jumpstone-dev.nl\/#\/schema\/logo\/image\/"},"sameAs":["https:\/\/www.facebook.com\/turijnmagazijn"]}]}},"_links":{"self":[{"href":"https:\/\/turijnmagazijn.nl\/fr\/wp-json\/wp\/v2\/product\/69762","targetHints":{"allow":["GET"]}}],"collection":[{"href":"https:\/\/turijnmagazijn.nl\/fr\/wp-json\/wp\/v2\/product"}],"about":[{"href":"https:\/\/turijnmagazijn.nl\/fr\/wp-json\/wp\/v2\/types\/product"}],"replies":[{"embeddable":true,"href":"https:\/\/turijnmagazijn.nl\/fr\/wp-json\/wp\/v2\/comments?post=69762"}],"wp:featuredmedia":[{"embeddable":true,"href":"https:\/\/turijnmagazijn.nl\/fr\/wp-json\/wp\/v2\/media\/69772"}],"wp:attachment":[{"href":"https:\/\/turijnmagazijn.nl\/fr\/wp-json\/wp\/v2\/media?parent=69762"}],"wp:term":[{"taxonomy":"product_brand","embeddable":true,"href":"https:\/\/turijnmagazijn.nl\/fr\/wp-json\/wp\/v2\/product_brand?post=69762"},{"taxonomy":"product_cat","embeddable":true,"href":"https:\/\/turijnmagazijn.nl\/fr\/wp-json\/wp\/v2\/product_cat?post=69762"},{"taxonomy":"product_tag","embeddable":true,"href":"https:\/\/turijnmagazijn.nl\/fr\/wp-json\/wp\/v2\/product_tag?post=69762"}],"curies":[{"name":"wp","href":"https:\/\/api.w.org\/{rel}","templated":true}]}}