{"id":70721,"date":"2023-03-03T10:05:40","date_gmt":"2023-03-03T09:05:40","guid":{"rendered":"https:\/\/turijnmagazijn.nl\/?post_type=product&#038;p=70721"},"modified":"2026-02-04T19:03:47","modified_gmt":"2026-02-04T18:03:47","slug":"fiat-logo-blue-key-fiat-stilo-punto-ii-500-grande-punto-imitation-per-piece-resin","status":"publish","type":"product","link":"https:\/\/turijnmagazijn.nl\/fr\/produit\/fiat-logo-blue-key-fiat-stilo-punto-ii-500-grande-punto-imitation-per-piece-resin\/","title":{"rendered":"Logo Fiat TOUCHE BLEUE Fiat Stilo Punto II 500 Grande Punto (imitation) par pi\u00e8ce RESIN 14mm"},"content":{"rendered":"<p>Nouveau logo pour la cl\u00e9 pour Fiat 500, Stilo, Grande punto et Punto II. Concerne un logo rond en vinyle fini avec une r\u00e9sine (variante dure).<\/p>\n<p>Le diam\u00e8tre du logo est de 14mm.<\/p>\n<p>Ces logos ne sont pas officiellement fiat, mais un produit d\u2019imitation parfaitement adapt\u00e9. Convient \u00e0 la cl\u00e9 standard pour Fiat Punto II et \u00e0 la cl\u00e9 pliante utilis\u00e9e avec Fiat Stilo, Grande punto et Fiat nouva 500.<\/p>\n<p>Le logo est d\u2019un beau bleu profond, comme l\u2019original de Fiat.<\/p>\n<p>N\u00b0 OEM pour r\u00e9f\u00e9rence (pas de pi\u00e8ce d\u2019origine) 71719162<\/p>\n","protected":false},"excerpt":{"rendered":"<p>71719162 logo Fiat cl\u00e9 BLEUE Fiat Stilo Punto II 500 Grande Punto (imitation) chaque RESIN &#8211; Nouveau logo pour la cl\u00e9 pour Fiat 500, Stilo, Grande punto et Punto II.<\/p>\n","protected":false},"featured_media":55128,"comment_status":"closed","ping_status":"closed","template":"","meta":{"_acf_changed":false},"product_brand":[],"product_cat":[1690,1731,1752,1763],"product_tag":[],"class_list":{"0":"post-70721","1":"product","2":"type-product","3":"status-publish","4":"has-post-thumbnail","6":"product_cat-fiat-fr","7":"product_cat-grande-punto-199-fr","8":"product_cat-punto-2-188-fr","9":"product_cat-stilo-192-fr","10":"pa_soort-onderdeel-systemes-de-carburant","12":"first","13":"instock","14":"taxable","15":"shipping-taxable","16":"purchasable","17":"product-type-simple"},"acf":[],"yoast_head":"<!-- This site is optimized with the Yoast SEO plugin v27.2 - https:\/\/yoast.com\/product\/yoast-seo-wordpress\/ -->\n<title>Logo Fiat TOUCHE BLEUE Fiat Stilo Punto II 500 Grande Punto (imitation) par pi\u00e8ce RESIN 14mm - Turijnmagazijn<\/title>\n<meta name=\"robots\" content=\"index, follow, max-snippet:-1, max-image-preview:large, max-video-preview:-1\" \/>\n<link rel=\"canonical\" href=\"https:\/\/turijnmagazijn.nl\/fr\/produit\/fiat-logo-blue-key-fiat-stilo-punto-ii-500-grande-punto-imitation-per-piece-resin\/\" \/>\n<meta property=\"og:locale\" content=\"fr_FR\" \/>\n<meta property=\"og:type\" content=\"article\" \/>\n<meta property=\"og:title\" content=\"Logo Fiat TOUCHE BLEUE Fiat Stilo Punto II 500 Grande Punto (imitation) par pi\u00e8ce RESIN 14mm - Turijnmagazijn\" \/>\n<meta property=\"og:description\" content=\"71719162 logo Fiat cl\u00e9 BLEUE Fiat Stilo Punto II 500 Grande Punto (imitation) chaque RESIN - Nouveau logo pour la cl\u00e9 pour Fiat 500, Stilo, Grande punto et Punto II.\" \/>\n<meta property=\"og:url\" content=\"https:\/\/turijnmagazijn.nl\/fr\/produit\/fiat-logo-blue-key-fiat-stilo-punto-ii-500-grande-punto-imitation-per-piece-resin\/\" \/>\n<meta property=\"og:site_name\" content=\"Turijnmagazijn\" \/>\n<meta property=\"article:publisher\" content=\"https:\/\/www.facebook.com\/turijnmagazijn\" \/>\n<meta property=\"article:modified_time\" content=\"2026-02-04T18:03:47+00:00\" \/>\n<meta property=\"og:image\" content=\"https:\/\/turijnmagazijn.nl\/wp-content\/uploads\/2023\/03\/DN00100242-Fiat-logo-BLAUW-sleutel-Fiat-Stilo-Punto-II-500-Grande-Punto-immitatie-per-stuk-HARS-3-1.jpg\" \/>\n\t<meta property=\"og:image:width\" content=\"1024\" \/>\n\t<meta property=\"og:image:height\" content=\"768\" \/>\n\t<meta property=\"og:image:type\" content=\"image\/jpeg\" \/>\n<meta name=\"twitter:card\" content=\"summary_large_image\" \/>\n<script type=\"application\/ld+json\" class=\"yoast-schema-graph\">{\"@context\":\"https:\/\/schema.org\",\"@graph\":[{\"@type\":\"WebPage\",\"@id\":\"https:\/\/turijnmagazijn.nl\/fr\/produit\/fiat-logo-blue-key-fiat-stilo-punto-ii-500-grande-punto-imitation-per-piece-resin\/\",\"url\":\"https:\/\/turijnmagazijn.nl\/fr\/produit\/fiat-logo-blue-key-fiat-stilo-punto-ii-500-grande-punto-imitation-per-piece-resin\/\",\"name\":\"Logo Fiat TOUCHE BLEUE Fiat Stilo Punto II 500 Grande Punto (imitation) par pi\u00e8ce RESIN 14mm - Turijnmagazijn\",\"isPartOf\":{\"@id\":\"https:\/\/turijnmagazijn.jumpstone-dev.nl\/#website\"},\"primaryImageOfPage\":{\"@id\":\"https:\/\/turijnmagazijn.nl\/fr\/produit\/fiat-logo-blue-key-fiat-stilo-punto-ii-500-grande-punto-imitation-per-piece-resin\/#primaryimage\"},\"image\":{\"@id\":\"https:\/\/turijnmagazijn.nl\/fr\/produit\/fiat-logo-blue-key-fiat-stilo-punto-ii-500-grande-punto-imitation-per-piece-resin\/#primaryimage\"},\"thumbnailUrl\":\"https:\/\/turijnmagazijn.nl\/wp-content\/uploads\/2023\/03\/DN00100242-Fiat-logo-BLAUW-sleutel-Fiat-Stilo-Punto-II-500-Grande-Punto-immitatie-per-stuk-HARS-3-1-e1770228296743.jpg\",\"datePublished\":\"2023-03-03T09:05:40+00:00\",\"dateModified\":\"2026-02-04T18:03:47+00:00\",\"breadcrumb\":{\"@id\":\"https:\/\/turijnmagazijn.nl\/fr\/produit\/fiat-logo-blue-key-fiat-stilo-punto-ii-500-grande-punto-imitation-per-piece-resin\/#breadcrumb\"},\"inLanguage\":\"fr-FR\",\"potentialAction\":[{\"@type\":\"ReadAction\",\"target\":[\"https:\/\/turijnmagazijn.nl\/fr\/produit\/fiat-logo-blue-key-fiat-stilo-punto-ii-500-grande-punto-imitation-per-piece-resin\/\"]}]},{\"@type\":\"ImageObject\",\"inLanguage\":\"fr-FR\",\"@id\":\"https:\/\/turijnmagazijn.nl\/fr\/produit\/fiat-logo-blue-key-fiat-stilo-punto-ii-500-grande-punto-imitation-per-piece-resin\/#primaryimage\",\"url\":\"https:\/\/turijnmagazijn.nl\/wp-content\/uploads\/2023\/03\/DN00100242-Fiat-logo-BLAUW-sleutel-Fiat-Stilo-Punto-II-500-Grande-Punto-immitatie-per-stuk-HARS-3-1-e1770228296743.jpg\",\"contentUrl\":\"https:\/\/turijnmagazijn.nl\/wp-content\/uploads\/2023\/03\/DN00100242-Fiat-logo-BLAUW-sleutel-Fiat-Stilo-Punto-II-500-Grande-Punto-immitatie-per-stuk-HARS-3-1-e1770228296743.jpg\",\"width\":1024,\"height\":768},{\"@type\":\"BreadcrumbList\",\"@id\":\"https:\/\/turijnmagazijn.nl\/fr\/produit\/fiat-logo-blue-key-fiat-stilo-punto-ii-500-grande-punto-imitation-per-piece-resin\/#breadcrumb\",\"itemListElement\":[{\"@type\":\"ListItem\",\"position\":1,\"name\":\"Home\",\"item\":\"https:\/\/turijnmagazijn.nl\/fr\/\"},{\"@type\":\"ListItem\",\"position\":2,\"name\":\"Produits\",\"item\":\"https:\/\/turijnmagazijn.nl\/fr\/shop\/\"},{\"@type\":\"ListItem\",\"position\":3,\"name\":\"Logo Fiat TOUCHE BLEUE Fiat Stilo Punto II 500 Grande Punto (imitation) par pi\u00e8ce RESIN 14mm\"}]},{\"@type\":\"WebSite\",\"@id\":\"https:\/\/turijnmagazijn.jumpstone-dev.nl\/#website\",\"url\":\"https:\/\/turijnmagazijn.jumpstone-dev.nl\/\",\"name\":\"Turijnmagazijn\",\"description\":\"Onderdelen nieuw en gebruikt - Fiat &amp; Lancia\",\"publisher\":{\"@id\":\"https:\/\/turijnmagazijn.jumpstone-dev.nl\/#organization\"},\"potentialAction\":[{\"@type\":\"SearchAction\",\"target\":{\"@type\":\"EntryPoint\",\"urlTemplate\":\"https:\/\/turijnmagazijn.jumpstone-dev.nl\/?s={search_term_string}\"},\"query-input\":{\"@type\":\"PropertyValueSpecification\",\"valueRequired\":true,\"valueName\":\"search_term_string\"}}],\"inLanguage\":\"fr-FR\"},{\"@type\":\"Organization\",\"@id\":\"https:\/\/turijnmagazijn.jumpstone-dev.nl\/#organization\",\"name\":\"Turijnmagazijn\",\"url\":\"https:\/\/turijnmagazijn.jumpstone-dev.nl\/\",\"logo\":{\"@type\":\"ImageObject\",\"inLanguage\":\"fr-FR\",\"@id\":\"https:\/\/turijnmagazijn.jumpstone-dev.nl\/#\/schema\/logo\/image\/\",\"url\":\"https:\/\/turijnmagazijn.nl\/wp-content\/uploads\/2021\/02\/turijnmagazijnlogo.png\",\"contentUrl\":\"https:\/\/turijnmagazijn.nl\/wp-content\/uploads\/2021\/02\/turijnmagazijnlogo.png\",\"width\":555,\"height\":270,\"caption\":\"Turijnmagazijn\"},\"image\":{\"@id\":\"https:\/\/turijnmagazijn.jumpstone-dev.nl\/#\/schema\/logo\/image\/\"},\"sameAs\":[\"https:\/\/www.facebook.com\/turijnmagazijn\"]}]}<\/script>\n<!-- \/ Yoast SEO plugin. -->","yoast_head_json":{"title":"Logo Fiat TOUCHE BLEUE Fiat Stilo Punto II 500 Grande Punto (imitation) par pi\u00e8ce RESIN 14mm - Turijnmagazijn","robots":{"index":"index","follow":"follow","max-snippet":"max-snippet:-1","max-image-preview":"max-image-preview:large","max-video-preview":"max-video-preview:-1"},"canonical":"https:\/\/turijnmagazijn.nl\/fr\/produit\/fiat-logo-blue-key-fiat-stilo-punto-ii-500-grande-punto-imitation-per-piece-resin\/","og_locale":"fr_FR","og_type":"article","og_title":"Logo Fiat TOUCHE BLEUE Fiat Stilo Punto II 500 Grande Punto (imitation) par pi\u00e8ce RESIN 14mm - Turijnmagazijn","og_description":"71719162 logo Fiat cl\u00e9 BLEUE Fiat Stilo Punto II 500 Grande Punto (imitation) chaque RESIN - Nouveau logo pour la cl\u00e9 pour Fiat 500, Stilo, Grande punto et Punto II.","og_url":"https:\/\/turijnmagazijn.nl\/fr\/produit\/fiat-logo-blue-key-fiat-stilo-punto-ii-500-grande-punto-imitation-per-piece-resin\/","og_site_name":"Turijnmagazijn","article_publisher":"https:\/\/www.facebook.com\/turijnmagazijn","article_modified_time":"2026-02-04T18:03:47+00:00","og_image":[{"width":1024,"height":768,"url":"https:\/\/turijnmagazijn.nl\/wp-content\/uploads\/2023\/03\/DN00100242-Fiat-logo-BLAUW-sleutel-Fiat-Stilo-Punto-II-500-Grande-Punto-immitatie-per-stuk-HARS-3-1.jpg","type":"image\/jpeg"}],"twitter_card":"summary_large_image","schema":{"@context":"https:\/\/schema.org","@graph":[{"@type":"WebPage","@id":"https:\/\/turijnmagazijn.nl\/fr\/produit\/fiat-logo-blue-key-fiat-stilo-punto-ii-500-grande-punto-imitation-per-piece-resin\/","url":"https:\/\/turijnmagazijn.nl\/fr\/produit\/fiat-logo-blue-key-fiat-stilo-punto-ii-500-grande-punto-imitation-per-piece-resin\/","name":"Logo Fiat TOUCHE BLEUE Fiat Stilo Punto II 500 Grande Punto (imitation) par pi\u00e8ce RESIN 14mm - Turijnmagazijn","isPartOf":{"@id":"https:\/\/turijnmagazijn.jumpstone-dev.nl\/#website"},"primaryImageOfPage":{"@id":"https:\/\/turijnmagazijn.nl\/fr\/produit\/fiat-logo-blue-key-fiat-stilo-punto-ii-500-grande-punto-imitation-per-piece-resin\/#primaryimage"},"image":{"@id":"https:\/\/turijnmagazijn.nl\/fr\/produit\/fiat-logo-blue-key-fiat-stilo-punto-ii-500-grande-punto-imitation-per-piece-resin\/#primaryimage"},"thumbnailUrl":"https:\/\/turijnmagazijn.nl\/wp-content\/uploads\/2023\/03\/DN00100242-Fiat-logo-BLAUW-sleutel-Fiat-Stilo-Punto-II-500-Grande-Punto-immitatie-per-stuk-HARS-3-1-e1770228296743.jpg","datePublished":"2023-03-03T09:05:40+00:00","dateModified":"2026-02-04T18:03:47+00:00","breadcrumb":{"@id":"https:\/\/turijnmagazijn.nl\/fr\/produit\/fiat-logo-blue-key-fiat-stilo-punto-ii-500-grande-punto-imitation-per-piece-resin\/#breadcrumb"},"inLanguage":"fr-FR","potentialAction":[{"@type":"ReadAction","target":["https:\/\/turijnmagazijn.nl\/fr\/produit\/fiat-logo-blue-key-fiat-stilo-punto-ii-500-grande-punto-imitation-per-piece-resin\/"]}]},{"@type":"ImageObject","inLanguage":"fr-FR","@id":"https:\/\/turijnmagazijn.nl\/fr\/produit\/fiat-logo-blue-key-fiat-stilo-punto-ii-500-grande-punto-imitation-per-piece-resin\/#primaryimage","url":"https:\/\/turijnmagazijn.nl\/wp-content\/uploads\/2023\/03\/DN00100242-Fiat-logo-BLAUW-sleutel-Fiat-Stilo-Punto-II-500-Grande-Punto-immitatie-per-stuk-HARS-3-1-e1770228296743.jpg","contentUrl":"https:\/\/turijnmagazijn.nl\/wp-content\/uploads\/2023\/03\/DN00100242-Fiat-logo-BLAUW-sleutel-Fiat-Stilo-Punto-II-500-Grande-Punto-immitatie-per-stuk-HARS-3-1-e1770228296743.jpg","width":1024,"height":768},{"@type":"BreadcrumbList","@id":"https:\/\/turijnmagazijn.nl\/fr\/produit\/fiat-logo-blue-key-fiat-stilo-punto-ii-500-grande-punto-imitation-per-piece-resin\/#breadcrumb","itemListElement":[{"@type":"ListItem","position":1,"name":"Home","item":"https:\/\/turijnmagazijn.nl\/fr\/"},{"@type":"ListItem","position":2,"name":"Produits","item":"https:\/\/turijnmagazijn.nl\/fr\/shop\/"},{"@type":"ListItem","position":3,"name":"Logo Fiat TOUCHE BLEUE Fiat Stilo Punto II 500 Grande Punto (imitation) par pi\u00e8ce RESIN 14mm"}]},{"@type":"WebSite","@id":"https:\/\/turijnmagazijn.jumpstone-dev.nl\/#website","url":"https:\/\/turijnmagazijn.jumpstone-dev.nl\/","name":"Turijnmagazijn","description":"Onderdelen nieuw en gebruikt - Fiat &amp; Lancia","publisher":{"@id":"https:\/\/turijnmagazijn.jumpstone-dev.nl\/#organization"},"potentialAction":[{"@type":"SearchAction","target":{"@type":"EntryPoint","urlTemplate":"https:\/\/turijnmagazijn.jumpstone-dev.nl\/?s={search_term_string}"},"query-input":{"@type":"PropertyValueSpecification","valueRequired":true,"valueName":"search_term_string"}}],"inLanguage":"fr-FR"},{"@type":"Organization","@id":"https:\/\/turijnmagazijn.jumpstone-dev.nl\/#organization","name":"Turijnmagazijn","url":"https:\/\/turijnmagazijn.jumpstone-dev.nl\/","logo":{"@type":"ImageObject","inLanguage":"fr-FR","@id":"https:\/\/turijnmagazijn.jumpstone-dev.nl\/#\/schema\/logo\/image\/","url":"https:\/\/turijnmagazijn.nl\/wp-content\/uploads\/2021\/02\/turijnmagazijnlogo.png","contentUrl":"https:\/\/turijnmagazijn.nl\/wp-content\/uploads\/2021\/02\/turijnmagazijnlogo.png","width":555,"height":270,"caption":"Turijnmagazijn"},"image":{"@id":"https:\/\/turijnmagazijn.jumpstone-dev.nl\/#\/schema\/logo\/image\/"},"sameAs":["https:\/\/www.facebook.com\/turijnmagazijn"]}]}},"_links":{"self":[{"href":"https:\/\/turijnmagazijn.nl\/fr\/wp-json\/wp\/v2\/product\/70721","targetHints":{"allow":["GET"]}}],"collection":[{"href":"https:\/\/turijnmagazijn.nl\/fr\/wp-json\/wp\/v2\/product"}],"about":[{"href":"https:\/\/turijnmagazijn.nl\/fr\/wp-json\/wp\/v2\/types\/product"}],"replies":[{"embeddable":true,"href":"https:\/\/turijnmagazijn.nl\/fr\/wp-json\/wp\/v2\/comments?post=70721"}],"wp:featuredmedia":[{"embeddable":true,"href":"https:\/\/turijnmagazijn.nl\/fr\/wp-json\/wp\/v2\/media\/55128"}],"wp:attachment":[{"href":"https:\/\/turijnmagazijn.nl\/fr\/wp-json\/wp\/v2\/media?parent=70721"}],"wp:term":[{"taxonomy":"product_brand","embeddable":true,"href":"https:\/\/turijnmagazijn.nl\/fr\/wp-json\/wp\/v2\/product_brand?post=70721"},{"taxonomy":"product_cat","embeddable":true,"href":"https:\/\/turijnmagazijn.nl\/fr\/wp-json\/wp\/v2\/product_cat?post=70721"},{"taxonomy":"product_tag","embeddable":true,"href":"https:\/\/turijnmagazijn.nl\/fr\/wp-json\/wp\/v2\/product_tag?post=70721"}],"curies":[{"name":"wp","href":"https:\/\/api.w.org\/{rel}","templated":true}]}}