{"id":70725,"date":"2023-03-03T10:06:34","date_gmt":"2023-03-03T09:06:34","guid":{"rendered":"https:\/\/turijnmagazijn.nl\/?post_type=product&#038;p=70725"},"modified":"2025-04-15T20:46:53","modified_gmt":"2025-04-15T18:46:53","slug":"element-filtrant-a-air-lancia-kappa-alfa-166-nouveau","status":"publish","type":"product","link":"https:\/\/turijnmagazijn.nl\/fr\/produit\/element-filtrant-a-air-lancia-kappa-alfa-166-nouveau\/","title":{"rendered":"El\u00e9ment filtrant \u00e0 air Lancia Kappa Alfa 166 -NOUVEAU-"},"content":{"rendered":"<p>Nouveau filtre \u00e0 air pour Lancia Kappa et Alfa 166. Concerne le filtre \u00e0 air de mod\u00e8le rond, applicable \u00e0 toutes les motorisations des Lancia Kappa et Alfa Romeo 166, SAUF le 2.0 16V turbo kappa avec le bo\u00eetier du filtre \u00e0 air carr\u00e9! OEM Lancia <span style=\"text-align: -webkit-right;\">60603977La<\/span><span style=\"text-align: -webkit-right;\">r\u00e9f\u00e9rence<\/span> <span style=\"text-align: -webkit-right;\">OEM<\/span><span style=\"text-align: -webkit-right;\">concerne uniquement une alternative sans marque de qualit\u00e9 et d&rsquo;adaptation similaires.<\/span><\/p>\n","protected":false},"excerpt":{"rendered":"<p>El\u00e9ment filtrant \u00e0 air Lancia Kappa Alfa 166 -NOUVEAU- &#8211; Nouveau filtre \u00e0 air pour Lancia Kappa et Alfa 166.<\/p>\n","protected":false},"featured_media":55296,"comment_status":"closed","ping_status":"closed","template":"","meta":{"_acf_changed":false},"product_brand":[],"product_cat":[1650,1582,1865,1860,1798,1870],"product_tag":[],"class_list":{"0":"post-70725","1":"product","2":"type-product","3":"status-publish","4":"has-post-thumbnail","6":"product_cat-166-936-fr","7":"product_cat-alfa-romeo-fr","8":"product_cat-coupe-fr","9":"product_cat-kappa-838-fr","10":"product_cat-lancia-fr","11":"product_cat-sw-fr","12":"pa_soort-onderdeel-filtres","14":"first","15":"instock","16":"taxable","17":"shipping-taxable","18":"purchasable","19":"product-type-simple"},"acf":[],"yoast_head":"<!-- This site is optimized with the Yoast SEO plugin v27.2 - https:\/\/yoast.com\/product\/yoast-seo-wordpress\/ -->\n<title>El\u00e9ment filtrant \u00e0 air Lancia Kappa Alfa 166 -NOUVEAU- Turijnmagazijn<\/title>\n<meta name=\"robots\" content=\"index, follow, max-snippet:-1, max-image-preview:large, max-video-preview:-1\" \/>\n<link rel=\"canonical\" href=\"https:\/\/turijnmagazijn.nl\/fr\/produit\/element-filtrant-a-air-lancia-kappa-alfa-166-nouveau\/\" \/>\n<meta property=\"og:locale\" content=\"fr_FR\" \/>\n<meta property=\"og:type\" content=\"article\" \/>\n<meta property=\"og:title\" content=\"El\u00e9ment filtrant \u00e0 air Lancia Kappa Alfa 166 -NOUVEAU- Turijnmagazijn\" \/>\n<meta property=\"og:description\" content=\"El\u00e9ment filtrant \u00e0 air Lancia Kappa Alfa 166 -NOUVEAU- - Nouveau filtre \u00e0 air pour Lancia Kappa et Alfa 166.\" \/>\n<meta property=\"og:url\" content=\"https:\/\/turijnmagazijn.nl\/fr\/produit\/element-filtrant-a-air-lancia-kappa-alfa-166-nouveau\/\" \/>\n<meta property=\"og:site_name\" content=\"Turijnmagazijn\" \/>\n<meta property=\"article:publisher\" content=\"https:\/\/www.facebook.com\/turijnmagazijn\" \/>\n<meta property=\"article:modified_time\" content=\"2025-04-15T18:46:53+00:00\" \/>\n<meta property=\"og:image\" content=\"https:\/\/turijnmagazijn.nl\/wp-content\/uploads\/2023\/03\/DN00100251-Luchtfilter-element-Lancia-Kappa-Alfa-166-NIEUW-4-1.jpg\" \/>\n\t<meta property=\"og:image:width\" content=\"1024\" \/>\n\t<meta property=\"og:image:height\" content=\"768\" \/>\n\t<meta property=\"og:image:type\" content=\"image\/jpeg\" \/>\n<meta name=\"twitter:card\" content=\"summary_large_image\" \/>\n<script type=\"application\/ld+json\" class=\"yoast-schema-graph\">{\"@context\":\"https:\/\/schema.org\",\"@graph\":[{\"@type\":\"WebPage\",\"@id\":\"https:\/\/turijnmagazijn.nl\/fr\/produit\/element-filtrant-a-air-lancia-kappa-alfa-166-nouveau\/\",\"url\":\"https:\/\/turijnmagazijn.nl\/fr\/produit\/element-filtrant-a-air-lancia-kappa-alfa-166-nouveau\/\",\"name\":\"El\u00e9ment filtrant \u00e0 air Lancia Kappa Alfa 166 -NOUVEAU- Turijnmagazijn\",\"isPartOf\":{\"@id\":\"https:\/\/turijnmagazijn.jumpstone-dev.nl\/#website\"},\"primaryImageOfPage\":{\"@id\":\"https:\/\/turijnmagazijn.nl\/fr\/produit\/element-filtrant-a-air-lancia-kappa-alfa-166-nouveau\/#primaryimage\"},\"image\":{\"@id\":\"https:\/\/turijnmagazijn.nl\/fr\/produit\/element-filtrant-a-air-lancia-kappa-alfa-166-nouveau\/#primaryimage\"},\"thumbnailUrl\":\"https:\/\/turijnmagazijn.nl\/wp-content\/uploads\/2023\/03\/DN00100251-Luchtfilter-element-Lancia-Kappa-Alfa-166-NIEUW-4-1.jpg\",\"datePublished\":\"2023-03-03T09:06:34+00:00\",\"dateModified\":\"2025-04-15T18:46:53+00:00\",\"breadcrumb\":{\"@id\":\"https:\/\/turijnmagazijn.nl\/fr\/produit\/element-filtrant-a-air-lancia-kappa-alfa-166-nouveau\/#breadcrumb\"},\"inLanguage\":\"fr-FR\",\"potentialAction\":[{\"@type\":\"ReadAction\",\"target\":[\"https:\/\/turijnmagazijn.nl\/fr\/produit\/element-filtrant-a-air-lancia-kappa-alfa-166-nouveau\/\"]}]},{\"@type\":\"ImageObject\",\"inLanguage\":\"fr-FR\",\"@id\":\"https:\/\/turijnmagazijn.nl\/fr\/produit\/element-filtrant-a-air-lancia-kappa-alfa-166-nouveau\/#primaryimage\",\"url\":\"https:\/\/turijnmagazijn.nl\/wp-content\/uploads\/2023\/03\/DN00100251-Luchtfilter-element-Lancia-Kappa-Alfa-166-NIEUW-4-1.jpg\",\"contentUrl\":\"https:\/\/turijnmagazijn.nl\/wp-content\/uploads\/2023\/03\/DN00100251-Luchtfilter-element-Lancia-Kappa-Alfa-166-NIEUW-4-1.jpg\",\"width\":1024,\"height\":768},{\"@type\":\"BreadcrumbList\",\"@id\":\"https:\/\/turijnmagazijn.nl\/fr\/produit\/element-filtrant-a-air-lancia-kappa-alfa-166-nouveau\/#breadcrumb\",\"itemListElement\":[{\"@type\":\"ListItem\",\"position\":1,\"name\":\"Home\",\"item\":\"https:\/\/turijnmagazijn.jumpstone-dev.nl\/\"},{\"@type\":\"ListItem\",\"position\":2,\"name\":\"Produits\",\"item\":\"https:\/\/turijnmagazijn.nl\/fr\/shop\/\"},{\"@type\":\"ListItem\",\"position\":3,\"name\":\"El\u00e9ment filtrant \u00e0 air Lancia Kappa Alfa 166 -NOUVEAU-\"}]},{\"@type\":\"WebSite\",\"@id\":\"https:\/\/turijnmagazijn.jumpstone-dev.nl\/#website\",\"url\":\"https:\/\/turijnmagazijn.jumpstone-dev.nl\/\",\"name\":\"Turijnmagazijn\",\"description\":\"Onderdelen nieuw en gebruikt - Fiat &amp; Lancia\",\"publisher\":{\"@id\":\"https:\/\/turijnmagazijn.jumpstone-dev.nl\/#organization\"},\"potentialAction\":[{\"@type\":\"SearchAction\",\"target\":{\"@type\":\"EntryPoint\",\"urlTemplate\":\"https:\/\/turijnmagazijn.jumpstone-dev.nl\/?s={search_term_string}\"},\"query-input\":{\"@type\":\"PropertyValueSpecification\",\"valueRequired\":true,\"valueName\":\"search_term_string\"}}],\"inLanguage\":\"fr-FR\"},{\"@type\":\"Organization\",\"@id\":\"https:\/\/turijnmagazijn.jumpstone-dev.nl\/#organization\",\"name\":\"Turijnmagazijn\",\"url\":\"https:\/\/turijnmagazijn.jumpstone-dev.nl\/\",\"logo\":{\"@type\":\"ImageObject\",\"inLanguage\":\"fr-FR\",\"@id\":\"https:\/\/turijnmagazijn.jumpstone-dev.nl\/#\/schema\/logo\/image\/\",\"url\":\"https:\/\/turijnmagazijn.nl\/wp-content\/uploads\/2021\/02\/turijnmagazijnlogo.png\",\"contentUrl\":\"https:\/\/turijnmagazijn.nl\/wp-content\/uploads\/2021\/02\/turijnmagazijnlogo.png\",\"width\":555,\"height\":270,\"caption\":\"Turijnmagazijn\"},\"image\":{\"@id\":\"https:\/\/turijnmagazijn.jumpstone-dev.nl\/#\/schema\/logo\/image\/\"},\"sameAs\":[\"https:\/\/www.facebook.com\/turijnmagazijn\"]}]}<\/script>\n<!-- \/ Yoast SEO plugin. -->","yoast_head_json":{"title":"El\u00e9ment filtrant \u00e0 air Lancia Kappa Alfa 166 -NOUVEAU- Turijnmagazijn","robots":{"index":"index","follow":"follow","max-snippet":"max-snippet:-1","max-image-preview":"max-image-preview:large","max-video-preview":"max-video-preview:-1"},"canonical":"https:\/\/turijnmagazijn.nl\/fr\/produit\/element-filtrant-a-air-lancia-kappa-alfa-166-nouveau\/","og_locale":"fr_FR","og_type":"article","og_title":"El\u00e9ment filtrant \u00e0 air Lancia Kappa Alfa 166 -NOUVEAU- Turijnmagazijn","og_description":"El\u00e9ment filtrant \u00e0 air Lancia Kappa Alfa 166 -NOUVEAU- - Nouveau filtre \u00e0 air pour Lancia Kappa et Alfa 166.","og_url":"https:\/\/turijnmagazijn.nl\/fr\/produit\/element-filtrant-a-air-lancia-kappa-alfa-166-nouveau\/","og_site_name":"Turijnmagazijn","article_publisher":"https:\/\/www.facebook.com\/turijnmagazijn","article_modified_time":"2025-04-15T18:46:53+00:00","og_image":[{"width":1024,"height":768,"url":"https:\/\/turijnmagazijn.nl\/wp-content\/uploads\/2023\/03\/DN00100251-Luchtfilter-element-Lancia-Kappa-Alfa-166-NIEUW-4-1.jpg","type":"image\/jpeg"}],"twitter_card":"summary_large_image","schema":{"@context":"https:\/\/schema.org","@graph":[{"@type":"WebPage","@id":"https:\/\/turijnmagazijn.nl\/fr\/produit\/element-filtrant-a-air-lancia-kappa-alfa-166-nouveau\/","url":"https:\/\/turijnmagazijn.nl\/fr\/produit\/element-filtrant-a-air-lancia-kappa-alfa-166-nouveau\/","name":"El\u00e9ment filtrant \u00e0 air Lancia Kappa Alfa 166 -NOUVEAU- Turijnmagazijn","isPartOf":{"@id":"https:\/\/turijnmagazijn.jumpstone-dev.nl\/#website"},"primaryImageOfPage":{"@id":"https:\/\/turijnmagazijn.nl\/fr\/produit\/element-filtrant-a-air-lancia-kappa-alfa-166-nouveau\/#primaryimage"},"image":{"@id":"https:\/\/turijnmagazijn.nl\/fr\/produit\/element-filtrant-a-air-lancia-kappa-alfa-166-nouveau\/#primaryimage"},"thumbnailUrl":"https:\/\/turijnmagazijn.nl\/wp-content\/uploads\/2023\/03\/DN00100251-Luchtfilter-element-Lancia-Kappa-Alfa-166-NIEUW-4-1.jpg","datePublished":"2023-03-03T09:06:34+00:00","dateModified":"2025-04-15T18:46:53+00:00","breadcrumb":{"@id":"https:\/\/turijnmagazijn.nl\/fr\/produit\/element-filtrant-a-air-lancia-kappa-alfa-166-nouveau\/#breadcrumb"},"inLanguage":"fr-FR","potentialAction":[{"@type":"ReadAction","target":["https:\/\/turijnmagazijn.nl\/fr\/produit\/element-filtrant-a-air-lancia-kappa-alfa-166-nouveau\/"]}]},{"@type":"ImageObject","inLanguage":"fr-FR","@id":"https:\/\/turijnmagazijn.nl\/fr\/produit\/element-filtrant-a-air-lancia-kappa-alfa-166-nouveau\/#primaryimage","url":"https:\/\/turijnmagazijn.nl\/wp-content\/uploads\/2023\/03\/DN00100251-Luchtfilter-element-Lancia-Kappa-Alfa-166-NIEUW-4-1.jpg","contentUrl":"https:\/\/turijnmagazijn.nl\/wp-content\/uploads\/2023\/03\/DN00100251-Luchtfilter-element-Lancia-Kappa-Alfa-166-NIEUW-4-1.jpg","width":1024,"height":768},{"@type":"BreadcrumbList","@id":"https:\/\/turijnmagazijn.nl\/fr\/produit\/element-filtrant-a-air-lancia-kappa-alfa-166-nouveau\/#breadcrumb","itemListElement":[{"@type":"ListItem","position":1,"name":"Home","item":"https:\/\/turijnmagazijn.jumpstone-dev.nl\/"},{"@type":"ListItem","position":2,"name":"Produits","item":"https:\/\/turijnmagazijn.nl\/fr\/shop\/"},{"@type":"ListItem","position":3,"name":"El\u00e9ment filtrant \u00e0 air Lancia Kappa Alfa 166 -NOUVEAU-"}]},{"@type":"WebSite","@id":"https:\/\/turijnmagazijn.jumpstone-dev.nl\/#website","url":"https:\/\/turijnmagazijn.jumpstone-dev.nl\/","name":"Turijnmagazijn","description":"Onderdelen nieuw en gebruikt - Fiat &amp; Lancia","publisher":{"@id":"https:\/\/turijnmagazijn.jumpstone-dev.nl\/#organization"},"potentialAction":[{"@type":"SearchAction","target":{"@type":"EntryPoint","urlTemplate":"https:\/\/turijnmagazijn.jumpstone-dev.nl\/?s={search_term_string}"},"query-input":{"@type":"PropertyValueSpecification","valueRequired":true,"valueName":"search_term_string"}}],"inLanguage":"fr-FR"},{"@type":"Organization","@id":"https:\/\/turijnmagazijn.jumpstone-dev.nl\/#organization","name":"Turijnmagazijn","url":"https:\/\/turijnmagazijn.jumpstone-dev.nl\/","logo":{"@type":"ImageObject","inLanguage":"fr-FR","@id":"https:\/\/turijnmagazijn.jumpstone-dev.nl\/#\/schema\/logo\/image\/","url":"https:\/\/turijnmagazijn.nl\/wp-content\/uploads\/2021\/02\/turijnmagazijnlogo.png","contentUrl":"https:\/\/turijnmagazijn.nl\/wp-content\/uploads\/2021\/02\/turijnmagazijnlogo.png","width":555,"height":270,"caption":"Turijnmagazijn"},"image":{"@id":"https:\/\/turijnmagazijn.jumpstone-dev.nl\/#\/schema\/logo\/image\/"},"sameAs":["https:\/\/www.facebook.com\/turijnmagazijn"]}]}},"_links":{"self":[{"href":"https:\/\/turijnmagazijn.nl\/fr\/wp-json\/wp\/v2\/product\/70725","targetHints":{"allow":["GET"]}}],"collection":[{"href":"https:\/\/turijnmagazijn.nl\/fr\/wp-json\/wp\/v2\/product"}],"about":[{"href":"https:\/\/turijnmagazijn.nl\/fr\/wp-json\/wp\/v2\/types\/product"}],"replies":[{"embeddable":true,"href":"https:\/\/turijnmagazijn.nl\/fr\/wp-json\/wp\/v2\/comments?post=70725"}],"wp:featuredmedia":[{"embeddable":true,"href":"https:\/\/turijnmagazijn.nl\/fr\/wp-json\/wp\/v2\/media\/55296"}],"wp:attachment":[{"href":"https:\/\/turijnmagazijn.nl\/fr\/wp-json\/wp\/v2\/media?parent=70725"}],"wp:term":[{"taxonomy":"product_brand","embeddable":true,"href":"https:\/\/turijnmagazijn.nl\/fr\/wp-json\/wp\/v2\/product_brand?post=70725"},{"taxonomy":"product_cat","embeddable":true,"href":"https:\/\/turijnmagazijn.nl\/fr\/wp-json\/wp\/v2\/product_cat?post=70725"},{"taxonomy":"product_tag","embeddable":true,"href":"https:\/\/turijnmagazijn.nl\/fr\/wp-json\/wp\/v2\/product_tag?post=70725"}],"curies":[{"name":"wp","href":"https:\/\/api.w.org\/{rel}","templated":true}]}}