{"id":70871,"date":"2023-03-03T09:21:23","date_gmt":"2023-03-03T08:21:23","guid":{"rendered":"https:\/\/turijnmagazijn.nl\/?post_type=product&#038;p=70871"},"modified":"2025-04-15T20:54:27","modified_gmt":"2025-04-15T18:54:27","slug":"gaz-spring-tailgate-lancia-kappa-berline-coupe","status":"publish","type":"product","link":"https:\/\/turijnmagazijn.nl\/fr\/produit\/gaz-spring-tailgate-lancia-kappa-berline-coupe\/","title":{"rendered":"Ressort \u00e0 gaz Hayon Lancia Kappa Berline + Coup\u00e9"},"content":{"rendered":"<p>Ressort \u00e0 gaz usag\u00e9 (1 exemplaire, deux sont n\u00e9cessaires par v\u00e9hicule) pour le hayon de la berline Lancia Kappa et du coup\u00e9. Concerne les ressorts courts d\u2019une longueur au repos (longueur maximale) de 290 mm.<\/p>\n<p>Il s\u2019agit d\u2019un ressort \u00e0 gaz Stabilus d\u2019origine usag\u00e9 avec le num\u00e9ro OEM correct pour Lancia.<\/p>\n<p>\u00c9galement applicable aux mod\u00e8les Kappa Coup\u00e9.<\/p>\n<p>Les ressorts donnent une pression de 500 newtons.<\/p>\n<p>Stabilus Lift-o-mat<br \/>\n5993CJ<br \/>\n500N<br \/>\n304\/94 A 17<\/p>\n<p style=\"margin-bottom: 10px; line-height: 20px;\">\n<p style=\"margin-bottom: 10px; line-height: 20px;\">D\u2019un coup\u00e9 Lancia Kappa de 1998.<\/p>\n<p style=\"margin-bottom: 10px; line-height: 20px;\">Couleur de peinture de la voiture donneuse: 805 Black storm.<\/p>\n<p style=\"margin-bottom: 10px; line-height: 20px;\">La voiture donneuse \u00e9tait \u00e9quip\u00e9e d\u2019un moteur \u00e0 essence manuel 2.4 20V 5 cylindres.<\/p>\n<p style=\"margin-bottom: 10px; line-height: 20px;\">\n<p>Lancia OEM 46429507<\/p>\n","protected":false},"excerpt":{"rendered":"<p>46429507 Ressort \u00e0 gaz Tailgate Lancia Kappa Berline + Coupe &#8211; Ressort \u00e0 gaz usag\u00e9 (1 exemplaire, deux sont n\u00e9cessaires par v\u00e9hicule) pour le hayon pour Lancia Kappa berlina et Coupe.Ressort \u00e0 gaz Tailgate Lancia Kappa Berline + Coupe &#8211; Ressort \u00e0 gaz usag\u00e9 (1 ex<\/p>\n","protected":false},"featured_media":49028,"comment_status":"open","ping_status":"closed","template":"","meta":{"_acf_changed":false},"product_brand":[],"product_cat":[1865,1860,1798,1870],"product_tag":[],"class_list":{"0":"post-70871","1":"product","2":"type-product","3":"status-publish","4":"has-post-thumbnail","6":"product_cat-coupe-fr","7":"product_cat-kappa-838-fr","8":"product_cat-lancia-fr","9":"product_cat-sw-fr","10":"pa_soort-onderdeel-dautres-pieces-de-voiture","12":"first","13":"instock","14":"shipping-taxable","15":"purchasable","16":"product-type-simple"},"acf":[],"yoast_head":"<!-- This site is optimized with the Yoast SEO plugin v27.3 - https:\/\/yoast.com\/product\/yoast-seo-wordpress\/ -->\n<title>Ressort \u00e0 gaz Hayon Lancia Kappa Berline + Coup\u00e9 - Turijnmagazijn<\/title>\n<meta name=\"robots\" content=\"index, follow, max-snippet:-1, max-image-preview:large, max-video-preview:-1\" \/>\n<link rel=\"canonical\" href=\"https:\/\/turijnmagazijn.nl\/fr\/produit\/gaz-spring-tailgate-lancia-kappa-berline-coupe\/\" \/>\n<meta property=\"og:locale\" content=\"fr_FR\" \/>\n<meta property=\"og:type\" content=\"article\" \/>\n<meta property=\"og:title\" content=\"Ressort \u00e0 gaz Hayon Lancia Kappa Berline + Coup\u00e9 - Turijnmagazijn\" \/>\n<meta property=\"og:description\" content=\"46429507 Ressort \u00e0 gaz Tailgate Lancia Kappa Berline + Coupe - Ressort \u00e0 gaz usag\u00e9 (1 exemplaire, deux sont n\u00e9cessaires par v\u00e9hicule) pour le hayon pour Lancia Kappa berlina et Coupe.Ressort \u00e0 gaz Tailgate Lancia Kappa Berline + Coupe - Ressort \u00e0 gaz usag\u00e9 (1 ex\" \/>\n<meta property=\"og:url\" content=\"https:\/\/turijnmagazijn.nl\/fr\/produit\/gaz-spring-tailgate-lancia-kappa-berline-coupe\/\" \/>\n<meta property=\"og:site_name\" content=\"Turijnmagazijn\" \/>\n<meta property=\"article:publisher\" content=\"https:\/\/www.facebook.com\/turijnmagazijn\" \/>\n<meta property=\"article:modified_time\" content=\"2025-04-15T18:54:27+00:00\" \/>\n<meta property=\"og:image\" content=\"https:\/\/turijnmagazijn.nl\/wp-content\/uploads\/2023\/03\/DK0010235320Gasveer20Achterklep20Lancia20Kappa20Sedan2020Coupe203.jpg\" \/>\n\t<meta property=\"og:image:width\" content=\"1024\" \/>\n\t<meta property=\"og:image:height\" content=\"768\" \/>\n\t<meta property=\"og:image:type\" content=\"image\/jpeg\" \/>\n<meta name=\"twitter:card\" content=\"summary_large_image\" \/>\n<meta name=\"twitter:label1\" content=\"Dur\u00e9e de lecture estim\u00e9e\" \/>\n\t<meta name=\"twitter:data1\" content=\"1 minute\" \/>\n<script type=\"application\/ld+json\" class=\"yoast-schema-graph\">{\"@context\":\"https:\\\/\\\/schema.org\",\"@graph\":[{\"@type\":\"WebPage\",\"@id\":\"https:\\\/\\\/turijnmagazijn.nl\\\/fr\\\/produit\\\/gaz-spring-tailgate-lancia-kappa-berline-coupe\\\/\",\"url\":\"https:\\\/\\\/turijnmagazijn.nl\\\/fr\\\/produit\\\/gaz-spring-tailgate-lancia-kappa-berline-coupe\\\/\",\"name\":\"Ressort \u00e0 gaz Hayon Lancia Kappa Berline + Coup\u00e9 - Turijnmagazijn\",\"isPartOf\":{\"@id\":\"https:\\\/\\\/turijnmagazijn.jumpstone-dev.nl\\\/#website\"},\"primaryImageOfPage\":{\"@id\":\"https:\\\/\\\/turijnmagazijn.nl\\\/fr\\\/produit\\\/gaz-spring-tailgate-lancia-kappa-berline-coupe\\\/#primaryimage\"},\"image\":{\"@id\":\"https:\\\/\\\/turijnmagazijn.nl\\\/fr\\\/produit\\\/gaz-spring-tailgate-lancia-kappa-berline-coupe\\\/#primaryimage\"},\"thumbnailUrl\":\"https:\\\/\\\/turijnmagazijn.nl\\\/wp-content\\\/uploads\\\/2023\\\/03\\\/DK0010235320Gasveer20Achterklep20Lancia20Kappa20Sedan2020Coupe203.jpg\",\"datePublished\":\"2023-03-03T08:21:23+00:00\",\"dateModified\":\"2025-04-15T18:54:27+00:00\",\"breadcrumb\":{\"@id\":\"https:\\\/\\\/turijnmagazijn.nl\\\/fr\\\/produit\\\/gaz-spring-tailgate-lancia-kappa-berline-coupe\\\/#breadcrumb\"},\"inLanguage\":\"fr-FR\",\"potentialAction\":[{\"@type\":\"ReadAction\",\"target\":[\"https:\\\/\\\/turijnmagazijn.nl\\\/fr\\\/produit\\\/gaz-spring-tailgate-lancia-kappa-berline-coupe\\\/\"]}]},{\"@type\":\"ImageObject\",\"inLanguage\":\"fr-FR\",\"@id\":\"https:\\\/\\\/turijnmagazijn.nl\\\/fr\\\/produit\\\/gaz-spring-tailgate-lancia-kappa-berline-coupe\\\/#primaryimage\",\"url\":\"https:\\\/\\\/turijnmagazijn.nl\\\/wp-content\\\/uploads\\\/2023\\\/03\\\/DK0010235320Gasveer20Achterklep20Lancia20Kappa20Sedan2020Coupe203.jpg\",\"contentUrl\":\"https:\\\/\\\/turijnmagazijn.nl\\\/wp-content\\\/uploads\\\/2023\\\/03\\\/DK0010235320Gasveer20Achterklep20Lancia20Kappa20Sedan2020Coupe203.jpg\",\"width\":1024,\"height\":768},{\"@type\":\"BreadcrumbList\",\"@id\":\"https:\\\/\\\/turijnmagazijn.nl\\\/fr\\\/produit\\\/gaz-spring-tailgate-lancia-kappa-berline-coupe\\\/#breadcrumb\",\"itemListElement\":[{\"@type\":\"ListItem\",\"position\":1,\"name\":\"Home\",\"item\":\"https:\\\/\\\/turijnmagazijn.nl\\\/fr\\\/\"},{\"@type\":\"ListItem\",\"position\":2,\"name\":\"Produits\",\"item\":\"https:\\\/\\\/turijnmagazijn.nl\\\/fr\\\/shop\\\/\"},{\"@type\":\"ListItem\",\"position\":3,\"name\":\"Ressort \u00e0 gaz Hayon Lancia Kappa Berline + Coup\u00e9\"}]},{\"@type\":\"WebSite\",\"@id\":\"https:\\\/\\\/turijnmagazijn.jumpstone-dev.nl\\\/#website\",\"url\":\"https:\\\/\\\/turijnmagazijn.jumpstone-dev.nl\\\/\",\"name\":\"Turijnmagazijn\",\"description\":\"Onderdelen nieuw en gebruikt - Fiat &amp; Lancia\",\"publisher\":{\"@id\":\"https:\\\/\\\/turijnmagazijn.jumpstone-dev.nl\\\/#organization\"},\"potentialAction\":[{\"@type\":\"SearchAction\",\"target\":{\"@type\":\"EntryPoint\",\"urlTemplate\":\"https:\\\/\\\/turijnmagazijn.jumpstone-dev.nl\\\/?s={search_term_string}\"},\"query-input\":{\"@type\":\"PropertyValueSpecification\",\"valueRequired\":true,\"valueName\":\"search_term_string\"}}],\"inLanguage\":\"fr-FR\"},{\"@type\":\"Organization\",\"@id\":\"https:\\\/\\\/turijnmagazijn.jumpstone-dev.nl\\\/#organization\",\"name\":\"Turijnmagazijn\",\"url\":\"https:\\\/\\\/turijnmagazijn.jumpstone-dev.nl\\\/\",\"logo\":{\"@type\":\"ImageObject\",\"inLanguage\":\"fr-FR\",\"@id\":\"https:\\\/\\\/turijnmagazijn.jumpstone-dev.nl\\\/#\\\/schema\\\/logo\\\/image\\\/\",\"url\":\"https:\\\/\\\/turijnmagazijn.nl\\\/wp-content\\\/uploads\\\/2021\\\/02\\\/turijnmagazijnlogo.png\",\"contentUrl\":\"https:\\\/\\\/turijnmagazijn.nl\\\/wp-content\\\/uploads\\\/2021\\\/02\\\/turijnmagazijnlogo.png\",\"width\":555,\"height\":270,\"caption\":\"Turijnmagazijn\"},\"image\":{\"@id\":\"https:\\\/\\\/turijnmagazijn.jumpstone-dev.nl\\\/#\\\/schema\\\/logo\\\/image\\\/\"},\"sameAs\":[\"https:\\\/\\\/www.facebook.com\\\/turijnmagazijn\"]}]}<\/script>\n<!-- \/ Yoast SEO plugin. -->","yoast_head_json":{"title":"Ressort \u00e0 gaz Hayon Lancia Kappa Berline + Coup\u00e9 - Turijnmagazijn","robots":{"index":"index","follow":"follow","max-snippet":"max-snippet:-1","max-image-preview":"max-image-preview:large","max-video-preview":"max-video-preview:-1"},"canonical":"https:\/\/turijnmagazijn.nl\/fr\/produit\/gaz-spring-tailgate-lancia-kappa-berline-coupe\/","og_locale":"fr_FR","og_type":"article","og_title":"Ressort \u00e0 gaz Hayon Lancia Kappa Berline + Coup\u00e9 - Turijnmagazijn","og_description":"46429507 Ressort \u00e0 gaz Tailgate Lancia Kappa Berline + Coupe - Ressort \u00e0 gaz usag\u00e9 (1 exemplaire, deux sont n\u00e9cessaires par v\u00e9hicule) pour le hayon pour Lancia Kappa berlina et Coupe.Ressort \u00e0 gaz Tailgate Lancia Kappa Berline + Coupe - Ressort \u00e0 gaz usag\u00e9 (1 ex","og_url":"https:\/\/turijnmagazijn.nl\/fr\/produit\/gaz-spring-tailgate-lancia-kappa-berline-coupe\/","og_site_name":"Turijnmagazijn","article_publisher":"https:\/\/www.facebook.com\/turijnmagazijn","article_modified_time":"2025-04-15T18:54:27+00:00","og_image":[{"width":1024,"height":768,"url":"https:\/\/turijnmagazijn.nl\/wp-content\/uploads\/2023\/03\/DK0010235320Gasveer20Achterklep20Lancia20Kappa20Sedan2020Coupe203.jpg","type":"image\/jpeg"}],"twitter_card":"summary_large_image","twitter_misc":{"Dur\u00e9e de lecture estim\u00e9e":"1 minute"},"schema":{"@context":"https:\/\/schema.org","@graph":[{"@type":"WebPage","@id":"https:\/\/turijnmagazijn.nl\/fr\/produit\/gaz-spring-tailgate-lancia-kappa-berline-coupe\/","url":"https:\/\/turijnmagazijn.nl\/fr\/produit\/gaz-spring-tailgate-lancia-kappa-berline-coupe\/","name":"Ressort \u00e0 gaz Hayon Lancia Kappa Berline + Coup\u00e9 - Turijnmagazijn","isPartOf":{"@id":"https:\/\/turijnmagazijn.jumpstone-dev.nl\/#website"},"primaryImageOfPage":{"@id":"https:\/\/turijnmagazijn.nl\/fr\/produit\/gaz-spring-tailgate-lancia-kappa-berline-coupe\/#primaryimage"},"image":{"@id":"https:\/\/turijnmagazijn.nl\/fr\/produit\/gaz-spring-tailgate-lancia-kappa-berline-coupe\/#primaryimage"},"thumbnailUrl":"https:\/\/turijnmagazijn.nl\/wp-content\/uploads\/2023\/03\/DK0010235320Gasveer20Achterklep20Lancia20Kappa20Sedan2020Coupe203.jpg","datePublished":"2023-03-03T08:21:23+00:00","dateModified":"2025-04-15T18:54:27+00:00","breadcrumb":{"@id":"https:\/\/turijnmagazijn.nl\/fr\/produit\/gaz-spring-tailgate-lancia-kappa-berline-coupe\/#breadcrumb"},"inLanguage":"fr-FR","potentialAction":[{"@type":"ReadAction","target":["https:\/\/turijnmagazijn.nl\/fr\/produit\/gaz-spring-tailgate-lancia-kappa-berline-coupe\/"]}]},{"@type":"ImageObject","inLanguage":"fr-FR","@id":"https:\/\/turijnmagazijn.nl\/fr\/produit\/gaz-spring-tailgate-lancia-kappa-berline-coupe\/#primaryimage","url":"https:\/\/turijnmagazijn.nl\/wp-content\/uploads\/2023\/03\/DK0010235320Gasveer20Achterklep20Lancia20Kappa20Sedan2020Coupe203.jpg","contentUrl":"https:\/\/turijnmagazijn.nl\/wp-content\/uploads\/2023\/03\/DK0010235320Gasveer20Achterklep20Lancia20Kappa20Sedan2020Coupe203.jpg","width":1024,"height":768},{"@type":"BreadcrumbList","@id":"https:\/\/turijnmagazijn.nl\/fr\/produit\/gaz-spring-tailgate-lancia-kappa-berline-coupe\/#breadcrumb","itemListElement":[{"@type":"ListItem","position":1,"name":"Home","item":"https:\/\/turijnmagazijn.nl\/fr\/"},{"@type":"ListItem","position":2,"name":"Produits","item":"https:\/\/turijnmagazijn.nl\/fr\/shop\/"},{"@type":"ListItem","position":3,"name":"Ressort \u00e0 gaz Hayon Lancia Kappa Berline + Coup\u00e9"}]},{"@type":"WebSite","@id":"https:\/\/turijnmagazijn.jumpstone-dev.nl\/#website","url":"https:\/\/turijnmagazijn.jumpstone-dev.nl\/","name":"Turijnmagazijn","description":"Onderdelen nieuw en gebruikt - Fiat &amp; Lancia","publisher":{"@id":"https:\/\/turijnmagazijn.jumpstone-dev.nl\/#organization"},"potentialAction":[{"@type":"SearchAction","target":{"@type":"EntryPoint","urlTemplate":"https:\/\/turijnmagazijn.jumpstone-dev.nl\/?s={search_term_string}"},"query-input":{"@type":"PropertyValueSpecification","valueRequired":true,"valueName":"search_term_string"}}],"inLanguage":"fr-FR"},{"@type":"Organization","@id":"https:\/\/turijnmagazijn.jumpstone-dev.nl\/#organization","name":"Turijnmagazijn","url":"https:\/\/turijnmagazijn.jumpstone-dev.nl\/","logo":{"@type":"ImageObject","inLanguage":"fr-FR","@id":"https:\/\/turijnmagazijn.jumpstone-dev.nl\/#\/schema\/logo\/image\/","url":"https:\/\/turijnmagazijn.nl\/wp-content\/uploads\/2021\/02\/turijnmagazijnlogo.png","contentUrl":"https:\/\/turijnmagazijn.nl\/wp-content\/uploads\/2021\/02\/turijnmagazijnlogo.png","width":555,"height":270,"caption":"Turijnmagazijn"},"image":{"@id":"https:\/\/turijnmagazijn.jumpstone-dev.nl\/#\/schema\/logo\/image\/"},"sameAs":["https:\/\/www.facebook.com\/turijnmagazijn"]}]}},"_links":{"self":[{"href":"https:\/\/turijnmagazijn.nl\/fr\/wp-json\/wp\/v2\/product\/70871","targetHints":{"allow":["GET"]}}],"collection":[{"href":"https:\/\/turijnmagazijn.nl\/fr\/wp-json\/wp\/v2\/product"}],"about":[{"href":"https:\/\/turijnmagazijn.nl\/fr\/wp-json\/wp\/v2\/types\/product"}],"replies":[{"embeddable":true,"href":"https:\/\/turijnmagazijn.nl\/fr\/wp-json\/wp\/v2\/comments?post=70871"}],"wp:featuredmedia":[{"embeddable":true,"href":"https:\/\/turijnmagazijn.nl\/fr\/wp-json\/wp\/v2\/media\/49028"}],"wp:attachment":[{"href":"https:\/\/turijnmagazijn.nl\/fr\/wp-json\/wp\/v2\/media?parent=70871"}],"wp:term":[{"taxonomy":"product_brand","embeddable":true,"href":"https:\/\/turijnmagazijn.nl\/fr\/wp-json\/wp\/v2\/product_brand?post=70871"},{"taxonomy":"product_cat","embeddable":true,"href":"https:\/\/turijnmagazijn.nl\/fr\/wp-json\/wp\/v2\/product_cat?post=70871"},{"taxonomy":"product_tag","embeddable":true,"href":"https:\/\/turijnmagazijn.nl\/fr\/wp-json\/wp\/v2\/product_tag?post=70871"}],"curies":[{"name":"wp","href":"https:\/\/api.w.org\/{rel}","templated":true}]}}