{"id":71012,"date":"2023-08-03T17:15:07","date_gmt":"2023-08-03T15:15:07","guid":{"rendered":"https:\/\/turijnmagazijn.nl\/?post_type=product&#038;p=71012"},"modified":"2025-04-16T13:47:44","modified_gmt":"2025-04-16T11:47:44","slug":"ressort-pour-levier-de-vitesses-verrou-retour-engrenages-lancia-kappa","status":"publish","type":"product","link":"https:\/\/turijnmagazijn.nl\/fr\/produit\/ressort-pour-levier-de-vitesses-verrou-retour-engrenages-lancia-kappa\/","title":{"rendered":"Ressort pour verrou de levier de vitesses arri\u00e8re Lancia Kappa"},"content":{"rendered":"<p>Nouvelle pi\u00e8ce d\u2019origine \u00e0 l\u2019\u00e9tat neuf applicable \u00e0 Lancia Kappa.<\/p>\n<p><span data-sheets-value=\"{\"1\":2,\"2\":\"Veer voor pook vergrending achteruit versnelling Lancia Kappa \"}\" data-sheets-userformat=\"{\"2\":513,\"3\":{\"1\":0},\"12\":0}\">Ressort pour montage sous le pommeau de vitesse. Contr\u00f4le le verrouillage de la protection de la marche arri\u00e8re Lancia Kappa. Ce ressort garantit que l\u2019anneau sous le pommeau de vitesse descend proprement afin que la marche arri\u00e8re ne puisse pas \u00eatre enclench\u00e9e accidentellement.<\/span><\/p>\n<p>ATTENTION! Il existe 2 versions diff\u00e9rentes de levier de vitesses livr\u00e9es sur la Kappa, chacune avec son propre ressort et son propre levier de vitesses. Avant de commander, v\u00e9rifiez qu\u2019il s\u2019agit de la bonne version pour votre kappa.<\/p>\n<p>OEM Lancia <span data-sheets-value=\"{\"1\":2,\"2\":\"46472655\"}\" data-sheets-userformat=\"{\"2\":513,\"3\":{\"1\":1},\"12\":0}\">46472655<\/span><\/p>\n","protected":false},"excerpt":{"rendered":"<p><span data-sheets-value=\"{\"1\":2,\"2\":\"46472655\"}\" data-sheets-userformat=\"{\"2\":513,\"3\":{\"1\":1},\"12\":0}\">46472655 ressort pour montage sous le pommeau de vitesse. Contr\u00f4le le verrouillage de la protection de la marche arri\u00e8re Lancia Kappa.<\/span><\/p>\n","protected":false},"featured_media":71056,"comment_status":"closed","ping_status":"closed","template":"","meta":{"_acf_changed":false},"product_brand":[],"product_cat":[1862,1865,1860,1798,1870],"product_tag":[],"class_list":{"0":"post-71012","1":"product","2":"type-product","3":"status-publish","4":"has-post-thumbnail","6":"product_cat-berlina-fr","7":"product_cat-coupe-fr","8":"product_cat-kappa-838-fr","9":"product_cat-lancia-fr","10":"product_cat-sw-fr","11":"pa_soort-onderdeel-transmission-et-accessoires","13":"first","14":"instock","15":"taxable","16":"shipping-taxable","17":"purchasable","18":"product-type-simple"},"acf":[],"yoast_head":"<!-- This site is optimized with the Yoast SEO plugin v27.3 - https:\/\/yoast.com\/product\/yoast-seo-wordpress\/ -->\n<title>Ressort pour verrou de levier de vitesses arri\u00e8re Lancia Kappa - Turijnmagazijn<\/title>\n<meta name=\"robots\" content=\"index, follow, max-snippet:-1, max-image-preview:large, max-video-preview:-1\" \/>\n<link rel=\"canonical\" href=\"https:\/\/turijnmagazijn.nl\/fr\/produit\/ressort-pour-levier-de-vitesses-verrou-retour-engrenages-lancia-kappa\/\" \/>\n<meta property=\"og:locale\" content=\"fr_FR\" \/>\n<meta property=\"og:type\" content=\"article\" \/>\n<meta property=\"og:title\" content=\"Ressort pour verrou de levier de vitesses arri\u00e8re Lancia Kappa - Turijnmagazijn\" \/>\n<meta property=\"og:description\" content=\"46472655 ressort pour montage sous le pommeau de vitesse. Contr\u00f4le le verrouillage de la protection de la marche arri\u00e8re Lancia Kappa.\" \/>\n<meta property=\"og:url\" content=\"https:\/\/turijnmagazijn.nl\/fr\/produit\/ressort-pour-levier-de-vitesses-verrou-retour-engrenages-lancia-kappa\/\" \/>\n<meta property=\"og:site_name\" content=\"Turijnmagazijn\" \/>\n<meta property=\"article:publisher\" content=\"https:\/\/www.facebook.com\/turijnmagazijn\" \/>\n<meta property=\"article:modified_time\" content=\"2025-04-16T11:47:44+00:00\" \/>\n<meta property=\"og:image\" content=\"https:\/\/turijnmagazijn.nl\/wp-content\/uploads\/2023\/08\/DN0100319-Veer-voor-pook-vergrending-achteruit-versnelling-Lancia-Kappa-46472655-1.jpeg\" \/>\n\t<meta property=\"og:image:width\" content=\"2048\" \/>\n\t<meta property=\"og:image:height\" content=\"1152\" \/>\n\t<meta property=\"og:image:type\" content=\"image\/jpeg\" \/>\n<meta name=\"twitter:card\" content=\"summary_large_image\" \/>\n<meta name=\"twitter:label1\" content=\"Dur\u00e9e de lecture estim\u00e9e\" \/>\n\t<meta name=\"twitter:data1\" content=\"1 minute\" \/>\n<script type=\"application\/ld+json\" class=\"yoast-schema-graph\">{\"@context\":\"https:\\\/\\\/schema.org\",\"@graph\":[{\"@type\":\"WebPage\",\"@id\":\"https:\\\/\\\/turijnmagazijn.nl\\\/fr\\\/produit\\\/ressort-pour-levier-de-vitesses-verrou-retour-engrenages-lancia-kappa\\\/\",\"url\":\"https:\\\/\\\/turijnmagazijn.nl\\\/fr\\\/produit\\\/ressort-pour-levier-de-vitesses-verrou-retour-engrenages-lancia-kappa\\\/\",\"name\":\"Ressort pour verrou de levier de vitesses arri\u00e8re Lancia Kappa - Turijnmagazijn\",\"isPartOf\":{\"@id\":\"https:\\\/\\\/turijnmagazijn.jumpstone-dev.nl\\\/#website\"},\"primaryImageOfPage\":{\"@id\":\"https:\\\/\\\/turijnmagazijn.nl\\\/fr\\\/produit\\\/ressort-pour-levier-de-vitesses-verrou-retour-engrenages-lancia-kappa\\\/#primaryimage\"},\"image\":{\"@id\":\"https:\\\/\\\/turijnmagazijn.nl\\\/fr\\\/produit\\\/ressort-pour-levier-de-vitesses-verrou-retour-engrenages-lancia-kappa\\\/#primaryimage\"},\"thumbnailUrl\":\"https:\\\/\\\/turijnmagazijn.nl\\\/wp-content\\\/uploads\\\/2023\\\/08\\\/DN0100319-Veer-voor-pook-vergrending-achteruit-versnelling-Lancia-Kappa-46472655-1.jpeg\",\"datePublished\":\"2023-08-03T15:15:07+00:00\",\"dateModified\":\"2025-04-16T11:47:44+00:00\",\"breadcrumb\":{\"@id\":\"https:\\\/\\\/turijnmagazijn.nl\\\/fr\\\/produit\\\/ressort-pour-levier-de-vitesses-verrou-retour-engrenages-lancia-kappa\\\/#breadcrumb\"},\"inLanguage\":\"fr-FR\",\"potentialAction\":[{\"@type\":\"ReadAction\",\"target\":[\"https:\\\/\\\/turijnmagazijn.nl\\\/fr\\\/produit\\\/ressort-pour-levier-de-vitesses-verrou-retour-engrenages-lancia-kappa\\\/\"]}]},{\"@type\":\"ImageObject\",\"inLanguage\":\"fr-FR\",\"@id\":\"https:\\\/\\\/turijnmagazijn.nl\\\/fr\\\/produit\\\/ressort-pour-levier-de-vitesses-verrou-retour-engrenages-lancia-kappa\\\/#primaryimage\",\"url\":\"https:\\\/\\\/turijnmagazijn.nl\\\/wp-content\\\/uploads\\\/2023\\\/08\\\/DN0100319-Veer-voor-pook-vergrending-achteruit-versnelling-Lancia-Kappa-46472655-1.jpeg\",\"contentUrl\":\"https:\\\/\\\/turijnmagazijn.nl\\\/wp-content\\\/uploads\\\/2023\\\/08\\\/DN0100319-Veer-voor-pook-vergrending-achteruit-versnelling-Lancia-Kappa-46472655-1.jpeg\",\"width\":2048,\"height\":1152},{\"@type\":\"BreadcrumbList\",\"@id\":\"https:\\\/\\\/turijnmagazijn.nl\\\/fr\\\/produit\\\/ressort-pour-levier-de-vitesses-verrou-retour-engrenages-lancia-kappa\\\/#breadcrumb\",\"itemListElement\":[{\"@type\":\"ListItem\",\"position\":1,\"name\":\"Home\",\"item\":\"https:\\\/\\\/turijnmagazijn.nl\\\/fr\\\/\"},{\"@type\":\"ListItem\",\"position\":2,\"name\":\"Produits\",\"item\":\"https:\\\/\\\/turijnmagazijn.nl\\\/fr\\\/shop\\\/\"},{\"@type\":\"ListItem\",\"position\":3,\"name\":\"Ressort pour verrou de levier de vitesses arri\u00e8re Lancia Kappa\"}]},{\"@type\":\"WebSite\",\"@id\":\"https:\\\/\\\/turijnmagazijn.jumpstone-dev.nl\\\/#website\",\"url\":\"https:\\\/\\\/turijnmagazijn.jumpstone-dev.nl\\\/\",\"name\":\"Turijnmagazijn\",\"description\":\"Onderdelen nieuw en gebruikt - Fiat &amp; Lancia\",\"publisher\":{\"@id\":\"https:\\\/\\\/turijnmagazijn.jumpstone-dev.nl\\\/#organization\"},\"potentialAction\":[{\"@type\":\"SearchAction\",\"target\":{\"@type\":\"EntryPoint\",\"urlTemplate\":\"https:\\\/\\\/turijnmagazijn.jumpstone-dev.nl\\\/?s={search_term_string}\"},\"query-input\":{\"@type\":\"PropertyValueSpecification\",\"valueRequired\":true,\"valueName\":\"search_term_string\"}}],\"inLanguage\":\"fr-FR\"},{\"@type\":\"Organization\",\"@id\":\"https:\\\/\\\/turijnmagazijn.jumpstone-dev.nl\\\/#organization\",\"name\":\"Turijnmagazijn\",\"url\":\"https:\\\/\\\/turijnmagazijn.jumpstone-dev.nl\\\/\",\"logo\":{\"@type\":\"ImageObject\",\"inLanguage\":\"fr-FR\",\"@id\":\"https:\\\/\\\/turijnmagazijn.jumpstone-dev.nl\\\/#\\\/schema\\\/logo\\\/image\\\/\",\"url\":\"https:\\\/\\\/turijnmagazijn.nl\\\/wp-content\\\/uploads\\\/2021\\\/02\\\/turijnmagazijnlogo.png\",\"contentUrl\":\"https:\\\/\\\/turijnmagazijn.nl\\\/wp-content\\\/uploads\\\/2021\\\/02\\\/turijnmagazijnlogo.png\",\"width\":555,\"height\":270,\"caption\":\"Turijnmagazijn\"},\"image\":{\"@id\":\"https:\\\/\\\/turijnmagazijn.jumpstone-dev.nl\\\/#\\\/schema\\\/logo\\\/image\\\/\"},\"sameAs\":[\"https:\\\/\\\/www.facebook.com\\\/turijnmagazijn\"]}]}<\/script>\n<!-- \/ Yoast SEO plugin. -->","yoast_head_json":{"title":"Ressort pour verrou de levier de vitesses arri\u00e8re Lancia Kappa - Turijnmagazijn","robots":{"index":"index","follow":"follow","max-snippet":"max-snippet:-1","max-image-preview":"max-image-preview:large","max-video-preview":"max-video-preview:-1"},"canonical":"https:\/\/turijnmagazijn.nl\/fr\/produit\/ressort-pour-levier-de-vitesses-verrou-retour-engrenages-lancia-kappa\/","og_locale":"fr_FR","og_type":"article","og_title":"Ressort pour verrou de levier de vitesses arri\u00e8re Lancia Kappa - Turijnmagazijn","og_description":"46472655 ressort pour montage sous le pommeau de vitesse. Contr\u00f4le le verrouillage de la protection de la marche arri\u00e8re Lancia Kappa.","og_url":"https:\/\/turijnmagazijn.nl\/fr\/produit\/ressort-pour-levier-de-vitesses-verrou-retour-engrenages-lancia-kappa\/","og_site_name":"Turijnmagazijn","article_publisher":"https:\/\/www.facebook.com\/turijnmagazijn","article_modified_time":"2025-04-16T11:47:44+00:00","og_image":[{"width":2048,"height":1152,"url":"https:\/\/turijnmagazijn.nl\/wp-content\/uploads\/2023\/08\/DN0100319-Veer-voor-pook-vergrending-achteruit-versnelling-Lancia-Kappa-46472655-1.jpeg","type":"image\/jpeg"}],"twitter_card":"summary_large_image","twitter_misc":{"Dur\u00e9e de lecture estim\u00e9e":"1 minute"},"schema":{"@context":"https:\/\/schema.org","@graph":[{"@type":"WebPage","@id":"https:\/\/turijnmagazijn.nl\/fr\/produit\/ressort-pour-levier-de-vitesses-verrou-retour-engrenages-lancia-kappa\/","url":"https:\/\/turijnmagazijn.nl\/fr\/produit\/ressort-pour-levier-de-vitesses-verrou-retour-engrenages-lancia-kappa\/","name":"Ressort pour verrou de levier de vitesses arri\u00e8re Lancia Kappa - Turijnmagazijn","isPartOf":{"@id":"https:\/\/turijnmagazijn.jumpstone-dev.nl\/#website"},"primaryImageOfPage":{"@id":"https:\/\/turijnmagazijn.nl\/fr\/produit\/ressort-pour-levier-de-vitesses-verrou-retour-engrenages-lancia-kappa\/#primaryimage"},"image":{"@id":"https:\/\/turijnmagazijn.nl\/fr\/produit\/ressort-pour-levier-de-vitesses-verrou-retour-engrenages-lancia-kappa\/#primaryimage"},"thumbnailUrl":"https:\/\/turijnmagazijn.nl\/wp-content\/uploads\/2023\/08\/DN0100319-Veer-voor-pook-vergrending-achteruit-versnelling-Lancia-Kappa-46472655-1.jpeg","datePublished":"2023-08-03T15:15:07+00:00","dateModified":"2025-04-16T11:47:44+00:00","breadcrumb":{"@id":"https:\/\/turijnmagazijn.nl\/fr\/produit\/ressort-pour-levier-de-vitesses-verrou-retour-engrenages-lancia-kappa\/#breadcrumb"},"inLanguage":"fr-FR","potentialAction":[{"@type":"ReadAction","target":["https:\/\/turijnmagazijn.nl\/fr\/produit\/ressort-pour-levier-de-vitesses-verrou-retour-engrenages-lancia-kappa\/"]}]},{"@type":"ImageObject","inLanguage":"fr-FR","@id":"https:\/\/turijnmagazijn.nl\/fr\/produit\/ressort-pour-levier-de-vitesses-verrou-retour-engrenages-lancia-kappa\/#primaryimage","url":"https:\/\/turijnmagazijn.nl\/wp-content\/uploads\/2023\/08\/DN0100319-Veer-voor-pook-vergrending-achteruit-versnelling-Lancia-Kappa-46472655-1.jpeg","contentUrl":"https:\/\/turijnmagazijn.nl\/wp-content\/uploads\/2023\/08\/DN0100319-Veer-voor-pook-vergrending-achteruit-versnelling-Lancia-Kappa-46472655-1.jpeg","width":2048,"height":1152},{"@type":"BreadcrumbList","@id":"https:\/\/turijnmagazijn.nl\/fr\/produit\/ressort-pour-levier-de-vitesses-verrou-retour-engrenages-lancia-kappa\/#breadcrumb","itemListElement":[{"@type":"ListItem","position":1,"name":"Home","item":"https:\/\/turijnmagazijn.nl\/fr\/"},{"@type":"ListItem","position":2,"name":"Produits","item":"https:\/\/turijnmagazijn.nl\/fr\/shop\/"},{"@type":"ListItem","position":3,"name":"Ressort pour verrou de levier de vitesses arri\u00e8re Lancia Kappa"}]},{"@type":"WebSite","@id":"https:\/\/turijnmagazijn.jumpstone-dev.nl\/#website","url":"https:\/\/turijnmagazijn.jumpstone-dev.nl\/","name":"Turijnmagazijn","description":"Onderdelen nieuw en gebruikt - Fiat &amp; Lancia","publisher":{"@id":"https:\/\/turijnmagazijn.jumpstone-dev.nl\/#organization"},"potentialAction":[{"@type":"SearchAction","target":{"@type":"EntryPoint","urlTemplate":"https:\/\/turijnmagazijn.jumpstone-dev.nl\/?s={search_term_string}"},"query-input":{"@type":"PropertyValueSpecification","valueRequired":true,"valueName":"search_term_string"}}],"inLanguage":"fr-FR"},{"@type":"Organization","@id":"https:\/\/turijnmagazijn.jumpstone-dev.nl\/#organization","name":"Turijnmagazijn","url":"https:\/\/turijnmagazijn.jumpstone-dev.nl\/","logo":{"@type":"ImageObject","inLanguage":"fr-FR","@id":"https:\/\/turijnmagazijn.jumpstone-dev.nl\/#\/schema\/logo\/image\/","url":"https:\/\/turijnmagazijn.nl\/wp-content\/uploads\/2021\/02\/turijnmagazijnlogo.png","contentUrl":"https:\/\/turijnmagazijn.nl\/wp-content\/uploads\/2021\/02\/turijnmagazijnlogo.png","width":555,"height":270,"caption":"Turijnmagazijn"},"image":{"@id":"https:\/\/turijnmagazijn.jumpstone-dev.nl\/#\/schema\/logo\/image\/"},"sameAs":["https:\/\/www.facebook.com\/turijnmagazijn"]}]}},"_links":{"self":[{"href":"https:\/\/turijnmagazijn.nl\/fr\/wp-json\/wp\/v2\/product\/71012","targetHints":{"allow":["GET"]}}],"collection":[{"href":"https:\/\/turijnmagazijn.nl\/fr\/wp-json\/wp\/v2\/product"}],"about":[{"href":"https:\/\/turijnmagazijn.nl\/fr\/wp-json\/wp\/v2\/types\/product"}],"replies":[{"embeddable":true,"href":"https:\/\/turijnmagazijn.nl\/fr\/wp-json\/wp\/v2\/comments?post=71012"}],"wp:featuredmedia":[{"embeddable":true,"href":"https:\/\/turijnmagazijn.nl\/fr\/wp-json\/wp\/v2\/media\/71056"}],"wp:attachment":[{"href":"https:\/\/turijnmagazijn.nl\/fr\/wp-json\/wp\/v2\/media?parent=71012"}],"wp:term":[{"taxonomy":"product_brand","embeddable":true,"href":"https:\/\/turijnmagazijn.nl\/fr\/wp-json\/wp\/v2\/product_brand?post=71012"},{"taxonomy":"product_cat","embeddable":true,"href":"https:\/\/turijnmagazijn.nl\/fr\/wp-json\/wp\/v2\/product_cat?post=71012"},{"taxonomy":"product_tag","embeddable":true,"href":"https:\/\/turijnmagazijn.nl\/fr\/wp-json\/wp\/v2\/product_tag?post=71012"}],"curies":[{"name":"wp","href":"https:\/\/api.w.org\/{rel}","templated":true}]}}