{"id":71325,"date":"2023-08-26T17:28:13","date_gmt":"2023-08-26T15:28:13","guid":{"rendered":"https:\/\/turijnmagazijn.nl\/product\/rembourrage-de-prise-14591787\/"},"modified":"2025-04-13T15:50:43","modified_gmt":"2025-04-13T13:50:43","slug":"plug-cover-14591787","status":"publish","type":"product","link":"https:\/\/turijnmagazijn.nl\/fr\/produit\/plug-cover-14591787\/","title":{"rendered":"Rembourrage de prise 14591787"},"content":{"rendered":"<p>Clou de sellerie rond noir pour Lancia Delta 1. Il s\u2019agit d\u2019une imitation de pi\u00e8ce de bonne qualit\u00e9, parfaitement interchangeable avec l\u2019original. \u00c9galement appliqu\u00e9 \u00e0 l\u2019Alfa Romeo 147. Cette fiche est utilis\u00e9e sur la Delta pour connecter la partie inf\u00e9rieure et la partie sup\u00e9rieure de la console tunnel. R\u00e9f\u00e9rence OEM Lancia 14591787<\/p>\n","protected":false},"excerpt":{"rendered":"<p>14591787 Clou de sellerie rond noir pour Lancia Delta 1. Il s\u2019agit d\u2019une imitation de pi\u00e8ce de bonne qualit\u00e9, parfaitement interchangeable avec l\u2019original. \u00c9galement appliqu\u00e9 \u00e0 l\u2019Alfa Romeo 147. Ceci<\/p>\n","protected":false},"featured_media":71778,"comment_status":"open","ping_status":"closed","template":"","meta":{"_acf_changed":false},"product_brand":[],"product_cat":[1809,1597,1606,1609,1613,1659,1654,1582,1702,1862,1705,1865,1722,1802,1806,1690,1819,1821,1825,1836,1830,1838,1860,1798,1873,1736,1738,1741,1748,1882,1617,1623,1880,1870,1779,1896,1902,1897,1908,1781,1786,1914],"product_tag":[],"class_list":{"0":"post-71325","1":"product","2":"type-product","3":"status-publish","4":"has-post-thumbnail","6":"product_cat-1-1-1-3-1-5-fr","7":"product_cat-145-930a-fr","8":"product_cat-147-937-fr","9":"product_cat-155-167-fr","10":"product_cat-156-932-fr","11":"product_cat-159-939-fr","12":"product_cat-164-164-fr","13":"product_cat-alfa-romeo-fr","14":"product_cat-barchetta-183-fr","15":"product_cat-berlina-fr","16":"product_cat-brava-198-fr","17":"product_cat-coupe-fr","18":"product_cat-croma-1-154-fr","19":"product_cat-dedra-835-fr","20":"product_cat-delta-1-831-fr","21":"product_cat-fiat-fr","22":"product_cat-gt-i-e-fr","23":"product_cat-hf-4wd-fr","24":"product_cat-hf-turbo-fr","25":"product_cat-integrale-16v-fr","26":"product_cat-integrale-8v-fr","27":"product_cat-integrale-evo-fr","28":"product_cat-kappa-838-fr","29":"product_cat-lancia-fr","30":"product_cat-lybra-839-fr","31":"product_cat-marea-185-fr","32":"product_cat-multipla-186-fr","33":"product_cat-panda-1-141-fr","34":"product_cat-punto-1-176-fr","35":"product_cat-sedan-lybra-839-fr","36":"product_cat-sedan-fr","37":"product_cat-sportwagon-fr","38":"product_cat-sw-lybra-839-fr","39":"product_cat-sw-fr","40":"product_cat-tempra-159-fr","41":"product_cat-thema-834-fr","42":"product_cat-thema-sedan-fr","43":"product_cat-thema-sw-fr","44":"product_cat-thesis-841-fr","45":"product_cat-tipo-1-160-fr","46":"product_cat-uno-1-146-fr","47":"product_cat-ypsilon-1-840-fr","48":"pa_soort-onderdeel-carrosserie-et-tolerie","50":"first","51":"instock","52":"taxable","53":"shipping-taxable","54":"purchasable","55":"product-type-simple"},"acf":[],"yoast_head":"<!-- This site is optimized with the Yoast SEO plugin v27.3 - https:\/\/yoast.com\/product\/yoast-seo-wordpress\/ -->\n<title>Rembourrage de prise 14591787 - Turijnmagazijn<\/title>\n<meta name=\"robots\" content=\"index, follow, max-snippet:-1, max-image-preview:large, max-video-preview:-1\" \/>\n<link rel=\"canonical\" href=\"https:\/\/turijnmagazijn.nl\/fr\/produit\/plug-cover-14591787\/\" \/>\n<meta property=\"og:locale\" content=\"fr_FR\" \/>\n<meta property=\"og:type\" content=\"article\" \/>\n<meta property=\"og:title\" content=\"Rembourrage de prise 14591787 - Turijnmagazijn\" \/>\n<meta property=\"og:description\" content=\"14591787 Clou de sellerie rond noir pour Lancia Delta 1. Il s\u2019agit d\u2019une imitation de pi\u00e8ce de bonne qualit\u00e9, parfaitement interchangeable avec l\u2019original. \u00c9galement appliqu\u00e9 \u00e0 l\u2019Alfa Romeo 147. Ceci\" \/>\n<meta property=\"og:url\" content=\"https:\/\/turijnmagazijn.nl\/fr\/produit\/plug-cover-14591787\/\" \/>\n<meta property=\"og:site_name\" content=\"Turijnmagazijn\" \/>\n<meta property=\"article:publisher\" content=\"https:\/\/www.facebook.com\/turijnmagazijn\" \/>\n<meta property=\"article:modified_time\" content=\"2025-04-13T13:50:43+00:00\" \/>\n<meta property=\"og:image\" content=\"https:\/\/turijnmagazijn.nl\/wp-content\/uploads\/2023\/08\/DN0100325-Clip-spreidmoer-14591787-14591787-3.jpg\" \/>\n\t<meta property=\"og:image:width\" content=\"1024\" \/>\n\t<meta property=\"og:image:height\" content=\"768\" \/>\n\t<meta property=\"og:image:type\" content=\"image\/jpeg\" \/>\n<meta name=\"twitter:card\" content=\"summary_large_image\" \/>\n<script type=\"application\/ld+json\" class=\"yoast-schema-graph\">{\"@context\":\"https:\\\/\\\/schema.org\",\"@graph\":[{\"@type\":\"WebPage\",\"@id\":\"https:\\\/\\\/turijnmagazijn.nl\\\/fr\\\/produit\\\/plug-cover-14591787\\\/\",\"url\":\"https:\\\/\\\/turijnmagazijn.nl\\\/fr\\\/produit\\\/plug-cover-14591787\\\/\",\"name\":\"Rembourrage de prise 14591787 - Turijnmagazijn\",\"isPartOf\":{\"@id\":\"https:\\\/\\\/turijnmagazijn.jumpstone-dev.nl\\\/#website\"},\"primaryImageOfPage\":{\"@id\":\"https:\\\/\\\/turijnmagazijn.nl\\\/fr\\\/produit\\\/plug-cover-14591787\\\/#primaryimage\"},\"image\":{\"@id\":\"https:\\\/\\\/turijnmagazijn.nl\\\/fr\\\/produit\\\/plug-cover-14591787\\\/#primaryimage\"},\"thumbnailUrl\":\"https:\\\/\\\/turijnmagazijn.nl\\\/wp-content\\\/uploads\\\/2023\\\/08\\\/DN0100325-Clip-spreidmoer-14591787-14591787-3.jpg\",\"datePublished\":\"2023-08-26T15:28:13+00:00\",\"dateModified\":\"2025-04-13T13:50:43+00:00\",\"breadcrumb\":{\"@id\":\"https:\\\/\\\/turijnmagazijn.nl\\\/fr\\\/produit\\\/plug-cover-14591787\\\/#breadcrumb\"},\"inLanguage\":\"fr-FR\",\"potentialAction\":[{\"@type\":\"ReadAction\",\"target\":[\"https:\\\/\\\/turijnmagazijn.nl\\\/fr\\\/produit\\\/plug-cover-14591787\\\/\"]}]},{\"@type\":\"ImageObject\",\"inLanguage\":\"fr-FR\",\"@id\":\"https:\\\/\\\/turijnmagazijn.nl\\\/fr\\\/produit\\\/plug-cover-14591787\\\/#primaryimage\",\"url\":\"https:\\\/\\\/turijnmagazijn.nl\\\/wp-content\\\/uploads\\\/2023\\\/08\\\/DN0100325-Clip-spreidmoer-14591787-14591787-3.jpg\",\"contentUrl\":\"https:\\\/\\\/turijnmagazijn.nl\\\/wp-content\\\/uploads\\\/2023\\\/08\\\/DN0100325-Clip-spreidmoer-14591787-14591787-3.jpg\",\"width\":1024,\"height\":768},{\"@type\":\"BreadcrumbList\",\"@id\":\"https:\\\/\\\/turijnmagazijn.nl\\\/fr\\\/produit\\\/plug-cover-14591787\\\/#breadcrumb\",\"itemListElement\":[{\"@type\":\"ListItem\",\"position\":1,\"name\":\"Home\",\"item\":\"https:\\\/\\\/turijnmagazijn.nl\\\/fr\\\/\"},{\"@type\":\"ListItem\",\"position\":2,\"name\":\"Produits\",\"item\":\"https:\\\/\\\/turijnmagazijn.nl\\\/fr\\\/shop\\\/\"},{\"@type\":\"ListItem\",\"position\":3,\"name\":\"Rembourrage de prise 14591787\"}]},{\"@type\":\"WebSite\",\"@id\":\"https:\\\/\\\/turijnmagazijn.jumpstone-dev.nl\\\/#website\",\"url\":\"https:\\\/\\\/turijnmagazijn.jumpstone-dev.nl\\\/\",\"name\":\"Turijnmagazijn\",\"description\":\"Onderdelen nieuw en gebruikt - Fiat &amp; Lancia\",\"publisher\":{\"@id\":\"https:\\\/\\\/turijnmagazijn.jumpstone-dev.nl\\\/#organization\"},\"potentialAction\":[{\"@type\":\"SearchAction\",\"target\":{\"@type\":\"EntryPoint\",\"urlTemplate\":\"https:\\\/\\\/turijnmagazijn.jumpstone-dev.nl\\\/?s={search_term_string}\"},\"query-input\":{\"@type\":\"PropertyValueSpecification\",\"valueRequired\":true,\"valueName\":\"search_term_string\"}}],\"inLanguage\":\"fr-FR\"},{\"@type\":\"Organization\",\"@id\":\"https:\\\/\\\/turijnmagazijn.jumpstone-dev.nl\\\/#organization\",\"name\":\"Turijnmagazijn\",\"url\":\"https:\\\/\\\/turijnmagazijn.jumpstone-dev.nl\\\/\",\"logo\":{\"@type\":\"ImageObject\",\"inLanguage\":\"fr-FR\",\"@id\":\"https:\\\/\\\/turijnmagazijn.jumpstone-dev.nl\\\/#\\\/schema\\\/logo\\\/image\\\/\",\"url\":\"https:\\\/\\\/turijnmagazijn.nl\\\/wp-content\\\/uploads\\\/2021\\\/02\\\/turijnmagazijnlogo.png\",\"contentUrl\":\"https:\\\/\\\/turijnmagazijn.nl\\\/wp-content\\\/uploads\\\/2021\\\/02\\\/turijnmagazijnlogo.png\",\"width\":555,\"height\":270,\"caption\":\"Turijnmagazijn\"},\"image\":{\"@id\":\"https:\\\/\\\/turijnmagazijn.jumpstone-dev.nl\\\/#\\\/schema\\\/logo\\\/image\\\/\"},\"sameAs\":[\"https:\\\/\\\/www.facebook.com\\\/turijnmagazijn\"]}]}<\/script>\n<!-- \/ Yoast SEO plugin. -->","yoast_head_json":{"title":"Rembourrage de prise 14591787 - Turijnmagazijn","robots":{"index":"index","follow":"follow","max-snippet":"max-snippet:-1","max-image-preview":"max-image-preview:large","max-video-preview":"max-video-preview:-1"},"canonical":"https:\/\/turijnmagazijn.nl\/fr\/produit\/plug-cover-14591787\/","og_locale":"fr_FR","og_type":"article","og_title":"Rembourrage de prise 14591787 - Turijnmagazijn","og_description":"14591787 Clou de sellerie rond noir pour Lancia Delta 1. Il s\u2019agit d\u2019une imitation de pi\u00e8ce de bonne qualit\u00e9, parfaitement interchangeable avec l\u2019original. \u00c9galement appliqu\u00e9 \u00e0 l\u2019Alfa Romeo 147. Ceci","og_url":"https:\/\/turijnmagazijn.nl\/fr\/produit\/plug-cover-14591787\/","og_site_name":"Turijnmagazijn","article_publisher":"https:\/\/www.facebook.com\/turijnmagazijn","article_modified_time":"2025-04-13T13:50:43+00:00","og_image":[{"width":1024,"height":768,"url":"https:\/\/turijnmagazijn.nl\/wp-content\/uploads\/2023\/08\/DN0100325-Clip-spreidmoer-14591787-14591787-3.jpg","type":"image\/jpeg"}],"twitter_card":"summary_large_image","schema":{"@context":"https:\/\/schema.org","@graph":[{"@type":"WebPage","@id":"https:\/\/turijnmagazijn.nl\/fr\/produit\/plug-cover-14591787\/","url":"https:\/\/turijnmagazijn.nl\/fr\/produit\/plug-cover-14591787\/","name":"Rembourrage de prise 14591787 - Turijnmagazijn","isPartOf":{"@id":"https:\/\/turijnmagazijn.jumpstone-dev.nl\/#website"},"primaryImageOfPage":{"@id":"https:\/\/turijnmagazijn.nl\/fr\/produit\/plug-cover-14591787\/#primaryimage"},"image":{"@id":"https:\/\/turijnmagazijn.nl\/fr\/produit\/plug-cover-14591787\/#primaryimage"},"thumbnailUrl":"https:\/\/turijnmagazijn.nl\/wp-content\/uploads\/2023\/08\/DN0100325-Clip-spreidmoer-14591787-14591787-3.jpg","datePublished":"2023-08-26T15:28:13+00:00","dateModified":"2025-04-13T13:50:43+00:00","breadcrumb":{"@id":"https:\/\/turijnmagazijn.nl\/fr\/produit\/plug-cover-14591787\/#breadcrumb"},"inLanguage":"fr-FR","potentialAction":[{"@type":"ReadAction","target":["https:\/\/turijnmagazijn.nl\/fr\/produit\/plug-cover-14591787\/"]}]},{"@type":"ImageObject","inLanguage":"fr-FR","@id":"https:\/\/turijnmagazijn.nl\/fr\/produit\/plug-cover-14591787\/#primaryimage","url":"https:\/\/turijnmagazijn.nl\/wp-content\/uploads\/2023\/08\/DN0100325-Clip-spreidmoer-14591787-14591787-3.jpg","contentUrl":"https:\/\/turijnmagazijn.nl\/wp-content\/uploads\/2023\/08\/DN0100325-Clip-spreidmoer-14591787-14591787-3.jpg","width":1024,"height":768},{"@type":"BreadcrumbList","@id":"https:\/\/turijnmagazijn.nl\/fr\/produit\/plug-cover-14591787\/#breadcrumb","itemListElement":[{"@type":"ListItem","position":1,"name":"Home","item":"https:\/\/turijnmagazijn.nl\/fr\/"},{"@type":"ListItem","position":2,"name":"Produits","item":"https:\/\/turijnmagazijn.nl\/fr\/shop\/"},{"@type":"ListItem","position":3,"name":"Rembourrage de prise 14591787"}]},{"@type":"WebSite","@id":"https:\/\/turijnmagazijn.jumpstone-dev.nl\/#website","url":"https:\/\/turijnmagazijn.jumpstone-dev.nl\/","name":"Turijnmagazijn","description":"Onderdelen nieuw en gebruikt - Fiat &amp; Lancia","publisher":{"@id":"https:\/\/turijnmagazijn.jumpstone-dev.nl\/#organization"},"potentialAction":[{"@type":"SearchAction","target":{"@type":"EntryPoint","urlTemplate":"https:\/\/turijnmagazijn.jumpstone-dev.nl\/?s={search_term_string}"},"query-input":{"@type":"PropertyValueSpecification","valueRequired":true,"valueName":"search_term_string"}}],"inLanguage":"fr-FR"},{"@type":"Organization","@id":"https:\/\/turijnmagazijn.jumpstone-dev.nl\/#organization","name":"Turijnmagazijn","url":"https:\/\/turijnmagazijn.jumpstone-dev.nl\/","logo":{"@type":"ImageObject","inLanguage":"fr-FR","@id":"https:\/\/turijnmagazijn.jumpstone-dev.nl\/#\/schema\/logo\/image\/","url":"https:\/\/turijnmagazijn.nl\/wp-content\/uploads\/2021\/02\/turijnmagazijnlogo.png","contentUrl":"https:\/\/turijnmagazijn.nl\/wp-content\/uploads\/2021\/02\/turijnmagazijnlogo.png","width":555,"height":270,"caption":"Turijnmagazijn"},"image":{"@id":"https:\/\/turijnmagazijn.jumpstone-dev.nl\/#\/schema\/logo\/image\/"},"sameAs":["https:\/\/www.facebook.com\/turijnmagazijn"]}]}},"_links":{"self":[{"href":"https:\/\/turijnmagazijn.nl\/fr\/wp-json\/wp\/v2\/product\/71325","targetHints":{"allow":["GET"]}}],"collection":[{"href":"https:\/\/turijnmagazijn.nl\/fr\/wp-json\/wp\/v2\/product"}],"about":[{"href":"https:\/\/turijnmagazijn.nl\/fr\/wp-json\/wp\/v2\/types\/product"}],"replies":[{"embeddable":true,"href":"https:\/\/turijnmagazijn.nl\/fr\/wp-json\/wp\/v2\/comments?post=71325"}],"wp:featuredmedia":[{"embeddable":true,"href":"https:\/\/turijnmagazijn.nl\/fr\/wp-json\/wp\/v2\/media\/71778"}],"wp:attachment":[{"href":"https:\/\/turijnmagazijn.nl\/fr\/wp-json\/wp\/v2\/media?parent=71325"}],"wp:term":[{"taxonomy":"product_brand","embeddable":true,"href":"https:\/\/turijnmagazijn.nl\/fr\/wp-json\/wp\/v2\/product_brand?post=71325"},{"taxonomy":"product_cat","embeddable":true,"href":"https:\/\/turijnmagazijn.nl\/fr\/wp-json\/wp\/v2\/product_cat?post=71325"},{"taxonomy":"product_tag","embeddable":true,"href":"https:\/\/turijnmagazijn.nl\/fr\/wp-json\/wp\/v2\/product_tag?post=71325"}],"curies":[{"name":"wp","href":"https:\/\/api.w.org\/{rel}","templated":true}]}}