{"id":71329,"date":"2023-08-26T17:28:23","date_gmt":"2023-08-26T15:28:23","guid":{"rendered":"https:\/\/turijnmagazijn.nl\/product\/collecteur-de-clapet-anti-refoulement-lancia-delta\/"},"modified":"2025-06-10T21:11:50","modified_gmt":"2025-06-10T19:11:50","slug":"collecteur-devacuation-vanne-anti-refoulement-lave-glace-lancia-delta","status":"publish","type":"product","link":"https:\/\/turijnmagazijn.nl\/fr\/produit\/collecteur-devacuation-vanne-anti-refoulement-lave-glace-lancia-delta\/","title":{"rendered":"Collecteur retour d&rsquo;air et lave-glace Lancia Delta"},"content":{"rendered":"<p>Tube de d\u00e9part collecteur pour le tuyau de liquide lave-glace pour diff\u00e9rents types d\u2019Alfa Romeo, Lancia et Fiat. Il s\u2019agit d\u2019une imitation de pi\u00e8ce de bonne qualit\u00e9, parfaitement interchangeable avec l\u2019original. Applicable \u00e0 Lancia Delta Integrale en tant que collecteur pour le tuyau de lave-glace au niveau du parafan sous le capot. L\u00e0, le tuyau d\u2019alimentation se divise en deux pour alimenter les 2 buses du pare-brise.<\/p>\n<p>Pi\u00e8ce num\u00e9ro 5 sur le dessin technique du dessin EPER num\u00e9ro 1024700003 concernant son application sur la Lancia Delta Integrale. Une copie de ce document est requise par voiture.<\/p>\n<p>Pi\u00e8ce num\u00e9ro 18 sur le dessin technique du dessin EPER num\u00e9ro 1024700005 concernant son application sur la Lancia Delta Integrale. Une copie de ce document est requise par voiture.<\/p>\n<p>Pi\u00e8ce num\u00e9ro 3 du dessin technique de l&rsquo;EPER num\u00e9ro DE554A5054E6716D7C8409DFCB29881C concernant l&rsquo;application sur la Lancia Delta Integrale. Une copie de ce document est requise par voiture.<\/p>\n<p>R\u00e9f\u00e9rence OEM Lancia 14583087<\/p>\n","protected":false},"excerpt":{"rendered":"<p>14583087 Varifold tee pour le tuyau de liquide lave-glace pour diff\u00e9rents types d\u2019Alfa Romeo, Lancia et Fiat. Est une pi\u00e8ce d\u2019imitation de bonne qualit\u00e9, parfaitement interchangeable<\/p>\n","protected":false},"featured_media":71868,"comment_status":"open","ping_status":"closed","template":"","meta":{"_acf_changed":false},"product_brand":[],"product_cat":[1809,1806,1819,1821,1825,1836,1830,1838,1798],"product_tag":[],"class_list":{"0":"post-71329","1":"product","2":"type-product","3":"status-publish","4":"has-post-thumbnail","6":"product_cat-1-1-1-3-1-5-fr","7":"product_cat-delta-1-831-fr","8":"product_cat-gt-i-e-fr","9":"product_cat-hf-4wd-fr","10":"product_cat-hf-turbo-fr","11":"product_cat-integrale-16v-fr","12":"product_cat-integrale-8v-fr","13":"product_cat-integrale-evo-fr","14":"product_cat-lancia-fr","15":"pa_soort-onderdeel-carrosserie-et-tolerie","17":"first","18":"instock","19":"taxable","20":"shipping-taxable","21":"purchasable","22":"product-type-simple"},"acf":[],"yoast_head":"<!-- This site is optimized with the Yoast SEO plugin v27.2 - https:\/\/yoast.com\/product\/yoast-seo-wordpress\/ -->\n<title>Collecteur retour d&#039;air et lave-glace Lancia Delta - Turijnmagazijn<\/title>\n<meta name=\"robots\" content=\"index, follow, max-snippet:-1, max-image-preview:large, max-video-preview:-1\" \/>\n<link rel=\"canonical\" href=\"https:\/\/turijnmagazijn.nl\/fr\/produit\/collecteur-devacuation-vanne-anti-refoulement-lave-glace-lancia-delta\/\" \/>\n<meta property=\"og:locale\" content=\"fr_FR\" \/>\n<meta property=\"og:type\" content=\"article\" \/>\n<meta property=\"og:title\" content=\"Collecteur retour d&#039;air et lave-glace Lancia Delta - Turijnmagazijn\" \/>\n<meta property=\"og:description\" content=\"14583087 Varifold tee pour le tuyau de liquide lave-glace pour diff\u00e9rents types d\u2019Alfa Romeo, Lancia et Fiat. Est une pi\u00e8ce d\u2019imitation de bonne qualit\u00e9, parfaitement interchangeable\" \/>\n<meta property=\"og:url\" content=\"https:\/\/turijnmagazijn.nl\/fr\/produit\/collecteur-devacuation-vanne-anti-refoulement-lave-glace-lancia-delta\/\" \/>\n<meta property=\"og:site_name\" content=\"Turijnmagazijn\" \/>\n<meta property=\"article:publisher\" content=\"https:\/\/www.facebook.com\/turijnmagazijn\" \/>\n<meta property=\"article:modified_time\" content=\"2025-06-10T19:11:50+00:00\" \/>\n<meta property=\"og:image\" content=\"https:\/\/turijnmagazijn.nl\/wp-content\/uploads\/2023\/08\/DN0100330-Verdeelstuk-terugstroomklep-ruitensproeier-Lancia-Delta-14583087-3.jpg\" \/>\n\t<meta property=\"og:image:width\" content=\"1024\" \/>\n\t<meta property=\"og:image:height\" content=\"768\" \/>\n\t<meta property=\"og:image:type\" content=\"image\/jpeg\" \/>\n<meta name=\"twitter:card\" content=\"summary_large_image\" \/>\n<meta name=\"twitter:label1\" content=\"Dur\u00e9e de lecture estim\u00e9e\" \/>\n\t<meta name=\"twitter:data1\" content=\"1 minute\" \/>\n<script type=\"application\/ld+json\" class=\"yoast-schema-graph\">{\"@context\":\"https:\/\/schema.org\",\"@graph\":[{\"@type\":\"WebPage\",\"@id\":\"https:\/\/turijnmagazijn.nl\/fr\/produit\/collecteur-devacuation-vanne-anti-refoulement-lave-glace-lancia-delta\/\",\"url\":\"https:\/\/turijnmagazijn.nl\/fr\/produit\/collecteur-devacuation-vanne-anti-refoulement-lave-glace-lancia-delta\/\",\"name\":\"Collecteur retour d'air et lave-glace Lancia Delta - Turijnmagazijn\",\"isPartOf\":{\"@id\":\"https:\/\/turijnmagazijn.jumpstone-dev.nl\/#website\"},\"primaryImageOfPage\":{\"@id\":\"https:\/\/turijnmagazijn.nl\/fr\/produit\/collecteur-devacuation-vanne-anti-refoulement-lave-glace-lancia-delta\/#primaryimage\"},\"image\":{\"@id\":\"https:\/\/turijnmagazijn.nl\/fr\/produit\/collecteur-devacuation-vanne-anti-refoulement-lave-glace-lancia-delta\/#primaryimage\"},\"thumbnailUrl\":\"https:\/\/turijnmagazijn.nl\/wp-content\/uploads\/2023\/08\/DN0100330-Verdeelstuk-terugstroomklep-ruitensproeier-Lancia-Delta-14583087-3.jpg\",\"datePublished\":\"2023-08-26T15:28:23+00:00\",\"dateModified\":\"2025-06-10T19:11:50+00:00\",\"breadcrumb\":{\"@id\":\"https:\/\/turijnmagazijn.nl\/fr\/produit\/collecteur-devacuation-vanne-anti-refoulement-lave-glace-lancia-delta\/#breadcrumb\"},\"inLanguage\":\"fr-FR\",\"potentialAction\":[{\"@type\":\"ReadAction\",\"target\":[\"https:\/\/turijnmagazijn.nl\/fr\/produit\/collecteur-devacuation-vanne-anti-refoulement-lave-glace-lancia-delta\/\"]}]},{\"@type\":\"ImageObject\",\"inLanguage\":\"fr-FR\",\"@id\":\"https:\/\/turijnmagazijn.nl\/fr\/produit\/collecteur-devacuation-vanne-anti-refoulement-lave-glace-lancia-delta\/#primaryimage\",\"url\":\"https:\/\/turijnmagazijn.nl\/wp-content\/uploads\/2023\/08\/DN0100330-Verdeelstuk-terugstroomklep-ruitensproeier-Lancia-Delta-14583087-3.jpg\",\"contentUrl\":\"https:\/\/turijnmagazijn.nl\/wp-content\/uploads\/2023\/08\/DN0100330-Verdeelstuk-terugstroomklep-ruitensproeier-Lancia-Delta-14583087-3.jpg\",\"width\":1024,\"height\":768},{\"@type\":\"BreadcrumbList\",\"@id\":\"https:\/\/turijnmagazijn.nl\/fr\/produit\/collecteur-devacuation-vanne-anti-refoulement-lave-glace-lancia-delta\/#breadcrumb\",\"itemListElement\":[{\"@type\":\"ListItem\",\"position\":1,\"name\":\"Home\",\"item\":\"https:\/\/turijnmagazijn.nl\/fr\/\"},{\"@type\":\"ListItem\",\"position\":2,\"name\":\"Produits\",\"item\":\"https:\/\/turijnmagazijn.nl\/fr\/shop\/\"},{\"@type\":\"ListItem\",\"position\":3,\"name\":\"Collecteur retour d&#8217;air et lave-glace Lancia Delta\"}]},{\"@type\":\"WebSite\",\"@id\":\"https:\/\/turijnmagazijn.jumpstone-dev.nl\/#website\",\"url\":\"https:\/\/turijnmagazijn.jumpstone-dev.nl\/\",\"name\":\"Turijnmagazijn\",\"description\":\"Onderdelen nieuw en gebruikt - Fiat &amp; Lancia\",\"publisher\":{\"@id\":\"https:\/\/turijnmagazijn.jumpstone-dev.nl\/#organization\"},\"potentialAction\":[{\"@type\":\"SearchAction\",\"target\":{\"@type\":\"EntryPoint\",\"urlTemplate\":\"https:\/\/turijnmagazijn.jumpstone-dev.nl\/?s={search_term_string}\"},\"query-input\":{\"@type\":\"PropertyValueSpecification\",\"valueRequired\":true,\"valueName\":\"search_term_string\"}}],\"inLanguage\":\"fr-FR\"},{\"@type\":\"Organization\",\"@id\":\"https:\/\/turijnmagazijn.jumpstone-dev.nl\/#organization\",\"name\":\"Turijnmagazijn\",\"url\":\"https:\/\/turijnmagazijn.jumpstone-dev.nl\/\",\"logo\":{\"@type\":\"ImageObject\",\"inLanguage\":\"fr-FR\",\"@id\":\"https:\/\/turijnmagazijn.jumpstone-dev.nl\/#\/schema\/logo\/image\/\",\"url\":\"https:\/\/turijnmagazijn.nl\/wp-content\/uploads\/2021\/02\/turijnmagazijnlogo.png\",\"contentUrl\":\"https:\/\/turijnmagazijn.nl\/wp-content\/uploads\/2021\/02\/turijnmagazijnlogo.png\",\"width\":555,\"height\":270,\"caption\":\"Turijnmagazijn\"},\"image\":{\"@id\":\"https:\/\/turijnmagazijn.jumpstone-dev.nl\/#\/schema\/logo\/image\/\"},\"sameAs\":[\"https:\/\/www.facebook.com\/turijnmagazijn\"]}]}<\/script>\n<!-- \/ Yoast SEO plugin. -->","yoast_head_json":{"title":"Collecteur retour d'air et lave-glace Lancia Delta - Turijnmagazijn","robots":{"index":"index","follow":"follow","max-snippet":"max-snippet:-1","max-image-preview":"max-image-preview:large","max-video-preview":"max-video-preview:-1"},"canonical":"https:\/\/turijnmagazijn.nl\/fr\/produit\/collecteur-devacuation-vanne-anti-refoulement-lave-glace-lancia-delta\/","og_locale":"fr_FR","og_type":"article","og_title":"Collecteur retour d'air et lave-glace Lancia Delta - Turijnmagazijn","og_description":"14583087 Varifold tee pour le tuyau de liquide lave-glace pour diff\u00e9rents types d\u2019Alfa Romeo, Lancia et Fiat. Est une pi\u00e8ce d\u2019imitation de bonne qualit\u00e9, parfaitement interchangeable","og_url":"https:\/\/turijnmagazijn.nl\/fr\/produit\/collecteur-devacuation-vanne-anti-refoulement-lave-glace-lancia-delta\/","og_site_name":"Turijnmagazijn","article_publisher":"https:\/\/www.facebook.com\/turijnmagazijn","article_modified_time":"2025-06-10T19:11:50+00:00","og_image":[{"width":1024,"height":768,"url":"https:\/\/turijnmagazijn.nl\/wp-content\/uploads\/2023\/08\/DN0100330-Verdeelstuk-terugstroomklep-ruitensproeier-Lancia-Delta-14583087-3.jpg","type":"image\/jpeg"}],"twitter_card":"summary_large_image","twitter_misc":{"Dur\u00e9e de lecture estim\u00e9e":"1 minute"},"schema":{"@context":"https:\/\/schema.org","@graph":[{"@type":"WebPage","@id":"https:\/\/turijnmagazijn.nl\/fr\/produit\/collecteur-devacuation-vanne-anti-refoulement-lave-glace-lancia-delta\/","url":"https:\/\/turijnmagazijn.nl\/fr\/produit\/collecteur-devacuation-vanne-anti-refoulement-lave-glace-lancia-delta\/","name":"Collecteur retour d'air et lave-glace Lancia Delta - Turijnmagazijn","isPartOf":{"@id":"https:\/\/turijnmagazijn.jumpstone-dev.nl\/#website"},"primaryImageOfPage":{"@id":"https:\/\/turijnmagazijn.nl\/fr\/produit\/collecteur-devacuation-vanne-anti-refoulement-lave-glace-lancia-delta\/#primaryimage"},"image":{"@id":"https:\/\/turijnmagazijn.nl\/fr\/produit\/collecteur-devacuation-vanne-anti-refoulement-lave-glace-lancia-delta\/#primaryimage"},"thumbnailUrl":"https:\/\/turijnmagazijn.nl\/wp-content\/uploads\/2023\/08\/DN0100330-Verdeelstuk-terugstroomklep-ruitensproeier-Lancia-Delta-14583087-3.jpg","datePublished":"2023-08-26T15:28:23+00:00","dateModified":"2025-06-10T19:11:50+00:00","breadcrumb":{"@id":"https:\/\/turijnmagazijn.nl\/fr\/produit\/collecteur-devacuation-vanne-anti-refoulement-lave-glace-lancia-delta\/#breadcrumb"},"inLanguage":"fr-FR","potentialAction":[{"@type":"ReadAction","target":["https:\/\/turijnmagazijn.nl\/fr\/produit\/collecteur-devacuation-vanne-anti-refoulement-lave-glace-lancia-delta\/"]}]},{"@type":"ImageObject","inLanguage":"fr-FR","@id":"https:\/\/turijnmagazijn.nl\/fr\/produit\/collecteur-devacuation-vanne-anti-refoulement-lave-glace-lancia-delta\/#primaryimage","url":"https:\/\/turijnmagazijn.nl\/wp-content\/uploads\/2023\/08\/DN0100330-Verdeelstuk-terugstroomklep-ruitensproeier-Lancia-Delta-14583087-3.jpg","contentUrl":"https:\/\/turijnmagazijn.nl\/wp-content\/uploads\/2023\/08\/DN0100330-Verdeelstuk-terugstroomklep-ruitensproeier-Lancia-Delta-14583087-3.jpg","width":1024,"height":768},{"@type":"BreadcrumbList","@id":"https:\/\/turijnmagazijn.nl\/fr\/produit\/collecteur-devacuation-vanne-anti-refoulement-lave-glace-lancia-delta\/#breadcrumb","itemListElement":[{"@type":"ListItem","position":1,"name":"Home","item":"https:\/\/turijnmagazijn.nl\/fr\/"},{"@type":"ListItem","position":2,"name":"Produits","item":"https:\/\/turijnmagazijn.nl\/fr\/shop\/"},{"@type":"ListItem","position":3,"name":"Collecteur retour d&#8217;air et lave-glace Lancia Delta"}]},{"@type":"WebSite","@id":"https:\/\/turijnmagazijn.jumpstone-dev.nl\/#website","url":"https:\/\/turijnmagazijn.jumpstone-dev.nl\/","name":"Turijnmagazijn","description":"Onderdelen nieuw en gebruikt - Fiat &amp; Lancia","publisher":{"@id":"https:\/\/turijnmagazijn.jumpstone-dev.nl\/#organization"},"potentialAction":[{"@type":"SearchAction","target":{"@type":"EntryPoint","urlTemplate":"https:\/\/turijnmagazijn.jumpstone-dev.nl\/?s={search_term_string}"},"query-input":{"@type":"PropertyValueSpecification","valueRequired":true,"valueName":"search_term_string"}}],"inLanguage":"fr-FR"},{"@type":"Organization","@id":"https:\/\/turijnmagazijn.jumpstone-dev.nl\/#organization","name":"Turijnmagazijn","url":"https:\/\/turijnmagazijn.jumpstone-dev.nl\/","logo":{"@type":"ImageObject","inLanguage":"fr-FR","@id":"https:\/\/turijnmagazijn.jumpstone-dev.nl\/#\/schema\/logo\/image\/","url":"https:\/\/turijnmagazijn.nl\/wp-content\/uploads\/2021\/02\/turijnmagazijnlogo.png","contentUrl":"https:\/\/turijnmagazijn.nl\/wp-content\/uploads\/2021\/02\/turijnmagazijnlogo.png","width":555,"height":270,"caption":"Turijnmagazijn"},"image":{"@id":"https:\/\/turijnmagazijn.jumpstone-dev.nl\/#\/schema\/logo\/image\/"},"sameAs":["https:\/\/www.facebook.com\/turijnmagazijn"]}]}},"_links":{"self":[{"href":"https:\/\/turijnmagazijn.nl\/fr\/wp-json\/wp\/v2\/product\/71329","targetHints":{"allow":["GET"]}}],"collection":[{"href":"https:\/\/turijnmagazijn.nl\/fr\/wp-json\/wp\/v2\/product"}],"about":[{"href":"https:\/\/turijnmagazijn.nl\/fr\/wp-json\/wp\/v2\/types\/product"}],"replies":[{"embeddable":true,"href":"https:\/\/turijnmagazijn.nl\/fr\/wp-json\/wp\/v2\/comments?post=71329"}],"wp:featuredmedia":[{"embeddable":true,"href":"https:\/\/turijnmagazijn.nl\/fr\/wp-json\/wp\/v2\/media\/71868"}],"wp:attachment":[{"href":"https:\/\/turijnmagazijn.nl\/fr\/wp-json\/wp\/v2\/media?parent=71329"}],"wp:term":[{"taxonomy":"product_brand","embeddable":true,"href":"https:\/\/turijnmagazijn.nl\/fr\/wp-json\/wp\/v2\/product_brand?post=71329"},{"taxonomy":"product_cat","embeddable":true,"href":"https:\/\/turijnmagazijn.nl\/fr\/wp-json\/wp\/v2\/product_cat?post=71329"},{"taxonomy":"product_tag","embeddable":true,"href":"https:\/\/turijnmagazijn.nl\/fr\/wp-json\/wp\/v2\/product_tag?post=71329"}],"curies":[{"name":"wp","href":"https:\/\/api.w.org\/{rel}","templated":true}]}}