{"id":71336,"date":"2023-08-26T17:28:21","date_gmt":"2023-08-26T15:28:21","guid":{"rendered":"https:\/\/turijnmagazijn.nl\/product\/ensemble-de-tole-a-vis-fiat-lancia-15990801\/"},"modified":"2023-09-02T11:01:34","modified_gmt":"2023-09-02T09:01:34","slug":"tole-a-vis-assemblage-fiat-lancia-15990801","status":"publish","type":"product","link":"https:\/\/turijnmagazijn.nl\/fr\/produit\/tole-a-vis-assemblage-fiat-lancia-15990801\/","title":{"rendered":"Ensemble de t\u00f4le \u00e0 vis Fiat Lancia 15990801"},"content":{"rendered":"<p>Vis en t\u00f4le de 6mm avec filetage grossier suppl\u00e9mentaire. En version argent\u00e9e galvanis\u00e9e avec un tir hexagonal de 8mm. La longueur du fil est de 20 mm et la longueur totale est de 25 mm. Equip\u00e9 d\u2019un collier large, tr\u00e8s appropri\u00e9 pour le montage de t\u00f4le. R\u00e9f\u00e9rence OEM Fiat Lancia Alfa Romeo 1599801 1599801 et 15699801<\/p>\n","protected":false},"excerpt":{"rendered":"<p>15990801, 15699801 Vis en t\u00f4le de 6mm avec filetage grossier suppl\u00e9mentaire. En version argent\u00e9e galvanis\u00e9e avec un tir hexagonal de 8mm. La longueur du fil est de 20 mm et la longueur totale est de 25 mm. \u00c9quip\u00e9<\/p>\n","protected":false},"featured_media":71843,"comment_status":"open","ping_status":"closed","template":"","meta":{"_acf_changed":false},"product_brand":[],"product_cat":[1597,1582,1802,1841,1690,1798,1736,1738,1752,1779],"product_tag":[],"class_list":{"0":"post-71336","1":"product","2":"type-product","3":"status-publish","4":"has-post-thumbnail","6":"product_cat-145-930a-fr","7":"product_cat-alfa-romeo-fr","8":"product_cat-dedra-835-fr","9":"product_cat-delta-2-836-fr","10":"product_cat-fiat-fr","11":"product_cat-lancia-fr","12":"product_cat-marea-185-fr","13":"product_cat-multipla-186-fr","14":"product_cat-punto-2-188-fr","15":"product_cat-tempra-159-fr","16":"pa_soort-onderdeel-carrosserie-et-tolerie","18":"first","19":"instock","20":"taxable","21":"shipping-taxable","22":"purchasable","23":"product-type-simple"},"acf":[],"yoast_head":"<!-- This site is optimized with the Yoast SEO plugin v27.2 - https:\/\/yoast.com\/product\/yoast-seo-wordpress\/ -->\n<title>Ensemble de t\u00f4le \u00e0 vis Fiat Lancia 15990801 - Turijnmagazijn<\/title>\n<meta name=\"robots\" content=\"index, follow, max-snippet:-1, max-image-preview:large, max-video-preview:-1\" \/>\n<link rel=\"canonical\" href=\"https:\/\/turijnmagazijn.nl\/fr\/produit\/tole-a-vis-assemblage-fiat-lancia-15990801\/\" \/>\n<meta property=\"og:locale\" content=\"fr_FR\" \/>\n<meta property=\"og:type\" content=\"article\" \/>\n<meta property=\"og:title\" content=\"Ensemble de t\u00f4le \u00e0 vis Fiat Lancia 15990801 - Turijnmagazijn\" \/>\n<meta property=\"og:description\" content=\"15990801, 15699801 Vis en t\u00f4le de 6mm avec filetage grossier suppl\u00e9mentaire. En version argent\u00e9e galvanis\u00e9e avec un tir hexagonal de 8mm. La longueur du fil est de 20 mm et la longueur totale est de 25 mm. \u00c9quip\u00e9\" \/>\n<meta property=\"og:url\" content=\"https:\/\/turijnmagazijn.nl\/fr\/produit\/tole-a-vis-assemblage-fiat-lancia-15990801\/\" \/>\n<meta property=\"og:site_name\" content=\"Turijnmagazijn\" \/>\n<meta property=\"article:publisher\" content=\"https:\/\/www.facebook.com\/turijnmagazijn\" \/>\n<meta property=\"article:modified_time\" content=\"2023-09-02T09:01:34+00:00\" \/>\n<meta property=\"og:image\" content=\"https:\/\/turijnmagazijn.nl\/wp-content\/uploads\/2023\/08\/DN0100329-Schroef-plaatwerk-montage-Fiat-Lancia-15990801-15990801-1.jpg\" \/>\n\t<meta property=\"og:image:width\" content=\"1024\" \/>\n\t<meta property=\"og:image:height\" content=\"768\" \/>\n\t<meta property=\"og:image:type\" content=\"image\/jpeg\" \/>\n<meta name=\"twitter:card\" content=\"summary_large_image\" \/>\n<script type=\"application\/ld+json\" class=\"yoast-schema-graph\">{\"@context\":\"https:\/\/schema.org\",\"@graph\":[{\"@type\":\"WebPage\",\"@id\":\"https:\/\/turijnmagazijn.nl\/fr\/produit\/tole-a-vis-assemblage-fiat-lancia-15990801\/\",\"url\":\"https:\/\/turijnmagazijn.nl\/fr\/produit\/tole-a-vis-assemblage-fiat-lancia-15990801\/\",\"name\":\"Ensemble de t\u00f4le \u00e0 vis Fiat Lancia 15990801 - Turijnmagazijn\",\"isPartOf\":{\"@id\":\"https:\/\/turijnmagazijn.jumpstone-dev.nl\/#website\"},\"primaryImageOfPage\":{\"@id\":\"https:\/\/turijnmagazijn.nl\/fr\/produit\/tole-a-vis-assemblage-fiat-lancia-15990801\/#primaryimage\"},\"image\":{\"@id\":\"https:\/\/turijnmagazijn.nl\/fr\/produit\/tole-a-vis-assemblage-fiat-lancia-15990801\/#primaryimage\"},\"thumbnailUrl\":\"https:\/\/turijnmagazijn.nl\/wp-content\/uploads\/2023\/08\/DN0100329-Schroef-plaatwerk-montage-Fiat-Lancia-15990801-15990801-1.jpg\",\"datePublished\":\"2023-08-26T15:28:21+00:00\",\"dateModified\":\"2023-09-02T09:01:34+00:00\",\"breadcrumb\":{\"@id\":\"https:\/\/turijnmagazijn.nl\/fr\/produit\/tole-a-vis-assemblage-fiat-lancia-15990801\/#breadcrumb\"},\"inLanguage\":\"fr-FR\",\"potentialAction\":[{\"@type\":\"ReadAction\",\"target\":[\"https:\/\/turijnmagazijn.nl\/fr\/produit\/tole-a-vis-assemblage-fiat-lancia-15990801\/\"]}]},{\"@type\":\"ImageObject\",\"inLanguage\":\"fr-FR\",\"@id\":\"https:\/\/turijnmagazijn.nl\/fr\/produit\/tole-a-vis-assemblage-fiat-lancia-15990801\/#primaryimage\",\"url\":\"https:\/\/turijnmagazijn.nl\/wp-content\/uploads\/2023\/08\/DN0100329-Schroef-plaatwerk-montage-Fiat-Lancia-15990801-15990801-1.jpg\",\"contentUrl\":\"https:\/\/turijnmagazijn.nl\/wp-content\/uploads\/2023\/08\/DN0100329-Schroef-plaatwerk-montage-Fiat-Lancia-15990801-15990801-1.jpg\",\"width\":1024,\"height\":768},{\"@type\":\"BreadcrumbList\",\"@id\":\"https:\/\/turijnmagazijn.nl\/fr\/produit\/tole-a-vis-assemblage-fiat-lancia-15990801\/#breadcrumb\",\"itemListElement\":[{\"@type\":\"ListItem\",\"position\":1,\"name\":\"Home\",\"item\":\"https:\/\/turijnmagazijn.nl\/fr\/\"},{\"@type\":\"ListItem\",\"position\":2,\"name\":\"Produits\",\"item\":\"https:\/\/turijnmagazijn.nl\/fr\/shop\/\"},{\"@type\":\"ListItem\",\"position\":3,\"name\":\"Ensemble de t\u00f4le \u00e0 vis Fiat Lancia 15990801\"}]},{\"@type\":\"WebSite\",\"@id\":\"https:\/\/turijnmagazijn.jumpstone-dev.nl\/#website\",\"url\":\"https:\/\/turijnmagazijn.jumpstone-dev.nl\/\",\"name\":\"Turijnmagazijn\",\"description\":\"Onderdelen nieuw en gebruikt - Fiat &amp; Lancia\",\"publisher\":{\"@id\":\"https:\/\/turijnmagazijn.jumpstone-dev.nl\/#organization\"},\"potentialAction\":[{\"@type\":\"SearchAction\",\"target\":{\"@type\":\"EntryPoint\",\"urlTemplate\":\"https:\/\/turijnmagazijn.jumpstone-dev.nl\/?s={search_term_string}\"},\"query-input\":{\"@type\":\"PropertyValueSpecification\",\"valueRequired\":true,\"valueName\":\"search_term_string\"}}],\"inLanguage\":\"fr-FR\"},{\"@type\":\"Organization\",\"@id\":\"https:\/\/turijnmagazijn.jumpstone-dev.nl\/#organization\",\"name\":\"Turijnmagazijn\",\"url\":\"https:\/\/turijnmagazijn.jumpstone-dev.nl\/\",\"logo\":{\"@type\":\"ImageObject\",\"inLanguage\":\"fr-FR\",\"@id\":\"https:\/\/turijnmagazijn.jumpstone-dev.nl\/#\/schema\/logo\/image\/\",\"url\":\"https:\/\/turijnmagazijn.nl\/wp-content\/uploads\/2021\/02\/turijnmagazijnlogo.png\",\"contentUrl\":\"https:\/\/turijnmagazijn.nl\/wp-content\/uploads\/2021\/02\/turijnmagazijnlogo.png\",\"width\":555,\"height\":270,\"caption\":\"Turijnmagazijn\"},\"image\":{\"@id\":\"https:\/\/turijnmagazijn.jumpstone-dev.nl\/#\/schema\/logo\/image\/\"},\"sameAs\":[\"https:\/\/www.facebook.com\/turijnmagazijn\"]}]}<\/script>\n<!-- \/ Yoast SEO plugin. -->","yoast_head_json":{"title":"Ensemble de t\u00f4le \u00e0 vis Fiat Lancia 15990801 - Turijnmagazijn","robots":{"index":"index","follow":"follow","max-snippet":"max-snippet:-1","max-image-preview":"max-image-preview:large","max-video-preview":"max-video-preview:-1"},"canonical":"https:\/\/turijnmagazijn.nl\/fr\/produit\/tole-a-vis-assemblage-fiat-lancia-15990801\/","og_locale":"fr_FR","og_type":"article","og_title":"Ensemble de t\u00f4le \u00e0 vis Fiat Lancia 15990801 - Turijnmagazijn","og_description":"15990801, 15699801 Vis en t\u00f4le de 6mm avec filetage grossier suppl\u00e9mentaire. En version argent\u00e9e galvanis\u00e9e avec un tir hexagonal de 8mm. La longueur du fil est de 20 mm et la longueur totale est de 25 mm. \u00c9quip\u00e9","og_url":"https:\/\/turijnmagazijn.nl\/fr\/produit\/tole-a-vis-assemblage-fiat-lancia-15990801\/","og_site_name":"Turijnmagazijn","article_publisher":"https:\/\/www.facebook.com\/turijnmagazijn","article_modified_time":"2023-09-02T09:01:34+00:00","og_image":[{"width":1024,"height":768,"url":"https:\/\/turijnmagazijn.nl\/wp-content\/uploads\/2023\/08\/DN0100329-Schroef-plaatwerk-montage-Fiat-Lancia-15990801-15990801-1.jpg","type":"image\/jpeg"}],"twitter_card":"summary_large_image","schema":{"@context":"https:\/\/schema.org","@graph":[{"@type":"WebPage","@id":"https:\/\/turijnmagazijn.nl\/fr\/produit\/tole-a-vis-assemblage-fiat-lancia-15990801\/","url":"https:\/\/turijnmagazijn.nl\/fr\/produit\/tole-a-vis-assemblage-fiat-lancia-15990801\/","name":"Ensemble de t\u00f4le \u00e0 vis Fiat Lancia 15990801 - Turijnmagazijn","isPartOf":{"@id":"https:\/\/turijnmagazijn.jumpstone-dev.nl\/#website"},"primaryImageOfPage":{"@id":"https:\/\/turijnmagazijn.nl\/fr\/produit\/tole-a-vis-assemblage-fiat-lancia-15990801\/#primaryimage"},"image":{"@id":"https:\/\/turijnmagazijn.nl\/fr\/produit\/tole-a-vis-assemblage-fiat-lancia-15990801\/#primaryimage"},"thumbnailUrl":"https:\/\/turijnmagazijn.nl\/wp-content\/uploads\/2023\/08\/DN0100329-Schroef-plaatwerk-montage-Fiat-Lancia-15990801-15990801-1.jpg","datePublished":"2023-08-26T15:28:21+00:00","dateModified":"2023-09-02T09:01:34+00:00","breadcrumb":{"@id":"https:\/\/turijnmagazijn.nl\/fr\/produit\/tole-a-vis-assemblage-fiat-lancia-15990801\/#breadcrumb"},"inLanguage":"fr-FR","potentialAction":[{"@type":"ReadAction","target":["https:\/\/turijnmagazijn.nl\/fr\/produit\/tole-a-vis-assemblage-fiat-lancia-15990801\/"]}]},{"@type":"ImageObject","inLanguage":"fr-FR","@id":"https:\/\/turijnmagazijn.nl\/fr\/produit\/tole-a-vis-assemblage-fiat-lancia-15990801\/#primaryimage","url":"https:\/\/turijnmagazijn.nl\/wp-content\/uploads\/2023\/08\/DN0100329-Schroef-plaatwerk-montage-Fiat-Lancia-15990801-15990801-1.jpg","contentUrl":"https:\/\/turijnmagazijn.nl\/wp-content\/uploads\/2023\/08\/DN0100329-Schroef-plaatwerk-montage-Fiat-Lancia-15990801-15990801-1.jpg","width":1024,"height":768},{"@type":"BreadcrumbList","@id":"https:\/\/turijnmagazijn.nl\/fr\/produit\/tole-a-vis-assemblage-fiat-lancia-15990801\/#breadcrumb","itemListElement":[{"@type":"ListItem","position":1,"name":"Home","item":"https:\/\/turijnmagazijn.nl\/fr\/"},{"@type":"ListItem","position":2,"name":"Produits","item":"https:\/\/turijnmagazijn.nl\/fr\/shop\/"},{"@type":"ListItem","position":3,"name":"Ensemble de t\u00f4le \u00e0 vis Fiat Lancia 15990801"}]},{"@type":"WebSite","@id":"https:\/\/turijnmagazijn.jumpstone-dev.nl\/#website","url":"https:\/\/turijnmagazijn.jumpstone-dev.nl\/","name":"Turijnmagazijn","description":"Onderdelen nieuw en gebruikt - Fiat &amp; Lancia","publisher":{"@id":"https:\/\/turijnmagazijn.jumpstone-dev.nl\/#organization"},"potentialAction":[{"@type":"SearchAction","target":{"@type":"EntryPoint","urlTemplate":"https:\/\/turijnmagazijn.jumpstone-dev.nl\/?s={search_term_string}"},"query-input":{"@type":"PropertyValueSpecification","valueRequired":true,"valueName":"search_term_string"}}],"inLanguage":"fr-FR"},{"@type":"Organization","@id":"https:\/\/turijnmagazijn.jumpstone-dev.nl\/#organization","name":"Turijnmagazijn","url":"https:\/\/turijnmagazijn.jumpstone-dev.nl\/","logo":{"@type":"ImageObject","inLanguage":"fr-FR","@id":"https:\/\/turijnmagazijn.jumpstone-dev.nl\/#\/schema\/logo\/image\/","url":"https:\/\/turijnmagazijn.nl\/wp-content\/uploads\/2021\/02\/turijnmagazijnlogo.png","contentUrl":"https:\/\/turijnmagazijn.nl\/wp-content\/uploads\/2021\/02\/turijnmagazijnlogo.png","width":555,"height":270,"caption":"Turijnmagazijn"},"image":{"@id":"https:\/\/turijnmagazijn.jumpstone-dev.nl\/#\/schema\/logo\/image\/"},"sameAs":["https:\/\/www.facebook.com\/turijnmagazijn"]}]}},"_links":{"self":[{"href":"https:\/\/turijnmagazijn.nl\/fr\/wp-json\/wp\/v2\/product\/71336","targetHints":{"allow":["GET"]}}],"collection":[{"href":"https:\/\/turijnmagazijn.nl\/fr\/wp-json\/wp\/v2\/product"}],"about":[{"href":"https:\/\/turijnmagazijn.nl\/fr\/wp-json\/wp\/v2\/types\/product"}],"replies":[{"embeddable":true,"href":"https:\/\/turijnmagazijn.nl\/fr\/wp-json\/wp\/v2\/comments?post=71336"}],"wp:featuredmedia":[{"embeddable":true,"href":"https:\/\/turijnmagazijn.nl\/fr\/wp-json\/wp\/v2\/media\/71843"}],"wp:attachment":[{"href":"https:\/\/turijnmagazijn.nl\/fr\/wp-json\/wp\/v2\/media?parent=71336"}],"wp:term":[{"taxonomy":"product_brand","embeddable":true,"href":"https:\/\/turijnmagazijn.nl\/fr\/wp-json\/wp\/v2\/product_brand?post=71336"},{"taxonomy":"product_cat","embeddable":true,"href":"https:\/\/turijnmagazijn.nl\/fr\/wp-json\/wp\/v2\/product_cat?post=71336"},{"taxonomy":"product_tag","embeddable":true,"href":"https:\/\/turijnmagazijn.nl\/fr\/wp-json\/wp\/v2\/product_tag?post=71336"}],"curies":[{"name":"wp","href":"https:\/\/api.w.org\/{rel}","templated":true}]}}