{"id":71344,"date":"2023-08-26T17:28:19","date_gmt":"2023-08-26T15:28:19","guid":{"rendered":"https:\/\/turijnmagazijn.nl\/product\/ecrou-depandage-de-clip-14202782-lancia-theme-1\/"},"modified":"2023-09-02T10:48:59","modified_gmt":"2023-09-02T08:48:59","slug":"clip-spreader-nut-14202782-lancia-theme-1","status":"publish","type":"product","link":"https:\/\/turijnmagazijn.nl\/fr\/produit\/clip-spreader-nut-14202782-lancia-theme-1\/","title":{"rendered":"\u00c9crou d\u2019\u00e9pandage de clip 14202782 Lancia Th\u00e8me 1"},"content":{"rendered":"<p>Prise carr\u00e9e bleue pour Lancia Th\u00e8me 1. Il s\u2019agit d\u2019une imitation de pi\u00e8ce de bonne qualit\u00e9, parfaitement interchangeable avec l\u2019original. S\u2019adapte dans un trou carr\u00e9 de 7,7 par 7,7 mm, le diam\u00e8tre ext\u00e9rieur du carr\u00e9 est de 11&#215;11 mm, le diam\u00e8tre du trou de vis de 4 mm. C\u2019est un bouchon haut de 15mm de long. R\u00e9f\u00e9rence OEM Lancia 4264257<\/p>\n","protected":false},"excerpt":{"rendered":"<p>14202782 Prise carr\u00e9e bleue pour Lancia Th\u00e8me 1. Il s\u2019agit d\u2019une imitation de pi\u00e8ce de bonne qualit\u00e9, parfaitement interchangeable avec l\u2019original. S\u2019ins\u00e8re dans un trou carr\u00e9 de 7,7 x 7,7 mm<\/p>\n","protected":false},"featured_media":71838,"comment_status":"open","ping_status":"closed","template":"","meta":{"_acf_changed":false},"product_brand":[],"product_cat":[1654,1582,1722,1690,1798,1896],"product_tag":[],"class_list":{"0":"post-71344","1":"product","2":"type-product","3":"status-publish","4":"has-post-thumbnail","6":"product_cat-164-164-fr","7":"product_cat-alfa-romeo-fr","8":"product_cat-croma-1-154-fr","9":"product_cat-fiat-fr","10":"product_cat-lancia-fr","11":"product_cat-thema-834-fr","12":"pa_soort-onderdeel-carrosserie-et-tolerie","14":"first","15":"instock","16":"taxable","17":"shipping-taxable","18":"purchasable","19":"product-type-simple"},"acf":[],"yoast_head":"<!-- This site is optimized with the Yoast SEO plugin v27.3 - https:\/\/yoast.com\/product\/yoast-seo-wordpress\/ -->\n<title>\u00c9crou d\u2019\u00e9pandage de clip 14202782 Lancia Th\u00e8me 1 - Turijnmagazijn<\/title>\n<meta name=\"robots\" content=\"index, follow, max-snippet:-1, max-image-preview:large, max-video-preview:-1\" \/>\n<link rel=\"canonical\" href=\"https:\/\/turijnmagazijn.nl\/fr\/produit\/clip-spreader-nut-14202782-lancia-theme-1\/\" \/>\n<meta property=\"og:locale\" content=\"fr_FR\" \/>\n<meta property=\"og:type\" content=\"article\" \/>\n<meta property=\"og:title\" content=\"\u00c9crou d\u2019\u00e9pandage de clip 14202782 Lancia Th\u00e8me 1 - Turijnmagazijn\" \/>\n<meta property=\"og:description\" content=\"14202782 Prise carr\u00e9e bleue pour Lancia Th\u00e8me 1. Il s\u2019agit d\u2019une imitation de pi\u00e8ce de bonne qualit\u00e9, parfaitement interchangeable avec l\u2019original. S\u2019ins\u00e8re dans un trou carr\u00e9 de 7,7 x 7,7 mm\" \/>\n<meta property=\"og:url\" content=\"https:\/\/turijnmagazijn.nl\/fr\/produit\/clip-spreader-nut-14202782-lancia-theme-1\/\" \/>\n<meta property=\"og:site_name\" content=\"Turijnmagazijn\" \/>\n<meta property=\"article:publisher\" content=\"https:\/\/www.facebook.com\/turijnmagazijn\" \/>\n<meta property=\"article:modified_time\" content=\"2023-09-02T08:48:59+00:00\" \/>\n<meta property=\"og:image\" content=\"https:\/\/turijnmagazijn.nl\/wp-content\/uploads\/2023\/08\/DN0100328-Clip-spreidmoer-14202782-Lancia-Thema-1-14202782-1.jpg\" \/>\n\t<meta property=\"og:image:width\" content=\"1024\" \/>\n\t<meta property=\"og:image:height\" content=\"768\" \/>\n\t<meta property=\"og:image:type\" content=\"image\/jpeg\" \/>\n<meta name=\"twitter:card\" content=\"summary_large_image\" \/>\n<script type=\"application\/ld+json\" class=\"yoast-schema-graph\">{\"@context\":\"https:\\\/\\\/schema.org\",\"@graph\":[{\"@type\":\"WebPage\",\"@id\":\"https:\\\/\\\/turijnmagazijn.nl\\\/fr\\\/produit\\\/clip-spreader-nut-14202782-lancia-theme-1\\\/\",\"url\":\"https:\\\/\\\/turijnmagazijn.nl\\\/fr\\\/produit\\\/clip-spreader-nut-14202782-lancia-theme-1\\\/\",\"name\":\"\u00c9crou d\u2019\u00e9pandage de clip 14202782 Lancia Th\u00e8me 1 - Turijnmagazijn\",\"isPartOf\":{\"@id\":\"https:\\\/\\\/turijnmagazijn.jumpstone-dev.nl\\\/#website\"},\"primaryImageOfPage\":{\"@id\":\"https:\\\/\\\/turijnmagazijn.nl\\\/fr\\\/produit\\\/clip-spreader-nut-14202782-lancia-theme-1\\\/#primaryimage\"},\"image\":{\"@id\":\"https:\\\/\\\/turijnmagazijn.nl\\\/fr\\\/produit\\\/clip-spreader-nut-14202782-lancia-theme-1\\\/#primaryimage\"},\"thumbnailUrl\":\"https:\\\/\\\/turijnmagazijn.nl\\\/wp-content\\\/uploads\\\/2023\\\/08\\\/DN0100328-Clip-spreidmoer-14202782-Lancia-Thema-1-14202782-1.jpg\",\"datePublished\":\"2023-08-26T15:28:19+00:00\",\"dateModified\":\"2023-09-02T08:48:59+00:00\",\"breadcrumb\":{\"@id\":\"https:\\\/\\\/turijnmagazijn.nl\\\/fr\\\/produit\\\/clip-spreader-nut-14202782-lancia-theme-1\\\/#breadcrumb\"},\"inLanguage\":\"fr-FR\",\"potentialAction\":[{\"@type\":\"ReadAction\",\"target\":[\"https:\\\/\\\/turijnmagazijn.nl\\\/fr\\\/produit\\\/clip-spreader-nut-14202782-lancia-theme-1\\\/\"]}]},{\"@type\":\"ImageObject\",\"inLanguage\":\"fr-FR\",\"@id\":\"https:\\\/\\\/turijnmagazijn.nl\\\/fr\\\/produit\\\/clip-spreader-nut-14202782-lancia-theme-1\\\/#primaryimage\",\"url\":\"https:\\\/\\\/turijnmagazijn.nl\\\/wp-content\\\/uploads\\\/2023\\\/08\\\/DN0100328-Clip-spreidmoer-14202782-Lancia-Thema-1-14202782-1.jpg\",\"contentUrl\":\"https:\\\/\\\/turijnmagazijn.nl\\\/wp-content\\\/uploads\\\/2023\\\/08\\\/DN0100328-Clip-spreidmoer-14202782-Lancia-Thema-1-14202782-1.jpg\",\"width\":1024,\"height\":768},{\"@type\":\"BreadcrumbList\",\"@id\":\"https:\\\/\\\/turijnmagazijn.nl\\\/fr\\\/produit\\\/clip-spreader-nut-14202782-lancia-theme-1\\\/#breadcrumb\",\"itemListElement\":[{\"@type\":\"ListItem\",\"position\":1,\"name\":\"Home\",\"item\":\"https:\\\/\\\/turijnmagazijn.nl\\\/fr\\\/\"},{\"@type\":\"ListItem\",\"position\":2,\"name\":\"Produits\",\"item\":\"https:\\\/\\\/turijnmagazijn.nl\\\/fr\\\/shop\\\/\"},{\"@type\":\"ListItem\",\"position\":3,\"name\":\"\u00c9crou d\u2019\u00e9pandage de clip 14202782 Lancia Th\u00e8me 1\"}]},{\"@type\":\"WebSite\",\"@id\":\"https:\\\/\\\/turijnmagazijn.jumpstone-dev.nl\\\/#website\",\"url\":\"https:\\\/\\\/turijnmagazijn.jumpstone-dev.nl\\\/\",\"name\":\"Turijnmagazijn\",\"description\":\"Onderdelen nieuw en gebruikt - Fiat &amp; Lancia\",\"publisher\":{\"@id\":\"https:\\\/\\\/turijnmagazijn.jumpstone-dev.nl\\\/#organization\"},\"potentialAction\":[{\"@type\":\"SearchAction\",\"target\":{\"@type\":\"EntryPoint\",\"urlTemplate\":\"https:\\\/\\\/turijnmagazijn.jumpstone-dev.nl\\\/?s={search_term_string}\"},\"query-input\":{\"@type\":\"PropertyValueSpecification\",\"valueRequired\":true,\"valueName\":\"search_term_string\"}}],\"inLanguage\":\"fr-FR\"},{\"@type\":\"Organization\",\"@id\":\"https:\\\/\\\/turijnmagazijn.jumpstone-dev.nl\\\/#organization\",\"name\":\"Turijnmagazijn\",\"url\":\"https:\\\/\\\/turijnmagazijn.jumpstone-dev.nl\\\/\",\"logo\":{\"@type\":\"ImageObject\",\"inLanguage\":\"fr-FR\",\"@id\":\"https:\\\/\\\/turijnmagazijn.jumpstone-dev.nl\\\/#\\\/schema\\\/logo\\\/image\\\/\",\"url\":\"https:\\\/\\\/turijnmagazijn.nl\\\/wp-content\\\/uploads\\\/2021\\\/02\\\/turijnmagazijnlogo.png\",\"contentUrl\":\"https:\\\/\\\/turijnmagazijn.nl\\\/wp-content\\\/uploads\\\/2021\\\/02\\\/turijnmagazijnlogo.png\",\"width\":555,\"height\":270,\"caption\":\"Turijnmagazijn\"},\"image\":{\"@id\":\"https:\\\/\\\/turijnmagazijn.jumpstone-dev.nl\\\/#\\\/schema\\\/logo\\\/image\\\/\"},\"sameAs\":[\"https:\\\/\\\/www.facebook.com\\\/turijnmagazijn\"]}]}<\/script>\n<!-- \/ Yoast SEO plugin. -->","yoast_head_json":{"title":"\u00c9crou d\u2019\u00e9pandage de clip 14202782 Lancia Th\u00e8me 1 - Turijnmagazijn","robots":{"index":"index","follow":"follow","max-snippet":"max-snippet:-1","max-image-preview":"max-image-preview:large","max-video-preview":"max-video-preview:-1"},"canonical":"https:\/\/turijnmagazijn.nl\/fr\/produit\/clip-spreader-nut-14202782-lancia-theme-1\/","og_locale":"fr_FR","og_type":"article","og_title":"\u00c9crou d\u2019\u00e9pandage de clip 14202782 Lancia Th\u00e8me 1 - Turijnmagazijn","og_description":"14202782 Prise carr\u00e9e bleue pour Lancia Th\u00e8me 1. Il s\u2019agit d\u2019une imitation de pi\u00e8ce de bonne qualit\u00e9, parfaitement interchangeable avec l\u2019original. S\u2019ins\u00e8re dans un trou carr\u00e9 de 7,7 x 7,7 mm","og_url":"https:\/\/turijnmagazijn.nl\/fr\/produit\/clip-spreader-nut-14202782-lancia-theme-1\/","og_site_name":"Turijnmagazijn","article_publisher":"https:\/\/www.facebook.com\/turijnmagazijn","article_modified_time":"2023-09-02T08:48:59+00:00","og_image":[{"width":1024,"height":768,"url":"https:\/\/turijnmagazijn.nl\/wp-content\/uploads\/2023\/08\/DN0100328-Clip-spreidmoer-14202782-Lancia-Thema-1-14202782-1.jpg","type":"image\/jpeg"}],"twitter_card":"summary_large_image","schema":{"@context":"https:\/\/schema.org","@graph":[{"@type":"WebPage","@id":"https:\/\/turijnmagazijn.nl\/fr\/produit\/clip-spreader-nut-14202782-lancia-theme-1\/","url":"https:\/\/turijnmagazijn.nl\/fr\/produit\/clip-spreader-nut-14202782-lancia-theme-1\/","name":"\u00c9crou d\u2019\u00e9pandage de clip 14202782 Lancia Th\u00e8me 1 - Turijnmagazijn","isPartOf":{"@id":"https:\/\/turijnmagazijn.jumpstone-dev.nl\/#website"},"primaryImageOfPage":{"@id":"https:\/\/turijnmagazijn.nl\/fr\/produit\/clip-spreader-nut-14202782-lancia-theme-1\/#primaryimage"},"image":{"@id":"https:\/\/turijnmagazijn.nl\/fr\/produit\/clip-spreader-nut-14202782-lancia-theme-1\/#primaryimage"},"thumbnailUrl":"https:\/\/turijnmagazijn.nl\/wp-content\/uploads\/2023\/08\/DN0100328-Clip-spreidmoer-14202782-Lancia-Thema-1-14202782-1.jpg","datePublished":"2023-08-26T15:28:19+00:00","dateModified":"2023-09-02T08:48:59+00:00","breadcrumb":{"@id":"https:\/\/turijnmagazijn.nl\/fr\/produit\/clip-spreader-nut-14202782-lancia-theme-1\/#breadcrumb"},"inLanguage":"fr-FR","potentialAction":[{"@type":"ReadAction","target":["https:\/\/turijnmagazijn.nl\/fr\/produit\/clip-spreader-nut-14202782-lancia-theme-1\/"]}]},{"@type":"ImageObject","inLanguage":"fr-FR","@id":"https:\/\/turijnmagazijn.nl\/fr\/produit\/clip-spreader-nut-14202782-lancia-theme-1\/#primaryimage","url":"https:\/\/turijnmagazijn.nl\/wp-content\/uploads\/2023\/08\/DN0100328-Clip-spreidmoer-14202782-Lancia-Thema-1-14202782-1.jpg","contentUrl":"https:\/\/turijnmagazijn.nl\/wp-content\/uploads\/2023\/08\/DN0100328-Clip-spreidmoer-14202782-Lancia-Thema-1-14202782-1.jpg","width":1024,"height":768},{"@type":"BreadcrumbList","@id":"https:\/\/turijnmagazijn.nl\/fr\/produit\/clip-spreader-nut-14202782-lancia-theme-1\/#breadcrumb","itemListElement":[{"@type":"ListItem","position":1,"name":"Home","item":"https:\/\/turijnmagazijn.nl\/fr\/"},{"@type":"ListItem","position":2,"name":"Produits","item":"https:\/\/turijnmagazijn.nl\/fr\/shop\/"},{"@type":"ListItem","position":3,"name":"\u00c9crou d\u2019\u00e9pandage de clip 14202782 Lancia Th\u00e8me 1"}]},{"@type":"WebSite","@id":"https:\/\/turijnmagazijn.jumpstone-dev.nl\/#website","url":"https:\/\/turijnmagazijn.jumpstone-dev.nl\/","name":"Turijnmagazijn","description":"Onderdelen nieuw en gebruikt - Fiat &amp; Lancia","publisher":{"@id":"https:\/\/turijnmagazijn.jumpstone-dev.nl\/#organization"},"potentialAction":[{"@type":"SearchAction","target":{"@type":"EntryPoint","urlTemplate":"https:\/\/turijnmagazijn.jumpstone-dev.nl\/?s={search_term_string}"},"query-input":{"@type":"PropertyValueSpecification","valueRequired":true,"valueName":"search_term_string"}}],"inLanguage":"fr-FR"},{"@type":"Organization","@id":"https:\/\/turijnmagazijn.jumpstone-dev.nl\/#organization","name":"Turijnmagazijn","url":"https:\/\/turijnmagazijn.jumpstone-dev.nl\/","logo":{"@type":"ImageObject","inLanguage":"fr-FR","@id":"https:\/\/turijnmagazijn.jumpstone-dev.nl\/#\/schema\/logo\/image\/","url":"https:\/\/turijnmagazijn.nl\/wp-content\/uploads\/2021\/02\/turijnmagazijnlogo.png","contentUrl":"https:\/\/turijnmagazijn.nl\/wp-content\/uploads\/2021\/02\/turijnmagazijnlogo.png","width":555,"height":270,"caption":"Turijnmagazijn"},"image":{"@id":"https:\/\/turijnmagazijn.jumpstone-dev.nl\/#\/schema\/logo\/image\/"},"sameAs":["https:\/\/www.facebook.com\/turijnmagazijn"]}]}},"_links":{"self":[{"href":"https:\/\/turijnmagazijn.nl\/fr\/wp-json\/wp\/v2\/product\/71344","targetHints":{"allow":["GET"]}}],"collection":[{"href":"https:\/\/turijnmagazijn.nl\/fr\/wp-json\/wp\/v2\/product"}],"about":[{"href":"https:\/\/turijnmagazijn.nl\/fr\/wp-json\/wp\/v2\/types\/product"}],"replies":[{"embeddable":true,"href":"https:\/\/turijnmagazijn.nl\/fr\/wp-json\/wp\/v2\/comments?post=71344"}],"wp:featuredmedia":[{"embeddable":true,"href":"https:\/\/turijnmagazijn.nl\/fr\/wp-json\/wp\/v2\/media\/71838"}],"wp:attachment":[{"href":"https:\/\/turijnmagazijn.nl\/fr\/wp-json\/wp\/v2\/media?parent=71344"}],"wp:term":[{"taxonomy":"product_brand","embeddable":true,"href":"https:\/\/turijnmagazijn.nl\/fr\/wp-json\/wp\/v2\/product_brand?post=71344"},{"taxonomy":"product_cat","embeddable":true,"href":"https:\/\/turijnmagazijn.nl\/fr\/wp-json\/wp\/v2\/product_cat?post=71344"},{"taxonomy":"product_tag","embeddable":true,"href":"https:\/\/turijnmagazijn.nl\/fr\/wp-json\/wp\/v2\/product_tag?post=71344"}],"curies":[{"name":"wp","href":"https:\/\/api.w.org\/{rel}","templated":true}]}}