{"id":71363,"date":"2023-08-26T17:30:58","date_gmt":"2023-08-26T15:30:58","guid":{"rendered":"https:\/\/turijnmagazijn.nl\/product\/volant-gonflable-lancia-kappa-1ere-serie\/"},"modified":"2023-09-07T19:27:24","modified_gmt":"2023-09-07T17:27:24","slug":"airbag-volant-lancia-kappa-serie-1e","status":"publish","type":"product","link":"https:\/\/turijnmagazijn.nl\/fr\/produit\/airbag-volant-lancia-kappa-serie-1e\/","title":{"rendered":"Volant gonflable Lancia Kappa 1\u00e8re s\u00e9rie"},"content":{"rendered":"<p>Airbag usag\u00e9 pour montage au volant pour Lancia Kappa. Applicable \u00e0 tous les mod\u00e8les. Il s\u2019agit de l\u2019airbag pour le volant de la premi\u00e8re s\u00e9rie. L\u2019unit\u00e9 provient d\u2019un coup\u00e9 Kappa de 1998. \u00c0 partir de 1999, un volant et un airbag diff\u00e9rents ont \u00e9t\u00e9 utilis\u00e9s et ils ne sont pas interchangeables. Le logo sur le couvercle est un peu alt\u00e9r\u00e9, voir la photo. Oem Lancia 177300160<\/p>\n","protected":false},"excerpt":{"rendered":"<p>177300160 Airbag d\u2019occasion pour montage au volant pour Lancia Kappa. Applicable \u00e0 tous les mod\u00e8les. Il s\u2019agit de l\u2019airbag pour le volant de la premi\u00e8re s\u00e9rie. L\u2019unit\u00e9 provient d\u2019un<\/p>\n","protected":false},"featured_media":72285,"comment_status":"open","ping_status":"closed","template":"","meta":{"_acf_changed":false},"product_brand":[],"product_cat":[1862,1865,1860,1870],"product_tag":[],"class_list":{"0":"post-71363","1":"product","2":"type-product","3":"status-publish","4":"has-post-thumbnail","6":"product_cat-berlina-fr","7":"product_cat-coupe-fr","8":"product_cat-kappa-838-fr","9":"product_cat-sw-fr","10":"pa_soort-onderdeel-airbags-et-accessoires","12":"first","13":"instock","14":"shipping-taxable","15":"purchasable","16":"product-type-simple"},"acf":[],"yoast_head":"<!-- This site is optimized with the Yoast SEO plugin v27.2 - https:\/\/yoast.com\/product\/yoast-seo-wordpress\/ -->\n<title>Volant gonflable Lancia Kappa 1\u00e8re s\u00e9rie - Turijnmagazijn<\/title>\n<meta name=\"robots\" content=\"index, follow, max-snippet:-1, max-image-preview:large, max-video-preview:-1\" \/>\n<link rel=\"canonical\" href=\"https:\/\/turijnmagazijn.nl\/fr\/produit\/airbag-volant-lancia-kappa-serie-1e\/\" \/>\n<meta property=\"og:locale\" content=\"fr_FR\" \/>\n<meta property=\"og:type\" content=\"article\" \/>\n<meta property=\"og:title\" content=\"Volant gonflable Lancia Kappa 1\u00e8re s\u00e9rie - Turijnmagazijn\" \/>\n<meta property=\"og:description\" content=\"177300160 Airbag d\u2019occasion pour montage au volant pour Lancia Kappa. Applicable \u00e0 tous les mod\u00e8les. Il s\u2019agit de l\u2019airbag pour le volant de la premi\u00e8re s\u00e9rie. L\u2019unit\u00e9 provient d\u2019un\" \/>\n<meta property=\"og:url\" content=\"https:\/\/turijnmagazijn.nl\/fr\/produit\/airbag-volant-lancia-kappa-serie-1e\/\" \/>\n<meta property=\"og:site_name\" content=\"Turijnmagazijn\" \/>\n<meta property=\"article:publisher\" content=\"https:\/\/www.facebook.com\/turijnmagazijn\" \/>\n<meta property=\"article:modified_time\" content=\"2023-09-07T17:27:24+00:00\" \/>\n<meta property=\"og:image\" content=\"https:\/\/turijnmagazijn.nl\/wp-content\/uploads\/2023\/08\/DK0102640-Airbag-stuurwiel-Lancia-Kappa-1e-serie-177300160-4.jpg\" \/>\n\t<meta property=\"og:image:width\" content=\"1024\" \/>\n\t<meta property=\"og:image:height\" content=\"768\" \/>\n\t<meta property=\"og:image:type\" content=\"image\/jpeg\" \/>\n<meta name=\"twitter:card\" content=\"summary_large_image\" \/>\n<script type=\"application\/ld+json\" class=\"yoast-schema-graph\">{\"@context\":\"https:\/\/schema.org\",\"@graph\":[{\"@type\":\"WebPage\",\"@id\":\"https:\/\/turijnmagazijn.nl\/fr\/produit\/airbag-volant-lancia-kappa-serie-1e\/\",\"url\":\"https:\/\/turijnmagazijn.nl\/fr\/produit\/airbag-volant-lancia-kappa-serie-1e\/\",\"name\":\"Volant gonflable Lancia Kappa 1\u00e8re s\u00e9rie - Turijnmagazijn\",\"isPartOf\":{\"@id\":\"https:\/\/turijnmagazijn.jumpstone-dev.nl\/#website\"},\"primaryImageOfPage\":{\"@id\":\"https:\/\/turijnmagazijn.nl\/fr\/produit\/airbag-volant-lancia-kappa-serie-1e\/#primaryimage\"},\"image\":{\"@id\":\"https:\/\/turijnmagazijn.nl\/fr\/produit\/airbag-volant-lancia-kappa-serie-1e\/#primaryimage\"},\"thumbnailUrl\":\"https:\/\/turijnmagazijn.nl\/wp-content\/uploads\/2023\/08\/DK0102640-Airbag-stuurwiel-Lancia-Kappa-1e-serie-177300160-4.jpg\",\"datePublished\":\"2023-08-26T15:30:58+00:00\",\"dateModified\":\"2023-09-07T17:27:24+00:00\",\"breadcrumb\":{\"@id\":\"https:\/\/turijnmagazijn.nl\/fr\/produit\/airbag-volant-lancia-kappa-serie-1e\/#breadcrumb\"},\"inLanguage\":\"fr-FR\",\"potentialAction\":[{\"@type\":\"ReadAction\",\"target\":[\"https:\/\/turijnmagazijn.nl\/fr\/produit\/airbag-volant-lancia-kappa-serie-1e\/\"]}]},{\"@type\":\"ImageObject\",\"inLanguage\":\"fr-FR\",\"@id\":\"https:\/\/turijnmagazijn.nl\/fr\/produit\/airbag-volant-lancia-kappa-serie-1e\/#primaryimage\",\"url\":\"https:\/\/turijnmagazijn.nl\/wp-content\/uploads\/2023\/08\/DK0102640-Airbag-stuurwiel-Lancia-Kappa-1e-serie-177300160-4.jpg\",\"contentUrl\":\"https:\/\/turijnmagazijn.nl\/wp-content\/uploads\/2023\/08\/DK0102640-Airbag-stuurwiel-Lancia-Kappa-1e-serie-177300160-4.jpg\",\"width\":1024,\"height\":768},{\"@type\":\"BreadcrumbList\",\"@id\":\"https:\/\/turijnmagazijn.nl\/fr\/produit\/airbag-volant-lancia-kappa-serie-1e\/#breadcrumb\",\"itemListElement\":[{\"@type\":\"ListItem\",\"position\":1,\"name\":\"Home\",\"item\":\"https:\/\/turijnmagazijn.jumpstone-dev.nl\/\"},{\"@type\":\"ListItem\",\"position\":2,\"name\":\"Produits\",\"item\":\"https:\/\/turijnmagazijn.nl\/fr\/shop\/\"},{\"@type\":\"ListItem\",\"position\":3,\"name\":\"Volant gonflable Lancia Kappa 1\u00e8re s\u00e9rie\"}]},{\"@type\":\"WebSite\",\"@id\":\"https:\/\/turijnmagazijn.jumpstone-dev.nl\/#website\",\"url\":\"https:\/\/turijnmagazijn.jumpstone-dev.nl\/\",\"name\":\"Turijnmagazijn\",\"description\":\"Onderdelen nieuw en gebruikt - Fiat &amp; Lancia\",\"publisher\":{\"@id\":\"https:\/\/turijnmagazijn.jumpstone-dev.nl\/#organization\"},\"potentialAction\":[{\"@type\":\"SearchAction\",\"target\":{\"@type\":\"EntryPoint\",\"urlTemplate\":\"https:\/\/turijnmagazijn.jumpstone-dev.nl\/?s={search_term_string}\"},\"query-input\":{\"@type\":\"PropertyValueSpecification\",\"valueRequired\":true,\"valueName\":\"search_term_string\"}}],\"inLanguage\":\"fr-FR\"},{\"@type\":\"Organization\",\"@id\":\"https:\/\/turijnmagazijn.jumpstone-dev.nl\/#organization\",\"name\":\"Turijnmagazijn\",\"url\":\"https:\/\/turijnmagazijn.jumpstone-dev.nl\/\",\"logo\":{\"@type\":\"ImageObject\",\"inLanguage\":\"fr-FR\",\"@id\":\"https:\/\/turijnmagazijn.jumpstone-dev.nl\/#\/schema\/logo\/image\/\",\"url\":\"https:\/\/turijnmagazijn.nl\/wp-content\/uploads\/2021\/02\/turijnmagazijnlogo.png\",\"contentUrl\":\"https:\/\/turijnmagazijn.nl\/wp-content\/uploads\/2021\/02\/turijnmagazijnlogo.png\",\"width\":555,\"height\":270,\"caption\":\"Turijnmagazijn\"},\"image\":{\"@id\":\"https:\/\/turijnmagazijn.jumpstone-dev.nl\/#\/schema\/logo\/image\/\"},\"sameAs\":[\"https:\/\/www.facebook.com\/turijnmagazijn\"]}]}<\/script>\n<!-- \/ Yoast SEO plugin. -->","yoast_head_json":{"title":"Volant gonflable Lancia Kappa 1\u00e8re s\u00e9rie - Turijnmagazijn","robots":{"index":"index","follow":"follow","max-snippet":"max-snippet:-1","max-image-preview":"max-image-preview:large","max-video-preview":"max-video-preview:-1"},"canonical":"https:\/\/turijnmagazijn.nl\/fr\/produit\/airbag-volant-lancia-kappa-serie-1e\/","og_locale":"fr_FR","og_type":"article","og_title":"Volant gonflable Lancia Kappa 1\u00e8re s\u00e9rie - Turijnmagazijn","og_description":"177300160 Airbag d\u2019occasion pour montage au volant pour Lancia Kappa. Applicable \u00e0 tous les mod\u00e8les. Il s\u2019agit de l\u2019airbag pour le volant de la premi\u00e8re s\u00e9rie. L\u2019unit\u00e9 provient d\u2019un","og_url":"https:\/\/turijnmagazijn.nl\/fr\/produit\/airbag-volant-lancia-kappa-serie-1e\/","og_site_name":"Turijnmagazijn","article_publisher":"https:\/\/www.facebook.com\/turijnmagazijn","article_modified_time":"2023-09-07T17:27:24+00:00","og_image":[{"width":1024,"height":768,"url":"https:\/\/turijnmagazijn.nl\/wp-content\/uploads\/2023\/08\/DK0102640-Airbag-stuurwiel-Lancia-Kappa-1e-serie-177300160-4.jpg","type":"image\/jpeg"}],"twitter_card":"summary_large_image","schema":{"@context":"https:\/\/schema.org","@graph":[{"@type":"WebPage","@id":"https:\/\/turijnmagazijn.nl\/fr\/produit\/airbag-volant-lancia-kappa-serie-1e\/","url":"https:\/\/turijnmagazijn.nl\/fr\/produit\/airbag-volant-lancia-kappa-serie-1e\/","name":"Volant gonflable Lancia Kappa 1\u00e8re s\u00e9rie - Turijnmagazijn","isPartOf":{"@id":"https:\/\/turijnmagazijn.jumpstone-dev.nl\/#website"},"primaryImageOfPage":{"@id":"https:\/\/turijnmagazijn.nl\/fr\/produit\/airbag-volant-lancia-kappa-serie-1e\/#primaryimage"},"image":{"@id":"https:\/\/turijnmagazijn.nl\/fr\/produit\/airbag-volant-lancia-kappa-serie-1e\/#primaryimage"},"thumbnailUrl":"https:\/\/turijnmagazijn.nl\/wp-content\/uploads\/2023\/08\/DK0102640-Airbag-stuurwiel-Lancia-Kappa-1e-serie-177300160-4.jpg","datePublished":"2023-08-26T15:30:58+00:00","dateModified":"2023-09-07T17:27:24+00:00","breadcrumb":{"@id":"https:\/\/turijnmagazijn.nl\/fr\/produit\/airbag-volant-lancia-kappa-serie-1e\/#breadcrumb"},"inLanguage":"fr-FR","potentialAction":[{"@type":"ReadAction","target":["https:\/\/turijnmagazijn.nl\/fr\/produit\/airbag-volant-lancia-kappa-serie-1e\/"]}]},{"@type":"ImageObject","inLanguage":"fr-FR","@id":"https:\/\/turijnmagazijn.nl\/fr\/produit\/airbag-volant-lancia-kappa-serie-1e\/#primaryimage","url":"https:\/\/turijnmagazijn.nl\/wp-content\/uploads\/2023\/08\/DK0102640-Airbag-stuurwiel-Lancia-Kappa-1e-serie-177300160-4.jpg","contentUrl":"https:\/\/turijnmagazijn.nl\/wp-content\/uploads\/2023\/08\/DK0102640-Airbag-stuurwiel-Lancia-Kappa-1e-serie-177300160-4.jpg","width":1024,"height":768},{"@type":"BreadcrumbList","@id":"https:\/\/turijnmagazijn.nl\/fr\/produit\/airbag-volant-lancia-kappa-serie-1e\/#breadcrumb","itemListElement":[{"@type":"ListItem","position":1,"name":"Home","item":"https:\/\/turijnmagazijn.jumpstone-dev.nl\/"},{"@type":"ListItem","position":2,"name":"Produits","item":"https:\/\/turijnmagazijn.nl\/fr\/shop\/"},{"@type":"ListItem","position":3,"name":"Volant gonflable Lancia Kappa 1\u00e8re s\u00e9rie"}]},{"@type":"WebSite","@id":"https:\/\/turijnmagazijn.jumpstone-dev.nl\/#website","url":"https:\/\/turijnmagazijn.jumpstone-dev.nl\/","name":"Turijnmagazijn","description":"Onderdelen nieuw en gebruikt - Fiat &amp; Lancia","publisher":{"@id":"https:\/\/turijnmagazijn.jumpstone-dev.nl\/#organization"},"potentialAction":[{"@type":"SearchAction","target":{"@type":"EntryPoint","urlTemplate":"https:\/\/turijnmagazijn.jumpstone-dev.nl\/?s={search_term_string}"},"query-input":{"@type":"PropertyValueSpecification","valueRequired":true,"valueName":"search_term_string"}}],"inLanguage":"fr-FR"},{"@type":"Organization","@id":"https:\/\/turijnmagazijn.jumpstone-dev.nl\/#organization","name":"Turijnmagazijn","url":"https:\/\/turijnmagazijn.jumpstone-dev.nl\/","logo":{"@type":"ImageObject","inLanguage":"fr-FR","@id":"https:\/\/turijnmagazijn.jumpstone-dev.nl\/#\/schema\/logo\/image\/","url":"https:\/\/turijnmagazijn.nl\/wp-content\/uploads\/2021\/02\/turijnmagazijnlogo.png","contentUrl":"https:\/\/turijnmagazijn.nl\/wp-content\/uploads\/2021\/02\/turijnmagazijnlogo.png","width":555,"height":270,"caption":"Turijnmagazijn"},"image":{"@id":"https:\/\/turijnmagazijn.jumpstone-dev.nl\/#\/schema\/logo\/image\/"},"sameAs":["https:\/\/www.facebook.com\/turijnmagazijn"]}]}},"_links":{"self":[{"href":"https:\/\/turijnmagazijn.nl\/fr\/wp-json\/wp\/v2\/product\/71363","targetHints":{"allow":["GET"]}}],"collection":[{"href":"https:\/\/turijnmagazijn.nl\/fr\/wp-json\/wp\/v2\/product"}],"about":[{"href":"https:\/\/turijnmagazijn.nl\/fr\/wp-json\/wp\/v2\/types\/product"}],"replies":[{"embeddable":true,"href":"https:\/\/turijnmagazijn.nl\/fr\/wp-json\/wp\/v2\/comments?post=71363"}],"wp:featuredmedia":[{"embeddable":true,"href":"https:\/\/turijnmagazijn.nl\/fr\/wp-json\/wp\/v2\/media\/72285"}],"wp:attachment":[{"href":"https:\/\/turijnmagazijn.nl\/fr\/wp-json\/wp\/v2\/media?parent=71363"}],"wp:term":[{"taxonomy":"product_brand","embeddable":true,"href":"https:\/\/turijnmagazijn.nl\/fr\/wp-json\/wp\/v2\/product_brand?post=71363"},{"taxonomy":"product_cat","embeddable":true,"href":"https:\/\/turijnmagazijn.nl\/fr\/wp-json\/wp\/v2\/product_cat?post=71363"},{"taxonomy":"product_tag","embeddable":true,"href":"https:\/\/turijnmagazijn.nl\/fr\/wp-json\/wp\/v2\/product_tag?post=71363"}],"curies":[{"name":"wp","href":"https:\/\/api.w.org\/{rel}","templated":true}]}}