{"id":71373,"date":"2023-08-26T17:29:44","date_gmt":"2023-08-26T15:29:44","guid":{"rendered":"https:\/\/turijnmagazijn.nl\/product\/moteur-de-deverrouillage-de-hayon-lancia-dedra\/"},"modified":"2024-03-15T18:22:06","modified_gmt":"2024-03-15T17:22:06","slug":"liberer-moteur-hayon-lancia-dedra","status":"publish","type":"product","link":"https:\/\/turijnmagazijn.nl\/fr\/produit\/liberer-moteur-hayon-lancia-dedra\/","title":{"rendered":"Moteur de d\u00e9verrouillage de hayon Lancia Dedra"},"content":{"rendered":"<p>Nouveau moteur \u00e9lectrique pour le d\u00e9verrouillage du hayon applicable \u00e0 la Lancia Dedra. Pi\u00e8ce d\u2019origine de l\u2019ancien stock du concessionnaire. Dans son emballage d\u2019origine, et est \u00e0 l\u2019\u00e9tat neuf. Lancia OEM 82445147<\/p>\n","protected":false},"excerpt":{"rendered":"<p>82445147 Nouveau moteur \u00e9lectrique pour le d\u00e9verrouillage du hayon applicable \u00e0 la Lancia Dedra. Pi\u00e8ce d\u2019origine de l\u2019ancien stock du concessionnaire. Dans son emballage d\u2019origine, et est \u00e0 l\u2019\u00e9tat neuf<\/p>\n","protected":false},"featured_media":74306,"comment_status":"open","ping_status":"closed","template":"","meta":{"_acf_changed":false},"product_brand":[],"product_cat":[1802,1798],"product_tag":[],"class_list":{"0":"post-71373","1":"product","2":"type-product","3":"status-publish","4":"has-post-thumbnail","6":"product_cat-dedra-835-fr","7":"product_cat-lancia-fr","8":"pa_soort-onderdeel-carrosserie-et-tolerie","10":"first","11":"instock","12":"shipping-taxable","13":"purchasable","14":"product-type-simple"},"acf":[],"yoast_head":"<!-- This site is optimized with the Yoast SEO plugin v27.2 - https:\/\/yoast.com\/product\/yoast-seo-wordpress\/ -->\n<title>Moteur de d\u00e9verrouillage de hayon Lancia Dedra - Turijnmagazijn<\/title>\n<meta name=\"robots\" content=\"index, follow, max-snippet:-1, max-image-preview:large, max-video-preview:-1\" \/>\n<link rel=\"canonical\" href=\"https:\/\/turijnmagazijn.nl\/fr\/produit\/liberer-moteur-hayon-lancia-dedra\/\" \/>\n<meta property=\"og:locale\" content=\"fr_FR\" \/>\n<meta property=\"og:type\" content=\"article\" \/>\n<meta property=\"og:title\" content=\"Moteur de d\u00e9verrouillage de hayon Lancia Dedra - Turijnmagazijn\" \/>\n<meta property=\"og:description\" content=\"82445147 Nouveau moteur \u00e9lectrique pour le d\u00e9verrouillage du hayon applicable \u00e0 la Lancia Dedra. Pi\u00e8ce d\u2019origine de l\u2019ancien stock du concessionnaire. Dans son emballage d\u2019origine, et est \u00e0 l\u2019\u00e9tat neuf\" \/>\n<meta property=\"og:url\" content=\"https:\/\/turijnmagazijn.nl\/fr\/produit\/liberer-moteur-hayon-lancia-dedra\/\" \/>\n<meta property=\"og:site_name\" content=\"Turijnmagazijn\" \/>\n<meta property=\"article:publisher\" content=\"https:\/\/www.facebook.com\/turijnmagazijn\" \/>\n<meta property=\"article:modified_time\" content=\"2024-03-15T17:22:06+00:00\" \/>\n<meta property=\"og:image\" content=\"https:\/\/turijnmagazijn.nl\/wp-content\/uploads\/2023\/10\/DS0108961-Ontgrendelmotor-achterklep-Lancia-Dedra-82445147-3.jpg\" \/>\n\t<meta property=\"og:image:width\" content=\"1024\" \/>\n\t<meta property=\"og:image:height\" content=\"768\" \/>\n\t<meta property=\"og:image:type\" content=\"image\/jpeg\" \/>\n<meta name=\"twitter:card\" content=\"summary_large_image\" \/>\n<script type=\"application\/ld+json\" class=\"yoast-schema-graph\">{\"@context\":\"https:\/\/schema.org\",\"@graph\":[{\"@type\":\"WebPage\",\"@id\":\"https:\/\/turijnmagazijn.nl\/fr\/produit\/liberer-moteur-hayon-lancia-dedra\/\",\"url\":\"https:\/\/turijnmagazijn.nl\/fr\/produit\/liberer-moteur-hayon-lancia-dedra\/\",\"name\":\"Moteur de d\u00e9verrouillage de hayon Lancia Dedra - Turijnmagazijn\",\"isPartOf\":{\"@id\":\"https:\/\/turijnmagazijn.jumpstone-dev.nl\/#website\"},\"primaryImageOfPage\":{\"@id\":\"https:\/\/turijnmagazijn.nl\/fr\/produit\/liberer-moteur-hayon-lancia-dedra\/#primaryimage\"},\"image\":{\"@id\":\"https:\/\/turijnmagazijn.nl\/fr\/produit\/liberer-moteur-hayon-lancia-dedra\/#primaryimage\"},\"thumbnailUrl\":\"https:\/\/turijnmagazijn.nl\/wp-content\/uploads\/2023\/10\/DS0108961-Ontgrendelmotor-achterklep-Lancia-Dedra-82445147-3.jpg\",\"datePublished\":\"2023-08-26T15:29:44+00:00\",\"dateModified\":\"2024-03-15T17:22:06+00:00\",\"breadcrumb\":{\"@id\":\"https:\/\/turijnmagazijn.nl\/fr\/produit\/liberer-moteur-hayon-lancia-dedra\/#breadcrumb\"},\"inLanguage\":\"fr-FR\",\"potentialAction\":[{\"@type\":\"ReadAction\",\"target\":[\"https:\/\/turijnmagazijn.nl\/fr\/produit\/liberer-moteur-hayon-lancia-dedra\/\"]}]},{\"@type\":\"ImageObject\",\"inLanguage\":\"fr-FR\",\"@id\":\"https:\/\/turijnmagazijn.nl\/fr\/produit\/liberer-moteur-hayon-lancia-dedra\/#primaryimage\",\"url\":\"https:\/\/turijnmagazijn.nl\/wp-content\/uploads\/2023\/10\/DS0108961-Ontgrendelmotor-achterklep-Lancia-Dedra-82445147-3.jpg\",\"contentUrl\":\"https:\/\/turijnmagazijn.nl\/wp-content\/uploads\/2023\/10\/DS0108961-Ontgrendelmotor-achterklep-Lancia-Dedra-82445147-3.jpg\",\"width\":1024,\"height\":768},{\"@type\":\"BreadcrumbList\",\"@id\":\"https:\/\/turijnmagazijn.nl\/fr\/produit\/liberer-moteur-hayon-lancia-dedra\/#breadcrumb\",\"itemListElement\":[{\"@type\":\"ListItem\",\"position\":1,\"name\":\"Home\",\"item\":\"https:\/\/turijnmagazijn.jumpstone-dev.nl\/\"},{\"@type\":\"ListItem\",\"position\":2,\"name\":\"Produits\",\"item\":\"https:\/\/turijnmagazijn.nl\/fr\/shop\/\"},{\"@type\":\"ListItem\",\"position\":3,\"name\":\"Moteur de d\u00e9verrouillage de hayon Lancia Dedra\"}]},{\"@type\":\"WebSite\",\"@id\":\"https:\/\/turijnmagazijn.jumpstone-dev.nl\/#website\",\"url\":\"https:\/\/turijnmagazijn.jumpstone-dev.nl\/\",\"name\":\"Turijnmagazijn\",\"description\":\"Onderdelen nieuw en gebruikt - Fiat &amp; Lancia\",\"publisher\":{\"@id\":\"https:\/\/turijnmagazijn.jumpstone-dev.nl\/#organization\"},\"potentialAction\":[{\"@type\":\"SearchAction\",\"target\":{\"@type\":\"EntryPoint\",\"urlTemplate\":\"https:\/\/turijnmagazijn.jumpstone-dev.nl\/?s={search_term_string}\"},\"query-input\":{\"@type\":\"PropertyValueSpecification\",\"valueRequired\":true,\"valueName\":\"search_term_string\"}}],\"inLanguage\":\"fr-FR\"},{\"@type\":\"Organization\",\"@id\":\"https:\/\/turijnmagazijn.jumpstone-dev.nl\/#organization\",\"name\":\"Turijnmagazijn\",\"url\":\"https:\/\/turijnmagazijn.jumpstone-dev.nl\/\",\"logo\":{\"@type\":\"ImageObject\",\"inLanguage\":\"fr-FR\",\"@id\":\"https:\/\/turijnmagazijn.jumpstone-dev.nl\/#\/schema\/logo\/image\/\",\"url\":\"https:\/\/turijnmagazijn.nl\/wp-content\/uploads\/2021\/02\/turijnmagazijnlogo.png\",\"contentUrl\":\"https:\/\/turijnmagazijn.nl\/wp-content\/uploads\/2021\/02\/turijnmagazijnlogo.png\",\"width\":555,\"height\":270,\"caption\":\"Turijnmagazijn\"},\"image\":{\"@id\":\"https:\/\/turijnmagazijn.jumpstone-dev.nl\/#\/schema\/logo\/image\/\"},\"sameAs\":[\"https:\/\/www.facebook.com\/turijnmagazijn\"]}]}<\/script>\n<!-- \/ Yoast SEO plugin. -->","yoast_head_json":{"title":"Moteur de d\u00e9verrouillage de hayon Lancia Dedra - Turijnmagazijn","robots":{"index":"index","follow":"follow","max-snippet":"max-snippet:-1","max-image-preview":"max-image-preview:large","max-video-preview":"max-video-preview:-1"},"canonical":"https:\/\/turijnmagazijn.nl\/fr\/produit\/liberer-moteur-hayon-lancia-dedra\/","og_locale":"fr_FR","og_type":"article","og_title":"Moteur de d\u00e9verrouillage de hayon Lancia Dedra - Turijnmagazijn","og_description":"82445147 Nouveau moteur \u00e9lectrique pour le d\u00e9verrouillage du hayon applicable \u00e0 la Lancia Dedra. Pi\u00e8ce d\u2019origine de l\u2019ancien stock du concessionnaire. Dans son emballage d\u2019origine, et est \u00e0 l\u2019\u00e9tat neuf","og_url":"https:\/\/turijnmagazijn.nl\/fr\/produit\/liberer-moteur-hayon-lancia-dedra\/","og_site_name":"Turijnmagazijn","article_publisher":"https:\/\/www.facebook.com\/turijnmagazijn","article_modified_time":"2024-03-15T17:22:06+00:00","og_image":[{"width":1024,"height":768,"url":"https:\/\/turijnmagazijn.nl\/wp-content\/uploads\/2023\/10\/DS0108961-Ontgrendelmotor-achterklep-Lancia-Dedra-82445147-3.jpg","type":"image\/jpeg"}],"twitter_card":"summary_large_image","schema":{"@context":"https:\/\/schema.org","@graph":[{"@type":"WebPage","@id":"https:\/\/turijnmagazijn.nl\/fr\/produit\/liberer-moteur-hayon-lancia-dedra\/","url":"https:\/\/turijnmagazijn.nl\/fr\/produit\/liberer-moteur-hayon-lancia-dedra\/","name":"Moteur de d\u00e9verrouillage de hayon Lancia Dedra - Turijnmagazijn","isPartOf":{"@id":"https:\/\/turijnmagazijn.jumpstone-dev.nl\/#website"},"primaryImageOfPage":{"@id":"https:\/\/turijnmagazijn.nl\/fr\/produit\/liberer-moteur-hayon-lancia-dedra\/#primaryimage"},"image":{"@id":"https:\/\/turijnmagazijn.nl\/fr\/produit\/liberer-moteur-hayon-lancia-dedra\/#primaryimage"},"thumbnailUrl":"https:\/\/turijnmagazijn.nl\/wp-content\/uploads\/2023\/10\/DS0108961-Ontgrendelmotor-achterklep-Lancia-Dedra-82445147-3.jpg","datePublished":"2023-08-26T15:29:44+00:00","dateModified":"2024-03-15T17:22:06+00:00","breadcrumb":{"@id":"https:\/\/turijnmagazijn.nl\/fr\/produit\/liberer-moteur-hayon-lancia-dedra\/#breadcrumb"},"inLanguage":"fr-FR","potentialAction":[{"@type":"ReadAction","target":["https:\/\/turijnmagazijn.nl\/fr\/produit\/liberer-moteur-hayon-lancia-dedra\/"]}]},{"@type":"ImageObject","inLanguage":"fr-FR","@id":"https:\/\/turijnmagazijn.nl\/fr\/produit\/liberer-moteur-hayon-lancia-dedra\/#primaryimage","url":"https:\/\/turijnmagazijn.nl\/wp-content\/uploads\/2023\/10\/DS0108961-Ontgrendelmotor-achterklep-Lancia-Dedra-82445147-3.jpg","contentUrl":"https:\/\/turijnmagazijn.nl\/wp-content\/uploads\/2023\/10\/DS0108961-Ontgrendelmotor-achterklep-Lancia-Dedra-82445147-3.jpg","width":1024,"height":768},{"@type":"BreadcrumbList","@id":"https:\/\/turijnmagazijn.nl\/fr\/produit\/liberer-moteur-hayon-lancia-dedra\/#breadcrumb","itemListElement":[{"@type":"ListItem","position":1,"name":"Home","item":"https:\/\/turijnmagazijn.jumpstone-dev.nl\/"},{"@type":"ListItem","position":2,"name":"Produits","item":"https:\/\/turijnmagazijn.nl\/fr\/shop\/"},{"@type":"ListItem","position":3,"name":"Moteur de d\u00e9verrouillage de hayon Lancia Dedra"}]},{"@type":"WebSite","@id":"https:\/\/turijnmagazijn.jumpstone-dev.nl\/#website","url":"https:\/\/turijnmagazijn.jumpstone-dev.nl\/","name":"Turijnmagazijn","description":"Onderdelen nieuw en gebruikt - Fiat &amp; Lancia","publisher":{"@id":"https:\/\/turijnmagazijn.jumpstone-dev.nl\/#organization"},"potentialAction":[{"@type":"SearchAction","target":{"@type":"EntryPoint","urlTemplate":"https:\/\/turijnmagazijn.jumpstone-dev.nl\/?s={search_term_string}"},"query-input":{"@type":"PropertyValueSpecification","valueRequired":true,"valueName":"search_term_string"}}],"inLanguage":"fr-FR"},{"@type":"Organization","@id":"https:\/\/turijnmagazijn.jumpstone-dev.nl\/#organization","name":"Turijnmagazijn","url":"https:\/\/turijnmagazijn.jumpstone-dev.nl\/","logo":{"@type":"ImageObject","inLanguage":"fr-FR","@id":"https:\/\/turijnmagazijn.jumpstone-dev.nl\/#\/schema\/logo\/image\/","url":"https:\/\/turijnmagazijn.nl\/wp-content\/uploads\/2021\/02\/turijnmagazijnlogo.png","contentUrl":"https:\/\/turijnmagazijn.nl\/wp-content\/uploads\/2021\/02\/turijnmagazijnlogo.png","width":555,"height":270,"caption":"Turijnmagazijn"},"image":{"@id":"https:\/\/turijnmagazijn.jumpstone-dev.nl\/#\/schema\/logo\/image\/"},"sameAs":["https:\/\/www.facebook.com\/turijnmagazijn"]}]}},"_links":{"self":[{"href":"https:\/\/turijnmagazijn.nl\/fr\/wp-json\/wp\/v2\/product\/71373","targetHints":{"allow":["GET"]}}],"collection":[{"href":"https:\/\/turijnmagazijn.nl\/fr\/wp-json\/wp\/v2\/product"}],"about":[{"href":"https:\/\/turijnmagazijn.nl\/fr\/wp-json\/wp\/v2\/types\/product"}],"replies":[{"embeddable":true,"href":"https:\/\/turijnmagazijn.nl\/fr\/wp-json\/wp\/v2\/comments?post=71373"}],"wp:featuredmedia":[{"embeddable":true,"href":"https:\/\/turijnmagazijn.nl\/fr\/wp-json\/wp\/v2\/media\/74306"}],"wp:attachment":[{"href":"https:\/\/turijnmagazijn.nl\/fr\/wp-json\/wp\/v2\/media?parent=71373"}],"wp:term":[{"taxonomy":"product_brand","embeddable":true,"href":"https:\/\/turijnmagazijn.nl\/fr\/wp-json\/wp\/v2\/product_brand?post=71373"},{"taxonomy":"product_cat","embeddable":true,"href":"https:\/\/turijnmagazijn.nl\/fr\/wp-json\/wp\/v2\/product_cat?post=71373"},{"taxonomy":"product_tag","embeddable":true,"href":"https:\/\/turijnmagazijn.nl\/fr\/wp-json\/wp\/v2\/product_tag?post=71373"}],"curies":[{"name":"wp","href":"https:\/\/api.w.org\/{rel}","templated":true}]}}