{"id":71375,"date":"2023-08-26T17:29:52","date_gmt":"2023-08-26T15:29:52","guid":{"rendered":"https:\/\/turijnmagazijn.nl\/product\/vitre-clignotante-avant-gauche-autobianchi-a112-blanc-defaut\/"},"modified":"2024-03-15T18:21:45","modified_gmt":"2024-03-15T17:21:45","slug":"lumiere-clignotantevitre-gauche-avant-autobianchi-a112-blanc-defectueux","status":"publish","type":"product","link":"https:\/\/turijnmagazijn.nl\/fr\/produit\/lumiere-clignotantevitre-gauche-avant-autobianchi-a112-blanc-defectueux\/","title":{"rendered":"Vitre clignotante avant gauche Autobianchi A112 blanc D\u00c9FAUT"},"content":{"rendered":"<p>Nouveau verre blanc clignotant Gauche pour Autobianchi A112. Cette unit\u00e9 est endommag\u00e9e, le bord est cass\u00e9. Peut \u00eatre coll\u00e9, toutes les pi\u00e8ces sont l\u00e0. Concerne une unit\u00e9 de la marque ALTISSIMO. Sans les vis. Pi\u00e8ce d\u2019origine de l\u2019ancien stock du concessionnaire. Dans son emballage d\u2019origine, et est \u00e0 l\u2019\u00e9tat neuf. OEM Lancia 7534470<\/p>\n","protected":false},"excerpt":{"rendered":"<p>7534471 Nouveau verre blanc clignotant Gauche pour Autobianchi A112. Cette unit\u00e9 est endommag\u00e9e, le bord est cass\u00e9. Peut \u00eatre coll\u00e9, toutes les pi\u00e8ces sont l\u00e0. Concerne une unit\u00e9 du moi<\/p>\n","protected":false},"featured_media":74391,"comment_status":"open","ping_status":"closed","template":"","meta":{"_acf_changed":false},"product_brand":[],"product_cat":[1675],"product_tag":[],"class_list":{"0":"post-71375","1":"product","2":"type-product","3":"status-publish","4":"has-post-thumbnail","6":"product_cat-a112-112-fr","7":"pa_soort-onderdeel-eclairage","9":"first","10":"instock","11":"shipping-taxable","12":"purchasable","13":"product-type-simple"},"acf":[],"yoast_head":"<!-- This site is optimized with the Yoast SEO plugin v27.3 - https:\/\/yoast.com\/product\/yoast-seo-wordpress\/ -->\n<title>Vitre clignotante avant gauche Autobianchi A112 blanc D\u00c9FAUT - Turijnmagazijn<\/title>\n<meta name=\"robots\" content=\"index, follow, max-snippet:-1, max-image-preview:large, max-video-preview:-1\" \/>\n<link rel=\"canonical\" href=\"https:\/\/turijnmagazijn.nl\/fr\/produit\/lumiere-clignotantevitre-gauche-avant-autobianchi-a112-blanc-defectueux\/\" \/>\n<meta property=\"og:locale\" content=\"fr_FR\" \/>\n<meta property=\"og:type\" content=\"article\" \/>\n<meta property=\"og:title\" content=\"Vitre clignotante avant gauche Autobianchi A112 blanc D\u00c9FAUT - Turijnmagazijn\" \/>\n<meta property=\"og:description\" content=\"7534471 Nouveau verre blanc clignotant Gauche pour Autobianchi A112. Cette unit\u00e9 est endommag\u00e9e, le bord est cass\u00e9. Peut \u00eatre coll\u00e9, toutes les pi\u00e8ces sont l\u00e0. Concerne une unit\u00e9 du moi\" \/>\n<meta property=\"og:url\" content=\"https:\/\/turijnmagazijn.nl\/fr\/produit\/lumiere-clignotantevitre-gauche-avant-autobianchi-a112-blanc-defectueux\/\" \/>\n<meta property=\"og:site_name\" content=\"Turijnmagazijn\" \/>\n<meta property=\"article:publisher\" content=\"https:\/\/www.facebook.com\/turijnmagazijn\" \/>\n<meta property=\"article:modified_time\" content=\"2024-03-15T17:21:45+00:00\" \/>\n<meta property=\"og:image\" content=\"https:\/\/turijnmagazijn.nl\/wp-content\/uploads\/2023\/10\/DS0108966-Knipperlichtglas-links-voorzijde-Autobianchi-A112-wit-DEFECT-7534471-2.jpg\" \/>\n\t<meta property=\"og:image:width\" content=\"1024\" \/>\n\t<meta property=\"og:image:height\" content=\"768\" \/>\n\t<meta property=\"og:image:type\" content=\"image\/jpeg\" \/>\n<meta name=\"twitter:card\" content=\"summary_large_image\" \/>\n<script type=\"application\/ld+json\" class=\"yoast-schema-graph\">{\"@context\":\"https:\\\/\\\/schema.org\",\"@graph\":[{\"@type\":\"WebPage\",\"@id\":\"https:\\\/\\\/turijnmagazijn.nl\\\/fr\\\/produit\\\/lumiere-clignotantevitre-gauche-avant-autobianchi-a112-blanc-defectueux\\\/\",\"url\":\"https:\\\/\\\/turijnmagazijn.nl\\\/fr\\\/produit\\\/lumiere-clignotantevitre-gauche-avant-autobianchi-a112-blanc-defectueux\\\/\",\"name\":\"Vitre clignotante avant gauche Autobianchi A112 blanc D\u00c9FAUT - Turijnmagazijn\",\"isPartOf\":{\"@id\":\"https:\\\/\\\/turijnmagazijn.jumpstone-dev.nl\\\/#website\"},\"primaryImageOfPage\":{\"@id\":\"https:\\\/\\\/turijnmagazijn.nl\\\/fr\\\/produit\\\/lumiere-clignotantevitre-gauche-avant-autobianchi-a112-blanc-defectueux\\\/#primaryimage\"},\"image\":{\"@id\":\"https:\\\/\\\/turijnmagazijn.nl\\\/fr\\\/produit\\\/lumiere-clignotantevitre-gauche-avant-autobianchi-a112-blanc-defectueux\\\/#primaryimage\"},\"thumbnailUrl\":\"https:\\\/\\\/turijnmagazijn.nl\\\/wp-content\\\/uploads\\\/2023\\\/10\\\/DS0108966-Knipperlichtglas-links-voorzijde-Autobianchi-A112-wit-DEFECT-7534471-2.jpg\",\"datePublished\":\"2023-08-26T15:29:52+00:00\",\"dateModified\":\"2024-03-15T17:21:45+00:00\",\"breadcrumb\":{\"@id\":\"https:\\\/\\\/turijnmagazijn.nl\\\/fr\\\/produit\\\/lumiere-clignotantevitre-gauche-avant-autobianchi-a112-blanc-defectueux\\\/#breadcrumb\"},\"inLanguage\":\"fr-FR\",\"potentialAction\":[{\"@type\":\"ReadAction\",\"target\":[\"https:\\\/\\\/turijnmagazijn.nl\\\/fr\\\/produit\\\/lumiere-clignotantevitre-gauche-avant-autobianchi-a112-blanc-defectueux\\\/\"]}]},{\"@type\":\"ImageObject\",\"inLanguage\":\"fr-FR\",\"@id\":\"https:\\\/\\\/turijnmagazijn.nl\\\/fr\\\/produit\\\/lumiere-clignotantevitre-gauche-avant-autobianchi-a112-blanc-defectueux\\\/#primaryimage\",\"url\":\"https:\\\/\\\/turijnmagazijn.nl\\\/wp-content\\\/uploads\\\/2023\\\/10\\\/DS0108966-Knipperlichtglas-links-voorzijde-Autobianchi-A112-wit-DEFECT-7534471-2.jpg\",\"contentUrl\":\"https:\\\/\\\/turijnmagazijn.nl\\\/wp-content\\\/uploads\\\/2023\\\/10\\\/DS0108966-Knipperlichtglas-links-voorzijde-Autobianchi-A112-wit-DEFECT-7534471-2.jpg\",\"width\":1024,\"height\":768},{\"@type\":\"BreadcrumbList\",\"@id\":\"https:\\\/\\\/turijnmagazijn.nl\\\/fr\\\/produit\\\/lumiere-clignotantevitre-gauche-avant-autobianchi-a112-blanc-defectueux\\\/#breadcrumb\",\"itemListElement\":[{\"@type\":\"ListItem\",\"position\":1,\"name\":\"Home\",\"item\":\"https:\\\/\\\/turijnmagazijn.nl\\\/fr\\\/\"},{\"@type\":\"ListItem\",\"position\":2,\"name\":\"Produits\",\"item\":\"https:\\\/\\\/turijnmagazijn.nl\\\/fr\\\/shop\\\/\"},{\"@type\":\"ListItem\",\"position\":3,\"name\":\"Vitre clignotante avant gauche Autobianchi A112 blanc D\u00c9FAUT\"}]},{\"@type\":\"WebSite\",\"@id\":\"https:\\\/\\\/turijnmagazijn.jumpstone-dev.nl\\\/#website\",\"url\":\"https:\\\/\\\/turijnmagazijn.jumpstone-dev.nl\\\/\",\"name\":\"Turijnmagazijn\",\"description\":\"Onderdelen nieuw en gebruikt - Fiat &amp; Lancia\",\"publisher\":{\"@id\":\"https:\\\/\\\/turijnmagazijn.jumpstone-dev.nl\\\/#organization\"},\"potentialAction\":[{\"@type\":\"SearchAction\",\"target\":{\"@type\":\"EntryPoint\",\"urlTemplate\":\"https:\\\/\\\/turijnmagazijn.jumpstone-dev.nl\\\/?s={search_term_string}\"},\"query-input\":{\"@type\":\"PropertyValueSpecification\",\"valueRequired\":true,\"valueName\":\"search_term_string\"}}],\"inLanguage\":\"fr-FR\"},{\"@type\":\"Organization\",\"@id\":\"https:\\\/\\\/turijnmagazijn.jumpstone-dev.nl\\\/#organization\",\"name\":\"Turijnmagazijn\",\"url\":\"https:\\\/\\\/turijnmagazijn.jumpstone-dev.nl\\\/\",\"logo\":{\"@type\":\"ImageObject\",\"inLanguage\":\"fr-FR\",\"@id\":\"https:\\\/\\\/turijnmagazijn.jumpstone-dev.nl\\\/#\\\/schema\\\/logo\\\/image\\\/\",\"url\":\"https:\\\/\\\/turijnmagazijn.nl\\\/wp-content\\\/uploads\\\/2021\\\/02\\\/turijnmagazijnlogo.png\",\"contentUrl\":\"https:\\\/\\\/turijnmagazijn.nl\\\/wp-content\\\/uploads\\\/2021\\\/02\\\/turijnmagazijnlogo.png\",\"width\":555,\"height\":270,\"caption\":\"Turijnmagazijn\"},\"image\":{\"@id\":\"https:\\\/\\\/turijnmagazijn.jumpstone-dev.nl\\\/#\\\/schema\\\/logo\\\/image\\\/\"},\"sameAs\":[\"https:\\\/\\\/www.facebook.com\\\/turijnmagazijn\"]}]}<\/script>\n<!-- \/ Yoast SEO plugin. -->","yoast_head_json":{"title":"Vitre clignotante avant gauche Autobianchi A112 blanc D\u00c9FAUT - Turijnmagazijn","robots":{"index":"index","follow":"follow","max-snippet":"max-snippet:-1","max-image-preview":"max-image-preview:large","max-video-preview":"max-video-preview:-1"},"canonical":"https:\/\/turijnmagazijn.nl\/fr\/produit\/lumiere-clignotantevitre-gauche-avant-autobianchi-a112-blanc-defectueux\/","og_locale":"fr_FR","og_type":"article","og_title":"Vitre clignotante avant gauche Autobianchi A112 blanc D\u00c9FAUT - Turijnmagazijn","og_description":"7534471 Nouveau verre blanc clignotant Gauche pour Autobianchi A112. Cette unit\u00e9 est endommag\u00e9e, le bord est cass\u00e9. Peut \u00eatre coll\u00e9, toutes les pi\u00e8ces sont l\u00e0. Concerne une unit\u00e9 du moi","og_url":"https:\/\/turijnmagazijn.nl\/fr\/produit\/lumiere-clignotantevitre-gauche-avant-autobianchi-a112-blanc-defectueux\/","og_site_name":"Turijnmagazijn","article_publisher":"https:\/\/www.facebook.com\/turijnmagazijn","article_modified_time":"2024-03-15T17:21:45+00:00","og_image":[{"width":1024,"height":768,"url":"https:\/\/turijnmagazijn.nl\/wp-content\/uploads\/2023\/10\/DS0108966-Knipperlichtglas-links-voorzijde-Autobianchi-A112-wit-DEFECT-7534471-2.jpg","type":"image\/jpeg"}],"twitter_card":"summary_large_image","schema":{"@context":"https:\/\/schema.org","@graph":[{"@type":"WebPage","@id":"https:\/\/turijnmagazijn.nl\/fr\/produit\/lumiere-clignotantevitre-gauche-avant-autobianchi-a112-blanc-defectueux\/","url":"https:\/\/turijnmagazijn.nl\/fr\/produit\/lumiere-clignotantevitre-gauche-avant-autobianchi-a112-blanc-defectueux\/","name":"Vitre clignotante avant gauche Autobianchi A112 blanc D\u00c9FAUT - Turijnmagazijn","isPartOf":{"@id":"https:\/\/turijnmagazijn.jumpstone-dev.nl\/#website"},"primaryImageOfPage":{"@id":"https:\/\/turijnmagazijn.nl\/fr\/produit\/lumiere-clignotantevitre-gauche-avant-autobianchi-a112-blanc-defectueux\/#primaryimage"},"image":{"@id":"https:\/\/turijnmagazijn.nl\/fr\/produit\/lumiere-clignotantevitre-gauche-avant-autobianchi-a112-blanc-defectueux\/#primaryimage"},"thumbnailUrl":"https:\/\/turijnmagazijn.nl\/wp-content\/uploads\/2023\/10\/DS0108966-Knipperlichtglas-links-voorzijde-Autobianchi-A112-wit-DEFECT-7534471-2.jpg","datePublished":"2023-08-26T15:29:52+00:00","dateModified":"2024-03-15T17:21:45+00:00","breadcrumb":{"@id":"https:\/\/turijnmagazijn.nl\/fr\/produit\/lumiere-clignotantevitre-gauche-avant-autobianchi-a112-blanc-defectueux\/#breadcrumb"},"inLanguage":"fr-FR","potentialAction":[{"@type":"ReadAction","target":["https:\/\/turijnmagazijn.nl\/fr\/produit\/lumiere-clignotantevitre-gauche-avant-autobianchi-a112-blanc-defectueux\/"]}]},{"@type":"ImageObject","inLanguage":"fr-FR","@id":"https:\/\/turijnmagazijn.nl\/fr\/produit\/lumiere-clignotantevitre-gauche-avant-autobianchi-a112-blanc-defectueux\/#primaryimage","url":"https:\/\/turijnmagazijn.nl\/wp-content\/uploads\/2023\/10\/DS0108966-Knipperlichtglas-links-voorzijde-Autobianchi-A112-wit-DEFECT-7534471-2.jpg","contentUrl":"https:\/\/turijnmagazijn.nl\/wp-content\/uploads\/2023\/10\/DS0108966-Knipperlichtglas-links-voorzijde-Autobianchi-A112-wit-DEFECT-7534471-2.jpg","width":1024,"height":768},{"@type":"BreadcrumbList","@id":"https:\/\/turijnmagazijn.nl\/fr\/produit\/lumiere-clignotantevitre-gauche-avant-autobianchi-a112-blanc-defectueux\/#breadcrumb","itemListElement":[{"@type":"ListItem","position":1,"name":"Home","item":"https:\/\/turijnmagazijn.nl\/fr\/"},{"@type":"ListItem","position":2,"name":"Produits","item":"https:\/\/turijnmagazijn.nl\/fr\/shop\/"},{"@type":"ListItem","position":3,"name":"Vitre clignotante avant gauche Autobianchi A112 blanc D\u00c9FAUT"}]},{"@type":"WebSite","@id":"https:\/\/turijnmagazijn.jumpstone-dev.nl\/#website","url":"https:\/\/turijnmagazijn.jumpstone-dev.nl\/","name":"Turijnmagazijn","description":"Onderdelen nieuw en gebruikt - Fiat &amp; Lancia","publisher":{"@id":"https:\/\/turijnmagazijn.jumpstone-dev.nl\/#organization"},"potentialAction":[{"@type":"SearchAction","target":{"@type":"EntryPoint","urlTemplate":"https:\/\/turijnmagazijn.jumpstone-dev.nl\/?s={search_term_string}"},"query-input":{"@type":"PropertyValueSpecification","valueRequired":true,"valueName":"search_term_string"}}],"inLanguage":"fr-FR"},{"@type":"Organization","@id":"https:\/\/turijnmagazijn.jumpstone-dev.nl\/#organization","name":"Turijnmagazijn","url":"https:\/\/turijnmagazijn.jumpstone-dev.nl\/","logo":{"@type":"ImageObject","inLanguage":"fr-FR","@id":"https:\/\/turijnmagazijn.jumpstone-dev.nl\/#\/schema\/logo\/image\/","url":"https:\/\/turijnmagazijn.nl\/wp-content\/uploads\/2021\/02\/turijnmagazijnlogo.png","contentUrl":"https:\/\/turijnmagazijn.nl\/wp-content\/uploads\/2021\/02\/turijnmagazijnlogo.png","width":555,"height":270,"caption":"Turijnmagazijn"},"image":{"@id":"https:\/\/turijnmagazijn.jumpstone-dev.nl\/#\/schema\/logo\/image\/"},"sameAs":["https:\/\/www.facebook.com\/turijnmagazijn"]}]}},"_links":{"self":[{"href":"https:\/\/turijnmagazijn.nl\/fr\/wp-json\/wp\/v2\/product\/71375","targetHints":{"allow":["GET"]}}],"collection":[{"href":"https:\/\/turijnmagazijn.nl\/fr\/wp-json\/wp\/v2\/product"}],"about":[{"href":"https:\/\/turijnmagazijn.nl\/fr\/wp-json\/wp\/v2\/types\/product"}],"replies":[{"embeddable":true,"href":"https:\/\/turijnmagazijn.nl\/fr\/wp-json\/wp\/v2\/comments?post=71375"}],"wp:featuredmedia":[{"embeddable":true,"href":"https:\/\/turijnmagazijn.nl\/fr\/wp-json\/wp\/v2\/media\/74391"}],"wp:attachment":[{"href":"https:\/\/turijnmagazijn.nl\/fr\/wp-json\/wp\/v2\/media?parent=71375"}],"wp:term":[{"taxonomy":"product_brand","embeddable":true,"href":"https:\/\/turijnmagazijn.nl\/fr\/wp-json\/wp\/v2\/product_brand?post=71375"},{"taxonomy":"product_cat","embeddable":true,"href":"https:\/\/turijnmagazijn.nl\/fr\/wp-json\/wp\/v2\/product_cat?post=71375"},{"taxonomy":"product_tag","embeddable":true,"href":"https:\/\/turijnmagazijn.nl\/fr\/wp-json\/wp\/v2\/product_tag?post=71375"}],"curies":[{"name":"wp","href":"https:\/\/api.w.org\/{rel}","templated":true}]}}