{"id":71386,"date":"2023-08-26T17:29:51","date_gmt":"2023-08-26T15:29:51","guid":{"rendered":"https:\/\/turijnmagazijn.nl\/product\/vitre-clignotante-a-lavant-droit-autobianchi-a112-blanc\/"},"modified":"2024-03-15T18:21:48","modified_gmt":"2024-03-15T17:21:48","slug":"lumiere-clignotante-verre-droite-avant-autobianchi-a112-blanc","status":"publish","type":"product","link":"https:\/\/turijnmagazijn.nl\/fr\/produit\/lumiere-clignotante-verre-droite-avant-autobianchi-a112-blanc\/","title":{"rendered":"Vitre clignotante \u00e0 l\u2019avant droit Autobianchi A112 blanc"},"content":{"rendered":"<p>Nouveau verre blanc \u00e0 coulisses Droit pour Autobianchi A112. Concerne une unit\u00e9 de la marque ALTISSIMO. Sans les vis. Pi\u00e8ce d\u2019origine de l\u2019ancien stock du concessionnaire. Dans son emballage d\u2019origine, et est \u00e0 l\u2019\u00e9tat neuf. OEM Lancia 7534470<\/p>\n","protected":false},"excerpt":{"rendered":"<p>7534470 Nouveau verre blanc \u00e0 clignotement \u00e0 droite pour Autobianchi A112. Concerne une unit\u00e9 de la marque ALTISSIMO. Sans les vis. Pi\u00e8ce d\u2019origine de l\u2019ancien stock du concessionnaire. En version originale<\/p>\n","protected":false},"featured_media":74371,"comment_status":"open","ping_status":"closed","template":"","meta":{"_acf_changed":false},"product_brand":[],"product_cat":[1675],"product_tag":[],"class_list":{"0":"post-71386","1":"product","2":"type-product","3":"status-publish","4":"has-post-thumbnail","6":"product_cat-a112-112-fr","7":"pa_soort-onderdeel-eclairage","9":"first","10":"instock","11":"shipping-taxable","12":"purchasable","13":"product-type-simple"},"acf":[],"yoast_head":"<!-- This site is optimized with the Yoast SEO plugin v27.3 - https:\/\/yoast.com\/product\/yoast-seo-wordpress\/ -->\n<title>Vitre clignotante \u00e0 l\u2019avant droit Autobianchi A112 blanc - Turijnmagazijn<\/title>\n<meta name=\"robots\" content=\"index, follow, max-snippet:-1, max-image-preview:large, max-video-preview:-1\" \/>\n<link rel=\"canonical\" href=\"https:\/\/turijnmagazijn.nl\/fr\/produit\/lumiere-clignotante-verre-droite-avant-autobianchi-a112-blanc\/\" \/>\n<meta property=\"og:locale\" content=\"fr_FR\" \/>\n<meta property=\"og:type\" content=\"article\" \/>\n<meta property=\"og:title\" content=\"Vitre clignotante \u00e0 l\u2019avant droit Autobianchi A112 blanc - Turijnmagazijn\" \/>\n<meta property=\"og:description\" content=\"7534470 Nouveau verre blanc \u00e0 clignotement \u00e0 droite pour Autobianchi A112. Concerne une unit\u00e9 de la marque ALTISSIMO. Sans les vis. Pi\u00e8ce d\u2019origine de l\u2019ancien stock du concessionnaire. En version originale\" \/>\n<meta property=\"og:url\" content=\"https:\/\/turijnmagazijn.nl\/fr\/produit\/lumiere-clignotante-verre-droite-avant-autobianchi-a112-blanc\/\" \/>\n<meta property=\"og:site_name\" content=\"Turijnmagazijn\" \/>\n<meta property=\"article:publisher\" content=\"https:\/\/www.facebook.com\/turijnmagazijn\" \/>\n<meta property=\"article:modified_time\" content=\"2024-03-15T17:21:48+00:00\" \/>\n<meta property=\"og:image\" content=\"https:\/\/turijnmagazijn.nl\/wp-content\/uploads\/2023\/10\/DS0108965-Knipperlichtglas-rechts-voorzijde-Autobianchi-A112-wit-7534470-2.jpg\" \/>\n\t<meta property=\"og:image:width\" content=\"1024\" \/>\n\t<meta property=\"og:image:height\" content=\"768\" \/>\n\t<meta property=\"og:image:type\" content=\"image\/jpeg\" \/>\n<meta name=\"twitter:card\" content=\"summary_large_image\" \/>\n<script type=\"application\/ld+json\" class=\"yoast-schema-graph\">{\"@context\":\"https:\\\/\\\/schema.org\",\"@graph\":[{\"@type\":\"WebPage\",\"@id\":\"https:\\\/\\\/turijnmagazijn.nl\\\/fr\\\/produit\\\/lumiere-clignotante-verre-droite-avant-autobianchi-a112-blanc\\\/\",\"url\":\"https:\\\/\\\/turijnmagazijn.nl\\\/fr\\\/produit\\\/lumiere-clignotante-verre-droite-avant-autobianchi-a112-blanc\\\/\",\"name\":\"Vitre clignotante \u00e0 l\u2019avant droit Autobianchi A112 blanc - Turijnmagazijn\",\"isPartOf\":{\"@id\":\"https:\\\/\\\/turijnmagazijn.jumpstone-dev.nl\\\/#website\"},\"primaryImageOfPage\":{\"@id\":\"https:\\\/\\\/turijnmagazijn.nl\\\/fr\\\/produit\\\/lumiere-clignotante-verre-droite-avant-autobianchi-a112-blanc\\\/#primaryimage\"},\"image\":{\"@id\":\"https:\\\/\\\/turijnmagazijn.nl\\\/fr\\\/produit\\\/lumiere-clignotante-verre-droite-avant-autobianchi-a112-blanc\\\/#primaryimage\"},\"thumbnailUrl\":\"https:\\\/\\\/turijnmagazijn.nl\\\/wp-content\\\/uploads\\\/2023\\\/10\\\/DS0108965-Knipperlichtglas-rechts-voorzijde-Autobianchi-A112-wit-7534470-2.jpg\",\"datePublished\":\"2023-08-26T15:29:51+00:00\",\"dateModified\":\"2024-03-15T17:21:48+00:00\",\"breadcrumb\":{\"@id\":\"https:\\\/\\\/turijnmagazijn.nl\\\/fr\\\/produit\\\/lumiere-clignotante-verre-droite-avant-autobianchi-a112-blanc\\\/#breadcrumb\"},\"inLanguage\":\"fr-FR\",\"potentialAction\":[{\"@type\":\"ReadAction\",\"target\":[\"https:\\\/\\\/turijnmagazijn.nl\\\/fr\\\/produit\\\/lumiere-clignotante-verre-droite-avant-autobianchi-a112-blanc\\\/\"]}]},{\"@type\":\"ImageObject\",\"inLanguage\":\"fr-FR\",\"@id\":\"https:\\\/\\\/turijnmagazijn.nl\\\/fr\\\/produit\\\/lumiere-clignotante-verre-droite-avant-autobianchi-a112-blanc\\\/#primaryimage\",\"url\":\"https:\\\/\\\/turijnmagazijn.nl\\\/wp-content\\\/uploads\\\/2023\\\/10\\\/DS0108965-Knipperlichtglas-rechts-voorzijde-Autobianchi-A112-wit-7534470-2.jpg\",\"contentUrl\":\"https:\\\/\\\/turijnmagazijn.nl\\\/wp-content\\\/uploads\\\/2023\\\/10\\\/DS0108965-Knipperlichtglas-rechts-voorzijde-Autobianchi-A112-wit-7534470-2.jpg\",\"width\":1024,\"height\":768},{\"@type\":\"BreadcrumbList\",\"@id\":\"https:\\\/\\\/turijnmagazijn.nl\\\/fr\\\/produit\\\/lumiere-clignotante-verre-droite-avant-autobianchi-a112-blanc\\\/#breadcrumb\",\"itemListElement\":[{\"@type\":\"ListItem\",\"position\":1,\"name\":\"Home\",\"item\":\"https:\\\/\\\/turijnmagazijn.nl\\\/fr\\\/\"},{\"@type\":\"ListItem\",\"position\":2,\"name\":\"Produits\",\"item\":\"https:\\\/\\\/turijnmagazijn.nl\\\/fr\\\/shop\\\/\"},{\"@type\":\"ListItem\",\"position\":3,\"name\":\"Vitre clignotante \u00e0 l\u2019avant droit Autobianchi A112 blanc\"}]},{\"@type\":\"WebSite\",\"@id\":\"https:\\\/\\\/turijnmagazijn.jumpstone-dev.nl\\\/#website\",\"url\":\"https:\\\/\\\/turijnmagazijn.jumpstone-dev.nl\\\/\",\"name\":\"Turijnmagazijn\",\"description\":\"Onderdelen nieuw en gebruikt - Fiat &amp; Lancia\",\"publisher\":{\"@id\":\"https:\\\/\\\/turijnmagazijn.jumpstone-dev.nl\\\/#organization\"},\"potentialAction\":[{\"@type\":\"SearchAction\",\"target\":{\"@type\":\"EntryPoint\",\"urlTemplate\":\"https:\\\/\\\/turijnmagazijn.jumpstone-dev.nl\\\/?s={search_term_string}\"},\"query-input\":{\"@type\":\"PropertyValueSpecification\",\"valueRequired\":true,\"valueName\":\"search_term_string\"}}],\"inLanguage\":\"fr-FR\"},{\"@type\":\"Organization\",\"@id\":\"https:\\\/\\\/turijnmagazijn.jumpstone-dev.nl\\\/#organization\",\"name\":\"Turijnmagazijn\",\"url\":\"https:\\\/\\\/turijnmagazijn.jumpstone-dev.nl\\\/\",\"logo\":{\"@type\":\"ImageObject\",\"inLanguage\":\"fr-FR\",\"@id\":\"https:\\\/\\\/turijnmagazijn.jumpstone-dev.nl\\\/#\\\/schema\\\/logo\\\/image\\\/\",\"url\":\"https:\\\/\\\/turijnmagazijn.nl\\\/wp-content\\\/uploads\\\/2021\\\/02\\\/turijnmagazijnlogo.png\",\"contentUrl\":\"https:\\\/\\\/turijnmagazijn.nl\\\/wp-content\\\/uploads\\\/2021\\\/02\\\/turijnmagazijnlogo.png\",\"width\":555,\"height\":270,\"caption\":\"Turijnmagazijn\"},\"image\":{\"@id\":\"https:\\\/\\\/turijnmagazijn.jumpstone-dev.nl\\\/#\\\/schema\\\/logo\\\/image\\\/\"},\"sameAs\":[\"https:\\\/\\\/www.facebook.com\\\/turijnmagazijn\"]}]}<\/script>\n<!-- \/ Yoast SEO plugin. -->","yoast_head_json":{"title":"Vitre clignotante \u00e0 l\u2019avant droit Autobianchi A112 blanc - Turijnmagazijn","robots":{"index":"index","follow":"follow","max-snippet":"max-snippet:-1","max-image-preview":"max-image-preview:large","max-video-preview":"max-video-preview:-1"},"canonical":"https:\/\/turijnmagazijn.nl\/fr\/produit\/lumiere-clignotante-verre-droite-avant-autobianchi-a112-blanc\/","og_locale":"fr_FR","og_type":"article","og_title":"Vitre clignotante \u00e0 l\u2019avant droit Autobianchi A112 blanc - Turijnmagazijn","og_description":"7534470 Nouveau verre blanc \u00e0 clignotement \u00e0 droite pour Autobianchi A112. Concerne une unit\u00e9 de la marque ALTISSIMO. Sans les vis. Pi\u00e8ce d\u2019origine de l\u2019ancien stock du concessionnaire. En version originale","og_url":"https:\/\/turijnmagazijn.nl\/fr\/produit\/lumiere-clignotante-verre-droite-avant-autobianchi-a112-blanc\/","og_site_name":"Turijnmagazijn","article_publisher":"https:\/\/www.facebook.com\/turijnmagazijn","article_modified_time":"2024-03-15T17:21:48+00:00","og_image":[{"width":1024,"height":768,"url":"https:\/\/turijnmagazijn.nl\/wp-content\/uploads\/2023\/10\/DS0108965-Knipperlichtglas-rechts-voorzijde-Autobianchi-A112-wit-7534470-2.jpg","type":"image\/jpeg"}],"twitter_card":"summary_large_image","schema":{"@context":"https:\/\/schema.org","@graph":[{"@type":"WebPage","@id":"https:\/\/turijnmagazijn.nl\/fr\/produit\/lumiere-clignotante-verre-droite-avant-autobianchi-a112-blanc\/","url":"https:\/\/turijnmagazijn.nl\/fr\/produit\/lumiere-clignotante-verre-droite-avant-autobianchi-a112-blanc\/","name":"Vitre clignotante \u00e0 l\u2019avant droit Autobianchi A112 blanc - Turijnmagazijn","isPartOf":{"@id":"https:\/\/turijnmagazijn.jumpstone-dev.nl\/#website"},"primaryImageOfPage":{"@id":"https:\/\/turijnmagazijn.nl\/fr\/produit\/lumiere-clignotante-verre-droite-avant-autobianchi-a112-blanc\/#primaryimage"},"image":{"@id":"https:\/\/turijnmagazijn.nl\/fr\/produit\/lumiere-clignotante-verre-droite-avant-autobianchi-a112-blanc\/#primaryimage"},"thumbnailUrl":"https:\/\/turijnmagazijn.nl\/wp-content\/uploads\/2023\/10\/DS0108965-Knipperlichtglas-rechts-voorzijde-Autobianchi-A112-wit-7534470-2.jpg","datePublished":"2023-08-26T15:29:51+00:00","dateModified":"2024-03-15T17:21:48+00:00","breadcrumb":{"@id":"https:\/\/turijnmagazijn.nl\/fr\/produit\/lumiere-clignotante-verre-droite-avant-autobianchi-a112-blanc\/#breadcrumb"},"inLanguage":"fr-FR","potentialAction":[{"@type":"ReadAction","target":["https:\/\/turijnmagazijn.nl\/fr\/produit\/lumiere-clignotante-verre-droite-avant-autobianchi-a112-blanc\/"]}]},{"@type":"ImageObject","inLanguage":"fr-FR","@id":"https:\/\/turijnmagazijn.nl\/fr\/produit\/lumiere-clignotante-verre-droite-avant-autobianchi-a112-blanc\/#primaryimage","url":"https:\/\/turijnmagazijn.nl\/wp-content\/uploads\/2023\/10\/DS0108965-Knipperlichtglas-rechts-voorzijde-Autobianchi-A112-wit-7534470-2.jpg","contentUrl":"https:\/\/turijnmagazijn.nl\/wp-content\/uploads\/2023\/10\/DS0108965-Knipperlichtglas-rechts-voorzijde-Autobianchi-A112-wit-7534470-2.jpg","width":1024,"height":768},{"@type":"BreadcrumbList","@id":"https:\/\/turijnmagazijn.nl\/fr\/produit\/lumiere-clignotante-verre-droite-avant-autobianchi-a112-blanc\/#breadcrumb","itemListElement":[{"@type":"ListItem","position":1,"name":"Home","item":"https:\/\/turijnmagazijn.nl\/fr\/"},{"@type":"ListItem","position":2,"name":"Produits","item":"https:\/\/turijnmagazijn.nl\/fr\/shop\/"},{"@type":"ListItem","position":3,"name":"Vitre clignotante \u00e0 l\u2019avant droit Autobianchi A112 blanc"}]},{"@type":"WebSite","@id":"https:\/\/turijnmagazijn.jumpstone-dev.nl\/#website","url":"https:\/\/turijnmagazijn.jumpstone-dev.nl\/","name":"Turijnmagazijn","description":"Onderdelen nieuw en gebruikt - Fiat &amp; Lancia","publisher":{"@id":"https:\/\/turijnmagazijn.jumpstone-dev.nl\/#organization"},"potentialAction":[{"@type":"SearchAction","target":{"@type":"EntryPoint","urlTemplate":"https:\/\/turijnmagazijn.jumpstone-dev.nl\/?s={search_term_string}"},"query-input":{"@type":"PropertyValueSpecification","valueRequired":true,"valueName":"search_term_string"}}],"inLanguage":"fr-FR"},{"@type":"Organization","@id":"https:\/\/turijnmagazijn.jumpstone-dev.nl\/#organization","name":"Turijnmagazijn","url":"https:\/\/turijnmagazijn.jumpstone-dev.nl\/","logo":{"@type":"ImageObject","inLanguage":"fr-FR","@id":"https:\/\/turijnmagazijn.jumpstone-dev.nl\/#\/schema\/logo\/image\/","url":"https:\/\/turijnmagazijn.nl\/wp-content\/uploads\/2021\/02\/turijnmagazijnlogo.png","contentUrl":"https:\/\/turijnmagazijn.nl\/wp-content\/uploads\/2021\/02\/turijnmagazijnlogo.png","width":555,"height":270,"caption":"Turijnmagazijn"},"image":{"@id":"https:\/\/turijnmagazijn.jumpstone-dev.nl\/#\/schema\/logo\/image\/"},"sameAs":["https:\/\/www.facebook.com\/turijnmagazijn"]}]}},"_links":{"self":[{"href":"https:\/\/turijnmagazijn.nl\/fr\/wp-json\/wp\/v2\/product\/71386","targetHints":{"allow":["GET"]}}],"collection":[{"href":"https:\/\/turijnmagazijn.nl\/fr\/wp-json\/wp\/v2\/product"}],"about":[{"href":"https:\/\/turijnmagazijn.nl\/fr\/wp-json\/wp\/v2\/types\/product"}],"replies":[{"embeddable":true,"href":"https:\/\/turijnmagazijn.nl\/fr\/wp-json\/wp\/v2\/comments?post=71386"}],"wp:featuredmedia":[{"embeddable":true,"href":"https:\/\/turijnmagazijn.nl\/fr\/wp-json\/wp\/v2\/media\/74371"}],"wp:attachment":[{"href":"https:\/\/turijnmagazijn.nl\/fr\/wp-json\/wp\/v2\/media?parent=71386"}],"wp:term":[{"taxonomy":"product_brand","embeddable":true,"href":"https:\/\/turijnmagazijn.nl\/fr\/wp-json\/wp\/v2\/product_brand?post=71386"},{"taxonomy":"product_cat","embeddable":true,"href":"https:\/\/turijnmagazijn.nl\/fr\/wp-json\/wp\/v2\/product_cat?post=71386"},{"taxonomy":"product_tag","embeddable":true,"href":"https:\/\/turijnmagazijn.nl\/fr\/wp-json\/wp\/v2\/product_tag?post=71386"}],"curies":[{"name":"wp","href":"https:\/\/api.w.org\/{rel}","templated":true}]}}