{"id":71417,"date":"2023-08-26T17:31:11","date_gmt":"2023-08-26T15:31:11","guid":{"rendered":"https:\/\/turijnmagazijn.nl\/product\/eclairage-interieur-central-plafond-sans-telecommande-lancia-kappa\/"},"modified":"2024-04-28T19:36:50","modified_gmt":"2024-04-28T17:36:50","slug":"eclairage-interieur-unite-centrale-plafond-sans-distance-lancia-kappa","status":"publish","type":"product","link":"https:\/\/turijnmagazijn.nl\/fr\/produit\/eclairage-interieur-unite-centrale-plafond-sans-distance-lancia-kappa\/","title":{"rendered":"\u00c9clairage int\u00e9rieur central plafond sans t\u00e9l\u00e9commande Lancia Kappa"},"content":{"rendered":"<p>\u00c9clairage int\u00e9rieur de plafonnier utilis\u00e9 pour montage dans le ciel de Lancia Kappa. D\u2019une berline construite en 1995. Le plafonnier fonctionne bien et est \u00e9quip\u00e9 de toutes les lumi\u00e8res. Non \u00e9quip\u00e9 d\u2019un capteur optique pour l\u2019alarme, donc applicable uniquement \u00e0 une voiture sans verrouillage de porte central avec t\u00e9l\u00e9commande et sans syst\u00e8me d\u2019alarme d\u2019usine. Le plafonnier a une connexion \u00e0 trois broches. Cette unit\u00e9 est dans un \u00e9tat soign\u00e9. Inscriptions sur l\u2019unit\u00e9: 1133397 num\u00e9ro OEM Lancia 177253161<\/p>\n","protected":false},"excerpt":{"rendered":"<p>177253161 \u00c9clairage int\u00e9rieur de plafonnier utilis\u00e9 pour montage dans le ciel par Lancia Kappa. D\u2019une berline construite en 1995. Le plafonnier fonctionne bien et est \u00e9quip\u00e9 de tous les tiroirs<\/p>\n","protected":false},"featured_media":71994,"comment_status":"open","ping_status":"closed","template":"","meta":{"_acf_changed":false},"product_brand":[],"product_cat":[1862,1865,1860,1870],"product_tag":[],"class_list":{"0":"post-71417","1":"product","2":"type-product","3":"status-publish","4":"has-post-thumbnail","6":"product_cat-berlina-fr","7":"product_cat-coupe-fr","8":"product_cat-kappa-838-fr","9":"product_cat-sw-fr","10":"pa_soort-onderdeel-eclairage","12":"first","13":"instock","14":"shipping-taxable","15":"purchasable","16":"product-type-simple"},"acf":[],"yoast_head":"<!-- This site is optimized with the Yoast SEO plugin v27.2 - https:\/\/yoast.com\/product\/yoast-seo-wordpress\/ -->\n<title>\u00c9clairage int\u00e9rieur central plafond sans t\u00e9l\u00e9commande Lancia Kappa - Turijnmagazijn<\/title>\n<meta name=\"robots\" content=\"index, follow, max-snippet:-1, max-image-preview:large, max-video-preview:-1\" \/>\n<link rel=\"canonical\" href=\"https:\/\/turijnmagazijn.nl\/fr\/produit\/eclairage-interieur-unite-centrale-plafond-sans-distance-lancia-kappa\/\" \/>\n<meta property=\"og:locale\" content=\"fr_FR\" \/>\n<meta property=\"og:type\" content=\"article\" \/>\n<meta property=\"og:title\" content=\"\u00c9clairage int\u00e9rieur central plafond sans t\u00e9l\u00e9commande Lancia Kappa - Turijnmagazijn\" \/>\n<meta property=\"og:description\" content=\"177253161 \u00c9clairage int\u00e9rieur de plafonnier utilis\u00e9 pour montage dans le ciel par Lancia Kappa. D\u2019une berline construite en 1995. Le plafonnier fonctionne bien et est \u00e9quip\u00e9 de tous les tiroirs\" \/>\n<meta property=\"og:url\" content=\"https:\/\/turijnmagazijn.nl\/fr\/produit\/eclairage-interieur-unite-centrale-plafond-sans-distance-lancia-kappa\/\" \/>\n<meta property=\"og:site_name\" content=\"Turijnmagazijn\" \/>\n<meta property=\"article:publisher\" content=\"https:\/\/www.facebook.com\/turijnmagazijn\" \/>\n<meta property=\"article:modified_time\" content=\"2024-04-28T17:36:50+00:00\" \/>\n<meta property=\"og:image\" content=\"https:\/\/turijnmagazijn.nl\/wp-content\/uploads\/2023\/08\/DK0102645-Interieurverlichting-centrale-unit-plafond-zonder-afstandbediening-Lancia-Kappa-177253161-3.jpg\" \/>\n\t<meta property=\"og:image:width\" content=\"1024\" \/>\n\t<meta property=\"og:image:height\" content=\"768\" \/>\n\t<meta property=\"og:image:type\" content=\"image\/jpeg\" \/>\n<meta name=\"twitter:card\" content=\"summary_large_image\" \/>\n<script type=\"application\/ld+json\" class=\"yoast-schema-graph\">{\"@context\":\"https:\/\/schema.org\",\"@graph\":[{\"@type\":\"WebPage\",\"@id\":\"https:\/\/turijnmagazijn.nl\/fr\/produit\/eclairage-interieur-unite-centrale-plafond-sans-distance-lancia-kappa\/\",\"url\":\"https:\/\/turijnmagazijn.nl\/fr\/produit\/eclairage-interieur-unite-centrale-plafond-sans-distance-lancia-kappa\/\",\"name\":\"\u00c9clairage int\u00e9rieur central plafond sans t\u00e9l\u00e9commande Lancia Kappa - Turijnmagazijn\",\"isPartOf\":{\"@id\":\"https:\/\/turijnmagazijn.jumpstone-dev.nl\/#website\"},\"primaryImageOfPage\":{\"@id\":\"https:\/\/turijnmagazijn.nl\/fr\/produit\/eclairage-interieur-unite-centrale-plafond-sans-distance-lancia-kappa\/#primaryimage\"},\"image\":{\"@id\":\"https:\/\/turijnmagazijn.nl\/fr\/produit\/eclairage-interieur-unite-centrale-plafond-sans-distance-lancia-kappa\/#primaryimage\"},\"thumbnailUrl\":\"https:\/\/turijnmagazijn.nl\/wp-content\/uploads\/2023\/08\/DK0102645-Interieurverlichting-centrale-unit-plafond-zonder-afstandbediening-Lancia-Kappa-177253161-3.jpg\",\"datePublished\":\"2023-08-26T15:31:11+00:00\",\"dateModified\":\"2024-04-28T17:36:50+00:00\",\"breadcrumb\":{\"@id\":\"https:\/\/turijnmagazijn.nl\/fr\/produit\/eclairage-interieur-unite-centrale-plafond-sans-distance-lancia-kappa\/#breadcrumb\"},\"inLanguage\":\"fr-FR\",\"potentialAction\":[{\"@type\":\"ReadAction\",\"target\":[\"https:\/\/turijnmagazijn.nl\/fr\/produit\/eclairage-interieur-unite-centrale-plafond-sans-distance-lancia-kappa\/\"]}]},{\"@type\":\"ImageObject\",\"inLanguage\":\"fr-FR\",\"@id\":\"https:\/\/turijnmagazijn.nl\/fr\/produit\/eclairage-interieur-unite-centrale-plafond-sans-distance-lancia-kappa\/#primaryimage\",\"url\":\"https:\/\/turijnmagazijn.nl\/wp-content\/uploads\/2023\/08\/DK0102645-Interieurverlichting-centrale-unit-plafond-zonder-afstandbediening-Lancia-Kappa-177253161-3.jpg\",\"contentUrl\":\"https:\/\/turijnmagazijn.nl\/wp-content\/uploads\/2023\/08\/DK0102645-Interieurverlichting-centrale-unit-plafond-zonder-afstandbediening-Lancia-Kappa-177253161-3.jpg\",\"width\":1024,\"height\":768},{\"@type\":\"BreadcrumbList\",\"@id\":\"https:\/\/turijnmagazijn.nl\/fr\/produit\/eclairage-interieur-unite-centrale-plafond-sans-distance-lancia-kappa\/#breadcrumb\",\"itemListElement\":[{\"@type\":\"ListItem\",\"position\":1,\"name\":\"Home\",\"item\":\"https:\/\/turijnmagazijn.jumpstone-dev.nl\/\"},{\"@type\":\"ListItem\",\"position\":2,\"name\":\"Produits\",\"item\":\"https:\/\/turijnmagazijn.nl\/fr\/shop\/\"},{\"@type\":\"ListItem\",\"position\":3,\"name\":\"\u00c9clairage int\u00e9rieur central plafond sans t\u00e9l\u00e9commande Lancia Kappa\"}]},{\"@type\":\"WebSite\",\"@id\":\"https:\/\/turijnmagazijn.jumpstone-dev.nl\/#website\",\"url\":\"https:\/\/turijnmagazijn.jumpstone-dev.nl\/\",\"name\":\"Turijnmagazijn\",\"description\":\"Onderdelen nieuw en gebruikt - Fiat &amp; Lancia\",\"publisher\":{\"@id\":\"https:\/\/turijnmagazijn.jumpstone-dev.nl\/#organization\"},\"potentialAction\":[{\"@type\":\"SearchAction\",\"target\":{\"@type\":\"EntryPoint\",\"urlTemplate\":\"https:\/\/turijnmagazijn.jumpstone-dev.nl\/?s={search_term_string}\"},\"query-input\":{\"@type\":\"PropertyValueSpecification\",\"valueRequired\":true,\"valueName\":\"search_term_string\"}}],\"inLanguage\":\"fr-FR\"},{\"@type\":\"Organization\",\"@id\":\"https:\/\/turijnmagazijn.jumpstone-dev.nl\/#organization\",\"name\":\"Turijnmagazijn\",\"url\":\"https:\/\/turijnmagazijn.jumpstone-dev.nl\/\",\"logo\":{\"@type\":\"ImageObject\",\"inLanguage\":\"fr-FR\",\"@id\":\"https:\/\/turijnmagazijn.jumpstone-dev.nl\/#\/schema\/logo\/image\/\",\"url\":\"https:\/\/turijnmagazijn.nl\/wp-content\/uploads\/2021\/02\/turijnmagazijnlogo.png\",\"contentUrl\":\"https:\/\/turijnmagazijn.nl\/wp-content\/uploads\/2021\/02\/turijnmagazijnlogo.png\",\"width\":555,\"height\":270,\"caption\":\"Turijnmagazijn\"},\"image\":{\"@id\":\"https:\/\/turijnmagazijn.jumpstone-dev.nl\/#\/schema\/logo\/image\/\"},\"sameAs\":[\"https:\/\/www.facebook.com\/turijnmagazijn\"]}]}<\/script>\n<!-- \/ Yoast SEO plugin. -->","yoast_head_json":{"title":"\u00c9clairage int\u00e9rieur central plafond sans t\u00e9l\u00e9commande Lancia Kappa - Turijnmagazijn","robots":{"index":"index","follow":"follow","max-snippet":"max-snippet:-1","max-image-preview":"max-image-preview:large","max-video-preview":"max-video-preview:-1"},"canonical":"https:\/\/turijnmagazijn.nl\/fr\/produit\/eclairage-interieur-unite-centrale-plafond-sans-distance-lancia-kappa\/","og_locale":"fr_FR","og_type":"article","og_title":"\u00c9clairage int\u00e9rieur central plafond sans t\u00e9l\u00e9commande Lancia Kappa - Turijnmagazijn","og_description":"177253161 \u00c9clairage int\u00e9rieur de plafonnier utilis\u00e9 pour montage dans le ciel par Lancia Kappa. D\u2019une berline construite en 1995. Le plafonnier fonctionne bien et est \u00e9quip\u00e9 de tous les tiroirs","og_url":"https:\/\/turijnmagazijn.nl\/fr\/produit\/eclairage-interieur-unite-centrale-plafond-sans-distance-lancia-kappa\/","og_site_name":"Turijnmagazijn","article_publisher":"https:\/\/www.facebook.com\/turijnmagazijn","article_modified_time":"2024-04-28T17:36:50+00:00","og_image":[{"width":1024,"height":768,"url":"https:\/\/turijnmagazijn.nl\/wp-content\/uploads\/2023\/08\/DK0102645-Interieurverlichting-centrale-unit-plafond-zonder-afstandbediening-Lancia-Kappa-177253161-3.jpg","type":"image\/jpeg"}],"twitter_card":"summary_large_image","schema":{"@context":"https:\/\/schema.org","@graph":[{"@type":"WebPage","@id":"https:\/\/turijnmagazijn.nl\/fr\/produit\/eclairage-interieur-unite-centrale-plafond-sans-distance-lancia-kappa\/","url":"https:\/\/turijnmagazijn.nl\/fr\/produit\/eclairage-interieur-unite-centrale-plafond-sans-distance-lancia-kappa\/","name":"\u00c9clairage int\u00e9rieur central plafond sans t\u00e9l\u00e9commande Lancia Kappa - Turijnmagazijn","isPartOf":{"@id":"https:\/\/turijnmagazijn.jumpstone-dev.nl\/#website"},"primaryImageOfPage":{"@id":"https:\/\/turijnmagazijn.nl\/fr\/produit\/eclairage-interieur-unite-centrale-plafond-sans-distance-lancia-kappa\/#primaryimage"},"image":{"@id":"https:\/\/turijnmagazijn.nl\/fr\/produit\/eclairage-interieur-unite-centrale-plafond-sans-distance-lancia-kappa\/#primaryimage"},"thumbnailUrl":"https:\/\/turijnmagazijn.nl\/wp-content\/uploads\/2023\/08\/DK0102645-Interieurverlichting-centrale-unit-plafond-zonder-afstandbediening-Lancia-Kappa-177253161-3.jpg","datePublished":"2023-08-26T15:31:11+00:00","dateModified":"2024-04-28T17:36:50+00:00","breadcrumb":{"@id":"https:\/\/turijnmagazijn.nl\/fr\/produit\/eclairage-interieur-unite-centrale-plafond-sans-distance-lancia-kappa\/#breadcrumb"},"inLanguage":"fr-FR","potentialAction":[{"@type":"ReadAction","target":["https:\/\/turijnmagazijn.nl\/fr\/produit\/eclairage-interieur-unite-centrale-plafond-sans-distance-lancia-kappa\/"]}]},{"@type":"ImageObject","inLanguage":"fr-FR","@id":"https:\/\/turijnmagazijn.nl\/fr\/produit\/eclairage-interieur-unite-centrale-plafond-sans-distance-lancia-kappa\/#primaryimage","url":"https:\/\/turijnmagazijn.nl\/wp-content\/uploads\/2023\/08\/DK0102645-Interieurverlichting-centrale-unit-plafond-zonder-afstandbediening-Lancia-Kappa-177253161-3.jpg","contentUrl":"https:\/\/turijnmagazijn.nl\/wp-content\/uploads\/2023\/08\/DK0102645-Interieurverlichting-centrale-unit-plafond-zonder-afstandbediening-Lancia-Kappa-177253161-3.jpg","width":1024,"height":768},{"@type":"BreadcrumbList","@id":"https:\/\/turijnmagazijn.nl\/fr\/produit\/eclairage-interieur-unite-centrale-plafond-sans-distance-lancia-kappa\/#breadcrumb","itemListElement":[{"@type":"ListItem","position":1,"name":"Home","item":"https:\/\/turijnmagazijn.jumpstone-dev.nl\/"},{"@type":"ListItem","position":2,"name":"Produits","item":"https:\/\/turijnmagazijn.nl\/fr\/shop\/"},{"@type":"ListItem","position":3,"name":"\u00c9clairage int\u00e9rieur central plafond sans t\u00e9l\u00e9commande Lancia Kappa"}]},{"@type":"WebSite","@id":"https:\/\/turijnmagazijn.jumpstone-dev.nl\/#website","url":"https:\/\/turijnmagazijn.jumpstone-dev.nl\/","name":"Turijnmagazijn","description":"Onderdelen nieuw en gebruikt - Fiat &amp; Lancia","publisher":{"@id":"https:\/\/turijnmagazijn.jumpstone-dev.nl\/#organization"},"potentialAction":[{"@type":"SearchAction","target":{"@type":"EntryPoint","urlTemplate":"https:\/\/turijnmagazijn.jumpstone-dev.nl\/?s={search_term_string}"},"query-input":{"@type":"PropertyValueSpecification","valueRequired":true,"valueName":"search_term_string"}}],"inLanguage":"fr-FR"},{"@type":"Organization","@id":"https:\/\/turijnmagazijn.jumpstone-dev.nl\/#organization","name":"Turijnmagazijn","url":"https:\/\/turijnmagazijn.jumpstone-dev.nl\/","logo":{"@type":"ImageObject","inLanguage":"fr-FR","@id":"https:\/\/turijnmagazijn.jumpstone-dev.nl\/#\/schema\/logo\/image\/","url":"https:\/\/turijnmagazijn.nl\/wp-content\/uploads\/2021\/02\/turijnmagazijnlogo.png","contentUrl":"https:\/\/turijnmagazijn.nl\/wp-content\/uploads\/2021\/02\/turijnmagazijnlogo.png","width":555,"height":270,"caption":"Turijnmagazijn"},"image":{"@id":"https:\/\/turijnmagazijn.jumpstone-dev.nl\/#\/schema\/logo\/image\/"},"sameAs":["https:\/\/www.facebook.com\/turijnmagazijn"]}]}},"_links":{"self":[{"href":"https:\/\/turijnmagazijn.nl\/fr\/wp-json\/wp\/v2\/product\/71417","targetHints":{"allow":["GET"]}}],"collection":[{"href":"https:\/\/turijnmagazijn.nl\/fr\/wp-json\/wp\/v2\/product"}],"about":[{"href":"https:\/\/turijnmagazijn.nl\/fr\/wp-json\/wp\/v2\/types\/product"}],"replies":[{"embeddable":true,"href":"https:\/\/turijnmagazijn.nl\/fr\/wp-json\/wp\/v2\/comments?post=71417"}],"wp:featuredmedia":[{"embeddable":true,"href":"https:\/\/turijnmagazijn.nl\/fr\/wp-json\/wp\/v2\/media\/71994"}],"wp:attachment":[{"href":"https:\/\/turijnmagazijn.nl\/fr\/wp-json\/wp\/v2\/media?parent=71417"}],"wp:term":[{"taxonomy":"product_brand","embeddable":true,"href":"https:\/\/turijnmagazijn.nl\/fr\/wp-json\/wp\/v2\/product_brand?post=71417"},{"taxonomy":"product_cat","embeddable":true,"href":"https:\/\/turijnmagazijn.nl\/fr\/wp-json\/wp\/v2\/product_cat?post=71417"},{"taxonomy":"product_tag","embeddable":true,"href":"https:\/\/turijnmagazijn.nl\/fr\/wp-json\/wp\/v2\/product_tag?post=71417"}],"curies":[{"name":"wp","href":"https:\/\/api.w.org\/{rel}","templated":true}]}}