{"id":71428,"date":"2023-08-26T17:31:13","date_gmt":"2023-08-26T15:31:13","guid":{"rendered":"https:\/\/turijnmagazijn.nl\/product\/couvercle-eclairage-interieur-unite-centrale-plafond-sans-telecommande-lancia-kappa\/"},"modified":"2024-04-28T19:37:02","modified_gmt":"2024-04-28T17:37:02","slug":"couvercle-eclairage-interieur-unite-centrale-plafond-sans-telecommande-lancia-kappa","status":"publish","type":"product","link":"https:\/\/turijnmagazijn.nl\/fr\/produit\/couvercle-eclairage-interieur-unite-centrale-plafond-sans-telecommande-lancia-kappa\/","title":{"rendered":"Couvercle \u00c9clairage int\u00e9rieur unit\u00e9 centrale plafond sans t\u00e9l\u00e9commande Lancia Kappa"},"content":{"rendered":"<p>Couvercle utilis\u00e9 pour l\u2019\u00e9clairage int\u00e9rieur du plafonnier pour montage dans le ciel de Lancia Kappa. D\u2019une berline construite en 1995. Le couvercle n\u2019est pas \u00e9quip\u00e9 d\u2019un capteur optique pour l\u2019alarme, il ne peut donc \u00eatre utilis\u00e9 que sur une voiture sans verrouillage central de la porte avec t\u00e9l\u00e9commande et sans syst\u00e8me d\u2019alarme d\u2019usine. Cette unit\u00e9 est dans un \u00e9tat soign\u00e9. Num\u00e9ro OEM Lancia 177253161<\/p>\n","protected":false},"excerpt":{"rendered":"<p>177253161 Couvercle usag\u00e9 pour l\u2019\u00e9clairage int\u00e9rieur du plafonnier pour montage dans le ciel de Lancia Kappa. D\u2019une berline construite en 1995. Le couvercle n\u2019est pas \u00e9quip\u00e9 d\u2019optique<\/p>\n","protected":false},"featured_media":72004,"comment_status":"open","ping_status":"closed","template":"","meta":{"_acf_changed":false},"product_brand":[],"product_cat":[1862,1865,1860,1870],"product_tag":[],"class_list":{"0":"post-71428","1":"product","2":"type-product","3":"status-publish","4":"has-post-thumbnail","6":"product_cat-berlina-fr","7":"product_cat-coupe-fr","8":"product_cat-kappa-838-fr","9":"product_cat-sw-fr","10":"pa_soort-onderdeel-eclairage","12":"first","13":"instock","14":"shipping-taxable","15":"purchasable","16":"product-type-simple"},"acf":[],"yoast_head":"<!-- This site is optimized with the Yoast SEO plugin v27.2 - https:\/\/yoast.com\/product\/yoast-seo-wordpress\/ -->\n<title>Couvercle \u00c9clairage int\u00e9rieur unit\u00e9 centrale plafond sans t\u00e9l\u00e9commande Lancia Kappa - Turijnmagazijn<\/title>\n<meta name=\"robots\" content=\"index, follow, max-snippet:-1, max-image-preview:large, max-video-preview:-1\" \/>\n<link rel=\"canonical\" href=\"https:\/\/turijnmagazijn.nl\/fr\/produit\/couvercle-eclairage-interieur-unite-centrale-plafond-sans-telecommande-lancia-kappa\/\" \/>\n<meta property=\"og:locale\" content=\"fr_FR\" \/>\n<meta property=\"og:type\" content=\"article\" \/>\n<meta property=\"og:title\" content=\"Couvercle \u00c9clairage int\u00e9rieur unit\u00e9 centrale plafond sans t\u00e9l\u00e9commande Lancia Kappa - Turijnmagazijn\" \/>\n<meta property=\"og:description\" content=\"177253161 Couvercle usag\u00e9 pour l\u2019\u00e9clairage int\u00e9rieur du plafonnier pour montage dans le ciel de Lancia Kappa. D\u2019une berline construite en 1995. Le couvercle n\u2019est pas \u00e9quip\u00e9 d\u2019optique\" \/>\n<meta property=\"og:url\" content=\"https:\/\/turijnmagazijn.nl\/fr\/produit\/couvercle-eclairage-interieur-unite-centrale-plafond-sans-telecommande-lancia-kappa\/\" \/>\n<meta property=\"og:site_name\" content=\"Turijnmagazijn\" \/>\n<meta property=\"article:publisher\" content=\"https:\/\/www.facebook.com\/turijnmagazijn\" \/>\n<meta property=\"article:modified_time\" content=\"2024-04-28T17:37:02+00:00\" \/>\n<meta property=\"og:image\" content=\"https:\/\/turijnmagazijn.nl\/wp-content\/uploads\/2023\/08\/DK0102646-Deksel-Interieurverlichting-centrale-unit-plafond-zonder-afstandbediening-Lancia-Kappa-177253161-3.jpg\" \/>\n\t<meta property=\"og:image:width\" content=\"1024\" \/>\n\t<meta property=\"og:image:height\" content=\"768\" \/>\n\t<meta property=\"og:image:type\" content=\"image\/jpeg\" \/>\n<meta name=\"twitter:card\" content=\"summary_large_image\" \/>\n<script type=\"application\/ld+json\" class=\"yoast-schema-graph\">{\"@context\":\"https:\/\/schema.org\",\"@graph\":[{\"@type\":\"WebPage\",\"@id\":\"https:\/\/turijnmagazijn.nl\/fr\/produit\/couvercle-eclairage-interieur-unite-centrale-plafond-sans-telecommande-lancia-kappa\/\",\"url\":\"https:\/\/turijnmagazijn.nl\/fr\/produit\/couvercle-eclairage-interieur-unite-centrale-plafond-sans-telecommande-lancia-kappa\/\",\"name\":\"Couvercle \u00c9clairage int\u00e9rieur unit\u00e9 centrale plafond sans t\u00e9l\u00e9commande Lancia Kappa - Turijnmagazijn\",\"isPartOf\":{\"@id\":\"https:\/\/turijnmagazijn.jumpstone-dev.nl\/#website\"},\"primaryImageOfPage\":{\"@id\":\"https:\/\/turijnmagazijn.nl\/fr\/produit\/couvercle-eclairage-interieur-unite-centrale-plafond-sans-telecommande-lancia-kappa\/#primaryimage\"},\"image\":{\"@id\":\"https:\/\/turijnmagazijn.nl\/fr\/produit\/couvercle-eclairage-interieur-unite-centrale-plafond-sans-telecommande-lancia-kappa\/#primaryimage\"},\"thumbnailUrl\":\"https:\/\/turijnmagazijn.nl\/wp-content\/uploads\/2023\/08\/DK0102646-Deksel-Interieurverlichting-centrale-unit-plafond-zonder-afstandbediening-Lancia-Kappa-177253161-3.jpg\",\"datePublished\":\"2023-08-26T15:31:13+00:00\",\"dateModified\":\"2024-04-28T17:37:02+00:00\",\"breadcrumb\":{\"@id\":\"https:\/\/turijnmagazijn.nl\/fr\/produit\/couvercle-eclairage-interieur-unite-centrale-plafond-sans-telecommande-lancia-kappa\/#breadcrumb\"},\"inLanguage\":\"fr-FR\",\"potentialAction\":[{\"@type\":\"ReadAction\",\"target\":[\"https:\/\/turijnmagazijn.nl\/fr\/produit\/couvercle-eclairage-interieur-unite-centrale-plafond-sans-telecommande-lancia-kappa\/\"]}]},{\"@type\":\"ImageObject\",\"inLanguage\":\"fr-FR\",\"@id\":\"https:\/\/turijnmagazijn.nl\/fr\/produit\/couvercle-eclairage-interieur-unite-centrale-plafond-sans-telecommande-lancia-kappa\/#primaryimage\",\"url\":\"https:\/\/turijnmagazijn.nl\/wp-content\/uploads\/2023\/08\/DK0102646-Deksel-Interieurverlichting-centrale-unit-plafond-zonder-afstandbediening-Lancia-Kappa-177253161-3.jpg\",\"contentUrl\":\"https:\/\/turijnmagazijn.nl\/wp-content\/uploads\/2023\/08\/DK0102646-Deksel-Interieurverlichting-centrale-unit-plafond-zonder-afstandbediening-Lancia-Kappa-177253161-3.jpg\",\"width\":1024,\"height\":768},{\"@type\":\"BreadcrumbList\",\"@id\":\"https:\/\/turijnmagazijn.nl\/fr\/produit\/couvercle-eclairage-interieur-unite-centrale-plafond-sans-telecommande-lancia-kappa\/#breadcrumb\",\"itemListElement\":[{\"@type\":\"ListItem\",\"position\":1,\"name\":\"Home\",\"item\":\"https:\/\/turijnmagazijn.jumpstone-dev.nl\/\"},{\"@type\":\"ListItem\",\"position\":2,\"name\":\"Produits\",\"item\":\"https:\/\/turijnmagazijn.nl\/fr\/shop\/\"},{\"@type\":\"ListItem\",\"position\":3,\"name\":\"Couvercle \u00c9clairage int\u00e9rieur unit\u00e9 centrale plafond sans t\u00e9l\u00e9commande Lancia Kappa\"}]},{\"@type\":\"WebSite\",\"@id\":\"https:\/\/turijnmagazijn.jumpstone-dev.nl\/#website\",\"url\":\"https:\/\/turijnmagazijn.jumpstone-dev.nl\/\",\"name\":\"Turijnmagazijn\",\"description\":\"Onderdelen nieuw en gebruikt - Fiat &amp; Lancia\",\"publisher\":{\"@id\":\"https:\/\/turijnmagazijn.jumpstone-dev.nl\/#organization\"},\"potentialAction\":[{\"@type\":\"SearchAction\",\"target\":{\"@type\":\"EntryPoint\",\"urlTemplate\":\"https:\/\/turijnmagazijn.jumpstone-dev.nl\/?s={search_term_string}\"},\"query-input\":{\"@type\":\"PropertyValueSpecification\",\"valueRequired\":true,\"valueName\":\"search_term_string\"}}],\"inLanguage\":\"fr-FR\"},{\"@type\":\"Organization\",\"@id\":\"https:\/\/turijnmagazijn.jumpstone-dev.nl\/#organization\",\"name\":\"Turijnmagazijn\",\"url\":\"https:\/\/turijnmagazijn.jumpstone-dev.nl\/\",\"logo\":{\"@type\":\"ImageObject\",\"inLanguage\":\"fr-FR\",\"@id\":\"https:\/\/turijnmagazijn.jumpstone-dev.nl\/#\/schema\/logo\/image\/\",\"url\":\"https:\/\/turijnmagazijn.nl\/wp-content\/uploads\/2021\/02\/turijnmagazijnlogo.png\",\"contentUrl\":\"https:\/\/turijnmagazijn.nl\/wp-content\/uploads\/2021\/02\/turijnmagazijnlogo.png\",\"width\":555,\"height\":270,\"caption\":\"Turijnmagazijn\"},\"image\":{\"@id\":\"https:\/\/turijnmagazijn.jumpstone-dev.nl\/#\/schema\/logo\/image\/\"},\"sameAs\":[\"https:\/\/www.facebook.com\/turijnmagazijn\"]}]}<\/script>\n<!-- \/ Yoast SEO plugin. -->","yoast_head_json":{"title":"Couvercle \u00c9clairage int\u00e9rieur unit\u00e9 centrale plafond sans t\u00e9l\u00e9commande Lancia Kappa - Turijnmagazijn","robots":{"index":"index","follow":"follow","max-snippet":"max-snippet:-1","max-image-preview":"max-image-preview:large","max-video-preview":"max-video-preview:-1"},"canonical":"https:\/\/turijnmagazijn.nl\/fr\/produit\/couvercle-eclairage-interieur-unite-centrale-plafond-sans-telecommande-lancia-kappa\/","og_locale":"fr_FR","og_type":"article","og_title":"Couvercle \u00c9clairage int\u00e9rieur unit\u00e9 centrale plafond sans t\u00e9l\u00e9commande Lancia Kappa - Turijnmagazijn","og_description":"177253161 Couvercle usag\u00e9 pour l\u2019\u00e9clairage int\u00e9rieur du plafonnier pour montage dans le ciel de Lancia Kappa. D\u2019une berline construite en 1995. Le couvercle n\u2019est pas \u00e9quip\u00e9 d\u2019optique","og_url":"https:\/\/turijnmagazijn.nl\/fr\/produit\/couvercle-eclairage-interieur-unite-centrale-plafond-sans-telecommande-lancia-kappa\/","og_site_name":"Turijnmagazijn","article_publisher":"https:\/\/www.facebook.com\/turijnmagazijn","article_modified_time":"2024-04-28T17:37:02+00:00","og_image":[{"width":1024,"height":768,"url":"https:\/\/turijnmagazijn.nl\/wp-content\/uploads\/2023\/08\/DK0102646-Deksel-Interieurverlichting-centrale-unit-plafond-zonder-afstandbediening-Lancia-Kappa-177253161-3.jpg","type":"image\/jpeg"}],"twitter_card":"summary_large_image","schema":{"@context":"https:\/\/schema.org","@graph":[{"@type":"WebPage","@id":"https:\/\/turijnmagazijn.nl\/fr\/produit\/couvercle-eclairage-interieur-unite-centrale-plafond-sans-telecommande-lancia-kappa\/","url":"https:\/\/turijnmagazijn.nl\/fr\/produit\/couvercle-eclairage-interieur-unite-centrale-plafond-sans-telecommande-lancia-kappa\/","name":"Couvercle \u00c9clairage int\u00e9rieur unit\u00e9 centrale plafond sans t\u00e9l\u00e9commande Lancia Kappa - Turijnmagazijn","isPartOf":{"@id":"https:\/\/turijnmagazijn.jumpstone-dev.nl\/#website"},"primaryImageOfPage":{"@id":"https:\/\/turijnmagazijn.nl\/fr\/produit\/couvercle-eclairage-interieur-unite-centrale-plafond-sans-telecommande-lancia-kappa\/#primaryimage"},"image":{"@id":"https:\/\/turijnmagazijn.nl\/fr\/produit\/couvercle-eclairage-interieur-unite-centrale-plafond-sans-telecommande-lancia-kappa\/#primaryimage"},"thumbnailUrl":"https:\/\/turijnmagazijn.nl\/wp-content\/uploads\/2023\/08\/DK0102646-Deksel-Interieurverlichting-centrale-unit-plafond-zonder-afstandbediening-Lancia-Kappa-177253161-3.jpg","datePublished":"2023-08-26T15:31:13+00:00","dateModified":"2024-04-28T17:37:02+00:00","breadcrumb":{"@id":"https:\/\/turijnmagazijn.nl\/fr\/produit\/couvercle-eclairage-interieur-unite-centrale-plafond-sans-telecommande-lancia-kappa\/#breadcrumb"},"inLanguage":"fr-FR","potentialAction":[{"@type":"ReadAction","target":["https:\/\/turijnmagazijn.nl\/fr\/produit\/couvercle-eclairage-interieur-unite-centrale-plafond-sans-telecommande-lancia-kappa\/"]}]},{"@type":"ImageObject","inLanguage":"fr-FR","@id":"https:\/\/turijnmagazijn.nl\/fr\/produit\/couvercle-eclairage-interieur-unite-centrale-plafond-sans-telecommande-lancia-kappa\/#primaryimage","url":"https:\/\/turijnmagazijn.nl\/wp-content\/uploads\/2023\/08\/DK0102646-Deksel-Interieurverlichting-centrale-unit-plafond-zonder-afstandbediening-Lancia-Kappa-177253161-3.jpg","contentUrl":"https:\/\/turijnmagazijn.nl\/wp-content\/uploads\/2023\/08\/DK0102646-Deksel-Interieurverlichting-centrale-unit-plafond-zonder-afstandbediening-Lancia-Kappa-177253161-3.jpg","width":1024,"height":768},{"@type":"BreadcrumbList","@id":"https:\/\/turijnmagazijn.nl\/fr\/produit\/couvercle-eclairage-interieur-unite-centrale-plafond-sans-telecommande-lancia-kappa\/#breadcrumb","itemListElement":[{"@type":"ListItem","position":1,"name":"Home","item":"https:\/\/turijnmagazijn.jumpstone-dev.nl\/"},{"@type":"ListItem","position":2,"name":"Produits","item":"https:\/\/turijnmagazijn.nl\/fr\/shop\/"},{"@type":"ListItem","position":3,"name":"Couvercle \u00c9clairage int\u00e9rieur unit\u00e9 centrale plafond sans t\u00e9l\u00e9commande Lancia Kappa"}]},{"@type":"WebSite","@id":"https:\/\/turijnmagazijn.jumpstone-dev.nl\/#website","url":"https:\/\/turijnmagazijn.jumpstone-dev.nl\/","name":"Turijnmagazijn","description":"Onderdelen nieuw en gebruikt - Fiat &amp; Lancia","publisher":{"@id":"https:\/\/turijnmagazijn.jumpstone-dev.nl\/#organization"},"potentialAction":[{"@type":"SearchAction","target":{"@type":"EntryPoint","urlTemplate":"https:\/\/turijnmagazijn.jumpstone-dev.nl\/?s={search_term_string}"},"query-input":{"@type":"PropertyValueSpecification","valueRequired":true,"valueName":"search_term_string"}}],"inLanguage":"fr-FR"},{"@type":"Organization","@id":"https:\/\/turijnmagazijn.jumpstone-dev.nl\/#organization","name":"Turijnmagazijn","url":"https:\/\/turijnmagazijn.jumpstone-dev.nl\/","logo":{"@type":"ImageObject","inLanguage":"fr-FR","@id":"https:\/\/turijnmagazijn.jumpstone-dev.nl\/#\/schema\/logo\/image\/","url":"https:\/\/turijnmagazijn.nl\/wp-content\/uploads\/2021\/02\/turijnmagazijnlogo.png","contentUrl":"https:\/\/turijnmagazijn.nl\/wp-content\/uploads\/2021\/02\/turijnmagazijnlogo.png","width":555,"height":270,"caption":"Turijnmagazijn"},"image":{"@id":"https:\/\/turijnmagazijn.jumpstone-dev.nl\/#\/schema\/logo\/image\/"},"sameAs":["https:\/\/www.facebook.com\/turijnmagazijn"]}]}},"_links":{"self":[{"href":"https:\/\/turijnmagazijn.nl\/fr\/wp-json\/wp\/v2\/product\/71428","targetHints":{"allow":["GET"]}}],"collection":[{"href":"https:\/\/turijnmagazijn.nl\/fr\/wp-json\/wp\/v2\/product"}],"about":[{"href":"https:\/\/turijnmagazijn.nl\/fr\/wp-json\/wp\/v2\/types\/product"}],"replies":[{"embeddable":true,"href":"https:\/\/turijnmagazijn.nl\/fr\/wp-json\/wp\/v2\/comments?post=71428"}],"wp:featuredmedia":[{"embeddable":true,"href":"https:\/\/turijnmagazijn.nl\/fr\/wp-json\/wp\/v2\/media\/72004"}],"wp:attachment":[{"href":"https:\/\/turijnmagazijn.nl\/fr\/wp-json\/wp\/v2\/media?parent=71428"}],"wp:term":[{"taxonomy":"product_brand","embeddable":true,"href":"https:\/\/turijnmagazijn.nl\/fr\/wp-json\/wp\/v2\/product_brand?post=71428"},{"taxonomy":"product_cat","embeddable":true,"href":"https:\/\/turijnmagazijn.nl\/fr\/wp-json\/wp\/v2\/product_cat?post=71428"},{"taxonomy":"product_tag","embeddable":true,"href":"https:\/\/turijnmagazijn.nl\/fr\/wp-json\/wp\/v2\/product_tag?post=71428"}],"curies":[{"name":"wp","href":"https:\/\/api.w.org\/{rel}","templated":true}]}}