{"id":71469,"date":"2023-09-01T21:21:26","date_gmt":"2023-09-01T19:21:26","guid":{"rendered":"https:\/\/turijnmagazijn.nl\/product\/joint-de-culasse-1-1-moteur-fire-fiat-panda-cinquecento-seicento\/"},"modified":"2024-04-28T19:37:01","modified_gmt":"2024-04-28T17:37:01","slug":"joint-de-culasse-1-1-pompier-fiat-panda-cinquecento-seicento","status":"publish","type":"product","link":"https:\/\/turijnmagazijn.nl\/fr\/produit\/joint-de-culasse-1-1-pompier-fiat-panda-cinquecento-seicento\/","title":{"rendered":"Joint de culasse 1.1 Moteur FIRE Fiat Panda Cinquecento Seicento"},"content":{"rendered":"<p>Nouveau joint de culasse d\u2019origine provenant d\u2019anciens stocks de concessionnaires. Applicable aux voitures \u00e9quip\u00e9es d\u2019un moteur FIRE de 1,1 litre. Applicable aux Fiat Panda 1, Fiat Seicento et Fiat Cinquecento. Inscriptions sur l\u2019emballage: 414556P<\/p>\n<p>CORTECO<\/p>\n<p>Bail<\/p>\n<p>414556P<\/p>\n<p>Joint de culasse Zylinderkopfdichtung<\/p>\n<p>Guarnizione T.C. Joint De Culasse<\/p>\n<p>FIAT LANCIA CINQUECENTO-PANDA<\/p>\n<p>MOT INCENDIE<\/p>\n<p>DS0108969<\/p>\n<p>1<\/p>\n<p>PC<\/p>\n<p>20\/13<\/p>\n<p>103554<\/p>\n<p>Culasse<\/p>\n<p>358964 145563<\/p>\n<p>Cinquecento (1992-1998)<\/p>\n<p>1.1 SP1Seicento (1938-&#8230;)<\/p>\n<p>1.1 SP<\/p>\n<p>1\/MP1Panda (1985-2003)<\/p>\n<p>1.0\/1.1Nuova Banda (20 VD1.01.06<\/p>\n<p>7640784<\/p>\n<p>016220B<\/p>\n<p>Technologies d\u2019\u00e9tanch\u00e9it\u00e9 Freudenberg<\/p>\n","protected":false},"excerpt":{"rendered":"<p>7640784 Nouveau joint de culasse d\u2019origine provenant d\u2019anciens stocks de concessionnaires. Applicable aux voitures \u00e9quip\u00e9es d\u2019un moteur FIRE de 1,1 litre. Applicable aux Fiat Panda 1, Fiat Seicento et Fiat Cinquecento. Inscriptions sur l\u2019emballage: 414556P<\/p>\n<p>CORTECO<\/p>\n<p>Bail<\/p>\n<p>414556P<\/p>\n<p>Joint de culasse Zylinderkopfdichtung<\/p>\n<p>Guarnizione T.C. Joint De Culasse<\/p>\n<p>FIAT LANCIA CINQUECENTO-PANDA<\/p>\n<p>MOT INCENDIE<\/p>\n<p>DS0108969<\/p>\n<p>1<\/p>\n<p>PC<\/p>\n<p>20\/13<\/p>\n<p>103554<\/p>\n<p>Culasse<\/p>\n<p>358964 145563<\/p>\n<p>Cinquecento (1992-1998)<\/p>\n<p>1.1 SP1Seicento (1938-&#8230;)<\/p>\n<p>1.1 SP<\/p>\n<p>1\/MP1Panda (1985-2003)<\/p>\n<p>1.0\/1.1Nuova Banda (20 VD1.01.06<\/p>\n<p>7640784<\/p>\n<p>016220B<\/p>\n<p>Technologies d\u2019\u00e9tanch\u00e9it\u00e9 Freudenberg<\/p>\n","protected":false},"featured_media":71943,"comment_status":"open","ping_status":"closed","template":"","meta":{"_acf_changed":false},"product_brand":[],"product_cat":[1713,1690,1741,1759],"product_tag":[],"class_list":{"0":"post-71469","1":"product","2":"type-product","3":"status-publish","4":"has-post-thumbnail","6":"product_cat-cinquecento-170-fr","7":"product_cat-fiat-fr","8":"product_cat-panda-1-141-fr","9":"product_cat-seicento-187-fr","10":"pa_soort-onderdeel-moteur-et-accessoires","12":"first","13":"instock","14":"shipping-taxable","15":"purchasable","16":"product-type-simple"},"acf":[],"yoast_head":"<!-- This site is optimized with the Yoast SEO plugin v27.3 - https:\/\/yoast.com\/product\/yoast-seo-wordpress\/ -->\n<title>Joint de culasse 1.1 Moteur FIRE Fiat Panda Cinquecento Seicento - Turijnmagazijn<\/title>\n<meta name=\"robots\" content=\"index, follow, max-snippet:-1, max-image-preview:large, max-video-preview:-1\" \/>\n<link rel=\"canonical\" href=\"https:\/\/turijnmagazijn.nl\/fr\/produit\/joint-de-culasse-1-1-pompier-fiat-panda-cinquecento-seicento\/\" \/>\n<meta property=\"og:locale\" content=\"fr_FR\" \/>\n<meta property=\"og:type\" content=\"article\" \/>\n<meta property=\"og:title\" content=\"Joint de culasse 1.1 Moteur FIRE Fiat Panda Cinquecento Seicento - Turijnmagazijn\" \/>\n<meta property=\"og:description\" content=\"7640784 Nouveau joint de culasse d\u2019origine provenant d\u2019anciens stocks de concessionnaires. Applicable aux voitures \u00e9quip\u00e9es d\u2019un moteur FIRE de 1,1 litre. Applicable aux Fiat Panda 1, Fiat Seicento et Fiat Cinquecento. Inscriptions sur l\u2019emballage: 414556P CORTECO Bail 414556P Joint de culasse Zylinderkopfdichtung Guarnizione T.C. Joint De Culasse FIAT LANCIA CINQUECENTO-PANDA MOT INCENDIE DS0108969 1 PC 20\/13 103554 Culasse 358964 145563 Cinquecento (1992-1998) 1.1 SP1Seicento (1938-...) 1.1 SP 1\/MP1Panda (1985-2003) 1.0\/1.1Nuova Banda (20 VD1.01.06 7640784 016220B Technologies d\u2019\u00e9tanch\u00e9it\u00e9 Freudenberg\" \/>\n<meta property=\"og:url\" content=\"https:\/\/turijnmagazijn.nl\/fr\/produit\/joint-de-culasse-1-1-pompier-fiat-panda-cinquecento-seicento\/\" \/>\n<meta property=\"og:site_name\" content=\"Turijnmagazijn\" \/>\n<meta property=\"article:publisher\" content=\"https:\/\/www.facebook.com\/turijnmagazijn\" \/>\n<meta property=\"article:modified_time\" content=\"2024-04-28T17:37:01+00:00\" \/>\n<meta property=\"og:image\" content=\"https:\/\/turijnmagazijn.nl\/wp-content\/uploads\/2023\/09\/DS0108969-Koppakking-1.1-FIRE-motor-Fiat-Panda-Cinquecento-Seicento-7640784-1.jpg\" \/>\n\t<meta property=\"og:image:width\" content=\"1024\" \/>\n\t<meta property=\"og:image:height\" content=\"768\" \/>\n\t<meta property=\"og:image:type\" content=\"image\/jpeg\" \/>\n<meta name=\"twitter:card\" content=\"summary_large_image\" \/>\n<script type=\"application\/ld+json\" class=\"yoast-schema-graph\">{\"@context\":\"https:\\\/\\\/schema.org\",\"@graph\":[{\"@type\":\"WebPage\",\"@id\":\"https:\\\/\\\/turijnmagazijn.nl\\\/fr\\\/produit\\\/joint-de-culasse-1-1-pompier-fiat-panda-cinquecento-seicento\\\/\",\"url\":\"https:\\\/\\\/turijnmagazijn.nl\\\/fr\\\/produit\\\/joint-de-culasse-1-1-pompier-fiat-panda-cinquecento-seicento\\\/\",\"name\":\"Joint de culasse 1.1 Moteur FIRE Fiat Panda Cinquecento Seicento - Turijnmagazijn\",\"isPartOf\":{\"@id\":\"https:\\\/\\\/turijnmagazijn.jumpstone-dev.nl\\\/#website\"},\"primaryImageOfPage\":{\"@id\":\"https:\\\/\\\/turijnmagazijn.nl\\\/fr\\\/produit\\\/joint-de-culasse-1-1-pompier-fiat-panda-cinquecento-seicento\\\/#primaryimage\"},\"image\":{\"@id\":\"https:\\\/\\\/turijnmagazijn.nl\\\/fr\\\/produit\\\/joint-de-culasse-1-1-pompier-fiat-panda-cinquecento-seicento\\\/#primaryimage\"},\"thumbnailUrl\":\"https:\\\/\\\/turijnmagazijn.nl\\\/wp-content\\\/uploads\\\/2023\\\/09\\\/DS0108969-Koppakking-1.1-FIRE-motor-Fiat-Panda-Cinquecento-Seicento-7640784-1.jpg\",\"datePublished\":\"2023-09-01T19:21:26+00:00\",\"dateModified\":\"2024-04-28T17:37:01+00:00\",\"breadcrumb\":{\"@id\":\"https:\\\/\\\/turijnmagazijn.nl\\\/fr\\\/produit\\\/joint-de-culasse-1-1-pompier-fiat-panda-cinquecento-seicento\\\/#breadcrumb\"},\"inLanguage\":\"fr-FR\",\"potentialAction\":[{\"@type\":\"ReadAction\",\"target\":[\"https:\\\/\\\/turijnmagazijn.nl\\\/fr\\\/produit\\\/joint-de-culasse-1-1-pompier-fiat-panda-cinquecento-seicento\\\/\"]}]},{\"@type\":\"ImageObject\",\"inLanguage\":\"fr-FR\",\"@id\":\"https:\\\/\\\/turijnmagazijn.nl\\\/fr\\\/produit\\\/joint-de-culasse-1-1-pompier-fiat-panda-cinquecento-seicento\\\/#primaryimage\",\"url\":\"https:\\\/\\\/turijnmagazijn.nl\\\/wp-content\\\/uploads\\\/2023\\\/09\\\/DS0108969-Koppakking-1.1-FIRE-motor-Fiat-Panda-Cinquecento-Seicento-7640784-1.jpg\",\"contentUrl\":\"https:\\\/\\\/turijnmagazijn.nl\\\/wp-content\\\/uploads\\\/2023\\\/09\\\/DS0108969-Koppakking-1.1-FIRE-motor-Fiat-Panda-Cinquecento-Seicento-7640784-1.jpg\",\"width\":1024,\"height\":768},{\"@type\":\"BreadcrumbList\",\"@id\":\"https:\\\/\\\/turijnmagazijn.nl\\\/fr\\\/produit\\\/joint-de-culasse-1-1-pompier-fiat-panda-cinquecento-seicento\\\/#breadcrumb\",\"itemListElement\":[{\"@type\":\"ListItem\",\"position\":1,\"name\":\"Home\",\"item\":\"https:\\\/\\\/turijnmagazijn.nl\\\/fr\\\/\"},{\"@type\":\"ListItem\",\"position\":2,\"name\":\"Produits\",\"item\":\"https:\\\/\\\/turijnmagazijn.nl\\\/fr\\\/shop\\\/\"},{\"@type\":\"ListItem\",\"position\":3,\"name\":\"Joint de culasse 1.1 Moteur FIRE Fiat Panda Cinquecento Seicento\"}]},{\"@type\":\"WebSite\",\"@id\":\"https:\\\/\\\/turijnmagazijn.jumpstone-dev.nl\\\/#website\",\"url\":\"https:\\\/\\\/turijnmagazijn.jumpstone-dev.nl\\\/\",\"name\":\"Turijnmagazijn\",\"description\":\"Onderdelen nieuw en gebruikt - Fiat &amp; Lancia\",\"publisher\":{\"@id\":\"https:\\\/\\\/turijnmagazijn.jumpstone-dev.nl\\\/#organization\"},\"potentialAction\":[{\"@type\":\"SearchAction\",\"target\":{\"@type\":\"EntryPoint\",\"urlTemplate\":\"https:\\\/\\\/turijnmagazijn.jumpstone-dev.nl\\\/?s={search_term_string}\"},\"query-input\":{\"@type\":\"PropertyValueSpecification\",\"valueRequired\":true,\"valueName\":\"search_term_string\"}}],\"inLanguage\":\"fr-FR\"},{\"@type\":\"Organization\",\"@id\":\"https:\\\/\\\/turijnmagazijn.jumpstone-dev.nl\\\/#organization\",\"name\":\"Turijnmagazijn\",\"url\":\"https:\\\/\\\/turijnmagazijn.jumpstone-dev.nl\\\/\",\"logo\":{\"@type\":\"ImageObject\",\"inLanguage\":\"fr-FR\",\"@id\":\"https:\\\/\\\/turijnmagazijn.jumpstone-dev.nl\\\/#\\\/schema\\\/logo\\\/image\\\/\",\"url\":\"https:\\\/\\\/turijnmagazijn.nl\\\/wp-content\\\/uploads\\\/2021\\\/02\\\/turijnmagazijnlogo.png\",\"contentUrl\":\"https:\\\/\\\/turijnmagazijn.nl\\\/wp-content\\\/uploads\\\/2021\\\/02\\\/turijnmagazijnlogo.png\",\"width\":555,\"height\":270,\"caption\":\"Turijnmagazijn\"},\"image\":{\"@id\":\"https:\\\/\\\/turijnmagazijn.jumpstone-dev.nl\\\/#\\\/schema\\\/logo\\\/image\\\/\"},\"sameAs\":[\"https:\\\/\\\/www.facebook.com\\\/turijnmagazijn\"]}]}<\/script>\n<!-- \/ Yoast SEO plugin. -->","yoast_head_json":{"title":"Joint de culasse 1.1 Moteur FIRE Fiat Panda Cinquecento Seicento - Turijnmagazijn","robots":{"index":"index","follow":"follow","max-snippet":"max-snippet:-1","max-image-preview":"max-image-preview:large","max-video-preview":"max-video-preview:-1"},"canonical":"https:\/\/turijnmagazijn.nl\/fr\/produit\/joint-de-culasse-1-1-pompier-fiat-panda-cinquecento-seicento\/","og_locale":"fr_FR","og_type":"article","og_title":"Joint de culasse 1.1 Moteur FIRE Fiat Panda Cinquecento Seicento - Turijnmagazijn","og_description":"7640784 Nouveau joint de culasse d\u2019origine provenant d\u2019anciens stocks de concessionnaires. Applicable aux voitures \u00e9quip\u00e9es d\u2019un moteur FIRE de 1,1 litre. Applicable aux Fiat Panda 1, Fiat Seicento et Fiat Cinquecento. Inscriptions sur l\u2019emballage: 414556P CORTECO Bail 414556P Joint de culasse Zylinderkopfdichtung Guarnizione T.C. Joint De Culasse FIAT LANCIA CINQUECENTO-PANDA MOT INCENDIE DS0108969 1 PC 20\/13 103554 Culasse 358964 145563 Cinquecento (1992-1998) 1.1 SP1Seicento (1938-...) 1.1 SP 1\/MP1Panda (1985-2003) 1.0\/1.1Nuova Banda (20 VD1.01.06 7640784 016220B Technologies d\u2019\u00e9tanch\u00e9it\u00e9 Freudenberg","og_url":"https:\/\/turijnmagazijn.nl\/fr\/produit\/joint-de-culasse-1-1-pompier-fiat-panda-cinquecento-seicento\/","og_site_name":"Turijnmagazijn","article_publisher":"https:\/\/www.facebook.com\/turijnmagazijn","article_modified_time":"2024-04-28T17:37:01+00:00","og_image":[{"width":1024,"height":768,"url":"https:\/\/turijnmagazijn.nl\/wp-content\/uploads\/2023\/09\/DS0108969-Koppakking-1.1-FIRE-motor-Fiat-Panda-Cinquecento-Seicento-7640784-1.jpg","type":"image\/jpeg"}],"twitter_card":"summary_large_image","schema":{"@context":"https:\/\/schema.org","@graph":[{"@type":"WebPage","@id":"https:\/\/turijnmagazijn.nl\/fr\/produit\/joint-de-culasse-1-1-pompier-fiat-panda-cinquecento-seicento\/","url":"https:\/\/turijnmagazijn.nl\/fr\/produit\/joint-de-culasse-1-1-pompier-fiat-panda-cinquecento-seicento\/","name":"Joint de culasse 1.1 Moteur FIRE Fiat Panda Cinquecento Seicento - Turijnmagazijn","isPartOf":{"@id":"https:\/\/turijnmagazijn.jumpstone-dev.nl\/#website"},"primaryImageOfPage":{"@id":"https:\/\/turijnmagazijn.nl\/fr\/produit\/joint-de-culasse-1-1-pompier-fiat-panda-cinquecento-seicento\/#primaryimage"},"image":{"@id":"https:\/\/turijnmagazijn.nl\/fr\/produit\/joint-de-culasse-1-1-pompier-fiat-panda-cinquecento-seicento\/#primaryimage"},"thumbnailUrl":"https:\/\/turijnmagazijn.nl\/wp-content\/uploads\/2023\/09\/DS0108969-Koppakking-1.1-FIRE-motor-Fiat-Panda-Cinquecento-Seicento-7640784-1.jpg","datePublished":"2023-09-01T19:21:26+00:00","dateModified":"2024-04-28T17:37:01+00:00","breadcrumb":{"@id":"https:\/\/turijnmagazijn.nl\/fr\/produit\/joint-de-culasse-1-1-pompier-fiat-panda-cinquecento-seicento\/#breadcrumb"},"inLanguage":"fr-FR","potentialAction":[{"@type":"ReadAction","target":["https:\/\/turijnmagazijn.nl\/fr\/produit\/joint-de-culasse-1-1-pompier-fiat-panda-cinquecento-seicento\/"]}]},{"@type":"ImageObject","inLanguage":"fr-FR","@id":"https:\/\/turijnmagazijn.nl\/fr\/produit\/joint-de-culasse-1-1-pompier-fiat-panda-cinquecento-seicento\/#primaryimage","url":"https:\/\/turijnmagazijn.nl\/wp-content\/uploads\/2023\/09\/DS0108969-Koppakking-1.1-FIRE-motor-Fiat-Panda-Cinquecento-Seicento-7640784-1.jpg","contentUrl":"https:\/\/turijnmagazijn.nl\/wp-content\/uploads\/2023\/09\/DS0108969-Koppakking-1.1-FIRE-motor-Fiat-Panda-Cinquecento-Seicento-7640784-1.jpg","width":1024,"height":768},{"@type":"BreadcrumbList","@id":"https:\/\/turijnmagazijn.nl\/fr\/produit\/joint-de-culasse-1-1-pompier-fiat-panda-cinquecento-seicento\/#breadcrumb","itemListElement":[{"@type":"ListItem","position":1,"name":"Home","item":"https:\/\/turijnmagazijn.nl\/fr\/"},{"@type":"ListItem","position":2,"name":"Produits","item":"https:\/\/turijnmagazijn.nl\/fr\/shop\/"},{"@type":"ListItem","position":3,"name":"Joint de culasse 1.1 Moteur FIRE Fiat Panda Cinquecento Seicento"}]},{"@type":"WebSite","@id":"https:\/\/turijnmagazijn.jumpstone-dev.nl\/#website","url":"https:\/\/turijnmagazijn.jumpstone-dev.nl\/","name":"Turijnmagazijn","description":"Onderdelen nieuw en gebruikt - Fiat &amp; Lancia","publisher":{"@id":"https:\/\/turijnmagazijn.jumpstone-dev.nl\/#organization"},"potentialAction":[{"@type":"SearchAction","target":{"@type":"EntryPoint","urlTemplate":"https:\/\/turijnmagazijn.jumpstone-dev.nl\/?s={search_term_string}"},"query-input":{"@type":"PropertyValueSpecification","valueRequired":true,"valueName":"search_term_string"}}],"inLanguage":"fr-FR"},{"@type":"Organization","@id":"https:\/\/turijnmagazijn.jumpstone-dev.nl\/#organization","name":"Turijnmagazijn","url":"https:\/\/turijnmagazijn.jumpstone-dev.nl\/","logo":{"@type":"ImageObject","inLanguage":"fr-FR","@id":"https:\/\/turijnmagazijn.jumpstone-dev.nl\/#\/schema\/logo\/image\/","url":"https:\/\/turijnmagazijn.nl\/wp-content\/uploads\/2021\/02\/turijnmagazijnlogo.png","contentUrl":"https:\/\/turijnmagazijn.nl\/wp-content\/uploads\/2021\/02\/turijnmagazijnlogo.png","width":555,"height":270,"caption":"Turijnmagazijn"},"image":{"@id":"https:\/\/turijnmagazijn.jumpstone-dev.nl\/#\/schema\/logo\/image\/"},"sameAs":["https:\/\/www.facebook.com\/turijnmagazijn"]}]}},"_links":{"self":[{"href":"https:\/\/turijnmagazijn.nl\/fr\/wp-json\/wp\/v2\/product\/71469","targetHints":{"allow":["GET"]}}],"collection":[{"href":"https:\/\/turijnmagazijn.nl\/fr\/wp-json\/wp\/v2\/product"}],"about":[{"href":"https:\/\/turijnmagazijn.nl\/fr\/wp-json\/wp\/v2\/types\/product"}],"replies":[{"embeddable":true,"href":"https:\/\/turijnmagazijn.nl\/fr\/wp-json\/wp\/v2\/comments?post=71469"}],"wp:featuredmedia":[{"embeddable":true,"href":"https:\/\/turijnmagazijn.nl\/fr\/wp-json\/wp\/v2\/media\/71943"}],"wp:attachment":[{"href":"https:\/\/turijnmagazijn.nl\/fr\/wp-json\/wp\/v2\/media?parent=71469"}],"wp:term":[{"taxonomy":"product_brand","embeddable":true,"href":"https:\/\/turijnmagazijn.nl\/fr\/wp-json\/wp\/v2\/product_brand?post=71469"},{"taxonomy":"product_cat","embeddable":true,"href":"https:\/\/turijnmagazijn.nl\/fr\/wp-json\/wp\/v2\/product_cat?post=71469"},{"taxonomy":"product_tag","embeddable":true,"href":"https:\/\/turijnmagazijn.nl\/fr\/wp-json\/wp\/v2\/product_tag?post=71469"}],"curies":[{"name":"wp","href":"https:\/\/api.w.org\/{rel}","templated":true}]}}